{"id":39904,"date":"2022-10-13T18:12:02","date_gmt":"2022-10-13T18:12:02","guid":{"rendered":"https:\/\/mavideniz.com.tr\/?page_id=39904"},"modified":"2022-10-13T18:12:06","modified_gmt":"2022-10-13T18:12:06","slug":"river-piege-a-litiere-flottant","status":"publish","type":"page","link":"https:\/\/mavideniz.com.tr\/fr\/produits-industriels\/barrage-petrolier-barriere\/rampe-de-dechets-rampe-de-debris\/river-piege-a-litiere-flottant\/","title":{"rendered":"River &#8211; Pi\u00e8ge \u00e0 liti\u00e8re flottant"},"content":{"rendered":"\n<p>Le pi\u00e8ge \u00e0 ordures flottant de rivi\u00e8re est con\u00e7u pour fonctionner dans n&rsquo;importe quelle rivi\u00e8re, eau en mouvement ou canal. Le Litter Trap se compose de deux rampes flottantes, d&rsquo;un cadre flottant et d&rsquo;une cage de collecte.<\/p>\n<p>Les rivi\u00e8res, en particulier, sont les principaux vecteurs de d\u00e9chets, d\u00e9tritus, d\u00e9chets et plastiques contre nos mers et oc\u00e9ans, qui sont devenus un grave probl\u00e8me environnemental. Plus de 95 % des d\u00e9chets des rivi\u00e8res flottent dans le premier m\u00e8tre sous la surface, et la plupart des d\u00e9chets ne sont utilis\u00e9s qu&rsquo;\u00e0 5 centim\u00e8tres sous la surface. En outre, les d\u00e9bris ne peuvent pas passer le pi\u00e8ge \u00e0 ordures de la rivi\u00e8re avec le barrage flottant. Les pi\u00e8ges \u00e0 ordures collectent les d\u00e9chets dans les cages des rivi\u00e8res avant d&rsquo;atteindre les mers et les oc\u00e9ans.<\/p>\n<p><strong>Caract\u00e9ristiques<\/strong><\/p>\n<ul>\n<li>Simple, facile \u00e0 installer et \u00e0 entretenir, \u00e9conomique<\/li>\n<li>Les petits plastiques ou les plastiques plus importants peuvent se collecter<\/li>\n<li>Cadre rigide avec bras flottants<\/li>\n<li>Des tailles et des sp\u00e9cifications personnalis\u00e9es sont disponibles pour vos besoins.<\/li>\n<\/ul>\n<div class=\"wptm_table tablesorter-bootstrap \" data-id=\"113\" data-hightlight=\"0\"><div class=\"wptm_buttons buttons_wptmTbl113\"><\/div><div class=\"wptmresponsive dataTables-wptmtable wptmtable \" id=\"wptmtable113\" data-tableid=\"wptmTbl113\"><table data-count-header=\"1\"  data-format-decimal_count=\"0\" data-format-decimal_symbol=\".\" data-format-symbol_position=\"0\" data-format-thousand_symbol=\",\"  data-format-currency_symbol=\"$\"  data-name-style=\"113_1759710808.css\" data-format=\"YYYY-MM-DD\" id=\"wptmTbl113\" data-id=\"113\" data-responsive=\"false\" data-hideCols=\"false\"  data-type=\"html\" data-paging=\"false\" data-searching=\"true\"  data-ordering=\"false\" data-table-breakpoint=\"980\" data-scroll-x=\"true\" data-scroll-collapse=\"true\" data-align=\"center\" data-range=\"[]\" data-hideColumn=\"[0,0,0,0]\"  data-colwidths=\"[285,285,285,285]\"  data-colwidths_desktop=[]  data-colwidths_tablet=[]  data-colwidths_mobile=[]  class=\"wptm_main_table  disablePager hideScrollHeader\"><colgroup><col data-dtr=\"0\" data-dtc=\"0\" class=\"dtc0\"><col data-dtr=\"0\" data-dtc=\"1\" class=\"dtc1\"><col data-dtr=\"0\" data-dtc=\"2\" class=\"dtc2\"><col data-dtr=\"0\" data-dtc=\"3\" class=\"dtc3\"><\/colgroup><thead><tr class=\"wptm-header-cells-index\"><th rowspan=\"1\" colspan=\"1\" data-dtr=\"0\" data-dtc=\"0\" class=\"dtr0 dtc0\"><\/th><th rowspan=\"1\" colspan=\"1\" data-dtr=\"0\" data-dtc=\"1\" class=\"dtr0 dtc1\"><\/th><th rowspan=\"1\" colspan=\"1\" data-dtr=\"0\" data-dtc=\"2\" class=\"dtr0 dtc2\"><\/th><th rowspan=\"1\" colspan=\"1\" data-dtr=\"0\" data-dtc=\"3\" class=\"dtr0 dtc3\"><\/th><\/tr><tr class=\" row0\"><th   data-priority=\"0\" class=\"dtr0 dtc0\"><\/th><th   data-priority=\"0\" class=\"dtr0 dtc1\">Floating Bin Small<\/th><th   data-priority=\"0\" class=\"dtr0 dtc2\">Floating Bin Medium<\/th><th   data-priority=\"0\" class=\"dtr0 dtc3\">Floating Bin Large<\/th><\/thead><tbody><tr class=\" row1\"><td    class=\"dtr1 dtc0\">Capacity<\/td><td    class=\"dtr1 dtc1\">4 m3<\/td><td    class=\"dtr1 dtc2\">10 m3<\/td><td    class=\"dtr1 dtc3\">15 m3<\/td><\/tr><tr class=\" row2\"><td    class=\"dtr2 dtc0\">Pontoon Material<\/td><td    class=\"dtr2 dtc1\">HDPE<\/td><td    class=\"dtr2 dtc2\">HDPE<\/td><td    class=\"dtr2 dtc3\">HDPE<\/td><\/tr><tr class=\" row3\"><td    class=\"dtr3 dtc0\">Garbage Basket Material<\/td><td    class=\"dtr3 dtc1\">Aluminium<\/td><td    class=\"dtr3 dtc2\">Aluminium<\/td><td    class=\"dtr3 dtc3\">Aluminium<\/td><\/tr><tr class=\" row4\"><td    class=\"dtr4 dtc0\">Garbage Bin Dumping<\/td><td  colspan=\"3\"   class=\"dtr4 dtc1\">Manually Operate a Release Mechanism (Standard) | Self Dumping Mechanism (Optional)<\/td><td  style=\"display: none\"   class=\"dtr4 dtc2\"><\/td><td  style=\"display: none\"   class=\"dtr4 dtc3\"><\/td><\/tr><tr class=\" row5\"><td    class=\"dtr5 dtc0\">Ballast<\/td><td    class=\"dtr5 dtc1\">Internal steel channel<\/td><td    class=\"dtr5 dtc2\">Internal steel channel<\/td><td    class=\"dtr5 dtc3\">Internal steel channel<\/td><\/tr><tr class=\" row6\"><td    class=\"dtr6 dtc0\">Walking Platform<\/td><td    class=\"dtr6 dtc1\">2 pcs<\/td><td    class=\"dtr6 dtc2\">2 pcs<\/td><td    class=\"dtr6 dtc3\">2 pcs<\/td><\/tr><tr class=\" row7\"><td    class=\"dtr7 dtc0\">Lifting Points<\/td><td    class=\"dtr7 dtc1\">Yes<\/td><td    class=\"dtr7 dtc2\">Yes<\/td><td    class=\"dtr7 dtc3\">Yes<\/td><\/tr><tr class=\" row8\"><td    class=\"dtr8 dtc0\">Trash Basket Dimension (m)<\/td><td    class=\"dtr8 dtc1\">2 x 2<\/td><td    class=\"dtr8 dtc2\">2.4 x 3.7<\/td><td    class=\"dtr8 dtc3\">3.6 x 6<\/td><\/tr><tr class=\" row9\"><td    class=\"dtr9 dtc0\">Section Length (m)<\/td><td    class=\"dtr9 dtc1\">25<\/td><td    class=\"dtr9 dtc2\">25<\/td><td    class=\"dtr9 dtc3\">25<\/td><\/tr><\/tbody><tfoot><tr><td class=\"dtr9 dtc0\" style=\"height: 0;\"><\/td><td class=\"dtr9 dtc1\" style=\"height: 0;\"><\/td><td class=\"dtr9 dtc2\" style=\"height: 0;\"><\/td><td class=\"dtr9 dtc3\" style=\"height: 0;\"><\/td><\/tr><\/tfoot><\/table><\/div><style>#wptmtable113 .dataTables_wrapper > .dataTables_scroll {max-height:500px;overflow: auto;}<\/style><script>window.wptm_ajaxurl = 'https:\/\/mavideniz.com.tr\/wp-admin\/admin-ajax.php?juwpfisadmin=false&action=Wptm&'; window.wptm_front = 'https:\/\/mavideniz.com.tr\/wp-content\/plugins\/wp-table-manager\/app\/site\/assets\/'; window.wptm_style = 'https:\/\/mavideniz.com.tr\/wp-content\/uploads\/wptm\/';<\/script><\/div><style><\/style>\n","protected":false},"excerpt":{"rendered":"<p>Le pi\u00e8ge \u00e0 ordures flottant de rivi\u00e8re est con\u00e7u pour fonctionner dans n&rsquo;importe quelle rivi\u00e8re, eau en mouvement ou canal. [&hellip;]<\/p>\n","protected":false},"author":1,"featured_media":0,"parent":39891,"menu_order":0,"comment_status":"closed","ping_status":"closed","template":"","meta":{"site-sidebar-layout":"default","site-content-layout":"","ast-site-content-layout":"default","site-content-style":"default","site-sidebar-style":"default","ast-global-header-display":"","ast-banner-title-visibility":"","ast-main-header-display":"","ast-hfb-above-header-display":"","ast-hfb-below-header-display":"","ast-hfb-mobile-header-display":"","site-post-title":"","ast-breadcrumbs-content":"","ast-featured-img":"","footer-sml-layout":"","ast-disable-related-posts":"","theme-transparent-header-meta":"","adv-header-id-meta":"","stick-header-meta":"","header-above-stick-meta":"","header-main-stick-meta":"","header-below-stick-meta":"","astra-migrate-meta-layouts":"default","ast-page-background-enabled":"default","ast-page-background-meta":{"desktop":{"background-color":"var(--ast-global-color-5)","background-image":"","background-repeat":"repeat","background-position":"center center","background-size":"auto","background-attachment":"scroll","background-type":"","background-media":"","overlay-type":"","overlay-color":"","overlay-opacity":"","overlay-gradient":""},"tablet":{"background-color":"","background-image":"","background-repeat":"repeat","background-position":"center center","background-size":"auto","background-attachment":"scroll","background-type":"","background-media":"","overlay-type":"","overlay-color":"","overlay-opacity":"","overlay-gradient":""},"mobile":{"background-color":"","background-image":"","background-repeat":"repeat","background-position":"center center","background-size":"auto","background-attachment":"scroll","background-type":"","background-media":"","overlay-type":"","overlay-color":"","overlay-opacity":"","overlay-gradient":""}},"ast-content-background-meta":{"desktop":{"background-color":"var(--ast-global-color-4)","background-image":"","background-repeat":"repeat","background-position":"center center","background-size":"auto","background-attachment":"scroll","background-type":"","background-media":"","overlay-type":"","overlay-color":"","overlay-opacity":"","overlay-gradient":""},"tablet":{"background-color":"var(--ast-global-color-4)","background-image":"","background-repeat":"repeat","background-position":"center center","background-size":"auto","background-attachment":"scroll","background-type":"","background-media":"","overlay-type":"","overlay-color":"","overlay-opacity":"","overlay-gradient":""},"mobile":{"background-color":"var(--ast-global-color-4)","background-image":"","background-repeat":"repeat","background-position":"center center","background-size":"auto","background-attachment":"scroll","background-type":"","background-media":"","overlay-type":"","overlay-color":"","overlay-opacity":"","overlay-gradient":""}},"footnotes":""},"class_list":["post-39904","page","type-page","status-publish","hentry"],"_links":{"self":[{"href":"https:\/\/mavideniz.com.tr\/fr\/wp-json\/wp\/v2\/pages\/39904","targetHints":{"allow":["GET"]}}],"collection":[{"href":"https:\/\/mavideniz.com.tr\/fr\/wp-json\/wp\/v2\/pages"}],"about":[{"href":"https:\/\/mavideniz.com.tr\/fr\/wp-json\/wp\/v2\/types\/page"}],"author":[{"embeddable":true,"href":"https:\/\/mavideniz.com.tr\/fr\/wp-json\/wp\/v2\/users\/1"}],"replies":[{"embeddable":true,"href":"https:\/\/mavideniz.com.tr\/fr\/wp-json\/wp\/v2\/comments?post=39904"}],"version-history":[{"count":0,"href":"https:\/\/mavideniz.com.tr\/fr\/wp-json\/wp\/v2\/pages\/39904\/revisions"}],"up":[{"embeddable":true,"href":"https:\/\/mavideniz.com.tr\/fr\/wp-json\/wp\/v2\/pages\/39891"}],"wp:attachment":[{"href":"https:\/\/mavideniz.com.tr\/fr\/wp-json\/wp\/v2\/media?parent=39904"}],"curies":[{"name":"wp","href":"https:\/\/api.w.org\/{rel}","templated":true}]}}