{"id":39909,"date":"2022-10-13T18:15:47","date_gmt":"2022-10-13T18:15:47","guid":{"rendered":"https:\/\/mavideniz.com.tr\/?page_id=39909"},"modified":"2024-05-05T18:59:36","modified_gmt":"2024-05-05T18:59:36","slug":"barriere-de-riviere","status":"publish","type":"page","link":"https:\/\/mavideniz.com.tr\/fr\/produits-industriels\/barrage-petrolier-barriere\/rampe-de-dechets-rampe-de-debris\/barriere-de-riviere\/","title":{"rendered":"Barri\u00e8re anti-d\u00e9chets fluviale"},"content":{"rendered":"\n<p>La barri\u00e8re anti-d\u00e9chets de Mavideniz est con\u00e7ue pour pr\u00e9venir la pollution de l&rsquo;eau. La Barri\u00e8re \u00e0 D\u00e9chets contient tous les d\u00e9chets et d\u00e9bris flottants qui s&rsquo;arr\u00eatent, contr\u00f4lent et collectent les d\u00e9chets et d\u00e9bris. Trash Barrier est id\u00e9al pour une installation permanente dans les centrales hydro\u00e9lectriques (HES), les bras de mar\u00e9e, les rivi\u00e8res, les ports et les barrages.<\/p>\n<p>Barri\u00e8re de poubelle Boom est une barri\u00e8re tr\u00e8s durable, \u00e0 faible entretien. Fabriquer des mat\u00e9riaux robustes pour r\u00e9sister aux effets durs de l&rsquo;abrasion, des UV, de l&rsquo;huile et de la d\u00e9gradation marine. Les filets HDPE robustes peuvent s&rsquo;ajouter en dessous pour fournir l&rsquo;arr\u00eat ultime des d\u00e9chets et une hauteur accrue sous le niveau de l&rsquo;eau. Des poids de plomb ballast trash Barrier ou une cha\u00eene galvanis\u00e9e peuvent \u00eatre plac\u00e9s sous chaque paire de flotteurs. Les connecteurs ASTM sont fournis de s\u00e9rie \u00e0 la fin de chaque section.<\/p>\n<p>Les flotteurs en poly\u00e9thyl\u00e8ne robuste moul\u00e9s de Trash Barrier Boom se fixent au tissu de base en caoutchouc par des raccords r\u00e9sistant \u00e0 la corrosion. Les flotteurs robustes peuvent \u00eatre remplis de mousse en option pour fournir une fiabilit\u00e9 ultime et augmenter la flottabilit\u00e9. Les flotteurs peuvent se d\u00e9boulonner du tissu de base pour le nettoyage, et s&rsquo;ils sont n\u00e9cessairement endommag\u00e9s, les flotteurs peuvent \u00eatre remplac\u00e9s. Des boulons d&rsquo;ancrage peuvent \u00eatre pr\u00e9vus \u00e0 intervalles r\u00e9guliers \u00e0 proximit\u00e9 des flotteurs ou des connecteurs d&rsquo;extr\u00e9mit\u00e9.<\/p>\n<p><strong>Caract\u00e9ristiques<\/strong><\/p>\n<ul>\n<li>Toutes les pi\u00e8ces de la barri\u00e8re \u00e0 ordures et de la rampe \u00e0 d\u00e9bris sont conformes aux normes internationales ASTM-Z.<\/li>\n<li>Trash Barrier est tr\u00e8s durable \u00e0 l&rsquo;eau et \u00e0 la lumi\u00e8re du soleil.<\/li>\n<li>Les poids de plomb sont sous la barri\u00e8re.<\/li>\n<li>Les barri\u00e8res \u00e0 ordures peuvent se d\u00e9placer en raison de la mar\u00e9e haute et de la mar\u00e9e basse de l&rsquo;eau.<\/li>\n<li>Mat\u00e9riau barri\u00e8re construit \u00e0 partir de caoutchouc<\/li>\n<li>La r\u00e9sistance \u00e0 la traction du mat\u00e9riau barri\u00e8re est de 400 kg\/cm.<\/li>\n<li>Pour les situations de d\u00e9bris extr\u00eames, fil d&rsquo;acier sp\u00e9cial \u00e0 haute r\u00e9sistance<\/li>\n<\/ul>\n<div class=\"wptm_table tablesorter-bootstrap \" data-id=\"40\" data-hightlight=\"0\"><div class=\"wptm_buttons buttons_wptmTbl40\"><\/div><div class=\"wptmresponsive dataTables-wptmtable wptmtable \" id=\"wptmtable40\" data-tableid=\"wptmTbl40\"><table data-count-header=\"1\"  data-format-decimal_count=\"0\" data-format-decimal_symbol=\".\" data-format-symbol_position=\"0\" data-format-thousand_symbol=\",\"  data-format-currency_symbol=\"$\"  data-name-style=\"40_1759661875.css\" data-format=\"YYYY-MM-DD\" id=\"wptmTbl40\" data-id=\"40\" data-responsive=\"false\" data-hideCols=\"false\"  data-type=\"html\" data-paging=\"false\" data-searching=\"true\"  data-ordering=\"false\" data-table-breakpoint=\"980\" data-scroll-x=\"true\" data-scroll-collapse=\"true\" data-align=\"center\" data-range=\"[]\" data-hideColumn=\"[0,0,0,0]\"  data-colwidths=\"[285,285,285,285]\"  data-colwidths_desktop=[]  data-colwidths_tablet=[]  data-colwidths_mobile=[]  class=\"wptm_main_table  disablePager hideScrollHeader\"><colgroup><col data-dtr=\"0\" data-dtc=\"0\" class=\"dtc0\"><col data-dtr=\"0\" data-dtc=\"1\" class=\"dtc1\"><col data-dtr=\"0\" data-dtc=\"2\" class=\"dtc2\"><col data-dtr=\"0\" data-dtc=\"3\" class=\"dtc3\"><\/colgroup><thead><tr class=\"wptm-header-cells-index\"><th rowspan=\"1\" colspan=\"1\" data-dtr=\"0\" data-dtc=\"0\" class=\"dtr0 dtc0\"><\/th><th rowspan=\"1\" colspan=\"1\" data-dtr=\"0\" data-dtc=\"1\" class=\"dtr0 dtc1\"><\/th><th rowspan=\"1\" colspan=\"1\" data-dtr=\"0\" data-dtc=\"2\" class=\"dtr0 dtc2\"><\/th><th rowspan=\"1\" colspan=\"1\" data-dtr=\"0\" data-dtc=\"3\" class=\"dtr0 dtc3\"><\/th><\/tr><tr class=\" row0\"><th   data-priority=\"0\" class=\"dtr0 dtc0\"><\/th><th   data-priority=\"0\" class=\"dtr0 dtc1\">River Trash Barrier 500<\/th><th   data-priority=\"0\" class=\"dtr0 dtc2\">River Trash Barrier 800<\/th><th   data-priority=\"0\" class=\"dtr0 dtc3\">River Trash Barrier 1000<\/th><\/thead><tbody><tr class=\" row1\"><td    class=\"dtr1 dtc0\">Overall height<\/td><td    class=\"dtr1 dtc1\">500 mm<\/td><td    class=\"dtr1 dtc2\">800 mm<\/td><td    class=\"dtr1 dtc3\">1000 mm<\/td><\/tr><tr class=\" row2\"><td    class=\"dtr2 dtc0\">Freeboard<\/td><td    class=\"dtr2 dtc1\">200 mm<\/td><td    class=\"dtr2 dtc2\">250 mm<\/td><td    class=\"dtr2 dtc3\">300 mm<\/td><\/tr><tr class=\" row3\"><td    class=\"dtr3 dtc0\">Draft<\/td><td    class=\"dtr3 dtc1\">300 mm<\/td><td    class=\"dtr3 dtc2\">550 mm<\/td><td    class=\"dtr3 dtc3\">700 mm<\/td><\/tr><tr class=\" row4\"><td    class=\"dtr4 dtc0\">Section Length<\/td><td    class=\"dtr4 dtc1\">25 m<\/td><td    class=\"dtr4 dtc2\">25 m<\/td><td    class=\"dtr4 dtc3\">25 m<\/td><\/tr><tr class=\" row5\"><td    class=\"dtr5 dtc0\">Fabric Tensile Strength<\/td><td    class=\"dtr5 dtc1\">400 N \/ mm<\/td><td    class=\"dtr5 dtc2\">400 N \/ mm<\/td><td    class=\"dtr5 dtc3\">400 N \/ mm<\/td><\/tr><tr class=\" row6\"><td    class=\"dtr6 dtc0\">Fabric Type<\/td><td    class=\"dtr6 dtc1\">Heavy-Duty Rubber<\/td><td    class=\"dtr6 dtc2\">Heavy-Duty Rubber<\/td><td    class=\"dtr6 dtc3\">Heavy-Duty Rubber<\/td><\/tr><tr class=\" row7\"><td    class=\"dtr7 dtc0\">Fabric Color<\/td><td    class=\"dtr7 dtc1\">Black<\/td><td    class=\"dtr7 dtc2\">Black<\/td><td    class=\"dtr7 dtc3\">Black<\/td><\/tr><tr class=\" row8\"><td    class=\"dtr8 dtc0\">Flotation Color <\/td><td    class=\"dtr8 dtc1\">Yellow \/ Orange \/ Red<\/td><td    class=\"dtr8 dtc2\">Yellow \/ Orange \/ Red<\/td><td    class=\"dtr8 dtc3\">Yellow \/ Orange \/ Red<\/td><\/tr><tr class=\" row9\"><td    class=\"dtr9 dtc0\">Ballast<\/td><td    class=\"dtr9 dtc1\">Galvanized Chain<\/td><td    class=\"dtr9 dtc2\">Galvanized Chain<\/td><td    class=\"dtr9 dtc3\">Galvanized Chain<\/td><\/tr><tr class=\" row10\"><td    class=\"dtr10 dtc0\">Connector<\/td><td    class=\"dtr10 dtc1\">ASTM Z<\/td><td    class=\"dtr10 dtc2\">ASTM Z<\/td><td    class=\"dtr10 dtc3\">ASTM Z<\/td><\/tr><\/tbody><tfoot><tr><td class=\"dtr10 dtc0\" style=\"height: 0;\"><\/td><td class=\"dtr10 dtc1\" style=\"height: 0;\"><\/td><td class=\"dtr10 dtc2\" style=\"height: 0;\"><\/td><td class=\"dtr10 dtc3\" style=\"height: 0;\"><\/td><\/tr><\/tfoot><\/table><\/div><style>#wptmtable40 .dataTables_wrapper > .dataTables_scroll {max-height:500px;overflow: auto;}<\/style><script>window.wptm_ajaxurl = 'https:\/\/mavideniz.com.tr\/wp-admin\/admin-ajax.php?juwpfisadmin=false&action=Wptm&'; window.wptm_front = 'https:\/\/mavideniz.com.tr\/wp-content\/plugins\/wp-table-manager\/app\/site\/assets\/'; window.wptm_style = 'https:\/\/mavideniz.com.tr\/wp-content\/uploads\/wptm\/';<\/script><\/div><style><\/style>\n","protected":false},"excerpt":{"rendered":"<p>La barri\u00e8re anti-d\u00e9chets de Mavideniz est con\u00e7ue pour pr\u00e9venir la pollution de l&rsquo;eau. La Barri\u00e8re \u00e0 D\u00e9chets contient tous les [&hellip;]<\/p>\n","protected":false},"author":1,"featured_media":0,"parent":39891,"menu_order":0,"comment_status":"closed","ping_status":"closed","template":"","meta":{"site-sidebar-layout":"default","site-content-layout":"","ast-site-content-layout":"default","site-content-style":"default","site-sidebar-style":"default","ast-global-header-display":"","ast-banner-title-visibility":"","ast-main-header-display":"","ast-hfb-above-header-display":"","ast-hfb-below-header-display":"","ast-hfb-mobile-header-display":"","site-post-title":"","ast-breadcrumbs-content":"","ast-featured-img":"","footer-sml-layout":"","ast-disable-related-posts":"","theme-transparent-header-meta":"","adv-header-id-meta":"","stick-header-meta":"","header-above-stick-meta":"","header-main-stick-meta":"","header-below-stick-meta":"","astra-migrate-meta-layouts":"default","ast-page-background-enabled":"default","ast-page-background-meta":{"desktop":{"background-color":"var(--ast-global-color-5)","background-image":"","background-repeat":"repeat","background-position":"center center","background-size":"auto","background-attachment":"scroll","background-type":"","background-media":"","overlay-type":"","overlay-color":"","overlay-opacity":"","overlay-gradient":""},"tablet":{"background-color":"","background-image":"","background-repeat":"repeat","background-position":"center center","background-size":"auto","background-attachment":"scroll","background-type":"","background-media":"","overlay-type":"","overlay-color":"","overlay-opacity":"","overlay-gradient":""},"mobile":{"background-color":"","background-image":"","background-repeat":"repeat","background-position":"center center","background-size":"auto","background-attachment":"scroll","background-type":"","background-media":"","overlay-type":"","overlay-color":"","overlay-opacity":"","overlay-gradient":""}},"ast-content-background-meta":{"desktop":{"background-color":"var(--ast-global-color-4)","background-image":"","background-repeat":"repeat","background-position":"center center","background-size":"auto","background-attachment":"scroll","background-type":"","background-media":"","overlay-type":"","overlay-color":"","overlay-opacity":"","overlay-gradient":""},"tablet":{"background-color":"var(--ast-global-color-4)","background-image":"","background-repeat":"repeat","background-position":"center center","background-size":"auto","background-attachment":"scroll","background-type":"","background-media":"","overlay-type":"","overlay-color":"","overlay-opacity":"","overlay-gradient":""},"mobile":{"background-color":"var(--ast-global-color-4)","background-image":"","background-repeat":"repeat","background-position":"center center","background-size":"auto","background-attachment":"scroll","background-type":"","background-media":"","overlay-type":"","overlay-color":"","overlay-opacity":"","overlay-gradient":""}},"footnotes":""},"class_list":["post-39909","page","type-page","status-publish","hentry"],"_links":{"self":[{"href":"https:\/\/mavideniz.com.tr\/fr\/wp-json\/wp\/v2\/pages\/39909","targetHints":{"allow":["GET"]}}],"collection":[{"href":"https:\/\/mavideniz.com.tr\/fr\/wp-json\/wp\/v2\/pages"}],"about":[{"href":"https:\/\/mavideniz.com.tr\/fr\/wp-json\/wp\/v2\/types\/page"}],"author":[{"embeddable":true,"href":"https:\/\/mavideniz.com.tr\/fr\/wp-json\/wp\/v2\/users\/1"}],"replies":[{"embeddable":true,"href":"https:\/\/mavideniz.com.tr\/fr\/wp-json\/wp\/v2\/comments?post=39909"}],"version-history":[{"count":0,"href":"https:\/\/mavideniz.com.tr\/fr\/wp-json\/wp\/v2\/pages\/39909\/revisions"}],"up":[{"embeddable":true,"href":"https:\/\/mavideniz.com.tr\/fr\/wp-json\/wp\/v2\/pages\/39891"}],"wp:attachment":[{"href":"https:\/\/mavideniz.com.tr\/fr\/wp-json\/wp\/v2\/media?parent=39909"}],"curies":[{"name":"wp","href":"https:\/\/api.w.org\/{rel}","templated":true}]}}