{"id":39913,"date":"2022-10-13T18:18:31","date_gmt":"2022-10-13T18:18:31","guid":{"rendered":"https:\/\/mavideniz.com.tr\/?page_id=39913"},"modified":"2022-10-13T18:18:35","modified_gmt":"2022-10-13T18:18:35","slug":"piscine-de-protection-contre-les-meduses-pour-yacht","status":"publish","type":"page","link":"https:\/\/mavideniz.com.tr\/fr\/produits-industriels\/barrage-petrolier-barriere\/piscine-de-protection-contre-les-meduses-pour-yacht\/","title":{"rendered":"Piscine de protection contre les m\u00e9duses pour yacht"},"content":{"rendered":"\n<p>Mavi Deniz Yacht Jellyfish Protection Pool est une zone s\u00fbre et s\u00e9curis\u00e9e pour les enfants et les adultes pour nager loin des m\u00e9duses et d&rsquo;autres cr\u00e9atures marines ind\u00e9sirables.<\/p>\n<p>Yacht Jellyfish Protection Pool est une barri\u00e8re gonflable antid\u00e9rapante en PVC id\u00e9ale pour les bateaux, yachts, voiliers et catamarans. Les dimensions s&rsquo;adaptent \u00e0 vos besoins.<\/p>\n<p>Le bassin de m\u00e9duses est rapide, s\u00fbr et facile \u00e0 installer, occupant un espace minimal \u00e0 bord pour le stockage.<\/p>\n<p><strong>Temps D&rsquo;\u00c9tablissement<\/strong><\/p>\n<ul>\n<li>Inflation Moins de 2 minutes<\/li>\n<li>D\u00e9gonfl\u00e9 en moins de 3 minutes<\/li>\n<li>Pli\u00e9 en moins de 2 minutes.<\/li>\n<\/ul>\n<p><strong>Caract\u00e9ristiques<\/strong><\/p>\n<ul>\n<li>Poids d&rsquo;environ 20 kg.<\/li>\n<li>R\u00e9sistant \u00e0 la mer et aux UV<\/li>\n<li>La taille peut \u00eatre personnalisable jusqu&rsquo;\u00e0 64 m2 pour huit personnes.<\/li>\n<li>Profondeur personnalisable jusqu&rsquo;\u00e0 3 mt.<\/li>\n<li>Peut marcher dans la piscine<\/li>\n<li>Couleur personnalis\u00e9e pour vous.<\/li>\n<li>Garantie 3 ans.<\/li>\n<\/ul>\n<div class=\"wptm_table tablesorter-bootstrap \" data-id=\"134\" data-hightlight=\"0\"><div class=\"wptm_buttons buttons_wptmTbl134\"><\/div><div class=\"wptmresponsive dataTables-wptmtable wptmtable \" id=\"wptmtable134\" data-tableid=\"wptmTbl134\"><table data-count-header=\"1\"  data-format-decimal_count=\"0\" data-format-decimal_symbol=\".\" data-format-symbol_position=\"0\" data-format-thousand_symbol=\",\"  data-format-currency_symbol=\"$\"  data-name-style=\"134_1759660624.css\" data-format=\"YYYY-MM-DD\" id=\"wptmTbl134\" data-id=\"134\" data-responsive=\"false\" data-hideCols=\"false\"  data-type=\"html\" data-paging=\"false\" data-searching=\"true\"  data-ordering=\"false\" data-table-breakpoint=\"980\" data-scroll-x=\"true\" data-scroll-collapse=\"true\" data-align=\"center\" data-range=\"[]\" data-hideColumn=\"[0,0,0,0,0,0]\"  data-colwidths=\"[190,190,190,190,190,190]\"  data-colwidths_desktop=[]  data-colwidths_tablet=[]  data-colwidths_mobile=[]  class=\"wptm_main_table  disablePager hideScrollHeader\"><colgroup><col data-dtr=\"0\" data-dtc=\"0\" class=\"dtc0\"><col data-dtr=\"0\" data-dtc=\"1\" class=\"dtc1\"><col data-dtr=\"0\" data-dtc=\"2\" class=\"dtc2\"><col data-dtr=\"0\" data-dtc=\"3\" class=\"dtc3\"><col data-dtr=\"0\" data-dtc=\"4\" class=\"dtc4\"><col data-dtr=\"0\" data-dtc=\"5\" class=\"dtc5\"><\/colgroup><thead><tr class=\"wptm-header-cells-index\"><th rowspan=\"1\" colspan=\"1\" data-dtr=\"0\" data-dtc=\"0\" class=\"dtr0 dtc0\"><\/th><th rowspan=\"1\" colspan=\"1\" data-dtr=\"0\" data-dtc=\"1\" class=\"dtr0 dtc1\"><\/th><th rowspan=\"1\" colspan=\"1\" data-dtr=\"0\" data-dtc=\"2\" class=\"dtr0 dtc2\"><\/th><th rowspan=\"1\" colspan=\"1\" data-dtr=\"0\" data-dtc=\"3\" class=\"dtr0 dtc3\"><\/th><th rowspan=\"1\" colspan=\"1\" data-dtr=\"0\" data-dtc=\"4\" class=\"dtr0 dtc4\"><\/th><th rowspan=\"1\" colspan=\"1\" data-dtr=\"0\" data-dtc=\"5\" class=\"dtr0 dtc5\"><\/th><\/tr><tr class=\" row0\"><th   data-priority=\"0\" class=\"dtr0 dtc0\"><\/th><th   data-priority=\"0\" class=\"dtr0 dtc1\">JELLYFISH Pool XL<\/th><th   data-priority=\"0\" class=\"dtr0 dtc2\">JELLYFISH Pool L<\/th><th   data-priority=\"0\" class=\"dtr0 dtc3\">JELLYFISH Pool M<\/th><th   data-priority=\"0\" class=\"dtr0 dtc4\">JELLYFISH Pool N<\/th><th   data-priority=\"0\" class=\"dtr0 dtc5\">JELLYFISH Pool S<\/th><\/thead><tbody><tr class=\" row1\"><td    class=\"dtr1 dtc0\">Usage Area<\/td><td    class=\"dtr1 dtc1\">Yacht length over 25 m<\/td><td    class=\"dtr1 dtc2\">Yacht length from 17 - 25 m<\/td><td    class=\"dtr1 dtc3\">Yacht length from 12 - 16 m<\/td><td    class=\"dtr1 dtc4\">Yacht length up to 12 m<\/td><td    class=\"dtr1 dtc5\">Small Yacht\u00a0<\/td><\/tr><tr class=\" row2\"><td    class=\"dtr2 dtc0\">Lenght<\/td><td    class=\"dtr2 dtc1\">6 m<\/td><td    class=\"dtr2 dtc2\">5 m<\/td><td    class=\"dtr2 dtc3\">4 m<\/td><td    class=\"dtr2 dtc4\">4 m<\/td><td    class=\"dtr2 dtc5\">3 m<\/td><\/tr><tr class=\" row3\"><td    class=\"dtr3 dtc0\">Width<\/td><td    class=\"dtr3 dtc1\">5 m<\/td><td    class=\"dtr3 dtc2\">4 m<\/td><td    class=\"dtr3 dtc3\">3 m<\/td><td    class=\"dtr3 dtc4\">2 m<\/td><td    class=\"dtr3 dtc5\">2 m<\/td><\/tr><tr class=\" row4\"><td    class=\"dtr4 dtc0\">Depth<\/td><td    class=\"dtr4 dtc1\">2.2 m<\/td><td    class=\"dtr4 dtc2\">2 m<\/td><td    class=\"dtr4 dtc3\">1.5 m<\/td><td    class=\"dtr4 dtc4\">1.0 m<\/td><td    class=\"dtr4 dtc5\">0.5 m<\/td><\/tr><tr class=\" row5\"><td    class=\"dtr5 dtc0\">Total Area<\/td><td    class=\"dtr5 dtc1\">30 m2<\/td><td    class=\"dtr5 dtc2\">20 m2<\/td><td    class=\"dtr5 dtc3\">12 m2<\/td><td    class=\"dtr5 dtc4\">8 m2<\/td><td    class=\"dtr5 dtc5\">6 m2<\/td><\/tr><tr class=\" row6\"><td    class=\"dtr6 dtc0\">Material<\/td><td    class=\"dtr6 dtc1\">PVC<\/td><td    class=\"dtr6 dtc2\">PVC<\/td><td    class=\"dtr6 dtc3\">PVC<\/td><td    class=\"dtr6 dtc4\">PVC<\/td><td    class=\"dtr6 dtc5\">PVC<\/td><\/tr><tr class=\" row7\"><td    class=\"dtr7 dtc0\">Pool Type<\/td><td    class=\"dtr7 dtc1\">Inflatable \/ Air<\/td><td    class=\"dtr7 dtc2\">Inflatable \/ Air<\/td><td    class=\"dtr7 dtc3\">Inflatable \/ Air<\/td><td    class=\"dtr7 dtc4\">Inflatable \/ Air<\/td><td    class=\"dtr7 dtc5\">Inflatable \/ Air<\/td><\/tr><tr class=\" row8\"><td    class=\"dtr8 dtc0\">Weight<\/td><td    class=\"dtr8 dtc1\">25 kg<\/td><td    class=\"dtr8 dtc2\">24 kg<\/td><td    class=\"dtr8 dtc3\">22 kg<\/td><td    class=\"dtr8 dtc4\">20 kg<\/td><td    class=\"dtr8 dtc5\">19 kg<\/td><\/tr><tr class=\" row9\"><td    class=\"dtr9 dtc0\">Inflation & Deflation Time<\/td><td    class=\"dtr9 dtc1\">5 - 4 minutes<\/td><td    class=\"dtr9 dtc2\">5 - 4 minutes<\/td><td    class=\"dtr9 dtc3\">4 - 3 minutes<\/td><td    class=\"dtr9 dtc4\">4- 3 minutes<\/td><td    class=\"dtr9 dtc5\">3 - 2 minutes<\/td><\/tr><\/tbody><tfoot><tr><td class=\"dtr9 dtc0\" style=\"height: 0;\"><\/td><td class=\"dtr9 dtc1\" style=\"height: 0;\"><\/td><td class=\"dtr9 dtc2\" style=\"height: 0;\"><\/td><td class=\"dtr9 dtc3\" style=\"height: 0;\"><\/td><td class=\"dtr9 dtc4\" style=\"height: 0;\"><\/td><td class=\"dtr9 dtc5\" style=\"height: 0;\"><\/td><\/tr><\/tfoot><\/table><\/div><style>#wptmtable134 .dataTables_wrapper > .dataTables_scroll {max-height:500px;overflow: auto;}<\/style><script>window.wptm_ajaxurl = 'https:\/\/mavideniz.com.tr\/wp-admin\/admin-ajax.php?juwpfisadmin=false&action=Wptm&'; window.wptm_front = 'https:\/\/mavideniz.com.tr\/wp-content\/plugins\/wp-table-manager\/app\/site\/assets\/'; window.wptm_style = 'https:\/\/mavideniz.com.tr\/wp-content\/uploads\/wptm\/';<\/script><\/div><style><\/style>\n","protected":false},"excerpt":{"rendered":"<p>Mavi Deniz Yacht Jellyfish Protection Pool est une zone s\u00fbre et s\u00e9curis\u00e9e pour les enfants et les adultes pour nager [&hellip;]<\/p>\n","protected":false},"author":1,"featured_media":0,"parent":39666,"menu_order":0,"comment_status":"closed","ping_status":"closed","template":"","meta":{"site-sidebar-layout":"default","site-content-layout":"","ast-site-content-layout":"default","site-content-style":"default","site-sidebar-style":"default","ast-global-header-display":"","ast-banner-title-visibility":"","ast-main-header-display":"","ast-hfb-above-header-display":"","ast-hfb-below-header-display":"","ast-hfb-mobile-header-display":"","site-post-title":"","ast-breadcrumbs-content":"","ast-featured-img":"","footer-sml-layout":"","ast-disable-related-posts":"","theme-transparent-header-meta":"","adv-header-id-meta":"","stick-header-meta":"","header-above-stick-meta":"","header-main-stick-meta":"","header-below-stick-meta":"","astra-migrate-meta-layouts":"default","ast-page-background-enabled":"default","ast-page-background-meta":{"desktop":{"background-color":"var(--ast-global-color-5)","background-image":"","background-repeat":"repeat","background-position":"center center","background-size":"auto","background-attachment":"scroll","background-type":"","background-media":"","overlay-type":"","overlay-color":"","overlay-opacity":"","overlay-gradient":""},"tablet":{"background-color":"","background-image":"","background-repeat":"repeat","background-position":"center center","background-size":"auto","background-attachment":"scroll","background-type":"","background-media":"","overlay-type":"","overlay-color":"","overlay-opacity":"","overlay-gradient":""},"mobile":{"background-color":"","background-image":"","background-repeat":"repeat","background-position":"center center","background-size":"auto","background-attachment":"scroll","background-type":"","background-media":"","overlay-type":"","overlay-color":"","overlay-opacity":"","overlay-gradient":""}},"ast-content-background-meta":{"desktop":{"background-color":"var(--ast-global-color-4)","background-image":"","background-repeat":"repeat","background-position":"center center","background-size":"auto","background-attachment":"scroll","background-type":"","background-media":"","overlay-type":"","overlay-color":"","overlay-opacity":"","overlay-gradient":""},"tablet":{"background-color":"var(--ast-global-color-4)","background-image":"","background-repeat":"repeat","background-position":"center center","background-size":"auto","background-attachment":"scroll","background-type":"","background-media":"","overlay-type":"","overlay-color":"","overlay-opacity":"","overlay-gradient":""},"mobile":{"background-color":"var(--ast-global-color-4)","background-image":"","background-repeat":"repeat","background-position":"center center","background-size":"auto","background-attachment":"scroll","background-type":"","background-media":"","overlay-type":"","overlay-color":"","overlay-opacity":"","overlay-gradient":""}},"footnotes":""},"class_list":["post-39913","page","type-page","status-publish","hentry"],"_links":{"self":[{"href":"https:\/\/mavideniz.com.tr\/fr\/wp-json\/wp\/v2\/pages\/39913","targetHints":{"allow":["GET"]}}],"collection":[{"href":"https:\/\/mavideniz.com.tr\/fr\/wp-json\/wp\/v2\/pages"}],"about":[{"href":"https:\/\/mavideniz.com.tr\/fr\/wp-json\/wp\/v2\/types\/page"}],"author":[{"embeddable":true,"href":"https:\/\/mavideniz.com.tr\/fr\/wp-json\/wp\/v2\/users\/1"}],"replies":[{"embeddable":true,"href":"https:\/\/mavideniz.com.tr\/fr\/wp-json\/wp\/v2\/comments?post=39913"}],"version-history":[{"count":0,"href":"https:\/\/mavideniz.com.tr\/fr\/wp-json\/wp\/v2\/pages\/39913\/revisions"}],"up":[{"embeddable":true,"href":"https:\/\/mavideniz.com.tr\/fr\/wp-json\/wp\/v2\/pages\/39666"}],"wp:attachment":[{"href":"https:\/\/mavideniz.com.tr\/fr\/wp-json\/wp\/v2\/media?parent=39913"}],"curies":[{"name":"wp","href":"https:\/\/api.w.org\/{rel}","templated":true}]}}