{"id":39935,"date":"2022-10-16T06:21:20","date_gmt":"2022-10-16T06:21:20","guid":{"rendered":"https:\/\/mavideniz.com.tr\/?page_id=39935"},"modified":"2024-05-12T21:35:13","modified_gmt":"2024-05-12T21:35:13","slug":"rock-cleaner-skimmer","status":"publish","type":"page","link":"https:\/\/mavideniz.com.tr\/fr\/produits-industriels\/ecumeur-dhuile\/rock-cleaner-skimmer\/","title":{"rendered":"\u00c9cumeur nettoyeur de roches"},"content":{"rendered":"\n<p>Mavi Deniz \u00c9cumeur nettoyeur de roches a con\u00e7u l&rsquo;innovation pour nettoyer les d\u00e9versements de p\u00e9trole dans des conditions difficiles sur les rives rocheuses, les plages, la terre, les ports, les foss\u00e9s, les routes, les terminaux p\u00e9troliers, les stations-service, les usines, les a\u00e9roports, les chantiers navals et les navires.<\/p>\n<p>L&rsquo;\u00e9purateur de roche est un \u00e9cr\u00e9meur de roche portatif sous vide avec une roue \u00e0 brosse int\u00e9gr\u00e9e pour une efficacit\u00e9 am\u00e9lior\u00e9e de r\u00e9cup\u00e9ration de d\u00e9versement d&rsquo;huile. Traditionnellement, les unit\u00e9s de serpilli\u00e8res \u00e0 main, les pelles et les rampes absorbantes par les tampons ont \u00e9t\u00e9 utilis\u00e9es pour nettoyer le p\u00e9trole du rivage. Cette nouvelle unit\u00e9 permet \u00e0 l&rsquo;op\u00e9rateur de r\u00e9cup\u00e9rer rapidement le p\u00e9trole tout en \u00ab\u00a0brossant\u00a0\u00bb les roches. Il peut \u00eatre utilis\u00e9 pour le p\u00e9trole \u00e0 la surface de l&rsquo;eau ou de la terre, le b\u00e9ton, l&rsquo;asphalte, et les barri\u00e8res de p\u00e9trole.<\/p>\n<p>Mavi \u00c9cumeur nettoyeur de roches a deux parties principales : une brosse avec une unit\u00e9 d&rsquo;\u00e9cumage de roche sous vide et l&rsquo;autre est la pompe avec le bloc d&rsquo;alimentation. En tant que solution mobile pour le rivage, il a toute la puissance pour les op\u00e9rations de nettoyage.<\/p>\n<p>Gr\u00e2ce \u00e0 la technologie de brosse \u00e9prouv\u00e9e de Mavi Deniz, le Mavi \u00c9cumeur nettoyeur de roches est dot\u00e9 d&rsquo;un petit moteur hydraulique qui actionne une roue de brosse qui \u00e9limine la couche d&rsquo;huile des roches et s\u00e9pare l&rsquo;huile de l&rsquo;eau. L&rsquo;huile r\u00e9cup\u00e9r\u00e9e est racl\u00e9e de la brosse et s&rsquo;\u00e9coule dans une tr\u00e9mie de r\u00e9cup\u00e9ration derri\u00e8re la brousse. Une pompe d&rsquo;aspiration s\u00e9par\u00e9e aspire ensuite l&rsquo;huile vers une unit\u00e9 de stockage. Le \u00c9cumeur nettoyeur de roches est livr\u00e9 avec une poign\u00e9e de direction et un harnais r\u00e9glables.<\/p>\n<p>Cependant, en raison de la lance d&rsquo;aspiration tr\u00e8s polyvalente, le \u00c9cumeur nettoyeur de roches est fabriqu\u00e9 en aluminium r\u00e9sistant \u00e0 l&rsquo;eau de mer et p\u00e8se environ 6,5 kg. Le syst\u00e8me est extr\u00eamement robuste et tr\u00e8s l\u00e9ger, ce qui garantit que le syst\u00e8me peut \u00eatre utilis\u00e9 facilement par un seul op\u00e9rateur. L&rsquo;op\u00e9rateur peut \u00e9galement diriger la t\u00eate de l&rsquo;\u00e9cr\u00e9meur de roche dans des zones \u00e9troites ou sur des surfaces dures tout en restant \u00e0 une distance de s\u00e9curit\u00e9.<\/p>\n<p>La brosse est fabriqu\u00e9e \u00e0 partir de poils en polypropyl\u00e8ne. L&rsquo;\u00e9cr\u00e9meur de roche est enti\u00e8rement actionn\u00e9 hydrauliquement et a une faible puissance requise, et aussi, l&rsquo;unit\u00e9 peut se connecter \u00e0 une pompe d&rsquo;aspiration ou un syst\u00e8me de vide.<\/p>\n<p>Le Mavi \u00c9cumeur nettoyeur de roches est \u00e9galement livr\u00e9 avec une buse et une buse de t\u00eate de casserole permettant au Cleaner d&rsquo;\u00eatre utilis\u00e9 dans diverses applications chimiques et de d\u00e9versement d&rsquo;huile. Le syst\u00e8me peut \u00e9galement \u00eatre \u00e9quip\u00e9 d&rsquo;un niveau de commande hydraulique optionnel sur une poign\u00e9e plus large qui am\u00e9liore le contr\u00f4le de l&rsquo;unit\u00e9 tout en permettant \u00e0 l&rsquo;utilisateur de contr\u00f4ler la vitesse de la roue de la brosse.<\/p>\n<p><strong>Facultatif<\/strong><\/p>\n<p>Un Stone Catcher peut filtrer les pierres, les d\u00e9chets et les d\u00e9bris pour prot\u00e9ger la pompe des exigences individuelles du client.<\/p>\n<p><strong>Caract\u00e9ristiques<\/strong><\/p>\n<ul>\n<li>L\u00e9ger<\/li>\n<li>Portable<\/li>\n<li>Fonctionnement Facile<\/li>\n<li>Solution Compacte<\/li>\n<li>Souple<\/li>\n<li>Plusieurs t\u00eates de r\u00e9cup\u00e9ration<\/li>\n<li>R\u00e9cup\u00e9ration d&rsquo;huiles l\u00e9g\u00e8res en huiles lourdes visqueuses<\/li>\n<li>Montage\/d\u00e9montage rapide<\/li>\n<li>Faibles besoins en \u00e9nergie<\/li>\n<li>Pompe ou aspiration sous vide<\/li>\n<\/ul>\n<div class=\"wptm_table tablesorter-bootstrap \" data-id=\"25\" data-hightlight=\"0\"><div class=\"wptm_buttons buttons_wptmTbl25\"><\/div><div class=\"wptmresponsive dataTables-wptmtable wptmtable \" id=\"wptmtable25\" data-tableid=\"wptmTbl25\"><table data-count-header=\"1\"  data-format-decimal_count=\"0\" data-format-decimal_symbol=\".\" data-format-symbol_position=\"0\" data-format-thousand_symbol=\",\"  data-format-currency_symbol=\"$\"  data-name-style=\"25_1759716846.css\" data-format=\"YYYY-MM-DD\" id=\"wptmTbl25\" data-id=\"25\" data-responsive=\"false\" data-hideCols=\"false\"  data-type=\"html\" data-paging=\"false\" data-searching=\"true\"  data-ordering=\"false\" data-table-breakpoint=\"980\" data-scroll-x=\"true\" data-scroll-collapse=\"true\" data-align=\"center\" data-range=\"[]\" data-hideColumn=\"[0,0]\"  data-colwidths=\"[570,570]\"  data-colwidths_desktop=[]  data-colwidths_tablet=[]  data-colwidths_mobile=[]  class=\"wptm_main_table  disablePager hideScrollHeader\"><colgroup><col data-dtr=\"0\" data-dtc=\"0\" class=\"dtc0\"><col data-dtr=\"0\" data-dtc=\"1\" class=\"dtc1\"><\/colgroup><thead><tr class=\"wptm-header-cells-index\"><th rowspan=\"1\" colspan=\"1\" data-dtr=\"0\" data-dtc=\"0\" class=\"dtr0 dtc0\"><\/th><th rowspan=\"1\" colspan=\"1\" data-dtr=\"0\" data-dtc=\"1\" class=\"dtr0 dtc1\"><\/th><\/tr><tr class=\" row0\"><th   data-priority=\"0\" class=\"dtr0 dtc0\"><\/th><th   data-priority=\"0\" class=\"dtr0 dtc1\">Mavi Rock Cleaner Skimmer<\/th><\/thead><tbody><tr class=\" row1\"><td    class=\"dtr1 dtc0\">Capacity<\/td><td    class=\"dtr1 dtc1\">1 \u2013 10 m3\/hr<\/td><\/tr><tr class=\" row2\"><td    class=\"dtr2 dtc0\">Application<\/td><td    class=\"dtr2 dtc1\">Handheld<\/td><\/tr><tr class=\" row3\"><td    class=\"dtr3 dtc0\">Operator<\/td><td    class=\"dtr3 dtc1\">1 Person<\/td><\/tr><tr class=\" row4\"><td    class=\"dtr4 dtc0\">Viscosity Range<\/td><td    class=\"dtr4 dtc1\">Light Oil + Medium Oil + Heavy Oil + Chemicals<\/td><\/tr><tr class=\" row5\"><td    class=\"dtr5 dtc0\">Material<\/td><td    class=\"dtr5 dtc1\">Aluminum<\/td><\/tr><tr class=\" row6\"><td    class=\"dtr6 dtc0\">Length<\/td><td    class=\"dtr6 dtc1\">1.5 m<\/td><\/tr><tr class=\" row7\"><td    class=\"dtr7 dtc0\">Width<\/td><td    class=\"dtr7 dtc1\">40 cm<\/td><\/tr><tr class=\" row8\"><td    class=\"dtr8 dtc0\">Power<\/td><td    class=\"dtr8 dtc1\">0.7 hp<\/td><\/tr><tr class=\" row9\"><td    class=\"dtr9 dtc0\">Weight<\/td><td    class=\"dtr9 dtc1\">7 kg<\/td><\/tr><tr class=\" row10\"><td    class=\"dtr10 dtc0\">Hose Connector<\/td><td    class=\"dtr10 dtc1\">2\u201d Camlock<\/td><\/tr><tr class=\" row11\"><td    class=\"dtr11 dtc0\">Hose Lenght<\/td><td    class=\"dtr11 dtc1\">10 m<\/td><\/tr><tr class=\" row12\"><td    class=\"dtr12 dtc0\">Skimmer Head<\/td><td    class=\"dtr12 dtc1\">2\u201d Suction Lance<\/td><\/tr><tr class=\" row13\"><td    class=\"dtr13 dtc0\">Equipment Required<\/td><td    class=\"dtr13 dtc1\">Suction Pump<br \/>\nHydraulic Power Unit<\/td><\/tr><tr class=\" row14\"><td    class=\"dtr14 dtc0\">Optional<\/td><td    class=\"dtr14 dtc1\">Stone Catcher | Straight Nozzle | Pan Head Nozzle<\/td><\/tr><\/tbody><tfoot><tr><td class=\"dtr14 dtc0\" style=\"height: 0;\"><\/td><td class=\"dtr14 dtc1\" style=\"height: 0;\"><\/td><\/tr><\/tfoot><\/table><\/div><style>#wptmtable25 .dataTables_wrapper > .dataTables_scroll {max-height:500px;overflow: auto;}<\/style><script>window.wptm_ajaxurl = 'https:\/\/mavideniz.com.tr\/wp-admin\/admin-ajax.php?juwpfisadmin=false&action=Wptm&'; window.wptm_front = 'https:\/\/mavideniz.com.tr\/wp-content\/plugins\/wp-table-manager\/app\/site\/assets\/'; window.wptm_style = 'https:\/\/mavideniz.com.tr\/wp-content\/uploads\/wptm\/';<\/script><\/div><style><\/style>\n","protected":false},"excerpt":{"rendered":"<p>Mavi Deniz \u00c9cumeur nettoyeur de roches a con\u00e7u l&rsquo;innovation pour nettoyer les d\u00e9versements de p\u00e9trole dans des conditions difficiles sur [&hellip;]<\/p>\n","protected":false},"author":1,"featured_media":0,"parent":39917,"menu_order":0,"comment_status":"closed","ping_status":"closed","template":"","meta":{"site-sidebar-layout":"default","site-content-layout":"","ast-site-content-layout":"default","site-content-style":"default","site-sidebar-style":"default","ast-global-header-display":"","ast-banner-title-visibility":"","ast-main-header-display":"","ast-hfb-above-header-display":"","ast-hfb-below-header-display":"","ast-hfb-mobile-header-display":"","site-post-title":"","ast-breadcrumbs-content":"","ast-featured-img":"","footer-sml-layout":"","ast-disable-related-posts":"","theme-transparent-header-meta":"","adv-header-id-meta":"","stick-header-meta":"","header-above-stick-meta":"","header-main-stick-meta":"","header-below-stick-meta":"","astra-migrate-meta-layouts":"default","ast-page-background-enabled":"default","ast-page-background-meta":{"desktop":{"background-color":"var(--ast-global-color-5)","background-image":"","background-repeat":"repeat","background-position":"center center","background-size":"auto","background-attachment":"scroll","background-type":"","background-media":"","overlay-type":"","overlay-color":"","overlay-opacity":"","overlay-gradient":""},"tablet":{"background-color":"","background-image":"","background-repeat":"repeat","background-position":"center center","background-size":"auto","background-attachment":"scroll","background-type":"","background-media":"","overlay-type":"","overlay-color":"","overlay-opacity":"","overlay-gradient":""},"mobile":{"background-color":"","background-image":"","background-repeat":"repeat","background-position":"center center","background-size":"auto","background-attachment":"scroll","background-type":"","background-media":"","overlay-type":"","overlay-color":"","overlay-opacity":"","overlay-gradient":""}},"ast-content-background-meta":{"desktop":{"background-color":"var(--ast-global-color-4)","background-image":"","background-repeat":"repeat","background-position":"center center","background-size":"auto","background-attachment":"scroll","background-type":"","background-media":"","overlay-type":"","overlay-color":"","overlay-opacity":"","overlay-gradient":""},"tablet":{"background-color":"var(--ast-global-color-4)","background-image":"","background-repeat":"repeat","background-position":"center center","background-size":"auto","background-attachment":"scroll","background-type":"","background-media":"","overlay-type":"","overlay-color":"","overlay-opacity":"","overlay-gradient":""},"mobile":{"background-color":"var(--ast-global-color-4)","background-image":"","background-repeat":"repeat","background-position":"center center","background-size":"auto","background-attachment":"scroll","background-type":"","background-media":"","overlay-type":"","overlay-color":"","overlay-opacity":"","overlay-gradient":""}},"footnotes":""},"class_list":["post-39935","page","type-page","status-publish","hentry"],"_links":{"self":[{"href":"https:\/\/mavideniz.com.tr\/fr\/wp-json\/wp\/v2\/pages\/39935","targetHints":{"allow":["GET"]}}],"collection":[{"href":"https:\/\/mavideniz.com.tr\/fr\/wp-json\/wp\/v2\/pages"}],"about":[{"href":"https:\/\/mavideniz.com.tr\/fr\/wp-json\/wp\/v2\/types\/page"}],"author":[{"embeddable":true,"href":"https:\/\/mavideniz.com.tr\/fr\/wp-json\/wp\/v2\/users\/1"}],"replies":[{"embeddable":true,"href":"https:\/\/mavideniz.com.tr\/fr\/wp-json\/wp\/v2\/comments?post=39935"}],"version-history":[{"count":0,"href":"https:\/\/mavideniz.com.tr\/fr\/wp-json\/wp\/v2\/pages\/39935\/revisions"}],"up":[{"embeddable":true,"href":"https:\/\/mavideniz.com.tr\/fr\/wp-json\/wp\/v2\/pages\/39917"}],"wp:attachment":[{"href":"https:\/\/mavideniz.com.tr\/fr\/wp-json\/wp\/v2\/media?parent=39935"}],"curies":[{"name":"wp","href":"https:\/\/api.w.org\/{rel}","templated":true}]}}