{"id":39948,"date":"2022-10-16T06:29:37","date_gmt":"2022-10-16T06:29:37","guid":{"rendered":"https:\/\/mavideniz.com.tr\/?page_id=39948"},"modified":"2022-10-16T06:29:41","modified_gmt":"2022-10-16T06:29:41","slug":"ecumeur-dhuile-de-vadrouille-de-corde","status":"publish","type":"page","link":"https:\/\/mavideniz.com.tr\/fr\/produits-industriels\/ecumeur-dhuile\/ecumeur-dhuile-de-vadrouille-de-corde\/","title":{"rendered":"\u00c9cumeur d&rsquo;huile de vadrouille de corde"},"content":{"rendered":"\n<p>Rope-Mop Oil Skimmer est ol\u00e9ophile, hydrophobe et un fil de polypropyl\u00e8ne fibrill\u00e9. Rope-Mop Oil Skimmer rejette l&rsquo;absorption de l&rsquo;eau, et il attire toutes les huiles et les produits chimiques flottants.<\/p>\n<p>Le tissu de Skimmer cr\u00e9e une surface maximale, ce qui rend une capacit\u00e9 de r\u00e9cup\u00e9ration massive gr\u00e2ce \u00e0 l&rsquo;adsorption et la r\u00e9tention de l&rsquo;huile et des produits chimiques flottants.<\/p>\n<p>L&rsquo;\u00e9cumeur d&rsquo;huile de serpilli\u00e8re de la s\u00e9rie E est id\u00e9al pour r\u00e9cup\u00e9rer des huiles l\u00e9g\u00e8res, moyennes et \u00e9mulsionn\u00e9es dans les rivi\u00e8res, les mar\u00e9cages et autres eaux int\u00e9rieures.<\/p>\n<p>Des longueurs d&rsquo;\u00e9cumoire d&rsquo;huile de balai \u00e0 corde longue peuvent \u00eatre utilis\u00e9es, permettant de recueillir l&rsquo;huile \u00e0 une certaine distance de l&rsquo;unit\u00e9 d&rsquo;essorage. Comme le syst\u00e8me de balai \u00e0 franges est un syst\u00e8me ol\u00e9ophile (attirant l&rsquo;huile), seul un pourcentage infime de l&rsquo;eau est pr\u00e9lev\u00e9 avec l&rsquo;huile.<\/p>\n<p><strong>SERPILLI\u00c8RE<\/strong><\/p>\n<p>Mop Skimmer peut attirer toutes les huiles et les produits chimiques flottants. Rejette l&rsquo;eau n&rsquo;est pas affect\u00e9e par les d\u00e9bris flottants \u00e0 la surface de l&rsquo;eau. L&rsquo;\u00e9cr\u00e9meuse d&rsquo;huile de vadrouille peut \u00eatre faite \u00e0 n&rsquo;importe quelle longueur requise. La raclette de serpilli\u00e8re \u00e0 corde peut \u00eatre pr\u00eate \u00e0 \u00eatre boucl\u00e9e ou ouverte. Il est disponible en 4&Prime;, 6&Prime; 9&Prime; Largeurs, ou une version compl\u00e8te est faite pour produire le filet de balai. Skimmer a deux types : le balai noir pour les huiles lourdes et le balai blanc pour les huiles l\u00e9g\u00e8res et les huiles de viscosit\u00e9 moyenne. Son utilisation est extr\u00eamement diversifi\u00e9e.<\/p>\n<p><strong>Caract\u00e9ristiques<\/strong><\/p>\n<ul>\n<li>Rope Mop Oil Skimmer, Id\u00e9al pour les op\u00e9rations dans les ports, les ports, l&rsquo;int\u00e9rieur et les c\u00f4tes o\u00f9 une r\u00e9ponse rapide est n\u00e9cessaire.<\/li>\n<li>Ramassez tr\u00e8s peu d&rsquo;eau libre m\u00eame dans les \u00e9paisseurs de film d&rsquo;huile inf\u00e9rieures \u00e0 5mm.<\/li>\n<li>Incorporer un s\u00e9parateur d&rsquo;huile \/ eau unique et r\u00e9servoir de collecte d&rsquo;huile, en \u00e9vitant le besoin de stocker de l&rsquo;eau libre ind\u00e9sirable.<\/li>\n<li>La petite quantit\u00e9 d&rsquo;eau libre r\u00e9cup\u00e9r\u00e9e est imm\u00e9diatement renvoy\u00e9e dans la zone contamin\u00e9e par les hydrocarbures.<\/li>\n<li>N&rsquo;avez pas besoin de pompes ; l&rsquo;huile r\u00e9cup\u00e9r\u00e9e est normalement aliment\u00e9e par gravit\u00e9.<\/li>\n<li>Le nettoyeur de balai peut rester en marche 24 heures par jour, sept jours par semaine si n\u00e9cessaire.<\/li>\n<li>L&rsquo;\u00e9cumoire \u00e0 vadrouille peut rester longtemps sans surveillance.<\/li>\n<\/ul>\n<p><strong>Facultatif<\/strong><\/p>\n<ul>\n<li>Poulie de guidage flottante<\/li>\n<li>Remorque<\/li>\n<li>Grands puisards d&rsquo;huile<\/li>\n<li>Pompes de d\u00e9chargement automatique<\/li>\n<li>Commutateurs de capteur \u00e0 levier<\/li>\n<li>Arr\u00eats automatiques<\/li>\n<\/ul>\n<div class=\"wptm_table tablesorter-bootstrap \" data-id=\"26\" data-hightlight=\"0\"><div class=\"wptm_buttons buttons_wptmTbl26\"><\/div><div class=\"wptmresponsive dataTables-wptmtable wptmtable \" id=\"wptmtable26\" data-tableid=\"wptmTbl26\"><table data-count-header=\"1\"  data-format-decimal_count=\"0\" data-format-decimal_symbol=\".\" data-format-symbol_position=\"0\" data-format-thousand_symbol=\",\"  data-format-currency_symbol=\"$\"  data-name-style=\"26_1759716957.css\" data-format=\"YYYY-MM-DD\" id=\"wptmTbl26\" data-id=\"26\" data-responsive=\"false\" data-hideCols=\"false\"  data-type=\"html\" data-paging=\"false\" data-searching=\"true\"  data-ordering=\"false\" data-table-breakpoint=\"980\" data-scroll-x=\"true\" data-scroll-collapse=\"true\" data-align=\"center\" data-range=\"[]\" data-hideColumn=\"[0,0,0,0,0,0]\"  data-colwidths=\"[190,190,190,190,190,190]\"  data-colwidths_desktop=[]  data-colwidths_tablet=[]  data-colwidths_mobile=[]  class=\"wptm_main_table  disablePager hideScrollHeader\"><colgroup><col data-dtr=\"0\" data-dtc=\"0\" class=\"dtc0\"><col data-dtr=\"0\" data-dtc=\"1\" class=\"dtc1\"><col data-dtr=\"0\" data-dtc=\"2\" class=\"dtc2\"><col data-dtr=\"0\" data-dtc=\"3\" class=\"dtc3\"><col data-dtr=\"0\" data-dtc=\"4\" class=\"dtc4\"><col data-dtr=\"0\" data-dtc=\"5\" class=\"dtc5\"><\/colgroup><thead><tr class=\"wptm-header-cells-index\"><th rowspan=\"1\" colspan=\"1\" data-dtr=\"0\" data-dtc=\"0\" class=\"dtr0 dtc0\"><\/th><th rowspan=\"1\" colspan=\"1\" data-dtr=\"0\" data-dtc=\"1\" class=\"dtr0 dtc1\"><\/th><th rowspan=\"1\" colspan=\"1\" data-dtr=\"0\" data-dtc=\"2\" class=\"dtr0 dtc2\"><\/th><th rowspan=\"1\" colspan=\"1\" data-dtr=\"0\" data-dtc=\"3\" class=\"dtr0 dtc3\"><\/th><th rowspan=\"1\" colspan=\"1\" data-dtr=\"0\" data-dtc=\"4\" class=\"dtr0 dtc4\"><\/th><th rowspan=\"1\" colspan=\"1\" data-dtr=\"0\" data-dtc=\"5\" class=\"dtr0 dtc5\"><\/th><\/tr><tr class=\" row0\"><th   data-priority=\"0\" class=\"dtr0 dtc0\"><\/th><th   data-priority=\"0\" class=\"dtr0 dtc1\">Mavi Mop 1<\/th><th   data-priority=\"0\" class=\"dtr0 dtc2\">Mavi Mop 5<\/th><th   data-priority=\"0\" class=\"dtr0 dtc3\">Mavi Mop 10<\/th><th   data-priority=\"0\" class=\"dtr0 dtc4\">Mavi Mop 15<\/th><th   data-priority=\"0\" class=\"dtr0 dtc5\">Mavi Mop 20<\/th><\/thead><tbody><tr class=\" row1\"><td    class=\"dtr1 dtc0\">Capacity<\/td><td    class=\"dtr1 dtc1\">0.6 m3\/hr<\/td><td    class=\"dtr1 dtc2\">1.5 m3\/hr<\/td><td    class=\"dtr1 dtc3\">3-5 m3\/hr<\/td><td    class=\"dtr1 dtc4\">12-15 m3\/hr<\/td><td    class=\"dtr1 dtc5\">20 m3\/hr<\/td><\/tr><tr class=\" row2\"><td    class=\"dtr2 dtc0\">Max Mops<\/td><td    class=\"dtr2 dtc1\">1 x 10 cm<\/td><td    class=\"dtr2 dtc2\">1 x 10 cm<\/td><td    class=\"dtr2 dtc3\">1 x 10 cm<\/td><td    class=\"dtr2 dtc4\">2 x 15 cm<\/td><td    class=\"dtr2 dtc5\">2 x 30 cm<\/td><\/tr><tr class=\" row3\"><td    class=\"dtr3 dtc0\">Waste Oil Tank Capacity<\/td><td    class=\"dtr3 dtc1\">-<\/td><td    class=\"dtr3 dtc2\">150 lt<\/td><td    class=\"dtr3 dtc3\">300 lt<\/td><td    class=\"dtr3 dtc4\">400 lt<\/td><td    class=\"dtr3 dtc5\">600 lt<\/td><\/tr><tr class=\" row4\"><td    class=\"dtr4 dtc0\">Waste Oil Tank Material<\/td><td  colspan=\"5\"   class=\"dtr4 dtc1\">Steel (Standard) or Aluminum (Optional)<\/td><td  style=\"display: none\"   class=\"dtr4 dtc2\"><\/td><td  style=\"display: none\"   class=\"dtr4 dtc3\"><\/td><td  style=\"display: none\"   class=\"dtr4 dtc4\"><\/td><td  style=\"display: none\"   class=\"dtr4 dtc5\"><\/td><\/tr><tr class=\" row5\"><td    class=\"dtr5 dtc0\">Oil Types<\/td><td  colspan=\"5\"   class=\"dtr5 dtc1\">Weathered Heavy Oil \/ Separator Sludge \/ Fuel Oil \/ Palm Oil \/ Diesel \/ Bunker \/ Fish Oil and Many Others<\/td><td  style=\"display: none\"   class=\"dtr5 dtc2\"><\/td><td  style=\"display: none\"   class=\"dtr5 dtc3\"><\/td><td  style=\"display: none\"   class=\"dtr5 dtc4\"><\/td><td  style=\"display: none\"   class=\"dtr5 dtc5\"><\/td><\/tr><tr class=\" row6\"><td    class=\"dtr6 dtc0\">Rope Material<\/td><td  colspan=\"5\"   class=\"dtr6 dtc1\">Polypropylene filaments bound together using a nylon strap. Total cord length is 30 m. Cords can be attached to each another. Maximum joined length is 90 m<\/td><td  style=\"display: none\"   class=\"dtr6 dtc2\"><\/td><td  style=\"display: none\"   class=\"dtr6 dtc3\"><\/td><td  style=\"display: none\"   class=\"dtr6 dtc4\"><\/td><td  style=\"display: none\"   class=\"dtr6 dtc5\"><\/td><\/tr><tr class=\" row7\"><td    class=\"dtr7 dtc0\">Construction<\/td><td  colspan=\"5\"   class=\"dtr7 dtc1\">Steel Frame protected with powder-coated paint (Standard) or All-welded marine grade Aluminum (Optional)<\/td><td  style=\"display: none\"   class=\"dtr7 dtc2\"><\/td><td  style=\"display: none\"   class=\"dtr7 dtc3\"><\/td><td  style=\"display: none\"   class=\"dtr7 dtc4\"><\/td><td  style=\"display: none\"   class=\"dtr7 dtc5\"><\/td><\/tr><tr class=\" row8\"><td    class=\"dtr8 dtc0\">Dimensions<\/td><td    class=\"dtr8 dtc1\">0.45 x 045 x 0.45 m<\/td><td    class=\"dtr8 dtc2\">0.45 x 0.53 x 0.53 m<\/td><td    class=\"dtr8 dtc3\">1.08 x 0.46 x 0.69 m<\/td><td    class=\"dtr8 dtc4\">1.76 x 0.82 x 1.22 m<\/td><td    class=\"dtr8 dtc5\">1.83 x 1.12 x 1.3 m<\/td><\/tr><tr class=\" row9\"><td    class=\"dtr9 dtc0\">Weight<\/td><td    class=\"dtr9 dtc1\">30 kg<\/td><td    class=\"dtr9 dtc2\">48 kg<\/td><td    class=\"dtr9 dtc3\">85 kg<\/td><td    class=\"dtr9 dtc4\">470 kg<\/td><td    class=\"dtr9 dtc5\">745 kg<\/td><\/tr><tr class=\" row10\"><td    class=\"dtr10 dtc0\">Drive Options<\/td><td  colspan=\"5\"   class=\"dtr10 dtc1\">Electric \/ Diesel \/ Hydraulic \/ Pneumatic<\/td><td  style=\"display: none\"   class=\"dtr10 dtc2\"><\/td><td  style=\"display: none\"   class=\"dtr10 dtc3\"><\/td><td  style=\"display: none\"   class=\"dtr10 dtc4\"><\/td><td  style=\"display: none\"   class=\"dtr10 dtc5\"><\/td><\/tr><\/tbody><tfoot><tr><td class=\"dtr10 dtc0\" style=\"height: 0;\"><\/td><td class=\"dtr10 dtc1\" style=\"height: 0;\"><\/td><td class=\"dtr10 dtc2\" style=\"height: 0;\"><\/td><td class=\"dtr10 dtc3\" style=\"height: 0;\"><\/td><td class=\"dtr10 dtc4\" style=\"height: 0;\"><\/td><td class=\"dtr10 dtc5\" style=\"height: 0;\"><\/td><\/tr><\/tfoot><\/table><\/div><style>#wptmtable26 .dataTables_wrapper > .dataTables_scroll {max-height:500px;overflow: auto;}<\/style><script>window.wptm_ajaxurl = 'https:\/\/mavideniz.com.tr\/wp-admin\/admin-ajax.php?juwpfisadmin=false&action=Wptm&'; window.wptm_front = 'https:\/\/mavideniz.com.tr\/wp-content\/plugins\/wp-table-manager\/app\/site\/assets\/'; window.wptm_style = 'https:\/\/mavideniz.com.tr\/wp-content\/uploads\/wptm\/';<\/script><\/div><style><\/style>\n","protected":false},"excerpt":{"rendered":"<p>Rope-Mop Oil Skimmer est ol\u00e9ophile, hydrophobe et un fil de polypropyl\u00e8ne fibrill\u00e9. Rope-Mop Oil Skimmer rejette l&rsquo;absorption de l&rsquo;eau, et [&hellip;]<\/p>\n","protected":false},"author":1,"featured_media":0,"parent":39917,"menu_order":0,"comment_status":"closed","ping_status":"closed","template":"","meta":{"site-sidebar-layout":"default","site-content-layout":"","ast-site-content-layout":"default","site-content-style":"default","site-sidebar-style":"default","ast-global-header-display":"","ast-banner-title-visibility":"","ast-main-header-display":"","ast-hfb-above-header-display":"","ast-hfb-below-header-display":"","ast-hfb-mobile-header-display":"","site-post-title":"","ast-breadcrumbs-content":"","ast-featured-img":"","footer-sml-layout":"","ast-disable-related-posts":"","theme-transparent-header-meta":"","adv-header-id-meta":"","stick-header-meta":"","header-above-stick-meta":"","header-main-stick-meta":"","header-below-stick-meta":"","astra-migrate-meta-layouts":"default","ast-page-background-enabled":"default","ast-page-background-meta":{"desktop":{"background-color":"var(--ast-global-color-5)","background-image":"","background-repeat":"repeat","background-position":"center center","background-size":"auto","background-attachment":"scroll","background-type":"","background-media":"","overlay-type":"","overlay-color":"","overlay-opacity":"","overlay-gradient":""},"tablet":{"background-color":"","background-image":"","background-repeat":"repeat","background-position":"center center","background-size":"auto","background-attachment":"scroll","background-type":"","background-media":"","overlay-type":"","overlay-color":"","overlay-opacity":"","overlay-gradient":""},"mobile":{"background-color":"","background-image":"","background-repeat":"repeat","background-position":"center center","background-size":"auto","background-attachment":"scroll","background-type":"","background-media":"","overlay-type":"","overlay-color":"","overlay-opacity":"","overlay-gradient":""}},"ast-content-background-meta":{"desktop":{"background-color":"var(--ast-global-color-4)","background-image":"","background-repeat":"repeat","background-position":"center center","background-size":"auto","background-attachment":"scroll","background-type":"","background-media":"","overlay-type":"","overlay-color":"","overlay-opacity":"","overlay-gradient":""},"tablet":{"background-color":"var(--ast-global-color-4)","background-image":"","background-repeat":"repeat","background-position":"center center","background-size":"auto","background-attachment":"scroll","background-type":"","background-media":"","overlay-type":"","overlay-color":"","overlay-opacity":"","overlay-gradient":""},"mobile":{"background-color":"var(--ast-global-color-4)","background-image":"","background-repeat":"repeat","background-position":"center center","background-size":"auto","background-attachment":"scroll","background-type":"","background-media":"","overlay-type":"","overlay-color":"","overlay-opacity":"","overlay-gradient":""}},"footnotes":""},"class_list":["post-39948","page","type-page","status-publish","hentry"],"_links":{"self":[{"href":"https:\/\/mavideniz.com.tr\/fr\/wp-json\/wp\/v2\/pages\/39948","targetHints":{"allow":["GET"]}}],"collection":[{"href":"https:\/\/mavideniz.com.tr\/fr\/wp-json\/wp\/v2\/pages"}],"about":[{"href":"https:\/\/mavideniz.com.tr\/fr\/wp-json\/wp\/v2\/types\/page"}],"author":[{"embeddable":true,"href":"https:\/\/mavideniz.com.tr\/fr\/wp-json\/wp\/v2\/users\/1"}],"replies":[{"embeddable":true,"href":"https:\/\/mavideniz.com.tr\/fr\/wp-json\/wp\/v2\/comments?post=39948"}],"version-history":[{"count":0,"href":"https:\/\/mavideniz.com.tr\/fr\/wp-json\/wp\/v2\/pages\/39948\/revisions"}],"up":[{"embeddable":true,"href":"https:\/\/mavideniz.com.tr\/fr\/wp-json\/wp\/v2\/pages\/39917"}],"wp:attachment":[{"href":"https:\/\/mavideniz.com.tr\/fr\/wp-json\/wp\/v2\/media?parent=39948"}],"curies":[{"name":"wp","href":"https:\/\/api.w.org\/{rel}","templated":true}]}}