{"id":39953,"date":"2022-10-16T06:36:29","date_gmt":"2022-10-16T06:36:29","guid":{"rendered":"https:\/\/mavideniz.com.tr\/?page_id=39953"},"modified":"2022-10-16T06:36:33","modified_gmt":"2022-10-16T06:36:33","slug":"ecumeur-dhuile-daspiration","status":"publish","type":"page","link":"https:\/\/mavideniz.com.tr\/fr\/produits-industriels\/ecumeur-dhuile\/ecumeur-dhuile-daspiration\/","title":{"rendered":"\u00c9cumeur d&rsquo;huile d&rsquo;aspiration"},"content":{"rendered":"\n<p>Le Skimmer d&rsquo;aspiration d&rsquo;huile d&rsquo;eau peu profonde Mavi Deniz est une t\u00eate de Skimmer robuste et l\u00e9g\u00e8re, id\u00e9ale pour les eaux peu profondes ou les zones o\u00f9 les grands skimers seraient impossibles.<\/p>\n<p>L&rsquo;huile d&rsquo;aspiration Skimmer est une t\u00eate d&rsquo;aspiration flottante qui r\u00e9cup\u00e9rera jusqu&rsquo;\u00e0 30 tonnes par heure, selon le type de pompe\/huile et la viscosit\u00e9.<\/p>\n<p>Le Mavi Deniz Suction Skimmer est une t\u00eate d&rsquo;aspiration unique avec un ajustement l\u00e9ger pour toute pompe d&rsquo;aspiration ou unit\u00e9 \u00e0 vide, comme nos unit\u00e9s mobiles de vide Mini Vac ou Mavi Vac trails. Facile \u00e0 manoeuvrer et simple \u00e0 utiliser, en plus de sa forme plate, le skimmer peut fonctionner dans des zones inaccessibles telles que sous les jet\u00e9es et autour des jet\u00e9es.<\/p>\n<p>Les t\u00eates d&rsquo;\u00e9cumoire peuvent fonctionner dans aussi peu que 7 cm d&rsquo;eau.<\/p>\n<p>La construction l\u00e9g\u00e8re rend l&rsquo;\u00e9cumoire d&rsquo;huile d&rsquo;aspiration d&rsquo;eau peu profonde particuli\u00e8rement pr\u00e9cieuse pour le nettoyage des plages, les op\u00e9rations sur le littoral, autour des jet\u00e9es et jet\u00e9es, ainsi que dans les lacs, les \u00e9tangs, les ports, les ports, les rivi\u00e8res et les eaux int\u00e9rieures,<\/p>\n<p><strong>Caract\u00e9ristiques<\/strong><\/p>\n<ul>\n<li>Huile d&rsquo;aspiration Skimmer Id\u00e9al pour les op\u00e9rations dans les ports, les ports, les eaux int\u00e9rieures et c\u00f4ti\u00e8res o\u00f9 une r\u00e9ponse rapide est n\u00e9cessaire<\/li>\n<li>L&rsquo;aspirateur \u00e0 huile Skimmer peut fonctionner dans aussi peu que 3 pouces d&rsquo;eau peu profonde. Facilit\u00e9 d&rsquo;assemblage, d&rsquo;utilisation et de maintenance<\/li>\n<li>Des syst\u00e8mes de pompes diesel, \u00e0 gaz, pneumatiques ou \u00e9lectriques sont disponibles<\/li>\n<\/ul>\n<p><strong>Facultatif<\/strong><\/p>\n<ul>\n<li>Rallonge de 122 x 5 cm<\/li>\n<li>Tuyau D&rsquo;Aspiration<\/li>\n<li>Pompe<\/li>\n<li>Bloc D&rsquo;Alimentation<\/li>\n<\/ul>\n<div class=\"wptm_table tablesorter-bootstrap \" data-id=\"27\" data-hightlight=\"0\"><div class=\"wptm_buttons buttons_wptmTbl27\"><\/div><div class=\"wptmresponsive dataTables-wptmtable wptmtable \" id=\"wptmtable27\" data-tableid=\"wptmTbl27\"><table data-count-header=\"1\"  data-format-decimal_count=\"0\" data-format-decimal_symbol=\".\" data-format-symbol_position=\"0\" data-format-thousand_symbol=\",\"  data-format-currency_symbol=\"$\"  data-name-style=\"27_1759717023.css\" data-format=\"YYYY-MM-DD\" id=\"wptmTbl27\" data-id=\"27\" data-responsive=\"false\" data-hideCols=\"false\"  data-type=\"html\" data-paging=\"false\" data-searching=\"true\"  data-ordering=\"false\" data-table-breakpoint=\"980\" data-scroll-x=\"true\" data-scroll-collapse=\"true\" data-align=\"center\" data-range=\"[]\" data-hideColumn=\"[0,0,0,0]\"  data-colwidths=\"[285,285,285,285]\"  data-colwidths_desktop=[]  data-colwidths_tablet=[]  data-colwidths_mobile=[]  class=\"wptm_main_table  disablePager hideScrollHeader\"><colgroup><col data-dtr=\"0\" data-dtc=\"0\" class=\"dtc0\"><col data-dtr=\"0\" data-dtc=\"1\" class=\"dtc1\"><col data-dtr=\"0\" data-dtc=\"2\" class=\"dtc2\"><col data-dtr=\"0\" data-dtc=\"3\" class=\"dtc3\"><\/colgroup><thead><tr class=\"wptm-header-cells-index\"><th rowspan=\"1\" colspan=\"1\" data-dtr=\"0\" data-dtc=\"0\" class=\"dtr0 dtc0\"><\/th><th rowspan=\"1\" colspan=\"1\" data-dtr=\"0\" data-dtc=\"1\" class=\"dtr0 dtc1\"><\/th><th rowspan=\"1\" colspan=\"1\" data-dtr=\"0\" data-dtc=\"2\" class=\"dtr0 dtc2\"><\/th><th rowspan=\"1\" colspan=\"1\" data-dtr=\"0\" data-dtc=\"3\" class=\"dtr0 dtc3\"><\/th><\/tr><tr class=\" row0\"><th   data-priority=\"0\" class=\"dtr0 dtc0\"><\/th><th   data-priority=\"0\" class=\"dtr0 dtc1\">Mavi Weir 30<\/th><th   data-priority=\"0\" class=\"dtr0 dtc2\">Mavi Weir 20<\/th><th   data-priority=\"0\" class=\"dtr0 dtc3\">Mavi Weir 10<\/th><\/thead><tbody><tr class=\" row1\"><td    class=\"dtr1 dtc0\">Oil Recovery Capacity<\/td><td    class=\"dtr1 dtc1\">30 m3\/hr<\/td><td    class=\"dtr1 dtc2\">20 m3\/hr<\/td><td    class=\"dtr1 dtc3\">10 m3\/hr<\/td><\/tr><tr class=\" row2\"><td    class=\"dtr2 dtc0\">Skimmer Material<\/td><td    class=\"dtr2 dtc1\">Aluminium<\/td><td    class=\"dtr2 dtc2\">Aluminium<\/td><td    class=\"dtr2 dtc3\">Aluminium<\/td><\/tr><tr class=\" row3\"><td    class=\"dtr3 dtc0\">Dimentions<\/td><td    class=\"dtr3 dtc1\">158 cm x 88 cm x 9 cm<\/td><td    class=\"dtr3 dtc2\">158 cm x 88 cm x 9 cm<\/td><td    class=\"dtr3 dtc3\">158 cm x 88 cm x 9 cm<\/td><\/tr><tr class=\" row4\"><td    class=\"dtr4 dtc0\">Weight<\/td><td    class=\"dtr4 dtc1\">7 kg<\/td><td    class=\"dtr4 dtc2\">7 kg<\/td><td    class=\"dtr4 dtc3\">7 kg<\/td><\/tr><\/tbody><tfoot><tr><td class=\"dtr4 dtc0\" style=\"height: 0;\"><\/td><td class=\"dtr4 dtc1\" style=\"height: 0;\"><\/td><td class=\"dtr4 dtc2\" style=\"height: 0;\"><\/td><td class=\"dtr4 dtc3\" style=\"height: 0;\"><\/td><\/tr><\/tfoot><\/table><\/div><style>#wptmtable27 .dataTables_wrapper > .dataTables_scroll {max-height:500px;overflow: auto;}<\/style><script>window.wptm_ajaxurl = 'https:\/\/mavideniz.com.tr\/wp-admin\/admin-ajax.php?juwpfisadmin=false&action=Wptm&'; window.wptm_front = 'https:\/\/mavideniz.com.tr\/wp-content\/plugins\/wp-table-manager\/app\/site\/assets\/'; window.wptm_style = 'https:\/\/mavideniz.com.tr\/wp-content\/uploads\/wptm\/';<\/script><\/div><style><\/style>\n","protected":false},"excerpt":{"rendered":"<p>Le Skimmer d&rsquo;aspiration d&rsquo;huile d&rsquo;eau peu profonde Mavi Deniz est une t\u00eate de Skimmer robuste et l\u00e9g\u00e8re, id\u00e9ale pour les [&hellip;]<\/p>\n","protected":false},"author":1,"featured_media":0,"parent":39917,"menu_order":0,"comment_status":"closed","ping_status":"closed","template":"","meta":{"site-sidebar-layout":"default","site-content-layout":"","ast-site-content-layout":"default","site-content-style":"default","site-sidebar-style":"default","ast-global-header-display":"","ast-banner-title-visibility":"","ast-main-header-display":"","ast-hfb-above-header-display":"","ast-hfb-below-header-display":"","ast-hfb-mobile-header-display":"","site-post-title":"","ast-breadcrumbs-content":"","ast-featured-img":"","footer-sml-layout":"","ast-disable-related-posts":"","theme-transparent-header-meta":"","adv-header-id-meta":"","stick-header-meta":"","header-above-stick-meta":"","header-main-stick-meta":"","header-below-stick-meta":"","astra-migrate-meta-layouts":"default","ast-page-background-enabled":"default","ast-page-background-meta":{"desktop":{"background-color":"var(--ast-global-color-5)","background-image":"","background-repeat":"repeat","background-position":"center center","background-size":"auto","background-attachment":"scroll","background-type":"","background-media":"","overlay-type":"","overlay-color":"","overlay-opacity":"","overlay-gradient":""},"tablet":{"background-color":"","background-image":"","background-repeat":"repeat","background-position":"center center","background-size":"auto","background-attachment":"scroll","background-type":"","background-media":"","overlay-type":"","overlay-color":"","overlay-opacity":"","overlay-gradient":""},"mobile":{"background-color":"","background-image":"","background-repeat":"repeat","background-position":"center center","background-size":"auto","background-attachment":"scroll","background-type":"","background-media":"","overlay-type":"","overlay-color":"","overlay-opacity":"","overlay-gradient":""}},"ast-content-background-meta":{"desktop":{"background-color":"var(--ast-global-color-4)","background-image":"","background-repeat":"repeat","background-position":"center center","background-size":"auto","background-attachment":"scroll","background-type":"","background-media":"","overlay-type":"","overlay-color":"","overlay-opacity":"","overlay-gradient":""},"tablet":{"background-color":"var(--ast-global-color-4)","background-image":"","background-repeat":"repeat","background-position":"center center","background-size":"auto","background-attachment":"scroll","background-type":"","background-media":"","overlay-type":"","overlay-color":"","overlay-opacity":"","overlay-gradient":""},"mobile":{"background-color":"var(--ast-global-color-4)","background-image":"","background-repeat":"repeat","background-position":"center center","background-size":"auto","background-attachment":"scroll","background-type":"","background-media":"","overlay-type":"","overlay-color":"","overlay-opacity":"","overlay-gradient":""}},"footnotes":""},"class_list":["post-39953","page","type-page","status-publish","hentry"],"_links":{"self":[{"href":"https:\/\/mavideniz.com.tr\/fr\/wp-json\/wp\/v2\/pages\/39953","targetHints":{"allow":["GET"]}}],"collection":[{"href":"https:\/\/mavideniz.com.tr\/fr\/wp-json\/wp\/v2\/pages"}],"about":[{"href":"https:\/\/mavideniz.com.tr\/fr\/wp-json\/wp\/v2\/types\/page"}],"author":[{"embeddable":true,"href":"https:\/\/mavideniz.com.tr\/fr\/wp-json\/wp\/v2\/users\/1"}],"replies":[{"embeddable":true,"href":"https:\/\/mavideniz.com.tr\/fr\/wp-json\/wp\/v2\/comments?post=39953"}],"version-history":[{"count":0,"href":"https:\/\/mavideniz.com.tr\/fr\/wp-json\/wp\/v2\/pages\/39953\/revisions"}],"up":[{"embeddable":true,"href":"https:\/\/mavideniz.com.tr\/fr\/wp-json\/wp\/v2\/pages\/39917"}],"wp:attachment":[{"href":"https:\/\/mavideniz.com.tr\/fr\/wp-json\/wp\/v2\/media?parent=39953"}],"curies":[{"name":"wp","href":"https:\/\/api.w.org\/{rel}","templated":true}]}}