{"id":39957,"date":"2022-10-16T06:46:52","date_gmt":"2022-10-16T06:46:52","guid":{"rendered":"https:\/\/mavideniz.com.tr\/?page_id=39957"},"modified":"2022-10-16T06:46:56","modified_gmt":"2022-10-16T06:46:56","slug":"enrouleur-de-tuyau-ombilical","status":"publish","type":"page","link":"https:\/\/mavideniz.com.tr\/fr\/produits-industriels\/ecumeur-dhuile\/enrouleur-de-tuyau-ombilical\/","title":{"rendered":"Enrouleur de tuyau ombilical"},"content":{"rendered":"\n<p>Le d\u00e9vidoir ombilical est con\u00e7u pour r\u00e9pondre aux exigences des applications statiques + dynamiques + fonctions dans les op\u00e9rations sous-marines, offshore ou onshore. Le moulinet ombilical permet la manipulation et le d\u00e9ploiement de l&rsquo;\u00e9cumoire sur le c\u00f4t\u00e9 d&rsquo;un navire ou d&rsquo;autres barri\u00e8res.<\/p>\n<p>Le d\u00e9vidoir ombilical est \u00e9quip\u00e9 d&rsquo;un bras de grue t\u00e9lescopique ou d&rsquo;une grue t\u00e9lescopique pliable avec une port\u00e9e maximale de 6 m et une capacit\u00e9 de levage de 3t. L&rsquo;ensemble peut \u00eatre mont\u00e9 sur un rack plat de 10 ou 20 pieds avec un plateau tournant et tourn\u00e9 \u00e0 360\u00b0. Le syst\u00e8me de tuyau est un ombilical continu flottant jusqu&rsquo;\u00e0 100 m\u00e8tres avec des tuyaux de cargaison jusqu&rsquo;\u00e0 6&Prime;, un pour les lignes d&rsquo;\u00e9nergie hydraulique et un pour la cargaison.<\/p>\n<p>Le syst\u00e8me de tuyau d&rsquo;Umbilical Reel fournit une m\u00e9thode s\u00fbre et efficace pour distribuer des fluides hydrauliques, du mazout et des produits chimiques, en soutenant l&rsquo;injection de produits chimiques et la commande hydraulique. Les fonctions d&rsquo;alimentation et de communication peuvent s&rsquo;int\u00e9grer avec l&rsquo;inclusion de c\u00e2bles \u00e9lectriques et \u00e0 fibres optiques. Capacit\u00e9s de la bobine ombilicale arranger pour vos besoins.<\/p>\n<p><strong>Caract\u00e9ristiques<\/strong><\/p>\n<ul>\n<li>Poign\u00e9e pour \u00e9cumeurs d&rsquo;huile de type offshore<\/li>\n<li>ombilical continu auto-flottant<\/li>\n<li>Conception modulaire<\/li>\n<li>Ex zone 02<\/li>\n<li>Convient pour \u00d8150mm x 600m ombilical sous-marin.<\/li>\n<li>T\u00e9l\u00e9command\u00e9 par radio<\/li>\n<li>Le transfert d&rsquo;huile et les tuyaux hydrauliques peuvent fournir dans diff\u00e9rentes longueurs<\/li>\n<li>Design Compact<\/li>\n<li>Faible maintenance<\/li>\n<li>Connexion facile \u00e0 la structure existante<\/li>\n<li>Certification d&rsquo;inspection tierce partie<\/li>\n<li>d\u00e9chargement d&rsquo;urgence<\/li>\n<li>Transfert de cargaison navire \u00e0 navire &#8211; navire \u00e0 terre<\/li>\n<li>DNV 2.7-3 et EN 12079-1<\/li>\n<\/ul>\n<div class=\"wptm_table tablesorter-bootstrap \" data-id=\"108\" data-hightlight=\"0\"><div class=\"wptm_buttons buttons_wptmTbl108\"><\/div><div class=\"wptmresponsive dataTables-wptmtable wptmtable \" id=\"wptmtable108\" data-tableid=\"wptmTbl108\"><table data-count-header=\"1\"  data-format-decimal_count=\"0\" data-format-decimal_symbol=\".\" data-format-symbol_position=\"0\" data-format-thousand_symbol=\",\"  data-format-currency_symbol=\"$\"  data-name-style=\"108_1759675518.css\" data-format=\"YYYY-MM-DD\" id=\"wptmTbl108\" data-id=\"108\" data-responsive=\"false\" data-hideCols=\"false\"  data-type=\"html\" data-paging=\"false\" data-searching=\"true\"  data-ordering=\"false\" data-table-breakpoint=\"980\" data-scroll-x=\"true\" data-scroll-collapse=\"true\" data-align=\"center\" data-range=\"[]\" data-hideColumn=\"[0,0,0,0,0]\"  data-colwidths=\"[228,228,228,228,228]\"  data-colwidths_desktop=[]  data-colwidths_tablet=[]  data-colwidths_mobile=[]  class=\"wptm_main_table  disablePager hideScrollHeader\"><colgroup><col data-dtr=\"0\" data-dtc=\"0\" class=\"dtc0\"><col data-dtr=\"0\" data-dtc=\"1\" class=\"dtc1\"><col data-dtr=\"0\" data-dtc=\"2\" class=\"dtc2\"><col data-dtr=\"0\" data-dtc=\"3\" class=\"dtc3\"><col data-dtr=\"0\" data-dtc=\"4\" class=\"dtc4\"><\/colgroup><thead><tr class=\"wptm-header-cells-index\"><th rowspan=\"1\" colspan=\"1\" data-dtr=\"0\" data-dtc=\"0\" class=\"dtr0 dtc0\"><\/th><th rowspan=\"1\" colspan=\"1\" data-dtr=\"0\" data-dtc=\"1\" class=\"dtr0 dtc1\"><\/th><th rowspan=\"1\" colspan=\"1\" data-dtr=\"0\" data-dtc=\"2\" class=\"dtr0 dtc2\"><\/th><th rowspan=\"1\" colspan=\"1\" data-dtr=\"0\" data-dtc=\"3\" class=\"dtr0 dtc3\"><\/th><th rowspan=\"1\" colspan=\"1\" data-dtr=\"0\" data-dtc=\"4\" class=\"dtr0 dtc4\"><\/th><\/tr><tr class=\" row0\"><th   data-priority=\"0\" class=\"dtr0 dtc0\"><\/th><th   data-priority=\"0\" class=\"dtr0 dtc1\">Umbilical 100<\/th><th   data-priority=\"0\" class=\"dtr0 dtc2\">Umbilical 80<\/th><th   data-priority=\"0\" class=\"dtr0 dtc3\">Umbilical 50<\/th><th   data-priority=\"0\" class=\"dtr0 dtc4\">Umbilical 30<\/th><\/thead><tbody><tr class=\" row1\"><td    class=\"dtr1 dtc0\">Umbilical Lenght<\/td><td    class=\"dtr1 dtc1\">100m<\/td><td    class=\"dtr1 dtc2\">80m<\/td><td    class=\"dtr1 dtc3\">50m<\/td><td    class=\"dtr1 dtc4\">30m<\/td><\/tr><tr class=\" row2\"><td    class=\"dtr2 dtc0\">Hose Size<\/td><td    class=\"dtr2 dtc1\">6\u201d<\/td><td    class=\"dtr2 dtc2\">6\u201d<\/td><td    class=\"dtr2 dtc3\">6\u201d or 5\"<\/td><td    class=\"dtr2 dtc4\">4\" or 3\"<\/td><\/tr><tr class=\" row3\"><td    class=\"dtr3 dtc0\">Drive System<\/td><td  colspan=\"4\"   class=\"dtr3 dtc1\">Hydraulic or Electric<\/td><td  style=\"display: none\"   class=\"dtr3 dtc2\"><\/td><td  style=\"display: none\"   class=\"dtr3 dtc3\"><\/td><td  style=\"display: none\"   class=\"dtr3 dtc4\"><\/td><\/tr><tr class=\" row4\"><td    class=\"dtr4 dtc0\">Power Pack<\/td><td  colspan=\"4\"   class=\"dtr4 dtc1\">Mounted or Seperated or Other Source<\/td><td  style=\"display: none\"   class=\"dtr4 dtc2\"><\/td><td  style=\"display: none\"   class=\"dtr4 dtc3\"><\/td><td  style=\"display: none\"   class=\"dtr4 dtc4\"><\/td><\/tr><tr class=\" row5\"><td    class=\"dtr5 dtc0\">Crane Type<\/td><td  colspan=\"4\"   class=\"dtr5 dtc1\">Telescopic Arm or Foldable Telescopic<\/td><td  style=\"display: none\"   class=\"dtr5 dtc2\"><\/td><td  style=\"display: none\"   class=\"dtr5 dtc3\"><\/td><td  style=\"display: none\"   class=\"dtr5 dtc4\"><\/td><\/tr><tr class=\" row6\"><td    class=\"dtr6 dtc0\">Crane Lifting Capacity (SWL)<\/td><td  colspan=\"4\"   class=\"dtr6 dtc1\">3000 KG<\/td><td  style=\"display: none\"   class=\"dtr6 dtc2\"><\/td><td  style=\"display: none\"   class=\"dtr6 dtc3\"><\/td><td  style=\"display: none\"   class=\"dtr6 dtc4\"><\/td><\/tr><tr class=\" row7\"><td    class=\"dtr7 dtc0\">Crane Reach<\/td><td  colspan=\"4\"   class=\"dtr7 dtc1\">6m<\/td><td  style=\"display: none\"   class=\"dtr7 dtc2\"><\/td><td  style=\"display: none\"   class=\"dtr7 dtc3\"><\/td><td  style=\"display: none\"   class=\"dtr7 dtc4\"><\/td><\/tr><tr class=\" row8\"><td    class=\"dtr8 dtc0\">Storage Canvas<\/td><td  colspan=\"4\"   class=\"dtr8 dtc1\">Standard<\/td><td  style=\"display: none\"   class=\"dtr8 dtc2\"><\/td><td  style=\"display: none\"   class=\"dtr8 dtc3\"><\/td><td  style=\"display: none\"   class=\"dtr8 dtc4\"><\/td><\/tr><tr class=\" row9\"><td    class=\"dtr9 dtc0\">ISO container corners<\/td><td  colspan=\"4\"   class=\"dtr9 dtc1\">Standard<\/td><td  style=\"display: none\"   class=\"dtr9 dtc2\"><\/td><td  style=\"display: none\"   class=\"dtr9 dtc3\"><\/td><td  style=\"display: none\"   class=\"dtr9 dtc4\"><\/td><\/tr><tr class=\" row10\"><td    class=\"dtr10 dtc0\">Paint<\/td><td  colspan=\"4\"   class=\"dtr10 dtc1\">Marine Grade Coating (Standard)<\/td><td  style=\"display: none\"   class=\"dtr10 dtc2\"><\/td><td  style=\"display: none\"   class=\"dtr10 dtc3\"><\/td><td  style=\"display: none\"   class=\"dtr10 dtc4\"><\/td><\/tr><tr class=\" row11\"><td    class=\"dtr11 dtc0\">Marine Grade Coating (Standard)<\/td><td  colspan=\"4\"   class=\"dtr11 dtc1\">Optional<\/td><td  style=\"display: none\"   class=\"dtr11 dtc2\"><\/td><td  style=\"display: none\"   class=\"dtr11 dtc3\"><\/td><td  style=\"display: none\"   class=\"dtr11 dtc4\"><\/td><\/tr><tr class=\" row12\"><td    class=\"dtr12 dtc0\">Ex System<\/td><td  colspan=\"4\"   class=\"dtr12 dtc1\">Optional<\/td><td  style=\"display: none\"   class=\"dtr12 dtc2\"><\/td><td  style=\"display: none\"   class=\"dtr12 dtc3\"><\/td><td  style=\"display: none\"   class=\"dtr12 dtc4\"><\/td><\/tr><tr class=\" row13\"><td    class=\"dtr13 dtc0\">Mounted on<\/td><td    class=\"dtr13 dtc1\">20 ft skid<\/td><td    class=\"dtr13 dtc2\">20 ft skid<\/td><td    class=\"dtr13 dtc3\">10 ft skid<\/td><td    class=\"dtr13 dtc4\">10 ft skid<\/td><\/tr><\/tbody><tfoot><tr><td class=\"dtr13 dtc0\" style=\"height: 0;\"><\/td><td class=\"dtr13 dtc1\" style=\"height: 0;\"><\/td><td class=\"dtr13 dtc2\" style=\"height: 0;\"><\/td><td class=\"dtr13 dtc3\" style=\"height: 0;\"><\/td><td class=\"dtr13 dtc4\" style=\"height: 0;\"><\/td><\/tr><\/tfoot><\/table><\/div><style>#wptmtable108 .dataTables_wrapper > .dataTables_scroll {max-height:500px;overflow: auto;}<\/style><script>window.wptm_ajaxurl = 'https:\/\/mavideniz.com.tr\/wp-admin\/admin-ajax.php?juwpfisadmin=false&action=Wptm&'; window.wptm_front = 'https:\/\/mavideniz.com.tr\/wp-content\/plugins\/wp-table-manager\/app\/site\/assets\/'; window.wptm_style = 'https:\/\/mavideniz.com.tr\/wp-content\/uploads\/wptm\/';<\/script><\/div><style><\/style>\n","protected":false},"excerpt":{"rendered":"<p>Le d\u00e9vidoir ombilical est con\u00e7u pour r\u00e9pondre aux exigences des applications statiques + dynamiques + fonctions dans les op\u00e9rations sous-marines, [&hellip;]<\/p>\n","protected":false},"author":1,"featured_media":0,"parent":39917,"menu_order":0,"comment_status":"closed","ping_status":"closed","template":"","meta":{"site-sidebar-layout":"default","site-content-layout":"","ast-site-content-layout":"default","site-content-style":"default","site-sidebar-style":"default","ast-global-header-display":"","ast-banner-title-visibility":"","ast-main-header-display":"","ast-hfb-above-header-display":"","ast-hfb-below-header-display":"","ast-hfb-mobile-header-display":"","site-post-title":"","ast-breadcrumbs-content":"","ast-featured-img":"","footer-sml-layout":"","ast-disable-related-posts":"","theme-transparent-header-meta":"","adv-header-id-meta":"","stick-header-meta":"","header-above-stick-meta":"","header-main-stick-meta":"","header-below-stick-meta":"","astra-migrate-meta-layouts":"default","ast-page-background-enabled":"default","ast-page-background-meta":{"desktop":{"background-color":"var(--ast-global-color-5)","background-image":"","background-repeat":"repeat","background-position":"center center","background-size":"auto","background-attachment":"scroll","background-type":"","background-media":"","overlay-type":"","overlay-color":"","overlay-opacity":"","overlay-gradient":""},"tablet":{"background-color":"","background-image":"","background-repeat":"repeat","background-position":"center center","background-size":"auto","background-attachment":"scroll","background-type":"","background-media":"","overlay-type":"","overlay-color":"","overlay-opacity":"","overlay-gradient":""},"mobile":{"background-color":"","background-image":"","background-repeat":"repeat","background-position":"center center","background-size":"auto","background-attachment":"scroll","background-type":"","background-media":"","overlay-type":"","overlay-color":"","overlay-opacity":"","overlay-gradient":""}},"ast-content-background-meta":{"desktop":{"background-color":"var(--ast-global-color-4)","background-image":"","background-repeat":"repeat","background-position":"center center","background-size":"auto","background-attachment":"scroll","background-type":"","background-media":"","overlay-type":"","overlay-color":"","overlay-opacity":"","overlay-gradient":""},"tablet":{"background-color":"var(--ast-global-color-4)","background-image":"","background-repeat":"repeat","background-position":"center center","background-size":"auto","background-attachment":"scroll","background-type":"","background-media":"","overlay-type":"","overlay-color":"","overlay-opacity":"","overlay-gradient":""},"mobile":{"background-color":"var(--ast-global-color-4)","background-image":"","background-repeat":"repeat","background-position":"center center","background-size":"auto","background-attachment":"scroll","background-type":"","background-media":"","overlay-type":"","overlay-color":"","overlay-opacity":"","overlay-gradient":""}},"footnotes":""},"class_list":["post-39957","page","type-page","status-publish","hentry"],"_links":{"self":[{"href":"https:\/\/mavideniz.com.tr\/fr\/wp-json\/wp\/v2\/pages\/39957","targetHints":{"allow":["GET"]}}],"collection":[{"href":"https:\/\/mavideniz.com.tr\/fr\/wp-json\/wp\/v2\/pages"}],"about":[{"href":"https:\/\/mavideniz.com.tr\/fr\/wp-json\/wp\/v2\/types\/page"}],"author":[{"embeddable":true,"href":"https:\/\/mavideniz.com.tr\/fr\/wp-json\/wp\/v2\/users\/1"}],"replies":[{"embeddable":true,"href":"https:\/\/mavideniz.com.tr\/fr\/wp-json\/wp\/v2\/comments?post=39957"}],"version-history":[{"count":0,"href":"https:\/\/mavideniz.com.tr\/fr\/wp-json\/wp\/v2\/pages\/39957\/revisions"}],"up":[{"embeddable":true,"href":"https:\/\/mavideniz.com.tr\/fr\/wp-json\/wp\/v2\/pages\/39917"}],"wp:attachment":[{"href":"https:\/\/mavideniz.com.tr\/fr\/wp-json\/wp\/v2\/media?parent=39957"}],"curies":[{"name":"wp","href":"https:\/\/api.w.org\/{rel}","templated":true}]}}