{"id":40818,"date":"2022-10-23T11:43:09","date_gmt":"2022-10-23T11:43:09","guid":{"rendered":"https:\/\/mavideniz.com.tr\/?page_id=40818"},"modified":"2022-10-23T11:43:11","modified_gmt":"2022-10-23T11:43:11","slug":"ecremeur-dhuile-de-collecteur-darc","status":"publish","type":"page","link":"https:\/\/mavideniz.com.tr\/fr\/produits-industriels\/ecumeur-dhuile\/ecumeur-dhuile-monte-sur-navire\/ecremeur-dhuile-de-collecteur-darc\/","title":{"rendered":"\u00c9cr\u00e9meur d&rsquo;huile de collecteur d&rsquo;arc"},"content":{"rendered":"\n<p>Mavi Deniz, Bow Collector Oil Skimmer, est un syst\u00e8me d&rsquo;\u00e9cumeur d&rsquo;huile mont\u00e9 sur l&rsquo;\u00e9trave d&rsquo;un navire avec une unit\u00e9 de bande transporteuse \u00e0 brosse rigide mont\u00e9e sur l&rsquo;\u00e9trave du navire ou le bateau d&rsquo;\u00e9cumeur d&rsquo;huile. Skimmer peut recueillir les d\u00e9versements d&rsquo;hydrocarbures sur la surface de la mer ou de l&rsquo;eau. Le Bow Collector Skimmer est une unit\u00e9 portable qui peut \u00eatre branch\u00e9e sur n&rsquo;importe quel bateau de plaisance ou bateau \u00e0 huile Skimmer.<\/p>\n<p>Le syst\u00e8me d&rsquo;\u00e9cr\u00e9meuse de collecteur d&rsquo;\u00e9trave est exploit\u00e9 par des blocs d&rsquo;alimentation portables et tous les navires de mer et bateaux d&rsquo;\u00e9cr\u00e9meuse d&rsquo;huile, un syst\u00e8me hydraulique.<\/p>\n<p>Le convoyeur \u00e0 brosse Skimmer de Bow Collector s\u00e9pare et r\u00e9cup\u00e8re automatiquement les huiles, \u00e9mulsions et d\u00e9bris huileux de l&rsquo;eau et les d\u00e9livre au niveau du pont. L&rsquo;huile r\u00e9cup\u00e9r\u00e9e contient moins de 5 % d&rsquo;eau libre. La capacit\u00e9 de r\u00e9cup\u00e9ration s&rsquo;am\u00e9liore \u00e0 mesure que la viscosit\u00e9 de l&rsquo;huile augmente, et le syst\u00e8me peut recueillir de gros morceaux d&rsquo;huile flottante, d&rsquo;algues marines et de d\u00e9bris.<\/p>\n<p>Vitesse de travail de l&rsquo;huile Skimmer Bateau avec Bow Collector Skimmer est jusqu&rsquo;\u00e0 4 noeuds ; la vitesse de travail varie avec les conditions de la mer. La taille du Bow Collector Skimmer, le niveau de duret\u00e9 des brosses et la taille des bateaux Oil Skimmer peuvent \u00eatre organis\u00e9s en fonction des besoins du client.<\/p>\n<p><strong>Facultatif<\/strong><\/p>\n<ul>\n<li>Pompe hydraulique sans charge<\/li>\n<li>R\u00e9servoir de stockage des d\u00e9chets<\/li>\n<li>Blocs d&rsquo;alimentation portables 10\/15 CV<\/li>\n<\/ul>\n<div class=\"wptm_table tablesorter-bootstrap \" data-id=\"18\" data-hightlight=\"0\"><div class=\"wptm_buttons buttons_wptmTbl18\"><\/div><div class=\"wptmresponsive dataTables-wptmtable wptmtable \" id=\"wptmtable18\" data-tableid=\"wptmTbl18\"><table data-count-header=\"1\"  data-format-decimal_count=\"0\" data-format-decimal_symbol=\".\" data-format-symbol_position=\"0\" data-format-thousand_symbol=\",\"  data-format-currency_symbol=\"$\"  data-name-style=\"18_1759718356.css\" data-format=\"YYYY-MM-DD\" id=\"wptmTbl18\" data-id=\"18\" data-responsive=\"false\" data-hideCols=\"false\"  data-type=\"html\" data-paging=\"false\" data-searching=\"true\"  data-ordering=\"false\" data-table-breakpoint=\"980\" data-scroll-x=\"true\" data-scroll-collapse=\"true\" data-align=\"center\" data-range=\"[]\" data-hideColumn=\"[0,0,0,0]\"  data-colwidths=\"[285,285,285,285]\"  data-colwidths_desktop=[]  data-colwidths_tablet=[]  data-colwidths_mobile=[]  class=\"wptm_main_table  disablePager hideScrollHeader\"><colgroup><col data-dtr=\"0\" data-dtc=\"0\" class=\"dtc0\"><col data-dtr=\"0\" data-dtc=\"1\" class=\"dtc1\"><col data-dtr=\"0\" data-dtc=\"2\" class=\"dtc2\"><col data-dtr=\"0\" data-dtc=\"3\" class=\"dtc3\"><\/colgroup><thead><tr class=\"wptm-header-cells-index\"><th rowspan=\"1\" colspan=\"1\" data-dtr=\"0\" data-dtc=\"0\" class=\"dtr0 dtc0\"><\/th><th rowspan=\"1\" colspan=\"1\" data-dtr=\"0\" data-dtc=\"1\" class=\"dtr0 dtc1\"><\/th><th rowspan=\"1\" colspan=\"1\" data-dtr=\"0\" data-dtc=\"2\" class=\"dtr0 dtc2\"><\/th><th rowspan=\"1\" colspan=\"1\" data-dtr=\"0\" data-dtc=\"3\" class=\"dtr0 dtc3\"><\/th><\/tr><tr class=\" row0\"><th   data-priority=\"0\" class=\"dtr0 dtc0\"><\/th><th   data-priority=\"0\" class=\"dtr0 dtc1\">Mavi Bow 35<\/th><th   data-priority=\"0\" class=\"dtr0 dtc2\">Mavi Bow 50<\/th><th   data-priority=\"0\" class=\"dtr0 dtc3\">Mavi Bow 80<\/th><\/thead><tbody><tr class=\" row1\"><td    class=\"dtr1 dtc0\">Oil Recovery Capacity<\/td><td    class=\"dtr1 dtc1\">35 m\u00b3\/h<\/td><td    class=\"dtr1 dtc2\">50 m\u00b3\/h<\/td><td    class=\"dtr1 dtc3\">80 m\u00b3\/h<\/td><\/tr><tr class=\" row2\"><td    class=\"dtr2 dtc0\">Type<\/td><td    class=\"dtr2 dtc1\">Brush Conveyor Belt Unit<\/td><td    class=\"dtr2 dtc2\">Brush Conveyor Belt Unit<\/td><td    class=\"dtr2 dtc3\">Brush Conveyor Belt Unit<\/td><\/tr><tr class=\" row3\"><td    class=\"dtr3 dtc0\">Free Water Collected<\/td><td    class=\"dtr3 dtc1\">% 2<\/td><td    class=\"dtr3 dtc2\">% 2<\/td><td    class=\"dtr3 dtc3\">% 2<\/td><\/tr><tr class=\" row4\"><td    class=\"dtr4 dtc0\">Recovered Materials<\/td><td  colspan=\"3\"   class=\"dtr4 dtc1\">Oil, Emulsions, Debris, Garbage, Litter, Sargassum, and Seaweed<\/td><td  style=\"display: none\"   class=\"dtr4 dtc2\"><\/td><td  style=\"display: none\"   class=\"dtr4 dtc3\"><\/td><\/tr><tr class=\" row5\"><td    class=\"dtr5 dtc0\">Material<\/td><td    class=\"dtr5 dtc1\">Aluminium<\/td><td    class=\"dtr5 dtc2\">Aluminium<\/td><td    class=\"dtr5 dtc3\">Aluminium<\/td><\/tr><tr class=\" row6\"><td    class=\"dtr6 dtc0\">Hydraulic Pressure<\/td><td    class=\"dtr6 dtc1\">200 - 150 bar<\/td><td    class=\"dtr6 dtc2\">200 - 150 bar<\/td><td    class=\"dtr6 dtc3\">200 - 150 bar<\/td><\/tr><tr class=\" row7\"><td    class=\"dtr7 dtc0\">Oil Collection Speed<\/td><td    class=\"dtr7 dtc1\">Up to 4 knots<\/td><td    class=\"dtr7 dtc2\">Up to 4 knots<\/td><td    class=\"dtr7 dtc3\">Up to 4 knots<\/td><\/tr><tr class=\" row8\"><td    class=\"dtr8 dtc0\">Power Requirement<\/td><td    class=\"dtr8 dtc1\">10 HP<\/td><td    class=\"dtr8 dtc2\">10 HP<\/td><td    class=\"dtr8 dtc3\">10 HP<\/td><\/tr><tr class=\" row9\"><td    class=\"dtr9 dtc0\">Sweeping Arm Model<\/td><td    class=\"dtr9 dtc1\">Manual | Automatic<\/td><td    class=\"dtr9 dtc2\">Manual | Automatic<\/td><td    class=\"dtr9 dtc3\">Manual | Automatic<\/td><\/tr><tr class=\" row10\"><td    class=\"dtr10 dtc0\">Length<\/td><td    class=\"dtr10 dtc1\">2800 mm<\/td><td    class=\"dtr10 dtc2\">3800 mm<\/td><td    class=\"dtr10 dtc3\">4400 mm<\/td><\/tr><tr class=\" row11\"><td    class=\"dtr11 dtc0\">Width<\/td><td    class=\"dtr11 dtc1\">490 mm<\/td><td    class=\"dtr11 dtc2\">1000 mm<\/td><td    class=\"dtr11 dtc3\">1200 mm<\/td><\/tr><tr class=\" row12\"><td    class=\"dtr12 dtc0\">Draft<\/td><td    class=\"dtr12 dtc1\">Adjustable<\/td><td    class=\"dtr12 dtc2\">Adjustable<\/td><td    class=\"dtr12 dtc3\">Adjustable<\/td><\/tr><tr class=\" row13\"><td    class=\"dtr13 dtc0\">Weight<\/td><td    class=\"dtr13 dtc1\">180 kg<\/td><td    class=\"dtr13 dtc2\">300 kg<\/td><td    class=\"dtr13 dtc3\">450 kg<\/td><\/tr><tr class=\" row14\"><td    class=\"dtr14 dtc0\">Optional<\/td><td  colspan=\"3\"   class=\"dtr14 dtc1\">Hydraulic Offload Pump | Waste Storage Tank | Hydraulic Power Packs | Repair Kit | Spare Part | Hose Set<\/td><td  style=\"display: none\"   class=\"dtr14 dtc2\"><\/td><td  style=\"display: none\"   class=\"dtr14 dtc3\"><\/td><\/tr><\/tbody><tfoot><tr><td class=\"dtr14 dtc0\" style=\"height: 0;\"><\/td><td class=\"dtr14 dtc1\" style=\"height: 0;\"><\/td><td class=\"dtr14 dtc2\" style=\"height: 0;\"><\/td><td class=\"dtr14 dtc3\" style=\"height: 0;\"><\/td><\/tr><\/tfoot><\/table><\/div><style>#wptmtable18 .dataTables_wrapper > .dataTables_scroll {max-height:500px;overflow: auto;}<\/style><script>window.wptm_ajaxurl = 'https:\/\/mavideniz.com.tr\/wp-admin\/admin-ajax.php?juwpfisadmin=false&action=Wptm&'; window.wptm_front = 'https:\/\/mavideniz.com.tr\/wp-content\/plugins\/wp-table-manager\/app\/site\/assets\/'; window.wptm_style = 'https:\/\/mavideniz.com.tr\/wp-content\/uploads\/wptm\/';<\/script><\/div><style><\/style>\n","protected":false},"excerpt":{"rendered":"<p>Mavi Deniz, Bow Collector Oil Skimmer, est un syst\u00e8me d&rsquo;\u00e9cumeur d&rsquo;huile mont\u00e9 sur l&rsquo;\u00e9trave d&rsquo;un navire avec une unit\u00e9 de [&hellip;]<\/p>\n","protected":false},"author":1,"featured_media":0,"parent":40812,"menu_order":0,"comment_status":"closed","ping_status":"closed","template":"","meta":{"site-sidebar-layout":"default","site-content-layout":"","ast-site-content-layout":"default","site-content-style":"default","site-sidebar-style":"default","ast-global-header-display":"","ast-banner-title-visibility":"","ast-main-header-display":"","ast-hfb-above-header-display":"","ast-hfb-below-header-display":"","ast-hfb-mobile-header-display":"","site-post-title":"","ast-breadcrumbs-content":"","ast-featured-img":"","footer-sml-layout":"","ast-disable-related-posts":"","theme-transparent-header-meta":"","adv-header-id-meta":"","stick-header-meta":"","header-above-stick-meta":"","header-main-stick-meta":"","header-below-stick-meta":"","astra-migrate-meta-layouts":"default","ast-page-background-enabled":"default","ast-page-background-meta":{"desktop":{"background-color":"var(--ast-global-color-5)","background-image":"","background-repeat":"repeat","background-position":"center center","background-size":"auto","background-attachment":"scroll","background-type":"","background-media":"","overlay-type":"","overlay-color":"","overlay-opacity":"","overlay-gradient":""},"tablet":{"background-color":"","background-image":"","background-repeat":"repeat","background-position":"center center","background-size":"auto","background-attachment":"scroll","background-type":"","background-media":"","overlay-type":"","overlay-color":"","overlay-opacity":"","overlay-gradient":""},"mobile":{"background-color":"","background-image":"","background-repeat":"repeat","background-position":"center center","background-size":"auto","background-attachment":"scroll","background-type":"","background-media":"","overlay-type":"","overlay-color":"","overlay-opacity":"","overlay-gradient":""}},"ast-content-background-meta":{"desktop":{"background-color":"var(--ast-global-color-4)","background-image":"","background-repeat":"repeat","background-position":"center center","background-size":"auto","background-attachment":"scroll","background-type":"","background-media":"","overlay-type":"","overlay-color":"","overlay-opacity":"","overlay-gradient":""},"tablet":{"background-color":"var(--ast-global-color-4)","background-image":"","background-repeat":"repeat","background-position":"center center","background-size":"auto","background-attachment":"scroll","background-type":"","background-media":"","overlay-type":"","overlay-color":"","overlay-opacity":"","overlay-gradient":""},"mobile":{"background-color":"var(--ast-global-color-4)","background-image":"","background-repeat":"repeat","background-position":"center center","background-size":"auto","background-attachment":"scroll","background-type":"","background-media":"","overlay-type":"","overlay-color":"","overlay-opacity":"","overlay-gradient":""}},"footnotes":""},"class_list":["post-40818","page","type-page","status-publish","hentry"],"_links":{"self":[{"href":"https:\/\/mavideniz.com.tr\/fr\/wp-json\/wp\/v2\/pages\/40818","targetHints":{"allow":["GET"]}}],"collection":[{"href":"https:\/\/mavideniz.com.tr\/fr\/wp-json\/wp\/v2\/pages"}],"about":[{"href":"https:\/\/mavideniz.com.tr\/fr\/wp-json\/wp\/v2\/types\/page"}],"author":[{"embeddable":true,"href":"https:\/\/mavideniz.com.tr\/fr\/wp-json\/wp\/v2\/users\/1"}],"replies":[{"embeddable":true,"href":"https:\/\/mavideniz.com.tr\/fr\/wp-json\/wp\/v2\/comments?post=40818"}],"version-history":[{"count":0,"href":"https:\/\/mavideniz.com.tr\/fr\/wp-json\/wp\/v2\/pages\/40818\/revisions"}],"up":[{"embeddable":true,"href":"https:\/\/mavideniz.com.tr\/fr\/wp-json\/wp\/v2\/pages\/40812"}],"wp:attachment":[{"href":"https:\/\/mavideniz.com.tr\/fr\/wp-json\/wp\/v2\/media?parent=40818"}],"curies":[{"name":"wp","href":"https:\/\/api.w.org\/{rel}","templated":true}]}}