{"id":40862,"date":"2022-10-23T12:08:37","date_gmt":"2022-10-23T12:08:37","guid":{"rendered":"https:\/\/mavideniz.com.tr\/?page_id=40862"},"modified":"2022-10-23T12:08:40","modified_gmt":"2022-10-23T12:08:40","slug":"ecremeur-dhuile-catamaran-collector","status":"publish","type":"page","link":"https:\/\/mavideniz.com.tr\/fr\/produits-industriels\/ecumeur-dhuile\/ecumeur-dhuile-monte-sur-navire\/ecremeur-dhuile-catamaran-collector\/","title":{"rendered":"\u00c9cr\u00e9meur d&rsquo;huile Catamaran Collector"},"content":{"rendered":"\n<p>L&rsquo;unit\u00e9 d&rsquo;\u00e9cumage d&rsquo;huile Catamaran Collector attire s\u00e9lectivement les \u00e9mulsions d&rsquo;huile et d&rsquo;eau dans l&rsquo;huile, assurant la r\u00e9cup\u00e9ration compl\u00e8te de l&rsquo;huile d\u00e9vers\u00e9e entrant entre les coques. La brosse ol\u00e9ophile, le balai \u00e0 laver, le tambour ou le disque sont propuls\u00e9s entre les coques du catamaran \u00e0 la vitesse du navire au-dessus de l&rsquo;eau, sont pass\u00e9s dans l&rsquo;eau \u00e0 la proue du navire et sont r\u00e9cup\u00e9r\u00e9s dans le stockage du navire. Catamaran Collector est un \u00e9cumeur \u00e0 haute efficacit\u00e9 pour r\u00e9cup\u00e9rer l&rsquo;huile flottante sur l&rsquo;eau.<\/p>\n<p>Le succ\u00e8s du syst\u00e8me d&rsquo;\u00e9cumage d&rsquo;huile Catamaran r\u00e9side dans la performance extr\u00eamement \u00e9lev\u00e9e de la capacit\u00e9 de r\u00e9cup\u00e9ration d&rsquo;huile, qui peut recueillir une large gamme de types d&rsquo;huile et une large gamme de conditions d&rsquo;exploitation. La cl\u00e9 de fonction du syst\u00e8me Skimmer converti g\u00e8re et s\u00e9pare l&rsquo;huile en une seule op\u00e9ration. La performance \u00e9lev\u00e9e du syst\u00e8me Skimmer maintient les nappes d&rsquo;huile \u00e9paisses et les reflets entre les coques du catamaran dans l&rsquo;unit\u00e9. La conception du syst\u00e8me de r\u00e9cup\u00e9ration d&rsquo;huile Catamaran fonctionne dans un navire p\u00e9trolier int\u00e9gr\u00e9, permettant un d\u00e9ploiement facile et s\u00fbr.<\/p>\n<p><strong>Caract\u00e9ristiques<\/strong><\/p>\n<ul>\n<li>Plusieurs modules ou un seul mod\u00e8le peuvent s&rsquo;int\u00e9grer entre la coque du catamaran<\/li>\n<li>Les modules ont un \u00e9cr\u00e9meur d&rsquo;huile \u00e0 haute efficacit\u00e9, jusqu&rsquo;\u00e0 95% de r\u00e9cup\u00e9ration.<\/li>\n<li>Catamaran Oil Skimmer Id\u00e9al \u00e0 utiliser Pr\u00e8s de la c\u00f4te, Port, C\u00f4tier ou Offshore, install\u00e9 \u00e0 l&rsquo;int\u00e9rieur des bateaux de travail anti-pollution ou des navires de r\u00e9cup\u00e9ration des d\u00e9versements d&rsquo;hydrocarbures.<\/li>\n<li>Toutes les huiles (l\u00e9g\u00e8res et lourdes) Types de viscosit\u00e9s<\/li>\n<li>Taux de r\u00e9cup\u00e9ration d&rsquo;huile jusqu&rsquo;\u00e0 200 m3\/heure<\/li>\n<li>Peut r\u00e9cup\u00e9rer les huiles \u00e0 une vitesse allant jusqu&rsquo;\u00e0 5 noeuds en bateau<\/li>\n<li>D\u00e9ploiement et op\u00e9rations simples et rapides<\/li>\n<li>Nouveaux projets de construction de navires ou de conversion de navires<\/li>\n<\/ul>\n<p><strong>Catamaran Collector &#8211; Modules d&rsquo;\u00e9cumeur d&rsquo;huile<\/strong><\/p>\n<ul>\n<li><strong>Brosse <\/strong><br \/>\nModuleLes brosses ont pivot\u00e9 vers le bas \u00e0 travers la nappe d&rsquo;huile, l&rsquo;huile recueillie sur les disques a \u00e9t\u00e9 enlev\u00e9e \u00e0 l&rsquo;aide de racloirs, et l&rsquo;huile s&rsquo;est \u00e9coul\u00e9e dans un r\u00e9servoir. Une pompe a d\u00e9charg\u00e9 l&rsquo;huile jusqu&rsquo;aux r\u00e9servoirs de collecte.<\/li>\n<li><strong>Module <\/strong><br \/>\nde disqueLes disques ont pivot\u00e9 vers le bas \u00e0 travers la nappe d&rsquo;huile, et l&rsquo;huile recueillie sur les disques a \u00e9t\u00e9 retir\u00e9e \u00e0 l&rsquo;aide de racleurs entre les disques. L&rsquo;huile s&rsquo;\u00e9coulait des disques, descendait dans les racloirs, et dans un r\u00e9servoir, o\u00f9 une pompe d\u00e9chargeait l&rsquo;huile vers les r\u00e9servoirs de collecte.<\/li>\n<li><strong>Module <\/strong><br \/>\nde<strong> tambourLes<\/strong> tambours ont pivot\u00e9 vers le bas \u00e0 travers la nappe d&rsquo;huile, et l&rsquo;huile recueillie sur les tambours a \u00e9t\u00e9 retir\u00e9e \u00e0 l&rsquo;aide de racleurs. L&rsquo;huile s&rsquo;\u00e9coulait des essuie-glaces dans un r\u00e9servoir, o\u00f9 une pompe d\u00e9chargeait l&rsquo;huile vers les r\u00e9servoirs de collecte.<\/li>\n<li><strong>Le <\/strong><br \/>\nmodule<strong> Mop<\/strong> attire s\u00e9lectivement les \u00e9mulsions d&rsquo;huile et d&rsquo;eau dans l&rsquo;huile, assurant la r\u00e9cup\u00e9ration compl\u00e8te de l&rsquo;huile d\u00e9vers\u00e9e entrant entre les coques. Les serpill\u00e8res \u00e0 corde ol\u00e9ophile sont propuls\u00e9es entre les coques lat\u00e9rales \u00e0 la vitesse du navire au-dessus de l&rsquo;eau, pass\u00e9es dans l&rsquo;eau \u00e0 la proue du navire, et r\u00e9cup\u00e9r\u00e9es sur un rouleau mont\u00e9 au milieu du navire. L&rsquo;huile est ensuite compl\u00e8tement retir\u00e9e de la corde lorsqu&rsquo;elle est press\u00e9e alors qu&rsquo;elle passe \u00e0 travers un essoreur pr\u00e8s de la proue de l&rsquo;\u00e9cumoire. L&rsquo;huile r\u00e9cup\u00e9r\u00e9e est recueillie dans un puisard sous l&rsquo;unit\u00e9 d&rsquo;essorage, puis transf\u00e9r\u00e9e par l&rsquo;interm\u00e9diaire d&rsquo;une pompe embarqu\u00e9e aux r\u00e9servoirs de stockage int\u00e9gr\u00e9s ou \u00e0 un stockage alternatif tel qu&rsquo;un r\u00e9servoir flottant.<\/li>\n<\/ul>\n<p>Les syst\u00e8mes d&rsquo;\u00e9cr\u00e9mage d&rsquo;huile Catamaran int\u00e8grent des syst\u00e8mes d&rsquo;extraction et de manutention d&rsquo;huile pour permettre un fonctionnement dans toutes les conditions. Les unit\u00e9s d&rsquo;\u00e9cumage d&rsquo;huile sont livr\u00e9es avec une unit\u00e9 d&rsquo;\u00e9cumage, une unit\u00e9 de pompe, une unit\u00e9 de puissance hydraulique et de transfert hydraulique. Le nombre de modules peut varier en cons\u00e9quence, en fonction de la largeur du canal de r\u00e9cup\u00e9ration du navire. En raison de l&rsquo;orientation entre les coques du navire, la capacit\u00e9 de r\u00e9cup\u00e9ration du syst\u00e8me de broussailles ne sera pas affect\u00e9e par les conditions maritimes.<\/p>\n<p>Les modules Brosse Skimmer &#8211; Disc Skimmer &#8211; Drum Skimmer Mop Skimmer peuvent s&rsquo;\u00e9lever et s&rsquo;abaisser au niveau fonctionnel par des v\u00e9rins hydrauliques, minimisant ainsi l&rsquo;intervention de l&rsquo;op\u00e9rateur et permettant au navire de se d\u00e9placer \u00e0 une vitesse plus \u00e9lev\u00e9e lorsqu&rsquo;il ne r\u00e9cup\u00e8re pas d&rsquo;huile.<\/p>\n<div class=\"wptm_table tablesorter-bootstrap \" data-id=\"19\" data-hightlight=\"0\"><div class=\"wptm_buttons buttons_wptmTbl19\"><\/div><div class=\"wptmresponsive dataTables-wptmtable wptmtable \" id=\"wptmtable19\" data-tableid=\"wptmTbl19\"><table data-count-header=\"1\"  data-format-decimal_count=\"0\" data-format-decimal_symbol=\".\" data-format-symbol_position=\"0\" data-format-thousand_symbol=\",\"  data-format-currency_symbol=\"$\"  data-name-style=\"19_1759718411.css\" data-format=\"YYYY-MM-DD\" id=\"wptmTbl19\" data-id=\"19\" data-responsive=\"false\" data-hideCols=\"false\"  data-type=\"html\" data-paging=\"false\" data-searching=\"true\"  data-ordering=\"false\" data-table-breakpoint=\"980\" data-scroll-x=\"true\" data-scroll-collapse=\"true\" data-align=\"center\" data-range=\"[]\" data-hideColumn=\"[0,0,0,0,0,0]\"  data-colwidths=\"[190,190,190,190,190,190]\"  data-colwidths_desktop=[]  data-colwidths_tablet=[]  data-colwidths_mobile=[]  class=\"wptm_main_table  disablePager hideScrollHeader\"><colgroup><col data-dtr=\"0\" data-dtc=\"0\" class=\"dtc0\"><col data-dtr=\"0\" data-dtc=\"1\" class=\"dtc1\"><col data-dtr=\"0\" data-dtc=\"2\" class=\"dtc2\"><col data-dtr=\"0\" data-dtc=\"3\" class=\"dtc3\"><col data-dtr=\"0\" data-dtc=\"4\" class=\"dtc4\"><col data-dtr=\"0\" data-dtc=\"5\" class=\"dtc5\"><\/colgroup><thead><tr class=\"wptm-header-cells-index\"><th rowspan=\"1\" colspan=\"1\" data-dtr=\"0\" data-dtc=\"0\" class=\"dtr0 dtc0\"><\/th><th rowspan=\"1\" colspan=\"1\" data-dtr=\"0\" data-dtc=\"1\" class=\"dtr0 dtc1\"><\/th><th rowspan=\"1\" colspan=\"1\" data-dtr=\"0\" data-dtc=\"2\" class=\"dtr0 dtc2\"><\/th><th rowspan=\"1\" colspan=\"1\" data-dtr=\"0\" data-dtc=\"3\" class=\"dtr0 dtc3\"><\/th><th rowspan=\"1\" colspan=\"1\" data-dtr=\"0\" data-dtc=\"4\" class=\"dtr0 dtc4\"><\/th><th rowspan=\"1\" colspan=\"1\" data-dtr=\"0\" data-dtc=\"5\" class=\"dtr0 dtc5\"><\/th><\/tr><tr class=\" row0\"><th   data-priority=\"0\" class=\"dtr0 dtc0\"><\/th><th   data-priority=\"0\" class=\"dtr0 dtc1\">CAT 30<\/th><th   data-priority=\"0\" class=\"dtr0 dtc2\">CAT 50<\/th><th   data-priority=\"0\" class=\"dtr0 dtc3\">CAT 70<\/th><th   data-priority=\"0\" class=\"dtr0 dtc4\">CAT 100<\/th><th   data-priority=\"0\" class=\"dtr0 dtc5\">CAT 200<\/th><\/thead><tbody><tr class=\" row1\"><td    class=\"dtr1 dtc0\">Oil Recovery Capacity<\/td><td    class=\"dtr1 dtc1\">30 m3\/h<\/td><td    class=\"dtr1 dtc2\">50 m3\/h<\/td><td    class=\"dtr1 dtc3\">70 m3\/h<\/td><td    class=\"dtr1 dtc4\">100 m3\/h<\/td><td    class=\"dtr1 dtc5\">200 m3\/h<\/td><\/tr><tr class=\" row2\"><td    class=\"dtr2 dtc0\">Length<\/td><td    class=\"dtr2 dtc1\">1.8 m<\/td><td    class=\"dtr2 dtc2\">2.4 m<\/td><td    class=\"dtr2 dtc3\">2.5 m<\/td><td    class=\"dtr2 dtc4\">3.3 m<\/td><td    class=\"dtr2 dtc5\">4.5 m<\/td><\/tr><tr class=\" row3\"><td    class=\"dtr3 dtc0\">Height<\/td><td    class=\"dtr3 dtc1\">0.95 m<\/td><td    class=\"dtr3 dtc2\">1.2 m<\/td><td    class=\"dtr3 dtc3\">1.4 m<\/td><td    class=\"dtr3 dtc4\">1.4 m<\/td><td    class=\"dtr3 dtc5\">1.8 m<\/td><\/tr><tr class=\" row4\"><td    class=\"dtr4 dtc0\">Wide<\/td><td    class=\"dtr4 dtc1\">1.5 m<\/td><td    class=\"dtr4 dtc2\">1.5 m<\/td><td    class=\"dtr4 dtc3\">1.4 m<\/td><td    class=\"dtr4 dtc4\">1.4 m<\/td><td    class=\"dtr4 dtc5\">1.8 m<\/td><\/tr><tr class=\" row5\"><td    class=\"dtr5 dtc0\">Weight<\/td><td    class=\"dtr5 dtc1\">90 kg<\/td><td    class=\"dtr5 dtc2\">180 kg<\/td><td    class=\"dtr5 dtc3\">400 kg<\/td><td    class=\"dtr5 dtc4\">850 kg<\/td><td    class=\"dtr5 dtc5\">1500 kg<\/td><\/tr><tr class=\" row6\"><td    class=\"dtr6 dtc0\">Sea Rates<\/td><td    class=\"dtr6 dtc1\">Up to Beaufort 5<\/td><td    class=\"dtr6 dtc2\">Up to Beaufort 5<\/td><td    class=\"dtr6 dtc3\">Up to Beaufort 5<\/td><td    class=\"dtr6 dtc4\">Up to Beaufort 5<\/td><td    class=\"dtr6 dtc5\">Up to Beaufort 5<\/td><\/tr><tr class=\" row7\"><td    class=\"dtr7 dtc0\">Oil Collection Speed<\/td><td    class=\"dtr7 dtc1\">Up to 4 knots<\/td><td    class=\"dtr7 dtc2\">Up to 4 knots<\/td><td    class=\"dtr7 dtc3\">Up to 4 knots<\/td><td    class=\"dtr7 dtc4\">Up to 4 knots<\/td><td    class=\"dtr7 dtc5\">Up to 4 knots<\/td><\/tr><tr class=\" row8\"><td    class=\"dtr8 dtc0\">Oil Recovery Efficiency<\/td><td    class=\"dtr8 dtc1\">% 95<\/td><td    class=\"dtr8 dtc2\">% 95<\/td><td    class=\"dtr8 dtc3\">% 95<\/td><td    class=\"dtr8 dtc4\">% 95<\/td><td    class=\"dtr8 dtc5\">% 95<\/td><\/tr><tr class=\" row9\"><td    class=\"dtr9 dtc0\">Oil Troughput Efficiency<\/td><td    class=\"dtr9 dtc1\">% 85<\/td><td    class=\"dtr9 dtc2\">% 85<\/td><td    class=\"dtr9 dtc3\">% 85<\/td><td    class=\"dtr9 dtc4\">% 85<\/td><td    class=\"dtr9 dtc5\">% 85<\/td><\/tr><\/tbody><tfoot><tr><td class=\"dtr9 dtc0\" style=\"height: 0;\"><\/td><td class=\"dtr9 dtc1\" style=\"height: 0;\"><\/td><td class=\"dtr9 dtc2\" style=\"height: 0;\"><\/td><td class=\"dtr9 dtc3\" style=\"height: 0;\"><\/td><td class=\"dtr9 dtc4\" style=\"height: 0;\"><\/td><td class=\"dtr9 dtc5\" style=\"height: 0;\"><\/td><\/tr><\/tfoot><\/table><\/div><style>#wptmtable19 .dataTables_wrapper > .dataTables_scroll {max-height:500px;overflow: auto;}<\/style><script>window.wptm_ajaxurl = 'https:\/\/mavideniz.com.tr\/wp-admin\/admin-ajax.php?juwpfisadmin=false&action=Wptm&'; window.wptm_front = 'https:\/\/mavideniz.com.tr\/wp-content\/plugins\/wp-table-manager\/app\/site\/assets\/'; window.wptm_style = 'https:\/\/mavideniz.com.tr\/wp-content\/uploads\/wptm\/';<\/script><\/div><style><\/style>\n","protected":false},"excerpt":{"rendered":"<p>L&rsquo;unit\u00e9 d&rsquo;\u00e9cumage d&rsquo;huile Catamaran Collector attire s\u00e9lectivement les \u00e9mulsions d&rsquo;huile et d&rsquo;eau dans l&rsquo;huile, assurant la r\u00e9cup\u00e9ration compl\u00e8te de l&rsquo;huile [&hellip;]<\/p>\n","protected":false},"author":1,"featured_media":0,"parent":40812,"menu_order":0,"comment_status":"closed","ping_status":"closed","template":"","meta":{"site-sidebar-layout":"default","site-content-layout":"","ast-site-content-layout":"default","site-content-style":"default","site-sidebar-style":"default","ast-global-header-display":"","ast-banner-title-visibility":"","ast-main-header-display":"","ast-hfb-above-header-display":"","ast-hfb-below-header-display":"","ast-hfb-mobile-header-display":"","site-post-title":"","ast-breadcrumbs-content":"","ast-featured-img":"","footer-sml-layout":"","ast-disable-related-posts":"","theme-transparent-header-meta":"","adv-header-id-meta":"","stick-header-meta":"","header-above-stick-meta":"","header-main-stick-meta":"","header-below-stick-meta":"","astra-migrate-meta-layouts":"default","ast-page-background-enabled":"default","ast-page-background-meta":{"desktop":{"background-color":"var(--ast-global-color-5)","background-image":"","background-repeat":"repeat","background-position":"center center","background-size":"auto","background-attachment":"scroll","background-type":"","background-media":"","overlay-type":"","overlay-color":"","overlay-opacity":"","overlay-gradient":""},"tablet":{"background-color":"","background-image":"","background-repeat":"repeat","background-position":"center center","background-size":"auto","background-attachment":"scroll","background-type":"","background-media":"","overlay-type":"","overlay-color":"","overlay-opacity":"","overlay-gradient":""},"mobile":{"background-color":"","background-image":"","background-repeat":"repeat","background-position":"center center","background-size":"auto","background-attachment":"scroll","background-type":"","background-media":"","overlay-type":"","overlay-color":"","overlay-opacity":"","overlay-gradient":""}},"ast-content-background-meta":{"desktop":{"background-color":"var(--ast-global-color-4)","background-image":"","background-repeat":"repeat","background-position":"center center","background-size":"auto","background-attachment":"scroll","background-type":"","background-media":"","overlay-type":"","overlay-color":"","overlay-opacity":"","overlay-gradient":""},"tablet":{"background-color":"var(--ast-global-color-4)","background-image":"","background-repeat":"repeat","background-position":"center center","background-size":"auto","background-attachment":"scroll","background-type":"","background-media":"","overlay-type":"","overlay-color":"","overlay-opacity":"","overlay-gradient":""},"mobile":{"background-color":"var(--ast-global-color-4)","background-image":"","background-repeat":"repeat","background-position":"center center","background-size":"auto","background-attachment":"scroll","background-type":"","background-media":"","overlay-type":"","overlay-color":"","overlay-opacity":"","overlay-gradient":""}},"footnotes":""},"class_list":["post-40862","page","type-page","status-publish","hentry"],"_links":{"self":[{"href":"https:\/\/mavideniz.com.tr\/fr\/wp-json\/wp\/v2\/pages\/40862","targetHints":{"allow":["GET"]}}],"collection":[{"href":"https:\/\/mavideniz.com.tr\/fr\/wp-json\/wp\/v2\/pages"}],"about":[{"href":"https:\/\/mavideniz.com.tr\/fr\/wp-json\/wp\/v2\/types\/page"}],"author":[{"embeddable":true,"href":"https:\/\/mavideniz.com.tr\/fr\/wp-json\/wp\/v2\/users\/1"}],"replies":[{"embeddable":true,"href":"https:\/\/mavideniz.com.tr\/fr\/wp-json\/wp\/v2\/comments?post=40862"}],"version-history":[{"count":0,"href":"https:\/\/mavideniz.com.tr\/fr\/wp-json\/wp\/v2\/pages\/40862\/revisions"}],"up":[{"embeddable":true,"href":"https:\/\/mavideniz.com.tr\/fr\/wp-json\/wp\/v2\/pages\/40812"}],"wp:attachment":[{"href":"https:\/\/mavideniz.com.tr\/fr\/wp-json\/wp\/v2\/media?parent=40862"}],"curies":[{"name":"wp","href":"https:\/\/api.w.org\/{rel}","templated":true}]}}