{"id":40866,"date":"2022-10-23T12:33:27","date_gmt":"2022-10-23T12:33:27","guid":{"rendered":"https:\/\/mavideniz.com.tr\/?page_id=40866"},"modified":"2022-10-23T12:33:29","modified_gmt":"2022-10-23T12:33:29","slug":"ecremeur-dhuile-a-courroie-inclinee","status":"publish","type":"page","link":"https:\/\/mavideniz.com.tr\/fr\/produits-industriels\/ecumeur-dhuile\/ecumeur-dhuile-monte-sur-navire\/ecremeur-dhuile-a-courroie-inclinee\/","title":{"rendered":"\u00c9cr\u00e9meur d&rsquo;huile \u00e0 courroie inclin\u00e9e"},"content":{"rendered":"\n<p>Mavi Deniz, Inclined belt Oil Skimmer est un syst\u00e8me d&rsquo;\u00e9cumeur haute performance mont\u00e9 sur bateau avec une brosse rigide ou en acier inoxydable pour r\u00e9cup\u00e9rer les d\u00e9versements d&rsquo;hydrocarbures flottants sur l&rsquo;eau et la surface de la mer. La haute performance de l&rsquo;\u00e9cumoire d&rsquo;huile \u00e0 courroie inclin\u00e9e maintient le travail dans les nappes d&rsquo;huile \u00e9paisses et les reflets.<\/p>\n<p>La conception permet un d\u00e9ploiement facile et s\u00fbr de l&rsquo;\u00e9cumoire d&rsquo;huile \u00e0 courroie inclin\u00e9e pour int\u00e9grer n&rsquo;importe quel navire. L&rsquo;\u00e9cumoire d&rsquo;huile \u00e0 courroie inclin\u00e9e peut \u00eatre mont\u00e9e sur la proue ou sur le c\u00f4t\u00e9 du navire et actionn\u00e9e par une puissance hydraulique portable.<\/p>\n<p>L&rsquo;\u00e9cumeur d&rsquo;huile \u00e0 brosse \u00e0 bande inclin\u00e9e construit \u00e0 partir d&rsquo;un filet permet \u00e0 l&rsquo;eau de s&rsquo;\u00e9couler et favorise l&rsquo;adh\u00e9rence de l&rsquo;huile. L&rsquo;huile est soulev\u00e9e \u00e0 bord et racl\u00e9e jusqu&rsquo;au stockage. L&rsquo;\u00e9cumeur d&rsquo;huile \u00e0 courroie inclin\u00e9e comprend \u00e9galement des dispositifs d&rsquo;enl\u00e8vement et de manipulation des d\u00e9bris pour permettre un fonctionnement dans des conditions non id\u00e9ales. L&rsquo;huile r\u00e9cup\u00e9r\u00e9e contient moins de 5 % d&rsquo;eau libre. La capacit\u00e9 de r\u00e9cup\u00e9ration s&rsquo;am\u00e9liore \u00e0 mesure que la viscosit\u00e9 de l&rsquo;huile augmente, et le syst\u00e8me peut recueillir de gros morceaux d&rsquo;huile flottante, d&rsquo;algues marines et de d\u00e9bris.<\/p>\n<p>Le succ\u00e8s de l&rsquo;\u00e9cumeur d&rsquo;huile \u00e0 courroie inclin\u00e9e r\u00e9side dans les performances extr\u00eamement \u00e9lev\u00e9es de l&rsquo;\u00e9cumeur d&rsquo;huile \u00e0 courroie inclin\u00e9e et recueille une large gamme de types de sol et une large gamme de conditions de fonctionnement. La caract\u00e9ristique essentielle de l&rsquo;\u00e9cumoire d&rsquo;huile \u00e0 courroie inclin\u00e9e est sa capacit\u00e9 \u00e0 g\u00e9rer et s\u00e9parer l&rsquo;huile en une seule op\u00e9ration.<\/p>\n<p>Vitesse de travail de l&rsquo;huile Skimmer Bateau avec Bow Collector Skimmer est jusqu&rsquo;\u00e0 4 noeuds ; la vitesse de travail varie avec les conditions de la mer. La taille du Bow Collector Skimmer, le niveau de duret\u00e9 des brosses et la taille des bateaux Oil Skimmer peuvent \u00eatre arrang\u00e9s pour le client.<\/p>\n<p><strong>Caract\u00e9ristiques<\/strong><\/p>\n<ul>\n<li>Inclined belt Oil Skimmer, Id\u00e9al pour les op\u00e9rations dans l&rsquo;intervention en cas de d\u00e9versement d&rsquo;hydrocarbures, Vessel of Opportunity Oil Skimming System (VOSS) \u00e0 proximit\u00e9 de la c\u00f4te, du port, de la c\u00f4te, en mer, D\u00e9ployer \u00e0 partir de bateau de travail, barge, remorqueur et navire d&rsquo;approvisionnement.<\/li>\n<li>Haute efficacit\u00e9, jusqu&rsquo;\u00e0 98 % de r\u00e9cup\u00e9ration<\/li>\n<li>Courroies sp\u00e9ciales pour les d\u00e9versements d&rsquo;hydrocarbures avec changement et fonctionnement faciles<\/li>\n<li>Toutes les huiles (l\u00e9g\u00e8res et lourdes) Types de viscosit\u00e9s<\/li>\n<li>Taux de r\u00e9cup\u00e9ration du p\u00e9trole : 30\/50\/100\/200\/300<\/li>\n<li>Broyeur De D\u00e9bris<\/li>\n<li>D\u00e9ploiement et op\u00e9rations simples et rapides<\/li>\n<li>Construction robuste tout en aluminium, rev\u00eatue de poudre<\/li>\n<\/ul>\n<div class=\"wptm_table tablesorter-bootstrap \" data-id=\"20\" data-hightlight=\"0\"><div class=\"wptm_buttons buttons_wptmTbl20\"><\/div><div class=\"wptmresponsive dataTables-wptmtable wptmtable \" id=\"wptmtable20\" data-tableid=\"wptmTbl20\"><table data-count-header=\"1\"  data-format-decimal_count=\"0\" data-format-decimal_symbol=\".\" data-format-symbol_position=\"0\" data-format-thousand_symbol=\",\"  data-format-currency_symbol=\"$\"  data-name-style=\"20_1759718479.css\" data-format=\"YYYY-MM-DD\" id=\"wptmTbl20\" data-id=\"20\" data-responsive=\"false\" data-hideCols=\"false\"  data-type=\"html\" data-paging=\"false\" data-searching=\"true\"  data-ordering=\"false\" data-table-breakpoint=\"980\" data-scroll-x=\"true\" data-scroll-collapse=\"true\" data-align=\"center\" data-range=\"[]\" data-hideColumn=\"[0,0,0,0,0,0]\"  data-colwidths=\"[190,190,190,190,190,190]\"  data-colwidths_desktop=[]  data-colwidths_tablet=[]  data-colwidths_mobile=[]  class=\"wptm_main_table  disablePager hideScrollHeader\"><colgroup><col data-dtr=\"0\" data-dtc=\"0\" class=\"dtc0\"><col data-dtr=\"0\" data-dtc=\"1\" class=\"dtc1\"><col data-dtr=\"0\" data-dtc=\"2\" class=\"dtc2\"><col data-dtr=\"0\" data-dtc=\"3\" class=\"dtc3\"><col data-dtr=\"0\" data-dtc=\"4\" class=\"dtc4\"><col data-dtr=\"0\" data-dtc=\"5\" class=\"dtc5\"><\/colgroup><thead><tr class=\"wptm-header-cells-index\"><th rowspan=\"1\" colspan=\"1\" data-dtr=\"0\" data-dtc=\"0\" class=\"dtr0 dtc0\"><\/th><th rowspan=\"1\" colspan=\"1\" data-dtr=\"0\" data-dtc=\"1\" class=\"dtr0 dtc1\"><\/th><th rowspan=\"1\" colspan=\"1\" data-dtr=\"0\" data-dtc=\"2\" class=\"dtr0 dtc2\"><\/th><th rowspan=\"1\" colspan=\"1\" data-dtr=\"0\" data-dtc=\"3\" class=\"dtr0 dtc3\"><\/th><th rowspan=\"1\" colspan=\"1\" data-dtr=\"0\" data-dtc=\"4\" class=\"dtr0 dtc4\"><\/th><th rowspan=\"1\" colspan=\"1\" data-dtr=\"0\" data-dtc=\"5\" class=\"dtr0 dtc5\"><\/th><\/tr><tr class=\" row0\"><th   data-priority=\"0\" class=\"dtr0 dtc0\"><\/th><th   data-priority=\"0\" class=\"dtr0 dtc1\">Bitumen Bow 35<\/th><th   data-priority=\"0\" class=\"dtr0 dtc2\">Bitumen Bow 50<\/th><th   data-priority=\"0\" class=\"dtr0 dtc3\">Bitumen Bow 80<\/th><th   data-priority=\"0\" class=\"dtr0 dtc4\">Bitumen Bow 100<\/th><th   data-priority=\"0\" class=\"dtr0 dtc5\">Bitumen Bow 200<\/th><\/thead><tbody><tr class=\" row1\"><td    class=\"dtr1 dtc0\">Oil Recovery Capacity<\/td><td    class=\"dtr1 dtc1\">35 m3\/h<\/td><td    class=\"dtr1 dtc2\">50 m3\/h<\/td><td    class=\"dtr1 dtc3\">80 m3\/h<\/td><td    class=\"dtr1 dtc4\">100 m3\/h<\/td><td    class=\"dtr1 dtc5\">200 m3\/h<\/td><\/tr><tr class=\" row2\"><td    class=\"dtr2 dtc0\">Type<\/td><td  colspan=\"5\"   class=\"dtr2 dtc1\">Wire Mesh Conveyor Belt Unit<\/td><td  style=\"display: none\"   class=\"dtr2 dtc2\"><\/td><td  style=\"display: none\"   class=\"dtr2 dtc3\"><\/td><td  style=\"display: none\"   class=\"dtr2 dtc4\"><\/td><td  style=\"display: none\"   class=\"dtr2 dtc5\"><\/td><\/tr><tr class=\" row3\"><td    class=\"dtr3 dtc0\">Recovered Materials<\/td><td  colspan=\"5\"   class=\"dtr3 dtc1\">Oil, Emulsions, Debris, Garbage, Litter, Sargassum, and Seaweed<\/td><td  style=\"display: none\"   class=\"dtr3 dtc2\"><\/td><td  style=\"display: none\"   class=\"dtr3 dtc3\"><\/td><td  style=\"display: none\"   class=\"dtr3 dtc4\"><\/td><td  style=\"display: none\"   class=\"dtr3 dtc5\"><\/td><\/tr><tr class=\" row4\"><td    class=\"dtr4 dtc0\">Recovered Materials<\/td><td  colspan=\"5\"   class=\"dtr4 dtc1\">Heavy Crude Oil, Heavy-Oil Emulsions, Oil Absorbents, Emulsions, Debris, Garbage, Litter, Sargassum, and Seaweed<\/td><td  style=\"display: none\"   class=\"dtr4 dtc2\"><\/td><td  style=\"display: none\"   class=\"dtr4 dtc3\"><\/td><td  style=\"display: none\"   class=\"dtr4 dtc4\"><\/td><td  style=\"display: none\"   class=\"dtr4 dtc5\"><\/td><\/tr><tr class=\" row5\"><td    class=\"dtr5 dtc0\">Material<\/td><td    class=\"dtr5 dtc1\">Aluminium<\/td><td    class=\"dtr5 dtc2\">Aluminium<\/td><td    class=\"dtr5 dtc3\">Aluminium<\/td><td    class=\"dtr5 dtc4\">Aluminium<\/td><td    class=\"dtr5 dtc5\">Aluminium<\/td><\/tr><tr class=\" row6\"><td    class=\"dtr6 dtc0\">Hydraulic Pressure<\/td><td    class=\"dtr6 dtc1\">200 - 150 bar<\/td><td    class=\"dtr6 dtc2\">200 - 150 bar<\/td><td    class=\"dtr6 dtc3\">200 - 150 bar<\/td><td    class=\"dtr6 dtc4\">200 - 150 bar<\/td><td    class=\"dtr6 dtc5\">200 - 150 bar<\/td><\/tr><tr class=\" row7\"><td    class=\"dtr7 dtc0\">Oil Collection Speed<\/td><td    class=\"dtr7 dtc1\">Up to 4 knots<\/td><td    class=\"dtr7 dtc2\">Up to 4 knots<\/td><td    class=\"dtr7 dtc3\">Up to 4 knots<\/td><td    class=\"dtr7 dtc4\">Up to 4 knots<\/td><td    class=\"dtr7 dtc5\">Up to 4 knots<\/td><\/tr><tr class=\" row8\"><td    class=\"dtr8 dtc0\">Oil Recovery Efficiency<\/td><td    class=\"dtr8 dtc1\">% 95<\/td><td    class=\"dtr8 dtc2\">% 95<\/td><td    class=\"dtr8 dtc3\">% 95<\/td><td    class=\"dtr8 dtc4\">% 95<\/td><td    class=\"dtr8 dtc5\">% 95<\/td><\/tr><tr class=\" row9\"><td    class=\"dtr9 dtc0\">Power Requirement<\/td><td    class=\"dtr9 dtc1\">10 HP<\/td><td    class=\"dtr9 dtc2\">10 HP<\/td><td    class=\"dtr9 dtc3\">10 HP<\/td><td    class=\"dtr9 dtc4\">10 HP<\/td><td    class=\"dtr9 dtc5\">10 HP<\/td><\/tr><tr class=\" row10\"><td    class=\"dtr10 dtc0\">Sweeping Arm Model<\/td><td    class=\"dtr10 dtc1\">Manual | Automatic<\/td><td    class=\"dtr10 dtc2\">Manual | Automatic<\/td><td    class=\"dtr10 dtc3\">Manual | Automatic<\/td><td    class=\"dtr10 dtc4\">Manual | Automatic<\/td><td    class=\"dtr10 dtc5\">Manual | Automatic<\/td><\/tr><tr class=\" row11\"><td    class=\"dtr11 dtc0\">Length<\/td><td    class=\"dtr11 dtc1\">1.8 m<\/td><td    class=\"dtr11 dtc2\">2.8 m<\/td><td    class=\"dtr11 dtc3\">3.8 m<\/td><td    class=\"dtr11 dtc4\">3.8 m<\/td><td    class=\"dtr11 dtc5\">4.5 m<\/td><\/tr><tr class=\" row12\"><td    class=\"dtr12 dtc0\">Wide<\/td><td    class=\"dtr12 dtc1\">0,5 m<\/td><td    class=\"dtr12 dtc2\">1 m<\/td><td    class=\"dtr12 dtc3\">1.2 m<\/td><td    class=\"dtr12 dtc4\">1.5 m<\/td><td    class=\"dtr12 dtc5\">1.8 m<\/td><\/tr><tr class=\" row13\"><td    class=\"dtr13 dtc0\">Weight<\/td><td    class=\"dtr13 dtc1\">180 kg<\/td><td    class=\"dtr13 dtc2\">180 kg<\/td><td    class=\"dtr13 dtc3\">400 kg<\/td><td    class=\"dtr13 dtc4\">850 kg<\/td><td    class=\"dtr13 dtc5\">1500 kg<\/td><\/tr><tr class=\" row14\"><td    class=\"dtr14 dtc0\">Mounted<\/td><td    class=\"dtr14 dtc1\">Bow or Side<\/td><td    class=\"dtr14 dtc2\">Bow or Side<\/td><td    class=\"dtr14 dtc3\">Bow or Side<\/td><td    class=\"dtr14 dtc4\">Bow or Side<\/td><td    class=\"dtr14 dtc5\">Bow or Side<\/td><\/tr><tr class=\" row15\"><td    class=\"dtr15 dtc0\">Draft<\/td><td    class=\"dtr15 dtc1\">Adjustable<\/td><td    class=\"dtr15 dtc2\">Adjustable<\/td><td    class=\"dtr15 dtc3\">Adjustable<\/td><td    class=\"dtr15 dtc4\">Adjustable<\/td><td    class=\"dtr15 dtc5\">Adjustable<\/td><\/tr><tr class=\" row16\"><td    class=\"dtr16 dtc0\">Optional<\/td><td  colspan=\"5\"   class=\"dtr16 dtc1\">Hydraulic Offload Pump | Waste Storage Tank | Hydraulic Power Packs | Repair Kit | Spare Part | Hose Set<\/td><td  style=\"display: none\"   class=\"dtr16 dtc2\"><\/td><td  style=\"display: none\"   class=\"dtr16 dtc3\"><\/td><td  style=\"display: none\"   class=\"dtr16 dtc4\"><\/td><td  style=\"display: none\"   class=\"dtr16 dtc5\"><\/td><\/tr><\/tbody><tfoot><tr><td class=\"dtr16 dtc0\" style=\"height: 0;\"><\/td><td class=\"dtr16 dtc1\" style=\"height: 0;\"><\/td><td class=\"dtr16 dtc2\" style=\"height: 0;\"><\/td><td class=\"dtr16 dtc3\" style=\"height: 0;\"><\/td><td class=\"dtr16 dtc4\" style=\"height: 0;\"><\/td><td class=\"dtr16 dtc5\" style=\"height: 0;\"><\/td><\/tr><\/tfoot><\/table><\/div><style>#wptmtable20 .dataTables_wrapper > .dataTables_scroll {max-height:550px;overflow: auto;}<\/style><script>window.wptm_ajaxurl = 'https:\/\/mavideniz.com.tr\/wp-admin\/admin-ajax.php?juwpfisadmin=false&action=Wptm&'; window.wptm_front = 'https:\/\/mavideniz.com.tr\/wp-content\/plugins\/wp-table-manager\/app\/site\/assets\/'; window.wptm_style = 'https:\/\/mavideniz.com.tr\/wp-content\/uploads\/wptm\/';<\/script><\/div><style><\/style>\n","protected":false},"excerpt":{"rendered":"<p>Mavi Deniz, Inclined belt Oil Skimmer est un syst\u00e8me d&rsquo;\u00e9cumeur haute performance mont\u00e9 sur bateau avec une brosse rigide ou [&hellip;]<\/p>\n","protected":false},"author":1,"featured_media":0,"parent":40812,"menu_order":0,"comment_status":"closed","ping_status":"closed","template":"","meta":{"site-sidebar-layout":"default","site-content-layout":"","ast-site-content-layout":"default","site-content-style":"default","site-sidebar-style":"default","ast-global-header-display":"","ast-banner-title-visibility":"","ast-main-header-display":"","ast-hfb-above-header-display":"","ast-hfb-below-header-display":"","ast-hfb-mobile-header-display":"","site-post-title":"","ast-breadcrumbs-content":"","ast-featured-img":"","footer-sml-layout":"","ast-disable-related-posts":"","theme-transparent-header-meta":"","adv-header-id-meta":"","stick-header-meta":"","header-above-stick-meta":"","header-main-stick-meta":"","header-below-stick-meta":"","astra-migrate-meta-layouts":"default","ast-page-background-enabled":"default","ast-page-background-meta":{"desktop":{"background-color":"var(--ast-global-color-5)","background-image":"","background-repeat":"repeat","background-position":"center center","background-size":"auto","background-attachment":"scroll","background-type":"","background-media":"","overlay-type":"","overlay-color":"","overlay-opacity":"","overlay-gradient":""},"tablet":{"background-color":"","background-image":"","background-repeat":"repeat","background-position":"center center","background-size":"auto","background-attachment":"scroll","background-type":"","background-media":"","overlay-type":"","overlay-color":"","overlay-opacity":"","overlay-gradient":""},"mobile":{"background-color":"","background-image":"","background-repeat":"repeat","background-position":"center center","background-size":"auto","background-attachment":"scroll","background-type":"","background-media":"","overlay-type":"","overlay-color":"","overlay-opacity":"","overlay-gradient":""}},"ast-content-background-meta":{"desktop":{"background-color":"var(--ast-global-color-4)","background-image":"","background-repeat":"repeat","background-position":"center center","background-size":"auto","background-attachment":"scroll","background-type":"","background-media":"","overlay-type":"","overlay-color":"","overlay-opacity":"","overlay-gradient":""},"tablet":{"background-color":"var(--ast-global-color-4)","background-image":"","background-repeat":"repeat","background-position":"center center","background-size":"auto","background-attachment":"scroll","background-type":"","background-media":"","overlay-type":"","overlay-color":"","overlay-opacity":"","overlay-gradient":""},"mobile":{"background-color":"var(--ast-global-color-4)","background-image":"","background-repeat":"repeat","background-position":"center center","background-size":"auto","background-attachment":"scroll","background-type":"","background-media":"","overlay-type":"","overlay-color":"","overlay-opacity":"","overlay-gradient":""}},"footnotes":""},"class_list":["post-40866","page","type-page","status-publish","hentry"],"_links":{"self":[{"href":"https:\/\/mavideniz.com.tr\/fr\/wp-json\/wp\/v2\/pages\/40866","targetHints":{"allow":["GET"]}}],"collection":[{"href":"https:\/\/mavideniz.com.tr\/fr\/wp-json\/wp\/v2\/pages"}],"about":[{"href":"https:\/\/mavideniz.com.tr\/fr\/wp-json\/wp\/v2\/types\/page"}],"author":[{"embeddable":true,"href":"https:\/\/mavideniz.com.tr\/fr\/wp-json\/wp\/v2\/users\/1"}],"replies":[{"embeddable":true,"href":"https:\/\/mavideniz.com.tr\/fr\/wp-json\/wp\/v2\/comments?post=40866"}],"version-history":[{"count":0,"href":"https:\/\/mavideniz.com.tr\/fr\/wp-json\/wp\/v2\/pages\/40866\/revisions"}],"up":[{"embeddable":true,"href":"https:\/\/mavideniz.com.tr\/fr\/wp-json\/wp\/v2\/pages\/40812"}],"wp:attachment":[{"href":"https:\/\/mavideniz.com.tr\/fr\/wp-json\/wp\/v2\/media?parent=40866"}],"curies":[{"name":"wp","href":"https:\/\/api.w.org\/{rel}","templated":true}]}}