{"id":40871,"date":"2022-10-23T12:41:57","date_gmt":"2022-10-23T12:41:57","guid":{"rendered":"https:\/\/mavideniz.com.tr\/?page_id=40871"},"modified":"2022-10-23T12:41:59","modified_gmt":"2022-10-23T12:41:59","slug":"ecremeur-dhuile-a-collecteur-lateral","status":"publish","type":"page","link":"https:\/\/mavideniz.com.tr\/fr\/produits-industriels\/ecumeur-dhuile\/ecumeur-dhuile-monte-sur-navire\/ecremeur-dhuile-a-collecteur-lateral\/","title":{"rendered":"\u00c9cr\u00e9meur d&rsquo;huile \u00e0 collecteur lat\u00e9ral"},"content":{"rendered":"\n<p>Mavi Deniz Side Collector Oil Skimmer est un syst\u00e8me d&rsquo;\u00e9cumage avanc\u00e9 mont\u00e9 lat\u00e9ralement pour remorqueurs, bateaux de travail et grands navires de ravitaillement en mer. En plus de l&rsquo;unit\u00e9 d&rsquo;\u00e9cumage sur un ou deux c\u00f4t\u00e9s du bateau de travail, le syst\u00e8me de collecte lat\u00e9ral total se compose g\u00e9n\u00e9ralement de bras de fl\u00e8che \u00e0 b\u00e9quilles automatiques ou manuelles et de rampes de balayage.<\/p>\n<p>Gr\u00e2ce \u00e0 la technologie \u00e9prouv\u00e9e de brosse rigide, Side Collector Oil Skimmer offre des performances et une s\u00e9curit\u00e9 \u00e9lev\u00e9es pour les op\u00e9rations de r\u00e9cup\u00e9ration des d\u00e9versements d&rsquo;hydrocarbures en eaux c\u00f4ti\u00e8res, terrestres et int\u00e9rieures. Le Side Collector fonctionne efficacement \u00e0 des vitesses de navire allant jusqu&rsquo;\u00e0 4 noeuds, ce qui se traduit par une excellente manoeuvrabilit\u00e9 du navire et un taux de rencontre d&rsquo;huile tr\u00e8s \u00e9lev\u00e9.<\/p>\n<p>La nouvelle g\u00e9n\u00e9ration de tapis convoyeur \u00e0 brosses est un syst\u00e8me d&rsquo;\u00e9cumage \u00e0 double effet pour le Side Collector Oil Skimmer. La bande transporteuse \u00e0 brosse \u00e0 double effet peut tourner dans les deux sens et poss\u00e8de un racleur \u00e0 brosse double qui permet l&rsquo;op\u00e9ration bidirectionnelle pour toutes sortes d&rsquo;huiles, de la lumi\u00e8re au plus lourd. En outre, le syst\u00e8me de collecteur lat\u00e9ral comporte une plaque arri\u00e8re r\u00e9glable pour r\u00e9guler l&rsquo;\u00e9coulement lors de la r\u00e9cup\u00e9ration d&rsquo;huiles visqueuses l\u00e9g\u00e8res, moyennes ou lourdes en am\u00e9liorant la s\u00e9lectivit\u00e9 pour s\u00e9parer les huiles.<\/p>\n<p>L&rsquo;huile rencontr\u00e9e est dirig\u00e9e vers l&rsquo;\u00e9cumoire et racl\u00e9e en direction de la pompe de transfert d&rsquo;huile hydraulique int\u00e9gr\u00e9e. Le nombre de cha\u00eenes de brosses s\u00e9lectionn\u00e9es d\u00e9pend de la taille du r\u00e9cipient et de la capacit\u00e9 requise.<\/p>\n<p>Avec une vitesse de r\u00e9cup\u00e9ration \u00e9lev\u00e9e, le syst\u00e8me de collecte lat\u00e9rale peut r\u00e9cup\u00e9rer la plus grande surface possible d&rsquo;une nappe de p\u00e9trole en expansion en mer. Le d\u00e9ploiement du syst\u00e8me peut commencer \u00e0 \u00e9cumer de l&rsquo;huile dans les minutes qui suivent l&rsquo;arriv\u00e9e sur le site et \u00eatre exploit\u00e9 par un petit \u00e9quipage n\u00e9cessitant tr\u00e8s peu de formation sp\u00e9cialis\u00e9e.<\/p>\n<p>Les plans d\u00e9taill\u00e9s et la conception du syst\u00e8me de collecte lat\u00e9rale sont con\u00e7us sur mesure pour chaque bateau afin d&rsquo;optimiser l&rsquo;efficacit\u00e9, le fonctionnement et la s\u00e9curit\u00e9, en tenant compte des caract\u00e9ristiques du bateau, des exigences de capacit\u00e9 et d&rsquo;autres facteurs.<\/p>\n<p>Le syst\u00e8me Side Collector peut s&rsquo;adapter \u00e0 diff\u00e9rents types et tailles de navires, servant d&rsquo;unit\u00e9s de r\u00e9cup\u00e9ration d&rsquo;huile install\u00e9es dans les nouveaux b\u00e2timents et les navires existants. Veuillez noter que les sp\u00e9cifications pr\u00e9sent\u00e9es ici sont des exemples d&rsquo;un syst\u00e8me simple face.<\/p>\n<p><strong>Facultatif<\/strong><\/p>\n<ul>\n<li>Pompe de transfert \u00e0 entra\u00eenement hydraulique<\/li>\n<li>Blocs d&rsquo;alimentation portables<\/li>\n<li>Grue \u00c0 Pic Hydraulique<\/li>\n<\/ul>\n<div class=\"wptm_table tablesorter-bootstrap \" data-id=\"21\" data-hightlight=\"0\"><div class=\"wptm_buttons buttons_wptmTbl21\"><\/div><div class=\"wptmresponsive dataTables-wptmtable wptmtable \" id=\"wptmtable21\" data-tableid=\"wptmTbl21\"><table data-count-header=\"1\"  data-format-decimal_count=\"0\" data-format-decimal_symbol=\".\" data-format-symbol_position=\"0\" data-format-thousand_symbol=\",\"  data-format-currency_symbol=\"$\"  data-name-style=\"21_1759718529.css\" data-format=\"YYYY-MM-DD\" id=\"wptmTbl21\" data-id=\"21\" data-responsive=\"false\" data-hideCols=\"false\"  data-type=\"html\" data-paging=\"false\" data-searching=\"true\"  data-ordering=\"false\" data-table-breakpoint=\"980\" data-scroll-x=\"true\" data-scroll-collapse=\"true\" data-align=\"center\" data-range=\"[]\" data-hideColumn=\"[0,0,0,0,0,0]\"  data-colwidths=\"[190,190,190,190,190,190]\"  data-colwidths_desktop=[]  data-colwidths_tablet=[]  data-colwidths_mobile=[]  class=\"wptm_main_table  disablePager hideScrollHeader\"><colgroup><col data-dtr=\"0\" data-dtc=\"0\" class=\"dtc0\"><col data-dtr=\"0\" data-dtc=\"1\" class=\"dtc1\"><col data-dtr=\"0\" data-dtc=\"2\" class=\"dtc2\"><col data-dtr=\"0\" data-dtc=\"3\" class=\"dtc3\"><col data-dtr=\"0\" data-dtc=\"4\" class=\"dtc4\"><col data-dtr=\"0\" data-dtc=\"5\" class=\"dtc5\"><\/colgroup><thead><tr class=\"wptm-header-cells-index\"><th rowspan=\"1\" colspan=\"1\" data-dtr=\"0\" data-dtc=\"0\" class=\"dtr0 dtc0\"><\/th><th rowspan=\"1\" colspan=\"1\" data-dtr=\"0\" data-dtc=\"1\" class=\"dtr0 dtc1\"><\/th><th rowspan=\"1\" colspan=\"1\" data-dtr=\"0\" data-dtc=\"2\" class=\"dtr0 dtc2\"><\/th><th rowspan=\"1\" colspan=\"1\" data-dtr=\"0\" data-dtc=\"3\" class=\"dtr0 dtc3\"><\/th><th rowspan=\"1\" colspan=\"1\" data-dtr=\"0\" data-dtc=\"4\" class=\"dtr0 dtc4\"><\/th><th rowspan=\"1\" colspan=\"1\" data-dtr=\"0\" data-dtc=\"5\" class=\"dtr0 dtc5\"><\/th><\/tr><tr class=\" row0\"><th   data-priority=\"0\" class=\"dtr0 dtc0\"><\/th><th   data-priority=\"0\" class=\"dtr0 dtc1\">Side Collector 35<\/th><th   data-priority=\"0\" class=\"dtr0 dtc2\">Side Collector 50<\/th><th   data-priority=\"0\" class=\"dtr0 dtc3\">Side Collector 80<\/th><th   data-priority=\"0\" class=\"dtr0 dtc4\">Side Collector 150<\/th><th   data-priority=\"0\" class=\"dtr0 dtc5\">Side Collector 250<\/th><\/thead><tbody><tr class=\" row1\"><td    class=\"dtr1 dtc0\">Oil Recovery Capacity<\/td><td    class=\"dtr1 dtc1\">35 m\u00b3\/h<\/td><td    class=\"dtr1 dtc2\">50 m\u00b3\/h<\/td><td    class=\"dtr1 dtc3\">80 m\u00b3\/h<\/td><td    class=\"dtr1 dtc4\">150 m\u00b3\/h<\/td><td    class=\"dtr1 dtc5\">250 m\u00b3\/h<\/td><\/tr><tr class=\" row2\"><td    class=\"dtr2 dtc0\">Free Water Content<\/td><td    class=\"dtr2 dtc1\">%5<\/td><td    class=\"dtr2 dtc2\">%5<\/td><td    class=\"dtr2 dtc3\">%5<\/td><td    class=\"dtr2 dtc4\">%5<\/td><td    class=\"dtr2 dtc5\">%5<\/td><\/tr><tr class=\" row3\"><td    class=\"dtr3 dtc0\">Oil Collection Speed<\/td><td    class=\"dtr3 dtc1\">Up to 4 knots<\/td><td    class=\"dtr3 dtc2\">Up to 4 knots<\/td><td    class=\"dtr3 dtc3\">Up to 4 knots<\/td><td    class=\"dtr3 dtc4\">Up to 4 knots<\/td><td    class=\"dtr3 dtc5\">Up to 4 knots<\/td><\/tr><tr class=\" row4\"><td    class=\"dtr4 dtc0\">Side Collector Type<\/td><td  colspan=\"5\"   class=\"dtr4 dtc1\">Side Collector Brush Conveyor Belt Unit  (Standard) | Side Collector Disc Module Unit (Optional)<\/td><td  style=\"display: none\"   class=\"dtr4 dtc2\"><\/td><td  style=\"display: none\"   class=\"dtr4 dtc3\"><\/td><td  style=\"display: none\"   class=\"dtr4 dtc4\"><\/td><td  style=\"display: none\"   class=\"dtr4 dtc5\"><\/td><\/tr><tr class=\" row5\"><td    class=\"dtr5 dtc0\">Recovered Materials<\/td><td  colspan=\"5\"   class=\"dtr5 dtc1\">Oil, Emulsions, Debris, Garbage, Litter, Sargassum, and Seaweed<\/td><td  style=\"display: none\"   class=\"dtr5 dtc2\"><\/td><td  style=\"display: none\"   class=\"dtr5 dtc3\"><\/td><td  style=\"display: none\"   class=\"dtr5 dtc4\"><\/td><td  style=\"display: none\"   class=\"dtr5 dtc5\"><\/td><\/tr><tr class=\" row6\"><td    class=\"dtr6 dtc0\">Side Collector Material<\/td><td    class=\"dtr6 dtc1\">Aluminium<\/td><td    class=\"dtr6 dtc2\">Aluminium<\/td><td    class=\"dtr6 dtc3\">Aluminium<\/td><td    class=\"dtr6 dtc4\">Aluminium<\/td><td    class=\"dtr6 dtc5\">Aluminium<\/td><\/tr><tr class=\" row7\"><td    class=\"dtr7 dtc0\">Sweep Boom Type<\/td><td  colspan=\"5\"   class=\"dtr7 dtc1\">Solid Oil Fence Boom | Inflatable Boom<\/td><td  style=\"display: none\"   class=\"dtr7 dtc2\"><\/td><td  style=\"display: none\"   class=\"dtr7 dtc3\"><\/td><td  style=\"display: none\"   class=\"dtr7 dtc4\"><\/td><td  style=\"display: none\"   class=\"dtr7 dtc5\"><\/td><\/tr><tr class=\" row8\"><td    class=\"dtr8 dtc0\">Jib Arm Type<\/td><td    class=\"dtr8 dtc1\">Manual | Telescopic<\/td><td    class=\"dtr8 dtc2\">Manual | Telescopic<\/td><td    class=\"dtr8 dtc3\">Manual | Telescopic<\/td><td    class=\"dtr8 dtc4\">Manual | Telescopic<\/td><td    class=\"dtr8 dtc5\">Manual | Telescopic<\/td><\/tr><tr class=\" row9\"><td    class=\"dtr9 dtc0\">Length<\/td><td    class=\"dtr9 dtc1\">1800 mm<\/td><td    class=\"dtr9 dtc2\">2300 mm<\/td><td    class=\"dtr9 dtc3\">2300 mm<\/td><td    class=\"dtr9 dtc4\">2300 mm<\/td><td    class=\"dtr9 dtc5\">3000 mm<\/td><\/tr><tr class=\" row10\"><td    class=\"dtr10 dtc0\">Height<\/td><td    class=\"dtr10 dtc1\">1400 mm<\/td><td    class=\"dtr10 dtc2\">400 mm<\/td><td    class=\"dtr10 dtc3\">1900 mm<\/td><td    class=\"dtr10 dtc4\">2200 mm<\/td><td    class=\"dtr10 dtc5\">2800 mm<\/td><\/tr><tr class=\" row11\"><td    class=\"dtr11 dtc0\">Wide<\/td><td    class=\"dtr11 dtc1\">580 mm<\/td><td    class=\"dtr11 dtc2\">650 mm<\/td><td    class=\"dtr11 dtc3\">850 mm<\/td><td    class=\"dtr11 dtc4\">950 mm<\/td><td    class=\"dtr11 dtc5\">1500 mm<\/td><\/tr><tr class=\" row12\"><td    class=\"dtr12 dtc0\">Weight<\/td><td    class=\"dtr12 dtc1\">100 kg<\/td><td    class=\"dtr12 dtc2\">250 kg<\/td><td    class=\"dtr12 dtc3\">450 kg<\/td><td    class=\"dtr12 dtc4\">650 kg<\/td><td    class=\"dtr12 dtc5\">800 kg<\/td><\/tr><tr class=\" row13\"><td    class=\"dtr13 dtc0\">Hydraulic Pressure<\/td><td    class=\"dtr13 dtc1\">200 - 150 bar<\/td><td    class=\"dtr13 dtc2\">200 - 150 bar<\/td><td    class=\"dtr13 dtc3\">200 - 150 bar<\/td><td    class=\"dtr13 dtc4\">200 - 150 bar<\/td><td    class=\"dtr13 dtc5\">200 - 150 bar<\/td><\/tr><tr class=\" row14\"><td    class=\"dtr14 dtc0\">Power Requirement<\/td><td    class=\"dtr14 dtc1\">10 HP<\/td><td    class=\"dtr14 dtc2\">10 HP<\/td><td    class=\"dtr14 dtc3\">10 HP<\/td><td    class=\"dtr14 dtc4\">25 HP<\/td><td    class=\"dtr14 dtc5\">80 HP<\/td><\/tr><tr class=\" row15\"><td    class=\"dtr15 dtc0\">Optional<\/td><td  colspan=\"5\"   class=\"dtr15 dtc1\">Hydraulic Offload Pump | Control Panel | Remote control | Hydraulic Power Packs | Repair Kit | Spare Part | Hose Set | Hydraulic Jib Crane | Boom Reel<\/td><td  style=\"display: none\"   class=\"dtr15 dtc2\"><\/td><td  style=\"display: none\"   class=\"dtr15 dtc3\"><\/td><td  style=\"display: none\"   class=\"dtr15 dtc4\"><\/td><td  style=\"display: none\"   class=\"dtr15 dtc5\"><\/td><\/tr><\/tbody><tfoot><tr><td class=\"dtr15 dtc0\" style=\"height: 0;\"><\/td><td class=\"dtr15 dtc1\" style=\"height: 0;\"><\/td><td class=\"dtr15 dtc2\" style=\"height: 0;\"><\/td><td class=\"dtr15 dtc3\" style=\"height: 0;\"><\/td><td class=\"dtr15 dtc4\" style=\"height: 0;\"><\/td><td class=\"dtr15 dtc5\" style=\"height: 0;\"><\/td><\/tr><\/tfoot><\/table><\/div><style>#wptmtable21 .dataTables_wrapper > .dataTables_scroll {max-height:500px;overflow: auto;}<\/style><script>window.wptm_ajaxurl = 'https:\/\/mavideniz.com.tr\/wp-admin\/admin-ajax.php?juwpfisadmin=false&action=Wptm&'; window.wptm_front = 'https:\/\/mavideniz.com.tr\/wp-content\/plugins\/wp-table-manager\/app\/site\/assets\/'; window.wptm_style = 'https:\/\/mavideniz.com.tr\/wp-content\/uploads\/wptm\/';<\/script><\/div><style><\/style>\n","protected":false},"excerpt":{"rendered":"<p>Mavi Deniz Side Collector Oil Skimmer est un syst\u00e8me d&rsquo;\u00e9cumage avanc\u00e9 mont\u00e9 lat\u00e9ralement pour remorqueurs, bateaux de travail et grands [&hellip;]<\/p>\n","protected":false},"author":1,"featured_media":0,"parent":40812,"menu_order":0,"comment_status":"closed","ping_status":"closed","template":"","meta":{"site-sidebar-layout":"default","site-content-layout":"","ast-site-content-layout":"default","site-content-style":"default","site-sidebar-style":"default","ast-global-header-display":"","ast-banner-title-visibility":"","ast-main-header-display":"","ast-hfb-above-header-display":"","ast-hfb-below-header-display":"","ast-hfb-mobile-header-display":"","site-post-title":"","ast-breadcrumbs-content":"","ast-featured-img":"","footer-sml-layout":"","ast-disable-related-posts":"","theme-transparent-header-meta":"","adv-header-id-meta":"","stick-header-meta":"","header-above-stick-meta":"","header-main-stick-meta":"","header-below-stick-meta":"","astra-migrate-meta-layouts":"default","ast-page-background-enabled":"default","ast-page-background-meta":{"desktop":{"background-color":"var(--ast-global-color-5)","background-image":"","background-repeat":"repeat","background-position":"center center","background-size":"auto","background-attachment":"scroll","background-type":"","background-media":"","overlay-type":"","overlay-color":"","overlay-opacity":"","overlay-gradient":""},"tablet":{"background-color":"","background-image":"","background-repeat":"repeat","background-position":"center center","background-size":"auto","background-attachment":"scroll","background-type":"","background-media":"","overlay-type":"","overlay-color":"","overlay-opacity":"","overlay-gradient":""},"mobile":{"background-color":"","background-image":"","background-repeat":"repeat","background-position":"center center","background-size":"auto","background-attachment":"scroll","background-type":"","background-media":"","overlay-type":"","overlay-color":"","overlay-opacity":"","overlay-gradient":""}},"ast-content-background-meta":{"desktop":{"background-color":"var(--ast-global-color-4)","background-image":"","background-repeat":"repeat","background-position":"center center","background-size":"auto","background-attachment":"scroll","background-type":"","background-media":"","overlay-type":"","overlay-color":"","overlay-opacity":"","overlay-gradient":""},"tablet":{"background-color":"var(--ast-global-color-4)","background-image":"","background-repeat":"repeat","background-position":"center center","background-size":"auto","background-attachment":"scroll","background-type":"","background-media":"","overlay-type":"","overlay-color":"","overlay-opacity":"","overlay-gradient":""},"mobile":{"background-color":"var(--ast-global-color-4)","background-image":"","background-repeat":"repeat","background-position":"center center","background-size":"auto","background-attachment":"scroll","background-type":"","background-media":"","overlay-type":"","overlay-color":"","overlay-opacity":"","overlay-gradient":""}},"footnotes":""},"class_list":["post-40871","page","type-page","status-publish","hentry"],"_links":{"self":[{"href":"https:\/\/mavideniz.com.tr\/fr\/wp-json\/wp\/v2\/pages\/40871","targetHints":{"allow":["GET"]}}],"collection":[{"href":"https:\/\/mavideniz.com.tr\/fr\/wp-json\/wp\/v2\/pages"}],"about":[{"href":"https:\/\/mavideniz.com.tr\/fr\/wp-json\/wp\/v2\/types\/page"}],"author":[{"embeddable":true,"href":"https:\/\/mavideniz.com.tr\/fr\/wp-json\/wp\/v2\/users\/1"}],"replies":[{"embeddable":true,"href":"https:\/\/mavideniz.com.tr\/fr\/wp-json\/wp\/v2\/comments?post=40871"}],"version-history":[{"count":0,"href":"https:\/\/mavideniz.com.tr\/fr\/wp-json\/wp\/v2\/pages\/40871\/revisions"}],"up":[{"embeddable":true,"href":"https:\/\/mavideniz.com.tr\/fr\/wp-json\/wp\/v2\/pages\/40812"}],"wp:attachment":[{"href":"https:\/\/mavideniz.com.tr\/fr\/wp-json\/wp\/v2\/media?parent=40871"}],"curies":[{"name":"wp","href":"https:\/\/api.w.org\/{rel}","templated":true}]}}