{"id":40876,"date":"2022-10-23T13:04:39","date_gmt":"2022-10-23T13:04:39","guid":{"rendered":"https:\/\/mavideniz.com.tr\/?page_id=40876"},"modified":"2022-10-23T13:04:40","modified_gmt":"2022-10-23T13:04:40","slug":"ecremeur-dhuile-a-bras-de-balayage","status":"publish","type":"page","link":"https:\/\/mavideniz.com.tr\/fr\/produits-industriels\/ecumeur-dhuile\/ecumeur-dhuile-monte-sur-navire\/ecremeur-dhuile-a-bras-de-balayage\/","title":{"rendered":"\u00c9cr\u00e9meur d&rsquo;huile \u00e0 bras de balayage"},"content":{"rendered":"\n<p>Malgr\u00e9 toutes les mesures de pr\u00e9vention les plus r\u00e9centes contre les mar\u00e9es noires, celles-ci restent un v\u00e9ritable fl\u00e9au pour notre environnement. Pour minimiser les cons\u00e9quences environnementales et \u00e9conomiques, nous devons \u00eatre pr\u00eats \u00e0 r\u00e9pondre avec les derni\u00e8res ressources technologiques.<\/p>\n<p>Jusqu&rsquo;\u00e0 pr\u00e9sent, la r\u00e9cup\u00e9ration m\u00e9canique est la m\u00e9thode la plus \u00e9cologique pour les services de r\u00e9cup\u00e9ration de p\u00e9trole en mer. Par cons\u00e9quent, MAVI DENIZ \u00c9cr\u00e9meur d&rsquo;huile \u00e0 bras de balayage est l&rsquo;un des outils les plus appropri\u00e9s.<\/p>\n<p><strong>\u00c9cr\u00e9meur d&rsquo;huile \u00e0 bras de balayage<\/strong>, Rigid Construction, MAVI DENIZ \u00c9cr\u00e9meur d&rsquo;huile \u00e0 bras de balayage utilise une rampe de guidage rigide et concentr\u00e9e fix\u00e9e au navire d&rsquo;intervention. Un \u00e9cr\u00e9meur de d\u00e9versoir ou un \u00e9cr\u00e9meur de balais peut s&rsquo;ins\u00e9rer dans le bras au sommet en \u00ab V \u00bb \u00e0 c\u00f4t\u00e9 de la coque du navire. Une pompe transf\u00e8re l&rsquo;huile et l&rsquo;eau r\u00e9cup\u00e9r\u00e9es vers des r\u00e9servoirs embarqu\u00e9s, puis la s\u00e9paration du m\u00e9lange peut se poursuivre.<\/p>\n<p><strong>\u00c9cr\u00e9meur d&rsquo;huile \u00e0 bras de balayage<\/strong>, haute performance, \u00e9quip\u00e9 des pompes \u00e0 vis Archimedes actives, hydrauliques et immerg\u00e9es les plus efficaces, le syst\u00e8me MAVI DENIZ \u00c9cr\u00e9meur d&rsquo;huile \u00e0 bras de balayage peut r\u00e9cup\u00e9rer tout polluant flottant. Ces interrupteurs ne traversant pas l&rsquo;entr\u00e9e de la pompe peuvent \u00eatre r\u00e9cup\u00e9r\u00e9s en aval de la \u00ab porte grillag\u00e9e \u00bb. Un syst\u00e8me de vapeur haute pression peut s&rsquo;adapter \u00e0 la liqu\u00e9faction d&rsquo;huiles \u00e9paisses \u00e0 l&rsquo;entr\u00e9e et \u00e0 la sortie de la pompe pour l&rsquo;huile \u00e0 viscosit\u00e9 \u00e9lev\u00e9e.<\/p>\n<p><strong>Balayeuse d&rsquo;huile de bras<\/strong>, facile \u00e0 afficher, le syst\u00e8me de balayage MAVI DENIZ est mobile et facilement stock\u00e9 et transport\u00e9. Il ne manque que quelques personnes pour mettre en service le bras balayeur MAVI DENIZ. \u00c9tant donn\u00e9 que le syst\u00e8me est un dispositif flottant, presque tous les navires de mer ayant une capacit\u00e9 de r\u00e9cup\u00e9ration et une puissance suffisantes peuvent h\u00e9berger le syst\u00e8me. Exp\u00e9rience dans les navires de transformation anti-pollution, le d\u00e9partement ing\u00e9nierie et conception de MAVI DENIZ peut r\u00e9pondre \u00e0 toute demande optionnelle.<\/p>\n<p><strong>Facultatif<\/strong><\/p>\n<ul>\n<li>Entr\u00e9e de pompe d&rsquo;injection<\/li>\n<li>Sortie de la pompe d&rsquo;injection de vapeur<\/li>\n<li>Lignes de remorquage<\/li>\n<li>Tuyaux flexibles hydrauliques<\/li>\n<li>Pi\u00e8ces de rechange<\/li>\n<li>Unit\u00e9 de puissance hydraulique<\/li>\n<li>Grue multifonction<\/li>\n<li>Syst\u00e8me de commande \u00e0 distance<\/li>\n<li>Cassette \u00e9cr\u00e9meuse de convoyeur \u00e0 brosses<\/li>\n<\/ul>\n<div class=\"wptm_table tablesorter-bootstrap \" data-id=\"22\" data-hightlight=\"0\"><div class=\"wptm_buttons buttons_wptmTbl22\"><\/div><div class=\"wptmresponsive dataTables-wptmtable wptmtable \" id=\"wptmtable22\" data-tableid=\"wptmTbl22\"><table data-count-header=\"1\"  data-format-decimal_count=\"0\" data-format-decimal_symbol=\".\" data-format-symbol_position=\"0\" data-format-thousand_symbol=\",\"  data-format-currency_symbol=\"$\"  data-name-style=\"22_1759718590.css\" data-format=\"YYYY-MM-DD\" id=\"wptmTbl22\" data-id=\"22\" data-responsive=\"false\" data-hideCols=\"false\"  data-type=\"html\" data-paging=\"false\" data-searching=\"true\"  data-ordering=\"false\" data-table-breakpoint=\"980\" data-scroll-x=\"true\" data-scroll-collapse=\"true\" data-align=\"center\" data-range=\"[]\" data-hideColumn=\"[0,0,0,0,0]\"  data-colwidths=\"[228,228,228,228,228]\"  data-colwidths_desktop=[]  data-colwidths_tablet=[]  data-colwidths_mobile=[]  class=\"wptm_main_table  disablePager hideScrollHeader\"><colgroup><col data-dtr=\"0\" data-dtc=\"0\" class=\"dtc0\"><col data-dtr=\"0\" data-dtc=\"1\" class=\"dtc1\"><col data-dtr=\"0\" data-dtc=\"2\" class=\"dtc2\"><col data-dtr=\"0\" data-dtc=\"3\" class=\"dtc3\"><col data-dtr=\"0\" data-dtc=\"4\" class=\"dtc4\"><\/colgroup><thead><tr class=\"wptm-header-cells-index\"><th rowspan=\"1\" colspan=\"1\" data-dtr=\"0\" data-dtc=\"0\" class=\"dtr0 dtc0\"><\/th><th rowspan=\"1\" colspan=\"1\" data-dtr=\"0\" data-dtc=\"1\" class=\"dtr0 dtc1\"><\/th><th rowspan=\"1\" colspan=\"1\" data-dtr=\"0\" data-dtc=\"2\" class=\"dtr0 dtc2\"><\/th><th rowspan=\"1\" colspan=\"1\" data-dtr=\"0\" data-dtc=\"3\" class=\"dtr0 dtc3\"><\/th><th rowspan=\"1\" colspan=\"1\" data-dtr=\"0\" data-dtc=\"4\" class=\"dtr0 dtc4\"><\/th><\/tr><tr class=\" row0\"><th   data-priority=\"0\" class=\"dtr0 dtc0\"><\/th><th   data-priority=\"0\" class=\"dtr0 dtc1\">Sweeping Arm 8<\/th><th   data-priority=\"0\" class=\"dtr0 dtc2\">Sweeping Arm 10<\/th><th   data-priority=\"0\" class=\"dtr0 dtc3\">Sweeping Arm 12<\/th><th   data-priority=\"0\" class=\"dtr0 dtc4\">Sweeping Arm 15<\/th><\/thead><tbody><tr class=\" row1\"><td    class=\"dtr1 dtc0\">Oil Recovery Capacity<\/td><td  colspan=\"4\"   class=\"dtr1 dtc1\">100 m\u00b3\/h (standard) - 150 m\u00b3\/h (optional) - 200 m\u00b3\/h (optional) - 250 m\u00b3\/h (optional) - 300 m\u00b3\/h (optional) - 350 m\u00b3\/h (optional)<\/td><td  style=\"display: none\"   class=\"dtr1 dtc2\"><\/td><td  style=\"display: none\"   class=\"dtr1 dtc3\"><\/td><td  style=\"display: none\"   class=\"dtr1 dtc4\"><\/td><\/tr><tr class=\" row2\"><td    class=\"dtr2 dtc0\">Free Water Content<\/td><td    class=\"dtr2 dtc1\">&lt;5%<\/td><td    class=\"dtr2 dtc2\">&lt;5%<\/td><td    class=\"dtr2 dtc3\">&lt;5%<\/td><td    class=\"dtr2 dtc4\">&lt;5%<\/td><\/tr><tr class=\" row3\"><td    class=\"dtr3 dtc0\">Sea Condition<\/td><td    class=\"dtr3 dtc1\">Up to Beaufort 5<\/td><td    class=\"dtr3 dtc2\">Up to Beaufort 5<\/td><td    class=\"dtr3 dtc3\">Up to Beaufort 5<\/td><td    class=\"dtr3 dtc4\">Up to Beaufort 5<\/td><\/tr><tr class=\" row4\"><td    class=\"dtr4 dtc0\">Oil Collection Speed<\/td><td    class=\"dtr4 dtc1\">Up to 5 knots<\/td><td    class=\"dtr4 dtc2\">Up to 5 knots<\/td><td    class=\"dtr4 dtc3\">Up to 5 knots<\/td><td    class=\"dtr4 dtc4\">Up to 5 knots<\/td><\/tr><tr class=\" row5\"><td    class=\"dtr5 dtc0\">Length<\/td><td    class=\"dtr5 dtc1\">8 m<\/td><td    class=\"dtr5 dtc2\">10 m<\/td><td    class=\"dtr5 dtc3\">12 m<\/td><td    class=\"dtr5 dtc4\">15 m<\/td><\/tr><tr class=\" row6\"><td    class=\"dtr6 dtc0\">Pump Type<\/td><td  colspan=\"4\"   class=\"dtr6 dtc1\">Hydraulic heavy duty screw pump ( Others on request )<\/td><td  style=\"display: none\"   class=\"dtr6 dtc2\"><\/td><td  style=\"display: none\"   class=\"dtr6 dtc3\"><\/td><td  style=\"display: none\"   class=\"dtr6 dtc4\"><\/td><\/tr><tr class=\" row7\"><td    class=\"dtr7 dtc0\">Skimmer Type<\/td><td  colspan=\"4\"   class=\"dtr7 dtc1\">Weir  (standard) - Brush  (optional) - Disc (optional)<\/td><td  style=\"display: none\"   class=\"dtr7 dtc2\"><\/td><td  style=\"display: none\"   class=\"dtr7 dtc3\"><\/td><td  style=\"display: none\"   class=\"dtr7 dtc4\"><\/td><\/tr><\/tbody><tfoot><tr><td class=\"dtr7 dtc0\" style=\"height: 0;\"><\/td><td class=\"dtr7 dtc1\" style=\"height: 0;\"><\/td><td class=\"dtr7 dtc2\" style=\"height: 0;\"><\/td><td class=\"dtr7 dtc3\" style=\"height: 0;\"><\/td><td class=\"dtr7 dtc4\" style=\"height: 0;\"><\/td><\/tr><\/tfoot><\/table><\/div><style>#wptmtable22 .dataTables_wrapper > .dataTables_scroll {max-height:500px;overflow: auto;}<\/style><script>window.wptm_ajaxurl = 'https:\/\/mavideniz.com.tr\/wp-admin\/admin-ajax.php?juwpfisadmin=false&action=Wptm&'; window.wptm_front = 'https:\/\/mavideniz.com.tr\/wp-content\/plugins\/wp-table-manager\/app\/site\/assets\/'; window.wptm_style = 'https:\/\/mavideniz.com.tr\/wp-content\/uploads\/wptm\/';<\/script><\/div><style><\/style>\n","protected":false},"excerpt":{"rendered":"<p>Malgr\u00e9 toutes les mesures de pr\u00e9vention les plus r\u00e9centes contre les mar\u00e9es noires, celles-ci restent un v\u00e9ritable fl\u00e9au pour notre [&hellip;]<\/p>\n","protected":false},"author":1,"featured_media":0,"parent":40812,"menu_order":0,"comment_status":"closed","ping_status":"closed","template":"","meta":{"site-sidebar-layout":"default","site-content-layout":"","ast-site-content-layout":"default","site-content-style":"default","site-sidebar-style":"default","ast-global-header-display":"","ast-banner-title-visibility":"","ast-main-header-display":"","ast-hfb-above-header-display":"","ast-hfb-below-header-display":"","ast-hfb-mobile-header-display":"","site-post-title":"","ast-breadcrumbs-content":"","ast-featured-img":"","footer-sml-layout":"","ast-disable-related-posts":"","theme-transparent-header-meta":"","adv-header-id-meta":"","stick-header-meta":"","header-above-stick-meta":"","header-main-stick-meta":"","header-below-stick-meta":"","astra-migrate-meta-layouts":"default","ast-page-background-enabled":"default","ast-page-background-meta":{"desktop":{"background-color":"var(--ast-global-color-5)","background-image":"","background-repeat":"repeat","background-position":"center center","background-size":"auto","background-attachment":"scroll","background-type":"","background-media":"","overlay-type":"","overlay-color":"","overlay-opacity":"","overlay-gradient":""},"tablet":{"background-color":"","background-image":"","background-repeat":"repeat","background-position":"center center","background-size":"auto","background-attachment":"scroll","background-type":"","background-media":"","overlay-type":"","overlay-color":"","overlay-opacity":"","overlay-gradient":""},"mobile":{"background-color":"","background-image":"","background-repeat":"repeat","background-position":"center center","background-size":"auto","background-attachment":"scroll","background-type":"","background-media":"","overlay-type":"","overlay-color":"","overlay-opacity":"","overlay-gradient":""}},"ast-content-background-meta":{"desktop":{"background-color":"var(--ast-global-color-4)","background-image":"","background-repeat":"repeat","background-position":"center center","background-size":"auto","background-attachment":"scroll","background-type":"","background-media":"","overlay-type":"","overlay-color":"","overlay-opacity":"","overlay-gradient":""},"tablet":{"background-color":"var(--ast-global-color-4)","background-image":"","background-repeat":"repeat","background-position":"center center","background-size":"auto","background-attachment":"scroll","background-type":"","background-media":"","overlay-type":"","overlay-color":"","overlay-opacity":"","overlay-gradient":""},"mobile":{"background-color":"var(--ast-global-color-4)","background-image":"","background-repeat":"repeat","background-position":"center center","background-size":"auto","background-attachment":"scroll","background-type":"","background-media":"","overlay-type":"","overlay-color":"","overlay-opacity":"","overlay-gradient":""}},"footnotes":""},"class_list":["post-40876","page","type-page","status-publish","hentry"],"_links":{"self":[{"href":"https:\/\/mavideniz.com.tr\/fr\/wp-json\/wp\/v2\/pages\/40876","targetHints":{"allow":["GET"]}}],"collection":[{"href":"https:\/\/mavideniz.com.tr\/fr\/wp-json\/wp\/v2\/pages"}],"about":[{"href":"https:\/\/mavideniz.com.tr\/fr\/wp-json\/wp\/v2\/types\/page"}],"author":[{"embeddable":true,"href":"https:\/\/mavideniz.com.tr\/fr\/wp-json\/wp\/v2\/users\/1"}],"replies":[{"embeddable":true,"href":"https:\/\/mavideniz.com.tr\/fr\/wp-json\/wp\/v2\/comments?post=40876"}],"version-history":[{"count":0,"href":"https:\/\/mavideniz.com.tr\/fr\/wp-json\/wp\/v2\/pages\/40876\/revisions"}],"up":[{"embeddable":true,"href":"https:\/\/mavideniz.com.tr\/fr\/wp-json\/wp\/v2\/pages\/40812"}],"wp:attachment":[{"href":"https:\/\/mavideniz.com.tr\/fr\/wp-json\/wp\/v2\/media?parent=40876"}],"curies":[{"name":"wp","href":"https:\/\/api.w.org\/{rel}","templated":true}]}}