{"id":40880,"date":"2022-10-23T13:06:14","date_gmt":"2022-10-23T13:06:14","guid":{"rendered":"https:\/\/mavideniz.com.tr\/?page_id=40880"},"modified":"2022-10-23T13:07:15","modified_gmt":"2022-10-23T13:07:15","slug":"ecremeur-dhuile-weir","status":"publish","type":"page","link":"https:\/\/mavideniz.com.tr\/fr\/produits-industriels\/ecumeur-dhuile\/ecremeur-dhuile-weir\/","title":{"rendered":"\u00c9cr\u00e9meur d&rsquo;huile Weir"},"content":{"rendered":"\n<p>L&rsquo;\u00e9cumoire de barrage est con\u00e7ue pour r\u00e9cup\u00e9rer le p\u00e9trole d\u00e9vers\u00e9, l&rsquo;huile et les \u00e9mulsions d&rsquo;huile avec une gamme de viscosit\u00e9 moyenne \u00e0 \u00e9lev\u00e9e de 70 \u00e0 350 m3\/h \u00e0 partir de l&rsquo;huile flottant sur l&rsquo;eau dans des conditions m\u00e9t\u00e9orologiques calmes \u00e0 rudes. L&rsquo;\u00e9cr\u00e9meuse de d\u00e9versoir r\u00e9cup\u00e8re s\u00e9lectivement l&rsquo;huile au-dessus du sommet du d\u00e9versoir central situ\u00e9 juste en dessous de la surface sup\u00e9rieure de la nappe par la force de gravit\u00e9 dans un r\u00e9servoir primaire o\u00f9 elle est pomp\u00e9e pour \u00eatre stock\u00e9e. Le syst\u00e8me Weir Oil Skimmer se compose d&rsquo;une pompe + syst\u00e8me flottant + powerpack + d\u00e9vidoir + t\u00e9l\u00e9commande.<\/p>\n<p>Avec un d\u00e9versoir auto-r\u00e9glable, le mouvement vers l&rsquo;avant du syst\u00e8me d&rsquo;\u00e9cr\u00e9mage fournit l&rsquo;\u00e9coulement dans l&rsquo;\u00e9cr\u00e9meur. En fonction de la taille de l&rsquo;ouverture du d\u00e9versoir, l&rsquo;\u00e9cumoire acceptera la plupart de ce qu&rsquo;elle rencontre, lui permettant de manipuler des huiles tr\u00e8s visqueuses. Advancing Weir Skimmer r\u00e9cup\u00e8re g\u00e9n\u00e9ralement de grands volumes d&rsquo;eau ; la s\u00e9paration huile\/eau doit \u00eatre envisag\u00e9e pour augmenter l&rsquo;efficacit\u00e9 globale. L&rsquo;\u00e9cr\u00e9meuse de d\u00e9versoir cr\u00e9e un courant qui induit le flux d&rsquo;huile du d\u00e9versoir, et cet effet de concentration augmente l&rsquo;efficacit\u00e9 de r\u00e9cup\u00e9ration.<\/p>\n<p>Le syst\u00e8me Weir Oil Skimmer est g\u00e9n\u00e9ralement \u00e0 commande hydraulique ; des blocs d&rsquo;alimentation hydrauliques optionnels, diesel, gaz ou \u00e9lectrique, pneumatiques ou \u00e9lectriques, ainsi qu&rsquo;une commande manuelle ou \u00e0 distance sont possibles. Avec le syst\u00e8me ombilical et propulseur continu auto-flottant, Weir Oil Skimmer obtient la capacit\u00e9 de mouvement jusqu&rsquo;\u00e0 150 m\u00e8tres.<\/p>\n<p>La pompe peut \u00eatre int\u00e9gr\u00e9e ou externe pour Weir Skimmer, retir\u00e9e de l&rsquo;\u00e9cumoire, et utilis\u00e9e comme pompe de d\u00e9chargement de camion-citerne.<\/p>\n<p>La pompe \u00e0 vis centrifuge int\u00e9gr\u00e9e ne n\u00e9cessite pas d&rsquo;amor\u00e7age, g\u00e8re l&rsquo;huile visqueuse, tol\u00e8re la plupart des types de d\u00e9bris et ne forme pas d&rsquo;\u00e9mulsions huile\/eau.<\/p>\n<p>Une pompe externe peut \u00eatre install\u00e9e sur le d\u00e9versoir. La t\u00eate d&rsquo;\u00e9cr\u00e9mage de l&rsquo;\u00e9cr\u00e9meuse de d\u00e9versoir est g\u00e9n\u00e9ralement minuscule et maniable, ce qui permet son utilisation dans des espaces confin\u00e9s tels que les empilements de quais.<\/p>\n<p>L&rsquo;\u00e9cumoire traite tous les types d&rsquo;huile, du carburant diesel l\u00e9ger au p\u00e9trole brut lourd m\u00e9lang\u00e9 \u00e0 des d\u00e9bris. L&rsquo;\u00e9cran de protection s\u00e9curise l&rsquo;\u00e9cumoire, et aussi, couteaux de coupe sp\u00e9ciaux sont install\u00e9s dans les deux extr\u00e9mit\u00e9s d&rsquo;entr\u00e9e et de sortie de la pompe.<\/p>\n<p><strong>\u00c9cr\u00e9meuse d&rsquo;huile de d\u00e9versoir &#8211; Les applications d&rsquo;\u00e9cr\u00e9mage d&rsquo;huile sont divis\u00e9es en trois groupes ;<\/strong><\/p>\n<ul>\n<li>\u00c9cr\u00e9mage <strong>de p\u00e9trole<\/strong><br \/>\n\u00c9cr\u00e9meur de p\u00e9trole flottant de grande capacit\u00e9 qui \u00e9cr\u00e9me et s\u00e9pare le p\u00e9trole de la haute mer et du large<\/li>\n<li><strong>Eaux int\u00e9rieures + Eaux c\u00f4ti\u00e8res <\/strong><br \/>\n\u00c9cr\u00e9mage de p\u00e9trole\u00c9cr\u00e9meur de p\u00e9trole flottant de grande ou de faible capacit\u00e9 qui \u00e9cr\u00e9me et s\u00e9pare le p\u00e9trole des eaux int\u00e9rieures et c\u00f4ti\u00e8res<\/li>\n<li>\u00c9cr\u00e9mage <strong>d&rsquo;huile industrielle\u00c9cr\u00e9meur d&rsquo;<\/strong>huile flottant de grande ou de faible capacit\u00e9 qui \u00e9cume et se s\u00e9pare dans divers contextes industriels allant des activit\u00e9s de fabrication et de traitement \u00e0 la gestion des eaux us\u00e9es dans des environnements dangereux et corrosifs tels que<br \/>\n(eaux us\u00e9es + traitement des aliments + raffineries + aci\u00e9ries &#8211; mines d&rsquo;\u00e9cailles + usine de traitement d&rsquo;huile v\u00e9g\u00e9tale + usine chimique + traitement d&rsquo;huile)<\/li>\n<\/ul>\n<div class=\"wptm_table tablesorter-bootstrap \" data-id=\"147\" data-hightlight=\"0\"><div class=\"wptm_buttons buttons_wptmTbl147\"><\/div><div class=\"wptmresponsive dataTables-wptmtable wptmtable \" id=\"wptmtable147\" data-tableid=\"wptmTbl147\"><table data-count-header=\"1\"  data-format-decimal_count=\"0\" data-format-decimal_symbol=\".\" data-format-symbol_position=\"0\" data-format-thousand_symbol=\",\"  data-format-currency_symbol=\"$\"  data-name-style=\"147_1759717835.css\" data-format=\"YYYY-MM-DD\" id=\"wptmTbl147\" data-id=\"147\" data-responsive=\"false\" data-hideCols=\"false\"  data-type=\"html\" data-paging=\"false\" data-searching=\"true\"  data-ordering=\"false\" data-table-breakpoint=\"980\" data-scroll-x=\"true\" data-scroll-collapse=\"true\" data-align=\"center\" data-range=\"[]\" data-hideColumn=\"[0,0,0,0,0,0,0]\"  data-colwidths=\"[162,162,162,162,162,162,162]\"  data-colwidths_desktop=[]  data-colwidths_tablet=[]  data-colwidths_mobile=[]  class=\"wptm_main_table  disablePager hideScrollHeader\"><colgroup><col data-dtr=\"0\" data-dtc=\"0\" class=\"dtc0\"><col data-dtr=\"0\" data-dtc=\"1\" class=\"dtc1\"><col data-dtr=\"0\" data-dtc=\"2\" class=\"dtc2\"><col data-dtr=\"0\" data-dtc=\"3\" class=\"dtc3\"><col data-dtr=\"0\" data-dtc=\"4\" class=\"dtc4\"><col data-dtr=\"0\" data-dtc=\"5\" class=\"dtc5\"><col data-dtr=\"0\" data-dtc=\"6\" class=\"dtc6\"><\/colgroup><thead><tr class=\"wptm-header-cells-index\"><th rowspan=\"1\" colspan=\"1\" data-dtr=\"0\" data-dtc=\"0\" class=\"dtr0 dtc0\"><\/th><th rowspan=\"1\" colspan=\"1\" data-dtr=\"0\" data-dtc=\"1\" class=\"dtr0 dtc1\"><\/th><th rowspan=\"1\" colspan=\"1\" data-dtr=\"0\" data-dtc=\"2\" class=\"dtr0 dtc2\"><\/th><th rowspan=\"1\" colspan=\"1\" data-dtr=\"0\" data-dtc=\"3\" class=\"dtr0 dtc3\"><\/th><th rowspan=\"1\" colspan=\"1\" data-dtr=\"0\" data-dtc=\"4\" class=\"dtr0 dtc4\"><\/th><th rowspan=\"1\" colspan=\"1\" data-dtr=\"0\" data-dtc=\"5\" class=\"dtr0 dtc5\"><\/th><th rowspan=\"1\" colspan=\"1\" data-dtr=\"0\" data-dtc=\"6\" class=\"dtr0 dtc6\"><\/th><\/tr><tr class=\" row0\"><th   data-priority=\"0\" class=\"dtr0 dtc0\"><\/th><th   data-priority=\"0\" class=\"dtr0 dtc1\">Weir 50<\/th><th   data-priority=\"0\" class=\"dtr0 dtc2\">Weir 40<\/th><th   data-priority=\"0\" class=\"dtr0 dtc3\">Weir 30<\/th><th   data-priority=\"0\" class=\"dtr0 dtc4\">Weir 20<\/th><th   data-priority=\"0\" class=\"dtr0 dtc5\">Weir 10<\/th><th   data-priority=\"0\" class=\"dtr0 dtc6\">Weir 5<\/th><\/thead><tbody><tr class=\" row1\"><td    class=\"dtr1 dtc0\">Capacity<\/td><td    class=\"dtr1 dtc1\">350 m\u00b3\/h<\/td><td    class=\"dtr1 dtc2\">250 m\u00b3\/h<\/td><td    class=\"dtr1 dtc3\">30 m\u00b3\/h<\/td><td    class=\"dtr1 dtc4\">20 m\u00b3\/h<\/td><td    class=\"dtr1 dtc5\">10 m\u00b3\/h<\/td><td    class=\"dtr1 dtc6\">20 m\u00b3\/h<\/td><\/tr><tr class=\" row2\"><td    class=\"dtr2 dtc0\">Type<\/td><td  colspan=\"6\"   class=\"dtr2 dtc1\">Proven self-adjusting flow controlled inlet weir<\/td><td  style=\"display: none\"   class=\"dtr2 dtc2\"><\/td><td  style=\"display: none\"   class=\"dtr2 dtc3\"><\/td><td  style=\"display: none\"   class=\"dtr2 dtc4\"><\/td><td  style=\"display: none\"   class=\"dtr2 dtc5\"><\/td><td  style=\"display: none\"   class=\"dtr2 dtc6\"><\/td><\/tr><tr class=\" row3\"><td    class=\"dtr3 dtc0\">Skimmer Material<\/td><td  colspan=\"6\"   class=\"dtr3 dtc1\">3-pontoon with stainless steel floating frame<\/td><td  style=\"display: none\"   class=\"dtr3 dtc2\"><\/td><td  style=\"display: none\"   class=\"dtr3 dtc3\"><\/td><td  style=\"display: none\"   class=\"dtr3 dtc4\"><\/td><td  style=\"display: none\"   class=\"dtr3 dtc5\"><\/td><td  style=\"display: none\"   class=\"dtr3 dtc6\"><\/td><\/tr><tr class=\" row4\"><td    class=\"dtr4 dtc0\">Hydraulic Pressure<\/td><td  colspan=\"6\"   class=\"dtr4 dtc1\">Max. 300 - 250 bar<\/td><td  style=\"display: none\"   class=\"dtr4 dtc2\"><\/td><td  style=\"display: none\"   class=\"dtr4 dtc3\"><\/td><td  style=\"display: none\"   class=\"dtr4 dtc4\"><\/td><td  style=\"display: none\"   class=\"dtr4 dtc5\"><\/td><td  style=\"display: none\"   class=\"dtr4 dtc6\"><\/td><\/tr><tr class=\" row5\"><td    class=\"dtr5 dtc0\">Discharge Hose<\/td><td    class=\"dtr5 dtc1\">\u00d83\u201d 20 m Hose<\/td><td    class=\"dtr5 dtc2\">\u00d83\u201d 20 m Hose<\/td><td    class=\"dtr5 dtc3\">\u00d82\u201d 20 m Hose<\/td><td    class=\"dtr5 dtc4\">\u00d82\u201d 20 m Hose<\/td><td    class=\"dtr5 dtc5\">\u00d81.5\u201d 20 m Hose<\/td><td    class=\"dtr5 dtc6\">\u00d81\u201d 20 m Hose<\/td><\/tr><tr class=\" row6\"><td    class=\"dtr6 dtc0\">Dimention<\/td><td    class=\"dtr6 dtc1\">2 x 2 x 1.4 m<\/td><td    class=\"dtr6 dtc2\">2 x 2 x 1.2 m<\/td><td    class=\"dtr6 dtc3\">1.8 x 1.8 x 1.2 m<\/td><td    class=\"dtr6 dtc4\">1.8 x 1.6 x 1,1 m<\/td><td    class=\"dtr6 dtc5\">1.7 x 1.5 x 0.6 m<\/td><td    class=\"dtr6 dtc6\">1.5 x 1.3 x 0.6 m<\/td><\/tr><tr class=\" row7\"><td    class=\"dtr7 dtc0\">Optional<\/td><td  colspan=\"6\"   class=\"dtr7 dtc1\">Storage and Transport Container | Hose Reel (Hydraulic \/ Discharge) | Annular Water Injection Flange | Spare Parts | Repair Kit | Off-loading Archimedes Screw Pump | Thruster \/ Remote Control | Canvas Covers | Self Floating Umbilical Hose | Hose Handling Crane<\/td><td  style=\"display: none\"   class=\"dtr7 dtc2\"><\/td><td  style=\"display: none\"   class=\"dtr7 dtc3\"><\/td><td  style=\"display: none\"   class=\"dtr7 dtc4\"><\/td><td  style=\"display: none\"   class=\"dtr7 dtc5\"><\/td><td  style=\"display: none\"   class=\"dtr7 dtc6\"><\/td><\/tr><\/tbody><tfoot><tr><td class=\"dtr7 dtc0\" style=\"height: 0;\"><\/td><td class=\"dtr7 dtc1\" style=\"height: 0;\"><\/td><td class=\"dtr7 dtc2\" style=\"height: 0;\"><\/td><td class=\"dtr7 dtc3\" style=\"height: 0;\"><\/td><td class=\"dtr7 dtc4\" style=\"height: 0;\"><\/td><td class=\"dtr7 dtc5\" style=\"height: 0;\"><\/td><td class=\"dtr7 dtc6\" style=\"height: 0;\"><\/td><\/tr><\/tfoot><\/table><\/div><style>#wptmtable147 .dataTables_wrapper > .dataTables_scroll {max-height:500px;overflow: auto;}<\/style><script>window.wptm_ajaxurl = 'https:\/\/mavideniz.com.tr\/wp-admin\/admin-ajax.php?juwpfisadmin=false&action=Wptm&'; window.wptm_front = 'https:\/\/mavideniz.com.tr\/wp-content\/plugins\/wp-table-manager\/app\/site\/assets\/'; window.wptm_style = 'https:\/\/mavideniz.com.tr\/wp-content\/uploads\/wptm\/';<\/script><\/div><style><\/style>\n","protected":false},"excerpt":{"rendered":"<p>L&rsquo;\u00e9cumoire de barrage est con\u00e7ue pour r\u00e9cup\u00e9rer le p\u00e9trole d\u00e9vers\u00e9, l&rsquo;huile et les \u00e9mulsions d&rsquo;huile avec une gamme de viscosit\u00e9 [&hellip;]<\/p>\n","protected":false},"author":1,"featured_media":0,"parent":39917,"menu_order":0,"comment_status":"closed","ping_status":"closed","template":"","meta":{"site-sidebar-layout":"default","site-content-layout":"","ast-site-content-layout":"default","site-content-style":"default","site-sidebar-style":"default","ast-global-header-display":"","ast-banner-title-visibility":"","ast-main-header-display":"","ast-hfb-above-header-display":"","ast-hfb-below-header-display":"","ast-hfb-mobile-header-display":"","site-post-title":"","ast-breadcrumbs-content":"","ast-featured-img":"","footer-sml-layout":"","ast-disable-related-posts":"","theme-transparent-header-meta":"","adv-header-id-meta":"","stick-header-meta":"","header-above-stick-meta":"","header-main-stick-meta":"","header-below-stick-meta":"","astra-migrate-meta-layouts":"default","ast-page-background-enabled":"default","ast-page-background-meta":{"desktop":{"background-color":"var(--ast-global-color-5)","background-image":"","background-repeat":"repeat","background-position":"center center","background-size":"auto","background-attachment":"scroll","background-type":"","background-media":"","overlay-type":"","overlay-color":"","overlay-opacity":"","overlay-gradient":""},"tablet":{"background-color":"","background-image":"","background-repeat":"repeat","background-position":"center center","background-size":"auto","background-attachment":"scroll","background-type":"","background-media":"","overlay-type":"","overlay-color":"","overlay-opacity":"","overlay-gradient":""},"mobile":{"background-color":"","background-image":"","background-repeat":"repeat","background-position":"center center","background-size":"auto","background-attachment":"scroll","background-type":"","background-media":"","overlay-type":"","overlay-color":"","overlay-opacity":"","overlay-gradient":""}},"ast-content-background-meta":{"desktop":{"background-color":"var(--ast-global-color-4)","background-image":"","background-repeat":"repeat","background-position":"center center","background-size":"auto","background-attachment":"scroll","background-type":"","background-media":"","overlay-type":"","overlay-color":"","overlay-opacity":"","overlay-gradient":""},"tablet":{"background-color":"var(--ast-global-color-4)","background-image":"","background-repeat":"repeat","background-position":"center center","background-size":"auto","background-attachment":"scroll","background-type":"","background-media":"","overlay-type":"","overlay-color":"","overlay-opacity":"","overlay-gradient":""},"mobile":{"background-color":"var(--ast-global-color-4)","background-image":"","background-repeat":"repeat","background-position":"center center","background-size":"auto","background-attachment":"scroll","background-type":"","background-media":"","overlay-type":"","overlay-color":"","overlay-opacity":"","overlay-gradient":""}},"footnotes":""},"class_list":["post-40880","page","type-page","status-publish","hentry"],"_links":{"self":[{"href":"https:\/\/mavideniz.com.tr\/fr\/wp-json\/wp\/v2\/pages\/40880","targetHints":{"allow":["GET"]}}],"collection":[{"href":"https:\/\/mavideniz.com.tr\/fr\/wp-json\/wp\/v2\/pages"}],"about":[{"href":"https:\/\/mavideniz.com.tr\/fr\/wp-json\/wp\/v2\/types\/page"}],"author":[{"embeddable":true,"href":"https:\/\/mavideniz.com.tr\/fr\/wp-json\/wp\/v2\/users\/1"}],"replies":[{"embeddable":true,"href":"https:\/\/mavideniz.com.tr\/fr\/wp-json\/wp\/v2\/comments?post=40880"}],"version-history":[{"count":0,"href":"https:\/\/mavideniz.com.tr\/fr\/wp-json\/wp\/v2\/pages\/40880\/revisions"}],"up":[{"embeddable":true,"href":"https:\/\/mavideniz.com.tr\/fr\/wp-json\/wp\/v2\/pages\/39917"}],"wp:attachment":[{"href":"https:\/\/mavideniz.com.tr\/fr\/wp-json\/wp\/v2\/media?parent=40880"}],"curies":[{"name":"wp","href":"https:\/\/api.w.org\/{rel}","templated":true}]}}