{"id":40886,"date":"2022-10-23T13:30:12","date_gmt":"2022-10-23T13:30:12","guid":{"rendered":"https:\/\/mavideniz.com.tr\/?page_id=40886"},"modified":"2022-10-23T13:33:54","modified_gmt":"2022-10-23T13:33:54","slug":"ecremeur-multi-huile-offshore","status":"publish","type":"page","link":"https:\/\/mavideniz.com.tr\/fr\/produits-industriels\/ecumeur-dhuile\/ecumeur-multi-huile-_-brosse-disque-tambour-rainure\/ecremeur-multi-huile-offshore\/","title":{"rendered":"\u00c9cr\u00e9meur multi-huile offshore"},"content":{"rendered":"\n<p>Mavi Deniz \u00c9cr\u00e9meur multi-huile offshore est con\u00e7u pour r\u00e9cup\u00e9rer les d\u00e9versements d&rsquo;hydrocarbures, l&rsquo;huile et les \u00e9mulsions d&rsquo;huile de viscosit\u00e9 moyenne \u00e0 \u00e9lev\u00e9e allant de 5 \u00e0 300 m3\/h \u00e0 partir d&rsquo;une huile flottante sur l&rsquo;eau dans des conditions m\u00e9t\u00e9orologiques calmes \u00e0 difficiles. \u00c9cr\u00e9meur multi-huile offshore est un \u00e9cumeur ol\u00e9ophile rotatif, l&rsquo;un des dispositifs de r\u00e9cup\u00e9ration m\u00e9canique les plus courants. Oil Skimmer Recovery est bas\u00e9 sur l&rsquo;adh\u00e9rence de l&rsquo;huile sur une surface de l&rsquo;\u00e9cumoire rotative. (Brosse + disque + tambour) La surface rotative soul\u00e8ve l&rsquo;huile hors de l&rsquo;eau vers un racleur d&rsquo;extraction d&rsquo;huile.<\/p>\n<p>Les unit\u00e9s \u00c9cr\u00e9meur multi-huile offshore Standard sont \u00e9quip\u00e9es d&rsquo;une t\u00eate de skimmer, d&rsquo;une unit\u00e9 de pompe, de flexibles hydrauliques et de transfert, et d&rsquo;un bloc d&rsquo;alimentation hydraulique. Des moteurs hydrauliques, pneumatiques et diesel-\u00e9lectriques peuvent les entra\u00eener.<\/p>\n<p>Le syst\u00e8me \u00c9cr\u00e9meur multi-huile offshore peut rendre l&rsquo;op\u00e9ration \u00e0 distance possible. Avec le syst\u00e8me de t\u00e9l\u00e9commande radio + ombilical continu auto-flottant + propulseurs hydrauliques, Multi Skimmer obtient jusqu&rsquo;\u00e0 150 m\u00e8tres de capacit\u00e9 de mouvement op\u00e9rationnel.<\/p>\n<p><strong>\u00c9cr\u00e9meur multi-huile offshore &#8211; Type de t\u00eate d&rsquo;\u00e9cr\u00e9meuse<\/strong><\/p>\n<ul>\n<li><strong>Disque <\/strong><br \/>\nSkimmerLes disques ont tourn\u00e9 vers le bas \u00e0 travers la nappe d&rsquo;huile, et l&rsquo;huile recueillie sur les disques a \u00e9t\u00e9 enlev\u00e9e \u00e0 l&rsquo;aide de racleurs entre les disques. L&rsquo;huile s&rsquo;\u00e9coulait des disques, descendait dans les racloirs, et dans un r\u00e9servoir, o\u00f9 une pompe d\u00e9chargeait l&rsquo;huile vers les r\u00e9servoirs de collecte.<\/li>\n<li><strong>Tambour <\/strong><br \/>\nSkimmerLes tambours ont pivot\u00e9 vers le bas \u00e0 travers la nappe d&rsquo;huile, et l&rsquo;huile recueillie sur les tambours a \u00e9t\u00e9 retir\u00e9e \u00e0 l&rsquo;aide de racleurs. L&rsquo;huile s&rsquo;\u00e9coulait des essuie-glaces dans un r\u00e9servoir, o\u00f9 une pompe d\u00e9chargeait l&rsquo;huile vers les r\u00e9servoirs de collecte.<\/li>\n<li><strong>Brosse <\/strong><br \/>\nSkimmerLes brosses ont pivot\u00e9 vers le bas \u00e0 travers la nappe d&rsquo;huile, l&rsquo;huile recueillie sur les disques a \u00e9t\u00e9 enlev\u00e9e \u00e0 l&rsquo;aide de racloirs, et l&rsquo;huile s&rsquo;est \u00e9coul\u00e9e dans un r\u00e9servoir. Une pompe a d\u00e9charg\u00e9 l&rsquo;huile jusqu&rsquo;aux r\u00e9servoirs de collecte.<\/li>\n<li>\u00c9cr\u00e9meuse <strong>rainur\u00e9eLes<\/strong> tambours rainur\u00e9s ont pivot\u00e9 vers le bas \u00e0 travers la nappe d&rsquo;huile, et l&rsquo;huile recueillie sur les tambours a \u00e9t\u00e9 retir\u00e9e \u00e0 l&rsquo;aide de racleurs. L&rsquo;huile s&rsquo;\u00e9coulait des essuie-glaces dans un r\u00e9servoir, o\u00f9 une pompe d\u00e9chargeait l&rsquo;huile vers les r\u00e9servoirs de collecte.<\/li>\n<\/ul>\n<p><strong>\u00c9cr\u00e9meur multi-huile offshore &#8211; Oil Skimming Applications sont divis\u00e9es en trois groupes ;<\/strong><\/p>\n<ul>\n<li>\u00c9cr\u00e9mage <strong>de p\u00e9trole<\/strong><br \/>\n\u00c9cr\u00e9meur de p\u00e9trole flottant de grande capacit\u00e9 qui \u00e9cr\u00e9me et s\u00e9pare le p\u00e9trole de la haute mer et du large<\/li>\n<li><strong>Eaux int\u00e9rieures + Eaux c\u00f4ti\u00e8res <\/strong><br \/>\n\u00c9cr\u00e9mage de p\u00e9trole\u00c9cr\u00e9meur de p\u00e9trole flottant de grande ou de faible capacit\u00e9 qui \u00e9cr\u00e9me et s\u00e9pare le p\u00e9trole des eaux int\u00e9rieures et c\u00f4ti\u00e8res<\/li>\n<li>\u00c9cr\u00e9mage <strong>d&rsquo;huile industrielle\u00c9cr\u00e9meur d&rsquo;<\/strong>huile flottant de grande ou de faible capacit\u00e9 qui \u00e9cume et se s\u00e9pare dans divers contextes industriels allant des activit\u00e9s de fabrication et de traitement \u00e0 la gestion des eaux us\u00e9es dans des environnements dangereux et corrosifs tels que<br \/>\n(eaux us\u00e9es + traitement des aliments + raffineries + aci\u00e9ries &#8211; mines d&rsquo;\u00e9cailles + usine de traitement d&rsquo;huile v\u00e9g\u00e9tale + usine chimique + traitement d&rsquo;huile)<\/li>\n<\/ul>\n<p><strong>Caract\u00e9ristiques<\/strong><\/p>\n<ul>\n<li>Id\u00e9al pour les op\u00e9rations de d\u00e9versement d&rsquo;hydrocarbures dans l&rsquo;oc\u00e9an et les eaux prot\u00e9g\u00e9es.<\/li>\n<li>Zone ATEX 1<\/li>\n<li>Id\u00e9al pour les op\u00e9rations de d\u00e9versement d&rsquo;huile dans les rivi\u00e8res, les lacs et les eaux prot\u00e9g\u00e9es, pour une utilisation avec les camions Vac, l&rsquo;enl\u00e8vement de l&rsquo;huile des r\u00e9servoirs industriels, les fosses d&rsquo;\u00e9vaporation et les puits de plate-forme de forage.<\/li>\n<li>\u00c9quipement de haute qualit\u00e9 pour l&rsquo;\u00e9cumage dans les environnements industriels<\/li>\n<li>T\u00eate d&rsquo;\u00e9cumeur 3 en 1 pour une utilisation dans toutes les conditions (\u00e9cumeur d&rsquo;huile \u00e0 disque, tambour, \u00e9cumeur d&rsquo;huile, \u00e9cumeur d&rsquo;huile \u00e0 brosse)<\/li>\n<li>Haute efficacit\u00e9, jusqu&rsquo;\u00e0 98 % de r\u00e9cup\u00e9ration<\/li>\n<li>Construction robuste tout en aluminium, rev\u00eatue de poudre<\/li>\n<li>Faible co\u00fbt avec une op\u00e9ration facile<\/li>\n<li>L\u00e9ger et facile \u00e0 transporter<\/li>\n<li>Des mod\u00e8les diesel, gaz, pneumatiques ou \u00e9lectriques sont disponibles<\/li>\n<li>ombilical continu auto-flottant jusqu&rsquo;\u00e0 80 m\u00e8tres<\/li>\n<li>Mobile ou mont\u00e9 sur remorque<\/li>\n<li>Modules de puissance hydrauliques diesel, gaz ou \u00e9lectriques en option, puissance pneumatique ou \u00e9lectrique<\/li>\n<\/ul>\n<div class=\"wptm_table tablesorter-bootstrap \" data-id=\"146\" data-hightlight=\"0\"><div class=\"wptm_buttons buttons_wptmTbl146\"><\/div><div class=\"wptmresponsive dataTables-wptmtable wptmtable \" id=\"wptmtable146\" data-tableid=\"wptmTbl146\"><table data-count-header=\"1\"  data-format-decimal_count=\"0\" data-format-decimal_symbol=\".\" data-format-symbol_position=\"0\" data-format-thousand_symbol=\",\"  data-format-currency_symbol=\"$\"  data-name-style=\"146_1759717917.css\" data-format=\"YYYY-MM-DD\" id=\"wptmTbl146\" data-id=\"146\" data-responsive=\"false\" data-hideCols=\"false\"  data-type=\"html\" data-paging=\"false\" data-searching=\"true\"  data-ordering=\"false\" data-table-breakpoint=\"980\" data-scroll-x=\"true\" data-scroll-collapse=\"true\" data-align=\"center\" data-range=\"[]\" data-hideColumn=\"[0,0,0,0,0,0,0]\"  data-colwidths=\"[162,162,162,162,162,162,162]\"  data-colwidths_desktop=[]  data-colwidths_tablet=[]  data-colwidths_mobile=[]  class=\"wptm_main_table  disablePager hideScrollHeader\"><colgroup><col data-dtr=\"0\" data-dtc=\"0\" class=\"dtc0\"><col data-dtr=\"0\" data-dtc=\"1\" class=\"dtc1\"><col data-dtr=\"0\" data-dtc=\"2\" class=\"dtc2\"><col data-dtr=\"0\" data-dtc=\"3\" class=\"dtc3\"><col data-dtr=\"0\" data-dtc=\"4\" class=\"dtc4\"><col data-dtr=\"0\" data-dtc=\"5\" class=\"dtc5\"><col data-dtr=\"0\" data-dtc=\"6\" class=\"dtc6\"><\/colgroup><thead><tr class=\"wptm-header-cells-index\"><th rowspan=\"1\" colspan=\"1\" data-dtr=\"0\" data-dtc=\"0\" class=\"dtr0 dtc0\"><\/th><th rowspan=\"1\" colspan=\"1\" data-dtr=\"0\" data-dtc=\"1\" class=\"dtr0 dtc1\"><\/th><th rowspan=\"1\" colspan=\"1\" data-dtr=\"0\" data-dtc=\"2\" class=\"dtr0 dtc2\"><\/th><th rowspan=\"1\" colspan=\"1\" data-dtr=\"0\" data-dtc=\"3\" class=\"dtr0 dtc3\"><\/th><th rowspan=\"1\" colspan=\"1\" data-dtr=\"0\" data-dtc=\"4\" class=\"dtr0 dtc4\"><\/th><th rowspan=\"1\" colspan=\"1\" data-dtr=\"0\" data-dtc=\"5\" class=\"dtr0 dtc5\"><\/th><th rowspan=\"1\" colspan=\"1\" data-dtr=\"0\" data-dtc=\"6\" class=\"dtr0 dtc6\"><\/th><\/tr><tr class=\" row0\"><th   data-priority=\"0\" class=\"dtr0 dtc0\"><\/th><th   data-priority=\"0\" class=\"dtr0 dtc1\">Multi Skimmer 300<\/th><th   data-priority=\"0\" class=\"dtr0 dtc2\">Multi Skimmer 250<\/th><th   data-priority=\"0\" class=\"dtr0 dtc3\">Multi Skimmer 200<\/th><th   data-priority=\"0\" class=\"dtr0 dtc4\">Multi Skimmer 150<\/th><th   data-priority=\"0\" class=\"dtr0 dtc5\">Multi Skimmer 120<\/th><th   data-priority=\"0\" class=\"dtr0 dtc6\">Multi Skimmer 100<\/th><\/thead><tbody><tr class=\" row1\"><td    class=\"dtr1 dtc0\">Capacity With Brush<\/td><td    class=\"dtr1 dtc1\">300 m\u00b3\/h<\/td><td    class=\"dtr1 dtc2\">300 m\u00b3\/h<\/td><td    class=\"dtr1 dtc3\">200 m\u00b3\/h<\/td><td    class=\"dtr1 dtc4\">150 m\u00b3\/h<\/td><td    class=\"dtr1 dtc5\">120 m\u00b3\/h<\/td><td    class=\"dtr1 dtc6\">100 m\u00b3\/h<\/td><\/tr><tr class=\" row2\"><td    class=\"dtr2 dtc0\">Capacity With Disc<\/td><td    class=\"dtr2 dtc1\">250 m\u00b3\/h<\/td><td    class=\"dtr2 dtc2\">250 m\u00b3\/h<\/td><td    class=\"dtr2 dtc3\">180 m\u00b3\/h<\/td><td    class=\"dtr2 dtc4\">120 m\u00b3\/h<\/td><td    class=\"dtr2 dtc5\">110 m\u00b3\/h<\/td><td    class=\"dtr2 dtc6\">80 m\u00b3\/h<\/td><\/tr><tr class=\" row3\"><td    class=\"dtr3 dtc0\">Capacity With Drum<\/td><td    class=\"dtr3 dtc1\">180 m\u00b3\/h<\/td><td    class=\"dtr3 dtc2\">180 m\u00b3\/h<\/td><td    class=\"dtr3 dtc3\">140 m\u00b3\/h<\/td><td    class=\"dtr3 dtc4\">100 m\u00b3\/h<\/td><td    class=\"dtr3 dtc5\">70 m\u00b3\/h<\/td><td    class=\"dtr3 dtc6\">50 m\u00b3\/h<\/td><\/tr><tr class=\" row4\"><td    class=\"dtr4 dtc0\">Capacity With Groove<\/td><td    class=\"dtr4 dtc1\">270 m\u00b3\/h<\/td><td    class=\"dtr4 dtc2\">270 m\u00b3\/h<\/td><td    class=\"dtr4 dtc3\">210 m\u00b3\/h<\/td><td    class=\"dtr4 dtc4\">150 m\u00b3\/h<\/td><td    class=\"dtr4 dtc5\">120 m\u00b3\/h<\/td><td    class=\"dtr4 dtc6\">95 m\u00b3\/h<\/td><\/tr><tr class=\" row5\"><td    class=\"dtr5 dtc0\">Oil Recovery Efficiency<\/td><td    class=\"dtr5 dtc1\">95%oil 5% water<\/td><td    class=\"dtr5 dtc2\">95%oil 5% water<\/td><td    class=\"dtr5 dtc3\">95%oil 5% water<\/td><td    class=\"dtr5 dtc4\">95%oil 5% water<\/td><td    class=\"dtr5 dtc5\">95%oil 5% water<\/td><td    class=\"dtr5 dtc6\">95%oil 5% water<\/td><\/tr><tr class=\" row6\"><td    class=\"dtr6 dtc0\">Body Material<\/td><td    class=\"dtr6 dtc1\">Aluminium<\/td><td    class=\"dtr6 dtc2\">Aluminium<\/td><td    class=\"dtr6 dtc3\">Aluminium<\/td><td    class=\"dtr6 dtc4\">Aluminium<\/td><td    class=\"dtr6 dtc5\">Aluminium<\/td><td    class=\"dtr6 dtc6\">Aluminium<\/td><\/tr><tr class=\" row7\"><td    class=\"dtr7 dtc0\">Number of banks<\/td><td    class=\"dtr7 dtc1\">4<\/td><td    class=\"dtr7 dtc2\">4<\/td><td    class=\"dtr7 dtc3\">4<\/td><td    class=\"dtr7 dtc4\">4<\/td><td    class=\"dtr7 dtc5\">4<\/td><td    class=\"dtr7 dtc6\">4<\/td><\/tr><tr class=\" row8\"><td    class=\"dtr8 dtc0\">Optional<\/td><td  colspan=\"6\"   class=\"dtr8 dtc1\">Trailer + Crane System + Thruster + Floating Hose + Umbilical Hose + Remote Control + Hose Storage Reel + Cover + Container<\/td><td  style=\"display: none\"   class=\"dtr8 dtc2\"><\/td><td  style=\"display: none\"   class=\"dtr8 dtc3\"><\/td><td  style=\"display: none\"   class=\"dtr8 dtc4\"><\/td><td  style=\"display: none\"   class=\"dtr8 dtc5\"><\/td><td  style=\"display: none\"   class=\"dtr8 dtc6\"><\/td><\/tr><\/tbody><tfoot><tr><td class=\"dtr8 dtc0\" style=\"height: 0;\"><\/td><td class=\"dtr8 dtc1\" style=\"height: 0;\"><\/td><td class=\"dtr8 dtc2\" style=\"height: 0;\"><\/td><td class=\"dtr8 dtc3\" style=\"height: 0;\"><\/td><td class=\"dtr8 dtc4\" style=\"height: 0;\"><\/td><td class=\"dtr8 dtc5\" style=\"height: 0;\"><\/td><td class=\"dtr8 dtc6\" style=\"height: 0;\"><\/td><\/tr><\/tfoot><\/table><\/div><style>#wptmtable146 .dataTables_wrapper > .dataTables_scroll {max-height:730px;overflow: auto;}<\/style><script>window.wptm_ajaxurl = 'https:\/\/mavideniz.com.tr\/wp-admin\/admin-ajax.php?juwpfisadmin=false&action=Wptm&'; window.wptm_front = 'https:\/\/mavideniz.com.tr\/wp-content\/plugins\/wp-table-manager\/app\/site\/assets\/'; window.wptm_style = 'https:\/\/mavideniz.com.tr\/wp-content\/uploads\/wptm\/';<\/script><\/div><style><\/style>\n","protected":false},"excerpt":{"rendered":"<p>Mavi Deniz \u00c9cr\u00e9meur multi-huile offshore est con\u00e7u pour r\u00e9cup\u00e9rer les d\u00e9versements d&rsquo;hydrocarbures, l&rsquo;huile et les \u00e9mulsions d&rsquo;huile de viscosit\u00e9 moyenne [&hellip;]<\/p>\n","protected":false},"author":1,"featured_media":0,"parent":39922,"menu_order":0,"comment_status":"closed","ping_status":"closed","template":"","meta":{"site-sidebar-layout":"default","site-content-layout":"","ast-site-content-layout":"default","site-content-style":"default","site-sidebar-style":"default","ast-global-header-display":"","ast-banner-title-visibility":"","ast-main-header-display":"","ast-hfb-above-header-display":"","ast-hfb-below-header-display":"","ast-hfb-mobile-header-display":"","site-post-title":"","ast-breadcrumbs-content":"","ast-featured-img":"","footer-sml-layout":"","ast-disable-related-posts":"","theme-transparent-header-meta":"","adv-header-id-meta":"","stick-header-meta":"","header-above-stick-meta":"","header-main-stick-meta":"","header-below-stick-meta":"","astra-migrate-meta-layouts":"default","ast-page-background-enabled":"default","ast-page-background-meta":{"desktop":{"background-color":"var(--ast-global-color-5)","background-image":"","background-repeat":"repeat","background-position":"center center","background-size":"auto","background-attachment":"scroll","background-type":"","background-media":"","overlay-type":"","overlay-color":"","overlay-opacity":"","overlay-gradient":""},"tablet":{"background-color":"","background-image":"","background-repeat":"repeat","background-position":"center center","background-size":"auto","background-attachment":"scroll","background-type":"","background-media":"","overlay-type":"","overlay-color":"","overlay-opacity":"","overlay-gradient":""},"mobile":{"background-color":"","background-image":"","background-repeat":"repeat","background-position":"center center","background-size":"auto","background-attachment":"scroll","background-type":"","background-media":"","overlay-type":"","overlay-color":"","overlay-opacity":"","overlay-gradient":""}},"ast-content-background-meta":{"desktop":{"background-color":"var(--ast-global-color-4)","background-image":"","background-repeat":"repeat","background-position":"center center","background-size":"auto","background-attachment":"scroll","background-type":"","background-media":"","overlay-type":"","overlay-color":"","overlay-opacity":"","overlay-gradient":""},"tablet":{"background-color":"var(--ast-global-color-4)","background-image":"","background-repeat":"repeat","background-position":"center center","background-size":"auto","background-attachment":"scroll","background-type":"","background-media":"","overlay-type":"","overlay-color":"","overlay-opacity":"","overlay-gradient":""},"mobile":{"background-color":"var(--ast-global-color-4)","background-image":"","background-repeat":"repeat","background-position":"center center","background-size":"auto","background-attachment":"scroll","background-type":"","background-media":"","overlay-type":"","overlay-color":"","overlay-opacity":"","overlay-gradient":""}},"footnotes":""},"class_list":["post-40886","page","type-page","status-publish","hentry"],"_links":{"self":[{"href":"https:\/\/mavideniz.com.tr\/fr\/wp-json\/wp\/v2\/pages\/40886","targetHints":{"allow":["GET"]}}],"collection":[{"href":"https:\/\/mavideniz.com.tr\/fr\/wp-json\/wp\/v2\/pages"}],"about":[{"href":"https:\/\/mavideniz.com.tr\/fr\/wp-json\/wp\/v2\/types\/page"}],"author":[{"embeddable":true,"href":"https:\/\/mavideniz.com.tr\/fr\/wp-json\/wp\/v2\/users\/1"}],"replies":[{"embeddable":true,"href":"https:\/\/mavideniz.com.tr\/fr\/wp-json\/wp\/v2\/comments?post=40886"}],"version-history":[{"count":0,"href":"https:\/\/mavideniz.com.tr\/fr\/wp-json\/wp\/v2\/pages\/40886\/revisions"}],"up":[{"embeddable":true,"href":"https:\/\/mavideniz.com.tr\/fr\/wp-json\/wp\/v2\/pages\/39922"}],"wp:attachment":[{"href":"https:\/\/mavideniz.com.tr\/fr\/wp-json\/wp\/v2\/media?parent=40886"}],"curies":[{"name":"wp","href":"https:\/\/api.w.org\/{rel}","templated":true}]}}