{"id":40930,"date":"2022-10-23T14:11:23","date_gmt":"2022-10-23T14:11:23","guid":{"rendered":"https:\/\/mavideniz.com.tr\/?page_id=40930"},"modified":"2022-10-23T14:11:26","modified_gmt":"2022-10-23T14:11:26","slug":"pompe-a-membrane","status":"publish","type":"page","link":"https:\/\/mavideniz.com.tr\/fr\/produits-industriels\/pompes\/pompe-a-membrane\/","title":{"rendered":"Pompe \u00e0 membrane"},"content":{"rendered":"\n<p>Notre pompe \u00e0 membrane est disponible en trois conceptions m\u00e9talliques diff\u00e9rentes : fonte ductile (SG), acier inoxydable (ED) ou aluminium (AL, sur demande). L&rsquo;utilisation de mat\u00e9riaux appropri\u00e9s et durables pour les diaphragmes, les si\u00e8ges de soupape et les billes vous donnera les meilleurs mat\u00e9riaux possibles pour votre application.<\/p>\n<p><strong>Applications<\/strong><\/p>\n<ul>\n<li>Gestion des eaux et des eaux us\u00e9es<\/li>\n<li>Industrie de la c\u00e9ramique<\/li>\n<li>Ing\u00e9nierie de surface<\/li>\n<li>Marbres et pierres<\/li>\n<li>Marine, au large<\/li>\n<li>Industrie automobile<\/li>\n<li>Construction de machine<\/li>\n<li>Production de pigments<\/li>\n<li>Industrie du papier<\/li>\n<li>Exploitation<\/li>\n<li>Industrie de la peinture et laque<\/li>\n<li>Industrie sid\u00e9rurgique<\/li>\n<li>Industrie Chimique<\/li>\n<\/ul>\n<p><strong>Caract\u00e9ristiques<\/strong><\/p>\n<ul>\n<li>N\u00e9cessite une basse pression ( jusqu&rsquo;\u00e0 un maximum de 0,8 MPa\/120 psi ).<\/li>\n<li>La pompe \u00e0 diaphragme \u00e0 entra\u00eenement m\u00e9canique est tr\u00e8s \u00e9conome en \u00e9nergie car l&rsquo;entra\u00eenement ne n\u00e9cessite pas d&rsquo;air comprim\u00e9 co\u00fbteux.<\/li>\n<li>La pompe \u00e0 diaphragme ne n\u00e9cessite pas de fluide hydraulique et peut \u00eatre \u00e9quip\u00e9e de mani\u00e8re appropri\u00e9e pour fournir les performances n\u00e9cessaires \u00e0 chaque application.<\/li>\n<li>Concept de conception unique de la pompe \u00e0 membrane \u00e9lectrom\u00e9canique et consommation d&rsquo;\u00e9nergie remarquablement faible lorsqu&rsquo;elle est utilis\u00e9e dans les applications les plus diverses.<\/li>\n<\/ul>\n<div class=\"wptm_table tablesorter-bootstrap \" data-id=\"91\" data-hightlight=\"0\"><div class=\"wptm_buttons buttons_wptmTbl91\"><\/div><div class=\"wptmresponsive dataTables-wptmtable wptmtable \" id=\"wptmtable91\" data-tableid=\"wptmTbl91\"><table data-count-header=\"1\"  data-format-decimal_count=\"0\" data-format-decimal_symbol=\".\" data-format-symbol_position=\"0\" data-format-thousand_symbol=\",\"  data-format-currency_symbol=\"$\"  data-name-style=\"91_1759672403.css\" data-format=\"YYYY-MM-DD\" id=\"wptmTbl91\" data-id=\"91\" data-responsive=\"false\" data-hideCols=\"false\"  data-type=\"html\" data-paging=\"false\" data-searching=\"true\"  data-ordering=\"false\" data-table-breakpoint=\"980\" data-scroll-x=\"true\" data-scroll-collapse=\"true\" data-align=\"center\" data-range=\"[]\" data-hideColumn=\"[0,0,0,0,0,0]\"  data-colwidths=\"[190,190,190,190,190,190]\"  data-colwidths_desktop=[]  data-colwidths_tablet=[]  data-colwidths_mobile=[]  class=\"wptm_main_table  disablePager hideScrollHeader\"><colgroup><col data-dtr=\"0\" data-dtc=\"0\" class=\"dtc0\"><col data-dtr=\"0\" data-dtc=\"1\" class=\"dtc1\"><col data-dtr=\"0\" data-dtc=\"2\" class=\"dtc2\"><col data-dtr=\"0\" data-dtc=\"3\" class=\"dtc3\"><col data-dtr=\"0\" data-dtc=\"4\" class=\"dtc4\"><col data-dtr=\"0\" data-dtc=\"5\" class=\"dtc5\"><\/colgroup><thead><tr class=\"wptm-header-cells-index\"><th rowspan=\"1\" colspan=\"1\" data-dtr=\"0\" data-dtc=\"0\" class=\"dtr0 dtc0\"><\/th><th rowspan=\"1\" colspan=\"1\" data-dtr=\"0\" data-dtc=\"1\" class=\"dtr0 dtc1\"><\/th><th rowspan=\"1\" colspan=\"1\" data-dtr=\"0\" data-dtc=\"2\" class=\"dtr0 dtc2\"><\/th><th rowspan=\"1\" colspan=\"1\" data-dtr=\"0\" data-dtc=\"3\" class=\"dtr0 dtc3\"><\/th><th rowspan=\"1\" colspan=\"1\" data-dtr=\"0\" data-dtc=\"4\" class=\"dtr0 dtc4\"><\/th><th rowspan=\"1\" colspan=\"1\" data-dtr=\"0\" data-dtc=\"5\" class=\"dtr0 dtc5\"><\/th><\/tr><tr class=\" row0\"><th   data-priority=\"0\" class=\"dtr0 dtc0\"><\/th><th   data-priority=\"0\" class=\"dtr0 dtc1\">DP 10<\/th><th   data-priority=\"0\" class=\"dtr0 dtc2\">DP 15<\/th><th   data-priority=\"0\" class=\"dtr0 dtc3\">DP 20<\/th><th   data-priority=\"0\" class=\"dtr0 dtc4\">DP 30<\/th><th   data-priority=\"0\" class=\"dtr0 dtc5\">DPH 20<\/th><\/thead><tbody><tr class=\" row1\"><td    class=\"dtr1 dtc0\">Capacity<\/td><td    class=\"dtr1 dtc1\">8 m3\/h<\/td><td    class=\"dtr1 dtc2\">24 m3\/h<\/td><td    class=\"dtr1 dtc3\">30 m3\/h<\/td><td    class=\"dtr1 dtc4\">50 m3\/h<\/td><td    class=\"dtr1 dtc5\">19 m3\/h<\/td><\/tr><tr class=\" row2\"><td    class=\"dtr2 dtc0\">Pump Body<\/td><td    class=\"dtr2 dtc1\">Aluminum | Polypropylene<\/td><td    class=\"dtr2 dtc2\">Aluminum | Polypropylene<\/td><td    class=\"dtr2 dtc3\">Aluminum | Polypropylene<\/td><td    class=\"dtr2 dtc4\">Aluminum | Polypropylene<\/td><td    class=\"dtr2 dtc5\">Aluminum | Polypropylene<\/td><\/tr><tr class=\" row3\"><td    class=\"dtr3 dtc0\">Driven<\/td><td    class=\"dtr3 dtc1\">Air<\/td><td    class=\"dtr3 dtc2\">Air<\/td><td    class=\"dtr3 dtc3\">Air<\/td><td    class=\"dtr3 dtc4\">Air<\/td><td    class=\"dtr3 dtc5\">Hydraulic<\/td><\/tr><tr class=\" row4\"><td    class=\"dtr4 dtc0\">Discharge Connection<\/td><td    class=\"dtr4 dtc1\">1\"<\/td><td    class=\"dtr4 dtc2\">1.5\"<\/td><td    class=\"dtr4 dtc3\">2\"<\/td><td    class=\"dtr4 dtc4\">3\"<\/td><td    class=\"dtr4 dtc5\">2\"<\/td><\/tr><tr class=\" row5\"><td    class=\"dtr5 dtc0\">Discharge Head<\/td><td    class=\"dtr5 dtc1\">70 m<\/td><td    class=\"dtr5 dtc2\">70 m<\/td><td    class=\"dtr5 dtc3\">70 m<\/td><td    class=\"dtr5 dtc4\">70 m<\/td><td    class=\"dtr5 dtc5\">70 m<\/td><\/tr><tr class=\" row6\"><td    class=\"dtr6 dtc0\">Suction Head<\/td><td    class=\"dtr6 dtc1\">6 m<\/td><td    class=\"dtr6 dtc2\">6 m<\/td><td    class=\"dtr6 dtc3\">6 m<\/td><td    class=\"dtr6 dtc4\">6 m<\/td><td    class=\"dtr6 dtc5\">6 m<\/td><\/tr><tr class=\" row7\"><td    class=\"dtr7 dtc0\">Solid Handling<\/td><td    class=\"dtr7 dtc1\">4 mm<\/td><td    class=\"dtr7 dtc2\">6 mm<\/td><td    class=\"dtr7 dtc3\">6 mm<\/td><td    class=\"dtr7 dtc4\">8 mm<\/td><td    class=\"dtr7 dtc5\">4.5 mm<\/td><\/tr><tr class=\" row8\"><td    class=\"dtr8 dtc0\">Weight<\/td><td    class=\"dtr8 dtc1\">7 kg<\/td><td    class=\"dtr8 dtc2\">25 kg<\/td><td    class=\"dtr8 dtc3\">40 kg<\/td><td    class=\"dtr8 dtc4\">65 kg<\/td><td    class=\"dtr8 dtc5\">135 kg<\/td><\/tr><\/tbody><tfoot><tr><td class=\"dtr8 dtc0\" style=\"height: 0;\"><\/td><td class=\"dtr8 dtc1\" style=\"height: 0;\"><\/td><td class=\"dtr8 dtc2\" style=\"height: 0;\"><\/td><td class=\"dtr8 dtc3\" style=\"height: 0;\"><\/td><td class=\"dtr8 dtc4\" style=\"height: 0;\"><\/td><td class=\"dtr8 dtc5\" style=\"height: 0;\"><\/td><\/tr><\/tfoot><\/table><\/div><style>#wptmtable91 .dataTables_wrapper > .dataTables_scroll {max-height:500px;overflow: auto;}<\/style><script>window.wptm_ajaxurl = 'https:\/\/mavideniz.com.tr\/wp-admin\/admin-ajax.php?juwpfisadmin=false&action=Wptm&'; window.wptm_front = 'https:\/\/mavideniz.com.tr\/wp-content\/plugins\/wp-table-manager\/app\/site\/assets\/'; window.wptm_style = 'https:\/\/mavideniz.com.tr\/wp-content\/uploads\/wptm\/';<\/script><\/div><style><\/style>\n","protected":false},"excerpt":{"rendered":"<p>Notre pompe \u00e0 membrane est disponible en trois conceptions m\u00e9talliques diff\u00e9rentes : fonte ductile (SG), acier inoxydable (ED) ou aluminium [&hellip;]<\/p>\n","protected":false},"author":1,"featured_media":0,"parent":40926,"menu_order":0,"comment_status":"closed","ping_status":"closed","template":"","meta":{"site-sidebar-layout":"default","site-content-layout":"","ast-site-content-layout":"default","site-content-style":"default","site-sidebar-style":"default","ast-global-header-display":"","ast-banner-title-visibility":"","ast-main-header-display":"","ast-hfb-above-header-display":"","ast-hfb-below-header-display":"","ast-hfb-mobile-header-display":"","site-post-title":"","ast-breadcrumbs-content":"","ast-featured-img":"","footer-sml-layout":"","ast-disable-related-posts":"","theme-transparent-header-meta":"","adv-header-id-meta":"","stick-header-meta":"","header-above-stick-meta":"","header-main-stick-meta":"","header-below-stick-meta":"","astra-migrate-meta-layouts":"default","ast-page-background-enabled":"default","ast-page-background-meta":{"desktop":{"background-color":"var(--ast-global-color-5)","background-image":"","background-repeat":"repeat","background-position":"center center","background-size":"auto","background-attachment":"scroll","background-type":"","background-media":"","overlay-type":"","overlay-color":"","overlay-opacity":"","overlay-gradient":""},"tablet":{"background-color":"","background-image":"","background-repeat":"repeat","background-position":"center center","background-size":"auto","background-attachment":"scroll","background-type":"","background-media":"","overlay-type":"","overlay-color":"","overlay-opacity":"","overlay-gradient":""},"mobile":{"background-color":"","background-image":"","background-repeat":"repeat","background-position":"center center","background-size":"auto","background-attachment":"scroll","background-type":"","background-media":"","overlay-type":"","overlay-color":"","overlay-opacity":"","overlay-gradient":""}},"ast-content-background-meta":{"desktop":{"background-color":"var(--ast-global-color-4)","background-image":"","background-repeat":"repeat","background-position":"center center","background-size":"auto","background-attachment":"scroll","background-type":"","background-media":"","overlay-type":"","overlay-color":"","overlay-opacity":"","overlay-gradient":""},"tablet":{"background-color":"var(--ast-global-color-4)","background-image":"","background-repeat":"repeat","background-position":"center center","background-size":"auto","background-attachment":"scroll","background-type":"","background-media":"","overlay-type":"","overlay-color":"","overlay-opacity":"","overlay-gradient":""},"mobile":{"background-color":"var(--ast-global-color-4)","background-image":"","background-repeat":"repeat","background-position":"center center","background-size":"auto","background-attachment":"scroll","background-type":"","background-media":"","overlay-type":"","overlay-color":"","overlay-opacity":"","overlay-gradient":""}},"footnotes":""},"class_list":["post-40930","page","type-page","status-publish","hentry"],"_links":{"self":[{"href":"https:\/\/mavideniz.com.tr\/fr\/wp-json\/wp\/v2\/pages\/40930","targetHints":{"allow":["GET"]}}],"collection":[{"href":"https:\/\/mavideniz.com.tr\/fr\/wp-json\/wp\/v2\/pages"}],"about":[{"href":"https:\/\/mavideniz.com.tr\/fr\/wp-json\/wp\/v2\/types\/page"}],"author":[{"embeddable":true,"href":"https:\/\/mavideniz.com.tr\/fr\/wp-json\/wp\/v2\/users\/1"}],"replies":[{"embeddable":true,"href":"https:\/\/mavideniz.com.tr\/fr\/wp-json\/wp\/v2\/comments?post=40930"}],"version-history":[{"count":0,"href":"https:\/\/mavideniz.com.tr\/fr\/wp-json\/wp\/v2\/pages\/40930\/revisions"}],"up":[{"embeddable":true,"href":"https:\/\/mavideniz.com.tr\/fr\/wp-json\/wp\/v2\/pages\/40926"}],"wp:attachment":[{"href":"https:\/\/mavideniz.com.tr\/fr\/wp-json\/wp\/v2\/media?parent=40930"}],"curies":[{"name":"wp","href":"https:\/\/api.w.org\/{rel}","templated":true}]}}