{"id":40934,"date":"2022-10-23T14:13:17","date_gmt":"2022-10-23T14:13:17","guid":{"rendered":"https:\/\/mavideniz.com.tr\/?page_id=40934"},"modified":"2022-10-23T14:13:21","modified_gmt":"2022-10-23T14:13:21","slug":"pompe-a-vis-darchimede-a-deplacement-positif","status":"publish","type":"page","link":"https:\/\/mavideniz.com.tr\/fr\/produits-industriels\/pompes\/pompe-a-vis-darchimede-a-deplacement-positif\/","title":{"rendered":"Pompe \u00e0 vis d&rsquo;Archim\u00e8de \u00e0 d\u00e9placement positif"},"content":{"rendered":"\n<p>La pompe \u00e0 vis d&rsquo;Archim\u00e8de \u00e0 d\u00e9placement positif est con\u00e7ue pour transf\u00e9rer des liquides complexes, tels que ceux contenant des solides ou des fluides tr\u00e8s visqueux comme le bitume froid, le mazout lourd froid, le p\u00e9trole brut \u00e9mulsifi\u00e9, ainsi que des produits de l&rsquo;industrie p\u00e9troli\u00e8re, y compris des liquides tr\u00e8s visqueux. En raison de l&rsquo;\u00e9tanch\u00e9it\u00e9 efficace \u00e0 l&rsquo;int\u00e9rieur de la pompe, la pompe \u00e0 vis Archimedes peut \u00e9galement traiter des liquides \u00e0 faible viscosit\u00e9 tels que le carburant diesel ou l&rsquo;eau \u00e0 des pressions \u00e9lev\u00e9es.<\/p>\n<p>Pompe \u00e0 vis d&rsquo;Archim\u00e8de, le d\u00e9bit diminue progressivement tandis que la t\u00eate de distribution augmente ; il s&rsquo;agit de l&rsquo;\u00e9l\u00e9ment de diff\u00e9renciation avec des pompes \u00e0 vis centrifuges submersibles, dans lesquelles le d\u00e9bit diminue consid\u00e9rablement avec l&rsquo;augmentation de la pression. En outre, une pression de refoulement importante permet un pompage \u00e0 longue distance.<\/p>\n<p>La pompe \u00e0 vis d&rsquo;Archimedes est dot\u00e9e d&rsquo;un syst\u00e8me d&rsquo;injection d&rsquo;eau annulaire qui am\u00e9liore la pression d&rsquo;entr\u00e9e de refoulement vers la pompe \u00e0 vis d&rsquo;Archimedes \u00e0 d\u00e9placement positif et cr\u00e9e un manchon d&rsquo;eau lubrifiante entre l&rsquo;huile visqueuse et la paroi du tuyau.<\/p>\n<p>La pompe \u00e0 vis Archimedes dispose de cette technologie qui peut pomper par temps de gel, dans un environnement hostile ou dans des endroits \u00e9loign\u00e9s, ce qui complique la r\u00e9ponse et est enti\u00e8rement compatible avec un inventaire existant de blocs d&rsquo;alimentation et de tuyaux.<\/p>\n<p><strong>Applications<\/strong><\/p>\n<ul>\n<li>\u00c9crasement au p\u00e9trole<\/li>\n<li>Transfert d&rsquo;urgence<\/li>\n<li>Soutage<\/li>\n<li>Assainissement des cales<\/li>\n<li>Pompage des boues<\/li>\n<li>Pompage Du Bitume<\/li>\n<li>D\u00e9chargement<\/li>\n<li>Ballastage<\/li>\n<li>Puits peu profonds ou en surface<\/li>\n<li>Pompe de transfert dans Oil Skimmer Systems<\/li>\n<li>Pompage d&rsquo;urgence d&rsquo;hydrocarbures de viscosit\u00e9 et d&rsquo;\u00e9mulsions quelconques<\/li>\n<li>Lutte Contre L&rsquo;Incendie<\/li>\n<\/ul>\n<p><strong>Caract\u00e9ristiques<\/strong><\/p>\n<ul>\n<li>\u00c9preuve Chimique<\/li>\n<li>Robuste et r\u00e9sistant \u00e0 l&rsquo;eau de mer<\/li>\n<li>Petite taille et portable<\/li>\n<li>Pompe \u00e0 vis d\u2019Archim\u00e8de avec disque d\u2019\u00e9tanch\u00e9it\u00e9<\/li>\n<li>Enti\u00e8rement fabriqu\u00e9 en acier inoxydable AISI-316<\/li>\n<li>Flux lin\u00e9aire \u00e0 d\u00e9placement positif.<\/li>\n<li>Il peut fonctionner en submersion, en canalisation ou sur des \u00e9cumeurs<\/li>\n<li>Parfait pour le pompage de fluides visqueux et abrasifs<\/li>\n<li>Ne pas \u00e9mulsionner<\/li>\n<li>Haute pression de refoulement<\/li>\n<li>Maintenance facile<\/li>\n<li>Disque d&rsquo;\u00e9tanch\u00e9it\u00e9 monobloc. Aucun boulon utilis\u00e9<\/li>\n<li>Fonctionnement \u00e0 sec<\/li>\n<\/ul>\n<div class=\"wptm_table tablesorter-bootstrap \" data-id=\"90\" data-hightlight=\"0\"><div class=\"wptm_buttons buttons_wptmTbl90\"><\/div><div class=\"wptmresponsive dataTables-wptmtable wptmtable \" id=\"wptmtable90\" data-tableid=\"wptmTbl90\"><table data-count-header=\"1\"  data-format-decimal_count=\"0\" data-format-decimal_symbol=\".\" data-format-symbol_position=\"0\" data-format-thousand_symbol=\",\"  data-format-currency_symbol=\"$\"  data-name-style=\"90_1759673742.css\" data-format=\"YYYY-MM-DD\" id=\"wptmTbl90\" data-id=\"90\" data-responsive=\"false\" data-hideCols=\"false\"  data-type=\"html\" data-paging=\"false\" data-searching=\"true\"  data-ordering=\"false\" data-table-breakpoint=\"980\" data-scroll-x=\"true\" data-scroll-collapse=\"true\" data-align=\"center\" data-range=\"[]\" data-hideColumn=\"[0,0,0,0,0,0]\"  data-colwidths=\"[190,190,190,190,190,190]\"  data-colwidths_desktop=[]  data-colwidths_tablet=[]  data-colwidths_mobile=[]  class=\"wptm_main_table  disablePager hideScrollHeader\"><colgroup><col data-dtr=\"0\" data-dtc=\"0\" class=\"dtc0\"><col data-dtr=\"0\" data-dtc=\"1\" class=\"dtc1\"><col data-dtr=\"0\" data-dtc=\"2\" class=\"dtc2\"><col data-dtr=\"0\" data-dtc=\"3\" class=\"dtc3\"><col data-dtr=\"0\" data-dtc=\"4\" class=\"dtc4\"><col data-dtr=\"0\" data-dtc=\"5\" class=\"dtc5\"><\/colgroup><thead><tr class=\"wptm-header-cells-index\"><th rowspan=\"1\" colspan=\"1\" data-dtr=\"0\" data-dtc=\"0\" class=\"dtr0 dtc0\"><\/th><th rowspan=\"1\" colspan=\"1\" data-dtr=\"0\" data-dtc=\"1\" class=\"dtr0 dtc1\"><\/th><th rowspan=\"1\" colspan=\"1\" data-dtr=\"0\" data-dtc=\"2\" class=\"dtr0 dtc2\"><\/th><th rowspan=\"1\" colspan=\"1\" data-dtr=\"0\" data-dtc=\"3\" class=\"dtr0 dtc3\"><\/th><th rowspan=\"1\" colspan=\"1\" data-dtr=\"0\" data-dtc=\"4\" class=\"dtr0 dtc4\"><\/th><th rowspan=\"1\" colspan=\"1\" data-dtr=\"0\" data-dtc=\"5\" class=\"dtr0 dtc5\"><\/th><\/tr><tr class=\" row0\"><th   data-priority=\"0\" class=\"dtr0 dtc0\"><\/th><th   data-priority=\"0\" class=\"dtr0 dtc1\">ASP PUMP 12<\/th><th   data-priority=\"0\" class=\"dtr0 dtc2\">ASP PUMP 20<\/th><th   data-priority=\"0\" class=\"dtr0 dtc3\">ASP Pump 30<\/th><th   data-priority=\"0\" class=\"dtr0 dtc4\">ASP PUMP 50<\/th><th   data-priority=\"0\" class=\"dtr0 dtc5\">ASP PUMP 100<\/th><\/thead><tbody><tr class=\" row1\"><td    class=\"dtr1 dtc0\">Capacity<\/td><td    class=\"dtr1 dtc1\">12 m3\/h<\/td><td    class=\"dtr1 dtc2\">19 m3\/h<\/td><td    class=\"dtr1 dtc3\">31 m3\/h<\/td><td    class=\"dtr1 dtc4\">50 m3\/h<\/td><td    class=\"dtr1 dtc5\">100 m3\/h<\/td><\/tr><tr class=\" row2\"><td    class=\"dtr2 dtc0\">Pump Body<\/td><td    class=\"dtr2 dtc1\">Stainless Steel<\/td><td    class=\"dtr2 dtc2\">Stainless Steel<\/td><td    class=\"dtr2 dtc3\">Stainless Steel<\/td><td    class=\"dtr2 dtc4\">Stainless Steel<\/td><td    class=\"dtr2 dtc5\">Stainless Steel<\/td><\/tr><tr class=\" row3\"><td    class=\"dtr3 dtc0\">Sealing<\/td><td    class=\"dtr3 dtc1\">PTFE<\/td><td    class=\"dtr3 dtc2\">PTFE<\/td><td    class=\"dtr3 dtc3\">PTFE<\/td><td    class=\"dtr3 dtc4\">PTFE<\/td><td    class=\"dtr3 dtc5\">PTFE<\/td><\/tr><tr class=\" row4\"><td    class=\"dtr4 dtc0\">Solid Handling<\/td><td    class=\"dtr4 dtc1\">15 mm<\/td><td    class=\"dtr4 dtc2\">15 mm<\/td><td    class=\"dtr4 dtc3\">15 mm<\/td><td    class=\"dtr4 dtc4\">30 mm<\/td><td    class=\"dtr4 dtc5\">30 mm<\/td><\/tr><tr class=\" row5\"><td    class=\"dtr5 dtc0\">Discharge Connection<\/td><td    class=\"dtr5 dtc1\">2\u201d<\/td><td    class=\"dtr5 dtc2\">2\u201d<\/td><td    class=\"dtr5 dtc3\">3\u201d<\/td><td    class=\"dtr5 dtc4\">3\u201d<\/td><td    class=\"dtr5 dtc5\">3\u201d<\/td><\/tr><tr class=\" row6\"><td    class=\"dtr6 dtc0\">Discharge Pressure<\/td><td    class=\"dtr6 dtc1\">10 bar<\/td><td    class=\"dtr6 dtc2\">10 bar<\/td><td    class=\"dtr6 dtc3\">14 bar<\/td><td    class=\"dtr6 dtc4\">14 bar<\/td><td    class=\"dtr6 dtc5\">14 bar<\/td><\/tr><tr class=\" row7\"><td    class=\"dtr7 dtc0\">Height<\/td><td    class=\"dtr7 dtc1\">50 cm<\/td><td    class=\"dtr7 dtc2\">50 cm<\/td><td    class=\"dtr7 dtc3\">50 cm<\/td><td    class=\"dtr7 dtc4\">52 cm<\/td><td    class=\"dtr7 dtc5\">52 cm<\/td><\/tr><tr class=\" row8\"><td    class=\"dtr8 dtc0\">Width<\/td><td    class=\"dtr8 dtc1\">28 cm<\/td><td    class=\"dtr8 dtc2\">28 cm<\/td><td    class=\"dtr8 dtc3\">28 cm<\/td><td    class=\"dtr8 dtc4\">34 cm<\/td><td    class=\"dtr8 dtc5\">34 cm<\/td><\/tr><tr class=\" row9\"><td    class=\"dtr9 dtc0\">Weight<\/td><td    class=\"dtr9 dtc1\">37 kg<\/td><td    class=\"dtr9 dtc2\">37 kg<\/td><td    class=\"dtr9 dtc3\">37 kg<\/td><td    class=\"dtr9 dtc4\">52 kg<\/td><td    class=\"dtr9 dtc5\">52 kg<\/td><\/tr><tr class=\" row10\"><td    class=\"dtr10 dtc0\">Optional<\/td><td  colspan=\"5\"   class=\"dtr10 dtc1\">Annular Water injection Flange ( Steam - Hot - Cold ) - Suction Grid - Suction Macerator<\/td><td  style=\"display: none\"   class=\"dtr10 dtc2\"><\/td><td  style=\"display: none\"   class=\"dtr10 dtc3\"><\/td><td  style=\"display: none\"   class=\"dtr10 dtc4\"><\/td><td  style=\"display: none\"   class=\"dtr10 dtc5\"><\/td><\/tr><\/tbody><tfoot><tr><td class=\"dtr10 dtc0\" style=\"height: 0;\"><\/td><td class=\"dtr10 dtc1\" style=\"height: 0;\"><\/td><td class=\"dtr10 dtc2\" style=\"height: 0;\"><\/td><td class=\"dtr10 dtc3\" style=\"height: 0;\"><\/td><td class=\"dtr10 dtc4\" style=\"height: 0;\"><\/td><td class=\"dtr10 dtc5\" style=\"height: 0;\"><\/td><\/tr><\/tfoot><\/table><\/div><style>#wptmtable90 .dataTables_wrapper > .dataTables_scroll {max-height:500px;overflow: auto;}<\/style><script>window.wptm_ajaxurl = 'https:\/\/mavideniz.com.tr\/wp-admin\/admin-ajax.php?juwpfisadmin=false&action=Wptm&'; window.wptm_front = 'https:\/\/mavideniz.com.tr\/wp-content\/plugins\/wp-table-manager\/app\/site\/assets\/'; window.wptm_style = 'https:\/\/mavideniz.com.tr\/wp-content\/uploads\/wptm\/';<\/script><\/div><style><\/style>\n","protected":false},"excerpt":{"rendered":"<p>La pompe \u00e0 vis d&rsquo;Archim\u00e8de \u00e0 d\u00e9placement positif est con\u00e7ue pour transf\u00e9rer des liquides complexes, tels que ceux contenant des [&hellip;]<\/p>\n","protected":false},"author":1,"featured_media":0,"parent":40926,"menu_order":0,"comment_status":"closed","ping_status":"closed","template":"","meta":{"site-sidebar-layout":"default","site-content-layout":"","ast-site-content-layout":"default","site-content-style":"default","site-sidebar-style":"default","ast-global-header-display":"","ast-banner-title-visibility":"","ast-main-header-display":"","ast-hfb-above-header-display":"","ast-hfb-below-header-display":"","ast-hfb-mobile-header-display":"","site-post-title":"","ast-breadcrumbs-content":"","ast-featured-img":"","footer-sml-layout":"","ast-disable-related-posts":"","theme-transparent-header-meta":"","adv-header-id-meta":"","stick-header-meta":"","header-above-stick-meta":"","header-main-stick-meta":"","header-below-stick-meta":"","astra-migrate-meta-layouts":"default","ast-page-background-enabled":"default","ast-page-background-meta":{"desktop":{"background-color":"var(--ast-global-color-5)","background-image":"","background-repeat":"repeat","background-position":"center center","background-size":"auto","background-attachment":"scroll","background-type":"","background-media":"","overlay-type":"","overlay-color":"","overlay-opacity":"","overlay-gradient":""},"tablet":{"background-color":"","background-image":"","background-repeat":"repeat","background-position":"center center","background-size":"auto","background-attachment":"scroll","background-type":"","background-media":"","overlay-type":"","overlay-color":"","overlay-opacity":"","overlay-gradient":""},"mobile":{"background-color":"","background-image":"","background-repeat":"repeat","background-position":"center center","background-size":"auto","background-attachment":"scroll","background-type":"","background-media":"","overlay-type":"","overlay-color":"","overlay-opacity":"","overlay-gradient":""}},"ast-content-background-meta":{"desktop":{"background-color":"var(--ast-global-color-4)","background-image":"","background-repeat":"repeat","background-position":"center center","background-size":"auto","background-attachment":"scroll","background-type":"","background-media":"","overlay-type":"","overlay-color":"","overlay-opacity":"","overlay-gradient":""},"tablet":{"background-color":"var(--ast-global-color-4)","background-image":"","background-repeat":"repeat","background-position":"center center","background-size":"auto","background-attachment":"scroll","background-type":"","background-media":"","overlay-type":"","overlay-color":"","overlay-opacity":"","overlay-gradient":""},"mobile":{"background-color":"var(--ast-global-color-4)","background-image":"","background-repeat":"repeat","background-position":"center center","background-size":"auto","background-attachment":"scroll","background-type":"","background-media":"","overlay-type":"","overlay-color":"","overlay-opacity":"","overlay-gradient":""}},"footnotes":""},"class_list":["post-40934","page","type-page","status-publish","hentry"],"_links":{"self":[{"href":"https:\/\/mavideniz.com.tr\/fr\/wp-json\/wp\/v2\/pages\/40934","targetHints":{"allow":["GET"]}}],"collection":[{"href":"https:\/\/mavideniz.com.tr\/fr\/wp-json\/wp\/v2\/pages"}],"about":[{"href":"https:\/\/mavideniz.com.tr\/fr\/wp-json\/wp\/v2\/types\/page"}],"author":[{"embeddable":true,"href":"https:\/\/mavideniz.com.tr\/fr\/wp-json\/wp\/v2\/users\/1"}],"replies":[{"embeddable":true,"href":"https:\/\/mavideniz.com.tr\/fr\/wp-json\/wp\/v2\/comments?post=40934"}],"version-history":[{"count":0,"href":"https:\/\/mavideniz.com.tr\/fr\/wp-json\/wp\/v2\/pages\/40934\/revisions"}],"up":[{"embeddable":true,"href":"https:\/\/mavideniz.com.tr\/fr\/wp-json\/wp\/v2\/pages\/40926"}],"wp:attachment":[{"href":"https:\/\/mavideniz.com.tr\/fr\/wp-json\/wp\/v2\/media?parent=40934"}],"curies":[{"name":"wp","href":"https:\/\/api.w.org\/{rel}","templated":true}]}}