{"id":40939,"date":"2022-10-23T14:31:27","date_gmt":"2022-10-23T14:31:27","guid":{"rendered":"https:\/\/mavideniz.com.tr\/?page_id=40939"},"modified":"2022-10-23T14:31:31","modified_gmt":"2022-10-23T14:31:31","slug":"pompe-a-lobes-rotatifs","status":"publish","type":"page","link":"https:\/\/mavideniz.com.tr\/fr\/produits-industriels\/pompes\/pompe-a-lobes-rotatifs\/","title":{"rendered":"Pompe \u00e0 lobes rotatifs"},"content":{"rendered":"\n<p>La pompe rotative \u00e0 lobes de Mavideniz est con\u00e7ue pour pomper les d\u00e9versements d&rsquo;hydrocarbures, la r\u00e9cup\u00e9ration d&rsquo;huile, l&rsquo;\u00e9cumage d&rsquo;huile, les boues, le nettoyage des d\u00e9versements chimiques, les boues, les eaux us\u00e9es avec de l&rsquo;eau de mer, les d\u00e9chets liquides des navires, les cales et la boue. La pompe \u00e0 lobes rotatifs poss\u00e8de diff\u00e9rentes formes de rotor, y compris des options bi-aile et multi-lobes. Il utilise des pignons de distribution pour \u00e9liminer le contact entre les rotors, ce qui permet leur utilisation de liquide non lubrifiant.<\/p>\n<p>La configuration de lobes rotatifs peut \u00eatre un entra\u00eenement \u00e9lectrique ou diesel mont\u00e9 sur remorque, une bo\u00eete de vitesses verticale, un entra\u00eenement par courroie en V, une bo\u00eete de vitesses entra\u00een\u00e9e par courroie, un moteur \u00e0 engrenages en ligne, un entra\u00eenement par moteur hydraulique, en ligne avec un r\u00e9ducteur \u00e0 engrenages face C, une unit\u00e9 d&rsquo;entra\u00eenement diesel ou une \u00e9cumoire \u00e0 huile.<\/p>\n<p>La pompe \u00e0 lobes rotative offre un cisaillement faible et une manipulation douce du liquide pour minimiser la d\u00e9gradation du produit.<\/p>\n<p>La pompe \u00e0 lobes rotative peut \u00eatre mont\u00e9e sur des plaques de base, des chariots, des remorques et divers entra\u00eenements, y compris des moteurs \u00e9lectriques, diesel et hydrauliques.<\/p>\n<p><strong>Caract\u00e9ristiques<\/strong><\/p>\n<ul>\n<li>Espace physique inf\u00e9rieur \u00e0 celui des autres types de pompe<\/li>\n<li>Faible cisaillement du fluide &#8211; Faible \u00e9mulsion &#8211; Faible entretien<\/li>\n<li>Excellent pour la s\u00e9paration d&rsquo;huile et d&rsquo;eau ou de fluides tr\u00e8s visqueux<\/li>\n<li>Pompe efficacement l&rsquo;air et les m\u00e9langes liquides<\/li>\n<li>Peut \u00eatre actionn\u00e9 en marche avant ou en marche arri\u00e8re<\/li>\n<li>Portable<\/li>\n<li>Facilit\u00e9 et fiabilit\u00e9 de maintenance et temps de reconstruction r\u00e9duit<\/li>\n<\/ul>\n<div class=\"wptm_table tablesorter-bootstrap \" data-id=\"92\" data-hightlight=\"0\"><div class=\"wptm_buttons buttons_wptmTbl92\"><\/div><div class=\"wptmresponsive dataTables-wptmtable wptmtable \" id=\"wptmtable92\" data-tableid=\"wptmTbl92\"><table data-count-header=\"1\"  data-format-decimal_count=\"0\" data-format-decimal_symbol=\".\" data-format-symbol_position=\"0\" data-format-thousand_symbol=\",\"  data-format-currency_symbol=\"$\"  data-name-style=\"92_1759672498.css\" data-format=\"YYYY-MM-DD\" id=\"wptmTbl92\" data-id=\"92\" data-responsive=\"false\" data-hideCols=\"false\"  data-type=\"html\" data-paging=\"false\" data-searching=\"true\"  data-ordering=\"false\" data-table-breakpoint=\"980\" data-scroll-x=\"true\" data-scroll-collapse=\"true\" data-align=\"center\" data-range=\"[]\" data-hideColumn=\"[0,0,0,0,0,0]\"  data-colwidths=\"[190,190,190,190,190,190]\"  data-colwidths_desktop=[]  data-colwidths_tablet=[]  data-colwidths_mobile=[]  class=\"wptm_main_table  disablePager hideScrollHeader\"><colgroup><col data-dtr=\"0\" data-dtc=\"0\" class=\"dtc0\"><col data-dtr=\"0\" data-dtc=\"1\" class=\"dtc1\"><col data-dtr=\"0\" data-dtc=\"2\" class=\"dtc2\"><col data-dtr=\"0\" data-dtc=\"3\" class=\"dtc3\"><col data-dtr=\"0\" data-dtc=\"4\" class=\"dtc4\"><col data-dtr=\"0\" data-dtc=\"5\" class=\"dtc5\"><\/colgroup><thead><tr class=\"wptm-header-cells-index\"><th rowspan=\"1\" colspan=\"1\" data-dtr=\"0\" data-dtc=\"0\" class=\"dtr0 dtc0\"><\/th><th rowspan=\"1\" colspan=\"1\" data-dtr=\"0\" data-dtc=\"1\" class=\"dtr0 dtc1\"><\/th><th rowspan=\"1\" colspan=\"1\" data-dtr=\"0\" data-dtc=\"2\" class=\"dtr0 dtc2\"><\/th><th rowspan=\"1\" colspan=\"1\" data-dtr=\"0\" data-dtc=\"3\" class=\"dtr0 dtc3\"><\/th><th rowspan=\"1\" colspan=\"1\" data-dtr=\"0\" data-dtc=\"4\" class=\"dtr0 dtc4\"><\/th><th rowspan=\"1\" colspan=\"1\" data-dtr=\"0\" data-dtc=\"5\" class=\"dtr0 dtc5\"><\/th><\/tr><tr class=\" row0\"><th   data-priority=\"0\" class=\"dtr0 dtc0\"><\/th><th   data-priority=\"0\" class=\"dtr0 dtc1\">RLP 20<\/th><th   data-priority=\"0\" class=\"dtr0 dtc2\">RLP 30<\/th><th   data-priority=\"0\" class=\"dtr0 dtc3\">RLP 60<\/th><th   data-priority=\"0\" class=\"dtr0 dtc4\">RLP 150<\/th><th   data-priority=\"0\" class=\"dtr0 dtc5\">RLP 320<\/th><\/thead><tbody><tr class=\" row1\"><td    class=\"dtr1 dtc0\">Capacity<\/td><td    class=\"dtr1 dtc1\">20 m\u00b3\/h<\/td><td    class=\"dtr1 dtc2\"> 30 m\u00b3\/h<\/td><td    class=\"dtr1 dtc3\">60 m\u00b3\/h<\/td><td    class=\"dtr1 dtc4\">150 m\u00b3\/h<\/td><td    class=\"dtr1 dtc5\">320 m\u00b3\/h<\/td><\/tr><tr class=\" row2\"><td    class=\"dtr2 dtc0\">Pressure<\/td><td    class=\"dtr2 dtc1\"> 5 bar<\/td><td    class=\"dtr2 dtc2\">2 bar<\/td><td    class=\"dtr2 dtc3\"> 3 bar<\/td><td    class=\"dtr2 dtc4\"> 4 bar<\/td><td    class=\"dtr2 dtc5\">6 bar<\/td><\/tr><tr class=\" row3\"><td    class=\"dtr3 dtc0\">Power<\/td><td    class=\"dtr3 dtc1\">5.5 kW<\/td><td    class=\"dtr3 dtc2\">4 kW<\/td><td    class=\"dtr3 dtc3\"> 12.6 kW<\/td><td    class=\"dtr3 dtc4\">30 kW<\/td><td    class=\"dtr3 dtc5\">78 kW<\/td><\/tr><tr class=\" row4\"><td    class=\"dtr4 dtc0\">Configurations | Options<\/td><td  colspan=\"5\"   class=\"dtr4 dtc1\">Trailer Mount Electric or Diesel Drive | Vertical Gearbox | Overhead V-Belt Drive | Belt Driven Gear Box | In-line Gear Motor | Hydraulic Motor Drive | In-line with C-Face | Gear Reducer | Diesel Drive Unit<\/td><td  style=\"display: none\"   class=\"dtr4 dtc2\"><\/td><td  style=\"display: none\"   class=\"dtr4 dtc3\"><\/td><td  style=\"display: none\"   class=\"dtr4 dtc4\"><\/td><td  style=\"display: none\"   class=\"dtr4 dtc5\"><\/td><\/tr><\/tbody><tfoot><tr><td class=\"dtr4 dtc0\" style=\"height: 0;\"><\/td><td class=\"dtr4 dtc1\" style=\"height: 0;\"><\/td><td class=\"dtr4 dtc2\" style=\"height: 0;\"><\/td><td class=\"dtr4 dtc3\" style=\"height: 0;\"><\/td><td class=\"dtr4 dtc4\" style=\"height: 0;\"><\/td><td class=\"dtr4 dtc5\" style=\"height: 0;\"><\/td><\/tr><\/tfoot><\/table><\/div><style>#wptmtable92 .dataTables_wrapper > .dataTables_scroll {max-height:500px;overflow: auto;}<\/style><script>window.wptm_ajaxurl = 'https:\/\/mavideniz.com.tr\/wp-admin\/admin-ajax.php?juwpfisadmin=false&action=Wptm&'; window.wptm_front = 'https:\/\/mavideniz.com.tr\/wp-content\/plugins\/wp-table-manager\/app\/site\/assets\/'; window.wptm_style = 'https:\/\/mavideniz.com.tr\/wp-content\/uploads\/wptm\/';<\/script><\/div><style><\/style>\n","protected":false},"excerpt":{"rendered":"<p>La pompe rotative \u00e0 lobes de Mavideniz est con\u00e7ue pour pomper les d\u00e9versements d&rsquo;hydrocarbures, la r\u00e9cup\u00e9ration d&rsquo;huile, l&rsquo;\u00e9cumage d&rsquo;huile, les [&hellip;]<\/p>\n","protected":false},"author":1,"featured_media":0,"parent":40926,"menu_order":0,"comment_status":"closed","ping_status":"closed","template":"","meta":{"site-sidebar-layout":"default","site-content-layout":"","ast-site-content-layout":"default","site-content-style":"default","site-sidebar-style":"default","ast-global-header-display":"","ast-banner-title-visibility":"","ast-main-header-display":"","ast-hfb-above-header-display":"","ast-hfb-below-header-display":"","ast-hfb-mobile-header-display":"","site-post-title":"","ast-breadcrumbs-content":"","ast-featured-img":"","footer-sml-layout":"","ast-disable-related-posts":"","theme-transparent-header-meta":"","adv-header-id-meta":"","stick-header-meta":"","header-above-stick-meta":"","header-main-stick-meta":"","header-below-stick-meta":"","astra-migrate-meta-layouts":"default","ast-page-background-enabled":"default","ast-page-background-meta":{"desktop":{"background-color":"var(--ast-global-color-5)","background-image":"","background-repeat":"repeat","background-position":"center center","background-size":"auto","background-attachment":"scroll","background-type":"","background-media":"","overlay-type":"","overlay-color":"","overlay-opacity":"","overlay-gradient":""},"tablet":{"background-color":"","background-image":"","background-repeat":"repeat","background-position":"center center","background-size":"auto","background-attachment":"scroll","background-type":"","background-media":"","overlay-type":"","overlay-color":"","overlay-opacity":"","overlay-gradient":""},"mobile":{"background-color":"","background-image":"","background-repeat":"repeat","background-position":"center center","background-size":"auto","background-attachment":"scroll","background-type":"","background-media":"","overlay-type":"","overlay-color":"","overlay-opacity":"","overlay-gradient":""}},"ast-content-background-meta":{"desktop":{"background-color":"var(--ast-global-color-4)","background-image":"","background-repeat":"repeat","background-position":"center center","background-size":"auto","background-attachment":"scroll","background-type":"","background-media":"","overlay-type":"","overlay-color":"","overlay-opacity":"","overlay-gradient":""},"tablet":{"background-color":"var(--ast-global-color-4)","background-image":"","background-repeat":"repeat","background-position":"center center","background-size":"auto","background-attachment":"scroll","background-type":"","background-media":"","overlay-type":"","overlay-color":"","overlay-opacity":"","overlay-gradient":""},"mobile":{"background-color":"var(--ast-global-color-4)","background-image":"","background-repeat":"repeat","background-position":"center center","background-size":"auto","background-attachment":"scroll","background-type":"","background-media":"","overlay-type":"","overlay-color":"","overlay-opacity":"","overlay-gradient":""}},"footnotes":""},"class_list":["post-40939","page","type-page","status-publish","hentry"],"_links":{"self":[{"href":"https:\/\/mavideniz.com.tr\/fr\/wp-json\/wp\/v2\/pages\/40939","targetHints":{"allow":["GET"]}}],"collection":[{"href":"https:\/\/mavideniz.com.tr\/fr\/wp-json\/wp\/v2\/pages"}],"about":[{"href":"https:\/\/mavideniz.com.tr\/fr\/wp-json\/wp\/v2\/types\/page"}],"author":[{"embeddable":true,"href":"https:\/\/mavideniz.com.tr\/fr\/wp-json\/wp\/v2\/users\/1"}],"replies":[{"embeddable":true,"href":"https:\/\/mavideniz.com.tr\/fr\/wp-json\/wp\/v2\/comments?post=40939"}],"version-history":[{"count":0,"href":"https:\/\/mavideniz.com.tr\/fr\/wp-json\/wp\/v2\/pages\/40939\/revisions"}],"up":[{"embeddable":true,"href":"https:\/\/mavideniz.com.tr\/fr\/wp-json\/wp\/v2\/pages\/40926"}],"wp:attachment":[{"href":"https:\/\/mavideniz.com.tr\/fr\/wp-json\/wp\/v2\/media?parent=40939"}],"curies":[{"name":"wp","href":"https:\/\/api.w.org\/{rel}","templated":true}]}}