{"id":40944,"date":"2022-10-23T14:38:32","date_gmt":"2022-10-23T14:38:32","guid":{"rendered":"https:\/\/mavideniz.com.tr\/?page_id=40944"},"modified":"2022-10-23T14:38:35","modified_gmt":"2022-10-23T14:38:35","slug":"pompe-centrifuge-a-vis","status":"publish","type":"page","link":"https:\/\/mavideniz.com.tr\/fr\/produits-industriels\/pompes\/pompe-centrifuge-a-vis\/","title":{"rendered":"Pompe centrifuge \u00e0 vis"},"content":{"rendered":"\n<p>La roue de pompe centrifuge \u00e0 vis combine les propri\u00e9t\u00e9s d&rsquo;une pompe \u00e0 vis avec celles d&rsquo;une pompe centrifuge. La faible vitesse du liquide dans la pompe entra\u00eene une force de cisaillement relativement faible. Cela rend la pompe centrifuge \u00e0 vis adapt\u00e9e aux liquides qui doivent manipuler avec soin et sans trop de mouvement et de turbulence pour \u00e9viter l&rsquo;\u00e9mulsification. La pompe centrifuge \u00e0 vis Mavi Deniz est id\u00e9ale pour pomper des liquides \u00e0 haute viscosit\u00e9 tels que les huiles brutes, le latex, la m\u00e9lasse et les d\u00e9chets de raffinerie \u00e0 l&rsquo;aide d&rsquo;une vis volum\u00e9trique. Lors du pompage de mat\u00e9riaux plus l\u00e9gers, la roue agit comme un type centrifuge fournissant une grande capacit\u00e9 &#8211; Pompe centrifuge \u00e0 vis est utilis\u00e9 pour les \u00e9cumeurs d&rsquo;huile et le pompage de cargaison.<\/p>\n<p>Les mod\u00e8les Mavi Deniz MSP-100, MSP 150 et MSP 700 sont des pompes \u00e0 vis centrifuges hydrauliques l\u00e9g\u00e8res et compactes de grande capacit\u00e9. Les vitesses de liquide lentes et les faibles forces de cisaillement dans la cargaison ont une incidence directe sur la forme de la roue ; cela rend la pompe adapt\u00e9e aux liquides qui doivent manipuler avec pr\u00e9caution et sans mouvement excessif et turbulence. Cette qualit\u00e9 unique de la pompe la rend parfaite pour les op\u00e9rations de r\u00e9cup\u00e9ration de p\u00e9trole.<\/p>\n<p>Des moteurs hydrauliques plus puissants sont disponibles pour les produits tr\u00e8s denses comme la m\u00e9lasse et le fioul lourd.<\/p>\n<p>Les Mavi Deniz MSP-100, MSP 150 et MSP 700 sont \u00e9quip\u00e9s de s\u00e9rie de 0,5 mt. Des raccords rapides \u00e0 fermeture automatique avec un dispositif de verrouillage emp\u00eachent les raccords de se s\u00e9parer accidentellement pour une connexion s\u00fbre au syst\u00e8me hydraulique d&rsquo;un navire ou \u00e0 un bloc d&rsquo;alimentation portable Mavi Deniz.<\/p>\n<p><strong>DEMANDES<\/strong><\/p>\n<ul>\n<li>Exp\u00e9dition<\/li>\n<li>Industrie<\/li>\n<li>R\u00e9cup\u00e9ration du p\u00e9trole<\/li>\n<li>Nettoyage de r\u00e9servoir<\/li>\n<li>Sauvetage<\/li>\n<li>Pompage des eaux us\u00e9es<\/li>\n<\/ul>\n<p><strong>CARACT\u00c9RISTIQUES<\/strong><\/p>\n<ul>\n<li>Une roue \u00e0 vis centrifuge unique permet le pompage de liquides avec des viscosit\u00e9s allant jusqu&rsquo;\u00e0 1.000.000 CST.<\/li>\n<li>Convient pour l&rsquo;exploitation dans des zones dangereuses.<\/li>\n<li>Faibles propri\u00e9t\u00e9s \u00e9mulsifiantes dues \u00e0 de faibles forces de cisaillement avec de faibles vitesses<\/li>\n<li>Caract\u00e9ristique de non-colmatage. Aucun risque de surcharge lorsque la pompe est bloqu\u00e9e.<\/li>\n<li>Joints lubrifi\u00e9s \u00e0 l&rsquo;huile ( peut s&rsquo;ass\u00e9cher )<\/li>\n<li>Pompe centrifuge \u00e0 vis avec entra\u00eenement hydraulique \u00e0 vitesse variable<\/li>\n<li>Pompe centrifuge \u00e0 vis a une large gamme de performances<\/li>\n<li>L&rsquo;entra\u00eenement hydraulique s\u00e9curis\u00e9 peut \u00eatre utilis\u00e9 lorsque l&rsquo;\u00e9nergie \u00e9lectrique est dangereuse ou peu pratique<\/li>\n<li>Il peut \u00eatre utilis\u00e9 en ligne comme pompe de surpression<\/li>\n<\/ul>\n<div class=\"wptm_table tablesorter-bootstrap \" data-id=\"93\" data-hightlight=\"0\"><div class=\"wptm_buttons buttons_wptmTbl93\"><\/div><div class=\"wptmresponsive dataTables-wptmtable wptmtable \" id=\"wptmtable93\" data-tableid=\"wptmTbl93\"><table data-count-header=\"1\"  data-format-decimal_count=\"0\" data-format-decimal_symbol=\".\" data-format-symbol_position=\"0\" data-format-thousand_symbol=\",\"  data-format-currency_symbol=\"$\"  data-name-style=\"93_1759672579.css\" data-format=\"YYYY-MM-DD\" id=\"wptmTbl93\" data-id=\"93\" data-responsive=\"false\" data-hideCols=\"false\"  data-type=\"html\" data-paging=\"false\" data-searching=\"true\"  data-ordering=\"false\" data-table-breakpoint=\"980\" data-scroll-x=\"true\" data-scroll-collapse=\"true\" data-align=\"center\" data-range=\"[]\" data-hideColumn=\"[0,0,0,0,0]\"  data-colwidths=\"[228,228,228,228,228]\"  data-colwidths_desktop=[]  data-colwidths_tablet=[]  data-colwidths_mobile=[]  class=\"wptm_main_table  disablePager hideScrollHeader\"><colgroup><col data-dtr=\"0\" data-dtc=\"0\" class=\"dtc0\"><col data-dtr=\"0\" data-dtc=\"1\" class=\"dtc1\"><col data-dtr=\"0\" data-dtc=\"2\" class=\"dtc2\"><col data-dtr=\"0\" data-dtc=\"3\" class=\"dtc3\"><col data-dtr=\"0\" data-dtc=\"4\" class=\"dtc4\"><\/colgroup><thead><tr class=\"wptm-header-cells-index\"><th rowspan=\"1\" colspan=\"1\" data-dtr=\"0\" data-dtc=\"0\" class=\"dtr0 dtc0\"><\/th><th rowspan=\"1\" colspan=\"1\" data-dtr=\"0\" data-dtc=\"1\" class=\"dtr0 dtc1\"><\/th><th rowspan=\"1\" colspan=\"1\" data-dtr=\"0\" data-dtc=\"2\" class=\"dtr0 dtc2\"><\/th><th rowspan=\"1\" colspan=\"1\" data-dtr=\"0\" data-dtc=\"3\" class=\"dtr0 dtc3\"><\/th><th rowspan=\"1\" colspan=\"1\" data-dtr=\"0\" data-dtc=\"4\" class=\"dtr0 dtc4\"><\/th><\/tr><tr class=\" row0\"><th   data-priority=\"0\" class=\"dtr0 dtc0\"><\/th><th   data-priority=\"0\" class=\"dtr0 dtc1\">MSP 100<\/th><th   data-priority=\"0\" class=\"dtr0 dtc2\">MSP 150<\/th><th   data-priority=\"0\" class=\"dtr0 dtc3\">MSP 150 HF<\/th><th   data-priority=\"0\" class=\"dtr0 dtc4\">MSP 700<\/th><\/thead><tbody><tr class=\" row1\"><td    class=\"dtr1 dtc0\">Capacity<\/td><td    class=\"dtr1 dtc1\">100 m3\/h<\/td><td    class=\"dtr1 dtc2\">300 m3\/h<\/td><td    class=\"dtr1 dtc3\">500 m3\/h<\/td><td    class=\"dtr1 dtc4\">700 m3\/h<\/td><\/tr><tr class=\" row2\"><td    class=\"dtr2 dtc0\">Pump Body<\/td><td    class=\"dtr2 dtc1\">    Aluminum<\/td><td    class=\"dtr2 dtc2\">    Aluminum<\/td><td    class=\"dtr2 dtc3\">    Aluminum<\/td><td    class=\"dtr2 dtc4\">    Aluminum<\/td><\/tr><tr class=\" row3\"><td    class=\"dtr3 dtc0\">Impeller<\/td><td    class=\"dtr3 dtc1\">Ductile Iron<\/td><td    class=\"dtr3 dtc2\">Ductile Iron<\/td><td    class=\"dtr3 dtc3\">Ductile Iron<\/td><td    class=\"dtr3 dtc4\">Stainless Steel<\/td><\/tr><tr class=\" row4\"><td    class=\"dtr4 dtc0\">Driven<\/td><td    class=\"dtr4 dtc1\">    Hydraulic<\/td><td    class=\"dtr4 dtc2\">    Hydraulic<\/td><td    class=\"dtr4 dtc3\">    Hydraulic<\/td><td    class=\"dtr4 dtc4\">    Hydraulic<\/td><\/tr><tr class=\" row5\"><td    class=\"dtr5 dtc0\">Discharge Connection<\/td><td    class=\"dtr5 dtc1\">4\u201d<\/td><td    class=\"dtr5 dtc2\">6\u201d<\/td><td    class=\"dtr5 dtc3\">6\u201d<\/td><td    class=\"dtr5 dtc4\">6\u201d<\/td><\/tr><tr class=\" row6\"><td    class=\"dtr6 dtc0\">Discharge Head<\/td><td    class=\"dtr6 dtc1\">60 m<\/td><td    class=\"dtr6 dtc2\">60 m<\/td><td    class=\"dtr6 dtc3\">120 m<\/td><td    class=\"dtr6 dtc4\">100 m<\/td><\/tr><tr class=\" row7\"><td    class=\"dtr7 dtc0\">Height<\/td><td    class=\"dtr7 dtc1\">43 cm<\/td><td    class=\"dtr7 dtc2\">61 cm<\/td><td    class=\"dtr7 dtc3\">61 cm<\/td><td    class=\"dtr7 dtc4\">61 cm<\/td><\/tr><tr class=\" row8\"><td    class=\"dtr8 dtc0\">Width<\/td><td    class=\"dtr8 dtc1\">30 cm<\/td><td    class=\"dtr8 dtc2\">49 cm<\/td><td    class=\"dtr8 dtc3\">49 cm<\/td><td    class=\"dtr8 dtc4\">49 cm<\/td><\/tr><tr class=\" row9\"><td    class=\"dtr9 dtc0\">Weight<\/td><td    class=\"dtr9 dtc1\">28 kg<\/td><td    class=\"dtr9 dtc2\">83 kg<\/td><td    class=\"dtr9 dtc3\">83 kg<\/td><td    class=\"dtr9 dtc4\">83 kg<\/td><\/tr><\/tbody><tfoot><tr><td class=\"dtr9 dtc0\" style=\"height: 0;\"><\/td><td class=\"dtr9 dtc1\" style=\"height: 0;\"><\/td><td class=\"dtr9 dtc2\" style=\"height: 0;\"><\/td><td class=\"dtr9 dtc3\" style=\"height: 0;\"><\/td><td class=\"dtr9 dtc4\" style=\"height: 0;\"><\/td><\/tr><\/tfoot><\/table><\/div><style>#wptmtable93 .dataTables_wrapper > .dataTables_scroll {max-height:500px;overflow: auto;}<\/style><script>window.wptm_ajaxurl = 'https:\/\/mavideniz.com.tr\/wp-admin\/admin-ajax.php?juwpfisadmin=false&action=Wptm&'; window.wptm_front = 'https:\/\/mavideniz.com.tr\/wp-content\/plugins\/wp-table-manager\/app\/site\/assets\/'; window.wptm_style = 'https:\/\/mavideniz.com.tr\/wp-content\/uploads\/wptm\/';<\/script><\/div><style><\/style>\n","protected":false},"excerpt":{"rendered":"<p>La roue de pompe centrifuge \u00e0 vis combine les propri\u00e9t\u00e9s d&rsquo;une pompe \u00e0 vis avec celles d&rsquo;une pompe centrifuge. La [&hellip;]<\/p>\n","protected":false},"author":1,"featured_media":0,"parent":40926,"menu_order":0,"comment_status":"closed","ping_status":"closed","template":"","meta":{"site-sidebar-layout":"default","site-content-layout":"","ast-site-content-layout":"default","site-content-style":"default","site-sidebar-style":"default","ast-global-header-display":"","ast-banner-title-visibility":"","ast-main-header-display":"","ast-hfb-above-header-display":"","ast-hfb-below-header-display":"","ast-hfb-mobile-header-display":"","site-post-title":"","ast-breadcrumbs-content":"","ast-featured-img":"","footer-sml-layout":"","ast-disable-related-posts":"","theme-transparent-header-meta":"","adv-header-id-meta":"","stick-header-meta":"","header-above-stick-meta":"","header-main-stick-meta":"","header-below-stick-meta":"","astra-migrate-meta-layouts":"default","ast-page-background-enabled":"default","ast-page-background-meta":{"desktop":{"background-color":"var(--ast-global-color-5)","background-image":"","background-repeat":"repeat","background-position":"center center","background-size":"auto","background-attachment":"scroll","background-type":"","background-media":"","overlay-type":"","overlay-color":"","overlay-opacity":"","overlay-gradient":""},"tablet":{"background-color":"","background-image":"","background-repeat":"repeat","background-position":"center center","background-size":"auto","background-attachment":"scroll","background-type":"","background-media":"","overlay-type":"","overlay-color":"","overlay-opacity":"","overlay-gradient":""},"mobile":{"background-color":"","background-image":"","background-repeat":"repeat","background-position":"center center","background-size":"auto","background-attachment":"scroll","background-type":"","background-media":"","overlay-type":"","overlay-color":"","overlay-opacity":"","overlay-gradient":""}},"ast-content-background-meta":{"desktop":{"background-color":"var(--ast-global-color-4)","background-image":"","background-repeat":"repeat","background-position":"center center","background-size":"auto","background-attachment":"scroll","background-type":"","background-media":"","overlay-type":"","overlay-color":"","overlay-opacity":"","overlay-gradient":""},"tablet":{"background-color":"var(--ast-global-color-4)","background-image":"","background-repeat":"repeat","background-position":"center center","background-size":"auto","background-attachment":"scroll","background-type":"","background-media":"","overlay-type":"","overlay-color":"","overlay-opacity":"","overlay-gradient":""},"mobile":{"background-color":"var(--ast-global-color-4)","background-image":"","background-repeat":"repeat","background-position":"center center","background-size":"auto","background-attachment":"scroll","background-type":"","background-media":"","overlay-type":"","overlay-color":"","overlay-opacity":"","overlay-gradient":""}},"footnotes":""},"class_list":["post-40944","page","type-page","status-publish","hentry"],"_links":{"self":[{"href":"https:\/\/mavideniz.com.tr\/fr\/wp-json\/wp\/v2\/pages\/40944","targetHints":{"allow":["GET"]}}],"collection":[{"href":"https:\/\/mavideniz.com.tr\/fr\/wp-json\/wp\/v2\/pages"}],"about":[{"href":"https:\/\/mavideniz.com.tr\/fr\/wp-json\/wp\/v2\/types\/page"}],"author":[{"embeddable":true,"href":"https:\/\/mavideniz.com.tr\/fr\/wp-json\/wp\/v2\/users\/1"}],"replies":[{"embeddable":true,"href":"https:\/\/mavideniz.com.tr\/fr\/wp-json\/wp\/v2\/comments?post=40944"}],"version-history":[{"count":0,"href":"https:\/\/mavideniz.com.tr\/fr\/wp-json\/wp\/v2\/pages\/40944\/revisions"}],"up":[{"embeddable":true,"href":"https:\/\/mavideniz.com.tr\/fr\/wp-json\/wp\/v2\/pages\/40926"}],"wp:attachment":[{"href":"https:\/\/mavideniz.com.tr\/fr\/wp-json\/wp\/v2\/media?parent=40944"}],"curies":[{"name":"wp","href":"https:\/\/api.w.org\/{rel}","templated":true}]}}