{"id":40952,"date":"2022-10-23T14:46:26","date_gmt":"2022-10-23T14:46:26","guid":{"rendered":"https:\/\/mavideniz.com.tr\/?page_id=40952"},"modified":"2022-10-23T14:46:30","modified_gmt":"2022-10-23T14:46:30","slug":"pompe-centrifuge-auto-amorcante","status":"publish","type":"page","link":"https:\/\/mavideniz.com.tr\/fr\/produits-industriels\/pompes\/pompe-centrifuge-auto-amorcante\/","title":{"rendered":"Pompe centrifuge auto-amor\u00e7ante"},"content":{"rendered":"\n<p>La pompe centrifuge auto-amor\u00e7ante de Mavi Deniz est con\u00e7ue pour pomper de l&rsquo;eau contenant du sable, de la boue, des solides, des applications industrielles \u00e0 grand volume et de la suspension sur les chantiers de construction.\u00a0\u00a0 La pompe centrifuge auto-amor\u00e7ante peut \u00eatre mont\u00e9e haute et s\u00e8che au-dessus du puisard au niveau du sol avec seulement la ligne d&rsquo;aspiration vers le bas dans la pompe de liquide de pompage.<\/p>\n<p>La pompe auto-amor\u00e7ante est dot\u00e9e d&rsquo;un arbre en acier alli\u00e9 9140 et d&rsquo;un joint m\u00e9canique en carbure de silicium, \u00e0 double flottement et auto-alignant, lubrifi\u00e9 \u00e0 l&rsquo;huile \u2014 la plaque d&rsquo;usure rempla\u00e7able en fer ductile. La pompe SelPumpiming peut traiter des liquides jusqu&rsquo;\u00e0 80\u00b0C. Les pompes sont disponibles en tant qu&rsquo;unit\u00e9s de base pour la connexion \u00e0 votre source d&rsquo;alimentation ou peuvent \u00eatre \u00e0 couplage flexible ou la courroie trap\u00e9zo\u00efdale est entra\u00een\u00e9e par un moteur \u00e9lectrique.<\/p>\n<p>Pompe centrifuge auto-amor\u00e7ante de Mavi Deniz ; il n&rsquo;y a pas besoin de remplir les tuyaux d&rsquo;aspiration et pas besoin de valves \u00e0 pied. Longue dur\u00e9e de vie, taille compacte et entretien minimal sont facilement et rapidement exploit\u00e9s. La turbine ouverte a rendu la grande capacit\u00e9 pour manipuler les d\u00e9chets liquides et les solides.<\/p>\n<p>Le syst\u00e8me d&rsquo;amor\u00e7age \u00e9limine les fuites associ\u00e9es aux pompes \u00e0 vide traditionnelles, ce qui les rend id\u00e9ales pour pomper des liquides dangereux pour l&rsquo;environnement. Les pompes d&rsquo;amor\u00e7age ont un syst\u00e8me d&rsquo;amor\u00e7age auxiliaire pour assurer l&rsquo;amor\u00e7age et le r\u00e9amor\u00e7age automatiques. Les pompes sont \u00e9quip\u00e9es d&rsquo;une pompe \u00e0 joint m\u00e9canique en carbure de silicium surdimensionn\u00e9e et lubrifi\u00e9e \u00e0 l&rsquo;huile qui permet \u00e0 la pompe de fonctionner \u00e0 sec sans dommage &#8211; des mod\u00e8les \u00e0 d\u00e9bit \u00e9lev\u00e9 et \u00e0 t\u00eate \u00e9lev\u00e9e sont disponibles.<\/p>\n<p>La pompe centrifuge auto-amor\u00e7ante pompe parfaitement les liquides visqueux et denses contenant des solides de grande taille et fonctionne dans des conditions extr\u00eames en pompant la d\u00e9rivation des \u00e9gouts aux stations de relevage des eaux us\u00e9es. Y compris le transfert de fluides visqueux avec des solides en suspension.<\/p>\n<p>Des versions assist\u00e9es par le vide peuvent \u00e9galement \u00eatre utilis\u00e9es dans l&rsquo;ass\u00e8chement des points de puits. Des pompes \u00e0 vide lamelles \u00e0 haute capacit\u00e9 assurent l&rsquo;amor\u00e7age du liquide avec de l&rsquo;air en suspension \u00e0 grande profondeur.<\/p>\n<p>Les mod\u00e8les de pompes centrifuges \u00e0 amor\u00e7age automatique sont disponibles avec un moteur \u00e9lectrique ou diesel.<\/p>\n<p>Les pompes centrifuges \u00e0 amor\u00e7age automatique et \u00e0 moteur de Mavi Deniz sont id\u00e9ales pour les applications de nettoyage de secours et de secours. Selon le mod\u00e8le, les pompes peuvent traiter des solides de 3 po de diam\u00e8tre.<\/p>\n<p>Des pompes adapt\u00e9es \u00e0 d&rsquo;autres applications sont \u00e9galement disponibles. Le kit de roue en option offre une portabilit\u00e9 pour un acc\u00e8s facile au chantier. Les pompes sont disponibles avec des moteurs essence ou diesel.<\/p>\n<p><strong>Op\u00e9ration<\/strong><\/p>\n<ul>\n<li>Liquide ininflammable et non explosif<\/li>\n<li>Eaux pluviales et eaux us\u00e9es<\/li>\n<li>Station de drainage de chantier pour syst\u00e8me de d\u00e9fense a\u00e9rienne populaire<\/li>\n<li>Eaux us\u00e9es industrielles de l&rsquo;industrie l\u00e9g\u00e8re, papeterie, textile, usine de transformation alimentaire, industrie chimique<\/li>\n<li>D\u00e9versement d&rsquo;eaux us\u00e9es dans la zone r\u00e9sidentielle<\/li>\n<li>Epuration et d\u00e9p\u00f4t d&rsquo;un syst\u00e8me de purification d&rsquo;eau<\/li>\n<li>Industrie du bronzage, pisciculture dans la rivi\u00e8re et l&rsquo;\u00e9tang<\/li>\n<li>Industrie du vin et du sucre<\/li>\n<li>Rejet d&rsquo;eaux us\u00e9es non fortement corrosives mais gravement pollu\u00e9es<\/li>\n<\/ul>\n<p><strong>Caract\u00e9ristiques<\/strong><\/p>\n<ul>\n<li>La pompe centrifuge auto-amor\u00e7ante peut traiter des solides jusqu&rsquo;\u00e0 3 pouces.<\/li>\n<li>La pompe centrifuge \u00e0 amor\u00e7age automatique peut continuer \u00e0 pomper le fluide alors que la pompe est toujours situ\u00e9e hors de la fosse.<\/li>\n<li>Longue dur\u00e9e de vie, taille compacte et entretien minimal<\/li>\n<li>Performances stables, fonctionnement fiable<\/li>\n<li>T\u00eate d&rsquo;aspiration rapide et auto-amor\u00e7ante<\/li>\n<li>Structure de roue semi-ouverte et conception sans colmatage : forte capacit\u00e9 de passage.<\/li>\n<li>Utilisation pratique : La pompe peut \u00eatre mont\u00e9e pr\u00e8s du fosse septique, avec seulement le tuyau d&rsquo;aspiration vers le bas dans le liquide. (La pompe doit \u00eatre remplie d&rsquo;eau pour le premier d\u00e9marrage.)<\/li>\n<\/ul>\n<div class=\"wptm_table tablesorter-bootstrap \" data-id=\"94\" data-hightlight=\"0\"><div class=\"wptm_buttons buttons_wptmTbl94\"><\/div><div class=\"wptmresponsive dataTables-wptmtable wptmtable \" id=\"wptmtable94\" data-tableid=\"wptmTbl94\"><table data-count-header=\"1\"  data-format-decimal_count=\"0\" data-format-decimal_symbol=\".\" data-format-symbol_position=\"0\" data-format-thousand_symbol=\",\"  data-format-currency_symbol=\"$\"  data-name-style=\"94_1759672648.css\" data-format=\"YYYY-MM-DD\" id=\"wptmTbl94\" data-id=\"94\" data-responsive=\"false\" data-hideCols=\"false\"  data-type=\"html\" data-paging=\"false\" data-searching=\"true\"  data-ordering=\"false\" data-table-breakpoint=\"980\" data-scroll-x=\"true\" data-scroll-collapse=\"true\" data-align=\"center\" data-range=\"[]\" data-hideColumn=\"[0,0,0,0,0,0,0,0]\"  data-colwidths=\"[142,142,142,142,142,142,142,142]\"  data-colwidths_desktop=[]  data-colwidths_tablet=[]  data-colwidths_mobile=[]  class=\"wptm_main_table  disablePager hideScrollHeader\"><colgroup><col data-dtr=\"0\" data-dtc=\"0\" class=\"dtc0\"><col data-dtr=\"0\" data-dtc=\"1\" class=\"dtc1\"><col data-dtr=\"0\" data-dtc=\"2\" class=\"dtc2\"><col data-dtr=\"0\" data-dtc=\"3\" class=\"dtc3\"><col data-dtr=\"0\" data-dtc=\"4\" class=\"dtc4\"><col data-dtr=\"0\" data-dtc=\"5\" class=\"dtc5\"><col data-dtr=\"0\" data-dtc=\"6\" class=\"dtc6\"><col data-dtr=\"0\" data-dtc=\"7\" class=\"dtc7\"><\/colgroup><thead><tr class=\"wptm-header-cells-index\"><th rowspan=\"1\" colspan=\"1\" data-dtr=\"0\" data-dtc=\"0\" class=\"dtr0 dtc0\"><\/th><th rowspan=\"1\" colspan=\"1\" data-dtr=\"0\" data-dtc=\"1\" class=\"dtr0 dtc1\"><\/th><th rowspan=\"1\" colspan=\"1\" data-dtr=\"0\" data-dtc=\"2\" class=\"dtr0 dtc2\"><\/th><th rowspan=\"1\" colspan=\"1\" data-dtr=\"0\" data-dtc=\"3\" class=\"dtr0 dtc3\"><\/th><th rowspan=\"1\" colspan=\"1\" data-dtr=\"0\" data-dtc=\"4\" class=\"dtr0 dtc4\"><\/th><th rowspan=\"1\" colspan=\"1\" data-dtr=\"0\" data-dtc=\"5\" class=\"dtr0 dtc5\"><\/th><th rowspan=\"1\" colspan=\"1\" data-dtr=\"0\" data-dtc=\"6\" class=\"dtr0 dtc6\"><\/th><th rowspan=\"1\" colspan=\"1\" data-dtr=\"0\" data-dtc=\"7\" class=\"dtr0 dtc7\"><\/th><\/tr><tr class=\" row0\"><th   data-priority=\"0\" class=\"dtr0 dtc0\"><\/th><th   data-priority=\"0\" class=\"dtr0 dtc1\">SPCF 38<\/th><th   data-priority=\"0\" class=\"dtr0 dtc2\">SPCF 100<\/th><th   data-priority=\"0\" class=\"dtr0 dtc3\">SPCF 200<\/th><th   data-priority=\"0\" class=\"dtr0 dtc4\">SPCF 250<\/th><th   data-priority=\"0\" class=\"dtr0 dtc5\">SPCF 350<\/th><th   data-priority=\"0\" class=\"dtr0 dtc6\">SPCF 500<\/th><th   data-priority=\"0\" class=\"dtr0 dtc7\">SPCF 600<\/th><\/thead><tbody><tr class=\" row1\"><td    class=\"dtr1 dtc0\">Capacity<\/td><td    class=\"dtr1 dtc1\">38 m3\/h<\/td><td    class=\"dtr1 dtc2\">100 m3\/h<\/td><td    class=\"dtr1 dtc3\">200 m3\/h<\/td><td    class=\"dtr1 dtc4\">250 m3\/h<\/td><td    class=\"dtr1 dtc5\">350 m3\/h<\/td><td    class=\"dtr1 dtc6\">500 m3\/h<\/td><td    class=\"dtr1 dtc7\">600 m3\/h<\/td><\/tr><tr class=\" row2\"><td    class=\"dtr2 dtc0\">Diesel Engine Driven<\/td><td    class=\"dtr2 dtc1\">4 HP<\/td><td    class=\"dtr2 dtc2\">10 HP<\/td><td    class=\"dtr2 dtc3\">20 HP<\/td><td    class=\"dtr2 dtc4\">40 HP<\/td><td    class=\"dtr2 dtc5\">50 HP<\/td><td    class=\"dtr2 dtc6\">100 HP<\/td><td    class=\"dtr2 dtc7\">122 HP<\/td><\/tr><tr class=\" row3\"><td    class=\"dtr3 dtc0\">Type<\/td><td  colspan=\"7\"   class=\"dtr3 dtc1\">Self Priming ( Wet Prime ) Pump<\/td><td  style=\"display: none\"   class=\"dtr3 dtc2\"><\/td><td  style=\"display: none\"   class=\"dtr3 dtc3\"><\/td><td  style=\"display: none\"   class=\"dtr3 dtc4\"><\/td><td  style=\"display: none\"   class=\"dtr3 dtc5\"><\/td><td  style=\"display: none\"   class=\"dtr3 dtc6\"><\/td><td  style=\"display: none\"   class=\"dtr3 dtc7\"><\/td><\/tr><tr class=\" row4\"><td    class=\"dtr4 dtc0\">Pump Body<\/td><td    class=\"dtr4 dtc1\">Ductile Iron<\/td><td    class=\"dtr4 dtc2\">Ductile Iron<\/td><td    class=\"dtr4 dtc3\">Ductile Iron<\/td><td    class=\"dtr4 dtc4\">Ductile Iron<\/td><td    class=\"dtr4 dtc5\">Ductile Iron<\/td><td    class=\"dtr4 dtc6\">Ductile Iron<\/td><td    class=\"dtr4 dtc7\">Ductile Iron<\/td><\/tr><tr class=\" row5\"><td    class=\"dtr5 dtc0\">Impeller<\/td><td    class=\"dtr5 dtc1\">Ductile Iron<\/td><td    class=\"dtr5 dtc2\">Ductile Iron<\/td><td    class=\"dtr5 dtc3\">Bronze<\/td><td    class=\"dtr5 dtc4\">Bronze<\/td><td    class=\"dtr5 dtc5\">Bronze<\/td><td    class=\"dtr5 dtc6\">Bronze<\/td><td    class=\"dtr5 dtc7\">Bronze<\/td><\/tr><tr class=\" row6\"><td    class=\"dtr6 dtc0\">Discharge Connection<\/td><td    class=\"dtr6 dtc1\">2\u201d<\/td><td    class=\"dtr6 dtc2\">4\"<\/td><td    class=\"dtr6 dtc3\">6\u201d<\/td><td    class=\"dtr6 dtc4\">6\u201d<\/td><td    class=\"dtr6 dtc5\">8\u201d<\/td><td    class=\"dtr6 dtc6\">8\u201d<\/td><td    class=\"dtr6 dtc7\">10\u201d<\/td><\/tr><tr class=\" row7\"><td    class=\"dtr7 dtc0\">Solid Handling<\/td><td    class=\"dtr7 dtc1\">44 mm<\/td><td    class=\"dtr7 dtc2\">76 mm<\/td><td    class=\"dtr7 dtc3\">76 mm<\/td><td    class=\"dtr7 dtc4\">76 mm<\/td><td    class=\"dtr7 dtc5\">76 mm<\/td><td    class=\"dtr7 dtc6\">76 mm<\/td><td    class=\"dtr7 dtc7\">76 mm<\/td><\/tr><tr class=\" row8\"><td    class=\"dtr8 dtc0\">Max Suction<\/td><td    class=\"dtr8 dtc1\">6 m<\/td><td    class=\"dtr8 dtc2\">6 m<\/td><td    class=\"dtr8 dtc3\">6.4 m<\/td><td    class=\"dtr8 dtc4\">7 m<\/td><td    class=\"dtr8 dtc5\">6.4 m<\/td><td    class=\"dtr8 dtc6\">7 m<\/td><td    class=\"dtr8 dtc7\">6.7 m<\/td><\/tr><tr class=\" row9\"><td    class=\"dtr9 dtc0\">Discharge Head<\/td><td    class=\"dtr9 dtc1\">24 m<\/td><td    class=\"dtr9 dtc2\">20 m<\/td><td    class=\"dtr9 dtc3\">16 m<\/td><td    class=\"dtr9 dtc4\">24 m<\/td><td    class=\"dtr9 dtc5\">22 m<\/td><td    class=\"dtr9 dtc6\">36 m<\/td><td    class=\"dtr9 dtc7\">38 m<\/td><\/tr><\/tbody><tfoot><tr><td class=\"dtr9 dtc0\" style=\"height: 0;\"><\/td><td class=\"dtr9 dtc1\" style=\"height: 0;\"><\/td><td class=\"dtr9 dtc2\" style=\"height: 0;\"><\/td><td class=\"dtr9 dtc3\" style=\"height: 0;\"><\/td><td class=\"dtr9 dtc4\" style=\"height: 0;\"><\/td><td class=\"dtr9 dtc5\" style=\"height: 0;\"><\/td><td class=\"dtr9 dtc6\" style=\"height: 0;\"><\/td><td class=\"dtr9 dtc7\" style=\"height: 0;\"><\/td><\/tr><\/tfoot><\/table><\/div><style>#wptmtable94 .dataTables_wrapper > .dataTables_scroll {max-height:500px;overflow: auto;}<\/style><script>window.wptm_ajaxurl = 'https:\/\/mavideniz.com.tr\/wp-admin\/admin-ajax.php?juwpfisadmin=false&action=Wptm&'; window.wptm_front = 'https:\/\/mavideniz.com.tr\/wp-content\/plugins\/wp-table-manager\/app\/site\/assets\/'; window.wptm_style = 'https:\/\/mavideniz.com.tr\/wp-content\/uploads\/wptm\/';<\/script><\/div><style><\/style>\n","protected":false},"excerpt":{"rendered":"<p>La pompe centrifuge auto-amor\u00e7ante de Mavi Deniz est con\u00e7ue pour pomper de l&rsquo;eau contenant du sable, de la boue, des [&hellip;]<\/p>\n","protected":false},"author":1,"featured_media":0,"parent":40926,"menu_order":0,"comment_status":"closed","ping_status":"closed","template":"","meta":{"site-sidebar-layout":"default","site-content-layout":"","ast-site-content-layout":"default","site-content-style":"default","site-sidebar-style":"default","ast-global-header-display":"","ast-banner-title-visibility":"","ast-main-header-display":"","ast-hfb-above-header-display":"","ast-hfb-below-header-display":"","ast-hfb-mobile-header-display":"","site-post-title":"","ast-breadcrumbs-content":"","ast-featured-img":"","footer-sml-layout":"","ast-disable-related-posts":"","theme-transparent-header-meta":"","adv-header-id-meta":"","stick-header-meta":"","header-above-stick-meta":"","header-main-stick-meta":"","header-below-stick-meta":"","astra-migrate-meta-layouts":"default","ast-page-background-enabled":"default","ast-page-background-meta":{"desktop":{"background-color":"var(--ast-global-color-5)","background-image":"","background-repeat":"repeat","background-position":"center center","background-size":"auto","background-attachment":"scroll","background-type":"","background-media":"","overlay-type":"","overlay-color":"","overlay-opacity":"","overlay-gradient":""},"tablet":{"background-color":"","background-image":"","background-repeat":"repeat","background-position":"center center","background-size":"auto","background-attachment":"scroll","background-type":"","background-media":"","overlay-type":"","overlay-color":"","overlay-opacity":"","overlay-gradient":""},"mobile":{"background-color":"","background-image":"","background-repeat":"repeat","background-position":"center center","background-size":"auto","background-attachment":"scroll","background-type":"","background-media":"","overlay-type":"","overlay-color":"","overlay-opacity":"","overlay-gradient":""}},"ast-content-background-meta":{"desktop":{"background-color":"var(--ast-global-color-4)","background-image":"","background-repeat":"repeat","background-position":"center center","background-size":"auto","background-attachment":"scroll","background-type":"","background-media":"","overlay-type":"","overlay-color":"","overlay-opacity":"","overlay-gradient":""},"tablet":{"background-color":"var(--ast-global-color-4)","background-image":"","background-repeat":"repeat","background-position":"center center","background-size":"auto","background-attachment":"scroll","background-type":"","background-media":"","overlay-type":"","overlay-color":"","overlay-opacity":"","overlay-gradient":""},"mobile":{"background-color":"var(--ast-global-color-4)","background-image":"","background-repeat":"repeat","background-position":"center center","background-size":"auto","background-attachment":"scroll","background-type":"","background-media":"","overlay-type":"","overlay-color":"","overlay-opacity":"","overlay-gradient":""}},"footnotes":""},"class_list":["post-40952","page","type-page","status-publish","hentry"],"_links":{"self":[{"href":"https:\/\/mavideniz.com.tr\/fr\/wp-json\/wp\/v2\/pages\/40952","targetHints":{"allow":["GET"]}}],"collection":[{"href":"https:\/\/mavideniz.com.tr\/fr\/wp-json\/wp\/v2\/pages"}],"about":[{"href":"https:\/\/mavideniz.com.tr\/fr\/wp-json\/wp\/v2\/types\/page"}],"author":[{"embeddable":true,"href":"https:\/\/mavideniz.com.tr\/fr\/wp-json\/wp\/v2\/users\/1"}],"replies":[{"embeddable":true,"href":"https:\/\/mavideniz.com.tr\/fr\/wp-json\/wp\/v2\/comments?post=40952"}],"version-history":[{"count":0,"href":"https:\/\/mavideniz.com.tr\/fr\/wp-json\/wp\/v2\/pages\/40952\/revisions"}],"up":[{"embeddable":true,"href":"https:\/\/mavideniz.com.tr\/fr\/wp-json\/wp\/v2\/pages\/40926"}],"wp:attachment":[{"href":"https:\/\/mavideniz.com.tr\/fr\/wp-json\/wp\/v2\/media?parent=40952"}],"curies":[{"name":"wp","href":"https:\/\/api.w.org\/{rel}","templated":true}]}}