{"id":40959,"date":"2022-10-23T14:50:14","date_gmt":"2022-10-23T14:50:14","guid":{"rendered":"https:\/\/mavideniz.com.tr\/?page_id=40959"},"modified":"2022-10-23T14:50:18","modified_gmt":"2022-10-23T14:50:18","slug":"pompe-centrifuge-submersible","status":"publish","type":"page","link":"https:\/\/mavideniz.com.tr\/fr\/produits-industriels\/pompes\/pompe-centrifuge-submersible\/","title":{"rendered":"Pompe centrifuge submersible"},"content":{"rendered":"\n<p>La pompe centrifuge submersible de Mavi Deniz est une pompe hydraulique centrifuge l\u00e9g\u00e8re tout usage pour le pompage d&rsquo;ass\u00e8chement, la d\u00e9shydratation et la pompe de transfert.<\/p>\n<p>L&rsquo;invention concerne une pompe centrifuge submersible pr\u00e9sentant une pression de d\u00e9charge \u00e9lev\u00e9e pour pomper sur de longues distances. La pompe centrifuge submersible peut fonctionner avec une r\u00e9trocaveuse, des camions \u00e0 vide ou d&rsquo;autres syst\u00e8mes hydrauliques existants.<\/p>\n<p>La pompe centrifuge submersible Mavi Deniz est une pompe utilitaire polyvalente et portable. Une turbine \u00e0 canal efficace traite les solides et offre d&rsquo;excellentes performances globales.<\/p>\n<p>Les pompes Mavi Deniz CP Models sont centrifuges l\u00e9g\u00e8res ; pompes hydrauliques polyvalentes pour le transfert des boues de forage, le contr\u00f4le des inondations, le pompage continu de l&rsquo;eau pour les t\u00e2ches de lutte contre les incendies, l&rsquo;huile r\u00e9cup\u00e9r\u00e9e des \u00e9cumeurs d&rsquo;huile, le pompage de l&rsquo;eau de cale, le pompage de l&rsquo;eau huileuse, le pompage de l&rsquo;eau sale, et id\u00e9al pour le d\u00e9chargement de camion-citerne transportable, les op\u00e9rations de pompage de puits profonds, l&rsquo;ass\u00e8chement des b\u00e2timents ou des chantiers de construction, le pompage de trou d&rsquo;entretien et le transfert de l&rsquo;huile des barges, r\u00e9servoirs de stockage temporaire ou de stockage flottant. Pression de refoulement \u00e9lev\u00e9e pour pomper le p\u00e9trole sur de longues distances.<\/p>\n<p><strong>CARACT\u00c9RISTIQUES<\/strong><\/p>\n<ul>\n<li>La pompe centrifuge submersible est simple \u00e0 utiliser<\/li>\n<li>Roue efficace \u00e0 deux canaux<\/li>\n<li>Peut se tarir<\/li>\n<li>Pompe centrifuge submersible \u00e0 vitesse variable<\/li>\n<li>La pompe centrifuge submersible peut \u00eatre boulonn\u00e9e dans un pipeline ou mise en sc\u00e8ne<\/li>\n<li>L&rsquo;entra\u00eenement hydraulique s\u00e9curis\u00e9 peut \u00eatre utilis\u00e9 lorsque l&rsquo;\u00e9nergie \u00e9lectrique est dangereuse ou peu pratique<\/li>\n<li>Fonctionne avec des unit\u00e9s de puissance hydraulique \u00e0 entra\u00eenement par gaz, diesel ou \u00e9lectrique<\/li>\n<\/ul>\n<div class=\"wptm_table tablesorter-bootstrap \" data-id=\"95\" data-hightlight=\"0\"><div class=\"wptm_buttons buttons_wptmTbl95\"><\/div><div class=\"wptmresponsive dataTables-wptmtable wptmtable \" id=\"wptmtable95\" data-tableid=\"wptmTbl95\"><table data-count-header=\"1\"  data-format-decimal_count=\"0\" data-format-decimal_symbol=\".\" data-format-symbol_position=\"0\" data-format-thousand_symbol=\",\"  data-format-currency_symbol=\"$\"  data-name-style=\"95_1759672698.css\" data-format=\"YYYY-MM-DD\" id=\"wptmTbl95\" data-id=\"95\" data-responsive=\"false\" data-hideCols=\"false\"  data-type=\"html\" data-paging=\"false\" data-searching=\"true\"  data-ordering=\"false\" data-table-breakpoint=\"980\" data-scroll-x=\"true\" data-scroll-collapse=\"true\" data-align=\"center\" data-range=\"[]\" data-hideColumn=\"[0,0,0,0,0,0]\"  data-colwidths=\"[190,190,190,190,190,190]\"  data-colwidths_desktop=[]  data-colwidths_tablet=[]  data-colwidths_mobile=[]  class=\"wptm_main_table  disablePager hideScrollHeader\"><colgroup><col data-dtr=\"0\" data-dtc=\"0\" class=\"dtc0\"><col data-dtr=\"0\" data-dtc=\"1\" class=\"dtc1\"><col data-dtr=\"0\" data-dtc=\"2\" class=\"dtc2\"><col data-dtr=\"0\" data-dtc=\"3\" class=\"dtc3\"><col data-dtr=\"0\" data-dtc=\"4\" class=\"dtc4\"><col data-dtr=\"0\" data-dtc=\"5\" class=\"dtc5\"><\/colgroup><thead><tr class=\"wptm-header-cells-index\"><th rowspan=\"1\" colspan=\"1\" data-dtr=\"0\" data-dtc=\"0\" class=\"dtr0 dtc0\"><\/th><th rowspan=\"1\" colspan=\"1\" data-dtr=\"0\" data-dtc=\"1\" class=\"dtr0 dtc1\"><\/th><th rowspan=\"1\" colspan=\"1\" data-dtr=\"0\" data-dtc=\"2\" class=\"dtr0 dtc2\"><\/th><th rowspan=\"1\" colspan=\"1\" data-dtr=\"0\" data-dtc=\"3\" class=\"dtr0 dtc3\"><\/th><th rowspan=\"1\" colspan=\"1\" data-dtr=\"0\" data-dtc=\"4\" class=\"dtr0 dtc4\"><\/th><th rowspan=\"1\" colspan=\"1\" data-dtr=\"0\" data-dtc=\"5\" class=\"dtr0 dtc5\"><\/th><\/tr><tr class=\" row0\"><th   data-priority=\"0\" class=\"dtr0 dtc0\"><\/th><th   data-priority=\"0\" class=\"dtr0 dtc1\">     CP 1<\/th><th   data-priority=\"0\" class=\"dtr0 dtc2\">CPI 2<\/th><th   data-priority=\"0\" class=\"dtr0 dtc3\">CP 3<\/th><th   data-priority=\"0\" class=\"dtr0 dtc4\">CP 4<\/th><th   data-priority=\"0\" class=\"dtr0 dtc5\">CPI 5<\/th><\/thead><tbody><tr class=\" row1\"><td    class=\"dtr1 dtc0\">Capacity<\/td><td    class=\"dtr1 dtc1\">48 m3\/h<\/td><td    class=\"dtr1 dtc2\">48 m3\/h<\/td><td    class=\"dtr1 dtc3\">100 m3\/h<\/td><td    class=\"dtr1 dtc4\">200 m3\/h<\/td><td    class=\"dtr1 dtc5\">180 m3\/h<\/td><\/tr><tr class=\" row2\"><td    class=\"dtr2 dtc0\">Pump Body<\/td><td    class=\"dtr2 dtc1\">    Aluminum<\/td><td    class=\"dtr2 dtc2\">Stainless Steel<\/td><td    class=\"dtr2 dtc3\">    Aluminum<\/td><td    class=\"dtr2 dtc4\">    Aluminum<\/td><td    class=\"dtr2 dtc5\">Stainless Steel<\/td><\/tr><tr class=\" row3\"><td    class=\"dtr3 dtc0\">Impeller<\/td><td    class=\"dtr3 dtc1\">Ductile Iron<\/td><td    class=\"dtr3 dtc2\">Chromium Ductile Iron<\/td><td    class=\"dtr3 dtc3\">Ductile Iron<\/td><td    class=\"dtr3 dtc4\">Ductile Iron<\/td><td    class=\"dtr3 dtc5\">Chromium Ductile Iron<\/td><\/tr><tr class=\" row4\"><td    class=\"dtr4 dtc0\">Driven<\/td><td    class=\"dtr4 dtc1\">    Hydraulic<\/td><td    class=\"dtr4 dtc2\">    Hydraulic<\/td><td    class=\"dtr4 dtc3\">    Hydraulic<\/td><td    class=\"dtr4 dtc4\">    Hydraulic<\/td><td    class=\"dtr4 dtc5\">    Hydraulic<\/td><\/tr><tr class=\" row5\"><td    class=\"dtr5 dtc0\">Solid Handling<\/td><td    class=\"dtr5 dtc1\">    1 \u00bd\u201d<\/td><td    class=\"dtr5 dtc2\">    1 \u00bd\u201d<\/td><td    class=\"dtr5 dtc3\">    2 \u00bd\u201d<\/td><td    class=\"dtr5 dtc4\">    3\u201d<\/td><td    class=\"dtr5 dtc5\">    3\u201d<\/td><\/tr><tr class=\" row6\"><td    class=\"dtr6 dtc0\">Discharge Size<\/td><td    class=\"dtr6 dtc1\">    2\u201d<\/td><td    class=\"dtr6 dtc2\">    2\u201d<\/td><td    class=\"dtr6 dtc3\">    3\u201d<\/td><td    class=\"dtr6 dtc4\">    4\u201d<\/td><td    class=\"dtr6 dtc5\">    4\u201d<\/td><\/tr><tr class=\" row7\"><td    class=\"dtr7 dtc0\">Discharge Head<\/td><td    class=\"dtr7 dtc1\">    30 m<\/td><td    class=\"dtr7 dtc2\">35 m<\/td><td    class=\"dtr7 dtc3\">25 m<\/td><td    class=\"dtr7 dtc4\">14 m<\/td><td    class=\"dtr7 dtc5\">16 m<\/td><\/tr><tr class=\" row8\"><td    class=\"dtr8 dtc0\">Suction Head<\/td><td    class=\"dtr8 dtc1\">6 m<\/td><td    class=\"dtr8 dtc2\">6 m<\/td><td    class=\"dtr8 dtc3\">6 m<\/td><td    class=\"dtr8 dtc4\">6 m<\/td><td    class=\"dtr8 dtc5\">6 m<\/td><\/tr><tr class=\" row9\"><td    class=\"dtr9 dtc0\">Height<\/td><td    class=\"dtr9 dtc1\">35 cm<\/td><td    class=\"dtr9 dtc2\">30 cm<\/td><td    class=\"dtr9 dtc3\">40 cm<\/td><td    class=\"dtr9 dtc4\">    48 cm<\/td><td    class=\"dtr9 dtc5\">50 cm<\/td><\/tr><tr class=\" row10\"><td    class=\"dtr10 dtc0\">Width<\/td><td    class=\"dtr10 dtc1\">24 cm<\/td><td    class=\"dtr10 dtc2\">22 cm<\/td><td    class=\"dtr10 dtc3\">30 cm<\/td><td    class=\"dtr10 dtc4\">    50 cm<\/td><td    class=\"dtr10 dtc5\">40 cm<\/td><\/tr><tr class=\" row11\"><td    class=\"dtr11 dtc0\">Weight<\/td><td    class=\"dtr11 dtc1\">8 kg<\/td><td    class=\"dtr11 dtc2\">8 kg<\/td><td    class=\"dtr11 dtc3\">    11 kg<\/td><td    class=\"dtr11 dtc4\">30 kg<\/td><td    class=\"dtr11 dtc5\">28 kg<\/td><\/tr><\/tbody><tfoot><tr><td class=\"dtr11 dtc0\" style=\"height: 0;\"><\/td><td class=\"dtr11 dtc1\" style=\"height: 0;\"><\/td><td class=\"dtr11 dtc2\" style=\"height: 0;\"><\/td><td class=\"dtr11 dtc3\" style=\"height: 0;\"><\/td><td class=\"dtr11 dtc4\" style=\"height: 0;\"><\/td><td class=\"dtr11 dtc5\" style=\"height: 0;\"><\/td><\/tr><\/tfoot><\/table><\/div><style>#wptmtable95 .dataTables_wrapper > .dataTables_scroll {max-height:500px;overflow: auto;}<\/style><script>window.wptm_ajaxurl = 'https:\/\/mavideniz.com.tr\/wp-admin\/admin-ajax.php?juwpfisadmin=false&action=Wptm&'; window.wptm_front = 'https:\/\/mavideniz.com.tr\/wp-content\/plugins\/wp-table-manager\/app\/site\/assets\/'; window.wptm_style = 'https:\/\/mavideniz.com.tr\/wp-content\/uploads\/wptm\/';<\/script><\/div><style><\/style>\n","protected":false},"excerpt":{"rendered":"<p>La pompe centrifuge submersible de Mavi Deniz est une pompe hydraulique centrifuge l\u00e9g\u00e8re tout usage pour le pompage d&rsquo;ass\u00e8chement, la [&hellip;]<\/p>\n","protected":false},"author":1,"featured_media":0,"parent":40926,"menu_order":0,"comment_status":"closed","ping_status":"closed","template":"","meta":{"site-sidebar-layout":"default","site-content-layout":"","ast-site-content-layout":"default","site-content-style":"default","site-sidebar-style":"default","ast-global-header-display":"","ast-banner-title-visibility":"","ast-main-header-display":"","ast-hfb-above-header-display":"","ast-hfb-below-header-display":"","ast-hfb-mobile-header-display":"","site-post-title":"","ast-breadcrumbs-content":"","ast-featured-img":"","footer-sml-layout":"","ast-disable-related-posts":"","theme-transparent-header-meta":"","adv-header-id-meta":"","stick-header-meta":"","header-above-stick-meta":"","header-main-stick-meta":"","header-below-stick-meta":"","astra-migrate-meta-layouts":"default","ast-page-background-enabled":"default","ast-page-background-meta":{"desktop":{"background-color":"var(--ast-global-color-5)","background-image":"","background-repeat":"repeat","background-position":"center center","background-size":"auto","background-attachment":"scroll","background-type":"","background-media":"","overlay-type":"","overlay-color":"","overlay-opacity":"","overlay-gradient":""},"tablet":{"background-color":"","background-image":"","background-repeat":"repeat","background-position":"center center","background-size":"auto","background-attachment":"scroll","background-type":"","background-media":"","overlay-type":"","overlay-color":"","overlay-opacity":"","overlay-gradient":""},"mobile":{"background-color":"","background-image":"","background-repeat":"repeat","background-position":"center center","background-size":"auto","background-attachment":"scroll","background-type":"","background-media":"","overlay-type":"","overlay-color":"","overlay-opacity":"","overlay-gradient":""}},"ast-content-background-meta":{"desktop":{"background-color":"var(--ast-global-color-4)","background-image":"","background-repeat":"repeat","background-position":"center center","background-size":"auto","background-attachment":"scroll","background-type":"","background-media":"","overlay-type":"","overlay-color":"","overlay-opacity":"","overlay-gradient":""},"tablet":{"background-color":"var(--ast-global-color-4)","background-image":"","background-repeat":"repeat","background-position":"center center","background-size":"auto","background-attachment":"scroll","background-type":"","background-media":"","overlay-type":"","overlay-color":"","overlay-opacity":"","overlay-gradient":""},"mobile":{"background-color":"var(--ast-global-color-4)","background-image":"","background-repeat":"repeat","background-position":"center center","background-size":"auto","background-attachment":"scroll","background-type":"","background-media":"","overlay-type":"","overlay-color":"","overlay-opacity":"","overlay-gradient":""}},"footnotes":""},"class_list":["post-40959","page","type-page","status-publish","hentry"],"_links":{"self":[{"href":"https:\/\/mavideniz.com.tr\/fr\/wp-json\/wp\/v2\/pages\/40959","targetHints":{"allow":["GET"]}}],"collection":[{"href":"https:\/\/mavideniz.com.tr\/fr\/wp-json\/wp\/v2\/pages"}],"about":[{"href":"https:\/\/mavideniz.com.tr\/fr\/wp-json\/wp\/v2\/types\/page"}],"author":[{"embeddable":true,"href":"https:\/\/mavideniz.com.tr\/fr\/wp-json\/wp\/v2\/users\/1"}],"replies":[{"embeddable":true,"href":"https:\/\/mavideniz.com.tr\/fr\/wp-json\/wp\/v2\/comments?post=40959"}],"version-history":[{"count":0,"href":"https:\/\/mavideniz.com.tr\/fr\/wp-json\/wp\/v2\/pages\/40959\/revisions"}],"up":[{"embeddable":true,"href":"https:\/\/mavideniz.com.tr\/fr\/wp-json\/wp\/v2\/pages\/40926"}],"wp:attachment":[{"href":"https:\/\/mavideniz.com.tr\/fr\/wp-json\/wp\/v2\/media?parent=40959"}],"curies":[{"name":"wp","href":"https:\/\/api.w.org\/{rel}","templated":true}]}}