{"id":40973,"date":"2022-10-23T15:08:00","date_gmt":"2022-10-23T15:08:00","guid":{"rendered":"https:\/\/mavideniz.com.tr\/?page_id=40973"},"modified":"2025-03-15T15:34:18","modified_gmt":"2025-03-15T15:34:18","slug":"detection-et-surveillance-des-deversements-dhydrocarbures","status":"publish","type":"page","link":"https:\/\/mavideniz.com.tr\/fr\/produits-industriels\/detection-et-surveillance-des-deversements\/detection-et-surveillance-des-deversements-dhydrocarbures\/","title":{"rendered":"D\u00e9tection et surveillance des d\u00e9versements d&rsquo;hydrocarbures"},"content":{"rendered":"\n<p>Syst\u00e8me de d\u00e9tection de d\u00e9versement d&rsquo;huile con\u00e7u pour d\u00e9tecter le d\u00e9versement d&rsquo;huile et alerter en temps r\u00e9el. Le syst\u00e8me de d\u00e9tection de d\u00e9versements d&rsquo;hydrocarbures comprend des algorithmes logiciels avanc\u00e9s qui d\u00e9tectent les d\u00e9versements d&rsquo;hydrocarbures sans fausse alarme et qui ont une sensibilit\u00e9 \u00e9lev\u00e9e (sensibilit\u00e9 de 1 micron) et une s\u00e9lectivit\u00e9 de la distinction spectrale des composants individuels dans un conglom\u00e9rat complexe de substances organiques.<\/p>\n<p>Le syst\u00e8me de d\u00e9tection de d\u00e9versement d&rsquo;huile est certifi\u00e9 IP68 sans contact Ex d d\u00e9tecteur d&rsquo;huile, utilisant la m\u00e9thode de fluorescence UV, adapt\u00e9 aux eaux us\u00e9es, a\u00e9roport, bou\u00e9e, port de plaisance, aquaculture, industrie, raffinerie de p\u00e9trole, barrage hydro, plate-forme p\u00e9troli\u00e8re, terminal p\u00e9trolier, centrale \u00e9lectrique et zones dangereuses.<\/p>\n<p>Le syst\u00e8me de d\u00e9tection de d\u00e9versement d&rsquo;huile est bas\u00e9 sur la technique de fluorescence, fonctionne comme une m\u00e9thode de criblage rapide de la surface de l&rsquo;eau, et se compose d&rsquo;une LED UV puls\u00e9e, d&rsquo;un t\u00e9lescope de r\u00e9ception, d&rsquo;une commande de donn\u00e9es et d&rsquo;une \u00e9lectronique de traitement. Un faisceau LED puls\u00e9 excite les mol\u00e9cules d&rsquo;huile qui apparaissent dans la zone d&rsquo;eau \u00e9tudi\u00e9e et induit leur fluorescence. Le t\u00e9lescope recueille le signal de retour r\u00e9sultant pour un traitement ult\u00e9rieur. Le logiciel de contr\u00f4leur analytique int\u00e9gr\u00e9 analyse imm\u00e9diatement le signal re\u00e7u. Le traitement des donn\u00e9es et la livraison des r\u00e9sultats sont effectu\u00e9s en temps r\u00e9el.<\/p>\n<p>Le syst\u00e8me de d\u00e9tection des d\u00e9versements d&rsquo;hydrocarbures d\u00e9tecte les d\u00e9versements d&rsquo;hydrocarbures non suspects et vous en avertit. Il assure une surveillance de l&rsquo;eau industrielle et environnementale 24 heures sur 24 et 7 jours sur 7 aux points de rejet ou d&rsquo;entr\u00e9e des effluents.<\/p>\n","protected":false},"excerpt":{"rendered":"<p>Syst\u00e8me de d\u00e9tection de d\u00e9versement d&rsquo;huile con\u00e7u pour d\u00e9tecter le d\u00e9versement d&rsquo;huile et alerter en temps r\u00e9el. Le syst\u00e8me de [&hellip;]<\/p>\n","protected":false},"author":1,"featured_media":0,"parent":40969,"menu_order":0,"comment_status":"closed","ping_status":"closed","template":"","meta":{"site-sidebar-layout":"default","site-content-layout":"","ast-site-content-layout":"default","site-content-style":"default","site-sidebar-style":"default","ast-global-header-display":"","ast-banner-title-visibility":"","ast-main-header-display":"","ast-hfb-above-header-display":"","ast-hfb-below-header-display":"","ast-hfb-mobile-header-display":"","site-post-title":"","ast-breadcrumbs-content":"","ast-featured-img":"","footer-sml-layout":"","ast-disable-related-posts":"","theme-transparent-header-meta":"","adv-header-id-meta":"","stick-header-meta":"","header-above-stick-meta":"","header-main-stick-meta":"","header-below-stick-meta":"","astra-migrate-meta-layouts":"default","ast-page-background-enabled":"default","ast-page-background-meta":{"desktop":{"background-color":"var(--ast-global-color-5)","background-image":"","background-repeat":"repeat","background-position":"center center","background-size":"auto","background-attachment":"scroll","background-type":"","background-media":"","overlay-type":"","overlay-color":"","overlay-opacity":"","overlay-gradient":""},"tablet":{"background-color":"","background-image":"","background-repeat":"repeat","background-position":"center center","background-size":"auto","background-attachment":"scroll","background-type":"","background-media":"","overlay-type":"","overlay-color":"","overlay-opacity":"","overlay-gradient":""},"mobile":{"background-color":"","background-image":"","background-repeat":"repeat","background-position":"center center","background-size":"auto","background-attachment":"scroll","background-type":"","background-media":"","overlay-type":"","overlay-color":"","overlay-opacity":"","overlay-gradient":""}},"ast-content-background-meta":{"desktop":{"background-color":"var(--ast-global-color-4)","background-image":"","background-repeat":"repeat","background-position":"center center","background-size":"auto","background-attachment":"scroll","background-type":"","background-media":"","overlay-type":"","overlay-color":"","overlay-opacity":"","overlay-gradient":""},"tablet":{"background-color":"var(--ast-global-color-4)","background-image":"","background-repeat":"repeat","background-position":"center center","background-size":"auto","background-attachment":"scroll","background-type":"","background-media":"","overlay-type":"","overlay-color":"","overlay-opacity":"","overlay-gradient":""},"mobile":{"background-color":"var(--ast-global-color-4)","background-image":"","background-repeat":"repeat","background-position":"center center","background-size":"auto","background-attachment":"scroll","background-type":"","background-media":"","overlay-type":"","overlay-color":"","overlay-opacity":"","overlay-gradient":""}},"footnotes":""},"class_list":["post-40973","page","type-page","status-publish","hentry"],"_links":{"self":[{"href":"https:\/\/mavideniz.com.tr\/fr\/wp-json\/wp\/v2\/pages\/40973","targetHints":{"allow":["GET"]}}],"collection":[{"href":"https:\/\/mavideniz.com.tr\/fr\/wp-json\/wp\/v2\/pages"}],"about":[{"href":"https:\/\/mavideniz.com.tr\/fr\/wp-json\/wp\/v2\/types\/page"}],"author":[{"embeddable":true,"href":"https:\/\/mavideniz.com.tr\/fr\/wp-json\/wp\/v2\/users\/1"}],"replies":[{"embeddable":true,"href":"https:\/\/mavideniz.com.tr\/fr\/wp-json\/wp\/v2\/comments?post=40973"}],"version-history":[{"count":0,"href":"https:\/\/mavideniz.com.tr\/fr\/wp-json\/wp\/v2\/pages\/40973\/revisions"}],"up":[{"embeddable":true,"href":"https:\/\/mavideniz.com.tr\/fr\/wp-json\/wp\/v2\/pages\/40969"}],"wp:attachment":[{"href":"https:\/\/mavideniz.com.tr\/fr\/wp-json\/wp\/v2\/media?parent=40973"}],"curies":[{"name":"wp","href":"https:\/\/api.w.org\/{rel}","templated":true}]}}