{"id":40986,"date":"2022-10-23T15:17:55","date_gmt":"2022-10-23T15:17:55","guid":{"rendered":"https:\/\/mavideniz.com.tr\/?page_id=40986"},"modified":"2022-10-23T15:17:58","modified_gmt":"2022-10-23T15:17:58","slug":"conteneur-dintervention-en-cas-de-deversement-dhydrocarbures","status":"publish","type":"page","link":"https:\/\/mavideniz.com.tr\/fr\/produits-industriels\/conteneur-dintervention-en-cas-de-deversement-remorque\/conteneur-dintervention-en-cas-de-deversement-dhydrocarbures\/","title":{"rendered":"Conteneur d&rsquo;intervention en cas de d\u00e9versement d&rsquo;hydrocarbures"},"content":{"rendered":"\n<p>Les syst\u00e8mes conteneuris\u00e9s Mavi Deniz sont autonomes, compacts, faciles \u00e0 transporter et faciles \u00e0 utiliser. Conteneur d&rsquo;intervention en cas de d\u00e9versement d&rsquo;hydrocarbures + emballages + \u00e9quipement + syst\u00e8mes.<\/p>\n<p>R\u00e9cipient d&rsquo;intervention en cas de d\u00e9versement con\u00e7u avec une porte \u00e0 ouverture compl\u00e8te sur les c\u00f4t\u00e9s ou les extr\u00e9mit\u00e9s, rigide ou rideau, et des supports de levage pour la manipulation avec une grue ou un chariot \u00e9l\u00e9vateur. Les coins ISO sont standard.<\/p>\n<p>Mavi Deniz R\u00e9cipient de d\u00e9ploiement rapide pour mousse cylindrique ou fl\u00e8che de flottaison sym\u00e9trique. La fl\u00e8che est suspendue \u00e0 des glissi\u00e8res au plafond, ce qui r\u00e9duit consid\u00e9rablement le temps de d\u00e9ploiement de la fl\u00e8che.<\/p>\n<p>L&rsquo;\u00e9quipement peut \u00eatre d\u00e9ploy\u00e9 directement \u00e0 partir du conteneur \u00e0 quai ou sur le c\u00f4t\u00e9 d&rsquo;un navire. Les conteneurs offrent un acc\u00e8s complet \u00e0 l&rsquo;\u00e9quipement pour un d\u00e9ploiement facile et rapide et un entretien de routine.<\/p>\n<p>Les emballages conteneuris\u00e9s peuvent \u00eatre adapt\u00e9s \u00e0 vos besoins pr\u00e9cis, qu&rsquo;il s&rsquo;agisse d&rsquo;une exploitation en mer, dans un port ou un port, dans un pipeline ou dans un cours d&rsquo;eau, ou d&rsquo;une intervention en cas de d\u00e9versement.<\/p>\n<p><strong>Principaux paquets standard<\/strong><\/p>\n<ul>\n<li>P\u00e9trolier (Offshore, Inland, Coastal)<\/li>\n<li>Booms p\u00e9troliers (offshore, int\u00e9rieur, c\u00f4tier ou d\u00e9ploiement rapide)<\/li>\n<li>Huile de plage \/ nettoyage des rives<\/li>\n<li>\u00c9quipement d&rsquo;intervention en cas de d\u00e9versement d&rsquo;hydrocarbures (niveau 1 \/ niveau 2 \/ niveau 3)<\/li>\n<\/ul>\n<p><strong>Facultatif<\/strong><\/p>\n<ul>\n<li>Unit\u00e9 de rayonnage avec \u00e9lectricit\u00e9<\/li>\n<li>V\u00eatements<\/li>\n<li>Cintre\/Rails<\/li>\n<li>Porte \u00c0 Ouverture Lat\u00e9rale<\/li>\n<li>Porte double<\/li>\n<li>Tous les c\u00f4t\u00e9s ouverts<\/li>\n<li>R\u00e9cipient \u00c0 Dessus Ouvert \u00c0 Demi-Hauteur<\/li>\n<li>Type Ouvert<\/li>\n<li>Flatrock<\/li>\n<li>Contenants de taille non standard<\/li>\n<\/ul>\n<div class=\"wptm_table tablesorter-bootstrap \" data-id=\"106\" data-hightlight=\"0\"><div class=\"wptm_buttons buttons_wptmTbl106\"><\/div><div class=\"wptmresponsive dataTables-wptmtable wptmtable \" id=\"wptmtable106\" data-tableid=\"wptmTbl106\"><table data-count-header=\"1\"  data-format-decimal_count=\"0\" data-format-decimal_symbol=\".\" data-format-symbol_position=\"0\" data-format-thousand_symbol=\",\"  data-format-currency_symbol=\"$\"  data-name-style=\"106_1759675390.css\" data-format=\"YYYY-MM-DD\" id=\"wptmTbl106\" data-id=\"106\" data-responsive=\"false\" data-hideCols=\"false\"  data-type=\"html\" data-paging=\"false\" data-searching=\"true\"  data-ordering=\"false\" data-table-breakpoint=\"980\" data-scroll-x=\"true\" data-scroll-collapse=\"true\" data-align=\"center\" data-range=\"[]\" data-hideColumn=\"[0,0,0,0,0]\"  data-colwidths=\"[228,228,228,228,228]\"  data-colwidths_desktop=[]  data-colwidths_tablet=[]  data-colwidths_mobile=[]  class=\"wptm_main_table  disablePager hideScrollHeader\"><colgroup><col data-dtr=\"0\" data-dtc=\"0\" class=\"dtc0\"><col data-dtr=\"0\" data-dtc=\"1\" class=\"dtc1\"><col data-dtr=\"0\" data-dtc=\"2\" class=\"dtc2\"><col data-dtr=\"0\" data-dtc=\"3\" class=\"dtc3\"><col data-dtr=\"0\" data-dtc=\"4\" class=\"dtc4\"><\/colgroup><thead><tr class=\"wptm-header-cells-index\"><th rowspan=\"1\" colspan=\"1\" data-dtr=\"0\" data-dtc=\"0\" class=\"dtr0 dtc0\"><\/th><th rowspan=\"1\" colspan=\"1\" data-dtr=\"0\" data-dtc=\"1\" class=\"dtr0 dtc1\"><\/th><th rowspan=\"1\" colspan=\"1\" data-dtr=\"0\" data-dtc=\"2\" class=\"dtr0 dtc2\"><\/th><th rowspan=\"1\" colspan=\"1\" data-dtr=\"0\" data-dtc=\"3\" class=\"dtr0 dtc3\"><\/th><th rowspan=\"1\" colspan=\"1\" data-dtr=\"0\" data-dtc=\"4\" class=\"dtr0 dtc4\"><\/th><\/tr><tr class=\" row0\"><th   data-priority=\"0\" class=\"dtr0 dtc0\"><\/th><th   data-priority=\"0\" class=\"dtr0 dtc1\"> ISO 5 C<\/th><th   data-priority=\"0\" class=\"dtr0 dtc2\"> ISO 10 C<\/th><th   data-priority=\"0\" class=\"dtr0 dtc3\"> ISO 20 C<\/th><th   data-priority=\"0\" class=\"dtr0 dtc4\"> ISO 40 C<\/th><\/thead><tbody><tr class=\" row1\"><td    class=\"dtr1 dtc0\">Dimentions<\/td><td    class=\"dtr1 dtc1\">2.75 x 2.25 x 2.15 m<\/td><td    class=\"dtr1 dtc2\">2.99 x 2.44 x 2.59 m<\/td><td    class=\"dtr1 dtc3\">6.06 x 2.44 x 2.59 m<\/td><td    class=\"dtr1 dtc4\">12.19 x 2.44 x 2.59 m<\/td><\/tr><tr class=\" row2\"><td    class=\"dtr2 dtc0\">MAterial<\/td><td  colspan=\"4\"   class=\"dtr2 dtc1\">Steel ( Standard ) | Aluminium ( Optional )<\/td><td  style=\"display: none\"   class=\"dtr2 dtc2\"><\/td><td  style=\"display: none\"   class=\"dtr2 dtc3\"><\/td><td  style=\"display: none\"   class=\"dtr2 dtc4\"><\/td><\/tr><tr class=\" row3\"><td    class=\"dtr3 dtc0\">Weight<\/td><td    class=\"dtr3 dtc1\">1.150 kg<\/td><td    class=\"dtr3 dtc2\">1.400 kg<\/td><td    class=\"dtr3 dtc3\">2.200 kg<\/td><td    class=\"dtr3 dtc4\">3.800 kg<\/td><\/tr><tr class=\" row4\"><td    class=\"dtr4 dtc0\">Volume<\/td><td    class=\"dtr4 dtc1\">13 m3<\/td><td    class=\"dtr4 dtc2\">15 m3<\/td><td    class=\"dtr4 dtc3\">33 m3<\/td><td    class=\"dtr4 dtc4\">67 m3<\/td><\/tr><\/tbody><tfoot><tr><td class=\"dtr4 dtc0\" style=\"height: 0;\"><\/td><td class=\"dtr4 dtc1\" style=\"height: 0;\"><\/td><td class=\"dtr4 dtc2\" style=\"height: 0;\"><\/td><td class=\"dtr4 dtc3\" style=\"height: 0;\"><\/td><td class=\"dtr4 dtc4\" style=\"height: 0;\"><\/td><\/tr><\/tfoot><\/table><\/div><style>#wptmtable106 .dataTables_wrapper > .dataTables_scroll {max-height:600px;overflow: auto;}<\/style><script>window.wptm_ajaxurl = 'https:\/\/mavideniz.com.tr\/wp-admin\/admin-ajax.php?juwpfisadmin=false&action=Wptm&'; window.wptm_front = 'https:\/\/mavideniz.com.tr\/wp-content\/plugins\/wp-table-manager\/app\/site\/assets\/'; window.wptm_style = 'https:\/\/mavideniz.com.tr\/wp-content\/uploads\/wptm\/';<\/script><\/div><style><\/style>\n","protected":false},"excerpt":{"rendered":"<p>Les syst\u00e8mes conteneuris\u00e9s Mavi Deniz sont autonomes, compacts, faciles \u00e0 transporter et faciles \u00e0 utiliser. Conteneur d&rsquo;intervention en cas de [&hellip;]<\/p>\n","protected":false},"author":1,"featured_media":0,"parent":40980,"menu_order":0,"comment_status":"closed","ping_status":"closed","template":"","meta":{"site-sidebar-layout":"default","site-content-layout":"","ast-site-content-layout":"default","site-content-style":"default","site-sidebar-style":"default","ast-global-header-display":"","ast-banner-title-visibility":"","ast-main-header-display":"","ast-hfb-above-header-display":"","ast-hfb-below-header-display":"","ast-hfb-mobile-header-display":"","site-post-title":"","ast-breadcrumbs-content":"","ast-featured-img":"","footer-sml-layout":"","ast-disable-related-posts":"","theme-transparent-header-meta":"","adv-header-id-meta":"","stick-header-meta":"","header-above-stick-meta":"","header-main-stick-meta":"","header-below-stick-meta":"","astra-migrate-meta-layouts":"default","ast-page-background-enabled":"default","ast-page-background-meta":{"desktop":{"background-color":"var(--ast-global-color-5)","background-image":"","background-repeat":"repeat","background-position":"center center","background-size":"auto","background-attachment":"scroll","background-type":"","background-media":"","overlay-type":"","overlay-color":"","overlay-opacity":"","overlay-gradient":""},"tablet":{"background-color":"","background-image":"","background-repeat":"repeat","background-position":"center center","background-size":"auto","background-attachment":"scroll","background-type":"","background-media":"","overlay-type":"","overlay-color":"","overlay-opacity":"","overlay-gradient":""},"mobile":{"background-color":"","background-image":"","background-repeat":"repeat","background-position":"center center","background-size":"auto","background-attachment":"scroll","background-type":"","background-media":"","overlay-type":"","overlay-color":"","overlay-opacity":"","overlay-gradient":""}},"ast-content-background-meta":{"desktop":{"background-color":"var(--ast-global-color-4)","background-image":"","background-repeat":"repeat","background-position":"center center","background-size":"auto","background-attachment":"scroll","background-type":"","background-media":"","overlay-type":"","overlay-color":"","overlay-opacity":"","overlay-gradient":""},"tablet":{"background-color":"var(--ast-global-color-4)","background-image":"","background-repeat":"repeat","background-position":"center center","background-size":"auto","background-attachment":"scroll","background-type":"","background-media":"","overlay-type":"","overlay-color":"","overlay-opacity":"","overlay-gradient":""},"mobile":{"background-color":"var(--ast-global-color-4)","background-image":"","background-repeat":"repeat","background-position":"center center","background-size":"auto","background-attachment":"scroll","background-type":"","background-media":"","overlay-type":"","overlay-color":"","overlay-opacity":"","overlay-gradient":""}},"footnotes":""},"class_list":["post-40986","page","type-page","status-publish","hentry"],"_links":{"self":[{"href":"https:\/\/mavideniz.com.tr\/fr\/wp-json\/wp\/v2\/pages\/40986","targetHints":{"allow":["GET"]}}],"collection":[{"href":"https:\/\/mavideniz.com.tr\/fr\/wp-json\/wp\/v2\/pages"}],"about":[{"href":"https:\/\/mavideniz.com.tr\/fr\/wp-json\/wp\/v2\/types\/page"}],"author":[{"embeddable":true,"href":"https:\/\/mavideniz.com.tr\/fr\/wp-json\/wp\/v2\/users\/1"}],"replies":[{"embeddable":true,"href":"https:\/\/mavideniz.com.tr\/fr\/wp-json\/wp\/v2\/comments?post=40986"}],"version-history":[{"count":0,"href":"https:\/\/mavideniz.com.tr\/fr\/wp-json\/wp\/v2\/pages\/40986\/revisions"}],"up":[{"embeddable":true,"href":"https:\/\/mavideniz.com.tr\/fr\/wp-json\/wp\/v2\/pages\/40980"}],"wp:attachment":[{"href":"https:\/\/mavideniz.com.tr\/fr\/wp-json\/wp\/v2\/media?parent=40986"}],"curies":[{"name":"wp","href":"https:\/\/api.w.org\/{rel}","templated":true}]}}