{"id":40990,"date":"2022-10-23T15:19:18","date_gmt":"2022-10-23T15:19:18","guid":{"rendered":"https:\/\/mavideniz.com.tr\/?page_id=40990"},"modified":"2022-10-23T15:19:22","modified_gmt":"2022-10-23T15:19:22","slug":"remorque-dintervention-en-cas-de-deversement","status":"publish","type":"page","link":"https:\/\/mavideniz.com.tr\/fr\/produits-industriels\/conteneur-dintervention-en-cas-de-deversement-remorque\/remorque-dintervention-en-cas-de-deversement\/","title":{"rendered":"Remorque d&rsquo;intervention en cas de d\u00e9versement"},"content":{"rendered":"\n<p>Remorque d&rsquo;intervention en cas de d\u00e9versement con\u00e7ue pour le confinement rapide des d\u00e9versements et des fuites autour du site. La remorque d&rsquo;intervention en cas de d\u00e9versement comprend de l&rsquo;\u00e9quipement qui peut \u00eatre utilis\u00e9 pour contr\u00f4ler l&rsquo;assainissement, le d\u00e9versement, l&rsquo;intervention d&rsquo;urgence, l&rsquo;assainissement de l&rsquo;environnement, la consolidation et l&rsquo;\u00e9limination des d\u00e9chets, le nettoyage des r\u00e9servoirs et d&rsquo;autres services de r\u00e9servoir, le nettoyage des lignes d&rsquo;entretien industriel, et convient \u00e9galement pour les op\u00e9rations terrestres, les eaux int\u00e9rieures, les eaux c\u00f4ti\u00e8res, les d\u00e9versements portuaires ou portuaires.<\/p>\n<p>La remorque d&rsquo;intervention en cas de d\u00e9versement peut \u00eatre ouverte, recouverte de b\u00e2che ou enti\u00e8rement ferm\u00e9e, et des unit\u00e9s de remorque personnalis\u00e9es sont possibles. Les remorques d&rsquo;intervention en cas de d\u00e9versement sont personnalis\u00e9es en fonction de votre application, de votre emplacement et de votre environnement.<\/p>\n<p><strong>La remorque d&rsquo;intervention en cas de d\u00e9versement peut \u00e9quiper :<\/strong><\/p>\n<ul>\n<li>\u00c9quipement de transfert et de pompage chimique<\/li>\n<li>Absorbant<\/li>\n<li>\u00c9cumoire \u00c0 Huile<\/li>\n<li>Paillasson<\/li>\n<li>Tuyau<\/li>\n<li>Pompe<\/li>\n<li>R\u00e9servoir De Stockage Des D\u00e9versements<\/li>\n<li>\u00c9quipement de surveillance de l&rsquo;air<\/li>\n<li>\u00c9quipement de d\u00e9contamination<\/li>\n<li>R\u00e9cipients pour la capture des d\u00e9chets<\/li>\n<li>Mat\u00e9riaux pour boucher, rapi\u00e9cer et boucher les r\u00e9cipients qui fuient<\/li>\n<li>Mat\u00e9riaux pour la neutralisation ou l&rsquo;absorption de d\u00e9versements<\/li>\n<li>Confinement Rampe, ancre, accessoires de rampe<\/li>\n<li>\u00c9quipement de protection individuelle (EPI)<\/li>\n<li>Trousse De Premiers Soins<\/li>\n<li>Bloc D&rsquo;Alimentation<\/li>\n<li>Syst\u00e8me Dispersant<\/li>\n<li>Syst\u00e8me de vide<\/li>\n<li>Incin\u00e9rateur<\/li>\n<li>Syst\u00e8me d&rsquo;\u00e9clairage ext\u00e9rieur<\/li>\n<\/ul>\n","protected":false},"excerpt":{"rendered":"<p>Remorque d&rsquo;intervention en cas de d\u00e9versement con\u00e7ue pour le confinement rapide des d\u00e9versements et des fuites autour du site. La [&hellip;]<\/p>\n","protected":false},"author":1,"featured_media":0,"parent":40980,"menu_order":0,"comment_status":"closed","ping_status":"closed","template":"","meta":{"site-sidebar-layout":"default","site-content-layout":"","ast-site-content-layout":"default","site-content-style":"default","site-sidebar-style":"default","ast-global-header-display":"","ast-banner-title-visibility":"","ast-main-header-display":"","ast-hfb-above-header-display":"","ast-hfb-below-header-display":"","ast-hfb-mobile-header-display":"","site-post-title":"","ast-breadcrumbs-content":"","ast-featured-img":"","footer-sml-layout":"","ast-disable-related-posts":"","theme-transparent-header-meta":"","adv-header-id-meta":"","stick-header-meta":"","header-above-stick-meta":"","header-main-stick-meta":"","header-below-stick-meta":"","astra-migrate-meta-layouts":"default","ast-page-background-enabled":"default","ast-page-background-meta":{"desktop":{"background-color":"var(--ast-global-color-5)","background-image":"","background-repeat":"repeat","background-position":"center center","background-size":"auto","background-attachment":"scroll","background-type":"","background-media":"","overlay-type":"","overlay-color":"","overlay-opacity":"","overlay-gradient":""},"tablet":{"background-color":"","background-image":"","background-repeat":"repeat","background-position":"center center","background-size":"auto","background-attachment":"scroll","background-type":"","background-media":"","overlay-type":"","overlay-color":"","overlay-opacity":"","overlay-gradient":""},"mobile":{"background-color":"","background-image":"","background-repeat":"repeat","background-position":"center center","background-size":"auto","background-attachment":"scroll","background-type":"","background-media":"","overlay-type":"","overlay-color":"","overlay-opacity":"","overlay-gradient":""}},"ast-content-background-meta":{"desktop":{"background-color":"var(--ast-global-color-4)","background-image":"","background-repeat":"repeat","background-position":"center center","background-size":"auto","background-attachment":"scroll","background-type":"","background-media":"","overlay-type":"","overlay-color":"","overlay-opacity":"","overlay-gradient":""},"tablet":{"background-color":"var(--ast-global-color-4)","background-image":"","background-repeat":"repeat","background-position":"center center","background-size":"auto","background-attachment":"scroll","background-type":"","background-media":"","overlay-type":"","overlay-color":"","overlay-opacity":"","overlay-gradient":""},"mobile":{"background-color":"var(--ast-global-color-4)","background-image":"","background-repeat":"repeat","background-position":"center center","background-size":"auto","background-attachment":"scroll","background-type":"","background-media":"","overlay-type":"","overlay-color":"","overlay-opacity":"","overlay-gradient":""}},"footnotes":""},"class_list":["post-40990","page","type-page","status-publish","hentry"],"_links":{"self":[{"href":"https:\/\/mavideniz.com.tr\/fr\/wp-json\/wp\/v2\/pages\/40990","targetHints":{"allow":["GET"]}}],"collection":[{"href":"https:\/\/mavideniz.com.tr\/fr\/wp-json\/wp\/v2\/pages"}],"about":[{"href":"https:\/\/mavideniz.com.tr\/fr\/wp-json\/wp\/v2\/types\/page"}],"author":[{"embeddable":true,"href":"https:\/\/mavideniz.com.tr\/fr\/wp-json\/wp\/v2\/users\/1"}],"replies":[{"embeddable":true,"href":"https:\/\/mavideniz.com.tr\/fr\/wp-json\/wp\/v2\/comments?post=40990"}],"version-history":[{"count":0,"href":"https:\/\/mavideniz.com.tr\/fr\/wp-json\/wp\/v2\/pages\/40990\/revisions"}],"up":[{"embeddable":true,"href":"https:\/\/mavideniz.com.tr\/fr\/wp-json\/wp\/v2\/pages\/40980"}],"wp:attachment":[{"href":"https:\/\/mavideniz.com.tr\/fr\/wp-json\/wp\/v2\/media?parent=40990"}],"curies":[{"name":"wp","href":"https:\/\/api.w.org\/{rel}","templated":true}]}}