{"id":41001,"date":"2022-10-23T15:34:30","date_gmt":"2022-10-23T15:34:30","guid":{"rendered":"https:\/\/mavideniz.com.tr\/?page_id=41001"},"modified":"2022-10-23T15:34:33","modified_gmt":"2022-10-23T15:34:33","slug":"systeme-de-pulverisation-aeroportee","status":"publish","type":"page","link":"https:\/\/mavideniz.com.tr\/fr\/produits-industriels\/systeme-de-pulverisation-marine-agriculture\/systeme-de-pulverisation-aeroportee\/","title":{"rendered":"Syst\u00e8me de pulv\u00e9risation a\u00e9roport\u00e9e"},"content":{"rendered":"\n<p>MAVI DENIZ a con\u00e7u un syst\u00e8me de pulv\u00e9risation a\u00e9roport\u00e9 pour lutter contre les moustiques, les sauterelles et les sauterelles et traiter les feux de for\u00eat avec de l&rsquo;eau ou des produits chimiques extincteurs d&rsquo;incendie ou l&rsquo;application au plafond d&rsquo;engrais liquides et de pesticides, de cultures, de v\u00e9g\u00e9tation au sol et aussi des op\u00e9rations de d\u00e9versement d&rsquo;hydrocarbures dans des situations confin\u00e9es ou inaccessibles.<\/p>\n<p>Le principal avantage est que la vitesse est un facteur essentiel pour l&rsquo;exploitation, en particulier sur les for\u00eats et les grandes surfaces cultiv\u00e9es, et l&rsquo;acc\u00e8s au champ est la cl\u00e9 d&rsquo;un traitement r\u00e9ussi.<\/p>\n<p>D\u00e9versement d&rsquo;hydrocarbures Les op\u00e9rations de pulv\u00e9risation a\u00e9rienne de dispersants (avec des r\u00e9sultats raisonnables de contr\u00f4le et d&rsquo;\u00e9valuation sont la r\u00e9ponse rapide, les taux de traitement \u00e9lev\u00e9s, l&rsquo;utilisation optimale du produit, quel que soit l&rsquo;\u00e9tat de la mer), de nombreux syst\u00e8mes de pulv\u00e9risation d\u00e9velopp\u00e9s pour \u00eatre utilis\u00e9s avec des a\u00e9ronefs \u00e0 voilure fixe et \u00e0 voilure tournante (h\u00e9licopt\u00e8re ou avion).<\/p>\n<p>Les unit\u00e9s existantes sont d&rsquo;un type qui peut \u00eatre utilis\u00e9 par l&rsquo;a\u00e9ronef de commodit\u00e9 ou install\u00e9es de fa\u00e7on permanente. Les syst\u00e8mes de pulv\u00e9risation int\u00e9gr\u00e9s standard des a\u00e9ronefs de pulv\u00e9risation de cultures, largement utilis\u00e9s en agriculture, peuvent \u00eatre adapt\u00e9s aux dispersants de pulv\u00e9risation.<\/p>\n<p>La pulv\u00e9risation a\u00e9rienne n&rsquo;est qu&rsquo;une partie de la solution pour lutter contre les moustiques, mais c&rsquo;est la seule m\u00e9thode qui peut r\u00e9duire rapidement le nombre de moustiques qui se propagent sur une grande surface. Produits chimiques usag\u00e9s Non toxique pour les personnes. Il n&rsquo;a pas \u00e9t\u00e9 d\u00e9montr\u00e9 qu&rsquo;elle rendait les gens malades. Lorsqu&rsquo;il est utilis\u00e9 conform\u00e9ment au mode d&#8217;emploi, il peut s&rsquo;appliquer en toute s\u00e9curit\u00e9 \u00e0 l&rsquo;eau stagnante o\u00f9 les moustiques pondent des oeufs sans nuire aux cultures vivri\u00e8res ou \u00e0 l&rsquo;approvisionnement en eau.<\/p>\n<p>Les op\u00e9rations de pulv\u00e9risation contre les ravageurs migrants, les criquets et les sauterelles ont utilis\u00e9 une vari\u00e9t\u00e9 de pesticides traditionnels. Lorsque les produits chimiques sont utilis\u00e9s correctement dans la pulv\u00e9risation a\u00e9rienne, la pulv\u00e9risation permet de tuer rapidement. La pulv\u00e9risation a\u00e9rienne ne cause pas de dommages \u00e0 long terme \u00e0 l&rsquo;environnement, aux oiseaux, aux autres animaux ou \u00e0 l&rsquo;\u00e9cosyst\u00e8me local, m\u00eame si la pulv\u00e9risation se produit plus d&rsquo;une fois.<\/p>\n<p>Seuls les dispersants concentr\u00e9s propres peuvent \u00eatre utilis\u00e9s avec des syst\u00e8mes de pulv\u00e9risation en suspension dans l&rsquo;air.<\/p>\n<p>Les syst\u00e8mes de pulv\u00e9risation de dispersants pour a\u00e9ronefs sont con\u00e7us et certifi\u00e9s pour des types et des mod\u00e8les d&rsquo;a\u00e9ronefs sp\u00e9cifiques.<\/p>\n<ol>\n<li><strong> Syst\u00e8me de pulv\u00e9risation \u00e0 plan<\/strong><\/li>\n<\/ol>\n<p><strong>L&rsquo;invention concerne <\/strong>des<strong> syst\u00e8mes fixes<\/strong> pour avions multimoteurs convertis comprenant un stockage de dispersants, une pompe comprenant des bras de pulv\u00e9risation de groupe propulseur avec des buses, et un syst\u00e8me de commande \u00e0 distance.<\/p>\n<p>Comme alternative, certains syst\u00e8mes ind\u00e9pendants (avec les rampes de r\u00e9servoir, de pompe et de pulv\u00e9risation) ont \u00e9t\u00e9 d\u00e9velopp\u00e9s pour fixer sous le fuselage comme une nacelle d\u00e9tachable (c.-\u00e0-d. au lieu de la malle \u00e0 bagages); ces syst\u00e8mes permettent de convertir rapidement les avions r\u00e9guliers en avions de pulv\u00e9risation.<\/p>\n<p><strong>Syst\u00e8mes de pulv\u00e9risation POD <\/strong>pour petits a\u00e9ronefs ; syst\u00e8me de pulv\u00e9risation auto-conteneur peut \u00eatre install\u00e9 sous un petit avion comme POD (coffre \u00e0 bagages). Il est rapide et facile \u00e0 convertir en avion pulv\u00e9risateur \u00e0 partir d&rsquo;un avion conventionnel, g\u00e9n\u00e9ralement consacr\u00e9 au transport de marchandises ou de passagers. La capacit\u00e9 de ces syst\u00e8mes est d&rsquo;environ 1,5 t de dispersant.<\/p>\n<p><strong>Les syst\u00e8mes de pulv\u00e9risation a\u00e9roport\u00e9s autonomes<\/strong> sont con\u00e7us pour s&rsquo;adapter aux avions de transport de grande capacit\u00e9 dot\u00e9s de portes cargo arri\u00e8re pour rester ouvertes pendant le vol. Les unit\u00e9s conteneuris\u00e9es comprennent un r\u00e9servoir, un bloc d&rsquo;alimentation, une pompe et des bras de pulv\u00e9risation r\u00e9tractables et se chargent rapidement dans la soute.<\/p>\n<ol start=\"2\">\n<li><strong> Syst\u00e8me de pulv\u00e9risation d&rsquo;h\u00e9licopt\u00e8re<\/strong><\/li>\n<\/ol>\n<p><strong>Des syst\u00e8mes de pulv\u00e9risation fixes<\/strong> pour h\u00e9licopt\u00e8res sont mont\u00e9s sous le fuselage et sont constitu\u00e9s des m\u00eames pi\u00e8ces que les avions \u00e0 voilure fixe int\u00e9gr\u00e9s de l&rsquo;unit\u00e9.<\/p>\n<p><strong>Les godets de pulv\u00e9risation d&rsquo;h\u00e9licopt\u00e8re<\/strong> peuvent utiliser n&rsquo;importe quel h\u00e9licopt\u00e8re avec un crochet de fret pour les charges sous-\u00e9lingu\u00e9es. Les unit\u00e9s sont autonomes (r\u00e9servoir, pompe, bloc d&rsquo;alimentation, bras de pulv\u00e9risation) et peuvent \u00eatre t\u00e9l\u00e9command\u00e9es<\/p>\n<p>contr\u00f4l\u00e9e depuis le cockpit.<\/p>\n<p>L&rsquo;\u00e9pandage a\u00e9rien de dispersants d\u00e9pend de la visibilit\u00e9 au-dessus de la nappe et d\u00e9pend de l&rsquo;\u00e9nergie des vagues pour m\u00e9langer les dispersants avec le p\u00e9trole d\u00e9vers\u00e9.<\/p>\n<p>L&rsquo;entreprise concevra et certifiera \u00e9galement pour commander des \u00e9quipements sp\u00e9cialis\u00e9s avec une conception CAO interne.<\/p>\n<div class=\"wptm_table tablesorter-bootstrap \" data-id=\"87\" data-hightlight=\"0\"><div class=\"wptm_buttons buttons_wptmTbl87\"><\/div><div class=\"wptmresponsive dataTables-wptmtable wptmtable \" id=\"wptmtable87\" data-tableid=\"wptmTbl87\"><table data-count-header=\"1\"  data-format-decimal_count=\"0\" data-format-decimal_symbol=\".\" data-format-symbol_position=\"0\" data-format-thousand_symbol=\",\"  data-format-currency_symbol=\"$\"  data-name-style=\"87_1761668020.css\" data-format=\"YYYY-MM-DD\" id=\"wptmTbl87\" data-id=\"87\" data-responsive=\"false\" data-hideCols=\"false\"  data-type=\"html\" data-paging=\"false\" data-searching=\"true\"  data-ordering=\"false\" data-table-breakpoint=\"980\" data-scroll-x=\"true\" data-scroll-collapse=\"true\" data-align=\"center\" data-range=\"[]\" data-hideColumn=\"[0,0,0]\"  data-colwidths=\"[380,380,380]\"  data-colwidths_desktop=[]  data-colwidths_tablet=[]  data-colwidths_mobile=[]  class=\"wptm_main_table  disablePager hideScrollHeader\"><colgroup><col data-dtr=\"0\" data-dtc=\"0\" class=\"dtc0\"><col data-dtr=\"0\" data-dtc=\"1\" class=\"dtc1\"><col data-dtr=\"0\" data-dtc=\"2\" class=\"dtc2\"><\/colgroup><thead><tr class=\"wptm-header-cells-index\"><th rowspan=\"1\" colspan=\"1\" data-dtr=\"0\" data-dtc=\"0\" class=\"dtr0 dtc0\"><\/th><th rowspan=\"1\" colspan=\"1\" data-dtr=\"0\" data-dtc=\"1\" class=\"dtr0 dtc1\"><\/th><th rowspan=\"1\" colspan=\"1\" data-dtr=\"0\" data-dtc=\"2\" class=\"dtr0 dtc2\"><\/th><\/tr><tr class=\" row0\"><th   data-priority=\"0\" class=\"dtr0 dtc0\"><\/th><th   data-priority=\"0\" class=\"dtr0 dtc1\">Mavi Spray Arial FW Mini<\/th><th   data-priority=\"0\" class=\"dtr0 dtc2\">Mavi Spray Arial FW<\/th><\/thead><tbody><tr class=\" row1\"><td    class=\"dtr1 dtc0\">Application Area<\/td><td    class=\"dtr1 dtc1\"><\/td><td    class=\"dtr1 dtc2\"><\/td><\/tr><tr class=\" row2\"><td    class=\"dtr2 dtc0\">Aircraft Type<\/td><td    class=\"dtr2 dtc1\">Plane<\/td><td    class=\"dtr2 dtc2\">Plane<\/td><\/tr><tr class=\" row3\"><td    class=\"dtr3 dtc0\">Tank Capacity<\/td><td    class=\"dtr3 dtc1\">1000 lt<\/td><td    class=\"dtr3 dtc2\">2.000 lt (standard) - <br \/>\nUp to 18.000 lt (optional)<\/td><\/tr><tr class=\" row4\"><td    class=\"dtr4 dtc0\">Tank Material<\/td><td  colspan=\"2\"   class=\"dtr4 dtc1\">HDPE or Aluminium<\/td><td  style=\"display: none\"   class=\"dtr4 dtc2\"><\/td><\/tr><tr class=\" row5\"><td    class=\"dtr5 dtc0\">Engine<\/td><td  colspan=\"2\"   class=\"dtr5 dtc1\">380 V 3-phase electric motor<\/td><td  style=\"display: none\"   class=\"dtr5 dtc2\"><\/td><\/tr><tr class=\" row6\"><td    class=\"dtr6 dtc0\">Contol Panel<\/td><td  colspan=\"2\"   class=\"dtr6 dtc1\">Carried as an underslung load, the system incorporates its own power supply and is controlled via a simple pilot operated control box.<\/td><td  style=\"display: none\"   class=\"dtr6 dtc2\"><\/td><\/tr><tr class=\" row7\"><td    class=\"dtr7 dtc0\">Flow rate<\/td><td  colspan=\"2\"   class=\"dtr7 dtc1\">Flow rate can be varied up from (350 litres\/min & 450 litres\/min or 800 litres\/min)<\/td><td  style=\"display: none\"   class=\"dtr7 dtc2\"><\/td><\/tr><tr class=\" row8\"><td    class=\"dtr8 dtc0\">Spray Boom Length<\/td><td  colspan=\"2\"   class=\"dtr8 dtc1\">3 m - 5 m - 10 m - 15 m - 20 m<\/td><td  style=\"display: none\"   class=\"dtr8 dtc2\"><\/td><\/tr><tr class=\" row9\"><td    class=\"dtr9 dtc0\">Spray Boom Material<\/td><td  colspan=\"2\"   class=\"dtr9 dtc1\">Lightweight Aluminium construction<\/td><td  style=\"display: none\"   class=\"dtr9 dtc2\"><\/td><\/tr><tr class=\" row10\"><td    class=\"dtr10 dtc0\">Swath width<\/td><td  colspan=\"2\"   class=\"dtr10 dtc1\">Up to 30m.<\/td><td  style=\"display: none\"   class=\"dtr10 dtc2\"><\/td><\/tr><\/tbody><tfoot><tr><td class=\"dtr10 dtc0\" style=\"height: 0;\"><\/td><td class=\"dtr10 dtc1\" style=\"height: 0;\"><\/td><td class=\"dtr10 dtc2\" style=\"height: 0;\"><\/td><\/tr><\/tfoot><\/table><\/div><style>#wptmtable87 .dataTables_wrapper > .dataTables_scroll {max-height:500px;overflow: auto;}<\/style><script>window.wptm_ajaxurl = 'https:\/\/mavideniz.com.tr\/wp-admin\/admin-ajax.php?juwpfisadmin=false&action=Wptm&'; window.wptm_front = 'https:\/\/mavideniz.com.tr\/wp-content\/plugins\/wp-table-manager\/app\/site\/assets\/'; window.wptm_style = 'https:\/\/mavideniz.com.tr\/wp-content\/uploads\/wptm\/';<\/script><\/div><style><\/style>\n","protected":false},"excerpt":{"rendered":"<p>MAVI DENIZ a con\u00e7u un syst\u00e8me de pulv\u00e9risation a\u00e9roport\u00e9 pour lutter contre les moustiques, les sauterelles et les sauterelles et [&hellip;]<\/p>\n","protected":false},"author":1,"featured_media":0,"parent":40996,"menu_order":0,"comment_status":"closed","ping_status":"closed","template":"","meta":{"site-sidebar-layout":"default","site-content-layout":"","ast-site-content-layout":"default","site-content-style":"default","site-sidebar-style":"default","ast-global-header-display":"","ast-banner-title-visibility":"","ast-main-header-display":"","ast-hfb-above-header-display":"","ast-hfb-below-header-display":"","ast-hfb-mobile-header-display":"","site-post-title":"","ast-breadcrumbs-content":"","ast-featured-img":"","footer-sml-layout":"","ast-disable-related-posts":"","theme-transparent-header-meta":"","adv-header-id-meta":"","stick-header-meta":"","header-above-stick-meta":"","header-main-stick-meta":"","header-below-stick-meta":"","astra-migrate-meta-layouts":"default","ast-page-background-enabled":"default","ast-page-background-meta":{"desktop":{"background-color":"var(--ast-global-color-5)","background-image":"","background-repeat":"repeat","background-position":"center center","background-size":"auto","background-attachment":"scroll","background-type":"","background-media":"","overlay-type":"","overlay-color":"","overlay-opacity":"","overlay-gradient":""},"tablet":{"background-color":"","background-image":"","background-repeat":"repeat","background-position":"center center","background-size":"auto","background-attachment":"scroll","background-type":"","background-media":"","overlay-type":"","overlay-color":"","overlay-opacity":"","overlay-gradient":""},"mobile":{"background-color":"","background-image":"","background-repeat":"repeat","background-position":"center center","background-size":"auto","background-attachment":"scroll","background-type":"","background-media":"","overlay-type":"","overlay-color":"","overlay-opacity":"","overlay-gradient":""}},"ast-content-background-meta":{"desktop":{"background-color":"var(--ast-global-color-4)","background-image":"","background-repeat":"repeat","background-position":"center center","background-size":"auto","background-attachment":"scroll","background-type":"","background-media":"","overlay-type":"","overlay-color":"","overlay-opacity":"","overlay-gradient":""},"tablet":{"background-color":"var(--ast-global-color-4)","background-image":"","background-repeat":"repeat","background-position":"center center","background-size":"auto","background-attachment":"scroll","background-type":"","background-media":"","overlay-type":"","overlay-color":"","overlay-opacity":"","overlay-gradient":""},"mobile":{"background-color":"var(--ast-global-color-4)","background-image":"","background-repeat":"repeat","background-position":"center center","background-size":"auto","background-attachment":"scroll","background-type":"","background-media":"","overlay-type":"","overlay-color":"","overlay-opacity":"","overlay-gradient":""}},"footnotes":""},"class_list":["post-41001","page","type-page","status-publish","hentry"],"_links":{"self":[{"href":"https:\/\/mavideniz.com.tr\/fr\/wp-json\/wp\/v2\/pages\/41001","targetHints":{"allow":["GET"]}}],"collection":[{"href":"https:\/\/mavideniz.com.tr\/fr\/wp-json\/wp\/v2\/pages"}],"about":[{"href":"https:\/\/mavideniz.com.tr\/fr\/wp-json\/wp\/v2\/types\/page"}],"author":[{"embeddable":true,"href":"https:\/\/mavideniz.com.tr\/fr\/wp-json\/wp\/v2\/users\/1"}],"replies":[{"embeddable":true,"href":"https:\/\/mavideniz.com.tr\/fr\/wp-json\/wp\/v2\/comments?post=41001"}],"version-history":[{"count":0,"href":"https:\/\/mavideniz.com.tr\/fr\/wp-json\/wp\/v2\/pages\/41001\/revisions"}],"up":[{"embeddable":true,"href":"https:\/\/mavideniz.com.tr\/fr\/wp-json\/wp\/v2\/pages\/40996"}],"wp:attachment":[{"href":"https:\/\/mavideniz.com.tr\/fr\/wp-json\/wp\/v2\/media?parent=41001"}],"curies":[{"name":"wp","href":"https:\/\/api.w.org\/{rel}","templated":true}]}}