{"id":41008,"date":"2022-10-23T15:38:39","date_gmt":"2022-10-23T15:38:39","guid":{"rendered":"https:\/\/mavideniz.com.tr\/?page_id=41008"},"modified":"2022-10-23T15:38:43","modified_gmt":"2022-10-23T15:38:43","slug":"systeme-de-pulverisation-de-dispersant-marin","status":"publish","type":"page","link":"https:\/\/mavideniz.com.tr\/fr\/produits-industriels\/systeme-de-pulverisation-marine-agriculture\/systeme-de-pulverisation-de-dispersant-marin\/","title":{"rendered":"Syst\u00e8me de pulv\u00e9risation de dispersant marin"},"content":{"rendered":"\n<p>MAVI DENIZ fabrique et con\u00e7oit diff\u00e9rents syst\u00e8mes de pulv\u00e9risation de dispersant disponibles, allant des gros \u00e9quipements mont\u00e9s en permanence pour les remorqueurs aux petits syst\u00e8mes portables de pulv\u00e9risation de dispersant c\u00f4tier pour les petits navires.<\/p>\n<p>Un syst\u00e8me de pulv\u00e9risation de dispersant de type fixe, install\u00e9 \u00e9lectriquement ou un diesel portable a entra\u00een\u00e9 un syst\u00e8me de pulv\u00e9risation de dispersant pour l&rsquo;application de dispersant d&rsquo;huile \u00e0 partir de navires, de bateaux, de navires de r\u00e9cup\u00e9ration d&rsquo;huile, de remorqueurs, de navires d&rsquo;approvisionnement en mer et d&rsquo;autres embarcations.<\/p>\n<p><strong>Syst\u00e8mes de pulv\u00e9risation de concentr\u00e9 pr\u00e9dilu\u00e9 dans l&rsquo;eau de mer.<\/strong><\/p>\n<p>L&rsquo;invention concerne l&rsquo;application d&rsquo;un dispersant pr\u00e9dilu\u00e9 dans de l&rsquo;eau de mer pour appliquer le dispersant concentr\u00e9 (faible dosage dispersant\/huile) \u00e0 l&rsquo;aide de l&rsquo;\u00e9quipement initialement con\u00e7u pour appliquer des dispersants classiques (dosage dispersant\/huile \u00e9lev\u00e9).<\/p>\n<p>En effet, la dilution permet d&rsquo;augmenter le d\u00e9bit \u00e0 pulv\u00e9riser et \u00e0 pulv\u00e9riser avec le m\u00eame appareillage (grandes buses). Ces syst\u00e8mes sont con\u00e7us pour pr\u00e9diluer le dispersant, g\u00e9n\u00e9ralement environ 10 % de dispersant dans l&rsquo;eau de mer.<\/p>\n<p>Cet objectif peut \u00eatre atteint en :<\/p>\n<p><strong>Les syst\u00e8mes d<\/strong>&lsquo;<strong>\u00e9ducation<\/strong> sont con\u00e7us pour fonctionner avec le syst\u00e8me de lutte contre l&rsquo;incendie int\u00e9gr\u00e9 au navire. L&rsquo;\u00e9jecteur reli\u00e9 au c\u00f4t\u00e9 refoulement de la pompe provoque une d\u00e9pression au point d&rsquo;admission du dispersant, l&rsquo;aspirant ainsi dans une conduite de refoulement. Le dispersant dilu\u00e9 est appliqu\u00e9 par un dispositif de surveillance d&rsquo;incendie ou par des buses mont\u00e9es sur des bras de pulv\u00e9risation fix\u00e9s sur le c\u00f4t\u00e9 du bateau.<\/p>\n<p><strong>Les syst\u00e8mes d&rsquo;injection<\/strong> sont constitu\u00e9s de deux pompes : l&rsquo;une pour l&rsquo;eau et l&rsquo;autre, similaire aux pompes d&rsquo;alimentation chimique \u00e0 d\u00e9bit variable, pour le dispersant. Le dispersant a \u00e9t\u00e9 appliqu\u00e9 par des buses mont\u00e9es sur des bras de pulv\u00e9risation fix\u00e9s sur le c\u00f4t\u00e9 du navire. Des conceptions fixes et portables existent et sont de pr\u00e9f\u00e9rence install\u00e9es sur la proue du navire pour b\u00e9n\u00e9ficier de l&rsquo;\u00e9nergie de m\u00e9lange de la vague de proue.<\/p>\n<p><strong>Syst\u00e8mes de pulv\u00e9risation de dispersant pur<\/strong><\/p>\n<p>M\u00e9thodes de pulv\u00e9risation de concentr\u00e9s purs con\u00e7ues explicitement pour appliquer un dispersant concentr\u00e9 non dilu\u00e9.<\/p>\n<p>Ces unit\u00e9s sont g\u00e9n\u00e9ralement mont\u00e9es \u00e0 l&rsquo;avant, ont une pompe \u00e0 d\u00e9bit variable, et le dispersant se d\u00e9charge \u00e9galement par des buses mont\u00e9es sur des bras de pulv\u00e9risation. Ils sont souvent plus longs que les composants mont\u00e9s sur la poupe, avec un taux de rencontre d&rsquo;huile plus \u00e9lev\u00e9. L&rsquo;\u00e9nergie de m\u00e9lange est fournie par l&rsquo;onde de proue.<\/p>\n<p>Certaines unit\u00e9s sont \u00e9quip\u00e9es de multiples ensembles de pulv\u00e9risation pour augmenter la plage de d\u00e9bit de dispersant. L&rsquo;utilisation d&rsquo;un ou plusieurs ensembles de pulv\u00e9risation permet d&rsquo;ajuster le d\u00e9bit pour faire face \u00e0 diff\u00e9rentes situations ( vitesse du navire, \u00e9paisseur d&rsquo;huile ).<\/p>\n<p>Diff\u00e9rents types de navires peuvent \u00eatre utilis\u00e9s pour pulv\u00e9riser des dispersants et, en plus des navires antipollution sp\u00e9cialement construits, il peut s&rsquo;agir de remorqueurs, de navires de ravitaillement, de chalutiers ou de petits navires de p\u00eache.<\/p>\n<p>La n\u00e9cessit\u00e9 d&rsquo;op\u00e9rer \u00e0 de faibles vitesses tout en conservant la manoeuvrabilit\u00e9 n\u00e9cessaire peut \u00eatre un facteur limitatif dans le choix des navires. Les r\u00e9cipients appropri\u00e9s doivent \u00e9galement avoir suffisamment d&rsquo;espace de stockage pour les dispersants.<\/p>\n<p>Nous pouvons concevoir le syst\u00e8me de pulv\u00e9risation Dispersant pour vos besoins.<\/p>\n<p><strong>Facultatif<\/strong><\/p>\n<ul>\n<li>Conteneur De Stockage<\/li>\n<li>D\u00e9bitm\u00e8tre<\/li>\n<li>Tuy\u00e8re de tuy\u00e8re<\/li>\n<li>R\u00e9servoir De Dispersant<\/li>\n<li>Dispersant D&rsquo;Huile<\/li>\n<li>Pompe Chimique<\/li>\n<li>Lance \u00c0 Main \u00c0 Pulv\u00e9riser<\/li>\n<li>D\u00e9bitm\u00e8tre \u00c0 Dilution<\/li>\n<li>Bras De Pulv\u00e9risation Mont\u00e9s Sur Cadre<\/li>\n<li>Kits de rechange<\/li>\n<li>Ch\u00e2ssis \u00c0 Roues<\/li>\n<\/ul>\n<div class=\"wptm_table tablesorter-bootstrap \" data-id=\"88\" data-hightlight=\"0\"><div class=\"wptm_buttons buttons_wptmTbl88\"><\/div><div class=\"wptmresponsive dataTables-wptmtable wptmtable \" id=\"wptmtable88\" data-tableid=\"wptmTbl88\"><table data-count-header=\"1\"  data-format-decimal_count=\"0\" data-format-decimal_symbol=\".\" data-format-symbol_position=\"0\" data-format-thousand_symbol=\",\"  data-format-currency_symbol=\"$\"  data-name-style=\"88_1759671876.css\" data-format=\"YYYY-MM-DD\" id=\"wptmTbl88\" data-id=\"88\" data-responsive=\"false\" data-hideCols=\"false\"  data-type=\"html\" data-paging=\"false\" data-searching=\"true\"  data-ordering=\"false\" data-table-breakpoint=\"980\" data-scroll-x=\"true\" data-scroll-collapse=\"true\" data-align=\"center\" data-range=\"[]\" data-hideColumn=\"[0,0,0,0,0,0,0,0]\"  data-colwidths=\"[142,142,142,142,142,142,142,142]\"  data-colwidths_desktop=[]  data-colwidths_tablet=[]  data-colwidths_mobile=[]  class=\"wptm_main_table  disablePager hideScrollHeader\"><colgroup><col data-dtr=\"0\" data-dtc=\"0\" class=\"dtc0\"><col data-dtr=\"0\" data-dtc=\"1\" class=\"dtc1\"><col data-dtr=\"0\" data-dtc=\"2\" class=\"dtc2\"><col data-dtr=\"0\" data-dtc=\"3\" class=\"dtc3\"><col data-dtr=\"0\" data-dtc=\"4\" class=\"dtc4\"><col data-dtr=\"0\" data-dtc=\"5\" class=\"dtc5\"><col data-dtr=\"0\" data-dtc=\"6\" class=\"dtc6\"><col data-dtr=\"0\" data-dtc=\"7\" class=\"dtc7\"><\/colgroup><thead><tr class=\"wptm-header-cells-index\"><th rowspan=\"1\" colspan=\"1\" data-dtr=\"0\" data-dtc=\"0\" class=\"dtr0 dtc0\"><\/th><th rowspan=\"1\" colspan=\"1\" data-dtr=\"0\" data-dtc=\"1\" class=\"dtr0 dtc1\"><\/th><th rowspan=\"1\" colspan=\"1\" data-dtr=\"0\" data-dtc=\"2\" class=\"dtr0 dtc2\"><\/th><th rowspan=\"1\" colspan=\"1\" data-dtr=\"0\" data-dtc=\"3\" class=\"dtr0 dtc3\"><\/th><th rowspan=\"1\" colspan=\"1\" data-dtr=\"0\" data-dtc=\"4\" class=\"dtr0 dtc4\"><\/th><th rowspan=\"1\" colspan=\"1\" data-dtr=\"0\" data-dtc=\"5\" class=\"dtr0 dtc5\"><\/th><th rowspan=\"1\" colspan=\"1\" data-dtr=\"0\" data-dtc=\"6\" class=\"dtr0 dtc6\"><\/th><th rowspan=\"1\" colspan=\"1\" data-dtr=\"0\" data-dtc=\"7\" class=\"dtr0 dtc7\"><\/th><\/tr><tr class=\" row0\"><th   data-priority=\"0\" class=\"dtr0 dtc0\"><\/th><th   data-priority=\"0\" class=\"dtr0 dtc1\">MaviSpray 12<\/th><th   data-priority=\"0\" class=\"dtr0 dtc2\">MaviSpray 10<\/th><th   data-priority=\"0\" class=\"dtr0 dtc3\">MaviSpray 8<\/th><th   data-priority=\"0\" class=\"dtr0 dtc4\">MaviSpray 6<\/th><th   data-priority=\"0\" class=\"dtr0 dtc5\">MaviSpray 5<\/th><th   data-priority=\"0\" class=\"dtr0 dtc6\">MaviSpray 4<\/th><th   data-priority=\"0\" class=\"dtr0 dtc7\">MaviSpray 3<\/th><\/thead><tbody><tr class=\" row1\"><td    class=\"dtr1 dtc0\">Operation<\/td><td  colspan=\"3\"   class=\"dtr1 dtc1\">Large Size - Offshore Supply Vessel, Work Boat, Tug Boat, OSRV<\/td><td  style=\"display: none\"   class=\"dtr1 dtc2\"><\/td><td  style=\"display: none\"   class=\"dtr1 dtc3\"><\/td><td  colspan=\"2\"   class=\"dtr1 dtc4\">Medium Size - Work Boat, Tug Boat, OSRV<\/td><td  style=\"display: none\"   class=\"dtr1 dtc5\"><\/td><td  colspan=\"2\"   class=\"dtr1 dtc6\">Small Size - Boats, Craft, Work Boat, OSRV<\/td><td  style=\"display: none\"   class=\"dtr1 dtc7\"><\/td><\/tr><tr class=\" row2\"><td    class=\"dtr2 dtc0\"> Arm Lenght<\/td><td    class=\"dtr2 dtc1\">2 x 12 m<\/td><td    class=\"dtr2 dtc2\">2 x 10 m<\/td><td    class=\"dtr2 dtc3\">2 x 8 m<\/td><td    class=\"dtr2 dtc4\">2 x 6 m<\/td><td    class=\"dtr2 dtc5\">2 x 5 m<\/td><td    class=\"dtr2 dtc6\">2 x 4 m<\/td><td    class=\"dtr2 dtc7\">1 x 3 m<\/td><\/tr><tr class=\" row3\"><td    class=\"dtr3 dtc0\">Material<\/td><td  colspan=\"7\"   class=\"dtr3 dtc1\">Aluminum (Standard) or Stainless Steel (Optional)<\/td><td  style=\"display: none\"   class=\"dtr3 dtc2\"><\/td><td  style=\"display: none\"   class=\"dtr3 dtc3\"><\/td><td  style=\"display: none\"   class=\"dtr3 dtc4\"><\/td><td  style=\"display: none\"   class=\"dtr3 dtc5\"><\/td><td  style=\"display: none\"   class=\"dtr3 dtc6\"><\/td><td  style=\"display: none\"   class=\"dtr3 dtc7\"><\/td><\/tr><tr class=\" row4\"><td    class=\"dtr4 dtc0\">Number Of Nozzles<\/td><td    class=\"dtr4 dtc1\">8 pcs<\/td><td    class=\"dtr4 dtc2\">7 pcs<\/td><td    class=\"dtr4 dtc3\">6 pcs<\/td><td    class=\"dtr4 dtc4\">5 pcs<\/td><td    class=\"dtr4 dtc5\">4 pcs<\/td><td    class=\"dtr4 dtc6\">3 pcs<\/td><td    class=\"dtr4 dtc7\">2 pcs<\/td><\/tr><tr class=\" row5\"><td    class=\"dtr5 dtc0\">Pump Capacity<\/td><td    class=\"dtr5 dtc1\">250 lt\/min<\/td><td    class=\"dtr5 dtc2\">200 lt\/min<\/td><td    class=\"dtr5 dtc3\">100 lt\/min<\/td><td    class=\"dtr5 dtc4\">80 lt\/min<\/td><td    class=\"dtr5 dtc5\">50 lt\/min<\/td><td    class=\"dtr5 dtc6\">40 lt\/min<\/td><td    class=\"dtr5 dtc7\">20 lt\/min<\/td><\/tr><tr class=\" row6\"><td    class=\"dtr6 dtc0\">Engine<\/td><td  colspan=\"7\"   class=\"dtr6 dtc1\">Diesel or Electric<\/td><td  style=\"display: none\"   class=\"dtr6 dtc2\"><\/td><td  style=\"display: none\"   class=\"dtr6 dtc3\"><\/td><td  style=\"display: none\"   class=\"dtr6 dtc4\"><\/td><td  style=\"display: none\"   class=\"dtr6 dtc5\"><\/td><td  style=\"display: none\"   class=\"dtr6 dtc6\"><\/td><td  style=\"display: none\"   class=\"dtr6 dtc7\"><\/td><\/tr><tr class=\" row7\"><td    class=\"dtr7 dtc0\">Hose Kit<\/td><td  colspan=\"7\"   class=\"dtr7 dtc1\">1 x 5 m Seawater Suction hose + 1 x 5 m Dispersant Suction Hose + 2 x 5 m Delivery Hose<\/td><td  style=\"display: none\"   class=\"dtr7 dtc2\"><\/td><td  style=\"display: none\"   class=\"dtr7 dtc3\"><\/td><td  style=\"display: none\"   class=\"dtr7 dtc4\"><\/td><td  style=\"display: none\"   class=\"dtr7 dtc5\"><\/td><td  style=\"display: none\"   class=\"dtr7 dtc6\"><\/td><td  style=\"display: none\"   class=\"dtr7 dtc7\"><\/td><\/tr><\/tbody><tfoot><tr><td class=\"dtr7 dtc0\" style=\"height: 0;\"><\/td><td class=\"dtr7 dtc1\" style=\"height: 0;\"><\/td><td class=\"dtr7 dtc2\" style=\"height: 0;\"><\/td><td class=\"dtr7 dtc3\" style=\"height: 0;\"><\/td><td class=\"dtr7 dtc4\" style=\"height: 0;\"><\/td><td class=\"dtr7 dtc5\" style=\"height: 0;\"><\/td><td class=\"dtr7 dtc6\" style=\"height: 0;\"><\/td><td class=\"dtr7 dtc7\" style=\"height: 0;\"><\/td><\/tr><\/tfoot><\/table><\/div><style>#wptmtable88 .dataTables_wrapper > .dataTables_scroll {max-height:500px;overflow: auto;}<\/style><script>window.wptm_ajaxurl = 'https:\/\/mavideniz.com.tr\/wp-admin\/admin-ajax.php?juwpfisadmin=false&action=Wptm&'; window.wptm_front = 'https:\/\/mavideniz.com.tr\/wp-content\/plugins\/wp-table-manager\/app\/site\/assets\/'; window.wptm_style = 'https:\/\/mavideniz.com.tr\/wp-content\/uploads\/wptm\/';<\/script><\/div><style><\/style>\n","protected":false},"excerpt":{"rendered":"<p>MAVI DENIZ fabrique et con\u00e7oit diff\u00e9rents syst\u00e8mes de pulv\u00e9risation de dispersant disponibles, allant des gros \u00e9quipements mont\u00e9s en permanence pour [&hellip;]<\/p>\n","protected":false},"author":1,"featured_media":0,"parent":40996,"menu_order":0,"comment_status":"closed","ping_status":"closed","template":"","meta":{"site-sidebar-layout":"default","site-content-layout":"","ast-site-content-layout":"default","site-content-style":"default","site-sidebar-style":"default","ast-global-header-display":"","ast-banner-title-visibility":"","ast-main-header-display":"","ast-hfb-above-header-display":"","ast-hfb-below-header-display":"","ast-hfb-mobile-header-display":"","site-post-title":"","ast-breadcrumbs-content":"","ast-featured-img":"","footer-sml-layout":"","ast-disable-related-posts":"","theme-transparent-header-meta":"","adv-header-id-meta":"","stick-header-meta":"","header-above-stick-meta":"","header-main-stick-meta":"","header-below-stick-meta":"","astra-migrate-meta-layouts":"default","ast-page-background-enabled":"default","ast-page-background-meta":{"desktop":{"background-color":"var(--ast-global-color-5)","background-image":"","background-repeat":"repeat","background-position":"center center","background-size":"auto","background-attachment":"scroll","background-type":"","background-media":"","overlay-type":"","overlay-color":"","overlay-opacity":"","overlay-gradient":""},"tablet":{"background-color":"","background-image":"","background-repeat":"repeat","background-position":"center center","background-size":"auto","background-attachment":"scroll","background-type":"","background-media":"","overlay-type":"","overlay-color":"","overlay-opacity":"","overlay-gradient":""},"mobile":{"background-color":"","background-image":"","background-repeat":"repeat","background-position":"center center","background-size":"auto","background-attachment":"scroll","background-type":"","background-media":"","overlay-type":"","overlay-color":"","overlay-opacity":"","overlay-gradient":""}},"ast-content-background-meta":{"desktop":{"background-color":"var(--ast-global-color-4)","background-image":"","background-repeat":"repeat","background-position":"center center","background-size":"auto","background-attachment":"scroll","background-type":"","background-media":"","overlay-type":"","overlay-color":"","overlay-opacity":"","overlay-gradient":""},"tablet":{"background-color":"var(--ast-global-color-4)","background-image":"","background-repeat":"repeat","background-position":"center center","background-size":"auto","background-attachment":"scroll","background-type":"","background-media":"","overlay-type":"","overlay-color":"","overlay-opacity":"","overlay-gradient":""},"mobile":{"background-color":"var(--ast-global-color-4)","background-image":"","background-repeat":"repeat","background-position":"center center","background-size":"auto","background-attachment":"scroll","background-type":"","background-media":"","overlay-type":"","overlay-color":"","overlay-opacity":"","overlay-gradient":""}},"footnotes":""},"class_list":["post-41008","page","type-page","status-publish","hentry"],"_links":{"self":[{"href":"https:\/\/mavideniz.com.tr\/fr\/wp-json\/wp\/v2\/pages\/41008","targetHints":{"allow":["GET"]}}],"collection":[{"href":"https:\/\/mavideniz.com.tr\/fr\/wp-json\/wp\/v2\/pages"}],"about":[{"href":"https:\/\/mavideniz.com.tr\/fr\/wp-json\/wp\/v2\/types\/page"}],"author":[{"embeddable":true,"href":"https:\/\/mavideniz.com.tr\/fr\/wp-json\/wp\/v2\/users\/1"}],"replies":[{"embeddable":true,"href":"https:\/\/mavideniz.com.tr\/fr\/wp-json\/wp\/v2\/comments?post=41008"}],"version-history":[{"count":0,"href":"https:\/\/mavideniz.com.tr\/fr\/wp-json\/wp\/v2\/pages\/41008\/revisions"}],"up":[{"embeddable":true,"href":"https:\/\/mavideniz.com.tr\/fr\/wp-json\/wp\/v2\/pages\/40996"}],"wp:attachment":[{"href":"https:\/\/mavideniz.com.tr\/fr\/wp-json\/wp\/v2\/media?parent=41008"}],"curies":[{"name":"wp","href":"https:\/\/api.w.org\/{rel}","templated":true}]}}