{"id":41013,"date":"2022-10-23T15:40:26","date_gmt":"2022-10-23T15:40:26","guid":{"rendered":"https:\/\/mavideniz.com.tr\/?page_id=41013"},"modified":"2022-10-23T15:40:29","modified_gmt":"2022-10-23T15:40:29","slug":"systeme-de-pulverisation-portable-pulverisateur-a-chariot-pulverisateur-a-dos","status":"publish","type":"page","link":"https:\/\/mavideniz.com.tr\/fr\/produits-industriels\/systeme-de-pulverisation-marine-agriculture\/systeme-de-pulverisation-portable-pulverisateur-a-chariot-pulverisateur-a-dos\/","title":{"rendered":"Syst\u00e8me de pulv\u00e9risation portable &#8211; Pulv\u00e9risateur \u00e0 chariot + Pulv\u00e9risateur \u00e0 dos"},"content":{"rendered":"\n<p>Pulv\u00e9risateur \u00e0 chariot + pulv\u00e9risateur \u00e0 dos sont des syst\u00e8mes de pulv\u00e9risation portables con\u00e7us pour fournir une excellente couverture de pulv\u00e9risation, l\u00e9ger, compact et rapidement d\u00e9ployer les op\u00e9rations.<\/p>\n<p>Un pulv\u00e9risateur \u00e0 dos peut porter sur le dos pour pulv\u00e9riser des produits chimiques \u00e0 des endroits inaccessibles tels que les plages, les rivages rocheux et les murs du port. Le pulv\u00e9risateur \u00e0 dos est une unit\u00e9 d&rsquo;application chimique rentable con\u00e7ue pour appliquer de petites quantit\u00e9s de dispersant pendant les \u00e9tapes finales de nettoyage des d\u00e9versements d&rsquo;hydrocarbures.<\/p>\n<p>Pulv\u00e9risateur de chariot lourd \u00e9quip\u00e9 de roues de chariot et d&rsquo;une poign\u00e9e r\u00e9glable, il est parfait pour une utilisation lorsque vous ne pouvez pas ou ne voulez pas transporter ou soulever de lourdes charges. Le chariot est tr\u00e8s maniable et facile \u00e0 rouler autour de la zone d&rsquo;op\u00e9ration. Les pulv\u00e9risateurs \u00e0 chariot permettent de pulv\u00e9riser des produits chimiques \u00e0 des endroits inaccessibles tels que les plages, les rivages rocheux et les murs du port &#8211; Pulv\u00e9risateur \u00e0 dos.<\/p>\n<p>Le pulv\u00e9risateur \u00e0 dos et le pulv\u00e9risateur \u00e0 chariot sont des unit\u00e9s d&rsquo;application chimique rentables con\u00e7ues pour appliquer des dispersants mineurs \u00e0 de grands lors des derni\u00e8res \u00e9tapes des op\u00e9rations de nettoyage des d\u00e9versements d&rsquo;hydrocarbures.<\/p>\n<div class=\"wptm_table tablesorter-bootstrap \" data-id=\"89\" data-hightlight=\"0\"><div class=\"wptm_buttons buttons_wptmTbl89\"><\/div><div class=\"wptmresponsive dataTables-wptmtable wptmtable \" id=\"wptmtable89\" data-tableid=\"wptmTbl89\"><table data-count-header=\"1\"  data-format-decimal_count=\"0\" data-format-decimal_symbol=\".\" data-format-symbol_position=\"0\" data-format-thousand_symbol=\",\"  data-format-currency_symbol=\"$\"  data-name-style=\"89_1759671945.css\" data-format=\"YYYY-MM-DD\" id=\"wptmTbl89\" data-id=\"89\" data-responsive=\"false\" data-hideCols=\"false\"  data-type=\"html\" data-paging=\"false\" data-searching=\"true\"  data-ordering=\"false\" data-table-breakpoint=\"980\" data-scroll-x=\"true\" data-scroll-collapse=\"true\" data-align=\"center\" data-range=\"[]\" data-hideColumn=\"[0,0,0,0,0]\"  data-colwidths=\"[228,228,228,228,228]\"  data-colwidths_desktop=[]  data-colwidths_tablet=[]  data-colwidths_mobile=[]  class=\"wptm_main_table  disablePager hideScrollHeader\"><colgroup><col data-dtr=\"0\" data-dtc=\"0\" class=\"dtc0\"><col data-dtr=\"0\" data-dtc=\"1\" class=\"dtc1\"><col data-dtr=\"0\" data-dtc=\"2\" class=\"dtc2\"><col data-dtr=\"0\" data-dtc=\"3\" class=\"dtc3\"><col data-dtr=\"0\" data-dtc=\"4\" class=\"dtc4\"><\/colgroup><thead><tr class=\"wptm-header-cells-index\"><th rowspan=\"1\" colspan=\"1\" data-dtr=\"0\" data-dtc=\"0\" class=\"dtr0 dtc0\"><\/th><th rowspan=\"1\" colspan=\"1\" data-dtr=\"0\" data-dtc=\"1\" class=\"dtr0 dtc1\"><\/th><th rowspan=\"1\" colspan=\"1\" data-dtr=\"0\" data-dtc=\"2\" class=\"dtr0 dtc2\"><\/th><th rowspan=\"1\" colspan=\"1\" data-dtr=\"0\" data-dtc=\"3\" class=\"dtr0 dtc3\"><\/th><th rowspan=\"1\" colspan=\"1\" data-dtr=\"0\" data-dtc=\"4\" class=\"dtr0 dtc4\"><\/th><\/tr><tr class=\" row0\"><th   data-priority=\"0\" class=\"dtr0 dtc0\"><\/th><th   data-priority=\"0\" class=\"dtr0 dtc1\">Mavi Spray S<\/th><th   data-priority=\"0\" class=\"dtr0 dtc2\">Mavi Spray M<\/th><th   data-priority=\"0\" class=\"dtr0 dtc3\">Mavi Spray L<\/th><th   data-priority=\"0\" class=\"dtr0 dtc4\">Mavi Spray XL<\/th><\/thead><tbody><tr class=\" row1\"><td    class=\"dtr1 dtc0\">Unit Type<\/td><td    class=\"dtr1 dtc1\">Backpack<\/td><td    class=\"dtr1 dtc2\">Backpack<\/td><td  colspan=\"2\"   class=\"dtr1 dtc3\">Skid Mounted (Standadrd) or Trolley Mounted (Optional)<\/td><td  style=\"display: none\"   class=\"dtr1 dtc4\"><\/td><\/tr><tr class=\" row2\"><td    class=\"dtr2 dtc0\">Engine<\/td><td    class=\"dtr2 dtc1\">-<\/td><td    class=\"dtr2 dtc2\">-<\/td><td  colspan=\"2\"   class=\"dtr2 dtc3\">Diesel or Electric<\/td><td  style=\"display: none\"   class=\"dtr2 dtc4\"><\/td><\/tr><tr class=\" row3\"><td    class=\"dtr3 dtc0\">Pump Capacity<\/td><td    class=\"dtr3 dtc1\">-<\/td><td    class=\"dtr3 dtc2\">-<\/td><td    class=\"dtr3 dtc3\">80  lt\/min<\/td><td    class=\"dtr3 dtc4\">100  lt\/min<\/td><\/tr><tr class=\" row4\"><td    class=\"dtr4 dtc0\">Material<\/td><td    class=\"dtr4 dtc1\">Polypropylene<\/td><td    class=\"dtr4 dtc2\">Polypropylene<\/td><td  colspan=\"2\"   class=\"dtr4 dtc3\">Aluminum (Standard) or Stainless Steel (Optional)<\/td><td  style=\"display: none\"   class=\"dtr4 dtc4\"><\/td><\/tr><tr class=\" row5\"><td    class=\"dtr5 dtc0\">Hand Lance<\/td><td    class=\"dtr5 dtc1\">50 cm<\/td><td    class=\"dtr5 dtc2\">50 cm<\/td><td  colspan=\"2\"   class=\"dtr5 dtc3\">4 x 10 m ( hose + Lance )<\/td><td  style=\"display: none\"   class=\"dtr5 dtc4\"><\/td><\/tr><tr class=\" row6\"><td    class=\"dtr6 dtc0\">Tank Capacity<\/td><td    class=\"dtr6 dtc1\">15 lt.<\/td><td    class=\"dtr6 dtc2\">20 lt.<\/td><td  colspan=\"2\"   class=\"dtr6 dtc3\">Optional<\/td><td  style=\"display: none\"   class=\"dtr6 dtc4\"><\/td><\/tr><\/tbody><tfoot><tr><td class=\"dtr6 dtc0\" style=\"height: 0;\"><\/td><td class=\"dtr6 dtc1\" style=\"height: 0;\"><\/td><td class=\"dtr6 dtc2\" style=\"height: 0;\"><\/td><td class=\"dtr6 dtc3\" style=\"height: 0;\"><\/td><td class=\"dtr6 dtc4\" style=\"height: 0;\"><\/td><\/tr><\/tfoot><\/table><\/div><style>#wptmtable89 .dataTables_wrapper > .dataTables_scroll {max-height:500px;overflow: auto;}<\/style><script>window.wptm_ajaxurl = 'https:\/\/mavideniz.com.tr\/wp-admin\/admin-ajax.php?juwpfisadmin=false&action=Wptm&'; window.wptm_front = 'https:\/\/mavideniz.com.tr\/wp-content\/plugins\/wp-table-manager\/app\/site\/assets\/'; window.wptm_style = 'https:\/\/mavideniz.com.tr\/wp-content\/uploads\/wptm\/';<\/script><\/div><style><\/style>\n","protected":false},"excerpt":{"rendered":"<p>Pulv\u00e9risateur \u00e0 chariot + pulv\u00e9risateur \u00e0 dos sont des syst\u00e8mes de pulv\u00e9risation portables con\u00e7us pour fournir une excellente couverture de [&hellip;]<\/p>\n","protected":false},"author":1,"featured_media":0,"parent":40996,"menu_order":0,"comment_status":"closed","ping_status":"closed","template":"","meta":{"site-sidebar-layout":"default","site-content-layout":"","ast-site-content-layout":"default","site-content-style":"default","site-sidebar-style":"default","ast-global-header-display":"","ast-banner-title-visibility":"","ast-main-header-display":"","ast-hfb-above-header-display":"","ast-hfb-below-header-display":"","ast-hfb-mobile-header-display":"","site-post-title":"","ast-breadcrumbs-content":"","ast-featured-img":"","footer-sml-layout":"","ast-disable-related-posts":"","theme-transparent-header-meta":"","adv-header-id-meta":"","stick-header-meta":"","header-above-stick-meta":"","header-main-stick-meta":"","header-below-stick-meta":"","astra-migrate-meta-layouts":"default","ast-page-background-enabled":"default","ast-page-background-meta":{"desktop":{"background-color":"var(--ast-global-color-5)","background-image":"","background-repeat":"repeat","background-position":"center center","background-size":"auto","background-attachment":"scroll","background-type":"","background-media":"","overlay-type":"","overlay-color":"","overlay-opacity":"","overlay-gradient":""},"tablet":{"background-color":"","background-image":"","background-repeat":"repeat","background-position":"center center","background-size":"auto","background-attachment":"scroll","background-type":"","background-media":"","overlay-type":"","overlay-color":"","overlay-opacity":"","overlay-gradient":""},"mobile":{"background-color":"","background-image":"","background-repeat":"repeat","background-position":"center center","background-size":"auto","background-attachment":"scroll","background-type":"","background-media":"","overlay-type":"","overlay-color":"","overlay-opacity":"","overlay-gradient":""}},"ast-content-background-meta":{"desktop":{"background-color":"var(--ast-global-color-4)","background-image":"","background-repeat":"repeat","background-position":"center center","background-size":"auto","background-attachment":"scroll","background-type":"","background-media":"","overlay-type":"","overlay-color":"","overlay-opacity":"","overlay-gradient":""},"tablet":{"background-color":"var(--ast-global-color-4)","background-image":"","background-repeat":"repeat","background-position":"center center","background-size":"auto","background-attachment":"scroll","background-type":"","background-media":"","overlay-type":"","overlay-color":"","overlay-opacity":"","overlay-gradient":""},"mobile":{"background-color":"var(--ast-global-color-4)","background-image":"","background-repeat":"repeat","background-position":"center center","background-size":"auto","background-attachment":"scroll","background-type":"","background-media":"","overlay-type":"","overlay-color":"","overlay-opacity":"","overlay-gradient":""}},"footnotes":""},"class_list":["post-41013","page","type-page","status-publish","hentry"],"_links":{"self":[{"href":"https:\/\/mavideniz.com.tr\/fr\/wp-json\/wp\/v2\/pages\/41013","targetHints":{"allow":["GET"]}}],"collection":[{"href":"https:\/\/mavideniz.com.tr\/fr\/wp-json\/wp\/v2\/pages"}],"about":[{"href":"https:\/\/mavideniz.com.tr\/fr\/wp-json\/wp\/v2\/types\/page"}],"author":[{"embeddable":true,"href":"https:\/\/mavideniz.com.tr\/fr\/wp-json\/wp\/v2\/users\/1"}],"replies":[{"embeddable":true,"href":"https:\/\/mavideniz.com.tr\/fr\/wp-json\/wp\/v2\/comments?post=41013"}],"version-history":[{"count":0,"href":"https:\/\/mavideniz.com.tr\/fr\/wp-json\/wp\/v2\/pages\/41013\/revisions"}],"up":[{"embeddable":true,"href":"https:\/\/mavideniz.com.tr\/fr\/wp-json\/wp\/v2\/pages\/40996"}],"wp:attachment":[{"href":"https:\/\/mavideniz.com.tr\/fr\/wp-json\/wp\/v2\/media?parent=41013"}],"curies":[{"name":"wp","href":"https:\/\/api.w.org\/{rel}","templated":true}]}}