{"id":41022,"date":"2022-10-23T16:02:07","date_gmt":"2022-10-23T16:02:07","guid":{"rendered":"https:\/\/mavideniz.com.tr\/?page_id=41022"},"modified":"2022-10-23T16:02:11","modified_gmt":"2022-10-23T16:02:11","slug":"reservoir-de-stockage-durgence","status":"publish","type":"page","link":"https:\/\/mavideniz.com.tr\/fr\/produits-industriels\/reservoirs-de-stockage-temporaires\/reservoir-de-stockage-durgence\/","title":{"rendered":"R\u00e9servoir de stockage d&rsquo;urgence"},"content":{"rendered":"\n<p>Le stockage d&rsquo;urgence de Mavi Deniz est con\u00e7u pour les liquides r\u00e9cup\u00e9r\u00e9s pour les op\u00e9rations de d\u00e9pollution et de traitement sur site, le confinement des effluents, le stockage et le traitement de l&rsquo;eau, la d\u00e9mulsification des d\u00e9chets huileux, la provision d&rsquo;incendie, la d\u00e9mo de laboratoire \/ r\u00e9servoir de m\u00e9lange, r\u00e9servoir d&rsquo;essai pour l&rsquo;\u00e9quipement flottant, la s\u00e9paration de l&rsquo;eau d&rsquo;huile, le lavage de l&rsquo;\u00e9quipement, le stockage temporaire des liquides.<\/p>\n<p>R\u00e9servoir de stockage d&rsquo;huile d&rsquo;urgence Disponible en diff\u00e9rentes tailles, les r\u00e9servoirs de stockage sont l\u00e9gers, portables et rapidement assembl\u00e9s sans outils. Les r\u00e9servoirs de stockage d&rsquo;urgence sont adapt\u00e9s pour stocker temporairement de nombreux liquides, y compris les huiles, les produits chimiques et les eaux us\u00e9es.<\/p>\n<p>Le r\u00e9servoir du Mavi Deniz est un r\u00e9servoir de stockage temporaire qui stocke les d\u00e9chets de d\u00e9versement d&rsquo;hydrocarbures, les mati\u00e8res dangereuses ou des liquides comme les fluides corrosifs, l&rsquo;acide, l&rsquo;huile et l&rsquo;eau. Le r\u00e9servoir de stockage d&rsquo;urgence est l\u00e9ger, facilement transportable sur le site et peut \u00eatre assembl\u00e9 rapidement sans outils. Disponible en 8 tailles pour des volumes allant de 1.500 litres \u00e0 20.000 litres.<\/p>\n<p><strong>Caract\u00e9ristiques<\/strong><\/p>\n<ul>\n<li>Construction de cadre de tuyau en aluminium<\/li>\n<li>Un profil lisse facilite le nettoyage.<\/li>\n<li>Tissu PVC haute r\u00e9sistance standard, d&rsquo;autres disponibles<\/li>\n<li>Une personne peut installer un r\u00e9servoir de stockage d&rsquo;urgence ; aucun outil n&rsquo;est n\u00e9cessaire.<\/li>\n<li>Accessoires en option, y compris les doublures, la toile de fond, les couvertures de toit, les \u00e9vents, les raccords de drainage, les kits de r\u00e9paration, les pi\u00e8ces de rechange et un sac de transport pour un transport facile<\/li>\n<\/ul>\n<div class=\"wptm_table tablesorter-bootstrap \" data-id=\"99\" data-hightlight=\"0\"><div class=\"wptm_buttons buttons_wptmTbl99\"><\/div><div class=\"wptmresponsive dataTables-wptmtable wptmtable \" id=\"wptmtable99\" data-tableid=\"wptmTbl99\"><table data-count-header=\"1\"  data-format-decimal_count=\"0\" data-format-decimal_symbol=\".\" data-format-symbol_position=\"0\" data-format-thousand_symbol=\",\"  data-format-currency_symbol=\"$\"  data-name-style=\"99_1759675085.css\" data-format=\"YYYY-MM-DD\" id=\"wptmTbl99\" data-id=\"99\" data-responsive=\"false\" data-hideCols=\"false\"  data-type=\"html\" data-paging=\"false\" data-searching=\"true\"  data-ordering=\"false\" data-table-breakpoint=\"980\" data-scroll-x=\"true\" data-scroll-collapse=\"true\" data-align=\"center\" data-range=\"[]\" data-hideColumn=\"[0,0,0,0]\"  data-colwidths=\"[285,285,285,285]\"  data-colwidths_desktop=[]  data-colwidths_tablet=[]  data-colwidths_mobile=[]  class=\"wptm_main_table  disablePager hideScrollHeader\"><colgroup><col data-dtr=\"0\" data-dtc=\"0\" class=\"dtc0\"><col data-dtr=\"0\" data-dtc=\"1\" class=\"dtc1\"><col data-dtr=\"0\" data-dtc=\"2\" class=\"dtc2\"><col data-dtr=\"0\" data-dtc=\"3\" class=\"dtc3\"><\/colgroup><thead><tr class=\"wptm-header-cells-index\"><th rowspan=\"1\" colspan=\"1\" data-dtr=\"0\" data-dtc=\"0\" class=\"dtr0 dtc0\"><\/th><th rowspan=\"1\" colspan=\"1\" data-dtr=\"0\" data-dtc=\"1\" class=\"dtr0 dtc1\"><\/th><th rowspan=\"1\" colspan=\"1\" data-dtr=\"0\" data-dtc=\"2\" class=\"dtr0 dtc2\"><\/th><th rowspan=\"1\" colspan=\"1\" data-dtr=\"0\" data-dtc=\"3\" class=\"dtr0 dtc3\"><\/th><\/tr><tr class=\" row0\"><th   data-priority=\"0\" class=\"dtr0 dtc0\"><\/th><th   data-priority=\"0\" class=\"dtr0 dtc1\">     Capacity<\/th><th   data-priority=\"0\" class=\"dtr0 dtc2\">     Length<\/th><th   data-priority=\"0\" class=\"dtr0 dtc3\">     Width<\/th><\/thead><tbody><tr class=\" row1\"><td    class=\"dtr1 dtc0\">Mavi Tank 1.5<\/td><td    class=\"dtr1 dtc1\">    1.5 m3<\/td><td    class=\"dtr1 dtc2\">    4 m<\/td><td    class=\"dtr1 dtc3\">1 m<\/td><\/tr><tr class=\" row2\"><td    class=\"dtr2 dtc0\">Mavi Tank 3.5<\/td><td    class=\"dtr2 dtc1\">    3.5 m3<\/td><td    class=\"dtr2 dtc2\">    5 m<\/td><td    class=\"dtr2 dtc3\">1 m<\/td><\/tr><tr class=\" row3\"><td    class=\"dtr3 dtc0\">Mavi Tank 5<\/td><td    class=\"dtr3 dtc1\">    5 m3<\/td><td    class=\"dtr3 dtc2\">    9 m<\/td><td    class=\"dtr3 dtc3\">1 m<\/td><\/tr><tr class=\" row4\"><td    class=\"dtr4 dtc0\">Mavi Tank 7.5<\/td><td    class=\"dtr4 dtc1\">    7.5 m3<\/td><td    class=\"dtr4 dtc2\">    12 m<\/td><td    class=\"dtr4 dtc3\">1 m<\/td><\/tr><tr class=\" row5\"><td    class=\"dtr5 dtc0\">Mavi Tank 10<\/td><td    class=\"dtr5 dtc1\">    10 m3<\/td><td    class=\"dtr5 dtc2\">    14 m<\/td><td    class=\"dtr5 dtc3\">1.1 m<\/td><\/tr><tr class=\" row6\"><td    class=\"dtr6 dtc0\">Mavi Tank 12<\/td><td    class=\"dtr6 dtc1\">    12 m3<\/td><td    class=\"dtr6 dtc2\">    15 m<\/td><td    class=\"dtr6 dtc3\">1.1 m<\/td><\/tr><tr class=\" row7\"><td    class=\"dtr7 dtc0\">Mavi Tank 25<\/td><td    class=\"dtr7 dtc1\">    15 m3<\/td><td    class=\"dtr7 dtc2\">    16 m<\/td><td    class=\"dtr7 dtc3\">1.4 m<\/td><\/tr><tr class=\" row8\"><td    class=\"dtr8 dtc0\">Mavi Tank 50<\/td><td    class=\"dtr8 dtc1\">    20 m3<\/td><td    class=\"dtr8 dtc2\">    20 m<\/td><td    class=\"dtr8 dtc3\">1.8 m<\/td><\/tr><tr class=\" row9\"><td    class=\"dtr9 dtc0\">Mavi Tank 100<\/td><td    class=\"dtr9 dtc1\">    50 m3<\/td><td    class=\"dtr9 dtc2\">    20 m<\/td><td    class=\"dtr9 dtc3\">2.8 m<\/td><\/tr><tr class=\" row10\"><td    class=\"dtr10 dtc0\">Mavi Tank 250<\/td><td    class=\"dtr10 dtc1\">    100 m3<\/td><td    class=\"dtr10 dtc2\">    44 m<\/td><td    class=\"dtr10 dtc3\">2.8 m<\/td><\/tr><\/tbody><tfoot><tr><td class=\"dtr10 dtc0\" style=\"height: 0;\"><\/td><td class=\"dtr10 dtc1\" style=\"height: 0;\"><\/td><td class=\"dtr10 dtc2\" style=\"height: 0;\"><\/td><td class=\"dtr10 dtc3\" style=\"height: 0;\"><\/td><\/tr><\/tfoot><\/table><\/div><style>#wptmtable99 .dataTables_wrapper > .dataTables_scroll {max-height:500px;overflow: auto;}<\/style><script>window.wptm_ajaxurl = 'https:\/\/mavideniz.com.tr\/wp-admin\/admin-ajax.php?juwpfisadmin=false&action=Wptm&'; window.wptm_front = 'https:\/\/mavideniz.com.tr\/wp-content\/plugins\/wp-table-manager\/app\/site\/assets\/'; window.wptm_style = 'https:\/\/mavideniz.com.tr\/wp-content\/uploads\/wptm\/';<\/script><\/div><style><\/style>\n","protected":false},"excerpt":{"rendered":"<p>Le stockage d&rsquo;urgence de Mavi Deniz est con\u00e7u pour les liquides r\u00e9cup\u00e9r\u00e9s pour les op\u00e9rations de d\u00e9pollution et de traitement [&hellip;]<\/p>\n","protected":false},"author":1,"featured_media":0,"parent":41017,"menu_order":0,"comment_status":"closed","ping_status":"closed","template":"","meta":{"site-sidebar-layout":"default","site-content-layout":"","ast-site-content-layout":"default","site-content-style":"default","site-sidebar-style":"default","ast-global-header-display":"","ast-banner-title-visibility":"","ast-main-header-display":"","ast-hfb-above-header-display":"","ast-hfb-below-header-display":"","ast-hfb-mobile-header-display":"","site-post-title":"","ast-breadcrumbs-content":"","ast-featured-img":"","footer-sml-layout":"","ast-disable-related-posts":"","theme-transparent-header-meta":"","adv-header-id-meta":"","stick-header-meta":"","header-above-stick-meta":"","header-main-stick-meta":"","header-below-stick-meta":"","astra-migrate-meta-layouts":"default","ast-page-background-enabled":"default","ast-page-background-meta":{"desktop":{"background-color":"var(--ast-global-color-5)","background-image":"","background-repeat":"repeat","background-position":"center center","background-size":"auto","background-attachment":"scroll","background-type":"","background-media":"","overlay-type":"","overlay-color":"","overlay-opacity":"","overlay-gradient":""},"tablet":{"background-color":"","background-image":"","background-repeat":"repeat","background-position":"center center","background-size":"auto","background-attachment":"scroll","background-type":"","background-media":"","overlay-type":"","overlay-color":"","overlay-opacity":"","overlay-gradient":""},"mobile":{"background-color":"","background-image":"","background-repeat":"repeat","background-position":"center center","background-size":"auto","background-attachment":"scroll","background-type":"","background-media":"","overlay-type":"","overlay-color":"","overlay-opacity":"","overlay-gradient":""}},"ast-content-background-meta":{"desktop":{"background-color":"var(--ast-global-color-4)","background-image":"","background-repeat":"repeat","background-position":"center center","background-size":"auto","background-attachment":"scroll","background-type":"","background-media":"","overlay-type":"","overlay-color":"","overlay-opacity":"","overlay-gradient":""},"tablet":{"background-color":"var(--ast-global-color-4)","background-image":"","background-repeat":"repeat","background-position":"center center","background-size":"auto","background-attachment":"scroll","background-type":"","background-media":"","overlay-type":"","overlay-color":"","overlay-opacity":"","overlay-gradient":""},"mobile":{"background-color":"var(--ast-global-color-4)","background-image":"","background-repeat":"repeat","background-position":"center center","background-size":"auto","background-attachment":"scroll","background-type":"","background-media":"","overlay-type":"","overlay-color":"","overlay-opacity":"","overlay-gradient":""}},"footnotes":""},"class_list":["post-41022","page","type-page","status-publish","hentry"],"_links":{"self":[{"href":"https:\/\/mavideniz.com.tr\/fr\/wp-json\/wp\/v2\/pages\/41022","targetHints":{"allow":["GET"]}}],"collection":[{"href":"https:\/\/mavideniz.com.tr\/fr\/wp-json\/wp\/v2\/pages"}],"about":[{"href":"https:\/\/mavideniz.com.tr\/fr\/wp-json\/wp\/v2\/types\/page"}],"author":[{"embeddable":true,"href":"https:\/\/mavideniz.com.tr\/fr\/wp-json\/wp\/v2\/users\/1"}],"replies":[{"embeddable":true,"href":"https:\/\/mavideniz.com.tr\/fr\/wp-json\/wp\/v2\/comments?post=41022"}],"version-history":[{"count":0,"href":"https:\/\/mavideniz.com.tr\/fr\/wp-json\/wp\/v2\/pages\/41022\/revisions"}],"up":[{"embeddable":true,"href":"https:\/\/mavideniz.com.tr\/fr\/wp-json\/wp\/v2\/pages\/41017"}],"wp:attachment":[{"href":"https:\/\/mavideniz.com.tr\/fr\/wp-json\/wp\/v2\/media?parent=41022"}],"curies":[{"name":"wp","href":"https:\/\/api.w.org\/{rel}","templated":true}]}}