{"id":41027,"date":"2022-10-23T16:04:10","date_gmt":"2022-10-23T16:04:10","guid":{"rendered":"https:\/\/mavideniz.com.tr\/?page_id=41027"},"modified":"2022-10-23T16:08:54","modified_gmt":"2022-10-23T16:08:54","slug":"reservoir-de-stockage-flottant","status":"publish","type":"page","link":"https:\/\/mavideniz.com.tr\/fr\/produits-industriels\/reservoirs-de-stockage-temporaires\/reservoir-de-stockage-flottant\/","title":{"rendered":"R\u00e9servoir de stockage flottant"},"content":{"rendered":"\n<p>Le r\u00e9servoir flottant de stockage Mavi Deniz est con\u00e7u pour stocker et transporter temporairement des liquides r\u00e9cup\u00e9r\u00e9s pour des op\u00e9rations de r\u00e9cup\u00e9ration de d\u00e9versement d&rsquo;hydrocarbures, de service de pipelines et de plates-formes offshore, de transfert de fluides en vrac, de stockage et de transport d&rsquo;eau portable, de cale, d&rsquo;\u00e9gouts et de transport d&rsquo;eaux us\u00e9es.<\/p>\n<p>Utilisation pour le stockage temporaire de liquides. Convient pour la d\u00e9contamination des \u00e9quipements, du personnel et des animaux.<\/p>\n<p>Un r\u00e9servoir de stockage flottant est id\u00e9al pour d\u00e9canter l&rsquo;eau pendant les op\u00e9rations d&rsquo;\u00e9cumage et de nettoyage des d\u00e9versements d&rsquo;hydrocarbures.<\/p>\n<p>Le r\u00e9servoir de stockage flottant remorquable de Mavi Deniz utilise un port pour stocker temporairement les combustibles p\u00e9troliers l\u00e9gers r\u00e9cup\u00e9r\u00e9s par un \u00e9cumeur. L&rsquo;huile r\u00e9cup\u00e9r\u00e9e pendant les op\u00e9rations d&rsquo;\u00e9cumage peut \u00eatre pomp\u00e9e dans le r\u00e9servoir de stockage d&rsquo;huile remorquable, qui peut ensuite \u00eatre amarr\u00e9 jusqu&rsquo;\u00e0 ce qu&rsquo;il soit commode de le vider ou imm\u00e9diatement remorqu\u00e9 vers un site d&rsquo;\u00e9limination d&rsquo;huile.<\/p>\n<p>Un r\u00e9servoir de stockage flottant Peut \u00eatre utilis\u00e9 sur terre pour le stockage temporaire sur terre s\u00e8che ou sur l&rsquo;eau.<\/p>\n<p>Le r\u00e9servoir de stockage peut \u00eatre remorqu\u00e9 vide ou plein par bateau. Disponible dans une gamme de tailles et de capacit\u00e9s.<\/p>\n<p><strong>Caract\u00e9ristiques<\/strong><\/p>\n<ul>\n<li>RF Soud\u00e9 \u00e0 partir de tissus rev\u00eatus \u00e0 haute r\u00e9sistance<\/li>\n<li>Disponible en tailles de 1 m3 \u00e0 250 m3<\/li>\n<li>Remorqu\u00e9s par des bateaux, \u00e0 vide ou charg\u00e9s<\/li>\n<li>Enti\u00e8rement pliable pour un rangement facile<\/li>\n<li>Des conteneurs de stockage en bois ou en aluminium sont disponibles<\/li>\n<li>Accessoires en option, y compris le conteneur de stockage, les tuyaux, les pompes \u00e0 air, les pompes de r\u00e9cup\u00e9ration et de d\u00e9chargement<\/li>\n<\/ul>\n<div class=\"wptm_table tablesorter-bootstrap \" data-id=\"100\" data-hightlight=\"0\"><div class=\"wptm_buttons buttons_wptmTbl100\"><\/div><div class=\"wptmresponsive dataTables-wptmtable wptmtable \" id=\"wptmtable100\" data-tableid=\"wptmTbl100\"><table data-count-header=\"1\"  data-format-decimal_count=\"0\" data-format-decimal_symbol=\".\" data-format-symbol_position=\"0\" data-format-thousand_symbol=\",\"  data-format-currency_symbol=\"$\"  data-name-style=\"100_1759675160.css\" data-format=\"YYYY-MM-DD\" id=\"wptmTbl100\" data-id=\"100\" data-responsive=\"false\" data-hideCols=\"false\"  data-type=\"html\" data-paging=\"false\" data-searching=\"true\"  data-ordering=\"false\" data-table-breakpoint=\"980\" data-scroll-x=\"true\" data-scroll-collapse=\"true\" data-align=\"center\" data-range=\"[]\" data-hideColumn=\"[0,0,0,0,0]\"  data-colwidths=\"[228,228,228,228,228]\"  data-colwidths_desktop=[]  data-colwidths_tablet=[]  data-colwidths_mobile=[]  class=\"wptm_main_table  disablePager hideScrollHeader\"><colgroup><col data-dtr=\"0\" data-dtc=\"0\" class=\"dtc0\"><col data-dtr=\"0\" data-dtc=\"1\" class=\"dtc1\"><col data-dtr=\"0\" data-dtc=\"2\" class=\"dtc2\"><col data-dtr=\"0\" data-dtc=\"3\" class=\"dtc3\"><col data-dtr=\"0\" data-dtc=\"4\" class=\"dtc4\"><\/colgroup><thead><tr class=\"wptm-header-cells-index\"><th rowspan=\"1\" colspan=\"1\" data-dtr=\"0\" data-dtc=\"0\" class=\"dtr0 dtc0\"><\/th><th rowspan=\"1\" colspan=\"1\" data-dtr=\"0\" data-dtc=\"1\" class=\"dtr0 dtc1\"><\/th><th rowspan=\"1\" colspan=\"1\" data-dtr=\"0\" data-dtc=\"2\" class=\"dtr0 dtc2\"><\/th><th rowspan=\"1\" colspan=\"1\" data-dtr=\"0\" data-dtc=\"3\" class=\"dtr0 dtc3\"><\/th><th rowspan=\"1\" colspan=\"1\" data-dtr=\"0\" data-dtc=\"4\" class=\"dtr0 dtc4\"><\/th><\/tr><tr class=\" row0\"><th   data-priority=\"0\" class=\"dtr0 dtc0\"><\/th><th   data-priority=\"0\" class=\"dtr0 dtc1\">     Capacity<\/th><th   data-priority=\"0\" class=\"dtr0 dtc2\">     Width<\/th><th   data-priority=\"0\" class=\"dtr0 dtc3\">     Length<\/th><th   data-priority=\"0\" class=\"dtr0 dtc4\">     Weight<\/th><\/thead><tbody><tr class=\" row1\"><td    class=\"dtr1 dtc0\"> E-Tank 1.5<\/td><td    class=\"dtr1 dtc1\">    1.500 lt<\/td><td    class=\"dtr1 dtc2\">    1.8 m<\/td><td    class=\"dtr1 dtc3\">    1.8 m<\/td><td    class=\"dtr1 dtc4\">    43 kg<\/td><\/tr><tr class=\" row2\"><td    class=\"dtr2 dtc0\">E-Tank 3.5<\/td><td    class=\"dtr2 dtc1\">    3.500 lt<\/td><td    class=\"dtr2 dtc2\">    2.4 m<\/td><td    class=\"dtr2 dtc3\">    2.4 m<\/td><td    class=\"dtr2 dtc4\">    52 kg<\/td><\/tr><tr class=\" row3\"><td    class=\"dtr3 dtc0\">E-Tank 5<\/td><td    class=\"dtr3 dtc1\">    5.000 lt<\/td><td    class=\"dtr3 dtc2\">    3 m<\/td><td    class=\"dtr3 dtc3\">    3 m<\/td><td    class=\"dtr3 dtc4\">    66 kg<\/td><\/tr><tr class=\" row4\"><td    class=\"dtr4 dtc0\">E-Tank 7.5<\/td><td    class=\"dtr4 dtc1\">    7.500 lt<\/td><td    class=\"dtr4 dtc2\">    3.4 m<\/td><td    class=\"dtr4 dtc3\">    3.4 m<\/td><td    class=\"dtr4 dtc4\">    80 kg<\/td><\/tr><tr class=\" row5\"><td    class=\"dtr5 dtc0\">E-Tank 10<\/td><td    class=\"dtr5 dtc1\">    10.000 lt<\/td><td    class=\"dtr5 dtc2\">    4 m<\/td><td    class=\"dtr5 dtc3\">    4 m<\/td><td    class=\"dtr5 dtc4\">    84 kg<\/td><\/tr><tr class=\" row6\"><td    class=\"dtr6 dtc0\">E-Tank 12<\/td><td    class=\"dtr6 dtc1\">    12.000 lt<\/td><td    class=\"dtr6 dtc2\">    4.3 m<\/td><td    class=\"dtr6 dtc3\">    4.3 m<\/td><td    class=\"dtr6 dtc4\">    91 kg<\/td><\/tr><tr class=\" row7\"><td    class=\"dtr7 dtc0\">E-Tank 15<\/td><td    class=\"dtr7 dtc1\">    15.000 lt<\/td><td    class=\"dtr7 dtc2\">    4.6 m<\/td><td    class=\"dtr7 dtc3\">    4.6 m<\/td><td    class=\"dtr7 dtc4\">    114 kg<\/td><\/tr><tr class=\" row8\"><td    class=\"dtr8 dtc0\">E-Tank 20<\/td><td    class=\"dtr8 dtc1\">    20.000 lt<\/td><td    class=\"dtr8 dtc2\">    5.2 m<\/td><td    class=\"dtr8 dtc3\">    5.2 m<\/td><td    class=\"dtr8 dtc4\">    136 kg<\/td><\/tr><\/tbody><tfoot><tr><td class=\"dtr8 dtc0\" style=\"height: 0;\"><\/td><td class=\"dtr8 dtc1\" style=\"height: 0;\"><\/td><td class=\"dtr8 dtc2\" style=\"height: 0;\"><\/td><td class=\"dtr8 dtc3\" style=\"height: 0;\"><\/td><td class=\"dtr8 dtc4\" style=\"height: 0;\"><\/td><\/tr><\/tfoot><\/table><\/div><style>#wptmtable100 .dataTables_wrapper > .dataTables_scroll {max-height:500px;overflow: auto;}<\/style><script>window.wptm_ajaxurl = 'https:\/\/mavideniz.com.tr\/wp-admin\/admin-ajax.php?juwpfisadmin=false&action=Wptm&'; window.wptm_front = 'https:\/\/mavideniz.com.tr\/wp-content\/plugins\/wp-table-manager\/app\/site\/assets\/'; window.wptm_style = 'https:\/\/mavideniz.com.tr\/wp-content\/uploads\/wptm\/';<\/script><\/div><style><\/style>\n","protected":false},"excerpt":{"rendered":"<p>Le r\u00e9servoir flottant de stockage Mavi Deniz est con\u00e7u pour stocker et transporter temporairement des liquides r\u00e9cup\u00e9r\u00e9s pour des op\u00e9rations [&hellip;]<\/p>\n","protected":false},"author":1,"featured_media":0,"parent":41017,"menu_order":0,"comment_status":"closed","ping_status":"closed","template":"","meta":{"site-sidebar-layout":"default","site-content-layout":"","ast-site-content-layout":"default","site-content-style":"default","site-sidebar-style":"default","ast-global-header-display":"","ast-banner-title-visibility":"","ast-main-header-display":"","ast-hfb-above-header-display":"","ast-hfb-below-header-display":"","ast-hfb-mobile-header-display":"","site-post-title":"","ast-breadcrumbs-content":"","ast-featured-img":"","footer-sml-layout":"","ast-disable-related-posts":"","theme-transparent-header-meta":"","adv-header-id-meta":"","stick-header-meta":"","header-above-stick-meta":"","header-main-stick-meta":"","header-below-stick-meta":"","astra-migrate-meta-layouts":"default","ast-page-background-enabled":"default","ast-page-background-meta":{"desktop":{"background-color":"var(--ast-global-color-5)","background-image":"","background-repeat":"repeat","background-position":"center center","background-size":"auto","background-attachment":"scroll","background-type":"","background-media":"","overlay-type":"","overlay-color":"","overlay-opacity":"","overlay-gradient":""},"tablet":{"background-color":"","background-image":"","background-repeat":"repeat","background-position":"center center","background-size":"auto","background-attachment":"scroll","background-type":"","background-media":"","overlay-type":"","overlay-color":"","overlay-opacity":"","overlay-gradient":""},"mobile":{"background-color":"","background-image":"","background-repeat":"repeat","background-position":"center center","background-size":"auto","background-attachment":"scroll","background-type":"","background-media":"","overlay-type":"","overlay-color":"","overlay-opacity":"","overlay-gradient":""}},"ast-content-background-meta":{"desktop":{"background-color":"var(--ast-global-color-4)","background-image":"","background-repeat":"repeat","background-position":"center center","background-size":"auto","background-attachment":"scroll","background-type":"","background-media":"","overlay-type":"","overlay-color":"","overlay-opacity":"","overlay-gradient":""},"tablet":{"background-color":"var(--ast-global-color-4)","background-image":"","background-repeat":"repeat","background-position":"center center","background-size":"auto","background-attachment":"scroll","background-type":"","background-media":"","overlay-type":"","overlay-color":"","overlay-opacity":"","overlay-gradient":""},"mobile":{"background-color":"var(--ast-global-color-4)","background-image":"","background-repeat":"repeat","background-position":"center center","background-size":"auto","background-attachment":"scroll","background-type":"","background-media":"","overlay-type":"","overlay-color":"","overlay-opacity":"","overlay-gradient":""}},"footnotes":""},"class_list":["post-41027","page","type-page","status-publish","hentry"],"_links":{"self":[{"href":"https:\/\/mavideniz.com.tr\/fr\/wp-json\/wp\/v2\/pages\/41027","targetHints":{"allow":["GET"]}}],"collection":[{"href":"https:\/\/mavideniz.com.tr\/fr\/wp-json\/wp\/v2\/pages"}],"about":[{"href":"https:\/\/mavideniz.com.tr\/fr\/wp-json\/wp\/v2\/types\/page"}],"author":[{"embeddable":true,"href":"https:\/\/mavideniz.com.tr\/fr\/wp-json\/wp\/v2\/users\/1"}],"replies":[{"embeddable":true,"href":"https:\/\/mavideniz.com.tr\/fr\/wp-json\/wp\/v2\/comments?post=41027"}],"version-history":[{"count":0,"href":"https:\/\/mavideniz.com.tr\/fr\/wp-json\/wp\/v2\/pages\/41027\/revisions"}],"up":[{"embeddable":true,"href":"https:\/\/mavideniz.com.tr\/fr\/wp-json\/wp\/v2\/pages\/41017"}],"wp:attachment":[{"href":"https:\/\/mavideniz.com.tr\/fr\/wp-json\/wp\/v2\/media?parent=41027"}],"curies":[{"name":"wp","href":"https:\/\/api.w.org\/{rel}","templated":true}]}}