{"id":41031,"date":"2022-10-23T16:06:48","date_gmt":"2022-10-23T16:06:48","guid":{"rendered":"https:\/\/mavideniz.com.tr\/?page_id=41031"},"modified":"2022-10-23T16:06:55","modified_gmt":"2022-10-23T16:06:55","slug":"reservoir-doreiller-de-stockage-de-liquide","status":"publish","type":"page","link":"https:\/\/mavideniz.com.tr\/fr\/produits-industriels\/reservoirs-de-stockage-temporaires\/reservoir-doreiller-de-stockage-de-liquide\/","title":{"rendered":"R\u00e9servoir d&rsquo;oreiller de stockage de liquide"},"content":{"rendered":"\n<p>Le r\u00e9servoir d&rsquo;oreiller Mavi Deniz est con\u00e7u pour accueillir le stockage de liquide portable et non potable. Le r\u00e9servoir d&rsquo;oreiller peut \u00eatre utilis\u00e9 dans les op\u00e9rations de r\u00e9cup\u00e9ration des d\u00e9versements d&rsquo;hydrocarbures, le stockage \u00e0 distance, la lutte contre l&rsquo;incendie, les op\u00e9rations militaires, les projets d&rsquo;assainissement, le r\u00e9servoir d&rsquo;eau potable, les r\u00e9servoirs d&rsquo;eau grise, le transport de liquide, le r\u00e9servoir d&rsquo;eau portable, le carburant diesel, le carburant \u00e0 r\u00e9action, les eaux us\u00e9es, le stockage des eaux us\u00e9es, la distribution de jus de fruits, le stockage chimique.<\/p>\n<p>Les r\u00e9servoirs d&rsquo;oreillers sont fabriqu\u00e9s avec des soudures haute fr\u00e9quence. Disponibles en diff\u00e9rentes tailles, les r\u00e9servoirs de stockage sont l\u00e9gers, portables et rapidement assembl\u00e9s sans outils.<\/p>\n<p>L&rsquo;invention concerne un r\u00e9servoir d&rsquo;oreiller pliable permettant un stockage temporaire de liquide ainsi qu&rsquo;un stockage \u00e0 long terme de liquide.<\/p>\n<p>Notre r\u00e9servoir d&rsquo;oreiller est portable et peut \u00eatre utilis\u00e9 pour l&rsquo;eau potable, les jus de fruits, les eaux us\u00e9es, les produits chimiques et les huiles.<\/p>\n<p>L&rsquo;utilisation polyvalente comprend les op\u00e9rations terrestres et les ponts de navires. Les r\u00e9servoirs standard sont fabriqu\u00e9s avec un tissu durable qui offre une r\u00e9sistance \u00e0 la lumi\u00e8re ultraviolette, aux produits chimiques et \u00e0 l&rsquo;abrasion.<\/p>\n<p>Les plus petites tailles sont de forme carr\u00e9e, tandis que les plus grandes sont rectangulaires. Le r\u00e9servoir d&rsquo;oreiller transportable est con\u00e7u avec des sangles pour diverses applications de fret, y compris les camions, les remorques, les bateaux et les avions.<\/p>\n<p>Tailles standard &#8211; de 0,5 \u00e0 3,780 m3.<\/p>\n<p><strong>Caract\u00e9ristiques<\/strong><\/p>\n<ul>\n<li>Entretien simple, longue dur\u00e9e de vie<\/li>\n<li>Disponible en tissu d&rsquo;ur\u00e9thane, de caoutchouc ou de vinyle<\/li>\n<li>Aucun outil n&rsquo;est requis pour l&rsquo;installation.<\/li>\n<li>Stockage de liquide de grande capacit\u00e9<\/li>\n<li>Service intensif<\/li>\n<li>r\u00e9sistance aux UV<\/li>\n<li>Durabilit\u00e9 jusqu&rsquo;\u00e0 20 ans<\/li>\n<li>Accessoires en option, y compris les kits de r\u00e9paration, les pi\u00e8ces de rechange et un sac de transport pour faciliter le transport<\/li>\n<li>R\u00e9tractable + Stockable + Portable + Facilement D\u00e9ployable<\/li>\n<\/ul>\n<div class=\"wptm_table tablesorter-bootstrap \" data-id=\"101\" data-hightlight=\"0\"><div class=\"wptm_buttons buttons_wptmTbl101\"><\/div><div class=\"wptmresponsive dataTables-wptmtable wptmtable \" id=\"wptmtable101\" data-tableid=\"wptmTbl101\"><table data-count-header=\"1\"  data-format-decimal_count=\"0\" data-format-decimal_symbol=\".\" data-format-symbol_position=\"0\" data-format-thousand_symbol=\",\"  data-format-currency_symbol=\"$\"  data-name-style=\"101_1759675224.css\" data-format=\"YYYY-MM-DD\" id=\"wptmTbl101\" data-id=\"101\" data-responsive=\"false\" data-hideCols=\"false\"  data-type=\"html\" data-paging=\"false\" data-searching=\"true\"  data-ordering=\"false\" data-table-breakpoint=\"980\" data-scroll-x=\"true\" data-scroll-collapse=\"true\" data-align=\"center\" data-range=\"[]\" data-hideColumn=\"[0,0,0,0,0]\"  data-colwidths=\"[228,228,228,228,228]\"  data-colwidths_desktop=[]  data-colwidths_tablet=[]  data-colwidths_mobile=[]  class=\"wptm_main_table  disablePager hideScrollHeader\"><colgroup><col data-dtr=\"0\" data-dtc=\"0\" class=\"dtc0\"><col data-dtr=\"0\" data-dtc=\"1\" class=\"dtc1\"><col data-dtr=\"0\" data-dtc=\"2\" class=\"dtc2\"><col data-dtr=\"0\" data-dtc=\"3\" class=\"dtc3\"><col data-dtr=\"0\" data-dtc=\"4\" class=\"dtc4\"><\/colgroup><thead><tr class=\"wptm-header-cells-index\"><th rowspan=\"1\" colspan=\"1\" data-dtr=\"0\" data-dtc=\"0\" class=\"dtr0 dtc0\"><\/th><th rowspan=\"1\" colspan=\"1\" data-dtr=\"0\" data-dtc=\"1\" class=\"dtr0 dtc1\"><\/th><th rowspan=\"1\" colspan=\"1\" data-dtr=\"0\" data-dtc=\"2\" class=\"dtr0 dtc2\"><\/th><th rowspan=\"1\" colspan=\"1\" data-dtr=\"0\" data-dtc=\"3\" class=\"dtr0 dtc3\"><\/th><th rowspan=\"1\" colspan=\"1\" data-dtr=\"0\" data-dtc=\"4\" class=\"dtr0 dtc4\"><\/th><\/tr><tr class=\" row0\"><th   data-priority=\"0\" class=\"dtr0 dtc0\"><\/th><th   data-priority=\"0\" class=\"dtr0 dtc1\">     Capacity<\/th><th   data-priority=\"0\" class=\"dtr0 dtc2\">     Length<\/th><th   data-priority=\"0\" class=\"dtr0 dtc3\">     Width<\/th><th   data-priority=\"0\" class=\"dtr0 dtc4\">     Weight<\/th><\/thead><tbody><tr class=\" row1\"><td    class=\"dtr1 dtc0\">P-Tank 1.5<\/td><td    class=\"dtr1 dtc1\">    1.5 m3<\/td><td    class=\"dtr1 dtc2\">    1.4 m<\/td><td    class=\"dtr1 dtc3\">    1.1 m<\/td><td    class=\"dtr1 dtc4\">    10 kg<\/td><\/tr><tr class=\" row2\"><td    class=\"dtr2 dtc0\">P-Tank 3.5<\/td><td    class=\"dtr2 dtc1\">    3.5 m3<\/td><td    class=\"dtr2 dtc2\">    2 m<\/td><td    class=\"dtr2 dtc3\">    1.4 m<\/td><td    class=\"dtr2 dtc4\">    17 kg<\/td><\/tr><tr class=\" row3\"><td    class=\"dtr3 dtc0\">P-Tank 5<\/td><td    class=\"dtr3 dtc1\">    5 m3<\/td><td    class=\"dtr3 dtc2\">    2.35 m<\/td><td    class=\"dtr3 dtc3\">    1.65 m<\/td><td    class=\"dtr3 dtc4\">    25 kg<\/td><\/tr><tr class=\" row4\"><td    class=\"dtr4 dtc0\">P-Tank 7.5<\/td><td    class=\"dtr4 dtc1\">    7.5 m3<\/td><td    class=\"dtr4 dtc2\">    2.40 m<\/td><td    class=\"dtr4 dtc3\">    2.1 m<\/td><td    class=\"dtr4 dtc4\">    31 kg<\/td><\/tr><tr class=\" row5\"><td    class=\"dtr5 dtc0\">P-Tank 10<\/td><td    class=\"dtr5 dtc1\">    10 m3<\/td><td    class=\"dtr5 dtc2\">    2.75 m<\/td><td    class=\"dtr5 dtc3\">    2.65 m<\/td><td    class=\"dtr5 dtc4\">    43 kg<\/td><\/tr><tr class=\" row6\"><td    class=\"dtr6 dtc0\">P-Tank 12<\/td><td    class=\"dtr6 dtc1\">    12 m3<\/td><td    class=\"dtr6 dtc2\">    3.75 m<\/td><td    class=\"dtr6 dtc3\">    3.55 m<\/td><td    class=\"dtr6 dtc4\">    70 kg<\/td><\/tr><tr class=\" row7\"><td    class=\"dtr7 dtc0\">P-Tank 15<\/td><td    class=\"dtr7 dtc1\">    15 m3<\/td><td    class=\"dtr7 dtc2\">    4.6 m<\/td><td    class=\"dtr7 dtc3\">    4.2 m<\/td><td    class=\"dtr7 dtc4\">    90 kg<\/td><\/tr><tr class=\" row8\"><td    class=\"dtr8 dtc0\">P-Tank 20<\/td><td    class=\"dtr8 dtc1\">    20 m3<\/td><td    class=\"dtr8 dtc2\">    5 m<\/td><td    class=\"dtr8 dtc3\">    5 m<\/td><td    class=\"dtr8 dtc4\">    100 kg<\/td><\/tr><tr class=\" row9\"><td    class=\"dtr9 dtc0\">P-Tank 50<\/td><td    class=\"dtr9 dtc1\">    50 m3<\/td><td    class=\"dtr9 dtc2\">    7 m<\/td><td    class=\"dtr9 dtc3\">    7.6 m<\/td><td    class=\"dtr9 dtc4\">    290 kg<\/td><\/tr><tr class=\" row10\"><td    class=\"dtr10 dtc0\">P-Tank 100<\/td><td    class=\"dtr10 dtc1\">    100 m3<\/td><td    class=\"dtr10 dtc2\">    10.7 m<\/td><td    class=\"dtr10 dtc3\">    17 m<\/td><td    class=\"dtr10 dtc4\">    345 kg<\/td><\/tr><\/tbody><tfoot><tr><td class=\"dtr10 dtc0\" style=\"height: 0;\"><\/td><td class=\"dtr10 dtc1\" style=\"height: 0;\"><\/td><td class=\"dtr10 dtc2\" style=\"height: 0;\"><\/td><td class=\"dtr10 dtc3\" style=\"height: 0;\"><\/td><td class=\"dtr10 dtc4\" style=\"height: 0;\"><\/td><\/tr><\/tfoot><\/table><\/div><style>#wptmtable101 .dataTables_wrapper > .dataTables_scroll {max-height:500px;overflow: auto;}<\/style><script>window.wptm_ajaxurl = 'https:\/\/mavideniz.com.tr\/wp-admin\/admin-ajax.php?juwpfisadmin=false&action=Wptm&'; window.wptm_front = 'https:\/\/mavideniz.com.tr\/wp-content\/plugins\/wp-table-manager\/app\/site\/assets\/'; window.wptm_style = 'https:\/\/mavideniz.com.tr\/wp-content\/uploads\/wptm\/';<\/script><\/div><style><\/style>\n","protected":false},"excerpt":{"rendered":"<p>Le r\u00e9servoir d&rsquo;oreiller Mavi Deniz est con\u00e7u pour accueillir le stockage de liquide portable et non potable. Le r\u00e9servoir d&rsquo;oreiller [&hellip;]<\/p>\n","protected":false},"author":1,"featured_media":0,"parent":41017,"menu_order":0,"comment_status":"closed","ping_status":"closed","template":"","meta":{"site-sidebar-layout":"default","site-content-layout":"","ast-site-content-layout":"default","site-content-style":"default","site-sidebar-style":"default","ast-global-header-display":"","ast-banner-title-visibility":"","ast-main-header-display":"","ast-hfb-above-header-display":"","ast-hfb-below-header-display":"","ast-hfb-mobile-header-display":"","site-post-title":"","ast-breadcrumbs-content":"","ast-featured-img":"","footer-sml-layout":"","ast-disable-related-posts":"","theme-transparent-header-meta":"","adv-header-id-meta":"","stick-header-meta":"","header-above-stick-meta":"","header-main-stick-meta":"","header-below-stick-meta":"","astra-migrate-meta-layouts":"default","ast-page-background-enabled":"default","ast-page-background-meta":{"desktop":{"background-color":"var(--ast-global-color-5)","background-image":"","background-repeat":"repeat","background-position":"center center","background-size":"auto","background-attachment":"scroll","background-type":"","background-media":"","overlay-type":"","overlay-color":"","overlay-opacity":"","overlay-gradient":""},"tablet":{"background-color":"","background-image":"","background-repeat":"repeat","background-position":"center center","background-size":"auto","background-attachment":"scroll","background-type":"","background-media":"","overlay-type":"","overlay-color":"","overlay-opacity":"","overlay-gradient":""},"mobile":{"background-color":"","background-image":"","background-repeat":"repeat","background-position":"center center","background-size":"auto","background-attachment":"scroll","background-type":"","background-media":"","overlay-type":"","overlay-color":"","overlay-opacity":"","overlay-gradient":""}},"ast-content-background-meta":{"desktop":{"background-color":"var(--ast-global-color-4)","background-image":"","background-repeat":"repeat","background-position":"center center","background-size":"auto","background-attachment":"scroll","background-type":"","background-media":"","overlay-type":"","overlay-color":"","overlay-opacity":"","overlay-gradient":""},"tablet":{"background-color":"var(--ast-global-color-4)","background-image":"","background-repeat":"repeat","background-position":"center center","background-size":"auto","background-attachment":"scroll","background-type":"","background-media":"","overlay-type":"","overlay-color":"","overlay-opacity":"","overlay-gradient":""},"mobile":{"background-color":"var(--ast-global-color-4)","background-image":"","background-repeat":"repeat","background-position":"center center","background-size":"auto","background-attachment":"scroll","background-type":"","background-media":"","overlay-type":"","overlay-color":"","overlay-opacity":"","overlay-gradient":""}},"footnotes":""},"class_list":["post-41031","page","type-page","status-publish","hentry"],"_links":{"self":[{"href":"https:\/\/mavideniz.com.tr\/fr\/wp-json\/wp\/v2\/pages\/41031","targetHints":{"allow":["GET"]}}],"collection":[{"href":"https:\/\/mavideniz.com.tr\/fr\/wp-json\/wp\/v2\/pages"}],"about":[{"href":"https:\/\/mavideniz.com.tr\/fr\/wp-json\/wp\/v2\/types\/page"}],"author":[{"embeddable":true,"href":"https:\/\/mavideniz.com.tr\/fr\/wp-json\/wp\/v2\/users\/1"}],"replies":[{"embeddable":true,"href":"https:\/\/mavideniz.com.tr\/fr\/wp-json\/wp\/v2\/comments?post=41031"}],"version-history":[{"count":0,"href":"https:\/\/mavideniz.com.tr\/fr\/wp-json\/wp\/v2\/pages\/41031\/revisions"}],"up":[{"embeddable":true,"href":"https:\/\/mavideniz.com.tr\/fr\/wp-json\/wp\/v2\/pages\/41017"}],"wp:attachment":[{"href":"https:\/\/mavideniz.com.tr\/fr\/wp-json\/wp\/v2\/media?parent=41031"}],"curies":[{"name":"wp","href":"https:\/\/api.w.org\/{rel}","templated":true}]}}