{"id":41036,"date":"2022-10-23T16:10:18","date_gmt":"2022-10-23T16:10:18","guid":{"rendered":"https:\/\/mavideniz.com.tr\/?page_id=41036"},"modified":"2022-10-23T16:10:23","modified_gmt":"2022-10-23T16:10:23","slug":"reservoir-auto-erectif","status":"publish","type":"page","link":"https:\/\/mavideniz.com.tr\/fr\/produits-industriels\/reservoirs-de-stockage-temporaires\/reservoir-auto-erectif\/","title":{"rendered":"R\u00e9servoir auto-\u00e9rectif"},"content":{"rendered":"\n<p>Le r\u00e9servoir auto-\u00e9l\u00e9vateur de Mavi Deniz est con\u00e7u pour le stockage temporaire des liquides r\u00e9cup\u00e9r\u00e9s pour les op\u00e9rations en r\u00e9ponse aux d\u00e9versements, le stockage d&rsquo;eau dans les chantiers de construction et les sites \u00e9loign\u00e9s, la lutte contre les incendies, la collecte de l&rsquo;eau de pluie, l&rsquo;irrigation goutte \u00e0 goutte, la s\u00e9paration de l&rsquo;eau d&rsquo;huile, le stockage liquide temporaire de l&rsquo;essence \/ diesel \/ huiles comestibles \/ produits chimiques.<\/p>\n<p>Disponibles en diff\u00e9rentes tailles, les r\u00e9servoirs de stockage sont l\u00e9gers, portables et rapidement assembl\u00e9s sans outils.<\/p>\n<p>Mavi Deniz Self Tank est un r\u00e9servoir pliable auto-\u00e9rigeant qui stocke de l&rsquo;huile, de l&rsquo;eau et d&rsquo;autres liquides.<\/p>\n<p>Le R\u00e9servoir auto-\u00e9l\u00e9vateur est pr\u00eat \u00e0 \u00eatre d\u00e9ploy\u00e9 \u00e0 tout moment, car ils se tiennent sans cadre gr\u00e2ce au collier flottant, qui monte lorsque le R\u00e9servoir est rempli. Ils comportent des poign\u00e9es en bas, permettant de positionner la base du R\u00e9servoir \u00e0 volont\u00e9.<\/p>\n<p>Le r\u00e9servoir auto-\u00e9recteur est fait d&rsquo;un mat\u00e9riau flexible et r\u00e9sistant \u00e0 l&rsquo;huile. Leur conception, leur tissu et leur proc\u00e9d\u00e9 de fabrication les rendent r\u00e9sistants et adapt\u00e9s \u00e0 une utilisation intensive.<\/p>\n<p>Les r\u00e9servoirs \u00e0 montage automatique peuvent \u00eatre repli\u00e9s pour faciliter le transport et le stockage. Ils fournissent dans un sac avec des poign\u00e9es, ce qui les rend faciles \u00e0 transporter et \u00e0 d\u00e9ployer. Les tailles standard sont disponibles de 3 m3 \u00e0 370 m3.<\/p>\n<p><strong>Caract\u00e9ristiques<\/strong><\/p>\n<ul>\n<li>Facilement transportable<\/li>\n<li>Pas de configuration de cadre, pas d&rsquo;assemblage n\u00e9cessaire<\/li>\n<li>Tissu en PVC \/ caoutchouc durable \u00e0 haute r\u00e9sistance<\/li>\n<li>Tr\u00e8s l\u00e9ger mais robuste<\/li>\n<li>Ces r\u00e9servoirs sont plus robustes et plus polyvalents que les r\u00e9servoirs en tissu \u00e0 cadre en aluminium.<\/li>\n<li>Accessoires en option, y compris les doublures, la toile de fond, les couvertures de toit, les \u00e9vents, les raccords de drainage, les kits de r\u00e9paration, les pi\u00e8ces de rechange et un sac de transport pour un transport facile<\/li>\n<\/ul>\n<div class=\"wptm_table tablesorter-bootstrap \" data-id=\"102\" data-hightlight=\"0\"><div class=\"wptm_buttons buttons_wptmTbl102\"><\/div><div class=\"wptmresponsive dataTables-wptmtable wptmtable \" id=\"wptmtable102\" data-tableid=\"wptmTbl102\"><table data-count-header=\"1\"  data-format-decimal_count=\"0\" data-format-decimal_symbol=\".\" data-format-symbol_position=\"0\" data-format-thousand_symbol=\",\"  data-format-currency_symbol=\"$\"  data-name-style=\"102_1759675279.css\" data-format=\"YYYY-MM-DD\" id=\"wptmTbl102\" data-id=\"102\" data-responsive=\"false\" data-hideCols=\"false\"  data-type=\"html\" data-paging=\"false\" data-searching=\"true\"  data-ordering=\"false\" data-table-breakpoint=\"980\" data-scroll-x=\"true\" data-scroll-collapse=\"true\" data-align=\"center\" data-range=\"[]\" data-hideColumn=\"[0,0,0,0,0,0,0]\"  data-colwidths=\"[162,162,162,162,162,162,162]\"  data-colwidths_desktop=[]  data-colwidths_tablet=[]  data-colwidths_mobile=[]  class=\"wptm_main_table  disablePager hideScrollHeader\"><colgroup><col data-dtr=\"0\" data-dtc=\"0\" class=\"dtc0\"><col data-dtr=\"0\" data-dtc=\"1\" class=\"dtc1\"><col data-dtr=\"0\" data-dtc=\"2\" class=\"dtc2\"><col data-dtr=\"0\" data-dtc=\"3\" class=\"dtc3\"><col data-dtr=\"0\" data-dtc=\"4\" class=\"dtc4\"><col data-dtr=\"0\" data-dtc=\"5\" class=\"dtc5\"><col data-dtr=\"0\" data-dtc=\"6\" class=\"dtc6\"><\/colgroup><thead><tr class=\"wptm-header-cells-index\"><th rowspan=\"1\" colspan=\"1\" data-dtr=\"0\" data-dtc=\"0\" class=\"dtr0 dtc0\"><\/th><th rowspan=\"1\" colspan=\"1\" data-dtr=\"0\" data-dtc=\"1\" class=\"dtr0 dtc1\"><\/th><th rowspan=\"1\" colspan=\"1\" data-dtr=\"0\" data-dtc=\"2\" class=\"dtr0 dtc2\"><\/th><th rowspan=\"1\" colspan=\"1\" data-dtr=\"0\" data-dtc=\"3\" class=\"dtr0 dtc3\"><\/th><th rowspan=\"1\" colspan=\"1\" data-dtr=\"0\" data-dtc=\"4\" class=\"dtr0 dtc4\"><\/th><th rowspan=\"1\" colspan=\"1\" data-dtr=\"0\" data-dtc=\"5\" class=\"dtr0 dtc5\"><\/th><th rowspan=\"1\" colspan=\"1\" data-dtr=\"0\" data-dtc=\"6\" class=\"dtr0 dtc6\"><\/th><\/tr><tr class=\" row0\"><th   data-priority=\"0\" class=\"dtr0 dtc0\"><\/th><th   data-priority=\"0\" class=\"dtr0 dtc1\">     Self Tank 1<\/th><th   data-priority=\"0\" class=\"dtr0 dtc2\">     Self Tank 3<\/th><th   data-priority=\"0\" class=\"dtr0 dtc3\">     Self Tank 5<\/th><th   data-priority=\"0\" class=\"dtr0 dtc4\">     Self Tank 10<\/th><th   data-priority=\"0\" class=\"dtr0 dtc5\">     Self Tank 25<\/th><th   data-priority=\"0\" class=\"dtr0 dtc6\">     Self Tank 50<\/th><\/thead><tbody><tr class=\" row1\"><td    class=\"dtr1 dtc0\">Capacity<\/td><td    class=\"dtr1 dtc1\">    3 m3<\/td><td    class=\"dtr1 dtc2\">    3 m3<\/td><td    class=\"dtr1 dtc3\">    5 m3<\/td><td    class=\"dtr1 dtc4\">    10 m3<\/td><td    class=\"dtr1 dtc5\">    25 m3<\/td><td    class=\"dtr1 dtc6\">    50 m3<\/td><\/tr><tr class=\" row2\"><td    class=\"dtr2 dtc0\">Diameter<\/td><td    class=\"dtr2 dtc1\">    1.92 m<\/td><td    class=\"dtr2 dtc2\">    2.1 m<\/td><td    class=\"dtr2 dtc3\">    3.1 m<\/td><td    class=\"dtr2 dtc4\">    4.4 m<\/td><td    class=\"dtr2 dtc5\">    6.9 m<\/td><td    class=\"dtr2 dtc6\">    9 m<\/td><\/tr><tr class=\" row3\"><td    class=\"dtr3 dtc0\">Height<\/td><td    class=\"dtr3 dtc1\">    0.44 m<\/td><td    class=\"dtr3 dtc2\">    0.52 m<\/td><td    class=\"dtr3 dtc3\">    0.84 m<\/td><td    class=\"dtr3 dtc4\">    0.84 m<\/td><td    class=\"dtr3 dtc5\">    0.84 m<\/td><td    class=\"dtr3 dtc6\">    0.96 m<\/td><\/tr><tr class=\" row4\"><td    class=\"dtr4 dtc0\">Weight<\/td><td    class=\"dtr4 dtc1\">    10 kg<\/td><td    class=\"dtr4 dtc2\">    35 kg<\/td><td    class=\"dtr4 dtc3\">    51 kg<\/td><td    class=\"dtr4 dtc4\">    80 kg<\/td><td    class=\"dtr4 dtc5\">    125 kg<\/td><td    class=\"dtr4 dtc6\">    300 kg<\/td><\/tr><\/tbody><tfoot><tr><td class=\"dtr4 dtc0\" style=\"height: 0;\"><\/td><td class=\"dtr4 dtc1\" style=\"height: 0;\"><\/td><td class=\"dtr4 dtc2\" style=\"height: 0;\"><\/td><td class=\"dtr4 dtc3\" style=\"height: 0;\"><\/td><td class=\"dtr4 dtc4\" style=\"height: 0;\"><\/td><td class=\"dtr4 dtc5\" style=\"height: 0;\"><\/td><td class=\"dtr4 dtc6\" style=\"height: 0;\"><\/td><\/tr><\/tfoot><\/table><\/div><style>#wptmtable102 .dataTables_wrapper > .dataTables_scroll {max-height:500px;overflow: auto;}<\/style><script>window.wptm_ajaxurl = 'https:\/\/mavideniz.com.tr\/wp-admin\/admin-ajax.php?juwpfisadmin=false&action=Wptm&'; window.wptm_front = 'https:\/\/mavideniz.com.tr\/wp-content\/plugins\/wp-table-manager\/app\/site\/assets\/'; window.wptm_style = 'https:\/\/mavideniz.com.tr\/wp-content\/uploads\/wptm\/';<\/script><\/div><style><\/style>\n","protected":false},"excerpt":{"rendered":"<p>Le r\u00e9servoir auto-\u00e9l\u00e9vateur de Mavi Deniz est con\u00e7u pour le stockage temporaire des liquides r\u00e9cup\u00e9r\u00e9s pour les op\u00e9rations en r\u00e9ponse [&hellip;]<\/p>\n","protected":false},"author":1,"featured_media":0,"parent":41017,"menu_order":0,"comment_status":"closed","ping_status":"closed","template":"","meta":{"site-sidebar-layout":"default","site-content-layout":"","ast-site-content-layout":"default","site-content-style":"default","site-sidebar-style":"default","ast-global-header-display":"","ast-banner-title-visibility":"","ast-main-header-display":"","ast-hfb-above-header-display":"","ast-hfb-below-header-display":"","ast-hfb-mobile-header-display":"","site-post-title":"","ast-breadcrumbs-content":"","ast-featured-img":"","footer-sml-layout":"","ast-disable-related-posts":"","theme-transparent-header-meta":"","adv-header-id-meta":"","stick-header-meta":"","header-above-stick-meta":"","header-main-stick-meta":"","header-below-stick-meta":"","astra-migrate-meta-layouts":"default","ast-page-background-enabled":"default","ast-page-background-meta":{"desktop":{"background-color":"var(--ast-global-color-5)","background-image":"","background-repeat":"repeat","background-position":"center center","background-size":"auto","background-attachment":"scroll","background-type":"","background-media":"","overlay-type":"","overlay-color":"","overlay-opacity":"","overlay-gradient":""},"tablet":{"background-color":"","background-image":"","background-repeat":"repeat","background-position":"center center","background-size":"auto","background-attachment":"scroll","background-type":"","background-media":"","overlay-type":"","overlay-color":"","overlay-opacity":"","overlay-gradient":""},"mobile":{"background-color":"","background-image":"","background-repeat":"repeat","background-position":"center center","background-size":"auto","background-attachment":"scroll","background-type":"","background-media":"","overlay-type":"","overlay-color":"","overlay-opacity":"","overlay-gradient":""}},"ast-content-background-meta":{"desktop":{"background-color":"var(--ast-global-color-4)","background-image":"","background-repeat":"repeat","background-position":"center center","background-size":"auto","background-attachment":"scroll","background-type":"","background-media":"","overlay-type":"","overlay-color":"","overlay-opacity":"","overlay-gradient":""},"tablet":{"background-color":"var(--ast-global-color-4)","background-image":"","background-repeat":"repeat","background-position":"center center","background-size":"auto","background-attachment":"scroll","background-type":"","background-media":"","overlay-type":"","overlay-color":"","overlay-opacity":"","overlay-gradient":""},"mobile":{"background-color":"var(--ast-global-color-4)","background-image":"","background-repeat":"repeat","background-position":"center center","background-size":"auto","background-attachment":"scroll","background-type":"","background-media":"","overlay-type":"","overlay-color":"","overlay-opacity":"","overlay-gradient":""}},"footnotes":""},"class_list":["post-41036","page","type-page","status-publish","hentry"],"_links":{"self":[{"href":"https:\/\/mavideniz.com.tr\/fr\/wp-json\/wp\/v2\/pages\/41036","targetHints":{"allow":["GET"]}}],"collection":[{"href":"https:\/\/mavideniz.com.tr\/fr\/wp-json\/wp\/v2\/pages"}],"about":[{"href":"https:\/\/mavideniz.com.tr\/fr\/wp-json\/wp\/v2\/types\/page"}],"author":[{"embeddable":true,"href":"https:\/\/mavideniz.com.tr\/fr\/wp-json\/wp\/v2\/users\/1"}],"replies":[{"embeddable":true,"href":"https:\/\/mavideniz.com.tr\/fr\/wp-json\/wp\/v2\/comments?post=41036"}],"version-history":[{"count":0,"href":"https:\/\/mavideniz.com.tr\/fr\/wp-json\/wp\/v2\/pages\/41036\/revisions"}],"up":[{"embeddable":true,"href":"https:\/\/mavideniz.com.tr\/fr\/wp-json\/wp\/v2\/pages\/41017"}],"wp:attachment":[{"href":"https:\/\/mavideniz.com.tr\/fr\/wp-json\/wp\/v2\/media?parent=41036"}],"curies":[{"name":"wp","href":"https:\/\/api.w.org\/{rel}","templated":true}]}}