{"id":41046,"date":"2022-10-23T16:15:41","date_gmt":"2022-10-23T16:15:41","guid":{"rendered":"https:\/\/mavideniz.com.tr\/?page_id=41046"},"modified":"2022-10-23T16:15:45","modified_gmt":"2022-10-23T16:15:45","slug":"systeme-daspiration-portatif","status":"publish","type":"page","link":"https:\/\/mavideniz.com.tr\/fr\/produits-industriels\/citerne-a-vide-remorque\/systeme-daspiration-portatif\/","title":{"rendered":"Syst\u00e8me d&rsquo;aspiration portatif"},"content":{"rendered":"\n<p>Mavi Deniz Mini Vac Syst\u00e8me d&rsquo;aspiration portable \u00e9limine les liquides, les solides et les boues de la terre ou de la mer. Le mini syst\u00e8me Vacuum est une m\u00e9thode innovante et \u00e9prouv\u00e9e de r\u00e9cup\u00e9ration des d\u00e9versements d&rsquo;hydrocarbures avec des unit\u00e9s mobiles tr\u00e8s efficaces. Le syst\u00e8me d&rsquo;aspiration portatif est con\u00e7u pour r\u00e9pondre aux besoins de d\u00e9versements de mat\u00e9riaux de petite et de grande taille. Le mini syst\u00e8me Vacuum est utilis\u00e9 pour r\u00e9cup\u00e9rer l&rsquo;huile \u00e9chou\u00e9e sur les plages, les foss\u00e9s, les routes et le sol, et apr\u00e8s cela, l&rsquo;huile est aspir\u00e9e dans le r\u00e9servoir ou le tambour \u00e0 roues.<\/p>\n<p><strong>Mini Vac &#8211; Syst\u00e8me D&rsquo;Aspiration Portable<\/strong><\/p>\n<ul>\n<li>Placer entre la t\u00eate d&rsquo;aspiration et le camion<\/li>\n<li>Les mati\u00e8res humides ou s\u00e8ches sont d\u00e9vi\u00e9es dans un f\u00fbt de 208 litres.<\/li>\n<li>Intercepte Les D\u00e9bris<\/li>\n<li>\u00c9conomise la contamination du camion \u00e0 vide<\/li>\n<li>R\u00e9duction des co\u00fbts de d\u00e9contamination<\/li>\n<\/ul>\n<p>Le syst\u00e8me Mini Vac est un syst\u00e8me modulaire unique pour le nettoyage des d\u00e9versements majeurs d&rsquo;hydrocarbures. MiniVac est con\u00e7u pour r\u00e9cup\u00e9rer tous les types de liquides, y compris les huiles tr\u00e8s visqueuses et les d\u00e9bris solides, \u00e0 5 cm. Le syst\u00e8me d&rsquo;aspiration portatif Mini Vac offre une performance de transport d&rsquo;air \u00e0 grande vitesse pour l&rsquo;\u00e9limination des liquides, des mauvaises herbes, des huiles \u00e9paisses, de l&rsquo;huile hydraulique, des boues, des solvants, des d\u00e9chets dangereux et des d\u00e9bris solides (roches, ciment, peinture en poudre, sable, verre, bois et feuilles) des sites industriels, des pipelines, des plages, des sites de forage, des drains, des routes, etc. Le syst\u00e8me Mini Vac est l\u00e9ger, surmontant les probl\u00e8mes de mobilit\u00e9 sur les rivages rocheux et d&rsquo;autres zones instables o\u00f9 les \u00e9cumeurs d&rsquo;huile ne fonctionneraient pas, les absorbants et la main-d&rsquo;oeuvre seraient co\u00fbteux \u00e0 r\u00e9cup\u00e9rer. Mavi Deniz Mini Vac Portable Vacuum System garantit un service de livraison mondial et des pi\u00e8ces de rechange \u00e0 court pr\u00e9avis. Des centaines de clients satisfaits utilisent des unit\u00e9s Mini Vac dans le monde entier pour aspirer une large gamme de d\u00e9chets liquides et solides dans plus de vingt pays.<\/p>\n<p><strong>CARACT\u00c9RISTIQUES<\/strong><\/p>\n<ul>\n<li>Le syst\u00e8me d&rsquo;aspiration portable est l\u00e9ger<\/li>\n<li>Syst\u00e8me d&rsquo;aspiration portable est simple \u00e0 utiliser pour une op\u00e9ration d&rsquo;une personne<\/li>\n<li>Syst\u00e8me d&rsquo;aspiration portable Convertit n&rsquo;importe quel tambour de 208 litres \u00e0 t\u00eate ouverte dans le conteneur de stockage<\/li>\n<li>Arr\u00eat automatique emp\u00eachant le d\u00e9bordement du tambour<\/li>\n<li>Remplissage des tambours<\/li>\n<li>Moins fragile que les t\u00eates \u00e0 vide avec flotteurs suspendus en dessous<\/li>\n<li>La quantit\u00e9 de vide aspir\u00e9 sur le tambour peut contr\u00f4ler<\/li>\n<li>Syst\u00e8me d&rsquo;aspiration portable Peut s&rsquo;adapter \u00e0 n&rsquo;importe quelle source d&rsquo;aspiration<\/li>\n<\/ul>\n<p><strong>Facultatif<\/strong><\/p>\n<ul>\n<li>Conteneur De Stockage<\/li>\n<li>Tr\u00e9mie \u00c0 Vide<\/li>\n<li>Rondelle Haute Pression<\/li>\n<li>Pi\u00e8ce De Rechange<\/li>\n<\/ul>\n<div class=\"wptm_table tablesorter-bootstrap \" data-id=\"109\" data-hightlight=\"0\"><div class=\"wptm_buttons buttons_wptmTbl109\"><\/div><div class=\"wptmresponsive dataTables-wptmtable wptmtable \" id=\"wptmtable109\" data-tableid=\"wptmTbl109\"><table data-count-header=\"1\"  data-format-decimal_count=\"0\" data-format-decimal_symbol=\".\" data-format-symbol_position=\"0\" data-format-thousand_symbol=\",\"  data-format-currency_symbol=\"$\"  data-name-style=\"109_1759679274.css\" data-format=\"YYYY-MM-DD\" id=\"wptmTbl109\" data-id=\"109\" data-responsive=\"false\" data-hideCols=\"false\"  data-type=\"html\" data-paging=\"false\" data-searching=\"true\"  data-ordering=\"false\" data-table-breakpoint=\"980\" data-scroll-x=\"true\" data-scroll-collapse=\"true\" data-align=\"center\" data-range=\"[]\" data-hideColumn=\"[0,0,0,0,0,0]\"  data-colwidths=\"[190,190,190,190,190,190]\"  data-colwidths_desktop=[]  data-colwidths_tablet=[]  data-colwidths_mobile=[]  class=\"wptm_main_table  disablePager hideScrollHeader\"><colgroup><col data-dtr=\"0\" data-dtc=\"0\" class=\"dtc0\"><col data-dtr=\"0\" data-dtc=\"1\" class=\"dtc1\"><col data-dtr=\"0\" data-dtc=\"2\" class=\"dtc2\"><col data-dtr=\"0\" data-dtc=\"3\" class=\"dtc3\"><col data-dtr=\"0\" data-dtc=\"4\" class=\"dtc4\"><col data-dtr=\"0\" data-dtc=\"5\" class=\"dtc5\"><\/colgroup><thead><tr class=\"wptm-header-cells-index\"><th rowspan=\"1\" colspan=\"1\" data-dtr=\"0\" data-dtc=\"0\" class=\"dtr0 dtc0\"><\/th><th rowspan=\"1\" colspan=\"1\" data-dtr=\"0\" data-dtc=\"1\" class=\"dtr0 dtc1\"><\/th><th rowspan=\"1\" colspan=\"1\" data-dtr=\"0\" data-dtc=\"2\" class=\"dtr0 dtc2\"><\/th><th rowspan=\"1\" colspan=\"1\" data-dtr=\"0\" data-dtc=\"3\" class=\"dtr0 dtc3\"><\/th><th rowspan=\"1\" colspan=\"1\" data-dtr=\"0\" data-dtc=\"4\" class=\"dtr0 dtc4\"><\/th><th rowspan=\"1\" colspan=\"1\" data-dtr=\"0\" data-dtc=\"5\" class=\"dtr0 dtc5\"><\/th><\/tr><tr class=\" row0\"><th   data-priority=\"0\" class=\"dtr0 dtc0\">-<\/th><th   data-priority=\"0\" class=\"dtr0 dtc1\">Mini Vac I<\/th><th   data-priority=\"0\" class=\"dtr0 dtc2\">Mini Vac II<\/th><th   data-priority=\"0\" class=\"dtr0 dtc3\">Mini Vac III<\/th><th   data-priority=\"0\" class=\"dtr0 dtc4\">Mini Vac IV<\/th><th   data-priority=\"0\" class=\"dtr0 dtc5\">Mini Vac V<\/th><\/thead><tbody><tr class=\" row1\"><td    class=\"dtr1 dtc0\"><\/td><td    class=\"dtr1 dtc1\"><\/td><td    class=\"dtr1 dtc2\"><\/td><td    class=\"dtr1 dtc3\"><\/td><td    class=\"dtr1 dtc4\"><\/td><td    class=\"dtr1 dtc5\"><\/td><\/tr><tr class=\" row2\"><td  colspan=\"6\"   class=\"dtr2 dtc0\">Power Unit & Blower<\/td><td  style=\"display: none\"   class=\"dtr2 dtc1\"><\/td><td  style=\"display: none\"   class=\"dtr2 dtc2\"><\/td><td  style=\"display: none\"   class=\"dtr2 dtc3\"><\/td><td  style=\"display: none\"   class=\"dtr2 dtc4\"><\/td><td  style=\"display: none\"   class=\"dtr2 dtc5\"><\/td><\/tr><tr class=\" row3\"><td    class=\"dtr3 dtc0\">Application<\/td><td    class=\"dtr3 dtc1\">Industrial and spill response<\/td><td    class=\"dtr3 dtc2\">Industrial and spill response<\/td><td    class=\"dtr3 dtc3\">Industrial and spill response<\/td><td    class=\"dtr3 dtc4\">Industrial and spill response<\/td><td    class=\"dtr3 dtc5\">Industrial and spill response<\/td><\/tr><tr class=\" row4\"><td    class=\"dtr4 dtc0\">Diesel Engine<\/td><td    class=\"dtr4 dtc1\">-<\/td><td    class=\"dtr4 dtc2\">-<\/td><td    class=\"dtr4 dtc3\">10 hp<\/td><td    class=\"dtr4 dtc4\">15 hp<\/td><td    class=\"dtr4 dtc5\">22 hp<\/td><\/tr><tr class=\" row5\"><td    class=\"dtr5 dtc0\">Electrical Engine<\/td><td    class=\"dtr5 dtc1\">5.5 kW<\/td><td    class=\"dtr5 dtc2\">7.5 kW<\/td><td    class=\"dtr5 dtc3\">-<\/td><td    class=\"dtr5 dtc4\">-<\/td><td    class=\"dtr5 dtc5\">-<\/td><\/tr><tr class=\" row6\"><td    class=\"dtr6 dtc0\">Max Vacuum  % (inHG)<\/td><td    class=\"dtr6 dtc1\">95% (28,5\u201d)<\/td><td    class=\"dtr6 dtc2\">95% (28,5\u201d)<\/td><td    class=\"dtr6 dtc3\">95% (28,5\u201d)<\/td><td    class=\"dtr6 dtc4\">95% (28,5\u201d)<\/td><td    class=\"dtr6 dtc5\">95% (28,5\u201d)<\/td><\/tr><tr class=\" row7\"><td    class=\"dtr7 dtc0\">Blower Displacement <\/td><td    class=\"dtr7 dtc1\">300 cfm<\/td><td    class=\"dtr7 dtc2\">315 cfm<\/td><td    class=\"dtr7 dtc3\">319 cfm<\/td><td    class=\"dtr7 dtc4\">322 cfm<\/td><td    class=\"dtr7 dtc5\">424 cfm<\/td><\/tr><tr class=\" row8\"><td    class=\"dtr8 dtc0\">Suction Hose<\/td><td    class=\"dtr8 dtc1\">2\"<\/td><td    class=\"dtr8 dtc2\">2\"<\/td><td    class=\"dtr8 dtc3\">2\"<\/td><td    class=\"dtr8 dtc4\">2\"<\/td><td    class=\"dtr8 dtc5\">2\"<\/td><\/tr><tr class=\" row9\"><td    class=\"dtr9 dtc0\">Cabin<\/td><td  colspan=\"5\"   class=\"dtr9 dtc1\">Open (Standard) - Tarpaulin (Optional) - Fully enclosed Insulated Nose Reduction (Optional) - Aluminum (Optional)<\/td><td  style=\"display: none\"   class=\"dtr9 dtc2\"><\/td><td  style=\"display: none\"   class=\"dtr9 dtc3\"><\/td><td  style=\"display: none\"   class=\"dtr9 dtc4\"><\/td><td  style=\"display: none\"   class=\"dtr9 dtc5\"><\/td><\/tr><tr class=\" row10\"><td    class=\"dtr10 dtc0\"><\/td><td    class=\"dtr10 dtc1\"><\/td><td    class=\"dtr10 dtc2\"><\/td><td    class=\"dtr10 dtc3\"><\/td><td    class=\"dtr10 dtc4\"><\/td><td    class=\"dtr10 dtc5\"><\/td><\/tr><tr class=\" row11\"><td  colspan=\"6\"   class=\"dtr11 dtc0\">Debris Tank<\/td><td  style=\"display: none\"   class=\"dtr11 dtc1\"><\/td><td  style=\"display: none\"   class=\"dtr11 dtc2\"><\/td><td  style=\"display: none\"   class=\"dtr11 dtc3\"><\/td><td  style=\"display: none\"   class=\"dtr11 dtc4\"><\/td><td  style=\"display: none\"   class=\"dtr11 dtc5\"><\/td><\/tr><tr class=\" row12\"><td    class=\"dtr12 dtc0\">Tank Capacity<\/td><td  colspan=\"5\"   class=\"dtr12 dtc1\">208 Ltre - 1 Drum (Standart) | 416 Ltre - 2 Drum (Optional)<\/td><td  style=\"display: none\"   class=\"dtr12 dtc2\"><\/td><td  style=\"display: none\"   class=\"dtr12 dtc3\"><\/td><td  style=\"display: none\"   class=\"dtr12 dtc4\"><\/td><td  style=\"display: none\"   class=\"dtr12 dtc5\"><\/td><\/tr><tr class=\" row13\"><td    class=\"dtr13 dtc0\">Tank Material<\/td><td  colspan=\"5\"   class=\"dtr13 dtc1\">Steel (Standard ) or Alumnum (Optional) or HDPE (Optional) or Stanless Steel (Optional)<\/td><td  style=\"display: none\"   class=\"dtr13 dtc2\"><\/td><td  style=\"display: none\"   class=\"dtr13 dtc3\"><\/td><td  style=\"display: none\"   class=\"dtr13 dtc4\"><\/td><td  style=\"display: none\"   class=\"dtr13 dtc5\"><\/td><\/tr><tr class=\" row14\"><td    class=\"dtr14 dtc0\">Tank Coating<\/td><td  colspan=\"5\"   class=\"dtr14 dtc1\">Exterior Coating (Standard) - Internal Coating (Optional)<\/td><td  style=\"display: none\"   class=\"dtr14 dtc2\"><\/td><td  style=\"display: none\"   class=\"dtr14 dtc3\"><\/td><td  style=\"display: none\"   class=\"dtr14 dtc4\"><\/td><td  style=\"display: none\"   class=\"dtr14 dtc5\"><\/td><\/tr><tr class=\" row15\"><td    class=\"dtr15 dtc0\">Vacuum Hooper<\/td><td  colspan=\"5\"   class=\"dtr15 dtc1\">Optional<\/td><td  style=\"display: none\"   class=\"dtr15 dtc2\"><\/td><td  style=\"display: none\"   class=\"dtr15 dtc3\"><\/td><td  style=\"display: none\"   class=\"dtr15 dtc4\"><\/td><td  style=\"display: none\"   class=\"dtr15 dtc5\"><\/td><\/tr><tr class=\" row16\"><td  colspan=\"6\"   class=\"dtr16 dtc0\"><\/td><td  style=\"display: none\"   class=\"dtr16 dtc1\"><\/td><td  style=\"display: none\"   class=\"dtr16 dtc2\"><\/td><td  style=\"display: none\"   class=\"dtr16 dtc3\"><\/td><td  style=\"display: none\"   class=\"dtr16 dtc4\"><\/td><td  style=\"display: none\"   class=\"dtr16 dtc5\"><\/td><\/tr><tr class=\" row17\"><td  colspan=\"6\"   class=\"dtr17 dtc0\">Water System<\/td><td  style=\"display: none\"   class=\"dtr17 dtc1\"><\/td><td  style=\"display: none\"   class=\"dtr17 dtc2\"><\/td><td  style=\"display: none\"   class=\"dtr17 dtc3\"><\/td><td  style=\"display: none\"   class=\"dtr17 dtc4\"><\/td><td  style=\"display: none\"   class=\"dtr17 dtc5\"><\/td><\/tr><tr class=\" row18\"><td    class=\"dtr18 dtc0\">High Pressure Washer Pump<\/td><td  colspan=\"5\"   class=\"dtr18 dtc1\">150 bar (Optional) | 240 bar (Optional)<\/td><td  style=\"display: none\"   class=\"dtr18 dtc2\"><\/td><td  style=\"display: none\"   class=\"dtr18 dtc3\"><\/td><td  style=\"display: none\"   class=\"dtr18 dtc4\"><\/td><td  style=\"display: none\"   class=\"dtr18 dtc5\"><\/td><\/tr><tr class=\" row19\"><td    class=\"dtr19 dtc0\">Pump Flow<\/td><td  colspan=\"5\"   class=\"dtr19 dtc1\">15 lt\/min (Optional) - 24 lt\/min (Optional)<\/td><td  style=\"display: none\"   class=\"dtr19 dtc2\"><\/td><td  style=\"display: none\"   class=\"dtr19 dtc3\"><\/td><td  style=\"display: none\"   class=\"dtr19 dtc4\"><\/td><td  style=\"display: none\"   class=\"dtr19 dtc5\"><\/td><\/tr><tr class=\" row20\"><td    class=\"dtr20 dtc0\">Fresh Water Tank Capacity<\/td><td  colspan=\"5\"   class=\"dtr20 dtc1\">100 lt \/ 250 lt \/ 500 lt \/ 1000 lt (Optional)<\/td><td  style=\"display: none\"   class=\"dtr20 dtc2\"><\/td><td  style=\"display: none\"   class=\"dtr20 dtc3\"><\/td><td  style=\"display: none\"   class=\"dtr20 dtc4\"><\/td><td  style=\"display: none\"   class=\"dtr20 dtc5\"><\/td><\/tr><tr class=\" row21\"><td    class=\"dtr21 dtc0\">Tank Material<\/td><td  colspan=\"5\"   class=\"dtr21 dtc1\">PE (Standard) - Steel (Optional) - Aluminum (Optional)<\/td><td  style=\"display: none\"   class=\"dtr21 dtc2\"><\/td><td  style=\"display: none\"   class=\"dtr21 dtc3\"><\/td><td  style=\"display: none\"   class=\"dtr21 dtc4\"><\/td><td  style=\"display: none\"   class=\"dtr21 dtc5\"><\/td><\/tr><tr class=\" row22\"><td    class=\"dtr22 dtc0\">Heater<\/td><td  colspan=\"5\"   class=\"dtr22 dtc1\">Use it for cleaning oil spills, frozen ground, and clay. (Optional)<\/td><td  style=\"display: none\"   class=\"dtr22 dtc2\"><\/td><td  style=\"display: none\"   class=\"dtr22 dtc3\"><\/td><td  style=\"display: none\"   class=\"dtr22 dtc4\"><\/td><td  style=\"display: none\"   class=\"dtr22 dtc5\"><\/td><\/tr><tr class=\" row23\"><td    class=\"dtr23 dtc0\">Hose Reel<\/td><td  colspan=\"5\"   class=\"dtr23 dtc1\">Optional<\/td><td  style=\"display: none\"   class=\"dtr23 dtc2\"><\/td><td  style=\"display: none\"   class=\"dtr23 dtc3\"><\/td><td  style=\"display: none\"   class=\"dtr23 dtc4\"><\/td><td  style=\"display: none\"   class=\"dtr23 dtc5\"><\/td><\/tr><tr class=\" row24\"><td  colspan=\"6\"   class=\"dtr24 dtc0\"><\/td><td  style=\"display: none\"   class=\"dtr24 dtc1\"><\/td><td  style=\"display: none\"   class=\"dtr24 dtc2\"><\/td><td  style=\"display: none\"   class=\"dtr24 dtc3\"><\/td><td  style=\"display: none\"   class=\"dtr24 dtc4\"><\/td><td  style=\"display: none\"   class=\"dtr24 dtc5\"><\/td><\/tr><tr class=\" row25\"><td  colspan=\"6\"   class=\"dtr25 dtc0\">Filtration System<\/td><td  style=\"display: none\"   class=\"dtr25 dtc1\"><\/td><td  style=\"display: none\"   class=\"dtr25 dtc2\"><\/td><td  style=\"display: none\"   class=\"dtr25 dtc3\"><\/td><td  style=\"display: none\"   class=\"dtr25 dtc4\"><\/td><td  style=\"display: none\"   class=\"dtr25 dtc5\"><\/td><\/tr><tr class=\" row26\"><td    class=\"dtr26 dtc0\">Shut off Valve<\/td><td  colspan=\"5\"   class=\"dtr26 dtc1\">Primary Liquid Level Float Ball (Standard)<\/td><td  style=\"display: none\"   class=\"dtr26 dtc2\"><\/td><td  style=\"display: none\"   class=\"dtr26 dtc3\"><\/td><td  style=\"display: none\"   class=\"dtr26 dtc4\"><\/td><td  style=\"display: none\"   class=\"dtr26 dtc5\"><\/td><\/tr><tr class=\" row27\"><td    class=\"dtr27 dtc0\">Cyclone Valve<\/td><td  colspan=\"5\"   class=\"dtr27 dtc1\">Primary Cyclone Filter (Optional)<\/td><td  style=\"display: none\"   class=\"dtr27 dtc2\"><\/td><td  style=\"display: none\"   class=\"dtr27 dtc3\"><\/td><td  style=\"display: none\"   class=\"dtr27 dtc4\"><\/td><td  style=\"display: none\"   class=\"dtr27 dtc5\"><\/td><\/tr><tr class=\" row28\"><td    class=\"dtr28 dtc0\">Bag House Filter<\/td><td  colspan=\"5\"   class=\"dtr28 dtc1\">Washable Polyester (Optional) - Polypropylene (Optional) - HEPA (Optional)<\/td><td  style=\"display: none\"   class=\"dtr28 dtc2\"><\/td><td  style=\"display: none\"   class=\"dtr28 dtc3\"><\/td><td  style=\"display: none\"   class=\"dtr28 dtc4\"><\/td><td  style=\"display: none\"   class=\"dtr28 dtc5\"><\/td><\/tr><tr class=\" row29\"><td    class=\"dtr29 dtc0\">Safety<\/td><td  colspan=\"5\"   class=\"dtr29 dtc1\">Pressure Release Valve (Optional) - Vacuum Relief Valve (Optional)<\/td><td  style=\"display: none\"   class=\"dtr29 dtc2\"><\/td><td  style=\"display: none\"   class=\"dtr29 dtc3\"><\/td><td  style=\"display: none\"   class=\"dtr29 dtc4\"><\/td><td  style=\"display: none\"   class=\"dtr29 dtc5\"><\/td><\/tr><tr class=\" row30\"><td  colspan=\"6\"   class=\"dtr30 dtc0\"><\/td><td  style=\"display: none\"   class=\"dtr30 dtc1\"><\/td><td  style=\"display: none\"   class=\"dtr30 dtc2\"><\/td><td  style=\"display: none\"   class=\"dtr30 dtc3\"><\/td><td  style=\"display: none\"   class=\"dtr30 dtc4\"><\/td><td  style=\"display: none\"   class=\"dtr30 dtc5\"><\/td><\/tr><tr class=\" row31\"><td  colspan=\"6\"   class=\"dtr31 dtc0\">Portable<\/td><td  style=\"display: none\"   class=\"dtr31 dtc1\"><\/td><td  style=\"display: none\"   class=\"dtr31 dtc2\"><\/td><td  style=\"display: none\"   class=\"dtr31 dtc3\"><\/td><td  style=\"display: none\"   class=\"dtr31 dtc4\"><\/td><td  style=\"display: none\"   class=\"dtr31 dtc5\"><\/td><\/tr><tr class=\" row32\"><td    class=\"dtr32 dtc0\">Wheels<\/td><td    class=\"dtr32 dtc1\">Standard<\/td><td    class=\"dtr32 dtc2\">Standard<\/td><td    class=\"dtr32 dtc3\">-<\/td><td    class=\"dtr32 dtc4\">-<\/td><td    class=\"dtr32 dtc5\">-<\/td><\/tr><tr class=\" row33\"><td    class=\"dtr33 dtc0\">Trailer<\/td><td    class=\"dtr33 dtc1\"><\/td><td    class=\"dtr33 dtc2\">-<\/td><td    class=\"dtr33 dtc3\">Standard<\/td><td    class=\"dtr33 dtc4\">Standard<\/td><td    class=\"dtr33 dtc5\">Standard<\/td><\/tr><tr class=\" row34\"><td    class=\"dtr34 dtc0\">Skid Mounted<\/td><td    class=\"dtr34 dtc1\">Optional<\/td><td    class=\"dtr34 dtc2\">Optional<\/td><td    class=\"dtr34 dtc3\">Optional<\/td><td    class=\"dtr34 dtc4\">Optional<\/td><td    class=\"dtr34 dtc5\">Optional<\/td><\/tr><tr class=\" row35\"><td    class=\"dtr35 dtc0\">Rubber Track<\/td><td    class=\"dtr35 dtc1\">-<\/td><td    class=\"dtr35 dtc2\">-<\/td><td    class=\"dtr35 dtc3\">Optional<\/td><td    class=\"dtr35 dtc4\">Optional<\/td><td    class=\"dtr35 dtc5\">Optional<\/td><\/tr><\/tbody><tfoot><tr><td class=\"dtr35 dtc0\" style=\"height: 0;\"><\/td><td class=\"dtr35 dtc1\" style=\"height: 0;\"><\/td><td class=\"dtr35 dtc2\" style=\"height: 0;\"><\/td><td class=\"dtr35 dtc3\" style=\"height: 0;\"><\/td><td class=\"dtr35 dtc4\" style=\"height: 0;\"><\/td><td class=\"dtr35 dtc5\" style=\"height: 0;\"><\/td><\/tr><\/tfoot><\/table><\/div><style>#wptmtable109 .dataTables_wrapper > .dataTables_scroll {max-height:700px;overflow: auto;}<\/style><script>window.wptm_ajaxurl = 'https:\/\/mavideniz.com.tr\/wp-admin\/admin-ajax.php?juwpfisadmin=false&action=Wptm&'; window.wptm_front = 'https:\/\/mavideniz.com.tr\/wp-content\/plugins\/wp-table-manager\/app\/site\/assets\/'; window.wptm_style = 'https:\/\/mavideniz.com.tr\/wp-content\/uploads\/wptm\/';<\/script><\/div><style><\/style>\n","protected":false},"excerpt":{"rendered":"<p>Mavi Deniz Mini Vac Syst\u00e8me d&rsquo;aspiration portable \u00e9limine les liquides, les solides et les boues de la terre ou de [&hellip;]<\/p>\n","protected":false},"author":1,"featured_media":0,"parent":41041,"menu_order":0,"comment_status":"closed","ping_status":"closed","template":"","meta":{"site-sidebar-layout":"default","site-content-layout":"","ast-site-content-layout":"default","site-content-style":"default","site-sidebar-style":"default","ast-global-header-display":"","ast-banner-title-visibility":"","ast-main-header-display":"","ast-hfb-above-header-display":"","ast-hfb-below-header-display":"","ast-hfb-mobile-header-display":"","site-post-title":"","ast-breadcrumbs-content":"","ast-featured-img":"","footer-sml-layout":"","ast-disable-related-posts":"","theme-transparent-header-meta":"","adv-header-id-meta":"","stick-header-meta":"","header-above-stick-meta":"","header-main-stick-meta":"","header-below-stick-meta":"","astra-migrate-meta-layouts":"default","ast-page-background-enabled":"default","ast-page-background-meta":{"desktop":{"background-color":"var(--ast-global-color-5)","background-image":"","background-repeat":"repeat","background-position":"center center","background-size":"auto","background-attachment":"scroll","background-type":"","background-media":"","overlay-type":"","overlay-color":"","overlay-opacity":"","overlay-gradient":""},"tablet":{"background-color":"","background-image":"","background-repeat":"repeat","background-position":"center center","background-size":"auto","background-attachment":"scroll","background-type":"","background-media":"","overlay-type":"","overlay-color":"","overlay-opacity":"","overlay-gradient":""},"mobile":{"background-color":"","background-image":"","background-repeat":"repeat","background-position":"center center","background-size":"auto","background-attachment":"scroll","background-type":"","background-media":"","overlay-type":"","overlay-color":"","overlay-opacity":"","overlay-gradient":""}},"ast-content-background-meta":{"desktop":{"background-color":"var(--ast-global-color-4)","background-image":"","background-repeat":"repeat","background-position":"center center","background-size":"auto","background-attachment":"scroll","background-type":"","background-media":"","overlay-type":"","overlay-color":"","overlay-opacity":"","overlay-gradient":""},"tablet":{"background-color":"var(--ast-global-color-4)","background-image":"","background-repeat":"repeat","background-position":"center center","background-size":"auto","background-attachment":"scroll","background-type":"","background-media":"","overlay-type":"","overlay-color":"","overlay-opacity":"","overlay-gradient":""},"mobile":{"background-color":"var(--ast-global-color-4)","background-image":"","background-repeat":"repeat","background-position":"center center","background-size":"auto","background-attachment":"scroll","background-type":"","background-media":"","overlay-type":"","overlay-color":"","overlay-opacity":"","overlay-gradient":""}},"footnotes":""},"class_list":["post-41046","page","type-page","status-publish","hentry"],"_links":{"self":[{"href":"https:\/\/mavideniz.com.tr\/fr\/wp-json\/wp\/v2\/pages\/41046","targetHints":{"allow":["GET"]}}],"collection":[{"href":"https:\/\/mavideniz.com.tr\/fr\/wp-json\/wp\/v2\/pages"}],"about":[{"href":"https:\/\/mavideniz.com.tr\/fr\/wp-json\/wp\/v2\/types\/page"}],"author":[{"embeddable":true,"href":"https:\/\/mavideniz.com.tr\/fr\/wp-json\/wp\/v2\/users\/1"}],"replies":[{"embeddable":true,"href":"https:\/\/mavideniz.com.tr\/fr\/wp-json\/wp\/v2\/comments?post=41046"}],"version-history":[{"count":0,"href":"https:\/\/mavideniz.com.tr\/fr\/wp-json\/wp\/v2\/pages\/41046\/revisions"}],"up":[{"embeddable":true,"href":"https:\/\/mavideniz.com.tr\/fr\/wp-json\/wp\/v2\/pages\/41041"}],"wp:attachment":[{"href":"https:\/\/mavideniz.com.tr\/fr\/wp-json\/wp\/v2\/media?parent=41046"}],"curies":[{"name":"wp","href":"https:\/\/api.w.org\/{rel}","templated":true}]}}