{"id":41072,"date":"2022-10-23T16:50:37","date_gmt":"2022-10-23T16:50:37","guid":{"rendered":"https:\/\/mavideniz.com.tr\/?page_id=41072"},"modified":"2022-10-23T16:50:41","modified_gmt":"2022-10-23T16:50:41","slug":"machine-amphibie","status":"publish","type":"page","link":"https:\/\/mavideniz.com.tr\/fr\/navires-bateaux\/amphibie\/machine-amphibie\/","title":{"rendered":"Machine amphibie"},"content":{"rendered":"\n<p>La machine amphibie Mavideniz a \u00e9t\u00e9 appr\u00e9ci\u00e9e dans le monde entier depuis que la premi\u00e8re machine a \u00e9t\u00e9 export\u00e9e en 2003. Cette machine Amphibious, combin\u00e9e \u00e0 une vaste gamme d&rsquo;accessoires, a rendu Amphibex unique sur le march\u00e9. Amphibex peut couper et recueillir les mauvaises herbes aquatiques et la croissance des roseaux, draguer, excaver, nettoyer les d\u00e9versements d&rsquo;hydrocarbures, et bien plus encore avec une large gamme d&rsquo;outils faciles \u00e0 installer. La nature amphibie de l&rsquo;Amphibex, combin\u00e9e \u00e0 une faible pression au sol, lui permet d&rsquo;op\u00e9rer dans des zones sensibles sans endommager l&rsquo;environnement.<\/p>\n<p>Cette machine amphibie est id\u00e9ale pour travailler sur les r\u00e9serves fauniques, les terrains de golf et autres zones sensibles habituellement inaccessibles aux machines conventionnelles. Voyager de la terre \u00e0 l&rsquo;eau est un excellent atout dans la gestion de la conservation des zones humides. La direction \u00e0 manette sensible d&rsquo;Amphibex donne \u00e0 l&rsquo;op\u00e9rateur un contr\u00f4le parfait dans les canaux \u00e9troits et pr\u00e8s des obstacles.<\/p>\n<p>La machine amphibie peut rapidement tourner sur son axe. L&rsquo;Amphibex s&rsquo;arr\u00eatera \u00e0 moins d&rsquo;un demi-m\u00e8tre de la pleine vitesse.<\/p>\n<p>Le support AM sur le bras de levage de la machine permet \u00e0 l&rsquo;op\u00e9rateur de changer d&rsquo;outil rapidement et facilement. Une personne peut facilement manipuler la machine. Amphibious Machine est con\u00e7u pour \u00ab marcher \u00bb sur et hors d&rsquo;une remorque routi\u00e8re rendant le transport tr\u00e8s rentable.<\/p>\n<p><strong>Cette machine amphibie peut fonctionner dans n&rsquo;importe quelle profondeur d&rsquo;eau, uniquement de z\u00e9ro \u00e0 une profondeur illimit\u00e9e.<\/strong><\/p>\n<ul>\n<li>Coupe de mauvaises herbes (jusqu&rsquo;\u00e0 une profondeur d&rsquo;environ 2,2 m)<\/li>\n<li>Coupe de roseaux sur berges et \u00e0 des profondeurs d&rsquo;eau allant jusqu&rsquo;\u00e0 2m<\/li>\n<li>D\u00e9coupe et reformage des berges<\/li>\n<li>Travaux d&rsquo;excavation et de dragage mineur, et<\/li>\n<li>R\u00e9colte flottante des mauvaises herbes.<\/li>\n<\/ul>\n<p>La machine amphibie est con\u00e7ue pour entretenir et restaurer les ports, les marinas, les canaux, les voies navigables, les marais, les \u00e9tangs, les barrages, les terres inond\u00e9es, etc.<\/p>\n<p>L&rsquo;\u00e9quipement facile \u00e0 connecter facilite l&rsquo;installation rapide de la bo\u00eete \u00e0 outils appropri\u00e9e, transformant la machine en drague, tondeuse, moissonneuse ou excavatrice en quelques minutes.<\/p>\n<p>Il est enti\u00e8rement multifonctionnel, permettant \u00e0 Harbour Clean d&rsquo;exploiter pleinement le potentiel de la machine.<\/p>\n<p><strong>Cette machine amphibie peut utiliser pour diverses op\u00e9rations :<\/strong><\/p>\n<ul>\n<li>Tonte et r\u00e9colte<\/li>\n<li>Dragage<\/li>\n<li>Excavation<\/li>\n<li>Nettoyage des d\u00e9versements d&rsquo;hydrocarbures<\/li>\n<li>Entretien du site marin<\/li>\n<\/ul>\n<p>Cette machine amphibie peut \u00eatre utilis\u00e9e \u00e0 la fois sur terre et dans l&rsquo;eau. La machine amphibie est tr\u00e8s maniable et peut tourner sur son axe dans l&rsquo;eau. Il est donc id\u00e9al pour une utilisation dans les zones de marais inaccessibles et les eaux peu profondes.<\/p>\n<p>Sa r\u00e9partition l\u00e9g\u00e8re sur deux grandes pistes est adapt\u00e9e aux zones sensibles telles que les parcs, les jardins cultiv\u00e9s et les terrains de golf. La pression minimale au sol de la machine amphibie n&rsquo;entra\u00eene pratiquement aucun dommage au substrat pendant le fonctionnement.<\/p>\n<p><strong>Accessoires<\/strong><\/p>\n<p>Selon le type de travail, les outils appropri\u00e9s sont fix\u00e9s au bras gauche ou, le cas \u00e9ch\u00e9ant, directement coupl\u00e9s \u00e0 l&rsquo;hydraulique du navire.<\/p>\n<p>La machine amphibie est \u00e9quip\u00e9e de ;<\/p>\n<ul>\n<li>Diff\u00e9rents couteaux pour faucher<\/li>\n<li>R\u00e2teaux pour le nettoyage\/la collecte du mat\u00e9riau coup\u00e9<\/li>\n<li>\u00c9cr\u00e9meuse pour la mar\u00e9e noire ou les algues bleues<\/li>\n<li>Pompe de dragage pour dragage<\/li>\n<li>Unit\u00e9 d&rsquo;excavation avec diff\u00e9rents godets pour le dragage, la restauration des berges, la manutention des mat\u00e9riaux, etc.<\/li>\n<\/ul>\n<p>Nous proposons trois mod\u00e8les Amphibex, chacun avec diff\u00e9rents moteurs, syst\u00e8mes hydrauliques et accessoires. Amphibex a un syst\u00e8me hydraulique hydrostatique. Les Amphibex AM 4700, 5000 et 5500 disposent d&rsquo;un syst\u00e8me de d\u00e9tection de charge qui fournit plus de puissance aux outils exigeants comme les pompes, les broyeurs et les broyeurs.<\/p>\n<p>L&rsquo;Organisation maritime internationale a annonc\u00e9 une strat\u00e9gie visant \u00e0 r\u00e9duire \u00e0 z\u00e9ro les \u00e9missions de gaz \u00e0 effet de serre (GES) d&rsquo;ici la fin du si\u00e8cle, et la r\u00e9glementation du milieu marin a \u00e9t\u00e9 resserr\u00e9e partout dans le monde. La mise en oeuvre de zones de contr\u00f4le des \u00e9missions a commenc\u00e9 \u00e0 affecter les op\u00e9rations des navires. Mavi Deniz a lanc\u00e9 avec succ\u00e8s de nouvelles r\u00e9glementations de contr\u00f4le des \u00e9missions en d\u00e9veloppant des solutions bicarburant et des technologies d&rsquo;\u00e9nergie verte plus propres. Les options d&rsquo;\u00e9nergie verte de Mavi Deniz ; le syst\u00e8me d&rsquo;\u00e9nergie solaire, le syst\u00e8me d&rsquo;alimentation par batterie, le syst\u00e8me de pile \u00e0 combustible \u00e0 hydrog\u00e8ne et le syst\u00e8me de GPL peuvent s&rsquo;int\u00e9grer enti\u00e8rement dans la machine amphibie, y compris l&rsquo;\u00e9quipement de pont et le syst\u00e8me de propulsion.<\/p>\n<p><strong>Options d&rsquo;alimentation verte de machine amphibie<\/strong><\/p>\n<ul>\n<li>Propuls\u00e9 par le syst\u00e8me d&rsquo;\u00e9nergie solaire<\/li>\n<li>Aliment\u00e9 par un syst\u00e8me d&rsquo;alimentation par batterie<\/li>\n<li>Aliment\u00e9 par un syst\u00e8me de pile \u00e0 combustible \u00e0 hydrog\u00e8ne<\/li>\n<li>Aliment\u00e9 par un syst\u00e8me GPL<\/li>\n<\/ul>\n<p><strong>\u00c9quipement optionnel<\/strong><\/p>\n<ul>\n<li>Entra\u00eenement par h\u00e9lice<\/li>\n<li>Remorque<\/li>\n<li>Syst\u00e8me de pulv\u00e9risation<\/li>\n<li>Engrenage \u00e0 cha\u00eene<\/li>\n<li>Lit de transport<\/li>\n<li>Unit\u00e9s de coupe<\/li>\n<li>R\u00e2teaux de collecte<\/li>\n<li>Unit\u00e9 d&rsquo;excavation<\/li>\n<li>Pompe de dragage<\/li>\n<li>\u00c9quipement de d\u00e9versement de p\u00e9trole<\/li>\n<li>Coupe-Bois<\/li>\n<li>Miller<\/li>\n<li>Marteau Hydraulique<\/li>\n<li>Remorque<\/li>\n<\/ul>\n<div class=\"wptm_table tablesorter-bootstrap \" data-id=\"85\" data-hightlight=\"0\"><div class=\"wptm_buttons buttons_wptmTbl85\"><\/div><div class=\"wptmresponsive dataTables-wptmtable wptmtable \" id=\"wptmtable85\" data-tableid=\"wptmTbl85\"><table data-count-header=\"1\"  data-format-decimal_count=\"0\" data-format-decimal_symbol=\".\" data-format-symbol_position=\"0\" data-format-thousand_symbol=\",\"  data-format-currency_symbol=\"$\"  data-name-style=\"85_1614517810.css\" data-format=\"mm\/dd\/yyyy\" id=\"wptmTbl85\" data-id=\"85\" data-responsive=\"false\" data-hideCols=\"false\"  data-type=\"html\" data-paging=\"false\" data-searching=\"true\"  data-ordering=\"false\" data-table-breakpoint=\"980\" data-scroll-x=\"true\" data-scroll-collapse=\"true\" data-align=\"center\" data-range=\"[]\" data-hideColumn=\"[0,0,0,0]\" data-colwidths=\"[280,280,280,280]\" class=\"wptm_main_table  disablePager hideScrollHeader\"><colgroup><col data-dtr=\"0\" data-dtc=\"0\" class=\"dtc0\"><col data-dtr=\"0\" data-dtc=\"1\" class=\"dtc1\"><col data-dtr=\"0\" data-dtc=\"2\" class=\"dtc2\"><col data-dtr=\"0\" data-dtc=\"3\" class=\"dtc3\"><\/colgroup><thead><tr class=\"wptm-header-cells-index dnone\"><th rowspan=\"1\" colspan=\"1\" data-dtr=\"0\" data-dtc=\"0\" class=\"dtr0 dtc0\"><\/th><th rowspan=\"1\" colspan=\"1\" data-dtr=\"0\" data-dtc=\"1\" class=\"dtr0 dtc1\"><\/th><th rowspan=\"1\" colspan=\"1\" data-dtr=\"0\" data-dtc=\"2\" class=\"dtr0 dtc2\"><\/th><th rowspan=\"1\" colspan=\"1\" data-dtr=\"0\" data-dtc=\"3\" class=\"dtr0 dtc3\"><\/th><\/tr><tr class=\" row0\"><th   data-priority=\"0\" class=\"dtr0 dtc0\"><\/th><th   data-priority=\"0\" class=\"dtr0 dtc1\">AM 4700<\/th><th   data-priority=\"0\" class=\"dtr0 dtc2\">AM 5000<\/th><th   data-priority=\"0\" class=\"dtr0 dtc3\">AM 5500<\/th><\/thead><tbody><tr class=\" row1\"><td    class=\"dtr1 dtc0\">Lenght<\/td><td    class=\"dtr1 dtc1\">4.7 m<\/td><td    class=\"dtr1 dtc2\">4.7 m<\/td><td    class=\"dtr1 dtc3\">4.7 m<\/td><\/tr><tr class=\" row2\"><td    class=\"dtr2 dtc0\">Width<\/td><td    class=\"dtr2 dtc1\">2.1 m<\/td><td    class=\"dtr2 dtc2\">2.1 m<\/td><td    class=\"dtr2 dtc3\">2.1 m<\/td><\/tr><tr class=\" row3\"><td    class=\"dtr3 dtc0\">Height<\/td><td    class=\"dtr3 dtc1\">2.1 m<\/td><td    class=\"dtr3 dtc2\">2.1 m<\/td><td    class=\"dtr3 dtc3\">2.1 m<\/td><\/tr><tr class=\" row4\"><td    class=\"dtr4 dtc0\">Weight<\/td><td    class=\"dtr4 dtc1\">1370 kg<\/td><td    class=\"dtr4 dtc2\">1400 kg<\/td><td    class=\"dtr4 dtc3\">2400 kg<\/td><\/tr><tr class=\" row5\"><td    class=\"dtr5 dtc0\">Engine<\/td><td    class=\"dtr5 dtc1\">Water Cooled Diesel, 33 HP<\/td><td    class=\"dtr5 dtc2\">Water Cooled Diesel, 45 HP<\/td><td    class=\"dtr5 dtc3\">Water Cooled Diesel, 74 HP<\/td><\/tr><tr class=\" row6\"><td    class=\"dtr6 dtc0\">Hydraulic Oil Tank Capacity<\/td><td    class=\"dtr6 dtc1\">60 lt<\/td><td    class=\"dtr6 dtc2\">70 lt<\/td><td    class=\"dtr6 dtc3\">100 lt<\/td><\/tr><tr class=\" row7\"><td    class=\"dtr7 dtc0\">Fuel Capacity<\/td><td    class=\"dtr7 dtc1\">20 lt<\/td><td    class=\"dtr7 dtc2\">25 lt<\/td><td    class=\"dtr7 dtc3\">50 lt<\/td><\/tr><tr class=\" row8\"><td    class=\"dtr8 dtc0\">Lifting Capacity<\/td><td    class=\"dtr8 dtc1\">250 kg<\/td><td    class=\"dtr8 dtc2\">250 kg<\/td><td    class=\"dtr8 dtc3\">500 kg<\/td><\/tr><tr class=\" row9\"><td    class=\"dtr9 dtc0\">Speed<\/td><td    class=\"dtr9 dtc1\">Max 4 - 3 mph<\/td><td    class=\"dtr9 dtc2\">Max 4 - 3 mph<\/td><td    class=\"dtr9 dtc3\">Max 4 - 3 mph<\/td><\/tr><tr class=\" row10\"><td    class=\"dtr10 dtc0\">Track System<\/td><td    class=\"dtr10 dtc1\">Rubber Paddle Track (Standard)<\/td><td    class=\"dtr10 dtc2\">Rubber Paddle Track (Standard)<\/td><td    class=\"dtr10 dtc3\">Rubber Paddle Track (Standard) <br \/>\nWheel Tire Drive (Optional)<\/td><\/tr><tr class=\" row11\"><td    class=\"dtr11 dtc0\">Electrical System<\/td><td    class=\"dtr11 dtc1\">12 Volt<\/td><td    class=\"dtr11 dtc2\">12 Volt<\/td><td    class=\"dtr11 dtc3\">12 Volt<\/td><\/tr><tr class=\" row12\"><td    class=\"dtr12 dtc0\">Joysticks<\/td><td    class=\"dtr12 dtc1\">Left + Right ( Forward - Reverse )<\/td><td    class=\"dtr12 dtc2\">Left + Right ( Forward - Reverse )<\/td><td    class=\"dtr12 dtc3\">Left + Right ( Forward - Reverse )<\/td><\/tr><tr class=\" row13\"><td    class=\"dtr13 dtc0\">Material<\/td><td    class=\"dtr13 dtc1\">Aluminum<\/td><td    class=\"dtr13 dtc2\">Aluminum<\/td><td    class=\"dtr13 dtc3\">Aluminum<\/td><\/tr><\/tbody><tfoot><tr><td class=\"dtr13 dtc0\" style=\"height: 0;\"><\/td><td class=\"dtr13 dtc1\" style=\"height: 0;\"><\/td><td class=\"dtr13 dtc2\" style=\"height: 0;\"><\/td><td class=\"dtr13 dtc3\" style=\"height: 0;\"><\/td><\/tr><\/tfoot><\/table><\/div><style>#wptmtable85 .dataTables_wrapper > .dataTables_scroll {max-height: unset;overflow: auto;}<\/style><script>window.wptm_ajaxurl = 'https:\/\/mavideniz.com.tr\/wp-admin\/admin-ajax.php?juwpfisadmin=false&action=Wptm&'; window.wptm_front = 'https:\/\/mavideniz.com.tr\/wp-content\/plugins\/wp-table-manager\/app\/site\/assets\/'; window.wptm_style = 'https:\/\/mavideniz.com.tr\/wp-content\/uploads\/wptm\/';<\/script><\/div><style><\/style>\n","protected":false},"excerpt":{"rendered":"<p>La machine amphibie Mavideniz a \u00e9t\u00e9 appr\u00e9ci\u00e9e dans le monde entier depuis que la premi\u00e8re machine a \u00e9t\u00e9 export\u00e9e en [&hellip;]<\/p>\n","protected":false},"author":1,"featured_media":0,"parent":41066,"menu_order":0,"comment_status":"closed","ping_status":"closed","template":"","meta":{"site-sidebar-layout":"default","site-content-layout":"","ast-site-content-layout":"default","site-content-style":"default","site-sidebar-style":"default","ast-global-header-display":"","ast-banner-title-visibility":"","ast-main-header-display":"","ast-hfb-above-header-display":"","ast-hfb-below-header-display":"","ast-hfb-mobile-header-display":"","site-post-title":"","ast-breadcrumbs-content":"","ast-featured-img":"","footer-sml-layout":"","ast-disable-related-posts":"","theme-transparent-header-meta":"","adv-header-id-meta":"","stick-header-meta":"","header-above-stick-meta":"","header-main-stick-meta":"","header-below-stick-meta":"","astra-migrate-meta-layouts":"default","ast-page-background-enabled":"default","ast-page-background-meta":{"desktop":{"background-color":"var(--ast-global-color-5)","background-image":"","background-repeat":"repeat","background-position":"center center","background-size":"auto","background-attachment":"scroll","background-type":"","background-media":"","overlay-type":"","overlay-color":"","overlay-opacity":"","overlay-gradient":""},"tablet":{"background-color":"","background-image":"","background-repeat":"repeat","background-position":"center center","background-size":"auto","background-attachment":"scroll","background-type":"","background-media":"","overlay-type":"","overlay-color":"","overlay-opacity":"","overlay-gradient":""},"mobile":{"background-color":"","background-image":"","background-repeat":"repeat","background-position":"center center","background-size":"auto","background-attachment":"scroll","background-type":"","background-media":"","overlay-type":"","overlay-color":"","overlay-opacity":"","overlay-gradient":""}},"ast-content-background-meta":{"desktop":{"background-color":"var(--ast-global-color-4)","background-image":"","background-repeat":"repeat","background-position":"center center","background-size":"auto","background-attachment":"scroll","background-type":"","background-media":"","overlay-type":"","overlay-color":"","overlay-opacity":"","overlay-gradient":""},"tablet":{"background-color":"var(--ast-global-color-4)","background-image":"","background-repeat":"repeat","background-position":"center center","background-size":"auto","background-attachment":"scroll","background-type":"","background-media":"","overlay-type":"","overlay-color":"","overlay-opacity":"","overlay-gradient":""},"mobile":{"background-color":"var(--ast-global-color-4)","background-image":"","background-repeat":"repeat","background-position":"center center","background-size":"auto","background-attachment":"scroll","background-type":"","background-media":"","overlay-type":"","overlay-color":"","overlay-opacity":"","overlay-gradient":""}},"footnotes":""},"class_list":["post-41072","page","type-page","status-publish","hentry"],"_links":{"self":[{"href":"https:\/\/mavideniz.com.tr\/fr\/wp-json\/wp\/v2\/pages\/41072","targetHints":{"allow":["GET"]}}],"collection":[{"href":"https:\/\/mavideniz.com.tr\/fr\/wp-json\/wp\/v2\/pages"}],"about":[{"href":"https:\/\/mavideniz.com.tr\/fr\/wp-json\/wp\/v2\/types\/page"}],"author":[{"embeddable":true,"href":"https:\/\/mavideniz.com.tr\/fr\/wp-json\/wp\/v2\/users\/1"}],"replies":[{"embeddable":true,"href":"https:\/\/mavideniz.com.tr\/fr\/wp-json\/wp\/v2\/comments?post=41072"}],"version-history":[{"count":0,"href":"https:\/\/mavideniz.com.tr\/fr\/wp-json\/wp\/v2\/pages\/41072\/revisions"}],"up":[{"embeddable":true,"href":"https:\/\/mavideniz.com.tr\/fr\/wp-json\/wp\/v2\/pages\/41066"}],"wp:attachment":[{"href":"https:\/\/mavideniz.com.tr\/fr\/wp-json\/wp\/v2\/media?parent=41072"}],"curies":[{"name":"wp","href":"https:\/\/api.w.org\/{rel}","templated":true}]}}