{"id":41076,"date":"2022-10-23T16:52:47","date_gmt":"2022-10-23T16:52:47","guid":{"rendered":"https:\/\/mavideniz.com.tr\/?page_id=41076"},"modified":"2022-10-23T16:52:50","modified_gmt":"2022-10-23T16:52:50","slug":"peniche-de-debarquement","status":"publish","type":"page","link":"https:\/\/mavideniz.com.tr\/fr\/navires-bateaux\/amphibie\/peniche-de-debarquement\/","title":{"rendered":"P\u00e9niche de d\u00e9barquement"},"content":{"rendered":"\n<p>Le Mavi Deniz Landing Craft est con\u00e7u en fonction de l&rsquo;armateur, des exigences de classe et des op\u00e9rations de pavillon. Landing Craft est adapt\u00e9 pour les travaux professionnels, le transport, l&rsquo;intervention en cas de d\u00e9versement d&rsquo;hydrocarbures, les lev\u00e9s, la plong\u00e9e, la recherche halieutique et les op\u00e9rations militaires. Landing Craft est une plate-forme hautement manoeuvrable, et un faible tirant d&rsquo;eau est en cours. Le mat\u00e9riau Landing Craft est en aluminium ou en acier.<\/p>\n<p>La conception peut \u00eatre modifi\u00e9e pour r\u00e9pondre aux exigences de l&rsquo;armateur avec &#8211; sans cabine + plong\u00e9e + piscine de lune + canon de feu + crochet de remorquage + traction de bollard, capacit\u00e9 de pont de cargaison + A-Frame + Davit + treuils + grue + aile + g\u00e9n\u00e9rateur + ancrage + stockage + c\u00f4t\u00e9 &#8211; porte d&rsquo;\u00e9trave + int\u00e9rieur ou design ext\u00e9rieur.<\/p>\n<p>Landing Craft peut \u00eatre aliment\u00e9 avec n&rsquo;importe quel syst\u00e8me de propulsion ; mono ou bimoteur, in-board-outboard, sterndrive, jet d&rsquo;eau, ou h\u00e9lice \u00e0 pas fixe.<\/p>\n<p>Apr\u00e8s avoir livr\u00e9 le navire, vous verrez la m\u00eame performance et la qualit\u00e9 des ann\u00e9es et des ann\u00e9es plus tard, pas chang\u00e9 ; il y a une raison de capturer la performance et la qualit\u00e9. Nous ne choisissons pas des produits bon march\u00e9 ; nous choisissons le meilleur mat\u00e9riel et les meilleurs produits pour construire le bateau de d\u00e9barquement + bateau de d\u00e9barquement et s\u00e9lectionnons les meilleurs ouvriers et ing\u00e9nieurs. Nous pouvons organiser les conceptions pour votre profil op\u00e9rationnel et vos besoins.<\/p>\n<p><strong>Caract\u00e9ristiques<\/strong><\/p>\n<ul>\n<li>Bateau de d\u00e9barquement + bateau de d\u00e9barquement, id\u00e9al pour les op\u00e9rations dans les terminaux marins, les ports et les rivi\u00e8res.<\/li>\n<li>Landing Craft, Construction enti\u00e8rement soud\u00e9e en aluminium de qualit\u00e9 marine.<\/li>\n<li>Landing Craft dispose d&rsquo;une grande plate-forme plate pour la capacit\u00e9 de cargaison.<\/li>\n<li>Rampe d&rsquo;\u00e9trave rabattable<\/li>\n<li>Faible tirant d&rsquo;eau, manoeuvrabilit\u00e9 sup\u00e9rieure.<\/li>\n<li>Vitesses de transit \u00e9lev\u00e9es avec une entr\u00e9e de puissance relativement faible. ,<\/li>\n<li>Divers mod\u00e8les de timonerie\/console.<\/li>\n<li>Pour Landing Craft, des tailles personnalis\u00e9es sont disponibles.<\/li>\n<\/ul>\n<div class=\"wptm_table tablesorter-bootstrap \" data-id=\"83\" data-hightlight=\"0\"><div class=\"wptm_buttons buttons_wptmTbl83\"><\/div><div class=\"wptmresponsive dataTables-wptmtable wptmtable \" id=\"wptmtable83\" data-tableid=\"wptmTbl83\"><table data-count-header=\"1\"  data-format-decimal_count=\"0\" data-format-decimal_symbol=\".\" data-format-symbol_position=\"0\" data-format-thousand_symbol=\",\"  data-format-currency_symbol=\"$\"  data-name-style=\"83_1759815544.css\" data-format=\"YYYY-MM-DD\" id=\"wptmTbl83\" data-id=\"83\" data-responsive=\"false\" data-hideCols=\"false\"  data-type=\"html\" data-paging=\"false\" data-searching=\"true\"  data-ordering=\"false\" data-table-breakpoint=\"980\" data-scroll-x=\"true\" data-scroll-collapse=\"true\" data-align=\"center\" data-range=\"[]\" data-hideColumn=\"[0,0,0,0,0,0,0,0,0]\"  data-colwidths=\"[126,126,126,126,126,126,126,126,126]\"  data-colwidths_desktop=[]  data-colwidths_tablet=[]  data-colwidths_mobile=[]  class=\"wptm_main_table  disablePager hideScrollHeader\"><colgroup><col data-dtr=\"0\" data-dtc=\"0\" class=\"dtc0\"><col data-dtr=\"0\" data-dtc=\"1\" class=\"dtc1\"><col data-dtr=\"0\" data-dtc=\"2\" class=\"dtc2\"><col data-dtr=\"0\" data-dtc=\"3\" class=\"dtc3\"><col data-dtr=\"0\" data-dtc=\"4\" class=\"dtc4\"><col data-dtr=\"0\" data-dtc=\"5\" class=\"dtc5\"><col data-dtr=\"0\" data-dtc=\"6\" class=\"dtc6\"><col data-dtr=\"0\" data-dtc=\"7\" class=\"dtc7\"><col data-dtr=\"0\" data-dtc=\"8\" class=\"dtc8\"><\/colgroup><thead><tr class=\"wptm-header-cells-index\"><th rowspan=\"1\" colspan=\"1\" data-dtr=\"0\" data-dtc=\"0\" class=\"dtr0 dtc0\"><\/th><th rowspan=\"1\" colspan=\"1\" data-dtr=\"0\" data-dtc=\"1\" class=\"dtr0 dtc1\"><\/th><th rowspan=\"1\" colspan=\"1\" data-dtr=\"0\" data-dtc=\"2\" class=\"dtr0 dtc2\"><\/th><th rowspan=\"1\" colspan=\"1\" data-dtr=\"0\" data-dtc=\"3\" class=\"dtr0 dtc3\"><\/th><th rowspan=\"1\" colspan=\"1\" data-dtr=\"0\" data-dtc=\"4\" class=\"dtr0 dtc4\"><\/th><th rowspan=\"1\" colspan=\"1\" data-dtr=\"0\" data-dtc=\"5\" class=\"dtr0 dtc5\"><\/th><th rowspan=\"1\" colspan=\"1\" data-dtr=\"0\" data-dtc=\"6\" class=\"dtr0 dtc6\"><\/th><th rowspan=\"1\" colspan=\"1\" data-dtr=\"0\" data-dtc=\"7\" class=\"dtr0 dtc7\"><\/th><th rowspan=\"1\" colspan=\"1\" data-dtr=\"0\" data-dtc=\"8\" class=\"dtr0 dtc8\"><\/th><\/tr><tr class=\" row0\"><th   data-priority=\"0\" class=\"dtr0 dtc0\"><\/th><th   data-priority=\"0\" class=\"dtr0 dtc1\">Land Cat I<\/th><th   data-priority=\"0\" class=\"dtr0 dtc2\">Land Cat II<\/th><th   data-priority=\"0\" class=\"dtr0 dtc3\">Land Cat III<\/th><th   data-priority=\"0\" class=\"dtr0 dtc4\">Land Cat IV<\/th><th   data-priority=\"0\" class=\"dtr0 dtc5\">Land Cat V<\/th><th   data-priority=\"0\" class=\"dtr0 dtc6\">Land Cat VI<\/th><th   data-priority=\"0\" class=\"dtr0 dtc7\">Land Cat VII<\/th><th   data-priority=\"0\" class=\"dtr0 dtc8\">Land Cat VIII<\/th><\/thead><tbody><tr class=\" row1\"><td    class=\"dtr1 dtc0\">Length<\/td><td    class=\"dtr1 dtc1\">6.5 m<\/td><td    class=\"dtr1 dtc2\">7.5 m<\/td><td    class=\"dtr1 dtc3\">9.0 m<\/td><td    class=\"dtr1 dtc4\">10.5 m<\/td><td    class=\"dtr1 dtc5\">12.5 m<\/td><td    class=\"dtr1 dtc6\">15 m<\/td><td    class=\"dtr1 dtc7\">23 m<\/td><td    class=\"dtr1 dtc8\">27 m<\/td><\/tr><tr class=\" row2\"><td    class=\"dtr2 dtc0\">Width<\/td><td    class=\"dtr2 dtc1\">2.4 m<\/td><td    class=\"dtr2 dtc2\">2.6 m<\/td><td    class=\"dtr2 dtc3\">3 m<\/td><td    class=\"dtr2 dtc4\">3.3 m<\/td><td    class=\"dtr2 dtc5\">3.5 m<\/td><td    class=\"dtr2 dtc6\">4.9 m<\/td><td    class=\"dtr2 dtc7\">5.6 m<\/td><td    class=\"dtr2 dtc8\">6.8 m<\/td><\/tr><tr class=\" row3\"><td    class=\"dtr3 dtc0\">Draft<\/td><td    class=\"dtr3 dtc1\">0.5 m<\/td><td    class=\"dtr3 dtc2\">0.5 m<\/td><td    class=\"dtr3 dtc3\">0.5 m<\/td><td    class=\"dtr3 dtc4\">0.5 m<\/td><td    class=\"dtr3 dtc5\">0.5 m<\/td><td    class=\"dtr3 dtc6\">0.6 m<\/td><td    class=\"dtr3 dtc7\">0.8 m<\/td><td    class=\"dtr3 dtc8\">0.8 m<\/td><\/tr><tr class=\" row4\"><td    class=\"dtr4 dtc0\">Hull Type<\/td><td    class=\"dtr4 dtc1\">Mono Hull<\/td><td    class=\"dtr4 dtc2\">Mono Hull<\/td><td    class=\"dtr4 dtc3\">Mono Hull<\/td><td    class=\"dtr4 dtc4\">Mono Hull<\/td><td    class=\"dtr4 dtc5\">Mono Hull<\/td><td    class=\"dtr4 dtc6\">Mono Hull<\/td><td    class=\"dtr4 dtc7\">Mono Hull<\/td><td    class=\"dtr4 dtc8\">Mono Hull<\/td><\/tr><tr class=\" row5\"><td    class=\"dtr5 dtc0\">Material<\/td><td  colspan=\"8\"   class=\"dtr5 dtc1\">Aluminium ( Standard ) | Steel ( Optional )<\/td><td  style=\"display: none\"   class=\"dtr5 dtc2\"><\/td><td  style=\"display: none\"   class=\"dtr5 dtc3\"><\/td><td  style=\"display: none\"   class=\"dtr5 dtc4\"><\/td><td  style=\"display: none\"   class=\"dtr5 dtc5\"><\/td><td  style=\"display: none\"   class=\"dtr5 dtc6\"><\/td><td  style=\"display: none\"   class=\"dtr5 dtc7\"><\/td><td  style=\"display: none\"   class=\"dtr5 dtc8\"><\/td><\/tr><tr class=\" row6\"><td    class=\"dtr6 dtc0\">Wheelhouse<\/td><td  colspan=\"8\"   class=\"dtr6 dtc1\">Open or Closet Cabin<\/td><td  style=\"display: none\"   class=\"dtr6 dtc2\"><\/td><td  style=\"display: none\"   class=\"dtr6 dtc3\"><\/td><td  style=\"display: none\"   class=\"dtr6 dtc4\"><\/td><td  style=\"display: none\"   class=\"dtr6 dtc5\"><\/td><td  style=\"display: none\"   class=\"dtr6 dtc6\"><\/td><td  style=\"display: none\"   class=\"dtr6 dtc7\"><\/td><td  style=\"display: none\"   class=\"dtr6 dtc8\"><\/td><\/tr><tr class=\" row7\"><td    class=\"dtr7 dtc0\">Propulsion<\/td><td  colspan=\"8\"   class=\"dtr7 dtc1\">Waterjet | Sterndrive | Inboard-Outboard | Fixed Pitch Propeller | Mono - Twin Engine<\/td><td  style=\"display: none\"   class=\"dtr7 dtc2\"><\/td><td  style=\"display: none\"   class=\"dtr7 dtc3\"><\/td><td  style=\"display: none\"   class=\"dtr7 dtc4\"><\/td><td  style=\"display: none\"   class=\"dtr7 dtc5\"><\/td><td  style=\"display: none\"   class=\"dtr7 dtc6\"><\/td><td  style=\"display: none\"   class=\"dtr7 dtc7\"><\/td><td  style=\"display: none\"   class=\"dtr7 dtc8\"><\/td><\/tr><tr class=\" row8\"><td    class=\"dtr8 dtc0\">Speed<\/td><td  colspan=\"8\"   class=\"dtr8 dtc1\">Max 30  - 18 Knots<\/td><td  style=\"display: none\"   class=\"dtr8 dtc2\"><\/td><td  style=\"display: none\"   class=\"dtr8 dtc3\"><\/td><td  style=\"display: none\"   class=\"dtr8 dtc4\"><\/td><td  style=\"display: none\"   class=\"dtr8 dtc5\"><\/td><td  style=\"display: none\"   class=\"dtr8 dtc6\"><\/td><td  style=\"display: none\"   class=\"dtr8 dtc7\"><\/td><td  style=\"display: none\"   class=\"dtr8 dtc8\"><\/td><\/tr><tr class=\" row9\"><td    class=\"dtr9 dtc0\">Clear Deck Area<\/td><td    class=\"dtr9 dtc1\">2.5 m2<\/td><td    class=\"dtr9 dtc2\">3 m2<\/td><td    class=\"dtr9 dtc3\">4 m2<\/td><td    class=\"dtr9 dtc4\">5 m2<\/td><td    class=\"dtr9 dtc5\">10 m2<\/td><td    class=\"dtr9 dtc6\">15 m2<\/td><td    class=\"dtr9 dtc7\">65 m2<\/td><td    class=\"dtr9 dtc8\">75 m2<\/td><\/tr><tr class=\" row10\"><td    class=\"dtr10 dtc0\">Payload<\/td><td    class=\"dtr10 dtc1\">1 T<\/td><td    class=\"dtr10 dtc2\">1.7 T<\/td><td    class=\"dtr10 dtc3\">3.5 T<\/td><td    class=\"dtr10 dtc4\">4.0 T<\/td><td    class=\"dtr10 dtc5\">10 T<\/td><td    class=\"dtr10 dtc6\">12 T<\/td><td    class=\"dtr10 dtc7\">15 T<\/td><td    class=\"dtr10 dtc8\">20 T<\/td><\/tr><tr class=\" row11\"><td    class=\"dtr11 dtc0\">Optional<\/td><td  colspan=\"8\"   class=\"dtr11 dtc1\">Fire Canon \/ Oil Boom \/ Oil Skimmer \/ Spray System \/ Diving Equipments \/ Shacklers \/ Crane \/ Winch \/ Trailer \/ Bow - Side Door<\/td><td  style=\"display: none\"   class=\"dtr11 dtc2\"><\/td><td  style=\"display: none\"   class=\"dtr11 dtc3\"><\/td><td  style=\"display: none\"   class=\"dtr11 dtc4\"><\/td><td  style=\"display: none\"   class=\"dtr11 dtc5\"><\/td><td  style=\"display: none\"   class=\"dtr11 dtc6\"><\/td><td  style=\"display: none\"   class=\"dtr11 dtc7\"><\/td><td  style=\"display: none\"   class=\"dtr11 dtc8\"><\/td><\/tr><\/tbody><tfoot><tr><td class=\"dtr11 dtc0\" style=\"height: 0;\"><\/td><td class=\"dtr11 dtc1\" style=\"height: 0;\"><\/td><td class=\"dtr11 dtc2\" style=\"height: 0;\"><\/td><td class=\"dtr11 dtc3\" style=\"height: 0;\"><\/td><td class=\"dtr11 dtc4\" style=\"height: 0;\"><\/td><td class=\"dtr11 dtc5\" style=\"height: 0;\"><\/td><td class=\"dtr11 dtc6\" style=\"height: 0;\"><\/td><td class=\"dtr11 dtc7\" style=\"height: 0;\"><\/td><td class=\"dtr11 dtc8\" style=\"height: 0;\"><\/td><\/tr><\/tfoot><\/table><\/div><style>#wptmtable83 .dataTables_wrapper > .dataTables_scroll {max-height:500px;overflow: auto;}<\/style><script>window.wptm_ajaxurl = 'https:\/\/mavideniz.com.tr\/wp-admin\/admin-ajax.php?juwpfisadmin=false&action=Wptm&'; window.wptm_front = 'https:\/\/mavideniz.com.tr\/wp-content\/plugins\/wp-table-manager\/app\/site\/assets\/'; window.wptm_style = 'https:\/\/mavideniz.com.tr\/wp-content\/uploads\/wptm\/';<\/script><\/div><style><\/style>\n","protected":false},"excerpt":{"rendered":"<p>Le Mavi Deniz Landing Craft est con\u00e7u en fonction de l&rsquo;armateur, des exigences de classe et des op\u00e9rations de pavillon. [&hellip;]<\/p>\n","protected":false},"author":1,"featured_media":0,"parent":41066,"menu_order":0,"comment_status":"closed","ping_status":"closed","template":"","meta":{"site-sidebar-layout":"default","site-content-layout":"","ast-site-content-layout":"default","site-content-style":"default","site-sidebar-style":"default","ast-global-header-display":"","ast-banner-title-visibility":"","ast-main-header-display":"","ast-hfb-above-header-display":"","ast-hfb-below-header-display":"","ast-hfb-mobile-header-display":"","site-post-title":"","ast-breadcrumbs-content":"","ast-featured-img":"","footer-sml-layout":"","ast-disable-related-posts":"","theme-transparent-header-meta":"","adv-header-id-meta":"","stick-header-meta":"","header-above-stick-meta":"","header-main-stick-meta":"","header-below-stick-meta":"","astra-migrate-meta-layouts":"default","ast-page-background-enabled":"default","ast-page-background-meta":{"desktop":{"background-color":"var(--ast-global-color-5)","background-image":"","background-repeat":"repeat","background-position":"center center","background-size":"auto","background-attachment":"scroll","background-type":"","background-media":"","overlay-type":"","overlay-color":"","overlay-opacity":"","overlay-gradient":""},"tablet":{"background-color":"","background-image":"","background-repeat":"repeat","background-position":"center center","background-size":"auto","background-attachment":"scroll","background-type":"","background-media":"","overlay-type":"","overlay-color":"","overlay-opacity":"","overlay-gradient":""},"mobile":{"background-color":"","background-image":"","background-repeat":"repeat","background-position":"center center","background-size":"auto","background-attachment":"scroll","background-type":"","background-media":"","overlay-type":"","overlay-color":"","overlay-opacity":"","overlay-gradient":""}},"ast-content-background-meta":{"desktop":{"background-color":"var(--ast-global-color-4)","background-image":"","background-repeat":"repeat","background-position":"center center","background-size":"auto","background-attachment":"scroll","background-type":"","background-media":"","overlay-type":"","overlay-color":"","overlay-opacity":"","overlay-gradient":""},"tablet":{"background-color":"var(--ast-global-color-4)","background-image":"","background-repeat":"repeat","background-position":"center center","background-size":"auto","background-attachment":"scroll","background-type":"","background-media":"","overlay-type":"","overlay-color":"","overlay-opacity":"","overlay-gradient":""},"mobile":{"background-color":"var(--ast-global-color-4)","background-image":"","background-repeat":"repeat","background-position":"center center","background-size":"auto","background-attachment":"scroll","background-type":"","background-media":"","overlay-type":"","overlay-color":"","overlay-opacity":"","overlay-gradient":""}},"footnotes":""},"class_list":["post-41076","page","type-page","status-publish","hentry"],"_links":{"self":[{"href":"https:\/\/mavideniz.com.tr\/fr\/wp-json\/wp\/v2\/pages\/41076","targetHints":{"allow":["GET"]}}],"collection":[{"href":"https:\/\/mavideniz.com.tr\/fr\/wp-json\/wp\/v2\/pages"}],"about":[{"href":"https:\/\/mavideniz.com.tr\/fr\/wp-json\/wp\/v2\/types\/page"}],"author":[{"embeddable":true,"href":"https:\/\/mavideniz.com.tr\/fr\/wp-json\/wp\/v2\/users\/1"}],"replies":[{"embeddable":true,"href":"https:\/\/mavideniz.com.tr\/fr\/wp-json\/wp\/v2\/comments?post=41076"}],"version-history":[{"count":0,"href":"https:\/\/mavideniz.com.tr\/fr\/wp-json\/wp\/v2\/pages\/41076\/revisions"}],"up":[{"embeddable":true,"href":"https:\/\/mavideniz.com.tr\/fr\/wp-json\/wp\/v2\/pages\/41066"}],"wp:attachment":[{"href":"https:\/\/mavideniz.com.tr\/fr\/wp-json\/wp\/v2\/media?parent=41076"}],"curies":[{"name":"wp","href":"https:\/\/api.w.org\/{rel}","templated":true}]}}