{"id":41109,"date":"2022-10-23T18:04:17","date_gmt":"2022-10-23T18:04:17","guid":{"rendered":"https:\/\/mavideniz.com.tr\/?page_id=41109"},"modified":"2022-10-23T18:04:21","modified_gmt":"2022-10-23T18:04:21","slug":"bateaux-de-travail-en-aluminium","status":"publish","type":"page","link":"https:\/\/mavideniz.com.tr\/fr\/navires-bateaux\/couche-de-bouee-navire-de-soutien\/bateaux-de-travail-en-aluminium\/","title":{"rendered":"Bateaux de travail en aluminium"},"content":{"rendered":"\n<p>Les bateaux de travail en aluminium sont con\u00e7us pour les bateaux de travail ou de plaisir. La ligne de bateaux de travail en aluminium est disponible en plusieurs longueurs et des constructions personnalis\u00e9es. Les bateaux de travail sont fabriqu\u00e9s en aluminium de qualit\u00e9 marine avec une forme profonde de la coque en V, adapt\u00e9 pour les op\u00e9rations c\u00f4ti\u00e8res. Les bateaux de travail en aluminium sont disponibles avec un moteur hors-bord ou int\u00e9rieur. Les options de propulsion interne sterndrive ou waterjet sont disponibles.<\/p>\n<p>Le bateau de travail en aluminium est bien adapt\u00e9 aux sportifs \u00e0 la recherche d&rsquo;un bateau de p\u00eache, d&rsquo;une plate-forme pour des travaux de sauvetage, d&rsquo;un bateau de chasse ou d&rsquo;un bateau polyvalent pour des sorties en famille en dehors des travaux de service. Les bateaux de travail ont un pont anti-glissement et auto-balan\u00e7ant et viennent de s\u00e9rie avec un compartiment d&rsquo;ancrage comprenant une trappe, deux bornes, des points de levage &#8211; beaucoup de salle de cargaison en avant de la console centrale pour l&rsquo;\u00e9quipement, les civi\u00e8res, etc.<\/p>\n<div class=\"wptm_table tablesorter-bootstrap \" data-id=\"142\" data-hightlight=\"0\"><div class=\"wptm_buttons buttons_wptmTbl142\"><\/div><div class=\"wptmresponsive dataTables-wptmtable wptmtable \" id=\"wptmtable142\" data-tableid=\"wptmTbl142\"><table data-count-header=\"1\"  data-format-decimal_count=\"0\" data-format-decimal_symbol=\".\" data-format-symbol_position=\"0\" data-format-thousand_symbol=\",\"  data-format-currency_symbol=\"$\"  data-name-style=\"142_1759815162.css\" data-format=\"YYYY-MM-DD\" id=\"wptmTbl142\" data-id=\"142\" data-responsive=\"false\" data-hideCols=\"false\"  data-type=\"html\" data-paging=\"false\" data-searching=\"true\"  data-ordering=\"false\" data-table-breakpoint=\"980\" data-scroll-x=\"true\" data-scroll-collapse=\"true\" data-align=\"center\" data-range=\"[]\" data-hideColumn=\"[0,0,0,0,0,0]\"  data-colwidths=\"[228,228,228,228,228,228]\"  data-colwidths_desktop=[]  data-colwidths_tablet=[]  data-colwidths_mobile=[]  class=\"wptm_main_table  disablePager hideScrollHeader\"><colgroup><col data-dtr=\"0\" data-dtc=\"0\" class=\"dtc0\"><col data-dtr=\"0\" data-dtc=\"1\" class=\"dtc1\"><col data-dtr=\"0\" data-dtc=\"2\" class=\"dtc2\"><col data-dtr=\"0\" data-dtc=\"3\" class=\"dtc3\"><col data-dtr=\"0\" data-dtc=\"4\" class=\"dtc4\"><col data-dtr=\"0\" data-dtc=\"5\" class=\"dtc5\"><\/colgroup><thead><tr class=\"wptm-header-cells-index\"><th rowspan=\"1\" colspan=\"1\" data-dtr=\"0\" data-dtc=\"0\" class=\"dtr0 dtc0\"><\/th><th rowspan=\"1\" colspan=\"1\" data-dtr=\"0\" data-dtc=\"1\" class=\"dtr0 dtc1\"><\/th><th rowspan=\"1\" colspan=\"1\" data-dtr=\"0\" data-dtc=\"2\" class=\"dtr0 dtc2\"><\/th><th rowspan=\"1\" colspan=\"1\" data-dtr=\"0\" data-dtc=\"3\" class=\"dtr0 dtc3\"><\/th><th rowspan=\"1\" colspan=\"1\" data-dtr=\"0\" data-dtc=\"4\" class=\"dtr0 dtc4\"><\/th><th rowspan=\"1\" colspan=\"1\" data-dtr=\"0\" data-dtc=\"5\" class=\"dtr0 dtc5\"><\/th><\/tr><tr class=\" row0\"><th   data-priority=\"0\" class=\"dtr0 dtc0\"><\/th><th   data-priority=\"0\" class=\"dtr0 dtc1\">Work Eagle 5<\/th><th   data-priority=\"0\" class=\"dtr0 dtc2\">Work Eagle 5.5<\/th><th   data-priority=\"0\" class=\"dtr0 dtc3\">Work Eagle 6.5<\/th><th   data-priority=\"0\" class=\"dtr0 dtc4\">Work Eagle 7.5<\/th><th   data-priority=\"0\" class=\"dtr0 dtc5\">Work Eagle 10<\/th><\/thead><tbody><tr class=\" row1\"><td    class=\"dtr1 dtc0\">Length<\/td><td    class=\"dtr1 dtc1\">5 m<\/td><td    class=\"dtr1 dtc2\">5.5 m<\/td><td    class=\"dtr1 dtc3\">6.5 m<\/td><td    class=\"dtr1 dtc4\">7.5 m<\/td><td    class=\"dtr1 dtc5\">10 m<\/td><\/tr><tr class=\" row2\"><td    class=\"dtr2 dtc0\">Width<\/td><td    class=\"dtr2 dtc1\">1.6 m<\/td><td    class=\"dtr2 dtc2\">2.3 m<\/td><td    class=\"dtr2 dtc3\">2.5 m<\/td><td    class=\"dtr2 dtc4\">2.6 m<\/td><td    class=\"dtr2 dtc5\">3 m<\/td><\/tr><tr class=\" row3\"><td    class=\"dtr3 dtc0\">Engine<\/td><td    class=\"dtr3 dtc1\">40 hp<\/td><td    class=\"dtr3 dtc2\">60 hp<\/td><td    class=\"dtr3 dtc3\">100 hp<\/td><td    class=\"dtr3 dtc4\">150 hp<\/td><td    class=\"dtr3 dtc5\">2 x 115 hp<\/td><\/tr><tr class=\" row4\"><td    class=\"dtr4 dtc0\">Speed<\/td><td  colspan=\"5\"   class=\"dtr4 dtc1\">Max 25 knots<\/td><td  style=\"display: none\"   class=\"dtr4 dtc2\"><\/td><td  style=\"display: none\"   class=\"dtr4 dtc3\"><\/td><td  style=\"display: none\"   class=\"dtr4 dtc4\"><\/td><td  style=\"display: none\"   class=\"dtr4 dtc5\"><\/td><\/tr><tr class=\" row5\"><td    class=\"dtr5 dtc0\">Material<\/td><td  colspan=\"5\"   class=\"dtr5 dtc1\">Aluminium<\/td><td  style=\"display: none\"   class=\"dtr5 dtc2\"><\/td><td  style=\"display: none\"   class=\"dtr5 dtc3\"><\/td><td  style=\"display: none\"   class=\"dtr5 dtc4\"><\/td><td  style=\"display: none\"   class=\"dtr5 dtc5\"><\/td><\/tr><\/tbody><tfoot><tr><td class=\"dtr5 dtc0\" style=\"height: 0;\"><\/td><td class=\"dtr5 dtc1\" style=\"height: 0;\"><\/td><td class=\"dtr5 dtc2\" style=\"height: 0;\"><\/td><td class=\"dtr5 dtc3\" style=\"height: 0;\"><\/td><td class=\"dtr5 dtc4\" style=\"height: 0;\"><\/td><td class=\"dtr5 dtc5\" style=\"height: 0;\"><\/td><\/tr><\/tfoot><\/table><\/div><style>#wptmtable142 .dataTables_wrapper > .dataTables_scroll {max-height:500px;overflow: auto;}<\/style><script>window.wptm_ajaxurl = 'https:\/\/mavideniz.com.tr\/wp-admin\/admin-ajax.php?juwpfisadmin=false&action=Wptm&'; window.wptm_front = 'https:\/\/mavideniz.com.tr\/wp-content\/plugins\/wp-table-manager\/app\/site\/assets\/'; window.wptm_style = 'https:\/\/mavideniz.com.tr\/wp-content\/uploads\/wptm\/';<\/script><\/div><style><\/style>\n","protected":false},"excerpt":{"rendered":"<p>Les bateaux de travail en aluminium sont con\u00e7us pour les bateaux de travail ou de plaisir. La ligne de bateaux [&hellip;]<\/p>\n","protected":false},"author":1,"featured_media":0,"parent":41099,"menu_order":0,"comment_status":"closed","ping_status":"closed","template":"","meta":{"site-sidebar-layout":"default","site-content-layout":"","ast-site-content-layout":"default","site-content-style":"default","site-sidebar-style":"default","ast-global-header-display":"","ast-banner-title-visibility":"","ast-main-header-display":"","ast-hfb-above-header-display":"","ast-hfb-below-header-display":"","ast-hfb-mobile-header-display":"","site-post-title":"","ast-breadcrumbs-content":"","ast-featured-img":"","footer-sml-layout":"","ast-disable-related-posts":"","theme-transparent-header-meta":"","adv-header-id-meta":"","stick-header-meta":"","header-above-stick-meta":"","header-main-stick-meta":"","header-below-stick-meta":"","astra-migrate-meta-layouts":"default","ast-page-background-enabled":"default","ast-page-background-meta":{"desktop":{"background-color":"var(--ast-global-color-5)","background-image":"","background-repeat":"repeat","background-position":"center center","background-size":"auto","background-attachment":"scroll","background-type":"","background-media":"","overlay-type":"","overlay-color":"","overlay-opacity":"","overlay-gradient":""},"tablet":{"background-color":"","background-image":"","background-repeat":"repeat","background-position":"center center","background-size":"auto","background-attachment":"scroll","background-type":"","background-media":"","overlay-type":"","overlay-color":"","overlay-opacity":"","overlay-gradient":""},"mobile":{"background-color":"","background-image":"","background-repeat":"repeat","background-position":"center center","background-size":"auto","background-attachment":"scroll","background-type":"","background-media":"","overlay-type":"","overlay-color":"","overlay-opacity":"","overlay-gradient":""}},"ast-content-background-meta":{"desktop":{"background-color":"var(--ast-global-color-4)","background-image":"","background-repeat":"repeat","background-position":"center center","background-size":"auto","background-attachment":"scroll","background-type":"","background-media":"","overlay-type":"","overlay-color":"","overlay-opacity":"","overlay-gradient":""},"tablet":{"background-color":"var(--ast-global-color-4)","background-image":"","background-repeat":"repeat","background-position":"center center","background-size":"auto","background-attachment":"scroll","background-type":"","background-media":"","overlay-type":"","overlay-color":"","overlay-opacity":"","overlay-gradient":""},"mobile":{"background-color":"var(--ast-global-color-4)","background-image":"","background-repeat":"repeat","background-position":"center center","background-size":"auto","background-attachment":"scroll","background-type":"","background-media":"","overlay-type":"","overlay-color":"","overlay-opacity":"","overlay-gradient":""}},"footnotes":""},"class_list":["post-41109","page","type-page","status-publish","hentry"],"_links":{"self":[{"href":"https:\/\/mavideniz.com.tr\/fr\/wp-json\/wp\/v2\/pages\/41109","targetHints":{"allow":["GET"]}}],"collection":[{"href":"https:\/\/mavideniz.com.tr\/fr\/wp-json\/wp\/v2\/pages"}],"about":[{"href":"https:\/\/mavideniz.com.tr\/fr\/wp-json\/wp\/v2\/types\/page"}],"author":[{"embeddable":true,"href":"https:\/\/mavideniz.com.tr\/fr\/wp-json\/wp\/v2\/users\/1"}],"replies":[{"embeddable":true,"href":"https:\/\/mavideniz.com.tr\/fr\/wp-json\/wp\/v2\/comments?post=41109"}],"version-history":[{"count":0,"href":"https:\/\/mavideniz.com.tr\/fr\/wp-json\/wp\/v2\/pages\/41109\/revisions"}],"up":[{"embeddable":true,"href":"https:\/\/mavideniz.com.tr\/fr\/wp-json\/wp\/v2\/pages\/41099"}],"wp:attachment":[{"href":"https:\/\/mavideniz.com.tr\/fr\/wp-json\/wp\/v2\/media?parent=41109"}],"curies":[{"name":"wp","href":"https:\/\/api.w.org\/{rel}","templated":true}]}}