{"id":41120,"date":"2022-10-23T18:20:47","date_gmt":"2022-10-23T18:20:47","guid":{"rendered":"https:\/\/mavideniz.com.tr\/?page_id=41120"},"modified":"2022-10-23T18:20:51","modified_gmt":"2022-10-23T18:20:51","slug":"navire-utilitaire-catamaran","status":"publish","type":"page","link":"https:\/\/mavideniz.com.tr\/fr\/navires-bateaux\/couche-de-bouee-navire-de-soutien\/navire-utilitaire-catamaran\/","title":{"rendered":"Navire utilitaire catamaran"},"content":{"rendered":"\n<p>Les catamarans utilitaires de Mavi Deniz sont des catamarans con\u00e7us pour les op\u00e9rations \u00e0 terre et en mer. Les navires utilitaires catamarans peuvent utiliser le soutien d&rsquo;entretien, le relev\u00e9 hydrographique, le soutien de plong\u00e9e, la pose de bou\u00e9es, l&rsquo;approvisionnement de phares, les op\u00e9rations d&rsquo;aquaculture, les op\u00e9rations de soutien environnemental, la r\u00e9cup\u00e9ration des d\u00e9versements d&rsquo;hydrocarbures et la lutte contre les incendies.<\/p>\n<p>Le navire utilitaire offre une excellente efficacit\u00e9 \u00e9nerg\u00e9tique sur une coque \u00e9prouv\u00e9e construite avec des m\u00e9thodes et des mat\u00e9riaux de construction avanc\u00e9s. Un int\u00e9rieur confortable et fonctionnel avec un ext\u00e9rieur s\u00fbr et disponible \u00e9taient des th\u00e8mes de conception cl\u00e9s pour le navire. L&rsquo;agencement int\u00e9rieur et ext\u00e9rieur polyvalent peut convenir \u00e0 diverses utilisations et am\u00e9nagements alternatifs.<\/p>\n<p>Le pont principal a une capacit\u00e9 de transport allant jusqu&rsquo;\u00e0 25 tonnes, am\u00e9nag\u00e9 pour de multiples utilisations, y compris un moonpool pour les services d&rsquo;exploration, et peut transporter des conteneurs de 4 x 20ft minimum. Une grue hydraulique \u00e0 pont \u00e0 distance peut soulever 12 tonnes @ 3 m\u00e8tres et 2,1 tonnes \u00e0 13m. Structure de pont pour s&rsquo;adapter \u00e0 un cadre A amovible avec une charge de travail de s\u00e9curit\u00e9 de 20 tonnes.<\/p>\n<p>Le logement central est \u00e0 l&rsquo;avant et contient de l&rsquo;espace pour un \u00e9quipage de 14 personnes. La cabine du pont principal abrite le mess des cuisines et de l&rsquo;\u00e9quipage et deux cabines d&rsquo;\u00e9quipage pour le personnel sup\u00e9rieur. L&rsquo;h\u00e9bergement de jour et les si\u00e8ges peuvent fournir jusqu&rsquo;\u00e0 46 personnes, couchage et services pour l&rsquo;\u00e9quipage \/ personnel de jusqu&rsquo;\u00e0 32 personnes dans 15 cabines.<\/p>\n<p>La timonerie du navire utilitaire se trouve sur le pont sup\u00e9rieur et offre une visibilit\u00e9 g\u00e9n\u00e9rale depuis le si\u00e8ge de barre. L&rsquo;\u00e9quipage et les passagers sont assis autour du p\u00e9rim\u00e8tre de la cabine. Deux postes de commande d&rsquo;aile sont install\u00e9s \u00e0 l&rsquo;avant de chaque c\u00f4t\u00e9, avec un canot de secours\/de sauvetage situ\u00e9 \u00e0 l&rsquo;arri\u00e8re \u00e0 port\u00e9e de la grue de pont. Les derniers aides \u00e9lectroniques \u00e0 la navigation, une station radio de navire enti\u00e8rement conforme au SMDSM, et les syst\u00e8mes de communication par satellite Inmarsat Fleet \u00e0 large bande et Iridium Openport sont install\u00e9s.<\/p>\n<p>Le Catamaran Utility Vessel dispose d&rsquo;une zone de pont confortable avec 360 champs de vue. Pour l&rsquo;\u00e9quipage et les \u00e9quipes de projet, con\u00e7oit un h\u00e9bergement confortable et se sentir \u00e0 la maison en mer. Le pont de travail comportera vos exigences en mati\u00e8re d&rsquo;espace de travail et pourra accueillir un quatuor de conteneurs de 20 pieds. Le pont peut \u00eatre \u00e9quip\u00e9 d&rsquo;une grue t\u00e9lescopique pliable jusqu&rsquo;\u00e0 4S t. Une piscine de lune sera \u00e9galement \u00e9quip\u00e9e et se monte pour un A-Frame de vol\u00e9e amovible avec une capacit\u00e9 de 20 t. La vitesse de service sera de 20 noeuds, et la port\u00e9e sera de 1800 n miles.<\/p>\n<p>L&rsquo;Organisation maritime internationale a annonc\u00e9 une strat\u00e9gie visant \u00e0 r\u00e9duire \u00e0 z\u00e9ro les \u00e9missions de gaz \u00e0 effet de serre (GES) d&rsquo;ici la fin du si\u00e8cle, et la r\u00e9glementation du milieu marin a \u00e9t\u00e9 resserr\u00e9e partout dans le monde. La mise en oeuvre de zones de contr\u00f4le des \u00e9missions a commenc\u00e9 \u00e0 affecter les op\u00e9rations des navires. Mavi Deniz a lanc\u00e9 avec succ\u00e8s de nouvelles r\u00e9glementations de contr\u00f4le des \u00e9missions en d\u00e9veloppant des solutions bicarburant et des technologies d&rsquo;\u00e9nergie verte plus propres. Les options d&rsquo;\u00e9nergie verte de Mavi Deniz, le syst\u00e8me d&rsquo;\u00e9nergie solaire, le syst\u00e8me d&rsquo;alimentation par batterie, le syst\u00e8me de pile \u00e0 combustible \u00e0 hydrog\u00e8ne et le syst\u00e8me LGG peuvent s&rsquo;int\u00e9grer enti\u00e8rement dans le navire utilitaire Catamaran, y compris l&rsquo;\u00e9quipement de pont et le syst\u00e8me de propulsion.<\/p>\n<p><strong>Options d&rsquo;alimentation \u00e9cologique pour Catamaran Utility Vessel<\/strong><\/p>\n<ul>\n<li>Propuls\u00e9 par le syst\u00e8me d&rsquo;\u00e9nergie solaire<\/li>\n<li>Aliment\u00e9 par un syst\u00e8me d&rsquo;alimentation par batterie<\/li>\n<li>Aliment\u00e9 par un syst\u00e8me de pile \u00e0 combustible \u00e0 hydrog\u00e8ne<\/li>\n<li>Aliment\u00e9 par un syst\u00e8me GPL<\/li>\n<\/ul>\n<p>Nous pouvons organiser la conception en fonction de vos besoins, de votre profil op\u00e9rationnel et de vos exigences.<\/p>\n<div class=\"wptm_table tablesorter-bootstrap \" data-id=\"143\" data-hightlight=\"0\"><div class=\"wptm_buttons buttons_wptmTbl143\"><\/div><div class=\"wptmresponsive dataTables-wptmtable wptmtable \" id=\"wptmtable143\" data-tableid=\"wptmTbl143\"><table data-count-header=\"1\"  data-format-decimal_count=\"0\" data-format-decimal_symbol=\".\" data-format-symbol_position=\"0\" data-format-thousand_symbol=\",\"  data-format-currency_symbol=\"$\"  data-name-style=\"143_1759815334.css\" data-format=\"YYYY-MM-DD\" id=\"wptmTbl143\" data-id=\"143\" data-responsive=\"false\" data-hideCols=\"false\"  data-type=\"html\" data-paging=\"false\" data-searching=\"true\"  data-ordering=\"false\" data-table-breakpoint=\"980\" data-scroll-x=\"true\" data-scroll-collapse=\"true\" data-align=\"center\" data-range=\"[]\" data-hideColumn=\"[0,0,0,0,0,0,0]\"  data-colwidths=\"[162,162,162,162,162,162,162]\"  data-colwidths_desktop=[]  data-colwidths_tablet=[]  data-colwidths_mobile=[]  class=\"wptm_main_table  disablePager hideScrollHeader\"><colgroup><col data-dtr=\"0\" data-dtc=\"0\" class=\"dtc0\"><col data-dtr=\"0\" data-dtc=\"1\" class=\"dtc1\"><col data-dtr=\"0\" data-dtc=\"2\" class=\"dtc2\"><col data-dtr=\"0\" data-dtc=\"3\" class=\"dtc3\"><col data-dtr=\"0\" data-dtc=\"4\" class=\"dtc4\"><col data-dtr=\"0\" data-dtc=\"5\" class=\"dtc5\"><col data-dtr=\"0\" data-dtc=\"6\" class=\"dtc6\"><\/colgroup><thead><tr class=\"wptm-header-cells-index\"><th rowspan=\"1\" colspan=\"1\" data-dtr=\"0\" data-dtc=\"0\" class=\"dtr0 dtc0\"><\/th><th rowspan=\"1\" colspan=\"1\" data-dtr=\"0\" data-dtc=\"1\" class=\"dtr0 dtc1\"><\/th><th rowspan=\"1\" colspan=\"1\" data-dtr=\"0\" data-dtc=\"2\" class=\"dtr0 dtc2\"><\/th><th rowspan=\"1\" colspan=\"1\" data-dtr=\"0\" data-dtc=\"3\" class=\"dtr0 dtc3\"><\/th><th rowspan=\"1\" colspan=\"1\" data-dtr=\"0\" data-dtc=\"4\" class=\"dtr0 dtc4\"><\/th><th rowspan=\"1\" colspan=\"1\" data-dtr=\"0\" data-dtc=\"5\" class=\"dtr0 dtc5\"><\/th><th rowspan=\"1\" colspan=\"1\" data-dtr=\"0\" data-dtc=\"6\" class=\"dtr0 dtc6\"><\/th><\/tr><tr class=\" row0\"><th   data-priority=\"0\" class=\"dtr0 dtc0\"><\/th><th   data-priority=\"0\" class=\"dtr0 dtc1\">Utility 15<\/th><th   data-priority=\"0\" class=\"dtr0 dtc2\">Utility 17<\/th><th   data-priority=\"0\" class=\"dtr0 dtc3\">Utility 20<\/th><th   data-priority=\"0\" class=\"dtr0 dtc4\">Utility 25<\/th><th   data-priority=\"0\" class=\"dtr0 dtc5\">Utility 30<\/th><th   data-priority=\"0\" class=\"dtr0 dtc6\">Utility 35<\/th><\/thead><tbody><tr class=\" row1\"><td    class=\"dtr1 dtc0\">Length<\/td><td    class=\"dtr1 dtc1\">15 m<\/td><td    class=\"dtr1 dtc2\">17 m<\/td><td    class=\"dtr1 dtc3\">20 m<\/td><td    class=\"dtr1 dtc4\">25 m<\/td><td    class=\"dtr1 dtc5\">30 m<\/td><td    class=\"dtr1 dtc6\">35 m<\/td><\/tr><tr class=\" row2\"><td    class=\"dtr2 dtc0\">Beam<\/td><td    class=\"dtr2 dtc1\">8 m<\/td><td    class=\"dtr2 dtc2\">8 m<\/td><td    class=\"dtr2 dtc3\">9 m<\/td><td    class=\"dtr2 dtc4\">10 m<\/td><td    class=\"dtr2 dtc5\">10 m<\/td><td    class=\"dtr2 dtc6\">12 m<\/td><\/tr><tr class=\" row3\"><td    class=\"dtr3 dtc0\">Draft<\/td><td    class=\"dtr3 dtc1\">1.3 m<\/td><td    class=\"dtr3 dtc2\">1.3 m<\/td><td    class=\"dtr3 dtc3\">1.8 m<\/td><td    class=\"dtr3 dtc4\">1.8 m<\/td><td    class=\"dtr3 dtc5\">1.8 m<\/td><td    class=\"dtr3 dtc6\">2.1 m<\/td><\/tr><tr class=\" row4\"><td    class=\"dtr4 dtc0\">Material<\/td><td  colspan=\"6\"   class=\"dtr4 dtc1\">Steel (Standard) | Aluminium (Optional)<\/td><td  style=\"display: none\"   class=\"dtr4 dtc2\"><\/td><td  style=\"display: none\"   class=\"dtr4 dtc3\"><\/td><td  style=\"display: none\"   class=\"dtr4 dtc4\"><\/td><td  style=\"display: none\"   class=\"dtr4 dtc5\"><\/td><td  style=\"display: none\"   class=\"dtr4 dtc6\"><\/td><\/tr><tr class=\" row5\"><td    class=\"dtr5 dtc0\">Deck Area<\/td><td    class=\"dtr5 dtc1\">72 m2<\/td><td    class=\"dtr5 dtc2\">88 m2<\/td><td    class=\"dtr5 dtc3\">120 m2<\/td><td    class=\"dtr5 dtc4\">150 m\u00b3<\/td><td    class=\"dtr5 dtc5\">200 m\u00b3<\/td><td    class=\"dtr5 dtc6\">300 m\u00b3<\/td><\/tr><\/tbody><tfoot><tr><td class=\"dtr5 dtc0\" style=\"height: 0;\"><\/td><td class=\"dtr5 dtc1\" style=\"height: 0;\"><\/td><td class=\"dtr5 dtc2\" style=\"height: 0;\"><\/td><td class=\"dtr5 dtc3\" style=\"height: 0;\"><\/td><td class=\"dtr5 dtc4\" style=\"height: 0;\"><\/td><td class=\"dtr5 dtc5\" style=\"height: 0;\"><\/td><td class=\"dtr5 dtc6\" style=\"height: 0;\"><\/td><\/tr><\/tfoot><\/table><\/div><style>#wptmtable143 .dataTables_wrapper > .dataTables_scroll {max-height:500px;overflow: auto;}<\/style><script>window.wptm_ajaxurl = 'https:\/\/mavideniz.com.tr\/wp-admin\/admin-ajax.php?juwpfisadmin=false&action=Wptm&'; window.wptm_front = 'https:\/\/mavideniz.com.tr\/wp-content\/plugins\/wp-table-manager\/app\/site\/assets\/'; window.wptm_style = 'https:\/\/mavideniz.com.tr\/wp-content\/uploads\/wptm\/';<\/script><\/div><style><\/style>\n","protected":false},"excerpt":{"rendered":"<p>Les catamarans utilitaires de Mavi Deniz sont des catamarans con\u00e7us pour les op\u00e9rations \u00e0 terre et en mer. Les navires [&hellip;]<\/p>\n","protected":false},"author":1,"featured_media":0,"parent":41099,"menu_order":0,"comment_status":"closed","ping_status":"closed","template":"","meta":{"site-sidebar-layout":"default","site-content-layout":"","ast-site-content-layout":"default","site-content-style":"default","site-sidebar-style":"default","ast-global-header-display":"","ast-banner-title-visibility":"","ast-main-header-display":"","ast-hfb-above-header-display":"","ast-hfb-below-header-display":"","ast-hfb-mobile-header-display":"","site-post-title":"","ast-breadcrumbs-content":"","ast-featured-img":"","footer-sml-layout":"","ast-disable-related-posts":"","theme-transparent-header-meta":"","adv-header-id-meta":"","stick-header-meta":"","header-above-stick-meta":"","header-main-stick-meta":"","header-below-stick-meta":"","astra-migrate-meta-layouts":"default","ast-page-background-enabled":"default","ast-page-background-meta":{"desktop":{"background-color":"var(--ast-global-color-5)","background-image":"","background-repeat":"repeat","background-position":"center center","background-size":"auto","background-attachment":"scroll","background-type":"","background-media":"","overlay-type":"","overlay-color":"","overlay-opacity":"","overlay-gradient":""},"tablet":{"background-color":"","background-image":"","background-repeat":"repeat","background-position":"center center","background-size":"auto","background-attachment":"scroll","background-type":"","background-media":"","overlay-type":"","overlay-color":"","overlay-opacity":"","overlay-gradient":""},"mobile":{"background-color":"","background-image":"","background-repeat":"repeat","background-position":"center center","background-size":"auto","background-attachment":"scroll","background-type":"","background-media":"","overlay-type":"","overlay-color":"","overlay-opacity":"","overlay-gradient":""}},"ast-content-background-meta":{"desktop":{"background-color":"var(--ast-global-color-4)","background-image":"","background-repeat":"repeat","background-position":"center center","background-size":"auto","background-attachment":"scroll","background-type":"","background-media":"","overlay-type":"","overlay-color":"","overlay-opacity":"","overlay-gradient":""},"tablet":{"background-color":"var(--ast-global-color-4)","background-image":"","background-repeat":"repeat","background-position":"center center","background-size":"auto","background-attachment":"scroll","background-type":"","background-media":"","overlay-type":"","overlay-color":"","overlay-opacity":"","overlay-gradient":""},"mobile":{"background-color":"var(--ast-global-color-4)","background-image":"","background-repeat":"repeat","background-position":"center center","background-size":"auto","background-attachment":"scroll","background-type":"","background-media":"","overlay-type":"","overlay-color":"","overlay-opacity":"","overlay-gradient":""}},"footnotes":""},"class_list":["post-41120","page","type-page","status-publish","hentry"],"_links":{"self":[{"href":"https:\/\/mavideniz.com.tr\/fr\/wp-json\/wp\/v2\/pages\/41120","targetHints":{"allow":["GET"]}}],"collection":[{"href":"https:\/\/mavideniz.com.tr\/fr\/wp-json\/wp\/v2\/pages"}],"about":[{"href":"https:\/\/mavideniz.com.tr\/fr\/wp-json\/wp\/v2\/types\/page"}],"author":[{"embeddable":true,"href":"https:\/\/mavideniz.com.tr\/fr\/wp-json\/wp\/v2\/users\/1"}],"replies":[{"embeddable":true,"href":"https:\/\/mavideniz.com.tr\/fr\/wp-json\/wp\/v2\/comments?post=41120"}],"version-history":[{"count":0,"href":"https:\/\/mavideniz.com.tr\/fr\/wp-json\/wp\/v2\/pages\/41120\/revisions"}],"up":[{"embeddable":true,"href":"https:\/\/mavideniz.com.tr\/fr\/wp-json\/wp\/v2\/pages\/41099"}],"wp:attachment":[{"href":"https:\/\/mavideniz.com.tr\/fr\/wp-json\/wp\/v2\/media?parent=41120"}],"curies":[{"name":"wp","href":"https:\/\/api.w.org\/{rel}","templated":true}]}}