{"id":41125,"date":"2022-10-23T18:22:47","date_gmt":"2022-10-23T18:22:47","guid":{"rendered":"https:\/\/mavideniz.com.tr\/?page_id=41125"},"modified":"2022-10-23T18:22:51","modified_gmt":"2022-10-23T18:22:51","slug":"bateau-de-travail-polyvalent","status":"publish","type":"page","link":"https:\/\/mavideniz.com.tr\/fr\/navires-bateaux\/couche-de-bouee-navire-de-soutien\/bateau-de-travail-polyvalent\/","title":{"rendered":"Bateau de travail polyvalent"},"content":{"rendered":"\n<p>Le Mavi Deniz WorkCat est un bateau de travail polyvalent con\u00e7u pour le travail professionnel et peut d\u00e9ployer des missions c\u00f4ti\u00e8res et offshore dans la rivi\u00e8re.<\/p>\n<p>L&#8217;embarcation de travail effectuera de multiples missions, y compris la manutention des ancres, la manutention des ancres, le service de dragage, le soutien en plong\u00e9e, le remorquage, l&rsquo;approvisionnement, la manutention des tuyaux, les services maritimes g\u00e9n\u00e9raux, le transport de l&rsquo;\u00e9quipement le long de la c\u00f4te, les op\u00e9rations d&rsquo;arpentage, le d\u00e9ploiement et le remorquage de la fl\u00e8che de confinement, l&rsquo;entretien des bou\u00e9es, le soutien des piscicultures, les travaux de construction disponibles, le soutien des op\u00e9rations d&rsquo;\u00e9cumage, le navire de contr\u00f4le de la pollution. Les plongeurs et les sauveteurs appr\u00e9cient \u00e9galement la facilit\u00e9 d&rsquo;acc\u00e8s offerte par la rampe arri\u00e8re.<\/p>\n<p>La capacit\u00e9 des r\u00e9servoirs embarqu\u00e9s de la nacelle polyvalente peut \u00eatre arrang\u00e9e pour vos besoins. En outre, les r\u00e9servoirs peuvent transporter de l&rsquo;huile, de l&rsquo;eau douce, de l&rsquo;huile sale, des eaux us\u00e9es, des boues, des huiles hydrauliques et lubrifiantes, et de l&rsquo;eau de cale.<\/p>\n<p>Le moteur de bateau de travail polyvalent et le syst\u00e8me de propulsion peuvent arranger vos exigences sur une norme ; le syst\u00e8me de propulsion peut int\u00e9grer avec un moteur double ou un moteur. Chaque moteur est propuls\u00e9 par une h\u00e9lice \u00e0 pas fixe dans des tuy\u00e8res optimales \u00e0 travers une bo\u00eete de vitesses Reintjes. Le syst\u00e8me de propulsion fournira une vitesse maximale de 10kt.<\/p>\n<p>Pour l&rsquo;h\u00e9bergement de l&rsquo;\u00e9quipage jusqu&rsquo;\u00e0 sept personnes ou ateliers, Workboat dispose d&rsquo;un am\u00e9nagement standard moderne et efficace avec une timonerie de premi\u00e8re classe. La timonerie et le pont sont enti\u00e8rement isol\u00e9s, ce qui r\u00e9duit les niveaux de bruit. La timonerie est enti\u00e8rement climatis\u00e9e.<\/p>\n<p>Le bateau de travail est rapide, stable, offre une traction de borne \u00e9lev\u00e9e, un pont de travail fournit une capacit\u00e9 de transport de cargaison jusqu&rsquo;\u00e0 120t et peut fonctionner bien en eau peu profonde. Workboat est con\u00e7u pour r\u00e9pondre \u00e0 la demande de robuste, fiable et rapide Workboat qui r\u00e9pond aux exigences des clients.<\/p>\n<p><strong>Caract\u00e9ristiques<\/strong><\/p>\n<ul>\n<li>Fonctions essentielles ; T\u00e2ches g\u00e9n\u00e9rales du bateau de travail \/ Remorquage \/ Pouss\u00e9e \/ Manipulation des ancres \/ Pose de bou\u00e9es \/ Support de dragage \/ Lutte contre la pollution \/ Services de transfert de carburant et d&rsquo;eau douce.<\/li>\n<li>\u00c9quipement de navigation et de communication en option<\/li>\n<li>Transportable sur route<\/li>\n<li>timonerie ergonomique offrant 360 degr\u00e9s de visibilit\u00e9<\/li>\n<li>Faible tirant d&rsquo;eau, manoeuvrabilit\u00e9 sup\u00e9rieure.<\/li>\n<li>Divers mod\u00e8les de timonerie\/console.<\/li>\n<li>Toute construction en acier soud\u00e9 de qualit\u00e9 marine.<\/li>\n<li>Des \u00e9quipements suppl\u00e9mentaires peuvent \u00eatre install\u00e9s, tels qu&rsquo;une grue hydraulique, un treuil hydraulique ou \u00e9lectrique, des \u00e9quipements de navigation, etc.<\/li>\n<li>Des tailles et sp\u00e9cifications personnalis\u00e9es sont disponibles.<\/li>\n<\/ul>\n<div class=\"wptm_table tablesorter-bootstrap \" data-id=\"62\" data-hightlight=\"0\"><div class=\"wptm_buttons buttons_wptmTbl62\"><\/div><div class=\"wptmresponsive dataTables-wptmtable wptmtable \" id=\"wptmtable62\" data-tableid=\"wptmTbl62\"><table data-count-header=\"1\"  data-format-decimal_count=\"0\" data-format-decimal_symbol=\".\" data-format-symbol_position=\"0\" data-format-thousand_symbol=\",\"  data-format-currency_symbol=\"$\"  data-name-style=\"62_1759815106.css\" data-format=\"YYYY-MM-DD\" id=\"wptmTbl62\" data-id=\"62\" data-responsive=\"false\" data-hideCols=\"false\"  data-type=\"html\" data-paging=\"false\" data-searching=\"true\"  data-ordering=\"false\" data-table-breakpoint=\"980\" data-scroll-x=\"true\" data-scroll-collapse=\"true\" data-align=\"center\" data-range=\"[]\" data-hideColumn=\"[0,0,0,0,0,0]\"  data-colwidths=\"[167,210,278,268,238,244]\"  data-colwidths_desktop=[]  data-colwidths_tablet=[]  data-colwidths_mobile=[]  class=\"wptm_main_table  disablePager hideScrollHeader\"><colgroup><col data-dtr=\"0\" data-dtc=\"0\" class=\"dtc0\"><col data-dtr=\"0\" data-dtc=\"1\" class=\"dtc1\"><col data-dtr=\"0\" data-dtc=\"2\" class=\"dtc2\"><col data-dtr=\"0\" data-dtc=\"3\" class=\"dtc3\"><col data-dtr=\"0\" data-dtc=\"4\" class=\"dtc4\"><col data-dtr=\"0\" data-dtc=\"5\" class=\"dtc5\"><\/colgroup><thead><tr class=\"wptm-header-cells-index\"><th rowspan=\"1\" colspan=\"1\" data-dtr=\"0\" data-dtc=\"0\" class=\"dtr0 dtc0\"><\/th><th rowspan=\"1\" colspan=\"1\" data-dtr=\"0\" data-dtc=\"1\" class=\"dtr0 dtc1\"><\/th><th rowspan=\"1\" colspan=\"1\" data-dtr=\"0\" data-dtc=\"2\" class=\"dtr0 dtc2\"><\/th><th rowspan=\"1\" colspan=\"1\" data-dtr=\"0\" data-dtc=\"3\" class=\"dtr0 dtc3\"><\/th><th rowspan=\"1\" colspan=\"1\" data-dtr=\"0\" data-dtc=\"4\" class=\"dtr0 dtc4\"><\/th><th rowspan=\"1\" colspan=\"1\" data-dtr=\"0\" data-dtc=\"5\" class=\"dtr0 dtc5\"><\/th><\/tr><tr class=\" row0\"><th   data-priority=\"0\" class=\"dtr0 dtc0\"><\/th><th   data-priority=\"0\" class=\"dtr0 dtc1\">Work Cat 10<\/th><th   data-priority=\"0\" class=\"dtr0 dtc2\">Work Cat 12<\/th><th   data-priority=\"0\" class=\"dtr0 dtc3\">Work Cat 15<\/th><th   data-priority=\"0\" class=\"dtr0 dtc4\">Work Cat 18<\/th><th   data-priority=\"0\" class=\"dtr0 dtc5\">Work Cat 22<\/th><\/thead><tbody><tr class=\" row1\"><td    class=\"dtr1 dtc0\">Length<\/td><td    class=\"dtr1 dtc1\">10 m<\/td><td    class=\"dtr1 dtc2\">12 m<\/td><td    class=\"dtr1 dtc3\">15 m<\/td><td    class=\"dtr1 dtc4\">18 m<\/td><td    class=\"dtr1 dtc5\">22 m<\/td><\/tr><tr class=\" row2\"><td    class=\"dtr2 dtc0\">Width<\/td><td    class=\"dtr2 dtc1\">5.0 m<\/td><td    class=\"dtr2 dtc2\">5.0 m<\/td><td    class=\"dtr2 dtc3\">6.0 m<\/td><td    class=\"dtr2 dtc4\">8.0 m<\/td><td    class=\"dtr2 dtc5\">8 m<\/td><\/tr><tr class=\" row3\"><td    class=\"dtr3 dtc0\">Draft<\/td><td    class=\"dtr3 dtc1\">1.5 m<\/td><td    class=\"dtr3 dtc2\">1.5 m<\/td><td    class=\"dtr3 dtc3\">1.8 m<\/td><td    class=\"dtr3 dtc4\">2 m<\/td><td    class=\"dtr3 dtc5\">2,1 m<\/td><\/tr><tr class=\" row4\"><td    class=\"dtr4 dtc0\">Material<\/td><td  colspan=\"5\"   class=\"dtr4 dtc1\">Steel<\/td><td  style=\"display: none\"   class=\"dtr4 dtc2\"><\/td><td  style=\"display: none\"   class=\"dtr4 dtc3\"><\/td><td  style=\"display: none\"   class=\"dtr4 dtc4\"><\/td><td  style=\"display: none\"   class=\"dtr4 dtc5\"><\/td><\/tr><tr class=\" row5\"><td    class=\"dtr5 dtc0\">Engine<\/td><td    class=\"dtr5 dtc1\">2 x 100 hp<\/td><td    class=\"dtr5 dtc2\">2 x 150 hp<\/td><td    class=\"dtr5 dtc3\">2 x 350 hp<\/td><td    class=\"dtr5 dtc4\">2 x 500 hp<\/td><td    class=\"dtr5 dtc5\">2 x 600 hp<\/td><\/tr><tr class=\" row6\"><td    class=\"dtr6 dtc0\">Speed<\/td><td    class=\"dtr6 dtc1\">7 Knots<\/td><td    class=\"dtr6 dtc2\">7,5 Knots<\/td><td    class=\"dtr6 dtc3\">8 Knots<\/td><td    class=\"dtr6 dtc4\">9 Knots<\/td><td    class=\"dtr6 dtc5\">9 Knots<\/td><\/tr><tr class=\" row7\"><td    class=\"dtr7 dtc0\">Optional<\/td><td  colspan=\"5\"   class=\"dtr7 dtc1\">Fire Canon \/ Oil Boom \/ Oil Skimmer \/ Spray System \/ Diving Equipments \/ Shacklers \/ Crane<\/td><td  style=\"display: none\"   class=\"dtr7 dtc2\"><\/td><td  style=\"display: none\"   class=\"dtr7 dtc3\"><\/td><td  style=\"display: none\"   class=\"dtr7 dtc4\"><\/td><td  style=\"display: none\"   class=\"dtr7 dtc5\"><\/td><\/tr><\/tbody><tfoot><tr><td class=\"dtr7 dtc0\" style=\"height: 0;\"><\/td><td class=\"dtr7 dtc1\" style=\"height: 0;\"><\/td><td class=\"dtr7 dtc2\" style=\"height: 0;\"><\/td><td class=\"dtr7 dtc3\" style=\"height: 0;\"><\/td><td class=\"dtr7 dtc4\" style=\"height: 0;\"><\/td><td class=\"dtr7 dtc5\" style=\"height: 0;\"><\/td><\/tr><\/tfoot><\/table><\/div><style>#wptmtable62 .dataTables_wrapper > .dataTables_scroll {max-height:500px;overflow: auto;}<\/style><script>window.wptm_ajaxurl = 'https:\/\/mavideniz.com.tr\/wp-admin\/admin-ajax.php?juwpfisadmin=false&action=Wptm&'; window.wptm_front = 'https:\/\/mavideniz.com.tr\/wp-content\/plugins\/wp-table-manager\/app\/site\/assets\/'; window.wptm_style = 'https:\/\/mavideniz.com.tr\/wp-content\/uploads\/wptm\/';<\/script><\/div><style><\/style>\n","protected":false},"excerpt":{"rendered":"<p>Le Mavi Deniz WorkCat est un bateau de travail polyvalent con\u00e7u pour le travail professionnel et peut d\u00e9ployer des missions [&hellip;]<\/p>\n","protected":false},"author":1,"featured_media":0,"parent":41099,"menu_order":0,"comment_status":"closed","ping_status":"closed","template":"","meta":{"site-sidebar-layout":"default","site-content-layout":"","ast-site-content-layout":"default","site-content-style":"default","site-sidebar-style":"default","ast-global-header-display":"","ast-banner-title-visibility":"","ast-main-header-display":"","ast-hfb-above-header-display":"","ast-hfb-below-header-display":"","ast-hfb-mobile-header-display":"","site-post-title":"","ast-breadcrumbs-content":"","ast-featured-img":"","footer-sml-layout":"","ast-disable-related-posts":"","theme-transparent-header-meta":"","adv-header-id-meta":"","stick-header-meta":"","header-above-stick-meta":"","header-main-stick-meta":"","header-below-stick-meta":"","astra-migrate-meta-layouts":"default","ast-page-background-enabled":"default","ast-page-background-meta":{"desktop":{"background-color":"var(--ast-global-color-5)","background-image":"","background-repeat":"repeat","background-position":"center center","background-size":"auto","background-attachment":"scroll","background-type":"","background-media":"","overlay-type":"","overlay-color":"","overlay-opacity":"","overlay-gradient":""},"tablet":{"background-color":"","background-image":"","background-repeat":"repeat","background-position":"center center","background-size":"auto","background-attachment":"scroll","background-type":"","background-media":"","overlay-type":"","overlay-color":"","overlay-opacity":"","overlay-gradient":""},"mobile":{"background-color":"","background-image":"","background-repeat":"repeat","background-position":"center center","background-size":"auto","background-attachment":"scroll","background-type":"","background-media":"","overlay-type":"","overlay-color":"","overlay-opacity":"","overlay-gradient":""}},"ast-content-background-meta":{"desktop":{"background-color":"var(--ast-global-color-4)","background-image":"","background-repeat":"repeat","background-position":"center center","background-size":"auto","background-attachment":"scroll","background-type":"","background-media":"","overlay-type":"","overlay-color":"","overlay-opacity":"","overlay-gradient":""},"tablet":{"background-color":"var(--ast-global-color-4)","background-image":"","background-repeat":"repeat","background-position":"center center","background-size":"auto","background-attachment":"scroll","background-type":"","background-media":"","overlay-type":"","overlay-color":"","overlay-opacity":"","overlay-gradient":""},"mobile":{"background-color":"var(--ast-global-color-4)","background-image":"","background-repeat":"repeat","background-position":"center center","background-size":"auto","background-attachment":"scroll","background-type":"","background-media":"","overlay-type":"","overlay-color":"","overlay-opacity":"","overlay-gradient":""}},"footnotes":""},"class_list":["post-41125","page","type-page","status-publish","hentry"],"_links":{"self":[{"href":"https:\/\/mavideniz.com.tr\/fr\/wp-json\/wp\/v2\/pages\/41125","targetHints":{"allow":["GET"]}}],"collection":[{"href":"https:\/\/mavideniz.com.tr\/fr\/wp-json\/wp\/v2\/pages"}],"about":[{"href":"https:\/\/mavideniz.com.tr\/fr\/wp-json\/wp\/v2\/types\/page"}],"author":[{"embeddable":true,"href":"https:\/\/mavideniz.com.tr\/fr\/wp-json\/wp\/v2\/users\/1"}],"replies":[{"embeddable":true,"href":"https:\/\/mavideniz.com.tr\/fr\/wp-json\/wp\/v2\/comments?post=41125"}],"version-history":[{"count":0,"href":"https:\/\/mavideniz.com.tr\/fr\/wp-json\/wp\/v2\/pages\/41125\/revisions"}],"up":[{"embeddable":true,"href":"https:\/\/mavideniz.com.tr\/fr\/wp-json\/wp\/v2\/pages\/41099"}],"wp:attachment":[{"href":"https:\/\/mavideniz.com.tr\/fr\/wp-json\/wp\/v2\/media?parent=41125"}],"curies":[{"name":"wp","href":"https:\/\/api.w.org\/{rel}","templated":true}]}}