{"id":41135,"date":"2022-10-23T18:31:13","date_gmt":"2022-10-23T18:31:13","guid":{"rendered":"https:\/\/mavideniz.com.tr\/?page_id=41135"},"modified":"2022-10-23T18:31:17","modified_gmt":"2022-10-23T18:31:17","slug":"drague-suceuse-a-desagregateur","status":"publish","type":"page","link":"https:\/\/mavideniz.com.tr\/fr\/navires-bateaux\/dragueur-barge\/drague-suceuse-a-desagregateur\/","title":{"rendered":"Drague suceuse \u00e0 d\u00e9sagr\u00e9gateur"},"content":{"rendered":"\n<p>La drague suceuse \u00e0 couteaux Mavideniz est con\u00e7ue pour draguer la roche, l&rsquo;argile, le limon et le sable et pour utiliser l\u00e0 o\u00f9 le sol est trop dur pour les dragues suceuses tra\u00eenantes. Drague suceuse dragueuse dragu\u00e9e m\u00e9caniquement par une t\u00eate de coupe rotative et appropri\u00e9e pour la remise en \u00e9tat des terres, l&rsquo;approfondissement des ports et la construction et l&rsquo;expansion des ports et des canaux de navigation ou la tranch\u00e9e de pipeline dans le fond marin, la construction d&rsquo;\u00eeles de plage sacrificielles et bermes sous-marines, dragage de canal et de port, remise en \u00e9tat des terres et protection c\u00f4ti\u00e8re, transfert des r\u00e9sidus miniers, r\u00e9cup\u00e9ration MFT et l&rsquo;agriculture de boue (sables bitumineux), excavation de trous de gloire, tranch\u00e9es pour les pipelines, pose et intervention de tuyaux et de c\u00e2bles, placement de protection\/intervention de pipeline, intervention de plate-forme et de t\u00eate, chutes et approches c\u00f4ti\u00e8res, nettoyage environnemental, et.<\/p>\n<p>La profondeur de dragage d\u00e9pend de la taille du dragueur. La profondeur de coupe standard du dragueur peut atteindre jusqu&rsquo;\u00e0 25 m avec une \u00e9chelle courte et des goujons, tandis qu&rsquo;une profondeur d&rsquo;aspiration profonde sur les fils peut atteindre 45 m. Vous pouvez travailler dans toutes sortes d&rsquo;eaux, y compris dans les zones d&rsquo;eau peu profonde. Toutes les parties de la drague suceuse \u00e0 couteaux peuvent \u00eatre transport\u00e9es par route, rail ou mer. Commencez par la conception ; Cutter Suction Dredger a une excellente capacit\u00e9 de production de drague.<\/p>\n<p>Les dragues seront manipul\u00e9es par le ma\u00eetre de drague ; tous les instruments n\u00e9cessaires et les dispositifs de direction sont ici install\u00e9s \u00e0 l&rsquo;int\u00e9rieur de la cabine de premi\u00e8re classe de fonctionnement avec climatisation, amortisseurs pour minimiser les vibrations et le niveau de bruit, et \u00e9galement mont\u00e9 syst\u00e8me de contr\u00f4le et de surveillance de drague, syst\u00e8me de mesure de densit\u00e9 et de d\u00e9bit, contr\u00f4le automatique de coupe, contr\u00f4le de la position du tube d&rsquo;aspiration, contr\u00f4le de l&rsquo;aspiration et de chargement, la vitesse du m\u00e9lange dans le tuyau de livraison et aussi Reporting &#8211; Data logging et Trending.<\/p>\n<p>La drague aspirante peut \u00eatre automotrice ou n\u00e9cessiter un remorquage entre les chantiers. Tous les moteurs et cylindres hydrauliques fonctionnent avec une pompe \u00e0 pistons radiaux entra\u00een\u00e9e par le moteur diesel. L&rsquo;am\u00e9lioration de l&rsquo;efficacit\u00e9 et les \u00e9conomies de consommation de carburant sont spectaculaires par rapport aux dragues traditionnelles. La puissance install\u00e9e est nettement inf\u00e9rieure \u00e0 celle d&rsquo;autres dragues de livraison similaire<\/p>\n<p>pipelines. Le moteur diesel est un moteur diesel moderne contr\u00f4l\u00e9 par ordinateur avec une faible consommation de carburant et des \u00e9missions de NOx et de suie.<\/p>\n<p>En outre, drague d&rsquo;aspiration de coupe, la profondeur de coupe peut \u00eatre r\u00e9duite ou augment\u00e9e, installation de fl\u00e8che d&rsquo;ancrage, ponton de chariot de pompage, installation d&rsquo;aspiration simple avec pompe \u00e0 eau \u00e0 jet, connexion pivotante pour pipeline de d\u00e9charge, grue \u00e0 fl\u00e8che pour changer les pi\u00e8ces de rechange de pompe, WC, lumi\u00e8res de navigation.<\/p>\n<p>Apr\u00e8s la livraison du navire, vous verrez la m\u00eame performance et la m\u00eame qualit\u00e9 des ann\u00e9es et des ann\u00e9es plus tard, aucun changement ; il y a une raison d&rsquo;attraper la performance et la qualit\u00e9 ; nous ne choisissons pas des produits bon march\u00e9, choisir le meilleur mat\u00e9riel et les produits pour la construction du Fast Ferry, et aussi choisir les meilleurs ouvriers, ing\u00e9nieurs. Nous pouvons organiser les conceptions pour votre profil op\u00e9rationnel et vos besoins.<\/p>\n<p><strong>Caract\u00e9ristiques<\/strong><\/p>\n<ul>\n<li>Faible maintenance, distribution \u00e9lectrique efficace et hautes performances<\/li>\n<li>Pi\u00e8ces de rechange en stock<\/li>\n<li>Faible co\u00fbt par m<sup>3<\/sup><\/li>\n<li>D\u00e9montable et transportable par route, rail ou mer<\/li>\n<li>Dents raffin\u00e9es et design de pointe,<\/li>\n<li>Un entra\u00eenement de pompe s\u00fbr et robuste<\/li>\n<li>Presque toutes sortes de sols (sable, limon, argile, roche &lt; 30 MPa)<\/li>\n<li>Maintenance simplifi\u00e9e, LONGUE DUR\u00c9E<\/li>\n<li>Profondeur de dragage max. 45 m<\/li>\n<li>La puissance de la t\u00eate de coupe varie de 25 kW \u00e0 500 kW<\/li>\n<li>Une roche robuste est une drague automotrice de haute mer coupante con\u00e7ue pour fonctionner dans les eaux abrit\u00e9es et c\u00f4ti\u00e8res jusqu&rsquo;\u00e0 15 miles au large.<\/li>\n<li>Convient aussi bien aux eaux peu profondes qu&rsquo;aux eaux profondes.<\/li>\n<li>Cutter Suction Dredger Equip\u00e9 pour travailler dans des climats chauds et tropicaux et des endroits isol\u00e9s.<\/li>\n<\/ul>\n<div class=\"wptm_table tablesorter-bootstrap \" data-id=\"56\" data-hightlight=\"0\"><div class=\"wptm_buttons buttons_wptmTbl56\"><\/div><div class=\"wptmresponsive dataTables-wptmtable wptmtable \" id=\"wptmtable56\" data-tableid=\"wptmTbl56\"><table data-count-header=\"1\"  data-format-decimal_count=\"0\" data-format-decimal_symbol=\".\" data-format-symbol_position=\"0\" data-format-thousand_symbol=\",\"  data-format-currency_symbol=\"$\"  data-name-style=\"56_1759813400.css\" data-format=\"YYYY-MM-DD\" id=\"wptmTbl56\" data-id=\"56\" data-responsive=\"false\" data-hideCols=\"false\"  data-type=\"html\" data-paging=\"false\" data-searching=\"true\"  data-ordering=\"false\" data-table-breakpoint=\"980\" data-scroll-x=\"true\" data-scroll-collapse=\"true\" data-align=\"center\" data-range=\"[]\" data-hideColumn=\"[0,0,0,0,0,0,0,0]\"  data-colwidths=\"[142,142,142,142,142,142,142,142]\"  data-colwidths_desktop=[]  data-colwidths_tablet=[]  data-colwidths_mobile=[]  class=\"wptm_main_table  disablePager hideScrollHeader\"><colgroup><col data-dtr=\"0\" data-dtc=\"0\" class=\"dtc0\"><col data-dtr=\"0\" data-dtc=\"1\" class=\"dtc1\"><col data-dtr=\"0\" data-dtc=\"2\" class=\"dtc2\"><col data-dtr=\"0\" data-dtc=\"3\" class=\"dtc3\"><col data-dtr=\"0\" data-dtc=\"4\" class=\"dtc4\"><col data-dtr=\"0\" data-dtc=\"5\" class=\"dtc5\"><col data-dtr=\"0\" data-dtc=\"6\" class=\"dtc6\"><col data-dtr=\"0\" data-dtc=\"7\" class=\"dtc7\"><\/colgroup><thead><tr class=\"wptm-header-cells-index\"><th rowspan=\"1\" colspan=\"1\" data-dtr=\"0\" data-dtc=\"0\" class=\"dtr0 dtc0\"><\/th><th rowspan=\"1\" colspan=\"1\" data-dtr=\"0\" data-dtc=\"1\" class=\"dtr0 dtc1\"><\/th><th rowspan=\"1\" colspan=\"1\" data-dtr=\"0\" data-dtc=\"2\" class=\"dtr0 dtc2\"><\/th><th rowspan=\"1\" colspan=\"1\" data-dtr=\"0\" data-dtc=\"3\" class=\"dtr0 dtc3\"><\/th><th rowspan=\"1\" colspan=\"1\" data-dtr=\"0\" data-dtc=\"4\" class=\"dtr0 dtc4\"><\/th><th rowspan=\"1\" colspan=\"1\" data-dtr=\"0\" data-dtc=\"5\" class=\"dtr0 dtc5\"><\/th><th rowspan=\"1\" colspan=\"1\" data-dtr=\"0\" data-dtc=\"6\" class=\"dtr0 dtc6\"><\/th><th rowspan=\"1\" colspan=\"1\" data-dtr=\"0\" data-dtc=\"7\" class=\"dtr0 dtc7\"><\/th><\/tr><tr class=\" row0\"><th   data-priority=\"0\" class=\"dtr0 dtc0\"><\/th><th   data-priority=\"0\" class=\"dtr0 dtc1\">CSD 650<\/th><th   data-priority=\"0\" class=\"dtr0 dtc2\">CSD 500<\/th><th   data-priority=\"0\" class=\"dtr0 dtc3\">CSD 450<\/th><th   data-priority=\"0\" class=\"dtr0 dtc4\">CSD 400<\/th><th   data-priority=\"0\" class=\"dtr0 dtc5\">CSD 350<\/th><th   data-priority=\"0\" class=\"dtr0 dtc6\">CSD 300<\/th><th   data-priority=\"0\" class=\"dtr0 dtc7\">CSD 250<\/th><\/thead><tbody><tr class=\" row1\"><td    class=\"dtr1 dtc0\">Capacity<\/td><td    class=\"dtr1 dtc1\">4.000 m3\/h<\/td><td    class=\"dtr1 dtc2\">4.000 m3\/h<\/td><td    class=\"dtr1 dtc3\">3.000 m3\/h<\/td><td    class=\"dtr1 dtc4\">2.500 m3\/h<\/td><td    class=\"dtr1 dtc5\">2.000 m3\/h<\/td><td    class=\"dtr1 dtc6\">1.500 m3\/h<\/td><td    class=\"dtr1 dtc7\">1.000 m3\/h<\/td><\/tr><tr class=\" row2\"><td    class=\"dtr2 dtc0\"><p>Dredging Depth<br \/>min | max<\/p><\/td><td    class=\"dtr2 dtc1\">3 m | 18 m<\/td><td    class=\"dtr2 dtc2\">2 m | 14 m<\/td><td    class=\"dtr2 dtc3\">1.5 m | 12 m<\/td><td    class=\"dtr2 dtc4\">1 m | 10 m<\/td><td    class=\"dtr2 dtc5\">1 m | 8 m<\/td><td    class=\"dtr2 dtc6\">1 m | 7 m<\/td><td    class=\"dtr2 dtc7\">1 m | 6 m<\/td><\/tr><tr class=\" row3\"><td    class=\"dtr3 dtc0\">Total Installed Power<\/td><td    class=\"dtr3 dtc1\">2.779 Kw<\/td><td    class=\"dtr3 dtc2\">1.274 Kw<\/td><td    class=\"dtr3 dtc3\">946 Kw<\/td><td    class=\"dtr3 dtc4\">750 Kw<\/td><td    class=\"dtr3 dtc5\">480 Kw<\/td><td    class=\"dtr3 dtc6\">300 Kw<\/td><td    class=\"dtr3 dtc7\">230 Kw<\/td><\/tr><tr class=\" row4\"><td    class=\"dtr4 dtc0\">Dredge Pump Engine<\/td><td    class=\"dtr4 dtc1\">1.825 Kw<\/td><td    class=\"dtr4 dtc2\">954 Kw<\/td><td    class=\"dtr4 dtc3\">746 Kw<\/td><td    class=\"dtr4 dtc4\">570 Kw<\/td><td    class=\"dtr4 dtc5\">370 Kw<\/td><td    class=\"dtr4 dtc6\">230 Kw<\/td><td    class=\"dtr4 dtc7\">230 Kw<\/td><\/tr><tr class=\" row5\"><td    class=\"dtr5 dtc0\">Auxiliary Engine<\/td><td    class=\"dtr5 dtc1\">954 Kw<\/td><td    class=\"dtr5 dtc2\">320 Kw<\/td><td    class=\"dtr5 dtc3\">200 Kw<\/td><td    class=\"dtr5 dtc4\">180 Kw<\/td><td    class=\"dtr5 dtc5\">110 Kw<\/td><td    class=\"dtr5 dtc6\">70 Kw<\/td><td    class=\"dtr5 dtc7\">-<\/td><\/tr><tr class=\" row6\"><td    class=\"dtr6 dtc0\">Cutter Power<\/td><td    class=\"dtr6 dtc1\">450 Kw<\/td><td    class=\"dtr6 dtc2\">180 Kw<\/td><td    class=\"dtr6 dtc3\">110 Kw<\/td><td    class=\"dtr6 dtc4\">75 Kw<\/td><td    class=\"dtr6 dtc5\">55 Kw<\/td><td    class=\"dtr6 dtc6\">40 Kw<\/td><td    class=\"dtr6 dtc7\">25 Kw<\/td><\/tr><tr class=\" row7\"><td    class=\"dtr7 dtc0\">Main Generator<\/td><td    class=\"dtr7 dtc1\">45 Kw<\/td><td    class=\"dtr7 dtc2\">22.5 Kw<\/td><td    class=\"dtr7 dtc3\">19 Kw<\/td><td    class=\"dtr7 dtc4\">17.5 Kw<\/td><td    class=\"dtr7 dtc5\">13.5 Kw<\/td><td    class=\"dtr7 dtc6\">11 Kw<\/td><td    class=\"dtr7 dtc7\">9.5 Kw<\/td><\/tr><tr class=\" row8\"><td    class=\"dtr8 dtc0\">Deck Crane<\/td><td    class=\"dtr8 dtc1\">5 T<\/td><td    class=\"dtr8 dtc2\">3 T<\/td><td    class=\"dtr8 dtc3\">2 T<\/td><td    class=\"dtr8 dtc4\">1.8 T<\/td><td    class=\"dtr8 dtc5\">1.5 T<\/td><td    class=\"dtr8 dtc6\">1 T<\/td><td    class=\"dtr8 dtc7\">-<\/td><\/tr><tr class=\" row9\"><td    class=\"dtr9 dtc0\">Side Winch<\/td><td    class=\"dtr9 dtc1\">2 x 240 Kn<\/td><td    class=\"dtr9 dtc2\">2 x 120 Kn<\/td><td    class=\"dtr9 dtc3\">2 x 80 Kn<\/td><td    class=\"dtr9 dtc4\">2 x 50 Kn<\/td><td    class=\"dtr9 dtc5\">2 x 40 Kn<\/td><td    class=\"dtr9 dtc6\">2 x 35 Kn<\/td><td    class=\"dtr9 dtc7\">2 x 30 Kn<\/td><\/tr><tr class=\" row10\"><td    class=\"dtr10 dtc0\">Ladder Winch<\/td><td    class=\"dtr10 dtc1\">1 x 240 Kn<\/td><td    class=\"dtr10 dtc2\">1 x 120 Kn<\/td><td    class=\"dtr10 dtc3\">1 x 80 Kn<\/td><td    class=\"dtr10 dtc4\">1 x 50 Kn<\/td><td    class=\"dtr10 dtc5\">1 x 40 Kn<\/td><td    class=\"dtr10 dtc6\">1 x 35 Kn<\/td><td    class=\"dtr10 dtc7\">1 x 30 Kn<\/td><\/tr><tr class=\" row11\"><td    class=\"dtr11 dtc0\">Suction Pipe Diameter<\/td><td    class=\"dtr11 dtc1\">700 mm<\/td><td    class=\"dtr11 dtc2\">550 mm<\/td><td    class=\"dtr11 dtc3\">450 mm<\/td><td    class=\"dtr11 dtc4\">440 mm<\/td><td    class=\"dtr11 dtc5\">390 mm<\/td><td    class=\"dtr11 dtc6\">340 mm<\/td><td    class=\"dtr11 dtc7\">305 mm<\/td><\/tr><tr class=\" row12\"><td    class=\"dtr12 dtc0\">Discharge Pipe Diameter<\/td><td    class=\"dtr12 dtc1\">650 mm<\/td><td    class=\"dtr12 dtc2\">500 mm<\/td><td    class=\"dtr12 dtc3\">450 mm<\/td><td    class=\"dtr12 dtc4\">390 mm<\/td><td    class=\"dtr12 dtc5\">340 mm<\/td><td    class=\"dtr12 dtc6\">310 mm<\/td><td    class=\"dtr12 dtc7\">260 mm<\/td><\/tr><tr class=\" row13\"><td    class=\"dtr13 dtc0\">Length O.A. ( Ladder Up )<\/td><td    class=\"dtr13 dtc1\">43 m<\/td><td    class=\"dtr13 dtc2\">37 m<\/td><td    class=\"dtr13 dtc3\">32 m<\/td><td    class=\"dtr13 dtc4\">26 m<\/td><td    class=\"dtr13 dtc5\">23 m<\/td><td    class=\"dtr13 dtc6\">18 m<\/td><td    class=\"dtr13 dtc7\">17 m<\/td><\/tr><tr class=\" row14\"><td    class=\"dtr14 dtc0\">Pontoon Length Over<\/td><td    class=\"dtr14 dtc1\">32 m<\/td><td    class=\"dtr14 dtc2\">26 m<\/td><td    class=\"dtr14 dtc3\">22 m<\/td><td    class=\"dtr14 dtc4\">18 m<\/td><td    class=\"dtr14 dtc5\">15 m<\/td><td    class=\"dtr14 dtc6\">12 m<\/td><td    class=\"dtr14 dtc7\">9 m<\/td><\/tr><tr class=\" row15\"><td    class=\"dtr15 dtc0\">Width<\/td><td    class=\"dtr15 dtc1\">10 m<\/td><td    class=\"dtr15 dtc2\">7.6 m<\/td><td    class=\"dtr15 dtc3\">7.6 m<\/td><td    class=\"dtr15 dtc4\">5 m<\/td><td    class=\"dtr15 dtc5\">5 m<\/td><td    class=\"dtr15 dtc6\">4.5 m<\/td><td    class=\"dtr15 dtc7\">4 m<\/td><\/tr><tr class=\" row16\"><td    class=\"dtr16 dtc0\">Depth<\/td><td    class=\"dtr16 dtc1\">2.8 m<\/td><td    class=\"dtr16 dtc2\">2.5 m<\/td><td    class=\"dtr16 dtc3\">2 m<\/td><td    class=\"dtr16 dtc4\">1.8 m<\/td><td    class=\"dtr16 dtc5\">1.5 m<\/td><td    class=\"dtr16 dtc6\">1.5 m<\/td><td    class=\"dtr16 dtc7\">1.5 m<\/td><\/tr><tr class=\" row17\"><td    class=\"dtr17 dtc0\">Fuel Oil Tank<\/td><td    class=\"dtr17 dtc1\">58 m3<\/td><td    class=\"dtr17 dtc2\">20 m3<\/td><td    class=\"dtr17 dtc3\">16 m3<\/td><td    class=\"dtr17 dtc4\">12 m3<\/td><td    class=\"dtr17 dtc5\">8.5 m3<\/td><td    class=\"dtr17 dtc6\">6 m3<\/td><td    class=\"dtr17 dtc7\">3 m3<\/td><\/tr><tr class=\" row18\"><td    class=\"dtr18 dtc0\">Total Weight<\/td><td    class=\"dtr18 dtc1\">380 T<\/td><td    class=\"dtr18 dtc2\">170 T<\/td><td    class=\"dtr18 dtc3\">120 T<\/td><td    class=\"dtr18 dtc4\">70 T<\/td><td    class=\"dtr18 dtc5\">55 T<\/td><td    class=\"dtr18 dtc6\">35 T<\/td><td    class=\"dtr18 dtc7\">30 T<\/td><\/tr><\/tbody><tfoot><tr><td class=\"dtr18 dtc0\" style=\"height: 0;\"><\/td><td class=\"dtr18 dtc1\" style=\"height: 0;\"><\/td><td class=\"dtr18 dtc2\" style=\"height: 0;\"><\/td><td class=\"dtr18 dtc3\" style=\"height: 0;\"><\/td><td class=\"dtr18 dtc4\" style=\"height: 0;\"><\/td><td class=\"dtr18 dtc5\" style=\"height: 0;\"><\/td><td class=\"dtr18 dtc6\" style=\"height: 0;\"><\/td><td class=\"dtr18 dtc7\" style=\"height: 0;\"><\/td><\/tr><\/tfoot><\/table><\/div><style>#wptmtable56 .dataTables_wrapper > .dataTables_scroll {max-height:750px;overflow: auto;}<\/style><script>window.wptm_ajaxurl = 'https:\/\/mavideniz.com.tr\/wp-admin\/admin-ajax.php?juwpfisadmin=false&action=Wptm&'; window.wptm_front = 'https:\/\/mavideniz.com.tr\/wp-content\/plugins\/wp-table-manager\/app\/site\/assets\/'; window.wptm_style = 'https:\/\/mavideniz.com.tr\/wp-content\/uploads\/wptm\/';<\/script><\/div><style><\/style>\n","protected":false},"excerpt":{"rendered":"<p>La drague suceuse \u00e0 couteaux Mavideniz est con\u00e7ue pour draguer la roche, l&rsquo;argile, le limon et le sable et pour [&hellip;]<\/p>\n","protected":false},"author":1,"featured_media":0,"parent":41130,"menu_order":0,"comment_status":"closed","ping_status":"closed","template":"","meta":{"site-sidebar-layout":"default","site-content-layout":"","ast-site-content-layout":"default","site-content-style":"default","site-sidebar-style":"default","ast-global-header-display":"","ast-banner-title-visibility":"","ast-main-header-display":"","ast-hfb-above-header-display":"","ast-hfb-below-header-display":"","ast-hfb-mobile-header-display":"","site-post-title":"","ast-breadcrumbs-content":"","ast-featured-img":"","footer-sml-layout":"","ast-disable-related-posts":"","theme-transparent-header-meta":"","adv-header-id-meta":"","stick-header-meta":"","header-above-stick-meta":"","header-main-stick-meta":"","header-below-stick-meta":"","astra-migrate-meta-layouts":"default","ast-page-background-enabled":"default","ast-page-background-meta":{"desktop":{"background-color":"var(--ast-global-color-5)","background-image":"","background-repeat":"repeat","background-position":"center center","background-size":"auto","background-attachment":"scroll","background-type":"","background-media":"","overlay-type":"","overlay-color":"","overlay-opacity":"","overlay-gradient":""},"tablet":{"background-color":"","background-image":"","background-repeat":"repeat","background-position":"center center","background-size":"auto","background-attachment":"scroll","background-type":"","background-media":"","overlay-type":"","overlay-color":"","overlay-opacity":"","overlay-gradient":""},"mobile":{"background-color":"","background-image":"","background-repeat":"repeat","background-position":"center center","background-size":"auto","background-attachment":"scroll","background-type":"","background-media":"","overlay-type":"","overlay-color":"","overlay-opacity":"","overlay-gradient":""}},"ast-content-background-meta":{"desktop":{"background-color":"var(--ast-global-color-4)","background-image":"","background-repeat":"repeat","background-position":"center center","background-size":"auto","background-attachment":"scroll","background-type":"","background-media":"","overlay-type":"","overlay-color":"","overlay-opacity":"","overlay-gradient":""},"tablet":{"background-color":"var(--ast-global-color-4)","background-image":"","background-repeat":"repeat","background-position":"center center","background-size":"auto","background-attachment":"scroll","background-type":"","background-media":"","overlay-type":"","overlay-color":"","overlay-opacity":"","overlay-gradient":""},"mobile":{"background-color":"var(--ast-global-color-4)","background-image":"","background-repeat":"repeat","background-position":"center center","background-size":"auto","background-attachment":"scroll","background-type":"","background-media":"","overlay-type":"","overlay-color":"","overlay-opacity":"","overlay-gradient":""}},"footnotes":""},"class_list":["post-41135","page","type-page","status-publish","hentry"],"_links":{"self":[{"href":"https:\/\/mavideniz.com.tr\/fr\/wp-json\/wp\/v2\/pages\/41135","targetHints":{"allow":["GET"]}}],"collection":[{"href":"https:\/\/mavideniz.com.tr\/fr\/wp-json\/wp\/v2\/pages"}],"about":[{"href":"https:\/\/mavideniz.com.tr\/fr\/wp-json\/wp\/v2\/types\/page"}],"author":[{"embeddable":true,"href":"https:\/\/mavideniz.com.tr\/fr\/wp-json\/wp\/v2\/users\/1"}],"replies":[{"embeddable":true,"href":"https:\/\/mavideniz.com.tr\/fr\/wp-json\/wp\/v2\/comments?post=41135"}],"version-history":[{"count":0,"href":"https:\/\/mavideniz.com.tr\/fr\/wp-json\/wp\/v2\/pages\/41135\/revisions"}],"up":[{"embeddable":true,"href":"https:\/\/mavideniz.com.tr\/fr\/wp-json\/wp\/v2\/pages\/41130"}],"wp:attachment":[{"href":"https:\/\/mavideniz.com.tr\/fr\/wp-json\/wp\/v2\/media?parent=41135"}],"curies":[{"name":"wp","href":"https:\/\/api.w.org\/{rel}","templated":true}]}}