{"id":41140,"date":"2022-10-23T18:33:28","date_gmt":"2022-10-23T18:33:28","guid":{"rendered":"https:\/\/mavideniz.com.tr\/?page_id=41140"},"modified":"2022-10-23T18:33:32","modified_gmt":"2022-10-23T18:33:32","slug":"peniche-flat-top-ponton","status":"publish","type":"page","link":"https:\/\/mavideniz.com.tr\/fr\/navires-bateaux\/dragueur-barge\/peniche-flat-top-ponton\/","title":{"rendered":"P\u00e9niche Flat Top + Ponton"},"content":{"rendered":"\n<p>Barge \u00e0 toit plat + Ponton \u00e0 toit plat pour le fret lourd ou l\u00e9ger sur pont et toutes les op\u00e9rations.<\/p>\n<p>AMARRAGE + \u00c9QUIPEMENT D&rsquo;ANCRAGE + D\u00c9FENSE + BOLLARD + \u00c9QUIPEMENT DE REMORQUAGE + FEUX DE NAVIGATION + \u00c9QUIPEMENT DE S\u00c9CURIT\u00c9 sont disponibles En option pour Barge \u00e0 toit plat + Ponton \u00e0 toit plat<\/p>\n<p>Barge \u00e0 toit plat + ponton \u00e0 toit plat adapt\u00e9 pour l&rsquo;op\u00e9ration de d\u00e9versement d&rsquo;huile, le dragage de transfert de liquide en vrac, l&rsquo;op\u00e9ration de routage LINKSPAN, l&rsquo;all\u00e8gement, le transport, le transport de cargaison dans son pont ou \u00e0 l&rsquo;int\u00e9rieur des r\u00e9servoirs, et les mat\u00e9riaux de construction.<\/p>\n<p>Nous travaillons avec les meilleurs designers dans le monde entier pour la conception de Flat Top Barge + Flat Top Pontoon. Flat Top Barge a une excellente capacit\u00e9 de transporter et de maintenir la production ; vous verrez notre qualit\u00e9, les normes et les diff\u00e9rences. Apr\u00e8s que nous livrons des navires, vous verrez la m\u00eame performance et la qualit\u00e9 des ann\u00e9es et des ann\u00e9es plus tard pas chang\u00e9 ; il y a une raison d&rsquo;attraper la performance et la qualit\u00e9 ; nous ne choisissons pas des produits bon march\u00e9, choisir le meilleur mat\u00e9riel et les produits pour construire le navire, et aussi choisir les meilleurs ouvriers, ing\u00e9nieurs.<\/p>\n<p><strong>Barge \u00c0 Dessus Plat + Ponton \u00c0 Dessus Plat<\/strong><\/p>\n<ul>\n<li>\u00c9quipement De R\u00e9cup\u00e9ration Des D\u00e9versements D&rsquo;Hydrocarbures<\/li>\n<li>Barge de d\u00e9versement d&rsquo;huile + ponton de d\u00e9versement d&rsquo;huile<\/li>\n<li>D\u00e9fenseur<\/li>\n<li>Dispositif De Remorquage<\/li>\n<li>Remorquage D&rsquo;Urgence<\/li>\n<li>Treuil De R\u00e9cup\u00e9ration<\/li>\n<li>Feu De Navigation<\/li>\n<li>Pompe De Ballast<\/li>\n<li>Peinture Antisalissure<\/li>\n<li>Panneau De Rampe<\/li>\n<li>Rails De S\u00e9curit\u00e9<\/li>\n<li>Syst\u00e8me D&rsquo;Ancrage<\/li>\n<\/ul>\n<div class=\"wptm_table tablesorter-bootstrap \" data-id=\"57\" data-hightlight=\"0\"><div class=\"wptm_buttons buttons_wptmTbl57\"><\/div><div class=\"wptmresponsive dataTables-wptmtable wptmtable \" id=\"wptmtable57\" data-tableid=\"wptmTbl57\"><table data-count-header=\"1\"  data-format-decimal_count=\"0\" data-format-decimal_symbol=\".\" data-format-symbol_position=\"0\" data-format-thousand_symbol=\",\"  data-format-currency_symbol=\"$\"  data-name-style=\"57_1757436275.css\" data-format=\"YYYY-MM-DD\" id=\"wptmTbl57\" data-id=\"57\" data-responsive=\"false\" data-hideCols=\"false\"  data-type=\"html\" data-paging=\"false\" data-searching=\"true\"  data-ordering=\"false\" data-table-breakpoint=\"980\" data-scroll-x=\"true\" data-scroll-collapse=\"true\" data-align=\"center\" data-range=\"[]\" data-hideColumn=\"[0,0,0,0,0,0,0,0]\"  data-colwidths=\"[140,140,140,140,140,140,140,140]\"  data-colwidths_desktop=[]  data-colwidths_tablet=[]  data-colwidths_mobile=[]  class=\"wptm_main_table  disablePager hideScrollHeader\"><colgroup><col data-dtr=\"0\" data-dtc=\"0\" class=\"dtc0\"><col data-dtr=\"0\" data-dtc=\"1\" class=\"dtc1\"><col data-dtr=\"0\" data-dtc=\"2\" class=\"dtc2\"><col data-dtr=\"0\" data-dtc=\"3\" class=\"dtc3\"><col data-dtr=\"0\" data-dtc=\"4\" class=\"dtc4\"><col data-dtr=\"0\" data-dtc=\"5\" class=\"dtc5\"><col data-dtr=\"0\" data-dtc=\"6\" class=\"dtc6\"><col data-dtr=\"0\" data-dtc=\"7\" class=\"dtc7\"><\/colgroup><thead><tr class=\"wptm-header-cells-index dnone\"><th rowspan=\"1\" colspan=\"1\" data-dtr=\"0\" data-dtc=\"0\" class=\"dtr0 dtc0\"><\/th><th rowspan=\"1\" colspan=\"1\" data-dtr=\"0\" data-dtc=\"1\" class=\"dtr0 dtc1\"><\/th><th rowspan=\"1\" colspan=\"1\" data-dtr=\"0\" data-dtc=\"2\" class=\"dtr0 dtc2\"><\/th><th rowspan=\"1\" colspan=\"1\" data-dtr=\"0\" data-dtc=\"3\" class=\"dtr0 dtc3\"><\/th><th rowspan=\"1\" colspan=\"1\" data-dtr=\"0\" data-dtc=\"4\" class=\"dtr0 dtc4\"><\/th><th rowspan=\"1\" colspan=\"1\" data-dtr=\"0\" data-dtc=\"5\" class=\"dtr0 dtc5\"><\/th><th rowspan=\"1\" colspan=\"1\" data-dtr=\"0\" data-dtc=\"6\" class=\"dtr0 dtc6\"><\/th><th rowspan=\"1\" colspan=\"1\" data-dtr=\"0\" data-dtc=\"7\" class=\"dtr0 dtc7\"><\/th><\/tr><tr class=\" row0\"><th   data-priority=\"0\" class=\"dtr0 dtc0\"><\/th><th   data-priority=\"0\" class=\"dtr0 dtc1\">Pontoon 12<\/th><th   data-priority=\"0\" class=\"dtr0 dtc2\">Pontoon 28<\/th><th   data-priority=\"0\" class=\"dtr0 dtc3\">Pontoon 40<\/th><th   data-priority=\"0\" class=\"dtr0 dtc4\">Pontoon 50<\/th><th   data-priority=\"0\" class=\"dtr0 dtc5\">Pontoon 60<\/th><th   data-priority=\"0\" class=\"dtr0 dtc6\">Pontoon 70<\/th><th   data-priority=\"0\" class=\"dtr0 dtc7\">Pontoon 80<\/th><\/thead><tbody><tr class=\" row1\"><td    class=\"dtr1 dtc0\">Material<\/td><td  colspan=\"7\"   class=\"dtr1 dtc1\">Steel<\/td><td  style=\"display: none\"   class=\"dtr1 dtc2\"><\/td><td  style=\"display: none\"   class=\"dtr1 dtc3\"><\/td><td  style=\"display: none\"   class=\"dtr1 dtc4\"><\/td><td  style=\"display: none\"   class=\"dtr1 dtc5\"><\/td><td  style=\"display: none\"   class=\"dtr1 dtc6\"><\/td><td  style=\"display: none\"   class=\"dtr1 dtc7\"><\/td><\/tr><tr class=\" row2\"><td    class=\"dtr2 dtc0\">Length<\/td><td    class=\"dtr2 dtc1\">12 m<\/td><td    class=\"dtr2 dtc2\">28 m<\/td><td    class=\"dtr2 dtc3\">40 m<\/td><td    class=\"dtr2 dtc4\">50 m<\/td><td    class=\"dtr2 dtc5\">60 m<\/td><td    class=\"dtr2 dtc6\">70 m<\/td><td    class=\"dtr2 dtc7\">80 m<\/td><\/tr><tr class=\" row3\"><td    class=\"dtr3 dtc0\">Width<\/td><td    class=\"dtr3 dtc1\">2.4 m<\/td><td    class=\"dtr3 dtc2\">9 \/ 12 \/ 15 m<\/td><td    class=\"dtr3 dtc3\">12 \/ 15 \/ 17 \/20 m<\/td><td    class=\"dtr3 dtc4\">15 \/ 17 \/ 20 \/ 23 m<\/td><td    class=\"dtr3 dtc5\">17 \/ 20 \/ 23 \/ 26 m<\/td><td    class=\"dtr3 dtc6\">17 \/ 20 \/ 23 \/ 26 m<\/td><td    class=\"dtr3 dtc7\">17 \/ 20 \/ 23 \/ 26 m<\/td><\/tr><tr class=\" row4\"><td    class=\"dtr4 dtc0\">Deck Load Capacity<\/td><td    class=\"dtr4 dtc1\">4 T\/m\u00b2<\/td><td    class=\"dtr4 dtc2\">6 \/ 10 \/ 20 T\/m\u00b2<\/td><td    class=\"dtr4 dtc3\">10 \/ 20 T\/m\u00b2<\/td><td    class=\"dtr4 dtc4\">10 \/ 20 T\/m\u00b2<\/td><td    class=\"dtr4 dtc5\">10 \/ 20 T\/m\u00b2<\/td><td    class=\"dtr4 dtc6\">20 T\/m\u00b2<\/td><td    class=\"dtr4 dtc7\">20 T\/m\u00b2<\/td><\/tr><\/tbody><tfoot><tr><td class=\"dtr4 dtc0\" style=\"height: 0;\"><\/td><td class=\"dtr4 dtc1\" style=\"height: 0;\"><\/td><td class=\"dtr4 dtc2\" style=\"height: 0;\"><\/td><td class=\"dtr4 dtc3\" style=\"height: 0;\"><\/td><td class=\"dtr4 dtc4\" style=\"height: 0;\"><\/td><td class=\"dtr4 dtc5\" style=\"height: 0;\"><\/td><td class=\"dtr4 dtc6\" style=\"height: 0;\"><\/td><td class=\"dtr4 dtc7\" style=\"height: 0;\"><\/td><\/tr><\/tfoot><\/table><\/div><style>#wptmtable57 .dataTables_wrapper > .dataTables_scroll {max-height:500px;overflow: auto;}<\/style><script>window.wptm_ajaxurl = 'https:\/\/mavideniz.com.tr\/wp-admin\/admin-ajax.php?juwpfisadmin=false&action=Wptm&'; window.wptm_front = 'https:\/\/mavideniz.com.tr\/wp-content\/plugins\/wp-table-manager\/app\/site\/assets\/'; window.wptm_style = 'https:\/\/mavideniz.com.tr\/wp-content\/uploads\/wptm\/';<\/script><\/div><style><\/style>\n","protected":false},"excerpt":{"rendered":"<p>Barge \u00e0 toit plat + Ponton \u00e0 toit plat pour le fret lourd ou l\u00e9ger sur pont et toutes les [&hellip;]<\/p>\n","protected":false},"author":1,"featured_media":0,"parent":41130,"menu_order":0,"comment_status":"closed","ping_status":"closed","template":"","meta":{"site-sidebar-layout":"default","site-content-layout":"","ast-site-content-layout":"default","site-content-style":"default","site-sidebar-style":"default","ast-global-header-display":"","ast-banner-title-visibility":"","ast-main-header-display":"","ast-hfb-above-header-display":"","ast-hfb-below-header-display":"","ast-hfb-mobile-header-display":"","site-post-title":"","ast-breadcrumbs-content":"","ast-featured-img":"","footer-sml-layout":"","ast-disable-related-posts":"","theme-transparent-header-meta":"","adv-header-id-meta":"","stick-header-meta":"","header-above-stick-meta":"","header-main-stick-meta":"","header-below-stick-meta":"","astra-migrate-meta-layouts":"default","ast-page-background-enabled":"default","ast-page-background-meta":{"desktop":{"background-color":"var(--ast-global-color-5)","background-image":"","background-repeat":"repeat","background-position":"center center","background-size":"auto","background-attachment":"scroll","background-type":"","background-media":"","overlay-type":"","overlay-color":"","overlay-opacity":"","overlay-gradient":""},"tablet":{"background-color":"","background-image":"","background-repeat":"repeat","background-position":"center center","background-size":"auto","background-attachment":"scroll","background-type":"","background-media":"","overlay-type":"","overlay-color":"","overlay-opacity":"","overlay-gradient":""},"mobile":{"background-color":"","background-image":"","background-repeat":"repeat","background-position":"center center","background-size":"auto","background-attachment":"scroll","background-type":"","background-media":"","overlay-type":"","overlay-color":"","overlay-opacity":"","overlay-gradient":""}},"ast-content-background-meta":{"desktop":{"background-color":"var(--ast-global-color-4)","background-image":"","background-repeat":"repeat","background-position":"center center","background-size":"auto","background-attachment":"scroll","background-type":"","background-media":"","overlay-type":"","overlay-color":"","overlay-opacity":"","overlay-gradient":""},"tablet":{"background-color":"var(--ast-global-color-4)","background-image":"","background-repeat":"repeat","background-position":"center center","background-size":"auto","background-attachment":"scroll","background-type":"","background-media":"","overlay-type":"","overlay-color":"","overlay-opacity":"","overlay-gradient":""},"mobile":{"background-color":"var(--ast-global-color-4)","background-image":"","background-repeat":"repeat","background-position":"center center","background-size":"auto","background-attachment":"scroll","background-type":"","background-media":"","overlay-type":"","overlay-color":"","overlay-opacity":"","overlay-gradient":""}},"footnotes":""},"class_list":["post-41140","page","type-page","status-publish","hentry"],"_links":{"self":[{"href":"https:\/\/mavideniz.com.tr\/fr\/wp-json\/wp\/v2\/pages\/41140","targetHints":{"allow":["GET"]}}],"collection":[{"href":"https:\/\/mavideniz.com.tr\/fr\/wp-json\/wp\/v2\/pages"}],"about":[{"href":"https:\/\/mavideniz.com.tr\/fr\/wp-json\/wp\/v2\/types\/page"}],"author":[{"embeddable":true,"href":"https:\/\/mavideniz.com.tr\/fr\/wp-json\/wp\/v2\/users\/1"}],"replies":[{"embeddable":true,"href":"https:\/\/mavideniz.com.tr\/fr\/wp-json\/wp\/v2\/comments?post=41140"}],"version-history":[{"count":0,"href":"https:\/\/mavideniz.com.tr\/fr\/wp-json\/wp\/v2\/pages\/41140\/revisions"}],"up":[{"embeddable":true,"href":"https:\/\/mavideniz.com.tr\/fr\/wp-json\/wp\/v2\/pages\/41130"}],"wp:attachment":[{"href":"https:\/\/mavideniz.com.tr\/fr\/wp-json\/wp\/v2\/media?parent=41140"}],"curies":[{"name":"wp","href":"https:\/\/api.w.org\/{rel}","templated":true}]}}