{"id":41150,"date":"2022-10-23T19:02:13","date_gmt":"2022-10-23T19:02:13","guid":{"rendered":"https:\/\/mavideniz.com.tr\/?page_id=41150"},"modified":"2022-10-23T19:02:17","modified_gmt":"2022-10-23T19:02:17","slug":"drague-polyvalente-amphibie","status":"publish","type":"page","link":"https:\/\/mavideniz.com.tr\/fr\/navires-bateaux\/dragueur-barge\/drague-polyvalente-amphibie\/","title":{"rendered":"Drague polyvalente + amphibie"},"content":{"rendered":"\n<p>Notre dragueur polyvalent est con\u00e7u comme un Istanbul amphibie et int\u00e9gr\u00e9. Le Crocodile est adapt\u00e9 pour un large \u00e9ventail de travaux dans tous les types de plans d&rsquo;eau.<\/p>\n<p>Le dragueur polyvalent Crocodile est polyvalent sur l&rsquo;eau, ce qui le rend adapt\u00e9 pour les travaux lourds et les interventions d&rsquo;urgence rapides. Son moteur puissant, son syst\u00e8me de propulsion et ses pompes, sa mobilit\u00e9 sup\u00e9rieure et son \u00e9quipement de positionnement sophistiqu\u00e9 le placent dans une classe \u00e0 part enti\u00e8re. Une autre caract\u00e9ristique environnementale critique du dragueur polyvalent est sa capacit\u00e9 \u00e0 fonctionner avec de faibles niveaux de bruit. Il est \u00e9quip\u00e9 d&rsquo;un silencieux supercritique qui r\u00e9duit le bruit \u00e0 des niveaux peu profonds.<\/p>\n<p><strong>Fonctions<\/strong><\/p>\n<p>Nettoyage et restauration des rivi\u00e8res et canaux contamin\u00e9s \/ Reconstruction des rives \/ Cr\u00e9ation d&rsquo;habitats fauniques \/ Contr\u00f4le de la v\u00e9g\u00e9tation \/ Installation de canalisations d&rsquo;eau, de pipelines et de c\u00e2bles sous-marins \/ Contr\u00f4le des inondations, Installation de canalisations d&rsquo;eau, de pipelines et de c\u00e2bles sous-marins avec la technologie du dragueur polyvalent est possible pour chasser les piles de l&rsquo;eau. Cela prot\u00e8ge les rives et permet de piloter les pieux \u00e0 une distance consid\u00e9rable de la c\u00f4te. Le dragueur polyvalent Crocodile se d\u00e9place ind\u00e9pendamment dans l&rsquo;eau avec son syst\u00e8me de propulsion et son ensemble excavateur. Crocodile Multi-Purpose Dredger ancre avec ses embases et n&rsquo;a pas besoin de c\u00e2bles d&rsquo;acier pour le dragage, ce qui peut perturber le passage du trafic d&rsquo;eau.<\/p>\n<p>La machine Amphibie arrive en unit\u00e9 compl\u00e8te sur un camion ou y croise seule sur l&rsquo;eau. Apr\u00e8s \u00eatre venu sur le site sur une remorque, il n&rsquo;y a pas besoin d&rsquo;une aide co\u00fbteuse grue parce que la machine est amphibie \u00ab\u00a0marche\u00a0\u00bb dans et hors de l&rsquo;eau sans aucune aide ext\u00e9rieure. Il n&rsquo;y a pas de limite de r\u00e9daction pour les op\u00e9rations de remorque parce qu&rsquo;elle est amphibie.<\/p>\n<p>Le dragueur polyvalent Crocodile peut enlever la v\u00e9g\u00e9tation flottante ou enracin\u00e9e, les pierres nocives et les ordures du fond en utilisant le r\u00e2teau.<\/p>\n<p>Le dragueur polyvalent peut pomper le sol \u00e0 travers un pipeline jusqu&rsquo;\u00e0 une zone de d\u00e9charge situ\u00e9e \u00e0 1 km. Dans ce processus, le sol est m\u00e9lang\u00e9 avec de grandes quantit\u00e9s d&rsquo;eau, 80-90 % du volume total.<\/p>\n<p>Les mouvements de dragage ind\u00e9pendants et l&rsquo;ancrage du dragueur polyvalent Crocodile sont bas\u00e9s sur des stabilisateurs hydrauliques. 2 stabilisateurs arri\u00e8re sont \u00e9quip\u00e9s de v\u00e9rins hydrauliques \u00e0 bascule. Contr\u00f4le de la profondeur gr\u00e2ce \u00e0 deux stabilisateurs avant hydrauliques avec flotteurs d\u00e9tachables et embases amovibles.<\/p>\n<p>L&rsquo;Organisation maritime internationale a annonc\u00e9 une strat\u00e9gie visant \u00e0 r\u00e9duire \u00e0 z\u00e9ro les \u00e9missions de gaz \u00e0 effet de serre (GES) d&rsquo;ici la fin du si\u00e8cle ; la r\u00e9glementation du milieu marin a \u00e9t\u00e9 resserr\u00e9e partout dans le monde. La mise en oeuvre de zones de contr\u00f4le des \u00e9missions a commenc\u00e9 \u00e0 affecter les op\u00e9rations des navires. Mavi Deniz a lanc\u00e9 avec succ\u00e8s de nouvelles r\u00e9glementations de contr\u00f4le des \u00e9missions en d\u00e9veloppant des solutions bicarburant et des technologies d&rsquo;\u00e9nergie verte plus propres. Les options d&rsquo;\u00e9nergie verte de Mavi Deniz, le syst\u00e8me d&rsquo;\u00e9nergie solaire, le syst\u00e8me d&rsquo;alimentation par batterie, le syst\u00e8me de pile \u00e0 combustible \u00e0 hydrog\u00e8ne et le syst\u00e8me de GPL peuvent s&rsquo;int\u00e9grer enti\u00e8rement dans le dragueur polyvalent + amphibie, y compris l&rsquo;\u00e9quipement de pont et le syst\u00e8me de propulsion.<\/p>\n<p><strong>Drague Polyvalente + Options D&rsquo;\u00c9nergie Verte Amphibie<\/strong><\/p>\n<ul>\n<li>Propuls\u00e9 par le syst\u00e8me d&rsquo;\u00e9nergie solaire<\/li>\n<li>Aliment\u00e9 par un syst\u00e8me d&rsquo;alimentation par batterie<\/li>\n<li>Aliment\u00e9 par un syst\u00e8me de pile \u00e0 combustible \u00e0 hydrog\u00e8ne<\/li>\n<li>Aliment\u00e9 par un syst\u00e8me GPL<\/li>\n<\/ul>\n<p><strong>Demande<\/strong><\/p>\n<ul>\n<li>Dragage dans des endroits o\u00f9 il est difficile ou impossible de travailler avec d&rsquo;autres machines<br \/>\n(lacs) | rivi\u00e8res | zones humides | eaux peu profondes | ports | canaux | rivages | piscines industrielles | sous les ponts | tunnels, etc.)<\/li>\n<li>L\u00e0 o\u00f9 un dragueur unique\/polyvalent est n\u00e9cessaire, qui peut \u00e0 la fois pomper et creuser<\/li>\n<li>Lorsqu&rsquo;il n&rsquo;est pas possible de mobiliser plusieurs machines<br \/>\n\u00e0 usage unique (drague suceuse \u00e0 couteau) | drague r\u00e9trocaveuse | excavatrice | remorqueur | grues de montage ou navires d&rsquo;assistance pour l&rsquo;ancrage sur le site )<\/li>\n<li>Dragage dans les endroits o\u00f9 il y a un embouteillage<\/li>\n<li>Lorsque des pipelines\/c\u00e2bles sous-marins\/pieux enfonc\u00e9s dans l&rsquo;eau ou sur le rivage sont n\u00e9cessaires<\/li>\n<li>Lorsque la v\u00e9g\u00e9tation ne permet pas le dragage conventionnel<\/li>\n<li>O\u00f9 la v\u00e9g\u00e9tation flottante ou enracin\u00e9e doit \u00eatre enlev\u00e9e\/contr\u00f4l\u00e9e du fond<\/li>\n<li>Lorsque le dragage environnemental est n\u00e9cessaire<\/li>\n<li>O\u00f9 un dragueur amphibie est requis<\/li>\n<\/ul>\n<p><strong>Syst\u00e8me de propulsion<\/strong><\/p>\n<p>Le syst\u00e8me de propulsion du dragueur polyvalent Crocodile offre une puissance maximale avec un minimum de Crocodile. Le Crocodile peut naviguer de 4 \u00e0 8 noeuds. L&rsquo;h\u00e9lice peut s&rsquo;\u00e9lever de mani\u00e8re pliable dans les eaux peu profondes pour prot\u00e9ger la v\u00e9g\u00e9tation aquatique et \u00e9viter de perturber les s\u00e9diments du lit de la rivi\u00e8re. Dragage environnemental dans le climat tropical et arctique.<\/p>\n<p><strong>Cabine<\/strong><\/p>\n<p>La cabine du Crocodile, Multi-Purpose Dredger r\u00e9pond aux plus hauts standards de confort et d&rsquo;ergonomie avec une excellente visibilit\u00e9. Le pilote contr\u00f4le toutes les fonctions hydrauliques depuis la cabine. Amphibious Dredger est \u00e9quip\u00e9 de si\u00e8ges de luxe enti\u00e8rement r\u00e9glables, de commandes faciles \u00e0 atteindre, de fen\u00eatres lat\u00e9rales qui peuvent s&rsquo;ouvrir, et d&rsquo;une gamme d&rsquo;accessoires standard et optionnels comme une trappe de toit ouvrant, un syst\u00e8me radio et un gabarit pour l&rsquo;hydraulique \/ moteur.<\/p>\n<p><strong>Moteur<\/strong><\/p>\n<p>Le dragueur polyvalent Crocodile est \u00e9quip\u00e9 d&rsquo;un moteur Cummins \/ Caterpillar \/ Volvo \/ Perkins vs. l\u00e9ger, compact et peu polluant. La pelle dragueuse Amphibie a la puissance n\u00e9cessaire ( 260 \u00e0 700 ch &#8211; mod\u00e8le standard : 260 ch).<\/p>\n<p><strong>Enveloppe<\/strong><\/p>\n<p>Crocodile 1000 a un corps d&rsquo;une seule pi\u00e8ce divis\u00e9 en sept compartiments \u00e9tanches pour la protection. Crocodile 1400 a un corps d&rsquo;une seule pi\u00e8ce divis\u00e9 en neuf compartiments \u00e9tanches pour la s\u00e9curit\u00e9. Crocodile 1500 a un corps d&rsquo;une seule pi\u00e8ce divis\u00e9 en 13 compartiments \u00e9tanches pour la protection. Syst\u00e8me de peinture r\u00e9sistant \u00e0 la corrosion pour une garantie d&rsquo;au moins trois ans. Barres de protection sur le fond. Pont antid\u00e9rapant. Rampes.<\/p>\n<p><strong>Excavatrice<\/strong><\/p>\n<p>Port\u00e9e maximale du godet : 5,3 m \u00e0 12 m \u00e0 180 \u00ba Profondeur maximale : 12 m<\/p>\n<p>Force de rupture (du cycle du godet) : 77 kN ( d\u00e9pend de l&rsquo;option s\u00e9lectionn\u00e9e )<\/p>\n<p>Force d&rsquo;excavation (du cycle du godet) : 40 kN ( d\u00e9pend de l&rsquo;option s\u00e9lectionn\u00e9e )<\/p>\n<p>Capacit\u00e9 de levage max. Port\u00e9e : 16 kN ( d\u00e9pend de l&rsquo;option s\u00e9lectionn\u00e9e )<\/p>\n<p><strong>Syst\u00e8me \u00c0 Godets<\/strong><\/p>\n<p>Plusieurs outils sont disponibles pour le dragage par pelle r\u00e9trocaveuse ; un godet de 400 lt avec des dents pour le travail quotidien, un godet de 800 lt pour les sites plus importants, et un godet \u00e0 deux coques pour le dragage environnemental. Avec le godet du dragueur amphibie, le mat\u00e9riau dragu\u00e9 peut \u00eatre d\u00e9pos\u00e9 sur des barges ou, dans des chenaux \u00e9troits, directement sur la rive. L&rsquo;enl\u00e8vement de la pierre et des d\u00e9chets peut \u00eatre effectu\u00e9 avec le godet de pelle r\u00e9trocaveuse et le godet \u00e0 coquille. Des pierres plus grosses peuvent \u00eatre d\u00e9plac\u00e9es vers la c\u00f4te, plus profond\u00e9ment dans l&rsquo;eau, enterr\u00e9es, ou elles peuvent, par exemple, \u00eatre utilis\u00e9es pour faire un brise-lames.<\/p>\n<div class=\"wptm_table tablesorter-bootstrap \" data-id=\"58\" data-hightlight=\"0\"><div class=\"wptm_buttons buttons_wptmTbl58\"><\/div><div class=\"wptmresponsive dataTables-wptmtable wptmtable \" id=\"wptmtable58\" data-tableid=\"wptmTbl58\"><table data-count-header=\"1\"  data-format-decimal_count=\"0\" data-format-decimal_symbol=\".\" data-format-symbol_position=\"0\" data-format-thousand_symbol=\",\"  data-format-currency_symbol=\"$\"  data-name-style=\"58_1759815605.css\" data-format=\"YYYY-MM-DD\" id=\"wptmTbl58\" data-id=\"58\" data-responsive=\"false\" data-hideCols=\"false\"  data-type=\"html\" data-paging=\"false\" data-searching=\"true\"  data-ordering=\"false\" data-table-breakpoint=\"980\" data-scroll-x=\"true\" data-scroll-collapse=\"true\" data-align=\"center\" data-range=\"[]\" data-hideColumn=\"[0,0,0,0]\"  data-colwidths=\"[285,285,285,285]\"  data-colwidths_desktop=[]  data-colwidths_tablet=[]  data-colwidths_mobile=[]  class=\"wptm_main_table  disablePager hideScrollHeader\"><colgroup><col data-dtr=\"0\" data-dtc=\"0\" class=\"dtc0\"><col data-dtr=\"0\" data-dtc=\"1\" class=\"dtc1\"><col data-dtr=\"0\" data-dtc=\"2\" class=\"dtc2\"><col data-dtr=\"0\" data-dtc=\"3\" class=\"dtc3\"><\/colgroup><thead><tr class=\"wptm-header-cells-index\"><th rowspan=\"1\" colspan=\"1\" data-dtr=\"0\" data-dtc=\"0\" class=\"dtr0 dtc0\"><\/th><th rowspan=\"1\" colspan=\"1\" data-dtr=\"0\" data-dtc=\"1\" class=\"dtr0 dtc1\"><\/th><th rowspan=\"1\" colspan=\"1\" data-dtr=\"0\" data-dtc=\"2\" class=\"dtr0 dtc2\"><\/th><th rowspan=\"1\" colspan=\"1\" data-dtr=\"0\" data-dtc=\"3\" class=\"dtr0 dtc3\"><\/th><\/tr><tr class=\" row0\"><th   data-priority=\"0\" class=\"dtr0 dtc0\"><\/th><th   data-priority=\"0\" class=\"dtr0 dtc1\">Crocodile 1000<\/th><th   data-priority=\"0\" class=\"dtr0 dtc2\">Crocodile 1400<\/th><th   data-priority=\"0\" class=\"dtr0 dtc3\">Crocodile 1500<\/th><\/thead><tbody><tr class=\" row1\"><td    class=\"dtr1 dtc0\">Length<\/td><td    class=\"dtr1 dtc1\">11 m<\/td><td    class=\"dtr1 dtc2\">14 m<\/td><td    class=\"dtr1 dtc3\">15 m<\/td><\/tr><tr class=\" row2\"><td    class=\"dtr2 dtc0\">Width<\/td><td    class=\"dtr2 dtc1\">3.5 m<\/td><td    class=\"dtr2 dtc2\">3.5 m<\/td><td    class=\"dtr2 dtc3\">4.3 m<\/td><\/tr><tr class=\" row3\"><td    class=\"dtr3 dtc0\">Height<\/td><td    class=\"dtr3 dtc1\">3.2 m<\/td><td    class=\"dtr3 dtc2\">3.2 m<\/td><td    class=\"dtr3 dtc3\">3.2 m<\/td><\/tr><tr class=\" row4\"><td    class=\"dtr4 dtc0\">Draft<\/td><td    class=\"dtr4 dtc1\">0.6 m<\/td><td    class=\"dtr4 dtc2\">0.6 m<\/td><td    class=\"dtr4 dtc3\">0.6 m<\/td><\/tr><tr class=\" row5\"><td    class=\"dtr5 dtc0\">Weight<\/td><td    class=\"dtr5 dtc1\">20 t<\/td><td    class=\"dtr5 dtc2\">24 t<\/td><td    class=\"dtr5 dtc3\">28 t<\/td><\/tr><tr class=\" row6\"><td    class=\"dtr6 dtc0\">Hull<\/td><td    class=\"dtr6 dtc1\">One piece hull with 7 watertight compartment<\/td><td    class=\"dtr6 dtc2\">One piece hull with 9 watertight compartment<\/td><td    class=\"dtr6 dtc3\">One piece hull with 13 watertight compartment<\/td><\/tr><tr class=\" row7\"><td    class=\"dtr7 dtc0\">F\/O Tank<\/td><td    class=\"dtr7 dtc1\">1200 lt<\/td><td    class=\"dtr7 dtc2\">1400 lt<\/td><td    class=\"dtr7 dtc3\">1600 lt<\/td><\/tr><tr class=\" row8\"><td    class=\"dtr8 dtc0\">Engine<\/td><td    class=\"dtr8 dtc1\">260 hp \/ 350 hp ( Optional )<\/td><td    class=\"dtr8 dtc2\">350 hp \/ 500 hp ( Optional )<\/td><td    class=\"dtr8 dtc3\">500 hp \/ 700 hp ( Optional )<\/td><\/tr><tr class=\" row9\"><td    class=\"dtr9 dtc0\">Propeller<\/td><td    class=\"dtr9 dtc1\">1 x Hydraulic Driven Propeller<\/td><td    class=\"dtr9 dtc2\">2 x Hydraulic Driven Propeller<\/td><td    class=\"dtr9 dtc3\">2 x Hydraulic Driven Propeller<\/td><\/tr><tr class=\" row10\"><td    class=\"dtr10 dtc0\">Speed<\/td><td    class=\"dtr10 dtc1\">4 Knots<\/td><td    class=\"dtr10 dtc2\">5 Knots<\/td><td    class=\"dtr10 dtc3\">5 Knots<\/td><\/tr><tr class=\" row11\"><td    class=\"dtr11 dtc0\">Excavation Digging Depth<\/td><td    class=\"dtr11 dtc1\">5.3 m \/ 6.3 m ( Optional )<\/td><td    class=\"dtr11 dtc2\">8 m \/ 9 m ( Optional )<\/td><td    class=\"dtr11 dtc3\">10.5 m \/ 12 m ( Optional )<\/td><\/tr><tr class=\" row12\"><td    class=\"dtr12 dtc0\">Excavation Pumping Depth<\/td><td    class=\"dtr12 dtc1\">6.3 m<\/td><td    class=\"dtr12 dtc2\">9 m<\/td><td    class=\"dtr12 dtc3\">11.5 m<\/td><\/tr><tr class=\" row13\"><td    class=\"dtr13 dtc0\">Stabilizer Depth<\/td><td    class=\"dtr13 dtc1\">Front : 3.5 m \/ Rear : 6.3 m<\/td><td    class=\"dtr13 dtc2\">Front : 5.0 m \/ Rear : 9 m<\/td><td    class=\"dtr13 dtc3\">Front : 6.0 m \/ Rear : 11 m<\/td><\/tr><tr class=\" row14\"><td    class=\"dtr14 dtc0\">Electrical System<\/td><td  colspan=\"3\"   class=\"dtr14 dtc1\">12 or 24 V<\/td><td  style=\"display: none\"   class=\"dtr14 dtc2\"><\/td><td  style=\"display: none\"   class=\"dtr14 dtc3\"><\/td><\/tr><tr class=\" row15\"><td    class=\"dtr15 dtc0\">Hydraulical System Capacity<\/td><td    class=\"dtr15 dtc1\">500 L<\/td><td    class=\"dtr15 dtc2\">700 L<\/td><td    class=\"dtr15 dtc3\">1000 L<\/td><\/tr><tr class=\" row16\"><td    class=\"dtr16 dtc0\">Paint<\/td><td  colspan=\"3\"   class=\"dtr16 dtc1\">Epoxy coating underwater hull, decks & superstructure with a lifetime of about 3 years.<\/td><td  style=\"display: none\"   class=\"dtr16 dtc2\"><\/td><td  style=\"display: none\"   class=\"dtr16 dtc3\"><\/td><\/tr><tr class=\" row17\"><td    class=\"dtr17 dtc0\">Optional Equipment<\/td><td  colspan=\"3\"   class=\"dtr17 dtc1\">Backhoe Bucket ( 800 L ) \/ Clamshell Bucket ( 600 L ) \/ Piling Bucket \/ Cutter Suction Pump \/ Horizontal Suction Pump Bucket | Auger Head \/ Oil Recovery Bucket \/ Rake ( 2.8 m ) \/ Pile Driver \/ Oil Spill Spray System \/ Discharge Pipe ( HDPE ) | Floats Spray Pipe \/ Air Condition | Heater \/ Class Certificate \/ Navigation Equipment \/ Side Pontoon \/ Service Crane \/ Service Boat \/ Spare Parts \/ Trailer<\/td><td  style=\"display: none\"   class=\"dtr17 dtc2\"><\/td><td  style=\"display: none\"   class=\"dtr17 dtc3\"><\/td><\/tr><\/tbody><tfoot><tr><td class=\"dtr17 dtc0\" style=\"height: 0;\"><\/td><td class=\"dtr17 dtc1\" style=\"height: 0;\"><\/td><td class=\"dtr17 dtc2\" style=\"height: 0;\"><\/td><td class=\"dtr17 dtc3\" style=\"height: 0;\"><\/td><\/tr><\/tfoot><\/table><\/div><style>#wptmtable58 .dataTables_wrapper > .dataTables_scroll {max-height:630px;overflow: auto;}<\/style><script>window.wptm_ajaxurl = 'https:\/\/mavideniz.com.tr\/wp-admin\/admin-ajax.php?juwpfisadmin=false&action=Wptm&'; window.wptm_front = 'https:\/\/mavideniz.com.tr\/wp-content\/plugins\/wp-table-manager\/app\/site\/assets\/'; window.wptm_style = 'https:\/\/mavideniz.com.tr\/wp-content\/uploads\/wptm\/';<\/script><\/div><style><\/style>\n","protected":false},"excerpt":{"rendered":"<p>Notre dragueur polyvalent est con\u00e7u comme un Istanbul amphibie et int\u00e9gr\u00e9. Le Crocodile est adapt\u00e9 pour un large \u00e9ventail de [&hellip;]<\/p>\n","protected":false},"author":1,"featured_media":0,"parent":41130,"menu_order":0,"comment_status":"closed","ping_status":"closed","template":"","meta":{"site-sidebar-layout":"default","site-content-layout":"","ast-site-content-layout":"default","site-content-style":"default","site-sidebar-style":"default","ast-global-header-display":"","ast-banner-title-visibility":"","ast-main-header-display":"","ast-hfb-above-header-display":"","ast-hfb-below-header-display":"","ast-hfb-mobile-header-display":"","site-post-title":"","ast-breadcrumbs-content":"","ast-featured-img":"","footer-sml-layout":"","ast-disable-related-posts":"","theme-transparent-header-meta":"","adv-header-id-meta":"","stick-header-meta":"","header-above-stick-meta":"","header-main-stick-meta":"","header-below-stick-meta":"","astra-migrate-meta-layouts":"default","ast-page-background-enabled":"default","ast-page-background-meta":{"desktop":{"background-color":"var(--ast-global-color-5)","background-image":"","background-repeat":"repeat","background-position":"center center","background-size":"auto","background-attachment":"scroll","background-type":"","background-media":"","overlay-type":"","overlay-color":"","overlay-opacity":"","overlay-gradient":""},"tablet":{"background-color":"","background-image":"","background-repeat":"repeat","background-position":"center center","background-size":"auto","background-attachment":"scroll","background-type":"","background-media":"","overlay-type":"","overlay-color":"","overlay-opacity":"","overlay-gradient":""},"mobile":{"background-color":"","background-image":"","background-repeat":"repeat","background-position":"center center","background-size":"auto","background-attachment":"scroll","background-type":"","background-media":"","overlay-type":"","overlay-color":"","overlay-opacity":"","overlay-gradient":""}},"ast-content-background-meta":{"desktop":{"background-color":"var(--ast-global-color-4)","background-image":"","background-repeat":"repeat","background-position":"center center","background-size":"auto","background-attachment":"scroll","background-type":"","background-media":"","overlay-type":"","overlay-color":"","overlay-opacity":"","overlay-gradient":""},"tablet":{"background-color":"var(--ast-global-color-4)","background-image":"","background-repeat":"repeat","background-position":"center center","background-size":"auto","background-attachment":"scroll","background-type":"","background-media":"","overlay-type":"","overlay-color":"","overlay-opacity":"","overlay-gradient":""},"mobile":{"background-color":"var(--ast-global-color-4)","background-image":"","background-repeat":"repeat","background-position":"center center","background-size":"auto","background-attachment":"scroll","background-type":"","background-media":"","overlay-type":"","overlay-color":"","overlay-opacity":"","overlay-gradient":""}},"footnotes":""},"class_list":["post-41150","page","type-page","status-publish","hentry"],"_links":{"self":[{"href":"https:\/\/mavideniz.com.tr\/fr\/wp-json\/wp\/v2\/pages\/41150","targetHints":{"allow":["GET"]}}],"collection":[{"href":"https:\/\/mavideniz.com.tr\/fr\/wp-json\/wp\/v2\/pages"}],"about":[{"href":"https:\/\/mavideniz.com.tr\/fr\/wp-json\/wp\/v2\/types\/page"}],"author":[{"embeddable":true,"href":"https:\/\/mavideniz.com.tr\/fr\/wp-json\/wp\/v2\/users\/1"}],"replies":[{"embeddable":true,"href":"https:\/\/mavideniz.com.tr\/fr\/wp-json\/wp\/v2\/comments?post=41150"}],"version-history":[{"count":0,"href":"https:\/\/mavideniz.com.tr\/fr\/wp-json\/wp\/v2\/pages\/41150\/revisions"}],"up":[{"embeddable":true,"href":"https:\/\/mavideniz.com.tr\/fr\/wp-json\/wp\/v2\/pages\/41130"}],"wp:attachment":[{"href":"https:\/\/mavideniz.com.tr\/fr\/wp-json\/wp\/v2\/media?parent=41150"}],"curies":[{"name":"wp","href":"https:\/\/api.w.org\/{rel}","templated":true}]}}