{"id":41155,"date":"2022-10-23T19:05:11","date_gmt":"2022-10-23T19:05:11","guid":{"rendered":"https:\/\/mavideniz.com.tr\/?page_id=41155"},"modified":"2022-10-23T19:05:15","modified_gmt":"2022-10-23T19:05:15","slug":"barge-a-tremie-fendue","status":"publish","type":"page","link":"https:\/\/mavideniz.com.tr\/fr\/navires-bateaux\/dragueur-barge\/barge-a-tremie-fendue\/","title":{"rendered":"Barge \u00e0 tr\u00e9mie fendue"},"content":{"rendered":"\n<p>Notre Seagoing Split Hopper Barge est con\u00e7u pour transporter toutes sortes de mat\u00e9riaux dragu\u00e9s, et la barge \u00e0 tr\u00e9mie fendue est un navire \u00e0 pont unique avec la tr\u00e9mie au milieu et une coque en acier, qui s&rsquo;ouvre le long du plan central. Barge \u00e0 tr\u00e9mie divis\u00e9e capable de capter les d\u00e9blais de la drague, remblayage des tranch\u00e9es avec des pipelines sous-marins, transport des d\u00e9blais et d\u00e9chargement vers le site de d\u00e9charge sous-marine, syst\u00e8me d&rsquo;installations techniques flottantes pour l&rsquo;enfouissement des pipelines sous-marins et le dragage en mer, le navire polyvalent pour les activit\u00e9s d&rsquo;ing\u00e9nierie marine et de plong\u00e9e, le r\u00e9approvisionnement des plages et la c\u00f4te, les projets de protection des pipelines.<\/p>\n<p>Une barge \u00e0 tr\u00e9mie fendue est un navire de dragage qui peut se fendre sur son axe longitudinal pour d\u00e9charger sa cargaison. Pr\u00e9voir une telle op\u00e9ration ; la barge est constitu\u00e9e de deux demi-coques reli\u00e9es par des charni\u00e8res en haut et des v\u00e9rins hydrauliques en bas. Les charni\u00e8res et les v\u00e9rins doivent transf\u00e9rer toutes les forces agissant \u00e0 l&rsquo;interface des demi-coques. Les charni\u00e8res et les limites de conception des v\u00e9rins hydrauliques sont suppos\u00e9es r\u00e9gir la maniabilit\u00e9 de la barge.<\/p>\n<p>Conception du Split Hopper Barge, nous travaillons avec les meilleurs concepteurs mondiaux parce que Split Hopper Barge a un excellent volume de tr\u00e9mie, la performance et la production ; vous verrez nos diff\u00e9rences de qualit\u00e9 et de livraison standard. Apr\u00e8s que nous livrons des navires, vous verrez la m\u00eame performance et la qualit\u00e9 des ann\u00e9es et des ann\u00e9es plus tard pas chang\u00e9 ; il y a une raison d&rsquo;attraper la performance et la qualit\u00e9 ; nous ne choisissons pas des produits bon march\u00e9, choisir le meilleur mat\u00e9riel et les produits pour construire le navire, et aussi choisir les meilleurs ouvriers, ing\u00e9nieurs.<\/p>\n<div class=\"wptm_table tablesorter-bootstrap \" data-id=\"60\" data-hightlight=\"0\"><div class=\"wptm_buttons buttons_wptmTbl60\"><\/div><div class=\"wptmresponsive dataTables-wptmtable wptmtable \" id=\"wptmtable60\" data-tableid=\"wptmTbl60\"><table data-count-header=\"1\"  data-format-decimal_count=\"0\" data-format-decimal_symbol=\".\" data-format-symbol_position=\"0\" data-format-thousand_symbol=\",\"  data-format-currency_symbol=\"$\"  data-name-style=\"60_1757436284.css\" data-format=\"YYYY-MM-DD\" id=\"wptmTbl60\" data-id=\"60\" data-responsive=\"false\" data-hideCols=\"false\"  data-type=\"html\" data-paging=\"false\" data-searching=\"true\"  data-ordering=\"false\" data-table-breakpoint=\"980\" data-scroll-x=\"true\" data-scroll-collapse=\"true\" data-align=\"center\" data-range=\"[]\" data-hideColumn=\"[0,0,0,0,0,0,0,0]\"  data-colwidths=\"[140,140,140,140,140,140,140,140]\"  data-colwidths_desktop=[]  data-colwidths_tablet=[]  data-colwidths_mobile=[]  class=\"wptm_main_table  disablePager hideScrollHeader\"><colgroup><col data-dtr=\"0\" data-dtc=\"0\" class=\"dtc0\"><col data-dtr=\"0\" data-dtc=\"1\" class=\"dtc1\"><col data-dtr=\"0\" data-dtc=\"2\" class=\"dtc2\"><col data-dtr=\"0\" data-dtc=\"3\" class=\"dtc3\"><col data-dtr=\"0\" data-dtc=\"4\" class=\"dtc4\"><col data-dtr=\"0\" data-dtc=\"5\" class=\"dtc5\"><col data-dtr=\"0\" data-dtc=\"6\" class=\"dtc6\"><col data-dtr=\"0\" data-dtc=\"7\" class=\"dtc7\"><\/colgroup><thead><tr class=\"wptm-header-cells-index dnone\"><th rowspan=\"1\" colspan=\"1\" data-dtr=\"0\" data-dtc=\"0\" class=\"dtr0 dtc0\"><\/th><th rowspan=\"1\" colspan=\"1\" data-dtr=\"0\" data-dtc=\"1\" class=\"dtr0 dtc1\"><\/th><th rowspan=\"1\" colspan=\"1\" data-dtr=\"0\" data-dtc=\"2\" class=\"dtr0 dtc2\"><\/th><th rowspan=\"1\" colspan=\"1\" data-dtr=\"0\" data-dtc=\"3\" class=\"dtr0 dtc3\"><\/th><th rowspan=\"1\" colspan=\"1\" data-dtr=\"0\" data-dtc=\"4\" class=\"dtr0 dtc4\"><\/th><th rowspan=\"1\" colspan=\"1\" data-dtr=\"0\" data-dtc=\"5\" class=\"dtr0 dtc5\"><\/th><th rowspan=\"1\" colspan=\"1\" data-dtr=\"0\" data-dtc=\"6\" class=\"dtr0 dtc6\"><\/th><th rowspan=\"1\" colspan=\"1\" data-dtr=\"0\" data-dtc=\"7\" class=\"dtr0 dtc7\"><\/th><\/tr><tr class=\" row0\"><th   data-priority=\"0\" class=\"dtr0 dtc0\"><\/th><th   data-priority=\"0\" class=\"dtr0 dtc1\">Hopper 500<\/th><th   data-priority=\"0\" class=\"dtr0 dtc2\">Hopper 750<\/th><th   data-priority=\"0\" class=\"dtr0 dtc3\">Hopper 1000<\/th><th   data-priority=\"0\" class=\"dtr0 dtc4\">Hopper 1500<\/th><th   data-priority=\"0\" class=\"dtr0 dtc5\">Hopper 2000<\/th><th   data-priority=\"0\" class=\"dtr0 dtc6\">Hopper 3000<\/th><th   data-priority=\"0\" class=\"dtr0 dtc7\">Hopper 6000<\/th><\/thead><tbody><tr class=\" row1\"><td    class=\"dtr1 dtc0\">Material<\/td><td  colspan=\"7\"   class=\"dtr1 dtc1\">Steel<\/td><td  style=\"display: none\"   class=\"dtr1 dtc2\"><\/td><td  style=\"display: none\"   class=\"dtr1 dtc3\"><\/td><td  style=\"display: none\"   class=\"dtr1 dtc4\"><\/td><td  style=\"display: none\"   class=\"dtr1 dtc5\"><\/td><td  style=\"display: none\"   class=\"dtr1 dtc6\"><\/td><td  style=\"display: none\"   class=\"dtr1 dtc7\"><\/td><\/tr><tr class=\" row2\"><td    class=\"dtr2 dtc0\">Propulsion<\/td><td  colspan=\"7\"   class=\"dtr2 dtc1\">Self Propelled or Non Propelled<\/td><td  style=\"display: none\"   class=\"dtr2 dtc2\"><\/td><td  style=\"display: none\"   class=\"dtr2 dtc3\"><\/td><td  style=\"display: none\"   class=\"dtr2 dtc4\"><\/td><td  style=\"display: none\"   class=\"dtr2 dtc5\"><\/td><td  style=\"display: none\"   class=\"dtr2 dtc6\"><\/td><td  style=\"display: none\"   class=\"dtr2 dtc7\"><\/td><\/tr><tr class=\" row3\"><td    class=\"dtr3 dtc0\">Hopper Volume<\/td><td    class=\"dtr3 dtc1\">500 m3<\/td><td    class=\"dtr3 dtc2\">750 m3<\/td><td    class=\"dtr3 dtc3\">1000 m3<\/td><td    class=\"dtr3 dtc4\">1500 m3<\/td><td    class=\"dtr3 dtc5\">2000 m3<\/td><td    class=\"dtr3 dtc6\">3000 m3<\/td><td    class=\"dtr3 dtc7\">6000 m3<\/td><\/tr><tr class=\" row4\"><td    class=\"dtr4 dtc0\">Deadweight<\/td><td    class=\"dtr4 dtc1\">900 T<\/td><td    class=\"dtr4 dtc2\">1350 T<\/td><td    class=\"dtr4 dtc3\">1800 T<\/td><td    class=\"dtr4 dtc4\">2850 T<\/td><td    class=\"dtr4 dtc5\">3600 T<\/td><td    class=\"dtr4 dtc6\">5450 T<\/td><td    class=\"dtr4 dtc7\">10800 T<\/td><\/tr><tr class=\" row5\"><td    class=\"dtr5 dtc0\">Length<\/td><td    class=\"dtr5 dtc1\">50 m<\/td><td    class=\"dtr5 dtc2\">58 m<\/td><td    class=\"dtr5 dtc3\">63 m<\/td><td    class=\"dtr5 dtc4\">72 m<\/td><td    class=\"dtr5 dtc5\">84 m<\/td><td    class=\"dtr5 dtc6\">90 m<\/td><td    class=\"dtr5 dtc7\">117 m<\/td><\/tr><tr class=\" row6\"><td    class=\"dtr6 dtc0\">Width<\/td><td    class=\"dtr6 dtc1\">9 m<\/td><td    class=\"dtr6 dtc2\">11 m<\/td><td    class=\"dtr6 dtc3\">12 m<\/td><td    class=\"dtr6 dtc4\">13 m<\/td><td    class=\"dtr6 dtc5\">15 m<\/td><td    class=\"dtr6 dtc6\">18 m<\/td><td    class=\"dtr6 dtc7\">22 m<\/td><\/tr><tr class=\" row7\"><td    class=\"dtr7 dtc0\">Depth<\/td><td    class=\"dtr7 dtc1\">3.5 m<\/td><td    class=\"dtr7 dtc2\">3.7 m<\/td><td    class=\"dtr7 dtc3\">4.6 m<\/td><td    class=\"dtr7 dtc4\">5.6 m<\/td><td    class=\"dtr7 dtc5\">6 m<\/td><td    class=\"dtr7 dtc6\">6.5 m<\/td><td    class=\"dtr7 dtc7\">8 m<\/td><\/tr><tr class=\" row8\"><td    class=\"dtr8 dtc0\">Speed<\/td><td    class=\"dtr8 dtc1\">6.5 kn<\/td><td    class=\"dtr8 dtc2\">7.5 kn<\/td><td    class=\"dtr8 dtc3\">8.5 kn<\/td><td    class=\"dtr8 dtc4\">10 kn<\/td><td    class=\"dtr8 dtc5\">10.5 kn<\/td><td    class=\"dtr8 dtc6\">5.4 m<\/td><td    class=\"dtr8 dtc7\">13 kn<\/td><\/tr><\/tbody><tfoot><tr><td class=\"dtr8 dtc0\" style=\"height: 0;\"><\/td><td class=\"dtr8 dtc1\" style=\"height: 0;\"><\/td><td class=\"dtr8 dtc2\" style=\"height: 0;\"><\/td><td class=\"dtr8 dtc3\" style=\"height: 0;\"><\/td><td class=\"dtr8 dtc4\" style=\"height: 0;\"><\/td><td class=\"dtr8 dtc5\" style=\"height: 0;\"><\/td><td class=\"dtr8 dtc6\" style=\"height: 0;\"><\/td><td class=\"dtr8 dtc7\" style=\"height: 0;\"><\/td><\/tr><\/tfoot><\/table><\/div><style>#wptmtable60 .dataTables_wrapper > .dataTables_scroll {max-height:500px;overflow: auto;}<\/style><script>window.wptm_ajaxurl = 'https:\/\/mavideniz.com.tr\/wp-admin\/admin-ajax.php?juwpfisadmin=false&action=Wptm&'; window.wptm_front = 'https:\/\/mavideniz.com.tr\/wp-content\/plugins\/wp-table-manager\/app\/site\/assets\/'; window.wptm_style = 'https:\/\/mavideniz.com.tr\/wp-content\/uploads\/wptm\/';<\/script><\/div><style><\/style>\n","protected":false},"excerpt":{"rendered":"<p>Notre Seagoing Split Hopper Barge est con\u00e7u pour transporter toutes sortes de mat\u00e9riaux dragu\u00e9s, et la barge \u00e0 tr\u00e9mie fendue [&hellip;]<\/p>\n","protected":false},"author":1,"featured_media":0,"parent":41130,"menu_order":0,"comment_status":"closed","ping_status":"closed","template":"","meta":{"site-sidebar-layout":"default","site-content-layout":"","ast-site-content-layout":"default","site-content-style":"default","site-sidebar-style":"default","ast-global-header-display":"","ast-banner-title-visibility":"","ast-main-header-display":"","ast-hfb-above-header-display":"","ast-hfb-below-header-display":"","ast-hfb-mobile-header-display":"","site-post-title":"","ast-breadcrumbs-content":"","ast-featured-img":"","footer-sml-layout":"","ast-disable-related-posts":"","theme-transparent-header-meta":"","adv-header-id-meta":"","stick-header-meta":"","header-above-stick-meta":"","header-main-stick-meta":"","header-below-stick-meta":"","astra-migrate-meta-layouts":"default","ast-page-background-enabled":"default","ast-page-background-meta":{"desktop":{"background-color":"var(--ast-global-color-5)","background-image":"","background-repeat":"repeat","background-position":"center center","background-size":"auto","background-attachment":"scroll","background-type":"","background-media":"","overlay-type":"","overlay-color":"","overlay-opacity":"","overlay-gradient":""},"tablet":{"background-color":"","background-image":"","background-repeat":"repeat","background-position":"center center","background-size":"auto","background-attachment":"scroll","background-type":"","background-media":"","overlay-type":"","overlay-color":"","overlay-opacity":"","overlay-gradient":""},"mobile":{"background-color":"","background-image":"","background-repeat":"repeat","background-position":"center center","background-size":"auto","background-attachment":"scroll","background-type":"","background-media":"","overlay-type":"","overlay-color":"","overlay-opacity":"","overlay-gradient":""}},"ast-content-background-meta":{"desktop":{"background-color":"var(--ast-global-color-4)","background-image":"","background-repeat":"repeat","background-position":"center center","background-size":"auto","background-attachment":"scroll","background-type":"","background-media":"","overlay-type":"","overlay-color":"","overlay-opacity":"","overlay-gradient":""},"tablet":{"background-color":"var(--ast-global-color-4)","background-image":"","background-repeat":"repeat","background-position":"center center","background-size":"auto","background-attachment":"scroll","background-type":"","background-media":"","overlay-type":"","overlay-color":"","overlay-opacity":"","overlay-gradient":""},"mobile":{"background-color":"var(--ast-global-color-4)","background-image":"","background-repeat":"repeat","background-position":"center center","background-size":"auto","background-attachment":"scroll","background-type":"","background-media":"","overlay-type":"","overlay-color":"","overlay-opacity":"","overlay-gradient":""}},"footnotes":""},"class_list":["post-41155","page","type-page","status-publish","hentry"],"_links":{"self":[{"href":"https:\/\/mavideniz.com.tr\/fr\/wp-json\/wp\/v2\/pages\/41155","targetHints":{"allow":["GET"]}}],"collection":[{"href":"https:\/\/mavideniz.com.tr\/fr\/wp-json\/wp\/v2\/pages"}],"about":[{"href":"https:\/\/mavideniz.com.tr\/fr\/wp-json\/wp\/v2\/types\/page"}],"author":[{"embeddable":true,"href":"https:\/\/mavideniz.com.tr\/fr\/wp-json\/wp\/v2\/users\/1"}],"replies":[{"embeddable":true,"href":"https:\/\/mavideniz.com.tr\/fr\/wp-json\/wp\/v2\/comments?post=41155"}],"version-history":[{"count":0,"href":"https:\/\/mavideniz.com.tr\/fr\/wp-json\/wp\/v2\/pages\/41155\/revisions"}],"up":[{"embeddable":true,"href":"https:\/\/mavideniz.com.tr\/fr\/wp-json\/wp\/v2\/pages\/41130"}],"wp:attachment":[{"href":"https:\/\/mavideniz.com.tr\/fr\/wp-json\/wp\/v2\/media?parent=41155"}],"curies":[{"name":"wp","href":"https:\/\/api.w.org\/{rel}","templated":true}]}}