{"id":41160,"date":"2022-10-23T19:07:22","date_gmt":"2022-10-23T19:07:22","guid":{"rendered":"https:\/\/mavideniz.com.tr\/?page_id=41160"},"modified":"2022-10-23T19:07:26","modified_gmt":"2022-10-23T19:07:26","slug":"drague-suceuse-a-tremie-trainante","status":"publish","type":"page","link":"https:\/\/mavideniz.com.tr\/fr\/navires-bateaux\/dragueur-barge\/drague-suceuse-a-tremie-trainante\/","title":{"rendered":"Drague suceuse \u00e0 tr\u00e9mie tra\u00eenante"},"content":{"rendered":"\n<p>La drague suceuse \u00e0 tr\u00e9mie tra\u00eenante est con\u00e7ue pour les dragues d&rsquo;entretien, la remise en \u00e9tat des terres, l&rsquo;alimentation des plages et les op\u00e9rations de dragage d&rsquo;immobilisations. La drague suceuse tra\u00eenante est \u00e9quip\u00e9e d&rsquo;une ou deux conduites d&rsquo;aspiration avec une t\u00eate de drague pour recueillir le sol, le sable, le limon et le gravier du fond marin.<\/p>\n<p>Le drague-tr\u00e9mie \u00e0 aspiration tra\u00eenante est un navire de haute mer autopropuls\u00e9 qui peut effectuer un dragage tra\u00eenant jusqu&rsquo;\u00e0 une profondeur de 20 m et \u00eatre \u00e9quip\u00e9 pour effectuer un dragage \u00e0 grappin jusqu&rsquo;\u00e0 des profondeurs de 20 m et un arraisonnement jusqu&rsquo;\u00e0 une distance de 23 m.<\/p>\n<p>Ils sont tr\u00e8s flexibles et peuvent fonctionner ind\u00e9pendamment d&rsquo;autres \u00e9quipements et, \u00e9tant autopropuls\u00e9s, ils peuvent transporter le mat\u00e9riau dragu\u00e9 sur de longues distances. Une fois compl\u00e8tement charg\u00e9, le navire navigue jusqu&rsquo;au lieu de d\u00e9chargement ou de placement, o\u00f9 les d\u00e9blais de dragage sont d\u00e9charg\u00e9s. Selon le type de projet, les mat\u00e9riaux dragu\u00e9s seront d\u00e9charg\u00e9s ou d\u00e9charg\u00e9s de l&rsquo;une des trois fa\u00e7ons suivantes :<\/p>\n<ul>\n<li>Les mat\u00e9riaux sont d\u00e9pos\u00e9s sur le site de placement en ouvrant les \u00e9coutilles au fond du navire ;<\/li>\n<li>Pomp\u00e9 \u00e0 terre par des pipelines, qui peuvent \u00eatre submerg\u00e9s ou flottants<\/li>\n<li>Les pompes \u00e0 usage intensif peuvent propulser le mat\u00e9riau dans l&rsquo;air, un processus connu sous le nom d&rsquo;arc-en-ciel. La m\u00e9thode de d\u00e9chargement ou de d\u00e9chargement est directement li\u00e9e au type de projet.<\/li>\n<\/ul>\n<p>La drague suceuse \u00e0 tr\u00e9mie tra\u00eenante peut \u00eatre \u00e9ventuellement int\u00e9gr\u00e9e \u00e0 un syst\u00e8me de commande de dragage qui peut surveiller et commander le suivi de dragage pour des op\u00e9rations de dragage efficaces et une manipulation facile du navire pendant les missions, de l&rsquo;\u00e9quipement de dragage pour les tuyaux d&rsquo;aspiration, les portiques, les compensateurs de houle, les conduits de d\u00e9bordement, les vannes, les pompes de dragage et l&rsquo;\u00e9quipement auxiliaire par des modes manuels ou automatis\u00e9s ou en utilisant l&rsquo;intelligence artificielle.<\/p>\n<p>Conception de la tr\u00e9mie d&rsquo;aspiration tra\u00eenante La conception de Dredger est bas\u00e9e sur les derni\u00e8res philosophies de conception et form\u00e9 par l&rsquo;exp\u00e9rience pratique avec les dragueurs de diff\u00e9rentes connaissances internationales et approfondies du d\u00e9veloppement technologique. Les mod\u00e8les de drague \u00e0 tr\u00e9mie sont en plusieurs capacit\u00e9s et sont bien \u00e9quip\u00e9s pour fonctionner dans une large gamme de zones c\u00f4ti\u00e8res de dragage avec plusieurs mat\u00e9riaux.<\/p>\n<p>La drague \u00e0 tr\u00e9mie d&rsquo;aspiration arri\u00e8re a des moteurs diesel comme un moteur \u00e0 double carburant en option ; elle peut br\u00fbler des carburants marins liquides classiques tels que le mazout l\u00e9ger (LFO), le mazout lourd (HFO), et le biocarburant liquide, ou GNL. Il peut passer d&rsquo;un carburant \u00e0 l&rsquo;autre sans perte de puissance et de vitesse.<\/p>\n<p><strong>Caract\u00e9ristiques<\/strong><\/p>\n<ul>\n<li>Automoteur et tr\u00e8s maniable<\/li>\n<li>Dragues pendant la navigation<\/li>\n<li>Convient pour travailler en haute mer dans des conditions de fortes intemp\u00e9ries et de houle<\/li>\n<li>Prix bas par m\u00e8tre cube pour un large \u00e9ventail de travaux<\/li>\n<li>Fonctionnement en eau peu profonde avec la vitesse optimis\u00e9e.<\/li>\n<li>Faibles niveaux de vibration<\/li>\n<li>Navire compact avec une manoeuvrabilit\u00e9 optimale<\/li>\n<li>Double Combustible<\/li>\n<li>Charge utile \u00e9lev\u00e9e<\/li>\n<li>Pompe de dragage \u00e0 haut rendement<\/li>\n<li>Syst\u00e8me approuv\u00e9 de contr\u00f4le et de surveillance des dragues<\/li>\n<\/ul>\n<p><strong>Facultatif<\/strong><\/p>\n<ul>\n<li>Rallonge de tuyau d&rsquo;aspiration<\/li>\n<li>Installation de d\u00e9gazage<\/li>\n<li>Bo\u00eete de chargement suppl\u00e9mentaire<\/li>\n<li>D\u00e9passement r\u00e9glable<\/li>\n<li>M\u00e9lange l\u00e9ger<\/li>\n<li>Jet d&rsquo;eau moyenne ou haute pression<\/li>\n<li>T\u00eate de tra\u00een\u00e9e active<\/li>\n<li>Compensateur de gonflement<\/li>\n<li>Accouplement\/buse d&rsquo;\u00e9trave, canal auto-vidant<\/li>\n<li>DP z\u00e9ro<\/li>\n<li>Propulseur d&rsquo;\u00e9trave<\/li>\n<li>Canot De Sauvetage<\/li>\n<li>Grues suppl\u00e9mentaires ; pont, + grue \u00e0 benne preneuse<\/li>\n<li>distance arc-en-ciel<\/li>\n<li>Longueur de d\u00e9charge<\/li>\n<li>Syst\u00e8me de d\u00e9gazage<\/li>\n<li>Logiciel de dragage + automatisation<\/li>\n<li>Pompe de dragage interne haute pression<\/li>\n<li>Salle des moteurs\/pompes<\/li>\n<li>Atelier<\/li>\n<li>Bras De Balayage<\/li>\n<li>Autres h\u00e9bergements<\/li>\n<li>Berceau pour pi\u00e8ces de rechange<\/li>\n<li>Passerelle sous le pont<\/li>\n<li>Traitement du ballast d&rsquo;eau<\/li>\n<\/ul>\n<div class=\"wptm_table tablesorter-bootstrap \" data-id=\"61\" data-hightlight=\"0\"><div class=\"wptm_buttons buttons_wptmTbl61\"><\/div><div class=\"wptmresponsive dataTables-wptmtable wptmtable \" id=\"wptmtable61\" data-tableid=\"wptmTbl61\"><table data-count-header=\"1\"  data-format-decimal_count=\"0\" data-format-decimal_symbol=\".\" data-format-symbol_position=\"0\" data-format-thousand_symbol=\",\"  data-format-currency_symbol=\"$\"  data-name-style=\"61_1614509912.css\" data-format=\"mm\/dd\/yyyy\" id=\"wptmTbl61\" data-id=\"61\" data-responsive=\"false\" data-hideCols=\"false\"  data-type=\"html\" data-paging=\"false\" data-searching=\"true\"  data-ordering=\"false\" data-table-breakpoint=\"980\" data-scroll-x=\"true\" data-scroll-collapse=\"true\" data-align=\"center\" data-range=\"[]\" data-hideColumn=\"[0,0,0,0,0,0,0,0]\" data-colwidths=\"[140,140,140,140,140,140,140,140]\" class=\"wptm_main_table  disablePager hideScrollHeader\"><colgroup><col data-dtr=\"0\" data-dtc=\"0\" class=\"dtc0\"><col data-dtr=\"0\" data-dtc=\"1\" class=\"dtc1\"><col data-dtr=\"0\" data-dtc=\"2\" class=\"dtc2\"><col data-dtr=\"0\" data-dtc=\"3\" class=\"dtc3\"><col data-dtr=\"0\" data-dtc=\"4\" class=\"dtc4\"><col data-dtr=\"0\" data-dtc=\"5\" class=\"dtc5\"><col data-dtr=\"0\" data-dtc=\"6\" class=\"dtc6\"><col data-dtr=\"0\" data-dtc=\"7\" class=\"dtc7\"><\/colgroup><thead><tr class=\"wptm-header-cells-index dnone\"><th rowspan=\"1\" colspan=\"1\" data-dtr=\"0\" data-dtc=\"0\" class=\"dtr0 dtc0\"><\/th><th rowspan=\"1\" colspan=\"1\" data-dtr=\"0\" data-dtc=\"1\" class=\"dtr0 dtc1\"><\/th><th rowspan=\"1\" colspan=\"1\" data-dtr=\"0\" data-dtc=\"2\" class=\"dtr0 dtc2\"><\/th><th rowspan=\"1\" colspan=\"1\" data-dtr=\"0\" data-dtc=\"3\" class=\"dtr0 dtc3\"><\/th><th rowspan=\"1\" colspan=\"1\" data-dtr=\"0\" data-dtc=\"4\" class=\"dtr0 dtc4\"><\/th><th rowspan=\"1\" colspan=\"1\" data-dtr=\"0\" data-dtc=\"5\" class=\"dtr0 dtc5\"><\/th><th rowspan=\"1\" colspan=\"1\" data-dtr=\"0\" data-dtc=\"6\" class=\"dtr0 dtc6\"><\/th><th rowspan=\"1\" colspan=\"1\" data-dtr=\"0\" data-dtc=\"7\" class=\"dtr0 dtc7\"><\/th><\/tr><tr class=\" row0\"><th   data-priority=\"0\" class=\"dtr0 dtc0\"><\/th><th   data-priority=\"0\" class=\"dtr0 dtc1\">TSHD 500<\/th><th   data-priority=\"0\" class=\"dtr0 dtc2\">TSHD 650<\/th><th   data-priority=\"0\" class=\"dtr0 dtc3\">TSHD 1000<\/th><th   data-priority=\"0\" class=\"dtr0 dtc4\">TSHD 1500<\/th><th   data-priority=\"0\" class=\"dtr0 dtc5\">TSHD 2000<\/th><th   data-priority=\"0\" class=\"dtr0 dtc6\">TSHD 2500<\/th><th   data-priority=\"0\" class=\"dtr0 dtc7\">TSHD 3500<\/th><\/thead><tbody><tr class=\" row1\"><td    class=\"dtr1 dtc0\">Hopper Capacity (m3)<\/td><td    class=\"dtr1 dtc1\">500<\/td><td    class=\"dtr1 dtc2\">650<\/td><td    class=\"dtr1 dtc3\">1000<\/td><td    class=\"dtr1 dtc4\">1500<\/td><td    class=\"dtr1 dtc5\">2000<\/td><td    class=\"dtr1 dtc6\">2500<\/td><td    class=\"dtr1 dtc7\">3500<\/td><\/tr><tr class=\" row2\"><td    class=\"dtr2 dtc0\">Dredging Depth (m)<\/td><td    class=\"dtr2 dtc1\">15<\/td><td    class=\"dtr2 dtc2\">15<\/td><td    class=\"dtr2 dtc3\">20<\/td><td    class=\"dtr2 dtc4\">20<\/td><td    class=\"dtr2 dtc5\">22<\/td><td    class=\"dtr2 dtc6\">22<\/td><td    class=\"dtr2 dtc7\">22<\/td><\/tr><tr class=\" row3\"><td    class=\"dtr3 dtc0\">Length (m)<\/td><td    class=\"dtr3 dtc1\">50<\/td><td    class=\"dtr3 dtc2\">56<\/td><td    class=\"dtr3 dtc3\">62<\/td><td    class=\"dtr3 dtc4\">73<\/td><td    class=\"dtr3 dtc5\">70<\/td><td    class=\"dtr3 dtc6\">80<\/td><td    class=\"dtr3 dtc7\">93<\/td><\/tr><tr class=\" row4\"><td    class=\"dtr4 dtc0\">Width (m)<\/td><td    class=\"dtr4 dtc1\">11<\/td><td    class=\"dtr4 dtc2\">12<\/td><td    class=\"dtr4 dtc3\">14<\/td><td    class=\"dtr4 dtc4\">14<\/td><td    class=\"dtr4 dtc5\">16<\/td><td    class=\"dtr4 dtc6\">16<\/td><td    class=\"dtr4 dtc7\">19<\/td><\/tr><tr class=\" row5\"><td    class=\"dtr5 dtc0\">Draft Dredging (m)<\/td><td    class=\"dtr5 dtc1\">3,2<\/td><td    class=\"dtr5 dtc2\">3,2<\/td><td    class=\"dtr5 dtc3\">4,2<\/td><td    class=\"dtr5 dtc4\">4,6<\/td><td    class=\"dtr5 dtc5\">5<\/td><td    class=\"dtr5 dtc6\">5<\/td><td    class=\"dtr5 dtc7\">5<\/td><\/tr><tr class=\" row6\"><td    class=\"dtr6 dtc0\">Speed<\/td><td    class=\"dtr6 dtc1\">8.5<\/td><td    class=\"dtr6 dtc2\">10<\/td><td    class=\"dtr6 dtc3\">10<\/td><td    class=\"dtr6 dtc4\">11<\/td><td    class=\"dtr6 dtc5\">11<\/td><td    class=\"dtr6 dtc6\">11<\/td><td    class=\"dtr6 dtc7\">11<\/td><\/tr><\/tbody><tfoot><tr><td class=\"dtr6 dtc0\" style=\"height: 0;\"><\/td><td class=\"dtr6 dtc1\" style=\"height: 0;\"><\/td><td class=\"dtr6 dtc2\" style=\"height: 0;\"><\/td><td class=\"dtr6 dtc3\" style=\"height: 0;\"><\/td><td class=\"dtr6 dtc4\" style=\"height: 0;\"><\/td><td class=\"dtr6 dtc5\" style=\"height: 0;\"><\/td><td class=\"dtr6 dtc6\" style=\"height: 0;\"><\/td><td class=\"dtr6 dtc7\" style=\"height: 0;\"><\/td><\/tr><\/tfoot><\/table><\/div><style>#wptmtable61 .dataTables_wrapper > .dataTables_scroll {max-height: unset;overflow: auto;}<\/style><script>window.wptm_ajaxurl = 'https:\/\/mavideniz.com.tr\/wp-admin\/admin-ajax.php?juwpfisadmin=false&action=Wptm&'; window.wptm_front = 'https:\/\/mavideniz.com.tr\/wp-content\/plugins\/wp-table-manager\/app\/site\/assets\/'; window.wptm_style = 'https:\/\/mavideniz.com.tr\/wp-content\/uploads\/wptm\/';<\/script><\/div><style><\/style>\n","protected":false},"excerpt":{"rendered":"<p>La drague suceuse \u00e0 tr\u00e9mie tra\u00eenante est con\u00e7ue pour les dragues d&rsquo;entretien, la remise en \u00e9tat des terres, l&rsquo;alimentation des [&hellip;]<\/p>\n","protected":false},"author":1,"featured_media":0,"parent":41130,"menu_order":0,"comment_status":"closed","ping_status":"closed","template":"","meta":{"site-sidebar-layout":"default","site-content-layout":"","ast-site-content-layout":"default","site-content-style":"default","site-sidebar-style":"default","ast-global-header-display":"","ast-banner-title-visibility":"","ast-main-header-display":"","ast-hfb-above-header-display":"","ast-hfb-below-header-display":"","ast-hfb-mobile-header-display":"","site-post-title":"","ast-breadcrumbs-content":"","ast-featured-img":"","footer-sml-layout":"","ast-disable-related-posts":"","theme-transparent-header-meta":"","adv-header-id-meta":"","stick-header-meta":"","header-above-stick-meta":"","header-main-stick-meta":"","header-below-stick-meta":"","astra-migrate-meta-layouts":"default","ast-page-background-enabled":"default","ast-page-background-meta":{"desktop":{"background-color":"var(--ast-global-color-5)","background-image":"","background-repeat":"repeat","background-position":"center center","background-size":"auto","background-attachment":"scroll","background-type":"","background-media":"","overlay-type":"","overlay-color":"","overlay-opacity":"","overlay-gradient":""},"tablet":{"background-color":"","background-image":"","background-repeat":"repeat","background-position":"center center","background-size":"auto","background-attachment":"scroll","background-type":"","background-media":"","overlay-type":"","overlay-color":"","overlay-opacity":"","overlay-gradient":""},"mobile":{"background-color":"","background-image":"","background-repeat":"repeat","background-position":"center center","background-size":"auto","background-attachment":"scroll","background-type":"","background-media":"","overlay-type":"","overlay-color":"","overlay-opacity":"","overlay-gradient":""}},"ast-content-background-meta":{"desktop":{"background-color":"var(--ast-global-color-4)","background-image":"","background-repeat":"repeat","background-position":"center center","background-size":"auto","background-attachment":"scroll","background-type":"","background-media":"","overlay-type":"","overlay-color":"","overlay-opacity":"","overlay-gradient":""},"tablet":{"background-color":"var(--ast-global-color-4)","background-image":"","background-repeat":"repeat","background-position":"center center","background-size":"auto","background-attachment":"scroll","background-type":"","background-media":"","overlay-type":"","overlay-color":"","overlay-opacity":"","overlay-gradient":""},"mobile":{"background-color":"var(--ast-global-color-4)","background-image":"","background-repeat":"repeat","background-position":"center center","background-size":"auto","background-attachment":"scroll","background-type":"","background-media":"","overlay-type":"","overlay-color":"","overlay-opacity":"","overlay-gradient":""}},"footnotes":""},"class_list":["post-41160","page","type-page","status-publish","hentry"],"_links":{"self":[{"href":"https:\/\/mavideniz.com.tr\/fr\/wp-json\/wp\/v2\/pages\/41160","targetHints":{"allow":["GET"]}}],"collection":[{"href":"https:\/\/mavideniz.com.tr\/fr\/wp-json\/wp\/v2\/pages"}],"about":[{"href":"https:\/\/mavideniz.com.tr\/fr\/wp-json\/wp\/v2\/types\/page"}],"author":[{"embeddable":true,"href":"https:\/\/mavideniz.com.tr\/fr\/wp-json\/wp\/v2\/users\/1"}],"replies":[{"embeddable":true,"href":"https:\/\/mavideniz.com.tr\/fr\/wp-json\/wp\/v2\/comments?post=41160"}],"version-history":[{"count":0,"href":"https:\/\/mavideniz.com.tr\/fr\/wp-json\/wp\/v2\/pages\/41160\/revisions"}],"up":[{"embeddable":true,"href":"https:\/\/mavideniz.com.tr\/fr\/wp-json\/wp\/v2\/pages\/41130"}],"wp:attachment":[{"href":"https:\/\/mavideniz.com.tr\/fr\/wp-json\/wp\/v2\/media?parent=41160"}],"curies":[{"name":"wp","href":"https:\/\/api.w.org\/{rel}","templated":true}]}}