{"id":41173,"date":"2022-10-23T19:26:38","date_gmt":"2022-10-23T19:26:38","guid":{"rendered":"https:\/\/mavideniz.com.tr\/?page_id=41173"},"modified":"2022-10-23T19:26:46","modified_gmt":"2022-10-23T19:26:46","slug":"bateau-pompier-bateau-de-sauvetage","status":"publish","type":"page","link":"https:\/\/mavideniz.com.tr\/fr\/navires-bateaux\/lutte-contre-lincendie-bateau-ambulance\/bateau-pompier-bateau-de-sauvetage\/","title":{"rendered":"Bateau pompier + bateau de sauvetage"},"content":{"rendered":"\n<p>Le canot de pompiers et de sauvetage Mavideniz est con\u00e7u pour \u00eatre rapide lutte contre les incendies, les missions de sauvetage et les op\u00e9rations d&rsquo;intervention d&rsquo;urgence pour les urgences pr\u00e8s de la c\u00f4te, les ports, la marina, les lacs et les voies navigables int\u00e9rieures. Nous avons des mod\u00e8les de petits \u00e0 grands bateaux de pompiers et de sauvetage. La conception du bateau-pompier permet de naviguer dans des eaux peu profondes ou inaccessibles, et le navire peut manoeuvrer pr\u00e8s de la rive et autour des plus petites marinas.<\/p>\n<p>Bateau d&rsquo;incendie + bateau de sauvetage peut \u00eatre \u00e9quip\u00e9 de deux \u00e0 cinq moniteurs d&rsquo;incendie t\u00e9l\u00e9command\u00e9s. Fire Boat dispose d&rsquo;une grue sur le pont arri\u00e8re \u00e9quip\u00e9e de cam\u00e9ras et d&rsquo;une buse d&rsquo;incendie pour atteindre le pont des navires porte-conteneurs \u00e0 grand franc-bord pour voir les points chauds et diriger l&rsquo;eau et la mousse si n\u00e9cessaire. Fire Boat + Rescue Boat peut \u00eatre configur\u00e9 avec des hors-bord 4 temps doubles ou un moteur Inboard. \u00c9quip\u00e9 d&rsquo;une paire de pompes \u00e0 incendie pouvant pomper plus de 7000 GPM, le navire peut \u00e9galement transporter une alimentation en mousse.<\/p>\n<p>Bateau d&rsquo;incendie + bateau de sauvetage \u00c9quip\u00e9 d&rsquo;un g\u00e9n\u00e9rateur embarqu\u00e9, du chauffage, de la ventilation et de la climatisation, le bateau est un centre de commandement mobile confortable. La cabine peut permettre aux patients bless\u00e9s de prendre soin avec un stockage sp\u00e9cialis\u00e9, des \u00e9tirements, des incendies, des interventions et de l&rsquo;\u00e9quipement m\u00e9dical. Cependant, tous les mod\u00e8les Fire Boat + Rescue Boat peuvent \u00eatre \u00e9quip\u00e9s d&rsquo;un syst\u00e8me CBRNE (Chemical Biological Radiation Nuclear Environment) qui prot\u00e8ge l&rsquo;int\u00e9rieur contre les agents en suspension dans l&rsquo;air. Un sas vers l&rsquo;avant permet \u00e0 l&rsquo;\u00e9quipage de sortir et d&rsquo;entrer dans l&rsquo;espace et d&#8217;emp\u00eacher la contamination des espaces int\u00e9rieurs. Cela permet \u00e0 l&rsquo;\u00e9quipe d&rsquo;utiliser le navire sans \u00eatre attach\u00e9e \u00e0 des c\u00e2bles radio ou \u00e0 un appareil respiratoire qui peuvent entraver le mouvement en cas d&rsquo;urgence. Le bateau de sauvetage incendie peut \u00e9galement aider \u00e0 la phase initiale de l&rsquo;intervention en cas de d\u00e9versement ou de pollution et est enti\u00e8rement \u00e9quip\u00e9 pour r\u00e9pondre aux exigences de ces situations. Il peut transporter des rampes de confinement du p\u00e9trole, des \u00e9cumeurs de r\u00e9cup\u00e9ration, des \u00e9quipements de transport, etc.<\/p>\n<p>Apr\u00e8s que nous avons livr\u00e9 le bateau de pompier et de sauvetage, vous verrez la m\u00eame performance et la qualit\u00e9 des ann\u00e9es et des ann\u00e9es plus tard pas chang\u00e9, et il y a une raison d&rsquo;attraper la performance et la qualit\u00e9 ; Nous ne choisissons pas des produits bon march\u00e9, nous choisissons le meilleur mat\u00e9riel et les produits pour construire le bateau de pompier et de sauvetage et \u00e9galement s\u00e9lectionner les meilleurs travailleurs, et les ing\u00e9nieurs. Nous pouvons organiser la conception et l&rsquo;\u00e9quipement pour votre profil op\u00e9rationnel et vos exigences.<\/p>\n<p><strong>Caract\u00e9ristiques<\/strong><\/p>\n<ul>\n<li>R\u00e9duction De La Consommation De Carburant<\/li>\n<li>D\u00e9lais de livraison courts et fiables<\/li>\n<li>Tarification comp\u00e9titive<\/li>\n<li>Design ergonomique moderne<\/li>\n<li>Stabilit\u00e9 et s\u00e9curit\u00e9 am\u00e9lior\u00e9es<\/li>\n<li>Intervention en cas de d\u00e9versement \/ pollution<\/li>\n<li>Tirant D&rsquo;Eau Faible<\/li>\n<\/ul>\n<div class=\"wptm_table tablesorter-bootstrap \" data-id=\"55\" data-hightlight=\"0\"><div class=\"wptm_buttons buttons_wptmTbl55\"><\/div><div class=\"wptmresponsive dataTables-wptmtable wptmtable \" id=\"wptmtable55\" data-tableid=\"wptmTbl55\"><table data-count-header=\"1\"  data-format-decimal_count=\"0\" data-format-decimal_symbol=\".\" data-format-symbol_position=\"0\" data-format-thousand_symbol=\",\"  data-format-currency_symbol=\"$\"  data-name-style=\"55_1759813505.css\" data-format=\"YYYY-MM-DD\" id=\"wptmTbl55\" data-id=\"55\" data-responsive=\"false\" data-hideCols=\"false\"  data-type=\"html\" data-paging=\"false\" data-searching=\"true\"  data-ordering=\"false\" data-table-breakpoint=\"980\" data-scroll-x=\"true\" data-scroll-collapse=\"true\" data-align=\"center\" data-range=\"[]\" data-hideColumn=\"[0,0,0,0,0,0,0]\"  data-colwidths=\"[162,162,162,162,162,162,162]\"  data-colwidths_desktop=[]  data-colwidths_tablet=[]  data-colwidths_mobile=[]  class=\"wptm_main_table  disablePager hideScrollHeader\"><colgroup><col data-dtr=\"0\" data-dtc=\"0\" class=\"dtc0\"><col data-dtr=\"0\" data-dtc=\"1\" class=\"dtc1\"><col data-dtr=\"0\" data-dtc=\"2\" class=\"dtc2\"><col data-dtr=\"0\" data-dtc=\"3\" class=\"dtc3\"><col data-dtr=\"0\" data-dtc=\"4\" class=\"dtc4\"><col data-dtr=\"0\" data-dtc=\"5\" class=\"dtc5\"><col data-dtr=\"0\" data-dtc=\"6\" class=\"dtc6\"><\/colgroup><thead><tr class=\"wptm-header-cells-index\"><th rowspan=\"1\" colspan=\"1\" data-dtr=\"0\" data-dtc=\"0\" class=\"dtr0 dtc0\"><\/th><th rowspan=\"1\" colspan=\"1\" data-dtr=\"0\" data-dtc=\"1\" class=\"dtr0 dtc1\"><\/th><th rowspan=\"1\" colspan=\"1\" data-dtr=\"0\" data-dtc=\"2\" class=\"dtr0 dtc2\"><\/th><th rowspan=\"1\" colspan=\"1\" data-dtr=\"0\" data-dtc=\"3\" class=\"dtr0 dtc3\"><\/th><th rowspan=\"1\" colspan=\"1\" data-dtr=\"0\" data-dtc=\"4\" class=\"dtr0 dtc4\"><\/th><th rowspan=\"1\" colspan=\"1\" data-dtr=\"0\" data-dtc=\"5\" class=\"dtr0 dtc5\"><\/th><th rowspan=\"1\" colspan=\"1\" data-dtr=\"0\" data-dtc=\"6\" class=\"dtr0 dtc6\"><\/th><\/tr><tr class=\" row0\"><th   data-priority=\"0\" class=\"dtr0 dtc0\"><\/th><th   data-priority=\"0\" class=\"dtr0 dtc1\">Fire Boat 22<\/th><th   data-priority=\"0\" class=\"dtr0 dtc2\">Fire Boat 20<\/th><th   data-priority=\"0\" class=\"dtr0 dtc3\">Fire Boat 18<\/th><th   data-priority=\"0\" class=\"dtr0 dtc4\">Fire Boat 15<\/th><th   data-priority=\"0\" class=\"dtr0 dtc5\">Fire Boat 12<\/th><th   data-priority=\"0\" class=\"dtr0 dtc6\">Fire Boat 9<\/th><\/thead><tbody><tr class=\" row1\"><td    class=\"dtr1 dtc0\">Length<\/td><td    class=\"dtr1 dtc1\">22 m<\/td><td    class=\"dtr1 dtc2\">20 m<\/td><td    class=\"dtr1 dtc3\">18 m<\/td><td    class=\"dtr1 dtc4\">15 m<\/td><td    class=\"dtr1 dtc5\">12 m<\/td><td    class=\"dtr1 dtc6\">9 m<\/td><\/tr><tr class=\" row2\"><td    class=\"dtr2 dtc0\">Beam<\/td><td    class=\"dtr2 dtc1\">6.5 m<\/td><td    class=\"dtr2 dtc2\">5.7 m<\/td><td    class=\"dtr2 dtc3\">5.7 m<\/td><td    class=\"dtr2 dtc4\">4 m<\/td><td    class=\"dtr2 dtc5\">3.5 m<\/td><td    class=\"dtr2 dtc6\">3 m<\/td><\/tr><tr class=\" row3\"><td    class=\"dtr3 dtc0\">Draft<\/td><td    class=\"dtr3 dtc1\">1 m<\/td><td    class=\"dtr3 dtc2\">1.4 m<\/td><td    class=\"dtr3 dtc3\">1.4 m<\/td><td    class=\"dtr3 dtc4\">0.6 m<\/td><td    class=\"dtr3 dtc5\">0.5 m<\/td><td    class=\"dtr3 dtc6\">0.4 m<\/td><\/tr><tr class=\" row4\"><td    class=\"dtr4 dtc0\">Material<\/td><td  colspan=\"6\"   class=\"dtr4 dtc1\">Steel | Aluminium | HDPE | GRP<\/td><td  style=\"display: none\"   class=\"dtr4 dtc2\"><\/td><td  style=\"display: none\"   class=\"dtr4 dtc3\"><\/td><td  style=\"display: none\"   class=\"dtr4 dtc4\"><\/td><td  style=\"display: none\"   class=\"dtr4 dtc5\"><\/td><td  style=\"display: none\"   class=\"dtr4 dtc6\"><\/td><\/tr><tr class=\" row5\"><td    class=\"dtr5 dtc0\">Fire Pump<\/td><td    class=\"dtr5 dtc1\">2 x 7,000 GPM<\/td><td    class=\"dtr5 dtc2\">2 x 6,500 GPM<\/td><td    class=\"dtr5 dtc3\">2 x 5,000 GPM<\/td><td    class=\"dtr5 dtc4\">2 x 4,000 GPM<\/td><td    class=\"dtr5 dtc5\">2 x 3,000 GPM<\/td><td    class=\"dtr5 dtc6\">2 x 2,500 GPM<\/td><\/tr><tr class=\" row6\"><td    class=\"dtr6 dtc0\">Monitors<\/td><td    class=\"dtr6 dtc1\">3 x bow \/ 1 x stern<\/td><td    class=\"dtr6 dtc2\">2 x bow \/ 2 x stern<\/td><td    class=\"dtr6 dtc3\">3 x bow \/ 1 x stern<\/td><td    class=\"dtr6 dtc4\">2 x bow \/ 1 x stern<\/td><td    class=\"dtr6 dtc5\">1 x bow \/ 1 x stern<\/td><td    class=\"dtr6 dtc6\">1 x bow \/ 1 x stern<\/td><\/tr><tr class=\" row7\"><td    class=\"dtr7 dtc0\">Engine<\/td><td    class=\"dtr7 dtc1\">2 x 1200 bhp<\/td><td    class=\"dtr7 dtc2\">2 x 900 bhp<\/td><td    class=\"dtr7 dtc3\">2 x 750 bhp<\/td><td    class=\"dtr7 dtc4\">2 x 500 bhp<\/td><td    class=\"dtr7 dtc5\">2 x 300 bhp<\/td><td    class=\"dtr7 dtc6\">2 x 200 bhp<\/td><\/tr><tr class=\" row8\"><td    class=\"dtr8 dtc0\">Propellers<\/td><td  colspan=\"6\"   class=\"dtr8 dtc1\">Waterjet \/ Fixed Pitch \/ Outboard<\/td><td  style=\"display: none\"   class=\"dtr8 dtc2\"><\/td><td  style=\"display: none\"   class=\"dtr8 dtc3\"><\/td><td  style=\"display: none\"   class=\"dtr8 dtc4\"><\/td><td  style=\"display: none\"   class=\"dtr8 dtc5\"><\/td><td  style=\"display: none\"   class=\"dtr8 dtc6\"><\/td><\/tr><tr class=\" row9\"><td    class=\"dtr9 dtc0\">Speed<\/td><td    class=\"dtr9 dtc1\">Max 40 - 22 Knots<\/td><td    class=\"dtr9 dtc2\">Max 40 - 19 Knots<\/td><td    class=\"dtr9 dtc3\">Max 40 - 22 Knots<\/td><td    class=\"dtr9 dtc4\">Max 40 - 22 Knots<\/td><td    class=\"dtr9 dtc5\">Max 40 - 22 Knots<\/td><td    class=\"dtr9 dtc6\">Max 40 - 22<\/td><\/tr><\/tbody><tfoot><tr><td class=\"dtr9 dtc0\" style=\"height: 0;\"><\/td><td class=\"dtr9 dtc1\" style=\"height: 0;\"><\/td><td class=\"dtr9 dtc2\" style=\"height: 0;\"><\/td><td class=\"dtr9 dtc3\" style=\"height: 0;\"><\/td><td class=\"dtr9 dtc4\" style=\"height: 0;\"><\/td><td class=\"dtr9 dtc5\" style=\"height: 0;\"><\/td><td class=\"dtr9 dtc6\" style=\"height: 0;\"><\/td><\/tr><\/tfoot><\/table><\/div><style>#wptmtable55 .dataTables_wrapper > .dataTables_scroll {max-height:500px;overflow: auto;}<\/style><script>window.wptm_ajaxurl = 'https:\/\/mavideniz.com.tr\/wp-admin\/admin-ajax.php?juwpfisadmin=false&action=Wptm&'; window.wptm_front = 'https:\/\/mavideniz.com.tr\/wp-content\/plugins\/wp-table-manager\/app\/site\/assets\/'; window.wptm_style = 'https:\/\/mavideniz.com.tr\/wp-content\/uploads\/wptm\/';<\/script><\/div><style><\/style>\n","protected":false},"excerpt":{"rendered":"<p>Le canot de pompiers et de sauvetage Mavideniz est con\u00e7u pour \u00eatre rapide lutte contre les incendies, les missions de [&hellip;]<\/p>\n","protected":false},"author":1,"featured_media":0,"parent":41166,"menu_order":0,"comment_status":"closed","ping_status":"closed","template":"","meta":{"site-sidebar-layout":"default","site-content-layout":"","ast-site-content-layout":"default","site-content-style":"default","site-sidebar-style":"default","ast-global-header-display":"","ast-banner-title-visibility":"","ast-main-header-display":"","ast-hfb-above-header-display":"","ast-hfb-below-header-display":"","ast-hfb-mobile-header-display":"","site-post-title":"","ast-breadcrumbs-content":"","ast-featured-img":"","footer-sml-layout":"","ast-disable-related-posts":"","theme-transparent-header-meta":"","adv-header-id-meta":"","stick-header-meta":"","header-above-stick-meta":"","header-main-stick-meta":"","header-below-stick-meta":"","astra-migrate-meta-layouts":"default","ast-page-background-enabled":"default","ast-page-background-meta":{"desktop":{"background-color":"var(--ast-global-color-5)","background-image":"","background-repeat":"repeat","background-position":"center center","background-size":"auto","background-attachment":"scroll","background-type":"","background-media":"","overlay-type":"","overlay-color":"","overlay-opacity":"","overlay-gradient":""},"tablet":{"background-color":"","background-image":"","background-repeat":"repeat","background-position":"center center","background-size":"auto","background-attachment":"scroll","background-type":"","background-media":"","overlay-type":"","overlay-color":"","overlay-opacity":"","overlay-gradient":""},"mobile":{"background-color":"","background-image":"","background-repeat":"repeat","background-position":"center center","background-size":"auto","background-attachment":"scroll","background-type":"","background-media":"","overlay-type":"","overlay-color":"","overlay-opacity":"","overlay-gradient":""}},"ast-content-background-meta":{"desktop":{"background-color":"var(--ast-global-color-4)","background-image":"","background-repeat":"repeat","background-position":"center center","background-size":"auto","background-attachment":"scroll","background-type":"","background-media":"","overlay-type":"","overlay-color":"","overlay-opacity":"","overlay-gradient":""},"tablet":{"background-color":"var(--ast-global-color-4)","background-image":"","background-repeat":"repeat","background-position":"center center","background-size":"auto","background-attachment":"scroll","background-type":"","background-media":"","overlay-type":"","overlay-color":"","overlay-opacity":"","overlay-gradient":""},"mobile":{"background-color":"var(--ast-global-color-4)","background-image":"","background-repeat":"repeat","background-position":"center center","background-size":"auto","background-attachment":"scroll","background-type":"","background-media":"","overlay-type":"","overlay-color":"","overlay-opacity":"","overlay-gradient":""}},"footnotes":""},"class_list":["post-41173","page","type-page","status-publish","hentry"],"_links":{"self":[{"href":"https:\/\/mavideniz.com.tr\/fr\/wp-json\/wp\/v2\/pages\/41173","targetHints":{"allow":["GET"]}}],"collection":[{"href":"https:\/\/mavideniz.com.tr\/fr\/wp-json\/wp\/v2\/pages"}],"about":[{"href":"https:\/\/mavideniz.com.tr\/fr\/wp-json\/wp\/v2\/types\/page"}],"author":[{"embeddable":true,"href":"https:\/\/mavideniz.com.tr\/fr\/wp-json\/wp\/v2\/users\/1"}],"replies":[{"embeddable":true,"href":"https:\/\/mavideniz.com.tr\/fr\/wp-json\/wp\/v2\/comments?post=41173"}],"version-history":[{"count":0,"href":"https:\/\/mavideniz.com.tr\/fr\/wp-json\/wp\/v2\/pages\/41173\/revisions"}],"up":[{"embeddable":true,"href":"https:\/\/mavideniz.com.tr\/fr\/wp-json\/wp\/v2\/pages\/41166"}],"wp:attachment":[{"href":"https:\/\/mavideniz.com.tr\/fr\/wp-json\/wp\/v2\/media?parent=41173"}],"curies":[{"name":"wp","href":"https:\/\/api.w.org\/{rel}","templated":true}]}}