{"id":41178,"date":"2022-10-23T19:30:40","date_gmt":"2022-10-23T19:30:40","guid":{"rendered":"https:\/\/mavideniz.com.tr\/?page_id=41178"},"modified":"2022-10-23T19:30:42","modified_gmt":"2022-10-23T19:30:42","slug":"bateau-ambulance","status":"publish","type":"page","link":"https:\/\/mavideniz.com.tr\/fr\/navires-bateaux\/lutte-contre-lincendie-bateau-ambulance\/bateau-ambulance\/","title":{"rendered":"Bateau-ambulance"},"content":{"rendered":"\n<p>Mavi Deniz, bateau ambulancier con\u00e7u pour le transfert de patients, l&rsquo;intervention d&rsquo;urgence, le traitement ambulatoire et le transfert de fournitures m\u00e9dicales en mer, rivi\u00e8re ou lac. Ambulance Boat est \u00e9quip\u00e9 d&rsquo;un \u00e9quipement m\u00e9dical \u00e9quivalent \u00e0 une ambulance routi\u00e8re.<\/p>\n<p>Ambulance Boat raccourcit consid\u00e9rablement le temps n\u00e9cessaire pour atteindre les patients et commencer les op\u00e9rations de sauvetage avant d&rsquo;atteindre la c\u00f4te. L&rsquo;ambulance fluviale respecte toutes les r\u00e8gles et l&rsquo;\u00e9quipement m\u00e9dical est conforme \u00e0 la norme EN 1789. La coque, le pont et la superstructure de construction enti\u00e8rement soud\u00e9e en aluminium donnent une coque l\u00e9g\u00e8re et facile \u00e0 conduire et un entretien facile dans les zones sans \u00e9lectricit\u00e9 pour le soudage.<\/p>\n<p>Ambulance Boat a un excellent maintien en mer, la stabilit\u00e9, la rigidit\u00e9, la r\u00e9sistance au roulement, et une plate-forme relativement stable pour les op\u00e9rations mineures et les proc\u00e9dures chirurgicales, qui sont des caract\u00e9ristiques souhaitables dans un bateau ambulance en mer, rivi\u00e8re, ou traitement de lac, et le confort et la s\u00e9curit\u00e9 sont tous essentiels. Ambulance Boat est \u00e9galement adapt\u00e9 pour une utilisation jusqu&rsquo;\u00e0 Sea State 5.<\/p>\n<p>Apr\u00e8s la livraison du navire, vous verrez la m\u00eame performance et la qualit\u00e9 des ann\u00e9es et des ann\u00e9es plus tard, pas chang\u00e9, et il y a une raison de capturer la performance et la qualit\u00e9. Nous ne choisissons pas des produits bon march\u00e9, nous choisissons le meilleur mat\u00e9riel et les meilleurs produits pour la construction du bateau Ambulance et nous choisissons \u00e9galement les meilleurs ouvriers et ing\u00e9nieurs. La coque et la superstructure sont construites selon les codes ou les exigences applicables du client, et aussi, Nous pouvons organiser les conceptions pour votre profil op\u00e9rationnel et vos besoins.<\/p>\n<p><strong>Caract\u00e9ristiques<\/strong><\/p>\n<ul>\n<li>La zone m\u00e9dicale destin\u00e9e au traitement du patient est s\u00e9par\u00e9e de la cabine<\/li>\n<li>\u00c9quipement m\u00e9dical standard + \u00c9quipement sp\u00e9cial pour le sauvetage m\u00e9dical et la r\u00e9animation.<\/li>\n<li>Civi\u00e8re amortissant les chocs<\/li>\n<li>Si\u00e8ges amortisseurs pour le pilote<\/li>\n<li>Armoire de rangement pour mat\u00e9riel m\u00e9dical<\/li>\n<\/ul>\n<div class=\"wptm_table tablesorter-bootstrap \" data-id=\"54\" data-hightlight=\"0\"><div class=\"wptm_buttons buttons_wptmTbl54\"><\/div><div class=\"wptmresponsive dataTables-wptmtable wptmtable \" id=\"wptmtable54\" data-tableid=\"wptmTbl54\"><table data-count-header=\"1\"  data-format-decimal_count=\"0\" data-format-decimal_symbol=\".\" data-format-symbol_position=\"0\" data-format-thousand_symbol=\",\"  data-format-currency_symbol=\"$\"  data-name-style=\"54_1759813598.css\" data-format=\"YYYY-MM-DD\" id=\"wptmTbl54\" data-id=\"54\" data-responsive=\"false\" data-hideCols=\"false\"  data-type=\"html\" data-paging=\"false\" data-searching=\"true\"  data-ordering=\"false\" data-table-breakpoint=\"980\" data-scroll-x=\"true\" data-scroll-collapse=\"true\" data-align=\"center\" data-range=\"[]\" data-hideColumn=\"[0,0,0,0,0,0,0]\"  data-colwidths=\"[162,162,162,162,162,162,162]\"  data-colwidths_desktop=[]  data-colwidths_tablet=[]  data-colwidths_mobile=[]  class=\"wptm_main_table  disablePager hideScrollHeader\"><colgroup><col data-dtr=\"0\" data-dtc=\"0\" class=\"dtc0\"><col data-dtr=\"0\" data-dtc=\"1\" class=\"dtc1\"><col data-dtr=\"0\" data-dtc=\"2\" class=\"dtc2\"><col data-dtr=\"0\" data-dtc=\"3\" class=\"dtc3\"><col data-dtr=\"0\" data-dtc=\"4\" class=\"dtc4\"><col data-dtr=\"0\" data-dtc=\"5\" class=\"dtc5\"><col data-dtr=\"0\" data-dtc=\"6\" class=\"dtc6\"><\/colgroup><thead><tr class=\"wptm-header-cells-index\"><th rowspan=\"1\" colspan=\"1\" data-dtr=\"0\" data-dtc=\"0\" class=\"dtr0 dtc0\"><\/th><th rowspan=\"1\" colspan=\"1\" data-dtr=\"0\" data-dtc=\"1\" class=\"dtr0 dtc1\"><\/th><th rowspan=\"1\" colspan=\"1\" data-dtr=\"0\" data-dtc=\"2\" class=\"dtr0 dtc2\"><\/th><th rowspan=\"1\" colspan=\"1\" data-dtr=\"0\" data-dtc=\"3\" class=\"dtr0 dtc3\"><\/th><th rowspan=\"1\" colspan=\"1\" data-dtr=\"0\" data-dtc=\"4\" class=\"dtr0 dtc4\"><\/th><th rowspan=\"1\" colspan=\"1\" data-dtr=\"0\" data-dtc=\"5\" class=\"dtr0 dtc5\"><\/th><th rowspan=\"1\" colspan=\"1\" data-dtr=\"0\" data-dtc=\"6\" class=\"dtr0 dtc6\"><\/th><\/tr><tr class=\" row0\"><th   data-priority=\"0\" class=\"dtr0 dtc0\"><\/th><th   data-priority=\"0\" class=\"dtr0 dtc1\">Ambulance 20<\/th><th   data-priority=\"0\" class=\"dtr0 dtc2\">Ambulance 17<\/th><th   data-priority=\"0\" class=\"dtr0 dtc3\">Ambulance 15<\/th><th   data-priority=\"0\" class=\"dtr0 dtc4\">Ambulance 12<\/th><th   data-priority=\"0\" class=\"dtr0 dtc5\">Ambulance 10<\/th><th   data-priority=\"0\" class=\"dtr0 dtc6\">Ambulance 7<\/th><\/thead><tbody><tr class=\" row1\"><td    class=\"dtr1 dtc0\">Material<\/td><td  colspan=\"6\"   class=\"dtr1 dtc1\">Steel | Aluminium | HDPE | GRP<\/td><td  style=\"display: none\"   class=\"dtr1 dtc2\"><\/td><td  style=\"display: none\"   class=\"dtr1 dtc3\"><\/td><td  style=\"display: none\"   class=\"dtr1 dtc4\"><\/td><td  style=\"display: none\"   class=\"dtr1 dtc5\"><\/td><td  style=\"display: none\"   class=\"dtr1 dtc6\"><\/td><\/tr><tr class=\" row2\"><td    class=\"dtr2 dtc0\">Lenght<\/td><td    class=\"dtr2 dtc1\">20 m<\/td><td    class=\"dtr2 dtc2\">17.5 m<\/td><td    class=\"dtr2 dtc3\">15 m<\/td><td    class=\"dtr2 dtc4\">12 m<\/td><td    class=\"dtr2 dtc5\">10 m<\/td><td    class=\"dtr2 dtc6\">7.3 m<\/td><\/tr><tr class=\" row3\"><td    class=\"dtr3 dtc0\">Beam (m)<\/td><td    class=\"dtr3 dtc1\">6 m<\/td><td    class=\"dtr3 dtc2\">5 m<\/td><td    class=\"dtr3 dtc3\">5 m<\/td><td    class=\"dtr3 dtc4\">3,5 m<\/td><td    class=\"dtr3 dtc5\">3 m<\/td><td    class=\"dtr3 dtc6\">2.2 m<\/td><\/tr><tr class=\" row4\"><td    class=\"dtr4 dtc0\">Draught (m)<\/td><td    class=\"dtr4 dtc1\">1,5 m<\/td><td    class=\"dtr4 dtc2\">1,25 m<\/td><td    class=\"dtr4 dtc3\">1.1 m<\/td><td    class=\"dtr4 dtc4\">0.8 m<\/td><td    class=\"dtr4 dtc5\">0.6 m<\/td><td    class=\"dtr4 dtc6\">0.5 m<\/td><\/tr><tr class=\" row5\"><td    class=\"dtr5 dtc0\">Speed<\/td><td  colspan=\"6\"   class=\"dtr5 dtc1\">Max 35 - 18 knots<\/td><td  style=\"display: none\"   class=\"dtr5 dtc2\"><\/td><td  style=\"display: none\"   class=\"dtr5 dtc3\"><\/td><td  style=\"display: none\"   class=\"dtr5 dtc4\"><\/td><td  style=\"display: none\"   class=\"dtr5 dtc5\"><\/td><td  style=\"display: none\"   class=\"dtr5 dtc6\"><\/td><\/tr><tr class=\" row6\"><td    class=\"dtr6 dtc0\">Engine<\/td><td    class=\"dtr6 dtc1\">2 x 600 hp<\/td><td    class=\"dtr6 dtc2\">2 x 500 hp<\/td><td    class=\"dtr6 dtc3\">2 x 450 hp<\/td><td    class=\"dtr6 dtc4\">2 x 300 hp<\/td><td    class=\"dtr6 dtc5\">2 x 150 hp | 1 x 300 hp<\/td><td    class=\"dtr6 dtc6\">2 x 85 hp | 1 x 115 hp<\/td><\/tr><tr class=\" row7\"><td    class=\"dtr7 dtc0\">Propulsion<\/td><td  colspan=\"6\"   class=\"dtr7 dtc1\">Outboard | Fixed Pitch | Stern Drive | Water jet<\/td><td  style=\"display: none\"   class=\"dtr7 dtc2\"><\/td><td  style=\"display: none\"   class=\"dtr7 dtc3\"><\/td><td  style=\"display: none\"   class=\"dtr7 dtc4\"><\/td><td  style=\"display: none\"   class=\"dtr7 dtc5\"><\/td><td  style=\"display: none\"   class=\"dtr7 dtc6\"><\/td><\/tr><tr class=\" row8\"><td    class=\"dtr8 dtc0\">Stretcher<\/td><td    class=\"dtr8 dtc1\">4 - 2 pcs<\/td><td    class=\"dtr8 dtc2\">4 - 2 pcs<\/td><td    class=\"dtr8 dtc3\">2 pcs<\/td><td    class=\"dtr8 dtc4\">2 pcs<\/td><td    class=\"dtr8 dtc5\">2 - 1 pcs<\/td><td    class=\"dtr8 dtc6\">1 pcs<\/td><\/tr><tr class=\" row9\"><td    class=\"dtr9 dtc0\">Ramp<\/td><td  colspan=\"6\"   class=\"dtr9 dtc1\">Bow, Aft or Sides<\/td><td  style=\"display: none\"   class=\"dtr9 dtc2\"><\/td><td  style=\"display: none\"   class=\"dtr9 dtc3\"><\/td><td  style=\"display: none\"   class=\"dtr9 dtc4\"><\/td><td  style=\"display: none\"   class=\"dtr9 dtc5\"><\/td><td  style=\"display: none\"   class=\"dtr9 dtc6\"><\/td><\/tr><\/tbody><tfoot><tr><td class=\"dtr9 dtc0\" style=\"height: 0;\"><\/td><td class=\"dtr9 dtc1\" style=\"height: 0;\"><\/td><td class=\"dtr9 dtc2\" style=\"height: 0;\"><\/td><td class=\"dtr9 dtc3\" style=\"height: 0;\"><\/td><td class=\"dtr9 dtc4\" style=\"height: 0;\"><\/td><td class=\"dtr9 dtc5\" style=\"height: 0;\"><\/td><td class=\"dtr9 dtc6\" style=\"height: 0;\"><\/td><\/tr><\/tfoot><\/table><\/div><style>#wptmtable54 .dataTables_wrapper > .dataTables_scroll {max-height:500px;overflow: auto;}<\/style><script>window.wptm_ajaxurl = 'https:\/\/mavideniz.com.tr\/wp-admin\/admin-ajax.php?juwpfisadmin=false&action=Wptm&'; window.wptm_front = 'https:\/\/mavideniz.com.tr\/wp-content\/plugins\/wp-table-manager\/app\/site\/assets\/'; window.wptm_style = 'https:\/\/mavideniz.com.tr\/wp-content\/uploads\/wptm\/';<\/script><\/div><style><\/style>\n","protected":false},"excerpt":{"rendered":"<p>Mavi Deniz, bateau ambulancier con\u00e7u pour le transfert de patients, l&rsquo;intervention d&rsquo;urgence, le traitement ambulatoire et le transfert de fournitures [&hellip;]<\/p>\n","protected":false},"author":1,"featured_media":0,"parent":41166,"menu_order":0,"comment_status":"closed","ping_status":"closed","template":"","meta":{"site-sidebar-layout":"default","site-content-layout":"","ast-site-content-layout":"default","site-content-style":"default","site-sidebar-style":"default","ast-global-header-display":"","ast-banner-title-visibility":"","ast-main-header-display":"","ast-hfb-above-header-display":"","ast-hfb-below-header-display":"","ast-hfb-mobile-header-display":"","site-post-title":"","ast-breadcrumbs-content":"","ast-featured-img":"","footer-sml-layout":"","ast-disable-related-posts":"","theme-transparent-header-meta":"","adv-header-id-meta":"","stick-header-meta":"","header-above-stick-meta":"","header-main-stick-meta":"","header-below-stick-meta":"","astra-migrate-meta-layouts":"default","ast-page-background-enabled":"default","ast-page-background-meta":{"desktop":{"background-color":"var(--ast-global-color-5)","background-image":"","background-repeat":"repeat","background-position":"center center","background-size":"auto","background-attachment":"scroll","background-type":"","background-media":"","overlay-type":"","overlay-color":"","overlay-opacity":"","overlay-gradient":""},"tablet":{"background-color":"","background-image":"","background-repeat":"repeat","background-position":"center center","background-size":"auto","background-attachment":"scroll","background-type":"","background-media":"","overlay-type":"","overlay-color":"","overlay-opacity":"","overlay-gradient":""},"mobile":{"background-color":"","background-image":"","background-repeat":"repeat","background-position":"center center","background-size":"auto","background-attachment":"scroll","background-type":"","background-media":"","overlay-type":"","overlay-color":"","overlay-opacity":"","overlay-gradient":""}},"ast-content-background-meta":{"desktop":{"background-color":"var(--ast-global-color-4)","background-image":"","background-repeat":"repeat","background-position":"center center","background-size":"auto","background-attachment":"scroll","background-type":"","background-media":"","overlay-type":"","overlay-color":"","overlay-opacity":"","overlay-gradient":""},"tablet":{"background-color":"var(--ast-global-color-4)","background-image":"","background-repeat":"repeat","background-position":"center center","background-size":"auto","background-attachment":"scroll","background-type":"","background-media":"","overlay-type":"","overlay-color":"","overlay-opacity":"","overlay-gradient":""},"mobile":{"background-color":"var(--ast-global-color-4)","background-image":"","background-repeat":"repeat","background-position":"center center","background-size":"auto","background-attachment":"scroll","background-type":"","background-media":"","overlay-type":"","overlay-color":"","overlay-opacity":"","overlay-gradient":""}},"footnotes":""},"class_list":["post-41178","page","type-page","status-publish","hentry"],"_links":{"self":[{"href":"https:\/\/mavideniz.com.tr\/fr\/wp-json\/wp\/v2\/pages\/41178","targetHints":{"allow":["GET"]}}],"collection":[{"href":"https:\/\/mavideniz.com.tr\/fr\/wp-json\/wp\/v2\/pages"}],"about":[{"href":"https:\/\/mavideniz.com.tr\/fr\/wp-json\/wp\/v2\/types\/page"}],"author":[{"embeddable":true,"href":"https:\/\/mavideniz.com.tr\/fr\/wp-json\/wp\/v2\/users\/1"}],"replies":[{"embeddable":true,"href":"https:\/\/mavideniz.com.tr\/fr\/wp-json\/wp\/v2\/comments?post=41178"}],"version-history":[{"count":0,"href":"https:\/\/mavideniz.com.tr\/fr\/wp-json\/wp\/v2\/pages\/41178\/revisions"}],"up":[{"embeddable":true,"href":"https:\/\/mavideniz.com.tr\/fr\/wp-json\/wp\/v2\/pages\/41166"}],"wp:attachment":[{"href":"https:\/\/mavideniz.com.tr\/fr\/wp-json\/wp\/v2\/media?parent=41178"}],"curies":[{"name":"wp","href":"https:\/\/api.w.org\/{rel}","templated":true}]}}