{"id":41214,"date":"2022-10-23T20:52:12","date_gmt":"2022-10-23T20:52:12","guid":{"rendered":"https:\/\/mavideniz.com.tr\/?page_id=41214"},"modified":"2022-10-23T20:52:14","modified_gmt":"2022-10-23T20:52:14","slug":"barge-a-ordures","status":"publish","type":"page","link":"https:\/\/mavideniz.com.tr\/fr\/navires-bateaux\/marpol-navire-de-collecte-des-dechets-barge\/barge-a-ordures\/","title":{"rendered":"Barge \u00e0 ordures"},"content":{"rendered":"\n<p>La barge \u00e0 ordures est con\u00e7ue pour stocker et transporter les ordures, les d\u00e9bris et les d\u00e9chets.<\/p>\n<p><strong>D\u00c9CHETS PROVENANT DE BATEAUX<\/strong><\/p>\n<p>1) les d\u00e9chets p\u00e9troliers et les d\u00e9chets fournis par les navires relevant de l&rsquo;annexe I de Marpol 73\/78, qui r\u00e9sultent des activit\u00e9s normales des navires ;<\/p>\n<p>Cale : eau de percolation et eaux us\u00e9es huileuses form\u00e9es dans la machine et les sous-r\u00e9servoirs auxiliaires des navires, des batardeaux, des entrep\u00f4ts ou des sections de navires similaires.<\/p>\n<p>Boues : Les boues sont compos\u00e9es de r\u00e9sidus et de s\u00e9diments huileux form\u00e9s dans les salles des machines, les r\u00e9servoirs de carburant des navires ou les citernes \u00e0 cargaison des p\u00e9troliers.<\/p>\n<p>Eaux de lavage des citernes form\u00e9es par les citernes \u00e0 cargaison des bateaux et les d\u00e9chets d&rsquo;eaux huileuses accumul\u00e9s dans les citernes \u00e0 r\u00e9sidus.<\/p>\n<p>Ballast souill\u00e9 : eau de ballast qui provoque l&rsquo;apparition de taches d&rsquo;huile, d\u00e9riv\u00e9es de l&rsquo;huile ou de taches d&rsquo;huile au-dessus de l&rsquo;eau ou au niveau de la c\u00f4te ou qui cr\u00e9e des changements de couleur au-dessus ou sous l&rsquo;eau ou qui provoque l&rsquo;accumulation de mati\u00e8res solides\/\u00e9mulsion en suspension lorsqu&rsquo;elle est lib\u00e9r\u00e9e du navire \u00e0 la mer.<\/p>\n<p>Huiles usag\u00e9es : huiles sales qui ont perdu leur nature apr\u00e8s avoir \u00e9t\u00e9 utilis\u00e9es par des machines primaires et auxiliaires dans le navire. Boues solides : boues d&rsquo;hydrocarbures solidifi\u00e9es au fond du r\u00e9servoir d&rsquo;hydrocarbures du navire.<\/p>\n<p>2) Eaux us\u00e9es\/eaux us\u00e9es relevant du champ d&rsquo;application de Marpol 73\/78 Annexe-IV : eaux us\u00e9es : d\u00e9chets provenant des toilettes, urinoirs et dalots de toilettes, d\u00e9chets liquides provenant de lavabo, dalots et bassins d&rsquo;infirmerie, de dispensaire et d&rsquo;h\u00f4pitaux, rejets provenant de zones o\u00f9 des animaux vivants ou d&rsquo;autres eaux us\u00e9es se m\u00e9langent \u00e0 ceux-ci.<\/p>\n<p>3) D\u00e9chets\/d\u00e9chets relevant du champ d&rsquo;application de l&rsquo;annexe V de Marpol 73\/78 : d\u00e9chets : eaux r\u00e9siduaires solides municipales et op\u00e9rationnelles form\u00e9es en raison de l&rsquo;exploitation habituelle du navire et dans la gamme de l&rsquo;annexe V de Marpol 73\/78.<\/p>\n<p>Cat\u00e9gorie-1 : plastique<\/p>\n<p>Cat\u00e9gorie-2 : flottants ; outils \u00e0 empiler, mat\u00e9riaux de rev\u00eatement ou d&#8217;emballage<\/p>\n<p>Cat\u00e9gorie-3 : broy\u00e9s ; produits en papier, d\u00e9chets, verre, m\u00e9tal, bouteilles<\/p>\n<p>Cat\u00e9gorie-4 : produits en papier, d\u00e9chets, verre, m\u00e9tal, bouteilles, poterie<\/p>\n<p>Cat\u00e9gorie-5 : d\u00e9chets alimentaires<\/p>\n<p>Cat\u00e9gorie-6 : cendres de four, \u00e0 l&rsquo;exclusion de celles qui sont compos\u00e9es de d\u00e9chets de m\u00e9taux lourds ou de produits plastiques toxiques<\/p>\n<div class=\"wptm_table tablesorter-bootstrap \" data-id=\"145\" data-hightlight=\"0\"><div class=\"wptm_buttons buttons_wptmTbl145\"><\/div><div class=\"wptmresponsive dataTables-wptmtable wptmtable \" id=\"wptmtable145\" data-tableid=\"wptmTbl145\"><table data-count-header=\"1\"  data-format-decimal_count=\"0\" data-format-decimal_symbol=\".\" data-format-symbol_position=\"0\" data-format-thousand_symbol=\",\"  data-format-currency_symbol=\"$\"  data-name-style=\"145_1757436280.css\" data-format=\"YYYY-MM-DD\" id=\"wptmTbl145\" data-id=\"145\" data-responsive=\"false\" data-hideCols=\"false\"  data-type=\"html\" data-paging=\"false\" data-searching=\"true\"  data-ordering=\"false\" data-table-breakpoint=\"980\" data-scroll-x=\"true\" data-scroll-collapse=\"true\" data-align=\"center\" data-range=\"[]\" data-hideColumn=\"[0,0,0,0,0,0,0,0]\"  data-colwidths=\"[140,140,140,140,140,140,140,140]\"  data-colwidths_desktop=[]  data-colwidths_tablet=[]  data-colwidths_mobile=[]  class=\"wptm_main_table  disablePager hideScrollHeader\"><colgroup><col data-dtr=\"0\" data-dtc=\"0\" class=\"dtc0\"><col data-dtr=\"0\" data-dtc=\"1\" class=\"dtc1\"><col data-dtr=\"0\" data-dtc=\"2\" class=\"dtc2\"><col data-dtr=\"0\" data-dtc=\"3\" class=\"dtc3\"><col data-dtr=\"0\" data-dtc=\"4\" class=\"dtc4\"><col data-dtr=\"0\" data-dtc=\"5\" class=\"dtc5\"><col data-dtr=\"0\" data-dtc=\"6\" class=\"dtc6\"><col data-dtr=\"0\" data-dtc=\"7\" class=\"dtc7\"><\/colgroup><thead><tr class=\"wptm-header-cells-index dnone\"><th rowspan=\"1\" colspan=\"1\" data-dtr=\"0\" data-dtc=\"0\" class=\"dtr0 dtc0\"><\/th><th rowspan=\"1\" colspan=\"1\" data-dtr=\"0\" data-dtc=\"1\" class=\"dtr0 dtc1\"><\/th><th rowspan=\"1\" colspan=\"1\" data-dtr=\"0\" data-dtc=\"2\" class=\"dtr0 dtc2\"><\/th><th rowspan=\"1\" colspan=\"1\" data-dtr=\"0\" data-dtc=\"3\" class=\"dtr0 dtc3\"><\/th><th rowspan=\"1\" colspan=\"1\" data-dtr=\"0\" data-dtc=\"4\" class=\"dtr0 dtc4\"><\/th><th rowspan=\"1\" colspan=\"1\" data-dtr=\"0\" data-dtc=\"5\" class=\"dtr0 dtc5\"><\/th><th rowspan=\"1\" colspan=\"1\" data-dtr=\"0\" data-dtc=\"6\" class=\"dtr0 dtc6\"><\/th><th rowspan=\"1\" colspan=\"1\" data-dtr=\"0\" data-dtc=\"7\" class=\"dtr0 dtc7\"><\/th><\/tr><tr class=\" row0\"><th   data-priority=\"0\" class=\"dtr0 dtc0\"><\/th><th   data-priority=\"0\" class=\"dtr0 dtc1\">GB 5<\/th><th   data-priority=\"0\" class=\"dtr0 dtc2\">GB 10<\/th><th   data-priority=\"0\" class=\"dtr0 dtc3\">GB 20<\/th><th   data-priority=\"0\" class=\"dtr0 dtc4\">GB 30<\/th><th   data-priority=\"0\" class=\"dtr0 dtc5\">GB 40<\/th><th   data-priority=\"0\" class=\"dtr0 dtc6\">GB 50<\/th><th   data-priority=\"0\" class=\"dtr0 dtc7\">GB 60<\/th><\/thead><tbody><tr class=\" row1\"><td    class=\"dtr1 dtc0\">Material<\/td><td    class=\"dtr1 dtc1\">Steel<\/td><td    class=\"dtr1 dtc2\">Steel<\/td><td    class=\"dtr1 dtc3\">Steel<\/td><td    class=\"dtr1 dtc4\">Steel<\/td><td    class=\"dtr1 dtc5\">Steel<\/td><td    class=\"dtr1 dtc6\">Steel<\/td><td    class=\"dtr1 dtc7\">Steel<\/td><\/tr><tr class=\" row2\"><td    class=\"dtr2 dtc0\">Length<\/td><td    class=\"dtr2 dtc1\">5 m<\/td><td    class=\"dtr2 dtc2\">10 m<\/td><td    class=\"dtr2 dtc3\">20 m<\/td><td    class=\"dtr2 dtc4\">30 m<\/td><td    class=\"dtr2 dtc5\">40 m<\/td><td    class=\"dtr2 dtc6\">50 m<\/td><td    class=\"dtr2 dtc7\">60 m<\/td><\/tr><tr class=\" row3\"><td    class=\"dtr3 dtc0\">Width<\/td><td    class=\"dtr3 dtc1\">8 m<\/td><td    class=\"dtr3 dtc2\">3 m<\/td><td    class=\"dtr3 dtc3\">6 m<\/td><td    class=\"dtr3 dtc4\">8 m<\/td><td    class=\"dtr3 dtc5\">8 m<\/td><td    class=\"dtr3 dtc6\">8 \/ 11 \/ 13 \/ 16 m<\/td><td    class=\"dtr3 dtc7\">8 \/ 11 \/ 13 \/ 16 m<\/td><\/tr><tr class=\" row4\"><td    class=\"dtr4 dtc0\">Depth<\/td><td    class=\"dtr4 dtc1\">1 m<\/td><td    class=\"dtr4 dtc2\">1 m<\/td><td    class=\"dtr4 dtc3\">1.5 m<\/td><td    class=\"dtr4 dtc4\">2.5 m<\/td><td    class=\"dtr4 dtc5\">2.5 m<\/td><td    class=\"dtr4 dtc6\">2.5 - 4.5 m<\/td><td    class=\"dtr4 dtc7\">2.5 - 4.5 m<\/td><\/tr><tr class=\" row5\"><td    class=\"dtr5 dtc0\">Cargo Capacity<\/td><td    class=\"dtr5 dtc1\">6 m3<\/td><td    class=\"dtr5 dtc2\">12 m3<\/td><td    class=\"dtr5 dtc3\">250 m3<\/td><td    class=\"dtr5 dtc4\">490 m3<\/td><td    class=\"dtr5 dtc5\">690 m3<\/td><td    class=\"dtr5 dtc6\">900 - 2000 m3<\/td><td    class=\"dtr5 dtc7\">1050 - 3500 m3<\/td><\/tr><tr class=\" row6\"><td    class=\"dtr6 dtc0\">Optional<\/td><td  colspan=\"7\"   class=\"dtr6 dtc1\">Fendering | Navigation Light | Anchor-Mooring | Anti-Fooling | Hatch cover | Propulsion System | Sea Surface Garbage Collector | Grab Crane<\/td><td  style=\"display: none\"   class=\"dtr6 dtc2\"><\/td><td  style=\"display: none\"   class=\"dtr6 dtc3\"><\/td><td  style=\"display: none\"   class=\"dtr6 dtc4\"><\/td><td  style=\"display: none\"   class=\"dtr6 dtc5\"><\/td><td  style=\"display: none\"   class=\"dtr6 dtc6\"><\/td><td  style=\"display: none\"   class=\"dtr6 dtc7\"><\/td><\/tr><\/tbody><tfoot><tr><td class=\"dtr6 dtc0\" style=\"height: 0;\"><\/td><td class=\"dtr6 dtc1\" style=\"height: 0;\"><\/td><td class=\"dtr6 dtc2\" style=\"height: 0;\"><\/td><td class=\"dtr6 dtc3\" style=\"height: 0;\"><\/td><td class=\"dtr6 dtc4\" style=\"height: 0;\"><\/td><td class=\"dtr6 dtc5\" style=\"height: 0;\"><\/td><td class=\"dtr6 dtc6\" style=\"height: 0;\"><\/td><td class=\"dtr6 dtc7\" style=\"height: 0;\"><\/td><\/tr><\/tfoot><\/table><\/div><style>#wptmtable145 .dataTables_wrapper > .dataTables_scroll {max-height:500px;overflow: auto;}<\/style><script>window.wptm_ajaxurl = 'https:\/\/mavideniz.com.tr\/wp-admin\/admin-ajax.php?juwpfisadmin=false&action=Wptm&'; window.wptm_front = 'https:\/\/mavideniz.com.tr\/wp-content\/plugins\/wp-table-manager\/app\/site\/assets\/'; window.wptm_style = 'https:\/\/mavideniz.com.tr\/wp-content\/uploads\/wptm\/';<\/script><\/div><style><\/style>\n","protected":false},"excerpt":{"rendered":"<p>La barge \u00e0 ordures est con\u00e7ue pour stocker et transporter les ordures, les d\u00e9bris et les d\u00e9chets. D\u00c9CHETS PROVENANT DE [&hellip;]<\/p>\n","protected":false},"author":1,"featured_media":0,"parent":41209,"menu_order":0,"comment_status":"closed","ping_status":"closed","template":"","meta":{"site-sidebar-layout":"default","site-content-layout":"","ast-site-content-layout":"default","site-content-style":"default","site-sidebar-style":"default","ast-global-header-display":"","ast-banner-title-visibility":"","ast-main-header-display":"","ast-hfb-above-header-display":"","ast-hfb-below-header-display":"","ast-hfb-mobile-header-display":"","site-post-title":"","ast-breadcrumbs-content":"","ast-featured-img":"","footer-sml-layout":"","ast-disable-related-posts":"","theme-transparent-header-meta":"","adv-header-id-meta":"","stick-header-meta":"","header-above-stick-meta":"","header-main-stick-meta":"","header-below-stick-meta":"","astra-migrate-meta-layouts":"default","ast-page-background-enabled":"default","ast-page-background-meta":{"desktop":{"background-color":"var(--ast-global-color-5)","background-image":"","background-repeat":"repeat","background-position":"center center","background-size":"auto","background-attachment":"scroll","background-type":"","background-media":"","overlay-type":"","overlay-color":"","overlay-opacity":"","overlay-gradient":""},"tablet":{"background-color":"","background-image":"","background-repeat":"repeat","background-position":"center center","background-size":"auto","background-attachment":"scroll","background-type":"","background-media":"","overlay-type":"","overlay-color":"","overlay-opacity":"","overlay-gradient":""},"mobile":{"background-color":"","background-image":"","background-repeat":"repeat","background-position":"center center","background-size":"auto","background-attachment":"scroll","background-type":"","background-media":"","overlay-type":"","overlay-color":"","overlay-opacity":"","overlay-gradient":""}},"ast-content-background-meta":{"desktop":{"background-color":"var(--ast-global-color-4)","background-image":"","background-repeat":"repeat","background-position":"center center","background-size":"auto","background-attachment":"scroll","background-type":"","background-media":"","overlay-type":"","overlay-color":"","overlay-opacity":"","overlay-gradient":""},"tablet":{"background-color":"var(--ast-global-color-4)","background-image":"","background-repeat":"repeat","background-position":"center center","background-size":"auto","background-attachment":"scroll","background-type":"","background-media":"","overlay-type":"","overlay-color":"","overlay-opacity":"","overlay-gradient":""},"mobile":{"background-color":"var(--ast-global-color-4)","background-image":"","background-repeat":"repeat","background-position":"center center","background-size":"auto","background-attachment":"scroll","background-type":"","background-media":"","overlay-type":"","overlay-color":"","overlay-opacity":"","overlay-gradient":""}},"footnotes":""},"class_list":["post-41214","page","type-page","status-publish","hentry"],"_links":{"self":[{"href":"https:\/\/mavideniz.com.tr\/fr\/wp-json\/wp\/v2\/pages\/41214","targetHints":{"allow":["GET"]}}],"collection":[{"href":"https:\/\/mavideniz.com.tr\/fr\/wp-json\/wp\/v2\/pages"}],"about":[{"href":"https:\/\/mavideniz.com.tr\/fr\/wp-json\/wp\/v2\/types\/page"}],"author":[{"embeddable":true,"href":"https:\/\/mavideniz.com.tr\/fr\/wp-json\/wp\/v2\/users\/1"}],"replies":[{"embeddable":true,"href":"https:\/\/mavideniz.com.tr\/fr\/wp-json\/wp\/v2\/comments?post=41214"}],"version-history":[{"count":0,"href":"https:\/\/mavideniz.com.tr\/fr\/wp-json\/wp\/v2\/pages\/41214\/revisions"}],"up":[{"embeddable":true,"href":"https:\/\/mavideniz.com.tr\/fr\/wp-json\/wp\/v2\/pages\/41209"}],"wp:attachment":[{"href":"https:\/\/mavideniz.com.tr\/fr\/wp-json\/wp\/v2\/media?parent=41214"}],"curies":[{"name":"wp","href":"https:\/\/api.w.org\/{rel}","templated":true}]}}