{"id":41228,"date":"2022-10-23T21:06:49","date_gmt":"2022-10-23T21:06:49","guid":{"rendered":"https:\/\/mavideniz.com.tr\/?page_id=41228"},"modified":"2022-10-23T21:06:53","modified_gmt":"2022-10-23T21:06:53","slug":"navire-anti-pollution","status":"publish","type":"page","link":"https:\/\/mavideniz.com.tr\/fr\/navires-bateaux\/navire-de-recuperation-et-dintervention-en-cas-de-deversement-dhydrocarbures\/navire-anti-pollution\/","title":{"rendered":"Navire anti-pollution"},"content":{"rendered":"\n<p>Mavi Deniz est un leader du march\u00e9\/le plus grand producteur mondial dans la conception et la fabrication de navires antipollution polyvalents.<\/p>\n<p>Le navire anti-pollution polyvalent peut s&rsquo;adapter \u00e0 tous les \u00e9quipements n\u00e9cessaires pour mettre en oeuvre une op\u00e9ration de nettoyage maritime efficace et rapide. Mavi Deniz a r\u00e9cemment pr\u00e9sent\u00e9 le Sea Cat, un navire anti-pollution polyvalent. Le OSRV polyvalent peut s&rsquo;adapter \u00e0 diff\u00e9rents types d&rsquo;\u00e9quipements d&rsquo;intervention afin qu&rsquo;il puisse \u00eatre utilis\u00e9 dans de nombreuses applications diff\u00e9rentes, y compris le d\u00e9ploiement de la fl\u00e8che, la lutte contre l&rsquo;incendie, la manutention des bou\u00e9es, le remorquage, les t\u00e2ches g\u00e9n\u00e9rales des bateaux de travail, la surveillance, la pulv\u00e9risation de dispersants, la r\u00e9cup\u00e9ration d&rsquo;huile, le ramassage des ordures, le stockage et l&rsquo;\u00e9limination des micro-polluants de la mer et des op\u00e9rations de nettoyage des plages. Pour lutter contre la pollution en mer, Sea Cat : isole la zone pollu\u00e9e avec des barri\u00e8res de p\u00e9trole embarqu\u00e9es pour r\u00e9cup\u00e9rer les d\u00e9versements d&rsquo;hydrocarbures ; collecte et stocke les d\u00e9chets flottants et semi-submerg\u00e9s stables ; combat le feu, nettoie les rochers et les r\u00e9cifs, et fournit un soutien g\u00e9n\u00e9ral dans la zone. L&rsquo;am\u00e9lioration du stockage d&rsquo;huile, la puissance hydraulique et un pont d\u00e9gag\u00e9 avec une grue hydraulique offrent un outil polyvalent pour de nombreuses op\u00e9rations autour du port et du terminal.<\/p>\n<p>Sea Cat est un navire sp\u00e9cialis\u00e9 dans la r\u00e9cup\u00e9ration des d\u00e9versements d&rsquo;hydrocarbures qui est livr\u00e9 avec un syst\u00e8me d&rsquo;\u00e9cumage \u00e0 bande transporteuse dynamique interne entre les coques du catamaran dans l&rsquo;unit\u00e9 pour permettre la r\u00e9cup\u00e9ration de toutes les viscosit\u00e9s d&rsquo;huile ; ce navire unique, con\u00e7u sp\u00e9cialement pour la r\u00e9cup\u00e9ration des d\u00e9versements d&rsquo;hydrocarbures et est le seul navire capable de r\u00e9cup\u00e9rer des huiles \u00e0 partir de diesel l\u00e9ger \u00e0 travers des bruts tr\u00e8s visqueux en conduisant simplement le navire \u00e0 travers la nappe. En option, le syst\u00e8me d&rsquo;\u00e9cr\u00e9mage de balai \u00e0 huile est \u00e9quip\u00e9 de leurs coques en acier. Enrouleur de fl\u00e8che en option et d\u00e9ploiement de diverses rampes ou de moniteurs mousse\/eau pour la lutte contre l&rsquo;incendie. Le syst\u00e8me de pulv\u00e9risation de dispersant permet d&rsquo;appliquer l&rsquo;agent de dispersion chimique \u00e0 travers des bras articul\u00e9s mont\u00e9s sur les deux c\u00f4t\u00e9s du r\u00e9cipient. Le navire d&rsquo;intervention contre la pollution par les hydrocarbures recueille \u00e9galement les ordures\/d\u00e9bris avec son syst\u00e8me de convoyeur \u00e0 bande avant.<\/p>\n<p>Le navire anti-pollution a \u00e9t\u00e9 sp\u00e9cialement con\u00e7u pour fonctionner dans les zones portuaires, les eaux ferm\u00e9es et les activit\u00e9s en haute mer ou en mer. Le navire est bas\u00e9 sur une coque de catamaran en acier robuste. OSRV a d&rsquo;excellentes qualit\u00e9s de navigation, qui permettent au navire d&rsquo;atteindre le m\u00eame niveau \u00e9lev\u00e9 de performance en eaux libres. Les navires de r\u00e9cup\u00e9ration des mar\u00e9es noires de Mavi Deniz sont utilis\u00e9s dans le monde entier.<\/p>\n<p>L&rsquo;Organisation maritime internationale a annonc\u00e9 une strat\u00e9gie visant \u00e0 r\u00e9duire \u00e0 z\u00e9ro les \u00e9missions de gaz \u00e0 effet de serre (GES) d&rsquo;ici le d\u00e9but du si\u00e8cle ; la r\u00e9glementation du milieu marin a \u00e9t\u00e9 resserr\u00e9e partout dans le monde. La mise en oeuvre de zones de contr\u00f4le des \u00e9missions a commenc\u00e9 \u00e0 affecter les op\u00e9rations des navires. Mavi Deniz a lanc\u00e9 avec succ\u00e8s de nouvelles r\u00e9glementations de contr\u00f4le des \u00e9missions en d\u00e9veloppant des solutions bicarburant et des technologies d&rsquo;\u00e9nergie verte plus propres. Les options d&rsquo;\u00e9nergie verte de Mavi Deniz : syst\u00e8me d&rsquo;\u00e9nergie solaire, syst\u00e8me d&rsquo;alimentation par batterie, syst\u00e8me de pile \u00e0 combustible \u00e0 hydrog\u00e8ne et syst\u00e8me de GPL peuvent s&rsquo;int\u00e9grer enti\u00e8rement dans le navire anti-pollution, y compris l&rsquo;\u00e9quipement de pont et le syst\u00e8me de propulsion.<\/p>\n<p><strong>Options d&rsquo;\u00e9nergie verte des navires antipollution<\/strong><\/p>\n<ul>\n<li>Propuls\u00e9 par le syst\u00e8me d&rsquo;\u00e9nergie solaire<\/li>\n<li>Aliment\u00e9 par un syst\u00e8me d&rsquo;alimentation par batterie<\/li>\n<li>Aliment\u00e9 par un syst\u00e8me de pile \u00e0 combustible \u00e0 hydrog\u00e8ne<\/li>\n<li>Aliment\u00e9 par un syst\u00e8me GPL<\/li>\n<\/ul>\n<p><strong>Caract\u00e9ristiques<\/strong><\/p>\n<ul>\n<li>Anti-Pollution Vessel est bas\u00e9 sur une coque de catamaran en acier robuste.<\/li>\n<li>Faire pivoter de 360 degr\u00e9s sur place.<\/li>\n<li>Deux Moteurs.<\/li>\n<li>T\u00e2ches g\u00e9n\u00e9rales du bateau de travail.<\/li>\n<li>Grue hydraulique \u00e0 charni\u00e8re pour op\u00e9rations de manutention d&rsquo;\u00e9quipements.<\/li>\n<li>Sea Cat peut r\u00e9cup\u00e9rer les viscosit\u00e9s de tous les types d&rsquo;huile de la mer gr\u00e2ce \u00e0 son syst\u00e8me d&rsquo;\u00e9cumage \u00e0 bande transporteuse dynamique interne. En option, le syst\u00e8me d&rsquo;\u00e9cumeur de balai \u00e0 huile est install\u00e9 en conduisant simplement le bateau \u00e0 travers la nappe.<\/li>\n<li>Taux de r\u00e9cup\u00e9ration du p\u00e9trole ; 100 m\u00b3\/heure.<\/li>\n<li>Syst\u00e8mes de r\u00e9cup\u00e9ration des d\u00e9bris \/ ordures.<\/li>\n<li>R\u00e9ception d&rsquo;eau huileuse. (boues, boues, boues de cale, et ; d\u00e9chets liquides huileux)<\/li>\n<li>D\u00e9ploiement et stockage des rampes d&rsquo;huile avec bobine de rampe.<\/li>\n<li>Lutte Contre Le Feu.<\/li>\n<li>Syst\u00e8me de pulv\u00e9risation de dispersant.<\/li>\n<li>Syst\u00e8mes de traitement des eaux us\u00e9es ; S\u00e9parateur d&rsquo;eau huileuse<\/li>\n<li>Travaux de remorquage avec crochet de remorquage.<\/li>\n<li>H\u00e9bergement avec une cabine pour l&rsquo;\u00e9quipage, WC &amp; Salle de bain, ou un atelier<\/li>\n<\/ul>\n<div class=\"wptm_table tablesorter-bootstrap \" data-id=\"75\" data-hightlight=\"0\"><div class=\"wptm_buttons buttons_wptmTbl75\"><\/div><div class=\"wptmresponsive dataTables-wptmtable wptmtable \" id=\"wptmtable75\" data-tableid=\"wptmTbl75\"><table data-count-header=\"1\"  data-format-decimal_count=\"0\" data-format-decimal_symbol=\".\" data-format-symbol_position=\"0\" data-format-thousand_symbol=\",\"  data-format-currency_symbol=\"$\"  data-name-style=\"75_1759810973.css\" data-format=\"YYYY-MM-DD\" id=\"wptmTbl75\" data-id=\"75\" data-responsive=\"false\" data-hideCols=\"false\"  data-type=\"html\" data-paging=\"false\" data-searching=\"true\"  data-ordering=\"false\" data-table-breakpoint=\"980\" data-scroll-x=\"true\" data-scroll-collapse=\"true\" data-align=\"center\" data-range=\"[]\" data-hideColumn=\"[0,0,0,0]\"  data-colwidths=\"[285,285,285,285]\"  data-colwidths_desktop=[]  data-colwidths_tablet=[]  data-colwidths_mobile=[]  class=\"wptm_main_table  disablePager hideScrollHeader\"><colgroup><col data-dtr=\"0\" data-dtc=\"0\" class=\"dtc0\"><col data-dtr=\"0\" data-dtc=\"1\" class=\"dtc1\"><col data-dtr=\"0\" data-dtc=\"2\" class=\"dtc2\"><col data-dtr=\"0\" data-dtc=\"3\" class=\"dtc3\"><\/colgroup><thead><tr class=\"wptm-header-cells-index\"><th rowspan=\"1\" colspan=\"1\" data-dtr=\"0\" data-dtc=\"0\" class=\"dtr0 dtc0\"><\/th><th rowspan=\"1\" colspan=\"1\" data-dtr=\"0\" data-dtc=\"1\" class=\"dtr0 dtc1\"><\/th><th rowspan=\"1\" colspan=\"1\" data-dtr=\"0\" data-dtc=\"2\" class=\"dtr0 dtc2\"><\/th><th rowspan=\"1\" colspan=\"1\" data-dtr=\"0\" data-dtc=\"3\" class=\"dtr0 dtc3\"><\/th><\/tr><tr class=\" row0\"><th   data-priority=\"0\" class=\"dtr0 dtc0\"><\/th><th   data-priority=\"0\" class=\"dtr0 dtc1\">SEA CAT ORV 15<\/th><th   data-priority=\"0\" class=\"dtr0 dtc2\">SEA CAT ORV 17<\/th><th   data-priority=\"0\" class=\"dtr0 dtc3\">SEA CAT ORV  19<\/th><\/thead><tbody><tr class=\" row1\"><td    class=\"dtr1 dtc0\"><\/td><td    class=\"dtr1 dtc1\"><\/td><td    class=\"dtr1 dtc2\"><\/td><td    class=\"dtr1 dtc3\"><\/td><\/tr><tr class=\" row2\"><td  colspan=\"4\"   class=\"dtr2 dtc0\">Dimensions<\/td><td  style=\"display: none\"   class=\"dtr2 dtc1\"><\/td><td  style=\"display: none\"   class=\"dtr2 dtc2\"><\/td><td  style=\"display: none\"   class=\"dtr2 dtc3\"><\/td><\/tr><tr class=\" row3\"><td    class=\"dtr3 dtc0\">Length<\/td><td    class=\"dtr3 dtc1\">15 m<\/td><td    class=\"dtr3 dtc2\">17 m<\/td><td    class=\"dtr3 dtc3\">19 m<\/td><\/tr><tr class=\" row4\"><td    class=\"dtr4 dtc0\">Beam<\/td><td    class=\"dtr4 dtc1\">5.30 m<\/td><td    class=\"dtr4 dtc2\">6 m<\/td><td    class=\"dtr4 dtc3\">6 m<\/td><\/tr><tr class=\" row5\"><td    class=\"dtr5 dtc0\">Draft<\/td><td    class=\"dtr5 dtc1\">0.8 m<\/td><td    class=\"dtr5 dtc2\">1.2 m<\/td><td    class=\"dtr5 dtc3\">1.2 m<\/td><\/tr><tr class=\" row6\"><td    class=\"dtr6 dtc0\"><\/td><td    class=\"dtr6 dtc1\"><\/td><td    class=\"dtr6 dtc2\"><\/td><td    class=\"dtr6 dtc3\"><\/td><\/tr><tr class=\" row7\"><td  colspan=\"4\"   class=\"dtr7 dtc0\">General<\/td><td  style=\"display: none\"   class=\"dtr7 dtc1\"><\/td><td  style=\"display: none\"   class=\"dtr7 dtc2\"><\/td><td  style=\"display: none\"   class=\"dtr7 dtc3\"><\/td><\/tr><tr class=\" row8\"><td    class=\"dtr8 dtc0\">Purpose Of Vessel<\/td><td  colspan=\"3\"   class=\"dtr8 dtc1\">Oil Spill Recovery + Oil Spill Response + Optional ( Waste Collection + Trash Cleanup + Fire Fighting + Work Boat )  <\/td><td  style=\"display: none\"   class=\"dtr8 dtc2\"><\/td><td  style=\"display: none\"   class=\"dtr8 dtc3\"><\/td><\/tr><tr class=\" row9\"><td    class=\"dtr9 dtc0\">Hull Type<\/td><td    class=\"dtr9 dtc1\">Catamaran<\/td><td    class=\"dtr9 dtc2\">Catamaran<\/td><td    class=\"dtr9 dtc3\">Catamaran<\/td><\/tr><tr class=\" row10\"><td    class=\"dtr10 dtc0\">Material ( Superstructure  + Hull )<\/td><td  colspan=\"3\"   class=\"dtr10 dtc1\">Catamaran ( Standard )| Ice Class (Optional)<\/td><td  style=\"display: none\"   class=\"dtr10 dtc2\"><\/td><td  style=\"display: none\"   class=\"dtr10 dtc3\"><\/td><\/tr><tr class=\" row11\"><td    class=\"dtr11 dtc0\">Classification<\/td><td  colspan=\"3\"   class=\"dtr11 dtc1\">B.V. Or Equivalent<\/td><td  style=\"display: none\"   class=\"dtr11 dtc2\"><\/td><td  style=\"display: none\"   class=\"dtr11 dtc3\"><\/td><\/tr><tr class=\" row12\"><td    class=\"dtr12 dtc0\"><\/td><td    class=\"dtr12 dtc1\"><\/td><td    class=\"dtr12 dtc2\"><\/td><td    class=\"dtr12 dtc3\"><\/td><\/tr><tr class=\" row13\"><td  colspan=\"4\"   class=\"dtr13 dtc0\">Tank Capacity<\/td><td  style=\"display: none\"   class=\"dtr13 dtc1\"><\/td><td  style=\"display: none\"   class=\"dtr13 dtc2\"><\/td><td  style=\"display: none\"   class=\"dtr13 dtc3\"><\/td><\/tr><tr class=\" row14\"><td    class=\"dtr14 dtc0\">Solid Waste Tank<\/td><td    class=\"dtr14 dtc1\">10 m\u00b3<\/td><td    class=\"dtr14 dtc2\">15 m\u00b3<\/td><td    class=\"dtr14 dtc3\">20 m\u00b3<\/td><\/tr><tr class=\" row15\"><td    class=\"dtr15 dtc0\">Recovered Oil tank<\/td><td    class=\"dtr15 dtc1\">30 m\u00b3<\/td><td    class=\"dtr15 dtc2\">40 m\u00b3<\/td><td    class=\"dtr15 dtc3\">60 m\u00b3<\/td><\/tr><tr class=\" row16\"><td    class=\"dtr16 dtc0\">F\/O Tank<\/td><td    class=\"dtr16 dtc1\">1800 lt<\/td><td    class=\"dtr16 dtc2\">2000 lt<\/td><td    class=\"dtr16 dtc3\">4.000 lt<\/td><\/tr><tr class=\" row17\"><td    class=\"dtr17 dtc0\">Fresh Water Tank<\/td><td    class=\"dtr17 dtc1\">1 m\u00b3<\/td><td    class=\"dtr17 dtc2\">2 m\u00b3<\/td><td    class=\"dtr17 dtc3\">3 m\u00b3<\/td><\/tr><tr class=\" row18\"><td    class=\"dtr18 dtc0\"><\/td><td    class=\"dtr18 dtc1\"><\/td><td    class=\"dtr18 dtc2\"><\/td><td    class=\"dtr18 dtc3\"><\/td><\/tr><tr class=\" row19\"><td  colspan=\"4\"   class=\"dtr19 dtc0\">Power and Propulsion<\/td><td  style=\"display: none\"   class=\"dtr19 dtc1\"><\/td><td  style=\"display: none\"   class=\"dtr19 dtc2\"><\/td><td  style=\"display: none\"   class=\"dtr19 dtc3\"><\/td><\/tr><tr class=\" row20\"><td    class=\"dtr20 dtc0\">Propulsion<\/td><td  colspan=\"3\"   class=\"dtr20 dtc1\">Sterndrive ( Optional ) | Azimuth Thruster ( Optional ) |  Fixed Pitch ( Standard )<\/td><td  style=\"display: none\"   class=\"dtr20 dtc2\"><\/td><td  style=\"display: none\"   class=\"dtr20 dtc3\"><\/td><\/tr><tr class=\" row21\"><td    class=\"dtr21 dtc0\">Standard Power<\/td><td  colspan=\"3\"   class=\"dtr21 dtc1\">Diesel ( Standard )<\/td><td  style=\"display: none\"   class=\"dtr21 dtc2\"><\/td><td  style=\"display: none\"   class=\"dtr21 dtc3\"><\/td><\/tr><tr class=\" row22\"><td    class=\"dtr22 dtc0\">Green Power<\/td><td  colspan=\"3\"   class=\"dtr22 dtc1\">Battery ( Optional ) | Hydroen Fuel Cell (Optional) | Solar Energy (Optional) | LNG System (Optional)<\/td><td  style=\"display: none\"   class=\"dtr22 dtc2\"><\/td><td  style=\"display: none\"   class=\"dtr22 dtc3\"><\/td><\/tr><tr class=\" row23\"><td    class=\"dtr23 dtc0\">Engine<\/td><td    class=\"dtr23 dtc1\">2 x 185 HP<\/td><td    class=\"dtr23 dtc2\">2 x 220 HP<\/td><td    class=\"dtr23 dtc3\">2 x 300 HP<\/td><\/tr><tr class=\" row24\"><td    class=\"dtr24 dtc0\">Bow Thruster<\/td><td    class=\"dtr24 dtc1\">Optional<\/td><td    class=\"dtr24 dtc2\">Optional<\/td><td    class=\"dtr24 dtc3\">Optional<\/td><\/tr><tr class=\" row25\"><td    class=\"dtr25 dtc0\">Speed<\/td><td    class=\"dtr25 dtc1\">8 Knots<\/td><td    class=\"dtr25 dtc2\">10 Knots<\/td><td    class=\"dtr25 dtc3\">12 Knots<\/td><\/tr><tr class=\" row26\"><td    class=\"dtr26 dtc0\"><\/td><td    class=\"dtr26 dtc1\"><\/td><td    class=\"dtr26 dtc2\"><\/td><td    class=\"dtr26 dtc3\"><\/td><\/tr><tr class=\" row27\"><td  colspan=\"4\"   class=\"dtr27 dtc0\">Oil Pollution Recovery System<\/td><td  style=\"display: none\"   class=\"dtr27 dtc1\"><\/td><td  style=\"display: none\"   class=\"dtr27 dtc2\"><\/td><td  style=\"display: none\"   class=\"dtr27 dtc3\"><\/td><\/tr><tr class=\" row28\"><td    class=\"dtr28 dtc0\">Oil Recovery Rate<\/td><td    class=\"dtr28 dtc1\">30 m\u00b3 \/ hr<\/td><td    class=\"dtr28 dtc2\">50 m\u00b3 \/ hr<\/td><td    class=\"dtr28 dtc3\">60 m\u00b3 \/ hr<\/td><\/tr><tr class=\" row29\"><td    class=\"dtr29 dtc0\">Type of Oil Skimmer<\/td><td    class=\"dtr29 dtc1\">30 m\u00b3 \/ hr<\/td><td    class=\"dtr29 dtc2\">50 m\u00b3 \/ hr<\/td><td    class=\"dtr29 dtc3\">60 m\u00b3 \/ hr<\/td><\/tr><tr class=\" row30\"><td    class=\"dtr30 dtc0\">Oil Collection Speed<\/td><td    class=\"dtr30 dtc1\">0-4+knots<\/td><td    class=\"dtr30 dtc2\">0-4+knots<\/td><td    class=\"dtr30 dtc3\">0-4+knots<\/td><\/tr><tr class=\" row31\"><td    class=\"dtr31 dtc0\">Oil Boom<\/td><td    class=\"dtr31 dtc1\">300 m with Hydraulic Reel System<\/td><td    class=\"dtr31 dtc2\">400 m with Hydraulic Reel System<\/td><td    class=\"dtr31 dtc3\">600 m with Hydraulic Reel System<\/td><\/tr><tr class=\" row32\"><td    class=\"dtr32 dtc0\">Oil Spill Detection System<\/td><td    class=\"dtr32 dtc1\">1 - 4 miles radius<\/td><td    class=\"dtr32 dtc2\">1 - 4 miles radius<\/td><td    class=\"dtr32 dtc3\">1 - 4 miles radius<\/td><\/tr><tr class=\" row33\"><td    class=\"dtr33 dtc0\">Infrared Camera<\/td><td  colspan=\"3\"   class=\"dtr33 dtc1\">Infrared Tracking Camera<\/td><td  style=\"display: none\"   class=\"dtr33 dtc2\"><\/td><td  style=\"display: none\"   class=\"dtr33 dtc3\"><\/td><\/tr><tr class=\" row34\"><td    class=\"dtr34 dtc0\">Offloading  Pump<\/td><td    class=\"dtr34 dtc1\">100 m3 - pending on viscosity<\/td><td    class=\"dtr34 dtc2\">100 m3 - pending on viscosity<\/td><td    class=\"dtr34 dtc3\">200 m3 - pending on viscosity<\/td><\/tr><tr class=\" row35\"><td    class=\"dtr35 dtc0\">Dispersant Spray System<\/td><td    class=\"dtr35 dtc1\">MaviSpray - 100 lt\/min<\/td><td    class=\"dtr35 dtc2\">MaviSpray - 100 lt\/min<\/td><td    class=\"dtr35 dtc3\">MaviSpray - 100 lt\/min<\/td><\/tr><tr class=\" row36\"><td    class=\"dtr36 dtc0\">Workboat<\/td><td    class=\"dtr36 dtc1\">1 x 4 m Work Boat<\/td><td    class=\"dtr36 dtc2\">1 x 5 m Work Boat<\/td><td    class=\"dtr36 dtc3\">1 x 6 m Work Boat<\/td><\/tr><tr class=\" row37\"><td    class=\"dtr37 dtc0\"><\/td><td    class=\"dtr37 dtc1\"><\/td><td    class=\"dtr37 dtc2\"><\/td><td    class=\"dtr37 dtc3\"><\/td><\/tr><tr class=\" row38\"><td  colspan=\"4\"   class=\"dtr38 dtc0\">Deck System<\/td><td  style=\"display: none\"   class=\"dtr38 dtc1\"><\/td><td  style=\"display: none\"   class=\"dtr38 dtc2\"><\/td><td  style=\"display: none\"   class=\"dtr38 dtc3\"><\/td><\/tr><tr class=\" row39\"><td    class=\"dtr39 dtc0\">Crane<\/td><td  colspan=\"3\"   class=\"dtr39 dtc1\">Hydraulic Foldable Knuckle Crane - Up to 1 tons @ 8m | ( A- Frame up to 5 tons ) Optional<\/td><td  style=\"display: none\"   class=\"dtr39 dtc2\"><\/td><td  style=\"display: none\"   class=\"dtr39 dtc3\"><\/td><\/tr><tr class=\" row40\"><td    class=\"dtr40 dtc0\">Anchor Windlasses<\/td><td    class=\"dtr40 dtc1\">1 pcs<\/td><td    class=\"dtr40 dtc2\">1 pcs<\/td><td    class=\"dtr40 dtc3\">1 pcs<\/td><\/tr><tr class=\" row41\"><td    class=\"dtr41 dtc0\">Optional<\/td><td  colspan=\"3\"   class=\"dtr41 dtc1\">Towing Winch \/ Hydrographic Equipment \/ Diving Equipments \/ Fire Fighting Equipment (Up to 600 m3\/h monitor)<\/td><td  style=\"display: none\"   class=\"dtr41 dtc2\"><\/td><td  style=\"display: none\"   class=\"dtr41 dtc3\"><\/td><\/tr><tr class=\" row42\"><td    class=\"dtr42 dtc0\"><\/td><td    class=\"dtr42 dtc1\"><\/td><td    class=\"dtr42 dtc2\"><\/td><td    class=\"dtr42 dtc3\"><\/td><\/tr><tr class=\" row43\"><td  colspan=\"4\"   class=\"dtr43 dtc0\">Electronic and Navigation<\/td><td  style=\"display: none\"   class=\"dtr43 dtc1\"><\/td><td  style=\"display: none\"   class=\"dtr43 dtc2\"><\/td><td  style=\"display: none\"   class=\"dtr43 dtc3\"><\/td><\/tr><tr class=\" row44\"><td    class=\"dtr44 dtc0\">Standard<\/td><td  colspan=\"3\"   class=\"dtr44 dtc1\">Gyro Compass \/ Rudder Indicator \/ Wiper \/ Lighting Projector<\/td><td  style=\"display: none\"   class=\"dtr44 dtc2\"><\/td><td  style=\"display: none\"   class=\"dtr44 dtc3\"><\/td><\/tr><tr class=\" row45\"><td    class=\"dtr45 dtc0\">Optional<\/td><td  colspan=\"3\"   class=\"dtr45 dtc1\">Screen Display \/ Radar \/ GPS \/ Echosounder \/ VHF \/  Wind Direction Indicator \/ Autopilot \/ CCTV \/ Modem \/ Solar Panel \/ Search Light<\/td><td  style=\"display: none\"   class=\"dtr45 dtc2\"><\/td><td  style=\"display: none\"   class=\"dtr45 dtc3\"><\/td><\/tr><tr class=\" row46\"><td    class=\"dtr46 dtc0\"><\/td><td    class=\"dtr46 dtc1\"><\/td><td    class=\"dtr46 dtc2\"><\/td><td    class=\"dtr46 dtc3\"><\/td><\/tr><tr class=\" row47\"><td  colspan=\"4\"   class=\"dtr47 dtc0\">Accommodations<\/td><td  style=\"display: none\"   class=\"dtr47 dtc1\"><\/td><td  style=\"display: none\"   class=\"dtr47 dtc2\"><\/td><td  style=\"display: none\"   class=\"dtr47 dtc3\"><\/td><\/tr><tr class=\" row48\"><td    class=\"dtr48 dtc0\">Air Condition<\/td><td  colspan=\"3\"   class=\"dtr48 dtc1\">Heated (Standard) \/ Air-conditioned (Optional)<\/td><td  style=\"display: none\"   class=\"dtr48 dtc2\"><\/td><td  style=\"display: none\"   class=\"dtr48 dtc3\"><\/td><\/tr><tr class=\" row49\"><td    class=\"dtr49 dtc0\">Cabin<\/td><td  colspan=\"3\"   class=\"dtr49 dtc1\">A fully glazed wheelhouse high quality fit-out which includes seat.<\/td><td  style=\"display: none\"   class=\"dtr49 dtc2\"><\/td><td  style=\"display: none\"   class=\"dtr49 dtc3\"><\/td><\/tr><tr class=\" row50\"><td    class=\"dtr50 dtc0\">Optional<\/td><td  colspan=\"3\"   class=\"dtr50 dtc1\">WC \/ Gallery \/ Bed Cabin<\/td><td  style=\"display: none\"   class=\"dtr50 dtc2\"><\/td><td  style=\"display: none\"   class=\"dtr50 dtc3\"><\/td><\/tr><\/tbody><tfoot><tr><td class=\"dtr50 dtc0\" style=\"height: 0;\"><\/td><td class=\"dtr50 dtc1\" style=\"height: 0;\"><\/td><td class=\"dtr50 dtc2\" style=\"height: 0;\"><\/td><td class=\"dtr50 dtc3\" style=\"height: 0;\"><\/td><\/tr><\/tfoot><\/table><\/div><style>#wptmtable75 .dataTables_wrapper > .dataTables_scroll {max-height:500px;overflow: auto;}<\/style><script>window.wptm_ajaxurl = 'https:\/\/mavideniz.com.tr\/wp-admin\/admin-ajax.php?juwpfisadmin=false&action=Wptm&'; window.wptm_front = 'https:\/\/mavideniz.com.tr\/wp-content\/plugins\/wp-table-manager\/app\/site\/assets\/'; window.wptm_style = 'https:\/\/mavideniz.com.tr\/wp-content\/uploads\/wptm\/';<\/script><\/div><style><\/style>\n","protected":false},"excerpt":{"rendered":"<p>Mavi Deniz est un leader du march\u00e9\/le plus grand producteur mondial dans la conception et la fabrication de navires antipollution [&hellip;]<\/p>\n","protected":false},"author":1,"featured_media":0,"parent":41223,"menu_order":0,"comment_status":"closed","ping_status":"closed","template":"","meta":{"site-sidebar-layout":"default","site-content-layout":"","ast-site-content-layout":"default","site-content-style":"default","site-sidebar-style":"default","ast-global-header-display":"","ast-banner-title-visibility":"","ast-main-header-display":"","ast-hfb-above-header-display":"","ast-hfb-below-header-display":"","ast-hfb-mobile-header-display":"","site-post-title":"","ast-breadcrumbs-content":"","ast-featured-img":"","footer-sml-layout":"","ast-disable-related-posts":"","theme-transparent-header-meta":"","adv-header-id-meta":"","stick-header-meta":"","header-above-stick-meta":"","header-main-stick-meta":"","header-below-stick-meta":"","astra-migrate-meta-layouts":"default","ast-page-background-enabled":"default","ast-page-background-meta":{"desktop":{"background-color":"var(--ast-global-color-5)","background-image":"","background-repeat":"repeat","background-position":"center center","background-size":"auto","background-attachment":"scroll","background-type":"","background-media":"","overlay-type":"","overlay-color":"","overlay-opacity":"","overlay-gradient":""},"tablet":{"background-color":"","background-image":"","background-repeat":"repeat","background-position":"center center","background-size":"auto","background-attachment":"scroll","background-type":"","background-media":"","overlay-type":"","overlay-color":"","overlay-opacity":"","overlay-gradient":""},"mobile":{"background-color":"","background-image":"","background-repeat":"repeat","background-position":"center center","background-size":"auto","background-attachment":"scroll","background-type":"","background-media":"","overlay-type":"","overlay-color":"","overlay-opacity":"","overlay-gradient":""}},"ast-content-background-meta":{"desktop":{"background-color":"var(--ast-global-color-4)","background-image":"","background-repeat":"repeat","background-position":"center center","background-size":"auto","background-attachment":"scroll","background-type":"","background-media":"","overlay-type":"","overlay-color":"","overlay-opacity":"","overlay-gradient":""},"tablet":{"background-color":"var(--ast-global-color-4)","background-image":"","background-repeat":"repeat","background-position":"center center","background-size":"auto","background-attachment":"scroll","background-type":"","background-media":"","overlay-type":"","overlay-color":"","overlay-opacity":"","overlay-gradient":""},"mobile":{"background-color":"var(--ast-global-color-4)","background-image":"","background-repeat":"repeat","background-position":"center center","background-size":"auto","background-attachment":"scroll","background-type":"","background-media":"","overlay-type":"","overlay-color":"","overlay-opacity":"","overlay-gradient":""}},"footnotes":""},"class_list":["post-41228","page","type-page","status-publish","hentry"],"_links":{"self":[{"href":"https:\/\/mavideniz.com.tr\/fr\/wp-json\/wp\/v2\/pages\/41228","targetHints":{"allow":["GET"]}}],"collection":[{"href":"https:\/\/mavideniz.com.tr\/fr\/wp-json\/wp\/v2\/pages"}],"about":[{"href":"https:\/\/mavideniz.com.tr\/fr\/wp-json\/wp\/v2\/types\/page"}],"author":[{"embeddable":true,"href":"https:\/\/mavideniz.com.tr\/fr\/wp-json\/wp\/v2\/users\/1"}],"replies":[{"embeddable":true,"href":"https:\/\/mavideniz.com.tr\/fr\/wp-json\/wp\/v2\/comments?post=41228"}],"version-history":[{"count":0,"href":"https:\/\/mavideniz.com.tr\/fr\/wp-json\/wp\/v2\/pages\/41228\/revisions"}],"up":[{"embeddable":true,"href":"https:\/\/mavideniz.com.tr\/fr\/wp-json\/wp\/v2\/pages\/41223"}],"wp:attachment":[{"href":"https:\/\/mavideniz.com.tr\/fr\/wp-json\/wp\/v2\/media?parent=41228"}],"curies":[{"name":"wp","href":"https:\/\/api.w.org\/{rel}","templated":true}]}}