{"id":41233,"date":"2022-10-23T21:08:49","date_gmt":"2022-10-23T21:08:49","guid":{"rendered":"https:\/\/mavideniz.com.tr\/?page_id=41233"},"modified":"2022-10-23T21:08:53","modified_gmt":"2022-10-23T21:08:53","slug":"bateau-de-remorquage-de-fleche-bateau-damarrage","status":"publish","type":"page","link":"https:\/\/mavideniz.com.tr\/fr\/navires-bateaux\/navire-de-recuperation-et-dintervention-en-cas-de-deversement-dhydrocarbures\/bateau-de-remorquage-de-fleche-bateau-damarrage\/","title":{"rendered":"Bateau de remorquage de fl\u00e8che + bateau d&rsquo;amarrage"},"content":{"rendered":"\n<p>Boom Towing Boat est con\u00e7u pour les op\u00e9rations de lutte contre la pollution et peut \u00e9galement utiliser la logistique pour soutenir les op\u00e9rations en mer. Le bateau de remorquage Boom est id\u00e9al pour les op\u00e9rations portuaires, c\u00f4ti\u00e8res et d&rsquo;amarrage.<\/p>\n<p>Le point de remorquage peut \u00eatre une op\u00e9ration particuli\u00e8re et utiliser la poupe, l&rsquo;avant ou le c\u00f4t\u00e9 du bateau. Boom Towing Boat peut combiner des syst\u00e8mes de confinement, de rampe et de r\u00e9cup\u00e9ration avec des \u00e9cumeurs pour une meilleure performance.<\/p>\n<p>Boom Towing Boat a une disposition standard moderne et efficace avec une timonerie de premi\u00e8re classe. La timonerie et le logement de pont sont enti\u00e8rement isol\u00e9s, r\u00e9duisent les niveaux de bruit et sont finis avec un plancher moderne durable. Le Wheelhouse a un point de vue \u00e0 360 degr\u00e9s et est \u00e9galement enti\u00e8rement climatis\u00e9.<\/p>\n<p><strong>Le succ\u00e8s des op\u00e9rations en plein essor :<\/strong> Boom Towing Boat con\u00e7oit avec une excellente tenue en mer, manoeuvrabilit\u00e9, remorquage et amarrage, et aussi pour la production, vous verrez notre qualit\u00e9, les normes et les diff\u00e9rences. Apr\u00e8s que nous livrons des navires, vous verrez la m\u00eame performance et la qualit\u00e9 des ann\u00e9es et des ann\u00e9es plus tard ne pas changer ; il y a une raison d&rsquo;attraper la performance et la qualit\u00e9 ; nous n&rsquo;utilisons pas de produits de mauvaise qualit\u00e9, choisir le meilleur mat\u00e9riel et les produits pour construire le navire, et aussi choisir les meilleurs travailleurs, et ing\u00e9nieurs.<\/p>\n<p>L&rsquo;Organisation maritime internationale a annonc\u00e9 une strat\u00e9gie visant \u00e0 r\u00e9duire \u00e0 z\u00e9ro les \u00e9missions de gaz \u00e0 effet de serre (GES) d&rsquo;ici le d\u00e9but du si\u00e8cle ; la r\u00e9glementation du milieu marin a \u00e9t\u00e9 resserr\u00e9e partout dans le monde. La mise en oeuvre de zones de contr\u00f4le des \u00e9missions a commenc\u00e9 \u00e0 affecter les op\u00e9rations des navires. Mavi Deniz a lanc\u00e9 avec succ\u00e8s de nouvelles r\u00e9glementations de contr\u00f4le des \u00e9missions en d\u00e9veloppant des solutions bicarburant et des technologies d&rsquo;\u00e9nergie verte plus propres. Les options d&rsquo;\u00e9nergie verte de Mavi Deniz : syst\u00e8me d&rsquo;\u00e9nergie solaire, syst\u00e8me d&rsquo;alimentation par batterie, syst\u00e8me de pile \u00e0 combustible \u00e0 hydrog\u00e8ne et syst\u00e8me de GPL peuvent s&rsquo;int\u00e9grer enti\u00e8rement dans le bateau de remorquage de fl\u00e8che + bateau d&rsquo;amarrage, y compris l&rsquo;\u00e9quipement de pont et le syst\u00e8me de propulsion.<\/p>\n<p><strong>Bateau de remorquage de fl\u00e8che + bateau d&rsquo;amarrage Options d&rsquo;\u00e9nergie verte<\/strong><\/p>\n<ul>\n<li>Propuls\u00e9 par le syst\u00e8me d&rsquo;\u00e9nergie solaire<\/li>\n<li>Aliment\u00e9 par un syst\u00e8me d&rsquo;alimentation par batterie<\/li>\n<li>Aliment\u00e9 par un syst\u00e8me de pile \u00e0 combustible \u00e0 hydrog\u00e8ne<\/li>\n<li>Aliment\u00e9 par un syst\u00e8me GPL<\/li>\n<\/ul>\n<p><strong>Caract\u00e9ristiques<\/strong><\/p>\n<ul>\n<li>Bateau d&rsquo;amarrage, Id\u00e9al pour les op\u00e9rations dans les terminaux maritimes, ports, ports<\/li>\n<li>Fonctions essentielles ; Remorquage \/ Poussage \/ Transfert du personnel \/ Amarrage \/ Soutien des op\u00e9rations de plong\u00e9e \/ Pose de rampe de confinement d&rsquo;huile \/ Soutien des op\u00e9rations d&rsquo;\u00e9cumage d&rsquo;huile<\/li>\n<li>Faible tirant d&rsquo;eau, manoeuvrabilit\u00e9 sup\u00e9rieure<\/li>\n<li>Le pont arri\u00e8re spacieux, espace de travail s\u00e9curis\u00e9<\/li>\n<li>Construction enti\u00e8rement soud\u00e9e en acier ou en aluminium de qualit\u00e9 marine<\/li>\n<li>Pour d\u00e9vidoir optionnel, brides de remorquage, ventilateur, bou\u00e9e, syst\u00e8me d&rsquo;ancrage.<\/li>\n<li>Vari\u00e9t\u00e9 de conceptions de timonerie\/console<\/li>\n<li>Disponible en monomoteur ou bimoteur<\/li>\n<li>Des \u00e9quipements suppl\u00e9mentaires peuvent \u00eatre install\u00e9s, tels qu&rsquo;une grue hydraulique, un treuil hydraulique, une bobine, un \u00e9cumoire, un \u00e9quipement de navigation de fl\u00e8che, etc.<\/li>\n<li>Des tailles et sp\u00e9cifications personnalis\u00e9es sont disponibles.<\/li>\n<\/ul>\n<div class=\"wptm_table tablesorter-bootstrap \" data-id=\"76\" data-hightlight=\"0\"><div class=\"wptm_buttons buttons_wptmTbl76\"><\/div><div class=\"wptmresponsive dataTables-wptmtable wptmtable \" id=\"wptmtable76\" data-tableid=\"wptmTbl76\"><table data-count-header=\"1\"  data-format-decimal_count=\"0\" data-format-decimal_symbol=\".\" data-format-symbol_position=\"0\" data-format-thousand_symbol=\",\"  data-format-currency_symbol=\"$\"  data-name-style=\"76_1759810911.css\" data-format=\"YYYY-MM-DD\" id=\"wptmTbl76\" data-id=\"76\" data-responsive=\"false\" data-hideCols=\"false\"  data-type=\"html\" data-paging=\"false\" data-searching=\"true\"  data-ordering=\"false\" data-table-breakpoint=\"980\" data-scroll-x=\"true\" data-scroll-collapse=\"true\" data-align=\"center\" data-range=\"[]\" data-hideColumn=\"[0,0,0,0,0,0]\"  data-colwidths=\"[190,190,190,190,190,190]\"  data-colwidths_desktop=[]  data-colwidths_tablet=[]  data-colwidths_mobile=[]  class=\"wptm_main_table  disablePager hideScrollHeader\"><colgroup><col data-dtr=\"0\" data-dtc=\"0\" class=\"dtc0\"><col data-dtr=\"0\" data-dtc=\"1\" class=\"dtc1\"><col data-dtr=\"0\" data-dtc=\"2\" class=\"dtc2\"><col data-dtr=\"0\" data-dtc=\"3\" class=\"dtc3\"><col data-dtr=\"0\" data-dtc=\"4\" class=\"dtc4\"><col data-dtr=\"0\" data-dtc=\"5\" class=\"dtc5\"><\/colgroup><thead><tr class=\"wptm-header-cells-index\"><th rowspan=\"1\" colspan=\"1\" data-dtr=\"0\" data-dtc=\"0\" class=\"dtr0 dtc0\"><\/th><th rowspan=\"1\" colspan=\"1\" data-dtr=\"0\" data-dtc=\"1\" class=\"dtr0 dtc1\"><\/th><th rowspan=\"1\" colspan=\"1\" data-dtr=\"0\" data-dtc=\"2\" class=\"dtr0 dtc2\"><\/th><th rowspan=\"1\" colspan=\"1\" data-dtr=\"0\" data-dtc=\"3\" class=\"dtr0 dtc3\"><\/th><th rowspan=\"1\" colspan=\"1\" data-dtr=\"0\" data-dtc=\"4\" class=\"dtr0 dtc4\"><\/th><th rowspan=\"1\" colspan=\"1\" data-dtr=\"0\" data-dtc=\"5\" class=\"dtr0 dtc5\"><\/th><\/tr><tr class=\" row0\"><th   data-priority=\"0\" class=\"dtr0 dtc0\"><\/th><th   data-priority=\"0\" class=\"dtr0 dtc1\">Mooring Boat I<\/th><th   data-priority=\"0\" class=\"dtr0 dtc2\">Mooring Boat II<\/th><th   data-priority=\"0\" class=\"dtr0 dtc3\">Mooring Boat III<\/th><th   data-priority=\"0\" class=\"dtr0 dtc4\">Mooring Boat IV<\/th><th   data-priority=\"0\" class=\"dtr0 dtc5\">Mooring Boat V<\/th><\/thead><tbody><tr class=\" row1\"><td    class=\"dtr1 dtc0\"><\/td><td    class=\"dtr1 dtc1\"><\/td><td    class=\"dtr1 dtc2\"><\/td><td    class=\"dtr1 dtc3\"><\/td><td    class=\"dtr1 dtc4\"><\/td><td    class=\"dtr1 dtc5\"><\/td><\/tr><tr class=\" row2\"><td  colspan=\"6\"   class=\"dtr2 dtc0\">Dimensions<\/td><td  style=\"display: none\"   class=\"dtr2 dtc1\"><\/td><td  style=\"display: none\"   class=\"dtr2 dtc2\"><\/td><td  style=\"display: none\"   class=\"dtr2 dtc3\"><\/td><td  style=\"display: none\"   class=\"dtr2 dtc4\"><\/td><td  style=\"display: none\"   class=\"dtr2 dtc5\"><\/td><\/tr><tr class=\" row3\"><td    class=\"dtr3 dtc0\">Length<\/td><td    class=\"dtr3 dtc1\">6.5 m<\/td><td    class=\"dtr3 dtc2\">7.5 m<\/td><td    class=\"dtr3 dtc3\">9 m<\/td><td    class=\"dtr3 dtc4\">10.5 m<\/td><td    class=\"dtr3 dtc5\">12.5 m<\/td><\/tr><tr class=\" row4\"><td    class=\"dtr4 dtc0\">Width<\/td><td    class=\"dtr4 dtc1\">2.4 m<\/td><td    class=\"dtr4 dtc2\">2.6 m<\/td><td    class=\"dtr4 dtc3\">3 m<\/td><td    class=\"dtr4 dtc4\">4.5 m<\/td><td    class=\"dtr4 dtc5\">4.5 m<\/td><\/tr><tr class=\" row5\"><td    class=\"dtr5 dtc0\">Draft<\/td><td    class=\"dtr5 dtc1\">1.5 m<\/td><td    class=\"dtr5 dtc2\">1.6 m<\/td><td    class=\"dtr5 dtc3\">1.5 m<\/td><td    class=\"dtr5 dtc4\">1.5 m<\/td><td    class=\"dtr5 dtc5\">1.5 m<\/td><\/tr><tr class=\" row6\"><td    class=\"dtr6 dtc0\"><\/td><td    class=\"dtr6 dtc1\"><\/td><td    class=\"dtr6 dtc2\"><\/td><td    class=\"dtr6 dtc3\"><\/td><td    class=\"dtr6 dtc4\"><\/td><td    class=\"dtr6 dtc5\"><\/td><\/tr><tr class=\" row7\"><td  colspan=\"6\"   class=\"dtr7 dtc0\">General<\/td><td  style=\"display: none\"   class=\"dtr7 dtc1\"><\/td><td  style=\"display: none\"   class=\"dtr7 dtc2\"><\/td><td  style=\"display: none\"   class=\"dtr7 dtc3\"><\/td><td  style=\"display: none\"   class=\"dtr7 dtc4\"><\/td><td  style=\"display: none\"   class=\"dtr7 dtc5\"><\/td><\/tr><tr class=\" row8\"><td    class=\"dtr8 dtc0\">Purpose Of Vessel<\/td><td  colspan=\"5\"   class=\"dtr8 dtc1\">Oil Spill Response + Boom Towing + Mooring Operations<\/td><td  style=\"display: none\"   class=\"dtr8 dtc2\"><\/td><td  style=\"display: none\"   class=\"dtr8 dtc3\"><\/td><td  style=\"display: none\"   class=\"dtr8 dtc4\"><\/td><td  style=\"display: none\"   class=\"dtr8 dtc5\"><\/td><\/tr><tr class=\" row9\"><td    class=\"dtr9 dtc0\">Material (Superstructure  + Hull)<\/td><td  colspan=\"5\"   class=\"dtr9 dtc1\">Steel ( Standard ) or Aluminium ( Optional )<\/td><td  style=\"display: none\"   class=\"dtr9 dtc2\"><\/td><td  style=\"display: none\"   class=\"dtr9 dtc3\"><\/td><td  style=\"display: none\"   class=\"dtr9 dtc4\"><\/td><td  style=\"display: none\"   class=\"dtr9 dtc5\"><\/td><\/tr><tr class=\" row10\"><td    class=\"dtr10 dtc0\">Hull Type<\/td><td  colspan=\"5\"   class=\"dtr10 dtc1\">Mono Hull ( Standard ) or Catamaran ( Optional ) | Ice Class (Optional)<\/td><td  style=\"display: none\"   class=\"dtr10 dtc2\"><\/td><td  style=\"display: none\"   class=\"dtr10 dtc3\"><\/td><td  style=\"display: none\"   class=\"dtr10 dtc4\"><\/td><td  style=\"display: none\"   class=\"dtr10 dtc5\"><\/td><\/tr><tr class=\" row11\"><td    class=\"dtr11 dtc0\">Classification (Optional)<\/td><td  colspan=\"5\"   class=\"dtr11 dtc1\">B.V. Or Equivalent<\/td><td  style=\"display: none\"   class=\"dtr11 dtc2\"><\/td><td  style=\"display: none\"   class=\"dtr11 dtc3\"><\/td><td  style=\"display: none\"   class=\"dtr11 dtc4\"><\/td><td  style=\"display: none\"   class=\"dtr11 dtc5\"><\/td><\/tr><tr class=\" row12\"><td    class=\"dtr12 dtc0\"><\/td><td    class=\"dtr12 dtc1\"><\/td><td    class=\"dtr12 dtc2\"><\/td><td    class=\"dtr12 dtc3\"><\/td><td    class=\"dtr12 dtc4\"><\/td><td    class=\"dtr12 dtc5\"><\/td><\/tr><tr class=\" row13\"><td  colspan=\"6\"   class=\"dtr13 dtc0\">Tank capacity<\/td><td  style=\"display: none\"   class=\"dtr13 dtc1\"><\/td><td  style=\"display: none\"   class=\"dtr13 dtc2\"><\/td><td  style=\"display: none\"   class=\"dtr13 dtc3\"><\/td><td  style=\"display: none\"   class=\"dtr13 dtc4\"><\/td><td  style=\"display: none\"   class=\"dtr13 dtc5\"><\/td><\/tr><tr class=\" row14\"><td    class=\"dtr14 dtc0\">F\/O Tank<\/td><td    class=\"dtr14 dtc1\">200 lt<\/td><td    class=\"dtr14 dtc2\">200 lt<\/td><td    class=\"dtr14 dtc3\">200 lt<\/td><td    class=\"dtr14 dtc4\">200 lt<\/td><td    class=\"dtr14 dtc5\">200 lt<\/td><\/tr><tr class=\" row15\"><td    class=\"dtr15 dtc0\"><\/td><td    class=\"dtr15 dtc1\"><\/td><td    class=\"dtr15 dtc2\"><\/td><td    class=\"dtr15 dtc3\"><\/td><td    class=\"dtr15 dtc4\"><\/td><td    class=\"dtr15 dtc5\"><\/td><\/tr><tr class=\" row16\"><td  colspan=\"6\"   class=\"dtr16 dtc0\">Power and Propulsion<\/td><td  style=\"display: none\"   class=\"dtr16 dtc1\"><\/td><td  style=\"display: none\"   class=\"dtr16 dtc2\"><\/td><td  style=\"display: none\"   class=\"dtr16 dtc3\"><\/td><td  style=\"display: none\"   class=\"dtr16 dtc4\"><\/td><td  style=\"display: none\"   class=\"dtr16 dtc5\"><\/td><\/tr><tr class=\" row17\"><td    class=\"dtr17 dtc0\">Propulsion<\/td><td  colspan=\"5\"   class=\"dtr17 dtc1\">Azimuth Thruster ( Standard ) | Fixed Pitch ( Optional ) | Outboard ( Optional )<\/td><td  style=\"display: none\"   class=\"dtr17 dtc2\"><\/td><td  style=\"display: none\"   class=\"dtr17 dtc3\"><\/td><td  style=\"display: none\"   class=\"dtr17 dtc4\"><\/td><td  style=\"display: none\"   class=\"dtr17 dtc5\"><\/td><\/tr><tr class=\" row18\"><td    class=\"dtr18 dtc0\">Power<\/td><td  colspan=\"5\"   class=\"dtr18 dtc1\">Diesel ( Standard )<\/td><td  style=\"display: none\"   class=\"dtr18 dtc2\"><\/td><td  style=\"display: none\"   class=\"dtr18 dtc3\"><\/td><td  style=\"display: none\"   class=\"dtr18 dtc4\"><\/td><td  style=\"display: none\"   class=\"dtr18 dtc5\"><\/td><\/tr><tr class=\" row19\"><td    class=\"dtr19 dtc0\">Green Power<\/td><td  colspan=\"5\"   class=\"dtr19 dtc1\">Battery ( Optional ) | Hydroen Fuel Cell (Optional) | Solar Energy (Optional) | LNG System (Optional)<\/td><td  style=\"display: none\"   class=\"dtr19 dtc2\"><\/td><td  style=\"display: none\"   class=\"dtr19 dtc3\"><\/td><td  style=\"display: none\"   class=\"dtr19 dtc4\"><\/td><td  style=\"display: none\"   class=\"dtr19 dtc5\"><\/td><\/tr><tr class=\" row20\"><td    class=\"dtr20 dtc0\">Engine<\/td><td    class=\"dtr20 dtc1\">100 hp<\/td><td    class=\"dtr20 dtc2\">150 hp<\/td><td    class=\"dtr20 dtc3\">200 hp<\/td><td    class=\"dtr20 dtc4\">225 hp<\/td><td    class=\"dtr20 dtc5\">250 hp<\/td><\/tr><tr class=\" row21\"><td    class=\"dtr21 dtc0\">Bollard Pull<\/td><td    class=\"dtr21 dtc1\">1 T<\/td><td    class=\"dtr21 dtc2\">1.2 T<\/td><td    class=\"dtr21 dtc3\">1.5 T<\/td><td    class=\"dtr21 dtc4\">1.6 T<\/td><td    class=\"dtr21 dtc5\">6 T<\/td><\/tr><tr class=\" row22\"><td    class=\"dtr22 dtc0\">Speed<\/td><td    class=\"dtr22 dtc1\">8 Knot<\/td><td    class=\"dtr22 dtc2\">8.5 Knot<\/td><td    class=\"dtr22 dtc3\">8.5 Knot<\/td><td    class=\"dtr22 dtc4\">8.5 Knot<\/td><td    class=\"dtr22 dtc5\">9.5 Knot<\/td><\/tr><tr class=\" row23\"><td    class=\"dtr23 dtc0\"><\/td><td    class=\"dtr23 dtc1\"><\/td><td    class=\"dtr23 dtc2\"><\/td><td    class=\"dtr23 dtc3\"><\/td><td    class=\"dtr23 dtc4\"><\/td><td    class=\"dtr23 dtc5\"><\/td><\/tr><tr class=\" row24\"><td  colspan=\"6\"   class=\"dtr24 dtc0\">Oil Spill Recovery System<\/td><td  style=\"display: none\"   class=\"dtr24 dtc1\"><\/td><td  style=\"display: none\"   class=\"dtr24 dtc2\"><\/td><td  style=\"display: none\"   class=\"dtr24 dtc3\"><\/td><td  style=\"display: none\"   class=\"dtr24 dtc4\"><\/td><td  style=\"display: none\"   class=\"dtr24 dtc5\"><\/td><\/tr><tr class=\" row25\"><td    class=\"dtr25 dtc0\">Oil Collection Speed<\/td><td    class=\"dtr25 dtc1\">0-3 knots<\/td><td    class=\"dtr25 dtc2\">0-3 knots<\/td><td    class=\"dtr25 dtc3\">0-3 knots<\/td><td    class=\"dtr25 dtc4\">0-3 knots<\/td><td    class=\"dtr25 dtc5\">0-3 knots<\/td><\/tr><tr class=\" row26\"><td    class=\"dtr26 dtc0\">Type of Oil Skimmer (Optional)<\/td><td  colspan=\"5\"   class=\"dtr26 dtc1\"> Multi Skimmer or Side Skimmer<\/td><td  style=\"display: none\"   class=\"dtr26 dtc2\"><\/td><td  style=\"display: none\"   class=\"dtr26 dtc3\"><\/td><td  style=\"display: none\"   class=\"dtr26 dtc4\"><\/td><td  style=\"display: none\"   class=\"dtr26 dtc5\"><\/td><\/tr><tr class=\" row27\"><td    class=\"dtr27 dtc0\">Inflatable Boom (Optional)<\/td><td  colspan=\"5\"   class=\"dtr27 dtc1\">Up to 1 x 600 m Oil Boom with Hydraulic Reel System<\/td><td  style=\"display: none\"   class=\"dtr27 dtc2\"><\/td><td  style=\"display: none\"   class=\"dtr27 dtc3\"><\/td><td  style=\"display: none\"   class=\"dtr27 dtc4\"><\/td><td  style=\"display: none\"   class=\"dtr27 dtc5\"><\/td><\/tr><tr class=\" row28\"><td    class=\"dtr28 dtc0\">Floating Oil Storage Tank (Optional)<\/td><td  colspan=\"5\"   class=\"dtr28 dtc1\">Up to 20 m3<\/td><td  style=\"display: none\"   class=\"dtr28 dtc2\"><\/td><td  style=\"display: none\"   class=\"dtr28 dtc3\"><\/td><td  style=\"display: none\"   class=\"dtr28 dtc4\"><\/td><td  style=\"display: none\"   class=\"dtr28 dtc5\"><\/td><\/tr><tr class=\" row29\"><td    class=\"dtr29 dtc0\">Infrared Camera (Optional)<\/td><td  colspan=\"5\"   class=\"dtr29 dtc1\">Infrared Tracking Camera<\/td><td  style=\"display: none\"   class=\"dtr29 dtc2\"><\/td><td  style=\"display: none\"   class=\"dtr29 dtc3\"><\/td><td  style=\"display: none\"   class=\"dtr29 dtc4\"><\/td><td  style=\"display: none\"   class=\"dtr29 dtc5\"><\/td><\/tr><tr class=\" row30\"><td    class=\"dtr30 dtc0\">Dispersant Spray System (Optional)<\/td><td  colspan=\"5\"   class=\"dtr30 dtc1\">MaviSpray - 20 lt\/min<\/td><td  style=\"display: none\"   class=\"dtr30 dtc2\"><\/td><td  style=\"display: none\"   class=\"dtr30 dtc3\"><\/td><td  style=\"display: none\"   class=\"dtr30 dtc4\"><\/td><td  style=\"display: none\"   class=\"dtr30 dtc5\"><\/td><\/tr><tr class=\" row31\"><td    class=\"dtr31 dtc0\"><\/td><td    class=\"dtr31 dtc1\"><\/td><td    class=\"dtr31 dtc2\"><\/td><td    class=\"dtr31 dtc3\"><\/td><td    class=\"dtr31 dtc4\"><\/td><td    class=\"dtr31 dtc5\"><\/td><\/tr><tr class=\" row32\"><td  colspan=\"6\"   class=\"dtr32 dtc0\">Electronic and Navigation<\/td><td  style=\"display: none\"   class=\"dtr32 dtc1\"><\/td><td  style=\"display: none\"   class=\"dtr32 dtc2\"><\/td><td  style=\"display: none\"   class=\"dtr32 dtc3\"><\/td><td  style=\"display: none\"   class=\"dtr32 dtc4\"><\/td><td  style=\"display: none\"   class=\"dtr32 dtc5\"><\/td><\/tr><tr class=\" row33\"><td    class=\"dtr33 dtc0\">Standard<\/td><td  colspan=\"5\"   class=\"dtr33 dtc1\">GMDSS Sea Area A3, GPS, Echo Sounder, Compass, VHF. Navigational Safety Lights, Autopilot, Radar<\/td><td  style=\"display: none\"   class=\"dtr33 dtc2\"><\/td><td  style=\"display: none\"   class=\"dtr33 dtc3\"><\/td><td  style=\"display: none\"   class=\"dtr33 dtc4\"><\/td><td  style=\"display: none\"   class=\"dtr33 dtc5\"><\/td><\/tr><tr class=\" row34\"><td    class=\"dtr34 dtc0\">Optional<\/td><td  colspan=\"5\"   class=\"dtr34 dtc1\">Hydrographic Survey System ( Multi beam echo sounder , Single beam echo sounder, hull mounted sonar )  \/ Search Light<\/td><td  style=\"display: none\"   class=\"dtr34 dtc2\"><\/td><td  style=\"display: none\"   class=\"dtr34 dtc3\"><\/td><td  style=\"display: none\"   class=\"dtr34 dtc4\"><\/td><td  style=\"display: none\"   class=\"dtr34 dtc5\"><\/td><\/tr><tr class=\" row35\"><td    class=\"dtr35 dtc0\"><\/td><td    class=\"dtr35 dtc1\"><\/td><td    class=\"dtr35 dtc2\"><\/td><td    class=\"dtr35 dtc3\"><\/td><td    class=\"dtr35 dtc4\"><\/td><td    class=\"dtr35 dtc5\"><\/td><\/tr><tr class=\" row36\"><td  colspan=\"6\"   class=\"dtr36 dtc0\">Deck System<\/td><td  style=\"display: none\"   class=\"dtr36 dtc1\"><\/td><td  style=\"display: none\"   class=\"dtr36 dtc2\"><\/td><td  style=\"display: none\"   class=\"dtr36 dtc3\"><\/td><td  style=\"display: none\"   class=\"dtr36 dtc4\"><\/td><td  style=\"display: none\"   class=\"dtr36 dtc5\"><\/td><\/tr><tr class=\" row37\"><td    class=\"dtr37 dtc0\">Crane<\/td><td  colspan=\"5\"   class=\"dtr37 dtc1\">Hydraulic Foldable Knuckle Boom or Jib Crane ( Hydraulic or Manual )<\/td><td  style=\"display: none\"   class=\"dtr37 dtc2\"><\/td><td  style=\"display: none\"   class=\"dtr37 dtc3\"><\/td><td  style=\"display: none\"   class=\"dtr37 dtc4\"><\/td><td  style=\"display: none\"   class=\"dtr37 dtc5\"><\/td><\/tr><tr class=\" row38\"><td    class=\"dtr38 dtc0\">Anchor<\/td><td    class=\"dtr38 dtc1\">1 pcs<\/td><td    class=\"dtr38 dtc2\">1 pcs<\/td><td    class=\"dtr38 dtc3\">1 pcs<\/td><td    class=\"dtr38 dtc4\">1 pcs<\/td><td    class=\"dtr38 dtc5\">1 pcs<\/td><\/tr><tr class=\" row39\"><td    class=\"dtr39 dtc0\">Optional<\/td><td  colspan=\"5\"   class=\"dtr39 dtc1\">Diving Equipments \/ Fire Fighting Equipment (Up to 600 m3\/h monitor)<\/td><td  style=\"display: none\"   class=\"dtr39 dtc2\"><\/td><td  style=\"display: none\"   class=\"dtr39 dtc3\"><\/td><td  style=\"display: none\"   class=\"dtr39 dtc4\"><\/td><td  style=\"display: none\"   class=\"dtr39 dtc5\"><\/td><\/tr><tr class=\" row40\"><td    class=\"dtr40 dtc0\"><\/td><td    class=\"dtr40 dtc1\"><\/td><td    class=\"dtr40 dtc2\"><\/td><td    class=\"dtr40 dtc3\"><\/td><td    class=\"dtr40 dtc4\"><\/td><td    class=\"dtr40 dtc5\"><\/td><\/tr><tr class=\" row41\"><td  colspan=\"6\"   class=\"dtr41 dtc0\">Accommodation<\/td><td  style=\"display: none\"   class=\"dtr41 dtc1\"><\/td><td  style=\"display: none\"   class=\"dtr41 dtc2\"><\/td><td  style=\"display: none\"   class=\"dtr41 dtc3\"><\/td><td  style=\"display: none\"   class=\"dtr41 dtc4\"><\/td><td  style=\"display: none\"   class=\"dtr41 dtc5\"><\/td><\/tr><tr class=\" row42\"><td    class=\"dtr42 dtc0\">Air Condition<\/td><td  colspan=\"5\"   class=\"dtr42 dtc1\">Heated (Standard) \/ Air-conditioned (Optional)<\/td><td  style=\"display: none\"   class=\"dtr42 dtc2\"><\/td><td  style=\"display: none\"   class=\"dtr42 dtc3\"><\/td><td  style=\"display: none\"   class=\"dtr42 dtc4\"><\/td><td  style=\"display: none\"   class=\"dtr42 dtc5\"><\/td><\/tr><tr class=\" row43\"><td    class=\"dtr43 dtc0\">Cabin<\/td><td  colspan=\"5\"   class=\"dtr43 dtc1\">A fully glazed wheelhouse high quality fit-out which includes seat.<\/td><td  style=\"display: none\"   class=\"dtr43 dtc2\"><\/td><td  style=\"display: none\"   class=\"dtr43 dtc3\"><\/td><td  style=\"display: none\"   class=\"dtr43 dtc4\"><\/td><td  style=\"display: none\"   class=\"dtr43 dtc5\"><\/td><\/tr><tr class=\" row44\"><td    class=\"dtr44 dtc0\">Optional<\/td><td  colspan=\"5\"   class=\"dtr44 dtc1\">Upto 8 Persons - WC \/ Changing Room \/ Mess Room \/ Galley<\/td><td  style=\"display: none\"   class=\"dtr44 dtc2\"><\/td><td  style=\"display: none\"   class=\"dtr44 dtc3\"><\/td><td  style=\"display: none\"   class=\"dtr44 dtc4\"><\/td><td  style=\"display: none\"   class=\"dtr44 dtc5\"><\/td><\/tr><\/tbody><tfoot><tr><td class=\"dtr44 dtc0\" style=\"height: 0;\"><\/td><td class=\"dtr44 dtc1\" style=\"height: 0;\"><\/td><td class=\"dtr44 dtc2\" style=\"height: 0;\"><\/td><td class=\"dtr44 dtc3\" style=\"height: 0;\"><\/td><td class=\"dtr44 dtc4\" style=\"height: 0;\"><\/td><td class=\"dtr44 dtc5\" style=\"height: 0;\"><\/td><\/tr><\/tfoot><\/table><\/div><style>#wptmtable76 .dataTables_wrapper > .dataTables_scroll {max-height:500px;overflow: auto;}<\/style><script>window.wptm_ajaxurl = 'https:\/\/mavideniz.com.tr\/wp-admin\/admin-ajax.php?juwpfisadmin=false&action=Wptm&'; window.wptm_front = 'https:\/\/mavideniz.com.tr\/wp-content\/plugins\/wp-table-manager\/app\/site\/assets\/'; window.wptm_style = 'https:\/\/mavideniz.com.tr\/wp-content\/uploads\/wptm\/';<\/script><\/div><style><\/style>\n","protected":false},"excerpt":{"rendered":"<p>Boom Towing Boat est con\u00e7u pour les op\u00e9rations de lutte contre la pollution et peut \u00e9galement utiliser la logistique pour [&hellip;]<\/p>\n","protected":false},"author":1,"featured_media":0,"parent":41223,"menu_order":0,"comment_status":"closed","ping_status":"closed","template":"","meta":{"site-sidebar-layout":"default","site-content-layout":"","ast-site-content-layout":"default","site-content-style":"default","site-sidebar-style":"default","ast-global-header-display":"","ast-banner-title-visibility":"","ast-main-header-display":"","ast-hfb-above-header-display":"","ast-hfb-below-header-display":"","ast-hfb-mobile-header-display":"","site-post-title":"","ast-breadcrumbs-content":"","ast-featured-img":"","footer-sml-layout":"","ast-disable-related-posts":"","theme-transparent-header-meta":"","adv-header-id-meta":"","stick-header-meta":"","header-above-stick-meta":"","header-main-stick-meta":"","header-below-stick-meta":"","astra-migrate-meta-layouts":"default","ast-page-background-enabled":"default","ast-page-background-meta":{"desktop":{"background-color":"var(--ast-global-color-5)","background-image":"","background-repeat":"repeat","background-position":"center center","background-size":"auto","background-attachment":"scroll","background-type":"","background-media":"","overlay-type":"","overlay-color":"","overlay-opacity":"","overlay-gradient":""},"tablet":{"background-color":"","background-image":"","background-repeat":"repeat","background-position":"center center","background-size":"auto","background-attachment":"scroll","background-type":"","background-media":"","overlay-type":"","overlay-color":"","overlay-opacity":"","overlay-gradient":""},"mobile":{"background-color":"","background-image":"","background-repeat":"repeat","background-position":"center center","background-size":"auto","background-attachment":"scroll","background-type":"","background-media":"","overlay-type":"","overlay-color":"","overlay-opacity":"","overlay-gradient":""}},"ast-content-background-meta":{"desktop":{"background-color":"var(--ast-global-color-4)","background-image":"","background-repeat":"repeat","background-position":"center center","background-size":"auto","background-attachment":"scroll","background-type":"","background-media":"","overlay-type":"","overlay-color":"","overlay-opacity":"","overlay-gradient":""},"tablet":{"background-color":"var(--ast-global-color-4)","background-image":"","background-repeat":"repeat","background-position":"center center","background-size":"auto","background-attachment":"scroll","background-type":"","background-media":"","overlay-type":"","overlay-color":"","overlay-opacity":"","overlay-gradient":""},"mobile":{"background-color":"var(--ast-global-color-4)","background-image":"","background-repeat":"repeat","background-position":"center center","background-size":"auto","background-attachment":"scroll","background-type":"","background-media":"","overlay-type":"","overlay-color":"","overlay-opacity":"","overlay-gradient":""}},"footnotes":""},"class_list":["post-41233","page","type-page","status-publish","hentry"],"_links":{"self":[{"href":"https:\/\/mavideniz.com.tr\/fr\/wp-json\/wp\/v2\/pages\/41233","targetHints":{"allow":["GET"]}}],"collection":[{"href":"https:\/\/mavideniz.com.tr\/fr\/wp-json\/wp\/v2\/pages"}],"about":[{"href":"https:\/\/mavideniz.com.tr\/fr\/wp-json\/wp\/v2\/types\/page"}],"author":[{"embeddable":true,"href":"https:\/\/mavideniz.com.tr\/fr\/wp-json\/wp\/v2\/users\/1"}],"replies":[{"embeddable":true,"href":"https:\/\/mavideniz.com.tr\/fr\/wp-json\/wp\/v2\/comments?post=41233"}],"version-history":[{"count":0,"href":"https:\/\/mavideniz.com.tr\/fr\/wp-json\/wp\/v2\/pages\/41233\/revisions"}],"up":[{"embeddable":true,"href":"https:\/\/mavideniz.com.tr\/fr\/wp-json\/wp\/v2\/pages\/41223"}],"wp:attachment":[{"href":"https:\/\/mavideniz.com.tr\/fr\/wp-json\/wp\/v2\/media?parent=41233"}],"curies":[{"name":"wp","href":"https:\/\/api.w.org\/{rel}","templated":true}]}}