{"id":41238,"date":"2022-10-23T21:14:15","date_gmt":"2022-10-23T21:14:15","guid":{"rendered":"https:\/\/mavideniz.com.tr\/?page_id=41238"},"modified":"2022-10-23T21:14:18","modified_gmt":"2022-10-23T21:14:18","slug":"navire-de-recuperation-des-deversements-dhydrocarbures-en-mer","status":"publish","type":"page","link":"https:\/\/mavideniz.com.tr\/fr\/navires-bateaux\/navire-de-recuperation-et-dintervention-en-cas-de-deversement-dhydrocarbures\/navire-de-recuperation-des-deversements-dhydrocarbures-en-mer\/","title":{"rendered":"Navire de r\u00e9cup\u00e9ration des d\u00e9versements d&rsquo;hydrocarbures en mer"},"content":{"rendered":"\n<p>Mavi Deniz est un leader du march\u00e9\/le plus grand producteur mondial dans la conception et la fabrication de navires polyvalents de r\u00e9cup\u00e9ration de p\u00e9trole en mer.<\/p>\n<p>Mavi Deniz a d\u00e9velopp\u00e9 l&rsquo;unique Sea Barracuda, un navire polyvalent de r\u00e9cup\u00e9ration de p\u00e9trole en mer. Le navire polyvalent de r\u00e9cup\u00e9ration des d\u00e9versements d&rsquo;hydrocarbures en mer ( OSRV ) peut d\u00e9j\u00e0 \u00eatre fourni avec tout l&rsquo;\u00e9quipement n\u00e9cessaire pour mettre en oeuvre des op\u00e9rations efficaces et rapides de nettoyage des hydrocarbures en mer.<\/p>\n<p>Le OSRV polyvalent peut \u00eatre \u00e9quip\u00e9 de divers types d&rsquo;\u00e9quipements d&rsquo;intervention afin qu&rsquo;il puisse \u00eatre utilis\u00e9 dans de nombreuses applications diff\u00e9rentes, y compris le d\u00e9ploiement de la fl\u00e8che, la lutte contre l&rsquo;incendie, la manutention des ancres\/bou\u00e9es, le remorquage, les t\u00e2ches g\u00e9n\u00e9rales des bateaux de travail, la surveillance, la pulv\u00e9risation de dispersants, la r\u00e9cup\u00e9ration d&rsquo;huile, le stockage de d\u00e9chets huileux et l&rsquo;\u00e9limination de micro-polluants \u00e0 partir des zones maritimes en mer.<\/p>\n<p>Sea Barracuda ; Le navire de r\u00e9cup\u00e9ration de p\u00e9trole en mer recueille automatiquement les huiles de la mer avec ses syst\u00e8mes de bras de balayage rigides jusqu&rsquo;\u00e0 5 conditions d&rsquo;\u00e9tat de la mer. Ce navire de r\u00e9cup\u00e9ration de p\u00e9trole en mer con\u00e7u sp\u00e9cialement pour la r\u00e9cup\u00e9ration des hydrocarbures ne peut r\u00e9cup\u00e9rer les huiles \u00e0 partir de diesel l\u00e9ger que par des bruts tr\u00e8s visqueux ( 1 000 000 Cst ).<\/p>\n<p>L&rsquo;Organisation maritime internationale a annonc\u00e9 une strat\u00e9gie visant \u00e0 r\u00e9duire \u00e0 z\u00e9ro les \u00e9missions de gaz \u00e0 effet de serre (GES) d&rsquo;ici le d\u00e9but du si\u00e8cle ; la r\u00e9glementation du milieu marin a \u00e9t\u00e9 resserr\u00e9e partout dans le monde. La mise en oeuvre de zones de contr\u00f4le des \u00e9missions a commenc\u00e9 \u00e0 affecter les op\u00e9rations des navires. Mavi Deniz a lanc\u00e9 avec succ\u00e8s de nouvelles r\u00e9glementations de contr\u00f4le des \u00e9missions en d\u00e9veloppant des solutions bicarburant et des technologies d&rsquo;\u00e9nergie verte plus propres.<\/p>\n<p>Les options d&rsquo;\u00e9nergie verte de Mavi Deniz, le syst\u00e8me d&rsquo;\u00e9nergie solaire, le syst\u00e8me d&rsquo;alimentation par batterie, le syst\u00e8me de pile \u00e0 combustible \u00e0 hydrog\u00e8ne et le syst\u00e8me de GNL peuvent s&rsquo;int\u00e9grer enti\u00e8rement dans le navire de r\u00e9cup\u00e9ration de p\u00e9trole en mer, y compris l&rsquo;\u00e9quipement de pont et le syst\u00e8me de propulsion.<\/p>\n<p><strong>Options d&rsquo;\u00e9nergie verte pour le navire de r\u00e9cup\u00e9ration des d\u00e9versements de p\u00e9trole offshore<\/strong><\/p>\n<ul>\n<li>Propuls\u00e9 par le syst\u00e8me d&rsquo;\u00e9nergie solaire<\/li>\n<li>Aliment\u00e9 par un syst\u00e8me d&rsquo;alimentation par batterie<\/li>\n<li>Aliment\u00e9 par un syst\u00e8me de pile \u00e0 combustible \u00e0 hydrog\u00e8ne<\/li>\n<li>Aliment\u00e9 par un syst\u00e8me GPL<\/li>\n<\/ul>\n<p><strong>Caract\u00e9ristiques<\/strong><\/p>\n<ul>\n<li>Gr\u00e2ce \u00e0 son syst\u00e8me d&rsquo;\u00e9cumage rigide \u00e0 bras balayeurs, Sea Barracuda peut recueillir les d\u00e9versements de p\u00e9trole pour r\u00e9cup\u00e9rer les viscosit\u00e9s de tous les types de p\u00e9trole de la mer.\/li&gt;<\/li>\n<li>Taux de collecte des navires de r\u00e9cup\u00e9ration de p\u00e9trole en mer : 150 tonnes\/heure &#8211; 200 tonnes\/heure &#8211; 300 tonnes\/heure.<\/li>\n<li>Le syst\u00e8me de pulv\u00e9risation de dispersant s&rsquo;adapte pour appliquer l&rsquo;agent de dispersion chimique \u00e0 travers des bras articul\u00e9s mont\u00e9s sur les deux c\u00f4t\u00e9s.<\/li>\n<li>OSD ( Oil Spill Detection ) Syst\u00e8me de d\u00e9tection\/suivi des d\u00e9versements d&rsquo;hydrocarbures sur l&rsquo;eau.<\/li>\n<li>Le syst\u00e8me de chauffage thermique \u00e0 l&rsquo;huile s&rsquo;adapte sur la cuve pour chauffer les r\u00e9servoirs.<\/li>\n<li>Le navire de r\u00e9cup\u00e9ration des d\u00e9versements de p\u00e9trole en mer a une double coque et un double fond.<\/li>\n<li>Une bobine de fl\u00e8che en option peut \u00eatre utilis\u00e9e pour stocker et d\u00e9ployer des fl\u00e8ches de diff\u00e9rentes tailles, des moniteurs Fi-Fi 1 pour la lutte contre l&rsquo;incendie, une grue arri\u00e8re A-Frame pour les op\u00e9rations de manutention de bou\u00e9e, ou treuil de remorquage pour les t\u00e2ches de manutention d&rsquo;ancre.<\/li>\n<\/ul>\n<p>Les principaux objectifs du syst\u00e8me de d\u00e9tection des d\u00e9versements d&rsquo;hydrocarbures (OSD) sont de d\u00e9tecter les d\u00e9versements d&rsquo;hydrocarbures \u00e0 la surface de la mer et de suivre le d\u00e9versement d&rsquo;hydrocarbures au fil du temps. Le syst\u00e8me fournit de l&rsquo;aide \u00e0 ceux qui supervisent les champs de p\u00e9trole et \u00e0 ceux qui sont responsables des op\u00e9rations de nettoyage. Le syst\u00e8me OSD peut fonctionner dans l&rsquo;obscurit\u00e9 totale ou dans le brouillard 24 heures sur 24, ce qui permet des op\u00e9rations de r\u00e9cup\u00e9ration et d&rsquo;\u00e9cr\u00e9mage lorsque la visibilit\u00e9 est mauvaise. Capacit\u00e9 de d\u00e9tecter des d\u00e9versements d&rsquo;hydrocarbures d&rsquo;au moins 100 litres dans des conditions de vent et d&rsquo;\u00e9tat de la mer correspondant \u00e0 l&rsquo;\u00e9chelle 2-6 de Beaufort. Sea Barracuda a \u00e9t\u00e9 sp\u00e9cialement con\u00e7u pour fonctionner en haute mer ou dans des activit\u00e9s offshore. L&rsquo;OSRV poss\u00e8de d&rsquo;excellentes qualit\u00e9s en mer, ce qui permet au navire d&rsquo;atteindre le m\u00eame niveau \u00e9lev\u00e9 de performance en eaux libres. Un soin particulier a \u00e9t\u00e9 apport\u00e9 \u00e0 la conception d&rsquo;une coque \u00e0 voile lisse pour \u00e9viter que les points d&rsquo;huile \u00e0 la surface de la mer ne soient perturb\u00e9s par la houle et le sillage du navire.<\/p>\n<p><strong>Les navires de r\u00e9cup\u00e9ration des mar\u00e9es noires de Mavi Deniz sont utilis\u00e9s dans le monde entier.<\/strong><\/p>\n<div class=\"wptm_table tablesorter-bootstrap \" data-id=\"77\" data-hightlight=\"0\"><div class=\"wptm_buttons buttons_wptmTbl77\"><\/div><div class=\"wptmresponsive dataTables-wptmtable wptmtable \" id=\"wptmtable77\" data-tableid=\"wptmTbl77\"><table data-count-header=\"1\"  data-format-decimal_count=\"0\" data-format-decimal_symbol=\".\" data-format-symbol_position=\"0\" data-format-thousand_symbol=\",\"  data-format-currency_symbol=\"$\"  data-name-style=\"77_1759810846.css\" data-format=\"YYYY-MM-DD\" id=\"wptmTbl77\" data-id=\"77\" data-responsive=\"false\" data-hideCols=\"false\"  data-type=\"html\" data-paging=\"false\" data-searching=\"true\"  data-ordering=\"false\" data-table-breakpoint=\"980\" data-scroll-x=\"true\" data-scroll-collapse=\"true\" data-align=\"center\" data-range=\"[]\" data-hideColumn=\"[0,0,0,0]\"  data-colwidths=\"[285,285,285,285]\"  data-colwidths_desktop=[]  data-colwidths_tablet=[]  data-colwidths_mobile=[]  class=\"wptm_main_table  disablePager hideScrollHeader\"><colgroup><col data-dtr=\"0\" data-dtc=\"0\" class=\"dtc0\"><col data-dtr=\"0\" data-dtc=\"1\" class=\"dtc1\"><col data-dtr=\"0\" data-dtc=\"2\" class=\"dtc2\"><col data-dtr=\"0\" data-dtc=\"3\" class=\"dtc3\"><\/colgroup><thead><tr class=\"wptm-header-cells-index\"><th rowspan=\"1\" colspan=\"1\" data-dtr=\"0\" data-dtc=\"0\" class=\"dtr0 dtc0\"><\/th><th rowspan=\"1\" colspan=\"1\" data-dtr=\"0\" data-dtc=\"1\" class=\"dtr0 dtc1\"><\/th><th rowspan=\"1\" colspan=\"1\" data-dtr=\"0\" data-dtc=\"2\" class=\"dtr0 dtc2\"><\/th><th rowspan=\"1\" colspan=\"1\" data-dtr=\"0\" data-dtc=\"3\" class=\"dtr0 dtc3\"><\/th><\/tr><tr class=\" row0\"><th   data-priority=\"0\" class=\"dtr0 dtc0\"><\/th><th   data-priority=\"0\" class=\"dtr0 dtc1\">SEA BARRACUDA 40<\/th><th   data-priority=\"0\" class=\"dtr0 dtc2\">SEA BARRACUDA 50<\/th><th   data-priority=\"0\" class=\"dtr0 dtc3\">SEA BARRACUDA 60<\/th><\/thead><tbody><tr class=\" row1\"><td    class=\"dtr1 dtc0\"><\/td><td    class=\"dtr1 dtc1\"><\/td><td    class=\"dtr1 dtc2\"><\/td><td    class=\"dtr1 dtc3\"><\/td><\/tr><tr class=\" row2\"><td  colspan=\"4\"   class=\"dtr2 dtc0\">Dimensions<\/td><td  style=\"display: none\"   class=\"dtr2 dtc1\"><\/td><td  style=\"display: none\"   class=\"dtr2 dtc2\"><\/td><td  style=\"display: none\"   class=\"dtr2 dtc3\"><\/td><\/tr><tr class=\" row3\"><td    class=\"dtr3 dtc0\">Length<\/td><td    class=\"dtr3 dtc1\">40 m<\/td><td    class=\"dtr3 dtc2\">50 m<\/td><td    class=\"dtr3 dtc3\">60 m<\/td><\/tr><tr class=\" row4\"><td    class=\"dtr4 dtc0\">Beam<\/td><td    class=\"dtr4 dtc1\">12 m<\/td><td    class=\"dtr4 dtc2\">12 m<\/td><td    class=\"dtr4 dtc3\">15 m<\/td><\/tr><tr class=\" row5\"><td    class=\"dtr5 dtc0\">Draft<\/td><td    class=\"dtr5 dtc1\">5.0 m<\/td><td    class=\"dtr5 dtc2\">5.5 m<\/td><td    class=\"dtr5 dtc3\">5.5 m<\/td><\/tr><tr class=\" row6\"><td    class=\"dtr6 dtc0\"><\/td><td    class=\"dtr6 dtc1\"><\/td><td    class=\"dtr6 dtc2\"><\/td><td    class=\"dtr6 dtc3\"><\/td><\/tr><tr class=\" row7\"><td  colspan=\"4\"   class=\"dtr7 dtc0\">General<\/td><td  style=\"display: none\"   class=\"dtr7 dtc1\"><\/td><td  style=\"display: none\"   class=\"dtr7 dtc2\"><\/td><td  style=\"display: none\"   class=\"dtr7 dtc3\"><\/td><\/tr><tr class=\" row8\"><td    class=\"dtr8 dtc0\">Purpose Of Vessel<\/td><td  colspan=\"3\"   class=\"dtr8 dtc1\">Oil Spill Recovery + Oil Spill Response + Optional ( Buoy Laying + Fire Fighting +  Hydrographic Survey + Wreck Marking + Towing + Supply Vessel )  <\/td><td  style=\"display: none\"   class=\"dtr8 dtc2\"><\/td><td  style=\"display: none\"   class=\"dtr8 dtc3\"><\/td><\/tr><tr class=\" row9\"><td    class=\"dtr9 dtc0\">Material (Superstructure  + Hull)<\/td><td  colspan=\"3\"   class=\"dtr9 dtc1\">Steel ( Standard ) or Aluminium ( Optional )<\/td><td  style=\"display: none\"   class=\"dtr9 dtc2\"><\/td><td  style=\"display: none\"   class=\"dtr9 dtc3\"><\/td><\/tr><tr class=\" row10\"><td    class=\"dtr10 dtc0\">Hull Type<\/td><td  colspan=\"3\"   class=\"dtr10 dtc1\">Mono Hull ( Standard ) or Catamaran ( Optional ) | Ice Class (Optional)<\/td><td  style=\"display: none\"   class=\"dtr10 dtc2\"><\/td><td  style=\"display: none\"   class=\"dtr10 dtc3\"><\/td><\/tr><tr class=\" row11\"><td    class=\"dtr11 dtc0\">Classification<\/td><td  colspan=\"3\"   class=\"dtr11 dtc1\">B.V. Or Equivalent<\/td><td  style=\"display: none\"   class=\"dtr11 dtc2\"><\/td><td  style=\"display: none\"   class=\"dtr11 dtc3\"><\/td><\/tr><tr class=\" row12\"><td    class=\"dtr12 dtc0\"><\/td><td    class=\"dtr12 dtc1\"><\/td><td    class=\"dtr12 dtc2\"><\/td><td    class=\"dtr12 dtc3\"><\/td><\/tr><tr class=\" row13\"><td  colspan=\"4\"   class=\"dtr13 dtc0\">Tank Capacity<\/td><td  style=\"display: none\"   class=\"dtr13 dtc1\"><\/td><td  style=\"display: none\"   class=\"dtr13 dtc2\"><\/td><td  style=\"display: none\"   class=\"dtr13 dtc3\"><\/td><\/tr><tr class=\" row14\"><td    class=\"dtr14 dtc0\">Recovered Oil Tank<\/td><td    class=\"dtr14 dtc1\">250 m\u00b3<\/td><td    class=\"dtr14 dtc2\">400 m\u00b3<\/td><td    class=\"dtr14 dtc3\">800 m\u00b3<\/td><\/tr><tr class=\" row15\"><td    class=\"dtr15 dtc0\">Fresh Water Tank<\/td><td    class=\"dtr15 dtc1\">100 m\u00b3<\/td><td    class=\"dtr15 dtc2\">200 m\u00b3<\/td><td    class=\"dtr15 dtc3\">400 m\u00b3<\/td><\/tr><tr class=\" row16\"><td    class=\"dtr16 dtc0\">F\/O Tank<\/td><td    class=\"dtr16 dtc1\">100 m\u00b3<\/td><td    class=\"dtr16 dtc2\">200 m\u00b3<\/td><td    class=\"dtr16 dtc3\">500 m\u00b3<\/td><\/tr><tr class=\" row17\"><td    class=\"dtr17 dtc0\"><\/td><td    class=\"dtr17 dtc1\"><\/td><td    class=\"dtr17 dtc2\"><\/td><td    class=\"dtr17 dtc3\"><\/td><\/tr><tr class=\" row18\"><td  colspan=\"4\"   class=\"dtr18 dtc0\">Power and Propulsion<\/td><td  style=\"display: none\"   class=\"dtr18 dtc1\"><\/td><td  style=\"display: none\"   class=\"dtr18 dtc2\"><\/td><td  style=\"display: none\"   class=\"dtr18 dtc3\"><\/td><\/tr><tr class=\" row19\"><td    class=\"dtr19 dtc0\">Propulsion<\/td><td  colspan=\"3\"   class=\"dtr19 dtc1\">Fixed Pitch ( Standard ) | Azimuth Thruster ( Optional )<\/td><td  style=\"display: none\"   class=\"dtr19 dtc2\"><\/td><td  style=\"display: none\"   class=\"dtr19 dtc3\"><\/td><\/tr><tr class=\" row20\"><td    class=\"dtr20 dtc0\">Power<\/td><td  colspan=\"3\"   class=\"dtr20 dtc1\">Diesel ( Standard )<\/td><td  style=\"display: none\"   class=\"dtr20 dtc2\"><\/td><td  style=\"display: none\"   class=\"dtr20 dtc3\"><\/td><\/tr><tr class=\" row21\"><td    class=\"dtr21 dtc0\">Green Power<\/td><td  colspan=\"3\"   class=\"dtr21 dtc1\">Battery ( Optional ) | Hydroen Fuel Cell (Optional) | Solar Energy (Optional) | LNG System (Optional)<\/td><td  style=\"display: none\"   class=\"dtr21 dtc2\"><\/td><td  style=\"display: none\"   class=\"dtr21 dtc3\"><\/td><\/tr><tr class=\" row22\"><td    class=\"dtr22 dtc0\">Engine<\/td><td    class=\"dtr22 dtc1\">2 x 970 Kw<\/td><td    class=\"dtr22 dtc2\">2 x 1170 Kw<\/td><td    class=\"dtr22 dtc3\">2 x 1700 Kw<\/td><\/tr><tr class=\" row23\"><td    class=\"dtr23 dtc0\">Thruster ( Bow - Stern )<\/td><td    class=\"dtr23 dtc1\">Bow (1 x 100 Kw) - Optional (Stern)<\/td><td    class=\"dtr23 dtc2\">Bow (1 x 100 Kw) - Optional (Stern)<\/td><td    class=\"dtr23 dtc3\">Bow (1 x 100 Kw) - Optional (Stern)<\/td><\/tr><tr class=\" row24\"><td    class=\"dtr24 dtc0\">Speed<\/td><td    class=\"dtr24 dtc1\">12 knots<\/td><td    class=\"dtr24 dtc2\">13 knots<\/td><td    class=\"dtr24 dtc3\">14 knots<\/td><\/tr><tr class=\" row25\"><td    class=\"dtr25 dtc0\"><\/td><td    class=\"dtr25 dtc1\"><\/td><td    class=\"dtr25 dtc2\"><\/td><td    class=\"dtr25 dtc3\"><\/td><\/tr><tr class=\" row26\"><td  colspan=\"4\"   class=\"dtr26 dtc0\">Oil Pollution Recovery System<\/td><td  style=\"display: none\"   class=\"dtr26 dtc1\"><\/td><td  style=\"display: none\"   class=\"dtr26 dtc2\"><\/td><td  style=\"display: none\"   class=\"dtr26 dtc3\"><\/td><\/tr><tr class=\" row27\"><td    class=\"dtr27 dtc0\">Oil Recovery Rate<\/td><td    class=\"dtr27 dtc1\">2 x 100 m\u00b3 \/ hr<\/td><td    class=\"dtr27 dtc2\">2 x 200 m\u00b3 \/ hr<\/td><td    class=\"dtr27 dtc3\">2 x 300 m\u00b3 \/ hr<\/td><\/tr><tr class=\" row28\"><td    class=\"dtr28 dtc0\">Type of Oil Skimmer<\/td><td  colspan=\"3\"   class=\"dtr28 dtc1\">Sweeping Arm or Side Collector or  Multi Skimmer<\/td><td  style=\"display: none\"   class=\"dtr28 dtc2\"><\/td><td  style=\"display: none\"   class=\"dtr28 dtc3\"><\/td><\/tr><tr class=\" row29\"><td    class=\"dtr29 dtc0\">Offloading  Pump<\/td><td    class=\"dtr29 dtc1\">200 m3 - pending on viscosity<\/td><td    class=\"dtr29 dtc2\">200 m3 - pending on viscosity<\/td><td    class=\"dtr29 dtc3\">200 m3 - pending on viscosity<\/td><\/tr><tr class=\" row30\"><td    class=\"dtr30 dtc0\">Oil Collection Speed<\/td><td    class=\"dtr30 dtc1\">0 - 4 knots<\/td><td    class=\"dtr30 dtc2\">0 - 4 knots<\/td><td    class=\"dtr30 dtc3\">0 - 4 knots<\/td><\/tr><tr class=\" row31\"><td    class=\"dtr31 dtc0\">Oil Spill Detection System<\/td><td    class=\"dtr31 dtc1\">1 - 4 miles radius<\/td><td    class=\"dtr31 dtc2\">1 - 4 miles radius<\/td><td    class=\"dtr31 dtc3\">1 - 4 miles radius<\/td><\/tr><tr class=\" row32\"><td    class=\"dtr32 dtc0\">Infrared Camera<\/td><td  colspan=\"3\"   class=\"dtr32 dtc1\">Infrared Tracking Camera<\/td><td  style=\"display: none\"   class=\"dtr32 dtc2\"><\/td><td  style=\"display: none\"   class=\"dtr32 dtc3\"><\/td><\/tr><tr class=\" row33\"><td    class=\"dtr33 dtc0\">Workboat<\/td><td    class=\"dtr33 dtc1\">1 x 6 m Work Boat<\/td><td    class=\"dtr33 dtc2\">1 x 6 m Work Boat<\/td><td    class=\"dtr33 dtc3\">1 x 9 m Work Boat<\/td><\/tr><tr class=\" row34\"><td    class=\"dtr34 dtc0\">Inflatable Boom<\/td><td    class=\"dtr34 dtc1\">1 x 600 m Hydraulic Reel System<\/td><td    class=\"dtr34 dtc2\">1 x 600 m Hydraulic Reel System<\/td><td    class=\"dtr34 dtc3\">1 x 600 m Hydraulic Reel System<\/td><\/tr><tr class=\" row35\"><td    class=\"dtr35 dtc0\">Dispersant Spray System<\/td><td    class=\"dtr35 dtc1\">MaviSpray - 100 lt\/min<\/td><td    class=\"dtr35 dtc2\">MaviSpray - 100 lt\/min<\/td><td    class=\"dtr35 dtc3\">MaviSpray - 100 lt\/min<\/td><\/tr><tr class=\" row36\"><td    class=\"dtr36 dtc0\"><\/td><td    class=\"dtr36 dtc1\"><\/td><td    class=\"dtr36 dtc2\"><\/td><td    class=\"dtr36 dtc3\"><\/td><\/tr><tr class=\" row37\"><td  colspan=\"4\"   class=\"dtr37 dtc0\">Auxiliary Equipment<\/td><td  style=\"display: none\"   class=\"dtr37 dtc1\"><\/td><td  style=\"display: none\"   class=\"dtr37 dtc2\"><\/td><td  style=\"display: none\"   class=\"dtr37 dtc3\"><\/td><\/tr><tr class=\" row38\"><td    class=\"dtr38 dtc0\">Sewage Treatment Plant<\/td><td    class=\"dtr38 dtc1\">25 liters\/hr<\/td><td    class=\"dtr38 dtc2\">50 liters\/hr<\/td><td    class=\"dtr38 dtc3\">100 liters\/hr<\/td><\/tr><tr class=\" row39\"><td    class=\"dtr39 dtc0\">Oily Water Separator<\/td><td    class=\"dtr39 dtc1\">1 x 0.5 m\u00b3\/hr<\/td><td    class=\"dtr39 dtc2\">1 x 1.0 m\u00b3\/hr<\/td><td    class=\"dtr39 dtc3\">1 x 1.5 m\u00b3\/hr<\/td><\/tr><tr class=\" row40\"><td    class=\"dtr40 dtc0\">Generator Sets<\/td><td    class=\"dtr40 dtc1\">2 x 150 Kw<\/td><td    class=\"dtr40 dtc2\">3 x 200 Kw<\/td><td    class=\"dtr40 dtc3\">3 x 280 Kw<\/td><\/tr><tr class=\" row41\"><td    class=\"dtr41 dtc0\"><\/td><td    class=\"dtr41 dtc1\"><\/td><td    class=\"dtr41 dtc2\"><\/td><td    class=\"dtr41 dtc3\"><\/td><\/tr><tr class=\" row42\"><td  colspan=\"4\"   class=\"dtr42 dtc0\">Electronic and Navigation<\/td><td  style=\"display: none\"   class=\"dtr42 dtc1\"><\/td><td  style=\"display: none\"   class=\"dtr42 dtc2\"><\/td><td  style=\"display: none\"   class=\"dtr42 dtc3\"><\/td><\/tr><tr class=\" row43\"><td    class=\"dtr43 dtc0\">Standard<\/td><td  colspan=\"3\"   class=\"dtr43 dtc1\">GMDSS Sea Area A3, GPS, Echo Sounder, Compass, VHF. Navigational Safety Lights, Autopilot, Radar, Internet Access (all cabins), Intercom<\/td><td  style=\"display: none\"   class=\"dtr43 dtc2\"><\/td><td  style=\"display: none\"   class=\"dtr43 dtc3\"><\/td><\/tr><tr class=\" row44\"><td    class=\"dtr44 dtc0\">Optional<\/td><td  colspan=\"3\"   class=\"dtr44 dtc1\">Hydrographic Survey System ( Multi beam echo sounder , Single beam echo sounder, hull mounted sonar ) \/ Dynamic Position System ( DP 1 - DP 2 ) \/ Search Light<\/td><td  style=\"display: none\"   class=\"dtr44 dtc2\"><\/td><td  style=\"display: none\"   class=\"dtr44 dtc3\"><\/td><\/tr><tr class=\" row45\"><td    class=\"dtr45 dtc0\"><\/td><td    class=\"dtr45 dtc1\"><\/td><td    class=\"dtr45 dtc2\"><\/td><td    class=\"dtr45 dtc3\"><\/td><\/tr><tr class=\" row46\"><td  colspan=\"4\"   class=\"dtr46 dtc0\">Deck System<\/td><td  style=\"display: none\"   class=\"dtr46 dtc1\"><\/td><td  style=\"display: none\"   class=\"dtr46 dtc2\"><\/td><td  style=\"display: none\"   class=\"dtr46 dtc3\"><\/td><\/tr><tr class=\" row47\"><td    class=\"dtr47 dtc0\">Crane<\/td><td  colspan=\"3\"   class=\"dtr47 dtc1\">Hydraulic Foldable Knuckle Crane - Up to 5 tons @ 8m  | ( A- Frame up to 20 tons ) Optional<\/td><td  style=\"display: none\"   class=\"dtr47 dtc2\"><\/td><td  style=\"display: none\"   class=\"dtr47 dtc3\"><\/td><\/tr><tr class=\" row48\"><td    class=\"dtr48 dtc0\">Rescue Device<\/td><td  colspan=\"3\"   class=\"dtr48 dtc1\">1 x Rescue Boat<\/td><td  style=\"display: none\"   class=\"dtr48 dtc2\"><\/td><td  style=\"display: none\"   class=\"dtr48 dtc3\"><\/td><\/tr><tr class=\" row49\"><td    class=\"dtr49 dtc0\">Anchor Windlasses<\/td><td    class=\"dtr49 dtc1\">1x High Holding Power<\/td><td    class=\"dtr49 dtc2\">2 x High Holding Power<\/td><td    class=\"dtr49 dtc3\">2 x High Holding Power<\/td><\/tr><tr class=\" row50\"><td    class=\"dtr50 dtc0\">Optional<\/td><td  colspan=\"3\"   class=\"dtr50 dtc1\">Towing Winch \/ Hydrographic Equipment \/ Diving Equipments \/ Fire Fighting Equipment (Up to 600 m3\/h monitor) \/ Helideck<\/td><td  style=\"display: none\"   class=\"dtr50 dtc2\"><\/td><td  style=\"display: none\"   class=\"dtr50 dtc3\"><\/td><\/tr><tr class=\" row51\"><td    class=\"dtr51 dtc0\"><\/td><td    class=\"dtr51 dtc1\"><\/td><td    class=\"dtr51 dtc2\"><\/td><td    class=\"dtr51 dtc3\"><\/td><\/tr><tr class=\" row52\"><td  colspan=\"4\"   class=\"dtr52 dtc0\">Accommodation<\/td><td  style=\"display: none\"   class=\"dtr52 dtc1\"><\/td><td  style=\"display: none\"   class=\"dtr52 dtc2\"><\/td><td  style=\"display: none\"   class=\"dtr52 dtc3\"><\/td><\/tr><tr class=\" row53\"><td    class=\"dtr53 dtc0\">Optional<\/td><td  colspan=\"3\"   class=\"dtr53 dtc1\">Upto 30 Persons - WC \/ Changing Room \/ Mess Room \/ Spare Berths \/ Private Sanitary Facilities \/ Lounges \/ Conferance Room \/ Office \/ Gymnasium<\/td><td  style=\"display: none\"   class=\"dtr53 dtc2\"><\/td><td  style=\"display: none\"   class=\"dtr53 dtc3\"><\/td><\/tr><\/tbody><tfoot><tr><td class=\"dtr53 dtc0\" style=\"height: 0;\"><\/td><td class=\"dtr53 dtc1\" style=\"height: 0;\"><\/td><td class=\"dtr53 dtc2\" style=\"height: 0;\"><\/td><td class=\"dtr53 dtc3\" style=\"height: 0;\"><\/td><\/tr><\/tfoot><\/table><\/div><style>#wptmtable77 .dataTables_wrapper > .dataTables_scroll {max-height:2000px;overflow: auto;}<\/style><script>window.wptm_ajaxurl = 'https:\/\/mavideniz.com.tr\/wp-admin\/admin-ajax.php?juwpfisadmin=false&action=Wptm&'; window.wptm_front = 'https:\/\/mavideniz.com.tr\/wp-content\/plugins\/wp-table-manager\/app\/site\/assets\/'; window.wptm_style = 'https:\/\/mavideniz.com.tr\/wp-content\/uploads\/wptm\/';<\/script><\/div><style><\/style>\n","protected":false},"excerpt":{"rendered":"<p>Mavi Deniz est un leader du march\u00e9\/le plus grand producteur mondial dans la conception et la fabrication de navires polyvalents [&hellip;]<\/p>\n","protected":false},"author":1,"featured_media":0,"parent":41223,"menu_order":0,"comment_status":"closed","ping_status":"closed","template":"","meta":{"site-sidebar-layout":"default","site-content-layout":"","ast-site-content-layout":"default","site-content-style":"default","site-sidebar-style":"default","ast-global-header-display":"","ast-banner-title-visibility":"","ast-main-header-display":"","ast-hfb-above-header-display":"","ast-hfb-below-header-display":"","ast-hfb-mobile-header-display":"","site-post-title":"","ast-breadcrumbs-content":"","ast-featured-img":"","footer-sml-layout":"","ast-disable-related-posts":"","theme-transparent-header-meta":"","adv-header-id-meta":"","stick-header-meta":"","header-above-stick-meta":"","header-main-stick-meta":"","header-below-stick-meta":"","astra-migrate-meta-layouts":"default","ast-page-background-enabled":"default","ast-page-background-meta":{"desktop":{"background-color":"var(--ast-global-color-5)","background-image":"","background-repeat":"repeat","background-position":"center center","background-size":"auto","background-attachment":"scroll","background-type":"","background-media":"","overlay-type":"","overlay-color":"","overlay-opacity":"","overlay-gradient":""},"tablet":{"background-color":"","background-image":"","background-repeat":"repeat","background-position":"center center","background-size":"auto","background-attachment":"scroll","background-type":"","background-media":"","overlay-type":"","overlay-color":"","overlay-opacity":"","overlay-gradient":""},"mobile":{"background-color":"","background-image":"","background-repeat":"repeat","background-position":"center center","background-size":"auto","background-attachment":"scroll","background-type":"","background-media":"","overlay-type":"","overlay-color":"","overlay-opacity":"","overlay-gradient":""}},"ast-content-background-meta":{"desktop":{"background-color":"var(--ast-global-color-4)","background-image":"","background-repeat":"repeat","background-position":"center center","background-size":"auto","background-attachment":"scroll","background-type":"","background-media":"","overlay-type":"","overlay-color":"","overlay-opacity":"","overlay-gradient":""},"tablet":{"background-color":"var(--ast-global-color-4)","background-image":"","background-repeat":"repeat","background-position":"center center","background-size":"auto","background-attachment":"scroll","background-type":"","background-media":"","overlay-type":"","overlay-color":"","overlay-opacity":"","overlay-gradient":""},"mobile":{"background-color":"var(--ast-global-color-4)","background-image":"","background-repeat":"repeat","background-position":"center center","background-size":"auto","background-attachment":"scroll","background-type":"","background-media":"","overlay-type":"","overlay-color":"","overlay-opacity":"","overlay-gradient":""}},"footnotes":""},"class_list":["post-41238","page","type-page","status-publish","hentry"],"_links":{"self":[{"href":"https:\/\/mavideniz.com.tr\/fr\/wp-json\/wp\/v2\/pages\/41238","targetHints":{"allow":["GET"]}}],"collection":[{"href":"https:\/\/mavideniz.com.tr\/fr\/wp-json\/wp\/v2\/pages"}],"about":[{"href":"https:\/\/mavideniz.com.tr\/fr\/wp-json\/wp\/v2\/types\/page"}],"author":[{"embeddable":true,"href":"https:\/\/mavideniz.com.tr\/fr\/wp-json\/wp\/v2\/users\/1"}],"replies":[{"embeddable":true,"href":"https:\/\/mavideniz.com.tr\/fr\/wp-json\/wp\/v2\/comments?post=41238"}],"version-history":[{"count":0,"href":"https:\/\/mavideniz.com.tr\/fr\/wp-json\/wp\/v2\/pages\/41238\/revisions"}],"up":[{"embeddable":true,"href":"https:\/\/mavideniz.com.tr\/fr\/wp-json\/wp\/v2\/pages\/41223"}],"wp:attachment":[{"href":"https:\/\/mavideniz.com.tr\/fr\/wp-json\/wp\/v2\/media?parent=41238"}],"curies":[{"name":"wp","href":"https:\/\/api.w.org\/{rel}","templated":true}]}}