{"id":41253,"date":"2022-10-23T21:20:29","date_gmt":"2022-10-23T21:20:29","guid":{"rendered":"https:\/\/mavideniz.com.tr\/?page_id=41253"},"modified":"2022-10-23T21:20:31","modified_gmt":"2022-10-23T21:20:31","slug":"bateau-de-lutte-contre-la-pollution","status":"publish","type":"page","link":"https:\/\/mavideniz.com.tr\/fr\/navires-bateaux\/navire-de-recuperation-et-dintervention-en-cas-de-deversement-dhydrocarbures\/bateau-de-lutte-contre-la-pollution\/","title":{"rendered":"Bateau de lutte contre la pollution"},"content":{"rendered":"\n<p>Pollution Response Boat est con\u00e7u pour fournir des services de lutte contre la pollution en nettoyant les ports, les rivi\u00e8res, les zones portuaires et les eaux c\u00f4ti\u00e8res, s\u00e9rie int\u00e9gr\u00e9e de conceptions et d&rsquo;\u00e9quipements standard fiables et \u00e9prouv\u00e9s avec des composants et de l&rsquo;\u00e9quipement standardis\u00e9s de haute qualit\u00e9.<\/p>\n<p>Pollution Response Boat ouvre les portes de l&rsquo;\u00e9trave L&rsquo;eau est canalis\u00e9e dans l&rsquo;\u00e9trave par un effet de vide pour le mode balayage. L&rsquo;eau de mer pollu\u00e9e par les hydrocarbures a \u00e9t\u00e9 nettoy\u00e9e et s\u00e9par\u00e9e automatiquement.<\/p>\n<p>L&rsquo;Organisation maritime internationale a annonc\u00e9 une strat\u00e9gie visant \u00e0 r\u00e9duire \u00e0 z\u00e9ro les \u00e9missions de gaz \u00e0 effet de serre (GES) d&rsquo;ici le d\u00e9but du si\u00e8cle ; la r\u00e9glementation du milieu marin a \u00e9t\u00e9 resserr\u00e9e partout dans le monde. La mise en oeuvre de zones de contr\u00f4le des \u00e9missions a commenc\u00e9 \u00e0 affecter les op\u00e9rations des navires. Mavi Deniz a lanc\u00e9 avec succ\u00e8s de nouvelles r\u00e9glementations de contr\u00f4le des \u00e9missions en d\u00e9veloppant des solutions bicarburant et des technologies d&rsquo;\u00e9nergie verte plus propres. Les options d&rsquo;\u00e9nergie verte de Mavi Deniz : syst\u00e8me d&rsquo;\u00e9nergie solaire, syst\u00e8me d&rsquo;alimentation par batterie, syst\u00e8me de pile \u00e0 combustible \u00e0 hydrog\u00e8ne et syst\u00e8me de GPL peuvent s&rsquo;int\u00e9grer enti\u00e8rement dans le navire d&rsquo;intervention contre la pollution, y compris l&rsquo;\u00e9quipement de pont et le syst\u00e8me de propulsion.<\/p>\n<p><strong>Options d&rsquo;\u00e9nergie verte des navires d&rsquo;intervention<\/strong><\/p>\n<ul>\n<li>Propuls\u00e9 par le syst\u00e8me d&rsquo;\u00e9nergie solaire<\/li>\n<li>Aliment\u00e9 par un syst\u00e8me d&rsquo;alimentation par batterie<\/li>\n<li>Aliment\u00e9 par un syst\u00e8me de pile \u00e0 combustible \u00e0 hydrog\u00e8ne<\/li>\n<li>Aliment\u00e9 par un syst\u00e8me GPL<\/li>\n<\/ul>\n<p><strong>Caract\u00e9ristiques<\/strong><\/p>\n<ul>\n<li>Le navire est bas\u00e9 sur une coque robuste en acier monocoque\/catamaran, et la cabine est en aluminium facultativement.<\/li>\n<li>Excellente manoeuvrabilit\u00e9.<\/li>\n<li>Haute Efficace Excellent Tirant d&rsquo;eau peu profond.<\/li>\n<li>Excellente stabilit\u00e9.<\/li>\n<li>Moteurs simples ou doubles.<\/li>\n<li>Grue hydraulique.<\/li>\n<li>R\u00e9cup\u00e9ration des d\u00e9versements de p\u00e9trole<\/li>\n<li>Pulv\u00e9risation de dispersant<\/li>\n<li>Pose des estacades p\u00e9troli\u00e8res<\/li>\n<li>Lutte contre l&rsquo;incendie<\/li>\n<li>Stocke les d\u00e9chets solides, flottants et semi-immerg\u00e9s<\/li>\n<li>Stocke les d\u00e9chets et liquides d&rsquo;huile<\/li>\n<li>Les conceptions personnalis\u00e9es peuvent \u00eatre faites rapidement et \u00e9conomiquement sur Sea Piranha.<\/li>\n<\/ul>\n\n","protected":false},"excerpt":{"rendered":"<p>Pollution Response Boat est con\u00e7u pour fournir des services de lutte contre la pollution en nettoyant les ports, les rivi\u00e8res, [&hellip;]<\/p>\n","protected":false},"author":1,"featured_media":0,"parent":41223,"menu_order":0,"comment_status":"closed","ping_status":"closed","template":"","meta":{"site-sidebar-layout":"default","site-content-layout":"","ast-site-content-layout":"default","site-content-style":"default","site-sidebar-style":"default","ast-global-header-display":"","ast-banner-title-visibility":"","ast-main-header-display":"","ast-hfb-above-header-display":"","ast-hfb-below-header-display":"","ast-hfb-mobile-header-display":"","site-post-title":"","ast-breadcrumbs-content":"","ast-featured-img":"","footer-sml-layout":"","ast-disable-related-posts":"","theme-transparent-header-meta":"","adv-header-id-meta":"","stick-header-meta":"","header-above-stick-meta":"","header-main-stick-meta":"","header-below-stick-meta":"","astra-migrate-meta-layouts":"default","ast-page-background-enabled":"default","ast-page-background-meta":{"desktop":{"background-color":"var(--ast-global-color-5)","background-image":"","background-repeat":"repeat","background-position":"center center","background-size":"auto","background-attachment":"scroll","background-type":"","background-media":"","overlay-type":"","overlay-color":"","overlay-opacity":"","overlay-gradient":""},"tablet":{"background-color":"","background-image":"","background-repeat":"repeat","background-position":"center center","background-size":"auto","background-attachment":"scroll","background-type":"","background-media":"","overlay-type":"","overlay-color":"","overlay-opacity":"","overlay-gradient":""},"mobile":{"background-color":"","background-image":"","background-repeat":"repeat","background-position":"center center","background-size":"auto","background-attachment":"scroll","background-type":"","background-media":"","overlay-type":"","overlay-color":"","overlay-opacity":"","overlay-gradient":""}},"ast-content-background-meta":{"desktop":{"background-color":"var(--ast-global-color-4)","background-image":"","background-repeat":"repeat","background-position":"center center","background-size":"auto","background-attachment":"scroll","background-type":"","background-media":"","overlay-type":"","overlay-color":"","overlay-opacity":"","overlay-gradient":""},"tablet":{"background-color":"var(--ast-global-color-4)","background-image":"","background-repeat":"repeat","background-position":"center center","background-size":"auto","background-attachment":"scroll","background-type":"","background-media":"","overlay-type":"","overlay-color":"","overlay-opacity":"","overlay-gradient":""},"mobile":{"background-color":"var(--ast-global-color-4)","background-image":"","background-repeat":"repeat","background-position":"center center","background-size":"auto","background-attachment":"scroll","background-type":"","background-media":"","overlay-type":"","overlay-color":"","overlay-opacity":"","overlay-gradient":""}},"footnotes":""},"class_list":["post-41253","page","type-page","status-publish","hentry"],"_links":{"self":[{"href":"https:\/\/mavideniz.com.tr\/fr\/wp-json\/wp\/v2\/pages\/41253","targetHints":{"allow":["GET"]}}],"collection":[{"href":"https:\/\/mavideniz.com.tr\/fr\/wp-json\/wp\/v2\/pages"}],"about":[{"href":"https:\/\/mavideniz.com.tr\/fr\/wp-json\/wp\/v2\/types\/page"}],"author":[{"embeddable":true,"href":"https:\/\/mavideniz.com.tr\/fr\/wp-json\/wp\/v2\/users\/1"}],"replies":[{"embeddable":true,"href":"https:\/\/mavideniz.com.tr\/fr\/wp-json\/wp\/v2\/comments?post=41253"}],"version-history":[{"count":0,"href":"https:\/\/mavideniz.com.tr\/fr\/wp-json\/wp\/v2\/pages\/41253\/revisions"}],"up":[{"embeddable":true,"href":"https:\/\/mavideniz.com.tr\/fr\/wp-json\/wp\/v2\/pages\/41223"}],"wp:attachment":[{"href":"https:\/\/mavideniz.com.tr\/fr\/wp-json\/wp\/v2\/media?parent=41253"}],"curies":[{"name":"wp","href":"https:\/\/api.w.org\/{rel}","templated":true}]}}