{"id":41257,"date":"2022-10-23T21:26:55","date_gmt":"2022-10-23T21:26:55","guid":{"rendered":"https:\/\/mavideniz.com.tr\/?page_id=41257"},"modified":"2022-10-23T21:26:58","modified_gmt":"2022-10-23T21:26:58","slug":"dechargement-des-dechets-du-navire-barge-dintervention-en-cas-de-deversement","status":"publish","type":"page","link":"https:\/\/mavideniz.com.tr\/fr\/navires-bateaux\/navire-de-recuperation-et-dintervention-en-cas-de-deversement-dhydrocarbures\/dechargement-des-dechets-du-navire-barge-dintervention-en-cas-de-deversement\/","title":{"rendered":"D\u00e9chargement des d\u00e9chets du navire + Barge d&rsquo;intervention en cas de d\u00e9versement"},"content":{"rendered":"\n<p>La barge de d\u00e9chargement et d&rsquo;intervention en cas de d\u00e9versement est une barge non automotrice de stockage et de transport de p\u00e9trole construite pour le transport et l&rsquo;\u00e9limination des boues d\u00e9pos\u00e9es ou des op\u00e9rations de d\u00e9versement d&rsquo;hydrocarbures. Barge \u00e9quip\u00e9e des syst\u00e8mes d&rsquo;\u00e9cumage, de la pompe \u00e0 boues, de la rampe oc\u00e9anique, de l&rsquo;\u00e9quipement de d\u00e9ploiement et des installations de communication n\u00e9cessaires pour fonctionner comme un navire d&rsquo;intervention en mer enti\u00e8rement certifi\u00e9. La barge d&rsquo;intervention en cas de d\u00e9versement d&rsquo;hydrocarbures fournit une plate-forme de travail stable et spacieuse pour les op\u00e9rations en mer. Les boues sont pomp\u00e9es des r\u00e9servoirs des navires vers la barge. La barge peut \u00eatre remorqu\u00e9e lors d&rsquo;un voyage en mer pour \u00eatre livr\u00e9e \u00e0 une base outre-mer.<\/p>\n<p><strong>D\u00e9chargement de d\u00e9chets de navire + Barge d&rsquo;intervention en cas de d\u00e9versement con\u00e7ue pour<\/strong><\/p>\n<ul>\n<li>Soutenir les solutions d&rsquo;\u00e9limination des eaux de lavage<\/li>\n<li>Op\u00e9rations de d\u00e9chargement des d\u00e9chets des navires<\/li>\n<li>Nettoyage de cuve de navire \u00e0 navire et op\u00e9rations d&rsquo;all\u00e8gement d&rsquo;urgence<\/li>\n<li>R\u00e9cup\u00e9ration du d\u00e9versement de p\u00e9trole de la mer avec un point d&rsquo;\u00e9clair inf\u00e9rieur \u00e0 60\u00b0C<\/li>\n<li>Intervention en cas de d\u00e9versement important ou faible en tant que point de collecte central pour les huiles r\u00e9cup\u00e9r\u00e9es des \u00e9cumeurs et des petits r\u00e9cipients de r\u00e9cup\u00e9ration ayant la capacit\u00e9 de d\u00e9canter de l&rsquo;eau propre directement dans l&rsquo;environnement sous l&rsquo;approbation\/la surveillance du gouvernement.<\/li>\n<\/ul>\n<p>La barge d&rsquo;intervention en cas de d\u00e9versement d&rsquo;hydrocarbures est une barge non propuls\u00e9e pour l&rsquo;industrie extrac\u00f4ti\u00e8re, qui convient pour le stockage et le transport des eaux us\u00e9es (provenant d&rsquo;autres navires ou d&rsquo;installations fixes) et qui est \u00e9quip\u00e9e pour la r\u00e9cup\u00e9ration des d\u00e9versements d&rsquo;hydrocarbures de la mer. Supposons que les op\u00e9rations de r\u00e9cup\u00e9ration du p\u00e9trole ne sont pas n\u00e9cessaires. Dans ce cas, l&rsquo;\u00e9quipement de r\u00e9cup\u00e9ration de l&rsquo;huile de d\u00e9versement peut \u00eatre retir\u00e9 de la zone du pont principal et rang\u00e9 dans la zone de l&rsquo;entrep\u00f4t : cela donne l&rsquo;utilisation de la barge comme une \u00ab barge \u00e0 toit plat \u00bb pour le fret sur le pont principal. La forme de la barge d&rsquo;intervention en cas de d\u00e9versement d&rsquo;hydrocarbures doit garantir un bon comportement lorsqu&rsquo;elle est pouss\u00e9e dans des conditions de mer glac\u00e9e, une bonne stabilit\u00e9 de route et un bon comportement en mer pendant le remorquage en eau libre.<\/p>\n<div class=\"wptm_table tablesorter-bootstrap \" data-id=\"81\" data-hightlight=\"0\"><div class=\"wptm_buttons buttons_wptmTbl81\"><\/div><div class=\"wptmresponsive dataTables-wptmtable wptmtable \" id=\"wptmtable81\" data-tableid=\"wptmTbl81\"><table data-count-header=\"1\"  data-format-decimal_count=\"0\" data-format-decimal_symbol=\".\" data-format-symbol_position=\"0\" data-format-thousand_symbol=\",\"  data-format-currency_symbol=\"$\"  data-name-style=\"81_1759811362.css\" data-format=\"YYYY-MM-DD\" id=\"wptmTbl81\" data-id=\"81\" data-responsive=\"false\" data-hideCols=\"false\"  data-type=\"html\" data-paging=\"false\" data-searching=\"true\"  data-ordering=\"false\" data-table-breakpoint=\"980\" data-scroll-x=\"true\" data-scroll-collapse=\"true\" data-align=\"center\" data-range=\"[]\" data-hideColumn=\"[0,0,0,0,0,0,0,0]\"  data-colwidths=\"[142,142,142,142,142,142,142,142]\"  data-colwidths_desktop=[]  data-colwidths_tablet=[]  data-colwidths_mobile=[]  class=\"wptm_main_table  disablePager hideScrollHeader\"><colgroup><col data-dtr=\"0\" data-dtc=\"0\" class=\"dtc0\"><col data-dtr=\"0\" data-dtc=\"1\" class=\"dtc1\"><col data-dtr=\"0\" data-dtc=\"2\" class=\"dtc2\"><col data-dtr=\"0\" data-dtc=\"3\" class=\"dtc3\"><col data-dtr=\"0\" data-dtc=\"4\" class=\"dtc4\"><col data-dtr=\"0\" data-dtc=\"5\" class=\"dtc5\"><col data-dtr=\"0\" data-dtc=\"6\" class=\"dtc6\"><col data-dtr=\"0\" data-dtc=\"7\" class=\"dtc7\"><\/colgroup><thead><tr class=\"wptm-header-cells-index\"><th rowspan=\"1\" colspan=\"1\" data-dtr=\"0\" data-dtc=\"0\" class=\"dtr0 dtc0\"><\/th><th rowspan=\"1\" colspan=\"1\" data-dtr=\"0\" data-dtc=\"1\" class=\"dtr0 dtc1\"><\/th><th rowspan=\"1\" colspan=\"1\" data-dtr=\"0\" data-dtc=\"2\" class=\"dtr0 dtc2\"><\/th><th rowspan=\"1\" colspan=\"1\" data-dtr=\"0\" data-dtc=\"3\" class=\"dtr0 dtc3\"><\/th><th rowspan=\"1\" colspan=\"1\" data-dtr=\"0\" data-dtc=\"4\" class=\"dtr0 dtc4\"><\/th><th rowspan=\"1\" colspan=\"1\" data-dtr=\"0\" data-dtc=\"5\" class=\"dtr0 dtc5\"><\/th><th rowspan=\"1\" colspan=\"1\" data-dtr=\"0\" data-dtc=\"6\" class=\"dtr0 dtc6\"><\/th><th rowspan=\"1\" colspan=\"1\" data-dtr=\"0\" data-dtc=\"7\" class=\"dtr0 dtc7\"><\/th><\/tr><tr class=\" row0\"><th   data-priority=\"0\" class=\"dtr0 dtc0\"><\/th><th   data-priority=\"0\" class=\"dtr0 dtc1\">Spill Barge 12<\/th><th   data-priority=\"0\" class=\"dtr0 dtc2\">Spill Barge 28<\/th><th   data-priority=\"0\" class=\"dtr0 dtc3\">Spill Barge 40<\/th><th   data-priority=\"0\" class=\"dtr0 dtc4\">Spill Barge 50<\/th><th   data-priority=\"0\" class=\"dtr0 dtc5\">Spill Barge 60<\/th><th   data-priority=\"0\" class=\"dtr0 dtc6\">Spill Barge 70<\/th><th   data-priority=\"0\" class=\"dtr0 dtc7\">Spill Barge 80<\/th><\/thead><tbody><tr class=\" row1\"><td    class=\"dtr1 dtc0\">Material<\/td><td  colspan=\"7\"   class=\"dtr1 dtc1\">Aluminium ( Optional ) | Steel ( Standard )<\/td><td  style=\"display: none\"   class=\"dtr1 dtc2\"><\/td><td  style=\"display: none\"   class=\"dtr1 dtc3\"><\/td><td  style=\"display: none\"   class=\"dtr1 dtc4\"><\/td><td  style=\"display: none\"   class=\"dtr1 dtc5\"><\/td><td  style=\"display: none\"   class=\"dtr1 dtc6\"><\/td><td  style=\"display: none\"   class=\"dtr1 dtc7\"><\/td><\/tr><tr class=\" row2\"><td    class=\"dtr2 dtc0\">Length<\/td><td    class=\"dtr2 dtc1\">12 m<\/td><td    class=\"dtr2 dtc2\">28 m<\/td><td    class=\"dtr2 dtc3\">40 m<\/td><td    class=\"dtr2 dtc4\">50 m<\/td><td    class=\"dtr2 dtc5\">60 m<\/td><td    class=\"dtr2 dtc6\">70 m<\/td><td    class=\"dtr2 dtc7\">80 m<\/td><\/tr><tr class=\" row3\"><td    class=\"dtr3 dtc0\">Width<\/td><td    class=\"dtr3 dtc1\">2.4 m<\/td><td    class=\"dtr3 dtc2\">9 \/ 12 \/ 15 m<\/td><td    class=\"dtr3 dtc3\">12 \/ 15 \/ 17 \/20 m<\/td><td    class=\"dtr3 dtc4\">15 \/ 17 \/ 20 \/ 23 m<\/td><td    class=\"dtr3 dtc5\">17 \/ 20 \/ 23 \/ 26 m<\/td><td    class=\"dtr3 dtc6\">17 \/ 20 \/ 23 \/ 26 m<\/td><td    class=\"dtr3 dtc7\">17 \/ 20 \/ 23 \/ 26 m<\/td><\/tr><tr class=\" row4\"><td    class=\"dtr4 dtc0\">Depth<\/td><td    class=\"dtr4 dtc1\">2.8 m<\/td><td    class=\"dtr4 dtc2\">3 m<\/td><td    class=\"dtr4 dtc3\">4 m<\/td><td    class=\"dtr4 dtc4\">4 m<\/td><td    class=\"dtr4 dtc5\">4 m<\/td><td    class=\"dtr4 dtc6\">4 m<\/td><td    class=\"dtr4 dtc7\">4 m<\/td><\/tr><tr class=\" row5\"><td    class=\"dtr5 dtc0\">Oil Spill Capacity<\/td><td    class=\"dtr5 dtc1\">80 lt.<\/td><td    class=\"dtr5 dtc2\">0.5 \/ 0.8 \/ 1 T<\/td><td    class=\"dtr5 dtc3\">1.5 \/ 2 \/ 2.5 \/ 3 T<\/td><td    class=\"dtr5 dtc4\">2.5 \/ 3 \/ 3.5 \/ 4 T<\/td><td    class=\"dtr5 dtc5\">4 \/ 4.5 \/ 5.5 \/ 6 T<\/td><td    class=\"dtr5 dtc6\">4.5 \/ 5 \/ 6 \/ 6.8 T<\/td><td    class=\"dtr5 dtc7\">5 \/ 6 \/ 7 \/ 8 T<\/td><\/tr><tr class=\" row6\"><td    class=\"dtr6 dtc0\">Deck Load Capacity<\/td><td    class=\"dtr6 dtc1\">4 T \/m\u00b2<\/td><td    class=\"dtr6 dtc2\">6 \/ 10 \/ 20 T \/m\u00b2<\/td><td    class=\"dtr6 dtc3\">10 \/ 20 T \/m\u00b2<\/td><td    class=\"dtr6 dtc4\">10 \/ 20 T \/m\u00b2<\/td><td    class=\"dtr6 dtc5\">10 \/ 20 T \/m\u00b2<\/td><td    class=\"dtr6 dtc6\">20 T \/m\u00b2<\/td><td    class=\"dtr6 dtc7\">20 T \/m\u00b2<\/td><\/tr><\/tbody><tfoot><tr><td class=\"dtr6 dtc0\" style=\"height: 0;\"><\/td><td class=\"dtr6 dtc1\" style=\"height: 0;\"><\/td><td class=\"dtr6 dtc2\" style=\"height: 0;\"><\/td><td class=\"dtr6 dtc3\" style=\"height: 0;\"><\/td><td class=\"dtr6 dtc4\" style=\"height: 0;\"><\/td><td class=\"dtr6 dtc5\" style=\"height: 0;\"><\/td><td class=\"dtr6 dtc6\" style=\"height: 0;\"><\/td><td class=\"dtr6 dtc7\" style=\"height: 0;\"><\/td><\/tr><\/tfoot><\/table><\/div><style>#wptmtable81 .dataTables_wrapper > .dataTables_scroll {max-height:500px;overflow: auto;}<\/style><script>window.wptm_ajaxurl = 'https:\/\/mavideniz.com.tr\/wp-admin\/admin-ajax.php?juwpfisadmin=false&action=Wptm&'; window.wptm_front = 'https:\/\/mavideniz.com.tr\/wp-content\/plugins\/wp-table-manager\/app\/site\/assets\/'; window.wptm_style = 'https:\/\/mavideniz.com.tr\/wp-content\/uploads\/wptm\/';<\/script><\/div><style><\/style>\n","protected":false},"excerpt":{"rendered":"<p>La barge de d\u00e9chargement et d&rsquo;intervention en cas de d\u00e9versement est une barge non automotrice de stockage et de transport [&hellip;]<\/p>\n","protected":false},"author":1,"featured_media":0,"parent":41223,"menu_order":0,"comment_status":"closed","ping_status":"closed","template":"","meta":{"site-sidebar-layout":"default","site-content-layout":"","ast-site-content-layout":"default","site-content-style":"default","site-sidebar-style":"default","ast-global-header-display":"","ast-banner-title-visibility":"","ast-main-header-display":"","ast-hfb-above-header-display":"","ast-hfb-below-header-display":"","ast-hfb-mobile-header-display":"","site-post-title":"","ast-breadcrumbs-content":"","ast-featured-img":"","footer-sml-layout":"","ast-disable-related-posts":"","theme-transparent-header-meta":"","adv-header-id-meta":"","stick-header-meta":"","header-above-stick-meta":"","header-main-stick-meta":"","header-below-stick-meta":"","astra-migrate-meta-layouts":"default","ast-page-background-enabled":"default","ast-page-background-meta":{"desktop":{"background-color":"var(--ast-global-color-5)","background-image":"","background-repeat":"repeat","background-position":"center center","background-size":"auto","background-attachment":"scroll","background-type":"","background-media":"","overlay-type":"","overlay-color":"","overlay-opacity":"","overlay-gradient":""},"tablet":{"background-color":"","background-image":"","background-repeat":"repeat","background-position":"center center","background-size":"auto","background-attachment":"scroll","background-type":"","background-media":"","overlay-type":"","overlay-color":"","overlay-opacity":"","overlay-gradient":""},"mobile":{"background-color":"","background-image":"","background-repeat":"repeat","background-position":"center center","background-size":"auto","background-attachment":"scroll","background-type":"","background-media":"","overlay-type":"","overlay-color":"","overlay-opacity":"","overlay-gradient":""}},"ast-content-background-meta":{"desktop":{"background-color":"var(--ast-global-color-4)","background-image":"","background-repeat":"repeat","background-position":"center center","background-size":"auto","background-attachment":"scroll","background-type":"","background-media":"","overlay-type":"","overlay-color":"","overlay-opacity":"","overlay-gradient":""},"tablet":{"background-color":"var(--ast-global-color-4)","background-image":"","background-repeat":"repeat","background-position":"center center","background-size":"auto","background-attachment":"scroll","background-type":"","background-media":"","overlay-type":"","overlay-color":"","overlay-opacity":"","overlay-gradient":""},"mobile":{"background-color":"var(--ast-global-color-4)","background-image":"","background-repeat":"repeat","background-position":"center center","background-size":"auto","background-attachment":"scroll","background-type":"","background-media":"","overlay-type":"","overlay-color":"","overlay-opacity":"","overlay-gradient":""}},"footnotes":""},"class_list":["post-41257","page","type-page","status-publish","hentry"],"_links":{"self":[{"href":"https:\/\/mavideniz.com.tr\/fr\/wp-json\/wp\/v2\/pages\/41257","targetHints":{"allow":["GET"]}}],"collection":[{"href":"https:\/\/mavideniz.com.tr\/fr\/wp-json\/wp\/v2\/pages"}],"about":[{"href":"https:\/\/mavideniz.com.tr\/fr\/wp-json\/wp\/v2\/types\/page"}],"author":[{"embeddable":true,"href":"https:\/\/mavideniz.com.tr\/fr\/wp-json\/wp\/v2\/users\/1"}],"replies":[{"embeddable":true,"href":"https:\/\/mavideniz.com.tr\/fr\/wp-json\/wp\/v2\/comments?post=41257"}],"version-history":[{"count":0,"href":"https:\/\/mavideniz.com.tr\/fr\/wp-json\/wp\/v2\/pages\/41257\/revisions"}],"up":[{"embeddable":true,"href":"https:\/\/mavideniz.com.tr\/fr\/wp-json\/wp\/v2\/pages\/41223"}],"wp:attachment":[{"href":"https:\/\/mavideniz.com.tr\/fr\/wp-json\/wp\/v2\/media?parent=41257"}],"curies":[{"name":"wp","href":"https:\/\/api.w.org\/{rel}","templated":true}]}}