{"id":41266,"date":"2022-10-23T21:41:10","date_gmt":"2022-10-23T21:41:10","guid":{"rendered":"https:\/\/mavideniz.com.tr\/?page_id=41266"},"modified":"2022-10-23T21:41:13","modified_gmt":"2022-10-23T21:41:13","slug":"pecherie-navire-de-recherche-oceanographique","status":"publish","type":"page","link":"https:\/\/mavideniz.com.tr\/fr\/navires-bateaux\/navire-de-recherche\/pecherie-navire-de-recherche-oceanographique\/","title":{"rendered":"P\u00eacherie + Navire de recherche oc\u00e9anographique"},"content":{"rendered":"\n<p>Mavi Deniz Fishery + Oceanographic Research Vaisseau con\u00e7u pour faire la cartographie de l&rsquo;habitat + \u00e9tudes de la biodiversit\u00e9, plong\u00e9e scientifique et photographie sous-marine + vid\u00e9oCasts, surveillance environnementale + recherche sur l&rsquo;oc\u00e9anographie + recherche sur les p\u00eaches + recherche environnementale + \u00e9valuation des stocks de poissons + climat &#8211; sciences atmosph\u00e9riques et \u00e9galement \u00e9quip\u00e9 pour effectuer la surveillance des ressources, des enqu\u00eates oc\u00e9anographiques et environnementales, des enqu\u00eates sur les \u00e9cosyst\u00e8mes, la cartographie de l&rsquo;habitat de fond, chalutage p\u00e9lagique et d\u00e9mersal, conductivit\u00e9 \/ temp\u00e9rature \/ profondeur (CTD) \u00e9chantillonnage de l&rsquo;eau, \u00e9chosondeurs \u00e0 faisceau unique et multi-faisceaux, l&rsquo;enregistrement int\u00e9gr\u00e9 des donn\u00e9es, r\u00e9cup\u00e9ration de p\u00e9trole et remorquage d&rsquo;urgence dans les eaux marines nationales et internationales selon les exigences de classe et drapeau. Nous pouvons organiser la conception du navire de recherche halieutique et oc\u00e9anographique en fonction de votre profil op\u00e9rationnel et de vos besoins.<\/p>\n<p>Dans le cadre de la recherche halieutique et oc\u00e9anographique standard, le navire a des moteurs diesel comme moteur bicarburant en option. Elle peut br\u00fbler des combustibles marins liquides conventionnels tels que le mazout l\u00e9ger (LFO), le mazout lourd (HFO), le biocarburant liquide ou le GNL. Il peut passer d&rsquo;un carburant \u00e0 l&rsquo;autre sans perte de puissance et de vitesse.<\/p>\n<p>Nous travaillons avec les meilleurs concepteurs et scientifiques dans le monde parce que ce navire de recherche a d&rsquo;excellentes performances hydrodynamiques, des laboratoires modernes, des zones de travail calmes, et suffisamment d&rsquo;\u00e9quipement de manipulation d&rsquo;utilisation avec une excellente tenue de la mer et une plate-forme stable qui a le syst\u00e8me de positionnement dynamique, assurant une manoeuvre et un positionnement sup\u00e9rieurs pour une performance optimale des capteurs scientifiques. Mat\u00e9riaux uniques + produits choisis pour r\u00e9duire le bruit \u00e0 bord et sous-marin avec un grand pont de travail pour les op\u00e9rations et la production. Les composants de la machine seront mont\u00e9s de mani\u00e8re \u00e9lastique pour minimiser le bruit et les vibrations.<\/p>\n<p>Apr\u00e8s avoir livr\u00e9 le navire de recherche halieutique et oc\u00e9anographique, vous verrez la m\u00eame performance et la m\u00eame qualit\u00e9 des ann\u00e9es et des ann\u00e9es plus tard, aucun changement ; il y a une raison de capturer la performance et la qualit\u00e9 ; nous ne choisissons pas des produits bon march\u00e9 ; nous choisissons le meilleur mat\u00e9riel et les produits pour construire le navire de recherche, et \u00e9galement s\u00e9lectionner les meilleurs travailleurs, ing\u00e9nieurs.<\/p>\n<p><strong>Caract\u00e9ristiques<\/strong><\/p>\n<ul>\n<li>Capacit\u00e9s de remorquage \u00e9lev\u00e9es pour la recherche sismique<\/li>\n<li>Op\u00e9ration silencieuse pour les navires de p\u00eache<\/li>\n<li>Fonctionner \u00e0 basse temp\u00e9rature,<\/li>\n<li>Tirant d&rsquo;eau peu profond<\/li>\n<li>Oc\u00e9anographie physique, chimique et biologique<\/li>\n<\/ul>\n<p><strong>H\u00e9bergement + Communication | Facultatif<\/strong><\/p>\n<ul>\n<li>Salle de d\u00e9sordre<\/li>\n<li>Salle VIP<\/li>\n<li>Rencontre<\/li>\n<li>Chambre\/ salon<\/li>\n<li>H\u00f4pital<\/li>\n<li>Blanchisserie<\/li>\n<li>Gymnase<\/li>\n<li>PC Lab &amp; LAN &amp; Acc\u00e8s sans fil + Communication 4g haute capacit\u00e9 + Communication par satellite<\/li>\n<li>r\u00e9seau de donn\u00e9es scientifiques<\/li>\n<li>Acc\u00e8s m\u00e9dia en temps r\u00e9el \u00e0 bord pour l&rsquo;observation sous-marine<\/li>\n<\/ul>\n<p><strong>Espace De Travail | Facultatif<\/strong><\/p>\n<ul>\n<li>Laboratoire Humide.<\/li>\n<li>Laboratoire CTD<\/li>\n<li>Laboratoire Bio-G\u00e9ochimique.<\/li>\n<li>Laboratoire Sec<\/li>\n<li>Laboratoire d&rsquo;incubation.<\/li>\n<li>Laboratoire Principal<\/li>\n<li>Laboratoire Informatique<\/li>\n<li>R\u00e9frig\u00e9rateur Scientifique<\/li>\n<li>Bureau De Pont<\/li>\n<li>Bureau D&rsquo;Enqu\u00eate<\/li>\n<li>Salle D&rsquo;\u00c9quipement<\/li>\n<\/ul>\n<p><strong>MACHINES DE PONT | Facultatif<\/strong><\/p>\n<ul>\n<li>treuil d&rsquo;amarrage d&rsquo;ancrage<\/li>\n<li>Capstans<\/li>\n<li>Cadre en A &#8211; lat\u00e9ral ou arri\u00e8re<\/li>\n<li>Tambour \u00e0 filet fendu<\/li>\n<li>F\u00fbt en r\u00e9sille<\/li>\n<li>Treuils de chalut<\/li>\n<li>treuil \u00e0 benne preneuse<\/li>\n<li>\u00c9chantillonnage de plancton &#8211; vertical + remorqu\u00e9<\/li>\n<li>Treuil (c\u00e2ble coaxial + ombilical + fil d&rsquo;acier)<\/li>\n<li>Grue De Pont<\/li>\n<li>CTD &#8211; Davit + Treuil<\/li>\n<li>\u00c9chantillonneur De Vibrocarottes<\/li>\n<li>Plate-Forme \u00c9scalier + Plate-Forme Arri\u00e8re<\/li>\n<\/ul>\n<p><strong>\u00c9quipement et syst\u00e8me de p\u00eache et d&rsquo;oc\u00e9anographie | Facultatif<\/strong><\/p>\n<ul>\n<li>\u00c9cho-sondeur Scientifique Peu Profond ( Eau + Mer Profonde ) + Multifaisceau + Faisceau Unique<\/li>\n<li>Vitesse Du Son @ T\u00eate + Sonde<\/li>\n<li>Station de mesure de la pollution atmosph\u00e9rique<\/li>\n<li>sonar lat\u00e9ral<\/li>\n<li>Sous-profileur inf\u00e9rieur<\/li>\n<li>Syst\u00e8me de surveillance du chalut<\/li>\n<li>syst\u00e8me SONAR \u00e0 ultra-courte ligne de base<\/li>\n<li>Enregistrement Num\u00e9rique<\/li>\n<li>Station m\u00e9t\u00e9orologique<\/li>\n<li>\u00c9chantillonnage Des Fonds Marins<\/li>\n<li>CPT + Vibrocorer<\/li>\n<li>syst\u00e8me CTD<\/li>\n<li>ADCP<\/li>\n<li>Diagraphie \u00c9lectromagn\u00e9tique<\/li>\n<li>Syst\u00e8me de positionnement acoustique<\/li>\n<li>syst\u00e8me de gestion des donn\u00e9es marines<\/li>\n<li>syst\u00e8me de r\u00e9f\u00e9rence de mouvement<\/li>\n<li>Rosette \u00c0 \u00c9chantillons Multiples<\/li>\n<li>Syst\u00e8me de drague \u00e0 s\u00e9diments<\/li>\n<li>ROV<\/li>\n<\/ul>\n<div class=\"wptm_table tablesorter-bootstrap \" data-id=\"70\" data-hightlight=\"0\"><div class=\"wptm_buttons buttons_wptmTbl70\"><\/div><div class=\"wptmresponsive dataTables-wptmtable wptmtable \" id=\"wptmtable70\" data-tableid=\"wptmTbl70\"><table data-count-header=\"1\"  data-format-decimal_count=\"0\" data-format-decimal_symbol=\".\" data-format-symbol_position=\"0\" data-format-thousand_symbol=\",\"  data-format-currency_symbol=\"$\"  data-name-style=\"70_1759812801.css\" data-format=\"YYYY-MM-DD\" id=\"wptmTbl70\" data-id=\"70\" data-responsive=\"false\" data-hideCols=\"false\"  data-type=\"html\" data-paging=\"false\" data-searching=\"true\"  data-ordering=\"false\" data-table-breakpoint=\"980\" data-scroll-x=\"true\" data-scroll-collapse=\"true\" data-align=\"center\" data-range=\"[]\" data-hideColumn=\"[0,0,0,0,0,0,0,0]\"  data-colwidths=\"[142,142,142,142,142,142,142,142]\"  data-colwidths_desktop=[]  data-colwidths_tablet=[]  data-colwidths_mobile=[]  class=\"wptm_main_table  disablePager hideScrollHeader\"><colgroup><col data-dtr=\"0\" data-dtc=\"0\" class=\"dtc0\"><col data-dtr=\"0\" data-dtc=\"1\" class=\"dtc1\"><col data-dtr=\"0\" data-dtc=\"2\" class=\"dtc2\"><col data-dtr=\"0\" data-dtc=\"3\" class=\"dtc3\"><col data-dtr=\"0\" data-dtc=\"4\" class=\"dtc4\"><col data-dtr=\"0\" data-dtc=\"5\" class=\"dtc5\"><col data-dtr=\"0\" data-dtc=\"6\" class=\"dtc6\"><col data-dtr=\"0\" data-dtc=\"7\" class=\"dtc7\"><\/colgroup><thead><tr class=\"wptm-header-cells-index\"><th rowspan=\"1\" colspan=\"1\" data-dtr=\"0\" data-dtc=\"0\" class=\"dtr0 dtc0\"><\/th><th rowspan=\"1\" colspan=\"1\" data-dtr=\"0\" data-dtc=\"1\" class=\"dtr0 dtc1\"><\/th><th rowspan=\"1\" colspan=\"1\" data-dtr=\"0\" data-dtc=\"2\" class=\"dtr0 dtc2\"><\/th><th rowspan=\"1\" colspan=\"1\" data-dtr=\"0\" data-dtc=\"3\" class=\"dtr0 dtc3\"><\/th><th rowspan=\"1\" colspan=\"1\" data-dtr=\"0\" data-dtc=\"4\" class=\"dtr0 dtc4\"><\/th><th rowspan=\"1\" colspan=\"1\" data-dtr=\"0\" data-dtc=\"5\" class=\"dtr0 dtc5\"><\/th><th rowspan=\"1\" colspan=\"1\" data-dtr=\"0\" data-dtc=\"6\" class=\"dtr0 dtc6\"><\/th><th rowspan=\"1\" colspan=\"1\" data-dtr=\"0\" data-dtc=\"7\" class=\"dtr0 dtc7\"><\/th><\/tr><tr class=\" row0\"><th   data-priority=\"0\" class=\"dtr0 dtc0\"><\/th><th   data-priority=\"0\" class=\"dtr0 dtc1\">Research 24<\/th><th   data-priority=\"0\" class=\"dtr0 dtc2\">Research 28<\/th><th   data-priority=\"0\" class=\"dtr0 dtc3\">Research 32<\/th><th   data-priority=\"0\" class=\"dtr0 dtc4\">Research 36<\/th><th   data-priority=\"0\" class=\"dtr0 dtc5\">Research 40<\/th><th   data-priority=\"0\" class=\"dtr0 dtc6\">Research 65<\/th><th   data-priority=\"0\" class=\"dtr0 dtc7\">Research 76<\/th><\/thead><tbody><tr class=\" row1\"><td    class=\"dtr1 dtc0\">Length (m)<\/td><td    class=\"dtr1 dtc1\">24<\/td><td    class=\"dtr1 dtc2\">28<\/td><td    class=\"dtr1 dtc3\">32<\/td><td    class=\"dtr1 dtc4\">36<\/td><td    class=\"dtr1 dtc5\">40<\/td><td    class=\"dtr1 dtc6\">65<\/td><td    class=\"dtr1 dtc7\">76<\/td><\/tr><tr class=\" row2\"><td    class=\"dtr2 dtc0\">Beam (m)<\/td><td    class=\"dtr2 dtc1\">6<\/td><td    class=\"dtr2 dtc2\">8<\/td><td    class=\"dtr2 dtc3\">8<\/td><td    class=\"dtr2 dtc4\">9<\/td><td    class=\"dtr2 dtc5\">10<\/td><td    class=\"dtr2 dtc6\">15<\/td><td    class=\"dtr2 dtc7\">16<\/td><\/tr><tr class=\" row3\"><td    class=\"dtr3 dtc0\">Draft (m)<\/td><td    class=\"dtr3 dtc1\">1-Jun<\/td><td    class=\"dtr3 dtc2\">2<\/td><td    class=\"dtr3 dtc3\">2-May<\/td><td    class=\"dtr3 dtc4\">3<\/td><td    class=\"dtr3 dtc5\">3-Apr<\/td><td    class=\"dtr3 dtc6\">3.5<\/td><td    class=\"dtr3 dtc7\">4.3<\/td><\/tr><tr class=\" row4\"><td    class=\"dtr4 dtc0\">Hull<\/td><td  colspan=\"7\"   class=\"dtr4 dtc1\">Mono Hull (Standard) | Catamaran Hull (Optional)<\/td><td  style=\"display: none\"   class=\"dtr4 dtc2\"><\/td><td  style=\"display: none\"   class=\"dtr4 dtc3\"><\/td><td  style=\"display: none\"   class=\"dtr4 dtc4\"><\/td><td  style=\"display: none\"   class=\"dtr4 dtc5\"><\/td><td  style=\"display: none\"   class=\"dtr4 dtc6\"><\/td><td  style=\"display: none\"   class=\"dtr4 dtc7\"><\/td><\/tr><tr class=\" row5\"><td    class=\"dtr5 dtc0\">Material<\/td><td  colspan=\"7\"   class=\"dtr5 dtc1\">Steel (Standard) | Marine Grade Aluminium (Optional)<\/td><td  style=\"display: none\"   class=\"dtr5 dtc2\"><\/td><td  style=\"display: none\"   class=\"dtr5 dtc3\"><\/td><td  style=\"display: none\"   class=\"dtr5 dtc4\"><\/td><td  style=\"display: none\"   class=\"dtr5 dtc5\"><\/td><td  style=\"display: none\"   class=\"dtr5 dtc6\"><\/td><td  style=\"display: none\"   class=\"dtr5 dtc7\"><\/td><\/tr><tr class=\" row6\"><td    class=\"dtr6 dtc0\">Propellers<\/td><td  colspan=\"7\"   class=\"dtr6 dtc1\">Fixed Pitch ( Standard )<\/td><td  style=\"display: none\"   class=\"dtr6 dtc2\"><\/td><td  style=\"display: none\"   class=\"dtr6 dtc3\"><\/td><td  style=\"display: none\"   class=\"dtr6 dtc4\"><\/td><td  style=\"display: none\"   class=\"dtr6 dtc5\"><\/td><td  style=\"display: none\"   class=\"dtr6 dtc6\"><\/td><td  style=\"display: none\"   class=\"dtr6 dtc7\"><\/td><\/tr><tr class=\" row7\"><td    class=\"dtr7 dtc0\">Speed (knots)<\/td><td  colspan=\"7\"   class=\"dtr7 dtc1\">Min 10 - 15 Knots<\/td><td  style=\"display: none\"   class=\"dtr7 dtc2\"><\/td><td  style=\"display: none\"   class=\"dtr7 dtc3\"><\/td><td  style=\"display: none\"   class=\"dtr7 dtc4\"><\/td><td  style=\"display: none\"   class=\"dtr7 dtc5\"><\/td><td  style=\"display: none\"   class=\"dtr7 dtc6\"><\/td><td  style=\"display: none\"   class=\"dtr7 dtc7\"><\/td><\/tr><\/tbody><tfoot><tr><td class=\"dtr7 dtc0\" style=\"height: 0;\"><\/td><td class=\"dtr7 dtc1\" style=\"height: 0;\"><\/td><td class=\"dtr7 dtc2\" style=\"height: 0;\"><\/td><td class=\"dtr7 dtc3\" style=\"height: 0;\"><\/td><td class=\"dtr7 dtc4\" style=\"height: 0;\"><\/td><td class=\"dtr7 dtc5\" style=\"height: 0;\"><\/td><td class=\"dtr7 dtc6\" style=\"height: 0;\"><\/td><td class=\"dtr7 dtc7\" style=\"height: 0;\"><\/td><\/tr><\/tfoot><\/table><\/div><style>#wptmtable70 .dataTables_wrapper > .dataTables_scroll {max-height:500px;overflow: auto;}<\/style><script>window.wptm_ajaxurl = 'https:\/\/mavideniz.com.tr\/wp-admin\/admin-ajax.php?juwpfisadmin=false&action=Wptm&'; window.wptm_front = 'https:\/\/mavideniz.com.tr\/wp-content\/plugins\/wp-table-manager\/app\/site\/assets\/'; window.wptm_style = 'https:\/\/mavideniz.com.tr\/wp-content\/uploads\/wptm\/';<\/script><\/div><style><\/style>\n","protected":false},"excerpt":{"rendered":"<p>Mavi Deniz Fishery + Oceanographic Research Vaisseau con\u00e7u pour faire la cartographie de l&rsquo;habitat + \u00e9tudes de la biodiversit\u00e9, plong\u00e9e [&hellip;]<\/p>\n","protected":false},"author":1,"featured_media":0,"parent":41261,"menu_order":0,"comment_status":"closed","ping_status":"closed","template":"","meta":{"site-sidebar-layout":"default","site-content-layout":"","ast-site-content-layout":"default","site-content-style":"default","site-sidebar-style":"default","ast-global-header-display":"","ast-banner-title-visibility":"","ast-main-header-display":"","ast-hfb-above-header-display":"","ast-hfb-below-header-display":"","ast-hfb-mobile-header-display":"","site-post-title":"","ast-breadcrumbs-content":"","ast-featured-img":"","footer-sml-layout":"","ast-disable-related-posts":"","theme-transparent-header-meta":"","adv-header-id-meta":"","stick-header-meta":"","header-above-stick-meta":"","header-main-stick-meta":"","header-below-stick-meta":"","astra-migrate-meta-layouts":"default","ast-page-background-enabled":"default","ast-page-background-meta":{"desktop":{"background-color":"var(--ast-global-color-5)","background-image":"","background-repeat":"repeat","background-position":"center center","background-size":"auto","background-attachment":"scroll","background-type":"","background-media":"","overlay-type":"","overlay-color":"","overlay-opacity":"","overlay-gradient":""},"tablet":{"background-color":"","background-image":"","background-repeat":"repeat","background-position":"center center","background-size":"auto","background-attachment":"scroll","background-type":"","background-media":"","overlay-type":"","overlay-color":"","overlay-opacity":"","overlay-gradient":""},"mobile":{"background-color":"","background-image":"","background-repeat":"repeat","background-position":"center center","background-size":"auto","background-attachment":"scroll","background-type":"","background-media":"","overlay-type":"","overlay-color":"","overlay-opacity":"","overlay-gradient":""}},"ast-content-background-meta":{"desktop":{"background-color":"var(--ast-global-color-4)","background-image":"","background-repeat":"repeat","background-position":"center center","background-size":"auto","background-attachment":"scroll","background-type":"","background-media":"","overlay-type":"","overlay-color":"","overlay-opacity":"","overlay-gradient":""},"tablet":{"background-color":"var(--ast-global-color-4)","background-image":"","background-repeat":"repeat","background-position":"center center","background-size":"auto","background-attachment":"scroll","background-type":"","background-media":"","overlay-type":"","overlay-color":"","overlay-opacity":"","overlay-gradient":""},"mobile":{"background-color":"var(--ast-global-color-4)","background-image":"","background-repeat":"repeat","background-position":"center center","background-size":"auto","background-attachment":"scroll","background-type":"","background-media":"","overlay-type":"","overlay-color":"","overlay-opacity":"","overlay-gradient":""}},"footnotes":""},"class_list":["post-41266","page","type-page","status-publish","hentry"],"_links":{"self":[{"href":"https:\/\/mavideniz.com.tr\/fr\/wp-json\/wp\/v2\/pages\/41266","targetHints":{"allow":["GET"]}}],"collection":[{"href":"https:\/\/mavideniz.com.tr\/fr\/wp-json\/wp\/v2\/pages"}],"about":[{"href":"https:\/\/mavideniz.com.tr\/fr\/wp-json\/wp\/v2\/types\/page"}],"author":[{"embeddable":true,"href":"https:\/\/mavideniz.com.tr\/fr\/wp-json\/wp\/v2\/users\/1"}],"replies":[{"embeddable":true,"href":"https:\/\/mavideniz.com.tr\/fr\/wp-json\/wp\/v2\/comments?post=41266"}],"version-history":[{"count":0,"href":"https:\/\/mavideniz.com.tr\/fr\/wp-json\/wp\/v2\/pages\/41266\/revisions"}],"up":[{"embeddable":true,"href":"https:\/\/mavideniz.com.tr\/fr\/wp-json\/wp\/v2\/pages\/41261"}],"wp:attachment":[{"href":"https:\/\/mavideniz.com.tr\/fr\/wp-json\/wp\/v2\/media?parent=41266"}],"curies":[{"name":"wp","href":"https:\/\/api.w.org\/{rel}","templated":true}]}}